{"id":113,"date":"2022-09-19T12:10:01","date_gmt":"2022-09-19T10:10:01","guid":{"rendered":"https:\/\/tibladin.dk\/?page_id=113"},"modified":"2022-10-20T11:04:35","modified_gmt":"2022-10-20T09:04:35","slug":"meine-favoriten","status":"publish","type":"page","link":"https:\/\/tibladin.dk\/de\/mine-favoritter\/","title":{"rendered":"Meine Favoriten"},"content":{"rendered":"<div id=\"commercekit-wishlist-shortcode\" class=\"woocommerce\">\n\t\n\t<div class=\"commercekit-wishlist\"><\/div>\n\t<ul class=\"commercekit-wishlist-list products columns-4\">\n\t\t\n\t\t\t<li class=\"wsl-no-products\">\n\t\t\t\t<p class=\"wsl-no-icon\">\n\t\t\t\t\t<svg viewbox=\"0 0 24 24\" fill=\"none\" xmlns=\"http:\/\/www.w3.org\/2000\/svg\"><path d=\"M4.31802 6.31802C2.56066 8.07538 2.56066 10.9246 4.31802 12.682L12.0001 20.364L19.682 12.682C21.4393 10.9246 21.4393 8.07538 19.682 6.31802C17.9246 4.56066 15.0754 4.56066 13.318 6.31802L12.0001 7.63609L10.682 6.31802C8.92462 4.56066 6.07538 4.56066 4.31802 6.31802Z\" stroke=\"#EDEDED\" stroke-width=\"1\" stroke-linecap=\"round\" stroke-linejoin=\"round\"><\/path><\/svg><\/p>\n\t\t\t\t<h2 class=\"wsl-no-title\">Diese Wunschliste ist leer.<\/h2>\n\t\t\t\t<p class=\"wsl-no-desc\">Ihre Wunschliste ist derzeit leer. Entdecken Sie eine Vielzahl spannender Produkte auf unserer Shop-Seite!<\/p>\n\t\t\t\t<a href=\"https:\/\/tibladin.dk\/de\/shop\/\" class=\"button wsl-no-shop\">Zur\u00fcck zum Shop<\/a>\n\t\t\t<\/li>\t<\/ul> \n\t\t\t<\/div>","protected":false},"excerpt":{"rendered":"Diese Wunschliste ist leer. Ihre Wunschliste ist derzeit leer. Entdecken Sie eine Vielzahl spannender Produkte auf unserer Shop-Seite! Zur\u00fcck zum Shop","protected":false},"author":1,"featured_media":0,"parent":0,"menu_order":0,"comment_status":"closed","ping_status":"closed","template":"template-fullwidth.php","meta":{"inline_featured_image":false,"footnotes":""},"class_list":["post-113","page","type-page","status-publish","hentry"],"yoast_head":"<!-- This site is optimized with the Yoast SEO plugin v27.4 - https:\/\/yoast.com\/product\/yoast-seo-wordpress\/ -->\n<title>Mine favoritter | Tibladin<\/title>\n<meta name=\"description\" content=\"F\u00e5 en oversigt over dine favoritter og yndlings produkter. Ser du noget l\u00e6kkert inde p\u00e5 vores shop, kan du &quot;like&quot; det og gemme det til senere\" \/>\n<meta name=\"robots\" content=\"index, follow, max-snippet:-1, max-image-preview:large, max-video-preview:-1\" \/>\n<link rel=\"canonical\" href=\"https:\/\/tibladin.dk\/de\/meine-favoriten\/\" \/>\n<meta property=\"og:locale\" content=\"de_DE\" \/>\n<meta property=\"og:type\" content=\"article\" \/>\n<meta property=\"og:title\" content=\"Mine favoritter | Tibladin\" \/>\n<meta property=\"og:description\" content=\"F\u00e5 en oversigt over dine favoritter og yndlings produkter. Ser du noget l\u00e6kkert inde p\u00e5 vores shop, kan du &quot;like&quot; det og gemme det til senere\" \/>\n<meta property=\"og:url\" content=\"https:\/\/tibladin.dk\/de\/meine-favoriten\/\" \/>\n<meta property=\"og:site_name\" content=\"Tibladin\" \/>\n<meta property=\"article:modified_time\" content=\"2022-10-20T09:04:35+00:00\" \/>\n<meta name=\"twitter:card\" content=\"summary_large_image\" \/>\n<meta name=\"twitter:label1\" content=\"Gesch\u00e4tzte Lesezeit\" \/>\n\t<meta name=\"twitter:data1\" content=\"1\u00a0Minute\" \/>\n<script type=\"application\/ld+json\" class=\"yoast-schema-graph\">{\"@context\":\"https:\\\/\\\/schema.org\",\"@graph\":[{\"@type\":\"WebPage\",\"@id\":\"https:\\\/\\\/tibladin.dk\\\/mine-favoritter\\\/\",\"url\":\"https:\\\/\\\/tibladin.dk\\\/mine-favoritter\\\/\",\"name\":\"Mine favoritter | Tibladin\",\"isPartOf\":{\"@id\":\"https:\\\/\\\/tibladin.dk\\\/#website\"},\"datePublished\":\"2022-09-19T10:10:01+00:00\",\"dateModified\":\"2022-10-20T09:04:35+00:00\",\"description\":\"F\u00e5 en oversigt over dine favoritter og yndlings produkter. Ser du noget l\u00e6kkert inde p\u00e5 vores shop, kan du \\\"like\\\" det og gemme det til senere\",\"breadcrumb\":{\"@id\":\"https:\\\/\\\/tibladin.dk\\\/mine-favoritter\\\/#breadcrumb\"},\"inLanguage\":\"de\",\"potentialAction\":[{\"@type\":\"ReadAction\",\"target\":[\"https:\\\/\\\/tibladin.dk\\\/mine-favoritter\\\/\"]}]},{\"@type\":\"BreadcrumbList\",\"@id\":\"https:\\\/\\\/tibladin.dk\\\/mine-favoritter\\\/#breadcrumb\",\"itemListElement\":[{\"@type\":\"ListItem\",\"position\":1,\"name\":\"Hjem\",\"item\":\"https:\\\/\\\/tibladin.dk\\\/\"},{\"@type\":\"ListItem\",\"position\":2,\"name\":\"Mine favoritter\"}]},{\"@type\":\"WebSite\",\"@id\":\"https:\\\/\\\/tibladin.dk\\\/#website\",\"url\":\"https:\\\/\\\/tibladin.dk\\\/\",\"name\":\"Tibladin\",\"description\":\"Tibladin\",\"publisher\":{\"@id\":\"https:\\\/\\\/tibladin.dk\\\/#organization\"},\"potentialAction\":[{\"@type\":\"SearchAction\",\"target\":{\"@type\":\"EntryPoint\",\"urlTemplate\":\"https:\\\/\\\/tibladin.dk\\\/?s={search_term_string}\"},\"query-input\":{\"@type\":\"PropertyValueSpecification\",\"valueRequired\":true,\"valueName\":\"search_term_string\"}}],\"inLanguage\":\"de\"},{\"@type\":\"Organization\",\"@id\":\"https:\\\/\\\/tibladin.dk\\\/#organization\",\"name\":\"Tibladin\",\"url\":\"https:\\\/\\\/tibladin.dk\\\/\",\"logo\":{\"@type\":\"ImageObject\",\"inLanguage\":\"de\",\"@id\":\"https:\\\/\\\/tibladin.dk\\\/#\\\/schema\\\/logo\\\/image\\\/\",\"url\":\"https:\\\/\\\/tibladin.dk\\\/wp-content\\\/uploads\\\/2022\\\/09\\\/tibladin_logo.svg\",\"contentUrl\":\"https:\\\/\\\/tibladin.dk\\\/wp-content\\\/uploads\\\/2022\\\/09\\\/tibladin_logo.svg\",\"caption\":\"Tibladin\"},\"image\":{\"@id\":\"https:\\\/\\\/tibladin.dk\\\/#\\\/schema\\\/logo\\\/image\\\/\"}}]}<\/script>\n<!-- \/ Yoast SEO plugin. -->","yoast_head_json":{"title":"Meine Favoriten | Tibladin","description":"Verschaffen Sie sich einen \u00dcberblick \u00fcber Ihre Favoriten und Lieblingsprodukte. Wenn Sie etwas Leckeres in unserem Shop sehen, k\u00f6nnen Sie es \u201eliken\u201c und f\u00fcr sp\u00e4ter speichern","robots":{"index":"index","follow":"follow","max-snippet":"max-snippet:-1","max-image-preview":"max-image-preview:large","max-video-preview":"max-video-preview:-1"},"canonical":"https:\/\/tibladin.dk\/de\/meine-favoriten\/","og_locale":"de_DE","og_type":"article","og_title":"Mine favoritter | Tibladin","og_description":"F\u00e5 en oversigt over dine favoritter og yndlings produkter. Ser du noget l\u00e6kkert inde p\u00e5 vores shop, kan du \"like\" det og gemme det til senere","og_url":"https:\/\/tibladin.dk\/de\/meine-favoriten\/","og_site_name":"Tibladin","article_modified_time":"2022-10-20T09:04:35+00:00","twitter_card":"summary_large_image","twitter_misc":{"Gesch\u00e4tzte Lesezeit":"1\u00a0Minute"},"schema":{"@context":"https:\/\/schema.org","@graph":[{"@type":"WebPage","@id":"https:\/\/tibladin.dk\/mine-favoritter\/","url":"https:\/\/tibladin.dk\/mine-favoritter\/","name":"Meine Favoriten | Tibladin","isPartOf":{"@id":"https:\/\/tibladin.dk\/#website"},"datePublished":"2022-09-19T10:10:01+00:00","dateModified":"2022-10-20T09:04:35+00:00","description":"Verschaffen Sie sich einen \u00dcberblick \u00fcber Ihre Favoriten und Lieblingsprodukte. Wenn Sie etwas Leckeres in unserem Shop sehen, k\u00f6nnen Sie es \u201eliken\u201c und f\u00fcr sp\u00e4ter speichern","breadcrumb":{"@id":"https:\/\/tibladin.dk\/mine-favoritter\/#breadcrumb"},"inLanguage":"de","potentialAction":[{"@type":"ReadAction","target":["https:\/\/tibladin.dk\/mine-favoritter\/"]}]},{"@type":"BreadcrumbList","@id":"https:\/\/tibladin.dk\/mine-favoritter\/#breadcrumb","itemListElement":[{"@type":"ListItem","position":1,"name":"Hjem","item":"https:\/\/tibladin.dk\/"},{"@type":"ListItem","position":2,"name":"Mine favoritter"}]},{"@type":"WebSite","@id":"https:\/\/tibladin.dk\/#website","url":"https:\/\/tibladin.dk\/","name":"Tibladin","description":"Tibladin","publisher":{"@id":"https:\/\/tibladin.dk\/#organization"},"potentialAction":[{"@type":"SearchAction","target":{"@type":"EntryPoint","urlTemplate":"https:\/\/tibladin.dk\/?s={search_term_string}"},"query-input":{"@type":"PropertyValueSpecification","valueRequired":true,"valueName":"search_term_string"}}],"inLanguage":"de"},{"@type":"Organization","@id":"https:\/\/tibladin.dk\/#organization","name":"Tibladin","url":"https:\/\/tibladin.dk\/","logo":{"@type":"ImageObject","inLanguage":"de","@id":"https:\/\/tibladin.dk\/#\/schema\/logo\/image\/","url":"https:\/\/tibladin.dk\/wp-content\/uploads\/2022\/09\/tibladin_logo.svg","contentUrl":"https:\/\/tibladin.dk\/wp-content\/uploads\/2022\/09\/tibladin_logo.svg","caption":"Tibladin"},"image":{"@id":"https:\/\/tibladin.dk\/#\/schema\/logo\/image\/"}}]}},"_links":{"self":[{"href":"https:\/\/tibladin.dk\/de\/wp-json\/wp\/v2\/pages\/113","targetHints":{"allow":["GET"]}}],"collection":[{"href":"https:\/\/tibladin.dk\/de\/wp-json\/wp\/v2\/pages"}],"about":[{"href":"https:\/\/tibladin.dk\/de\/wp-json\/wp\/v2\/types\/page"}],"author":[{"embeddable":true,"href":"https:\/\/tibladin.dk\/de\/wp-json\/wp\/v2\/users\/1"}],"replies":[{"embeddable":true,"href":"https:\/\/tibladin.dk\/de\/wp-json\/wp\/v2\/comments?post=113"}],"version-history":[{"count":1,"href":"https:\/\/tibladin.dk\/de\/wp-json\/wp\/v2\/pages\/113\/revisions"}],"predecessor-version":[{"id":114,"href":"https:\/\/tibladin.dk\/de\/wp-json\/wp\/v2\/pages\/113\/revisions\/114"}],"wp:attachment":[{"href":"https:\/\/tibladin.dk\/de\/wp-json\/wp\/v2\/media?parent=113"}],"curies":[{"name":"wp","href":"https:\/\/api.w.org\/{rel}","templated":true}]}}