{"id":11438,"date":"2024-03-06T16:16:50","date_gmt":"2024-03-06T15:16:50","guid":{"rendered":"https:\/\/tibladin.dk\/?page_id=11438"},"modified":"2025-10-10T11:57:36","modified_gmt":"2025-10-10T09:57:36","slug":"rucktrittsrecht","status":"publish","type":"page","link":"https:\/\/tibladin.dk\/de\/fortrydelsesret\/","title":{"rendered":"R\u00fccktrittsrecht"},"content":{"rendered":"<div class=\"wpb-content-wrapper\"><div class=\"vc_row wpb_row vc_row-fluid\"><div class=\"wpb_column vc_column_container vc_col-sm-12\"><div class=\"vc_column-inner\"><div class=\"wpb_wrapper\">\n\t<div class=\"wpb_text_column wpb_content_element\" >\n\t\t<div class=\"wpb_wrapper\">\n\t\t\t<h3>Wenn Sie Ihren Kauf bereuen (Widerrufsrecht)<\/h3>\n<p>Sie haben 14 Tage volles Widerrufsrecht, wenn Sie bei Tibladin einkaufen.<br \/>\nDie Widerrufsfrist endet 14 Tage nach dem Tag, an dem Sie:<\/p>\n<ul>\n<li>haben Ihren Artikel erhalten<\/li>\n<li>Im Falle einer Vereinbarung \u00fcber mehrere in einer Bestellung bestellte und einzeln gelieferte Artikel \u00fcbernimmt der Verk\u00e4ufer den letzten Artikel physisch<\/li>\n<li>im Falle eines Vertrags \u00fcber die Lieferung eines Produkts, das aus mehreren Losen oder Teilen besteht, den physischen Besitz des letzten Loses oder des letzten Teils erlangt<\/li>\n<\/ul>\n<p>Sie m\u00fcssen Tibladin innerhalb von 14 Tagen nach Erhalt mitteilen, dass Sie Ihren Kauf stornieren m\u00f6chten.<\/p>\n<p>Die K\u00fcndigung kann per E-Mail an erfolgen\u00a0<a href=\"mailto:info@tibladin.dk\">info@tibladin.dk, <\/a>Sie k\u00f6nnen auch das Standard-Widerrufsformular verwenden, das Sie am Ende der Gesch\u00e4ftsbedingungen finden.<\/p>\n<p>In Ihrer Nachricht m\u00fcssen Sie klar darlegen, warum Sie Ihre Ware zur\u00fccksenden m\u00f6chten.<\/p>\n<p>Sie k\u00f6nnen dies nicht r\u00fcckg\u00e4ngig machen, indem Sie einfach die Annahme des Artikels verweigern, ohne Tibladin dar\u00fcber klar zu informieren.<\/p>\n<p><b>Stornierung eines Teils des Kaufs<br \/>\n<\/b>Wenn Sie mehrere Artikel bei uns gekauft haben, haben Sie die M\u00f6glichkeit, einen oder mehrere Artikel zur\u00fcckzusenden, auch wenn diese in einer Bestellung gekauft wurden.<br \/>\nBitte beachten Sie, dass Sie die Versandkosten nicht zur\u00fcckerhalten, wenn Sie einen Teil Ihres Kaufs bereuen.<\/p>\n<p>&nbsp;<\/p>\n<h3>Zur\u00fcckkehren<\/h3>\n<p>Sie m\u00fcssen Ihre Bestellung unverz\u00fcglich und sp\u00e4testens 14 Tage, nachdem Sie Tibladin mitgeteilt haben, dass Sie Ihren Kauf stornieren m\u00f6chten, an uns zur\u00fccksenden. Sie tragen die unmittelbaren Kosten im Zusammenhang mit der R\u00fccksendung des Artikels.<br \/>\nBei der R\u00fccksendung sind Sie daf\u00fcr verantwortlich, dass der Artikel ordnungsgem\u00e4\u00df verpackt ist.<br \/>\nAb dem Zeitpunkt der Lieferung der Ware tragen Sie die Gefahr f\u00fcr die Ware.<\/p>\n<p><strong>Waren vom Widerrufsrecht ausgeschlossen<br \/>\n<\/strong>Lieferung von Waren, die nach den Spezifikationen des Verbrauchers angefertigt wurden oder denen eine besondere pers\u00f6nliche Note verliehen wurde.<\/p>\n<p><strong>Der Zustand des Artikels, wenn Sie ihn zur\u00fccksenden<br \/>\n<\/strong>Sie haften f\u00fcr jeden Wertverlust der Waren, der auf einen zur Pr\u00fcfung der Beschaffenheit, Eigenschaften und Funktionsweise der Waren nicht notwendigen Umgang mit ihnen zur\u00fcckzuf\u00fchren ist. Mit anderen Worten: Sie k\u00f6nnen das Produkt auf die gleiche Weise ausprobieren, als ob Sie es in einem Ladengesch\u00e4ft ausprobiert h\u00e4tten.<br \/>\nWenn der Artikel anders als oben beschrieben anprobiert wurde, betrachten wir ihn als gebraucht, das hei\u00dft, Sie erhalten im Falle eines Widerrufs des Kaufs nur einen Teil oder gar keinen Kaufbetrag zur\u00fcck, abh\u00e4ngig von der Handelsbezeichnung des Artikels Wert.<br \/>\nUm den vollen Kaufbetrag zur\u00fcckzuerhalten, m\u00fcssen Sie daher das Gleiche tun, wie Sie es auch in einem Ladengesch\u00e4ft tun k\u00f6nnen. Sie k\u00f6nnen das Produkt testen, es aber nicht tats\u00e4chlich verwenden.<\/p>\n<p>Wir empfehlen Ihnen, den Artikel in der Originalverpackung zur\u00fcckzusenden.<br \/>\nFehlt die Originalverpackung, kann dies zu einer Wertminderung des Artikels f\u00fchren.<\/p>\n<p><strong>R\u00fcckerstattung des Kaufbetrages<br \/>\n<\/strong>Sollten Sie Ihren Kauf bereuen, erhalten Sie selbstverst\u00e4ndlich den bezahlten Betrag zur\u00fcck. Im Falle einer von Ihnen zu vertretenden Wertminderung wird diese vom Kaufbetrag abgezogen.<br \/>\nWenn Sie von Ihrem Widerrufsrecht Gebrauch machen, erstattet Tibladin alle von Ihnen erhaltenen Zahlungen, einschlie\u00dflich der Lieferkosten (jedoch nicht die zus\u00e4tzlichen Kosten, die dadurch entstehen, dass Sie selbst eine andere Lieferform als die g\u00fcnstigste Standardlieferart gew\u00e4hlt haben).<\/p>\n<p>Die R\u00fcckerstattung der Zahlung erfolgt unverz\u00fcglich und in jedem Fall sp\u00e4testens 14 Tage nach dem Datum, an dem Tibladin die Mitteilung \u00fcber Ihren R\u00fccktritt von diesem Vertrag erhalten hat. F\u00fcr diese R\u00fcckzahlung verwenden wir dasselbe Zahlungsmittel, das Sie bei der urspr\u00fcnglichen Transaktion eingesetzt haben, es sei denn, mit Ihnen wurde ausdr\u00fccklich etwas anderes vereinbart.<br \/>\nDie R\u00fcckerstattung kann verweigert werden, bis Tibladin den Artikel zur\u00fcckerhalten hat, es sei denn, Sie haben zuvor einen Nachweis \u00fcber die R\u00fccksendung vorgelegt.<\/p>\n<p><strong>Wenn Sie den Kauf bereuen, muss der Artikel an folgende Adresse gesendet werden:<br \/>\n<\/strong>Tibladin<br \/>\nSkt. Knuds Torv 23<br \/>\n8000 Aarhus C<\/p>\n<p>Muss an eine Gesch\u00e4ftsadresse und nicht an einen Paketshop gesendet werden.<\/p>\n<p><strong>Was soll ich zur\u00fccksenden?<br \/>\n<\/strong>Bitte f\u00fcgen Sie eine Kopie der Bestellbest\u00e4tigung bei. Notiz! Tibladin empf\u00e4ngt keine Pakete, die von verschickt wurden Barzahlung bei Lieferung.<\/p>\n<div id=\"primary\" class=\"content-area\">\n<div id=\"post-3629\" class=\"post-3629 page type-page status-publish hentry\">\n<div class=\"entry-content\">\n<p><strong><span class=\"s26\">Standard-Widerrufsformular<\/span><\/strong><\/p>\n<p><span class=\"s27\">(Dieses Formular wird nur ausgef\u00fcllt und zur\u00fcckgesendet, wenn vom Widerrufsrecht Gebrauch gemacht wird)<\/span><\/p>\n<p><span class=\"s27\">Zu:<\/span><\/p>\n<p><span class=\"s27\">Tibladin<\/span><\/p>\n<p><span class=\"s27\">Skt. Knuds Torv 23<\/span><\/p>\n<p><span class=\"s27\">8000 Aarhus C<\/span><\/p>\n<p><span class=\"s27\">E-Mail: info@tibladin.dk<\/span><\/p>\n<p>&nbsp;<\/p>\n<p><span class=\"s27\">Hiermit erkl\u00e4re ich, dass ich im Zusammenhang mit meinem Kaufvertrag f\u00fcr die folgenden Waren\/Dienstleistungen von meinem Widerrufsrecht Gebrauch machen m\u00f6chte:<\/span><\/p>\n<p><span class=\"s27\">__________________________________________________________________________________<\/span><\/p>\n<p>Auf Bestellnummer<\/p>\n<p><span class=\"s27\">_______________________________<\/span><\/p>\n<p>&nbsp;<\/p>\n<p><span class=\"s27\">Bestellt: _______________________________ Erhalten: _______________________________<\/span><\/p>\n<p>&nbsp;<\/p>\n<p><span class=\"s27\">Name des Verbrauchers: __________________________________________________________________________<\/span><\/p>\n<p>&nbsp;<\/p>\n<p><span class=\"s27\">Adresse des Verbrauchers: _____________________________________________________________________<\/span><\/p>\n<p>&nbsp;<\/p>\n<p><span class=\"s27\">Unterschrift des Verbrauchers: _________________________________________ Datum: _________________<\/span><\/p>\n<p><span class=\"s28\">(nur wenn der Inhalt des Formulars auf Papier mitgeteilt wird)<\/span><\/p>\n<p>&nbsp;<\/p>\n<p class=\"s29\"><span class=\"s20\">Die Allgemeinen Gesch\u00e4ftsbedingungen wurden zuletzt aktualisiert <\/span><span class=\"s20\">am 24.10.2022<\/span><\/p>\n<p>&nbsp;<\/p>\n<\/div>\n<\/div>\n<p>&nbsp;<\/p>\n<\/div>\n\n\t\t<\/div>\n\t<\/div>\n<\/div><\/div><\/div><\/div>\n<\/div>","protected":false},"excerpt":{"rendered":"Hvis du fortryder dit k\u00f8b (fortrydelsesret) Du har 14 dages fuld fortrydelsesret, n\u00e5r du handler hos Tibladin. Fortrydelsesfristen udl\u00f8ber 14 dage efter den dag, du: har modtaget din vare f\u00e5r den sidste vare i fysisk besiddelse, n\u00e5r det drejer sig om en aftale om flere forskellige varer, som er bestilt i \u00e9n ordre, og som [...]","protected":false},"author":2,"featured_media":0,"parent":0,"menu_order":0,"comment_status":"closed","ping_status":"closed","template":"","meta":{"inline_featured_image":false,"footnotes":""},"class_list":["post-11438","page","type-page","status-publish","hentry"],"yoast_head":"<!-- This site is optimized with the Yoast SEO plugin v27.4 - https:\/\/yoast.com\/product\/yoast-seo-wordpress\/ -->\n<title>Fortrydelsesret | Hos Tibladin har de 14 dages fortrydelsesret<\/title>\n<meta name=\"description\" content=\"Fortryder du dit k\u00f8b? Ingen problem, du har 14 dages fortrydelsesret p\u00e5 dit k\u00f8b | L\u00e6s hvordan du skal forholde dig hvis du fortryder dit k\u00f8b.\" \/>\n<meta name=\"robots\" content=\"index, follow, max-snippet:-1, max-image-preview:large, max-video-preview:-1\" \/>\n<link rel=\"canonical\" href=\"https:\/\/tibladin.dk\/de\/rucktrittsrecht\/\" \/>\n<meta property=\"og:locale\" content=\"de_DE\" \/>\n<meta property=\"og:type\" content=\"article\" \/>\n<meta property=\"og:title\" content=\"Fortrydelsesret | Hos Tibladin har de 14 dages fortrydelsesret\" \/>\n<meta property=\"og:description\" content=\"Fortryder du dit k\u00f8b? Ingen problem, du har 14 dages fortrydelsesret p\u00e5 dit k\u00f8b | L\u00e6s hvordan du skal forholde dig hvis du fortryder dit k\u00f8b.\" \/>\n<meta property=\"og:url\" content=\"https:\/\/tibladin.dk\/de\/rucktrittsrecht\/\" \/>\n<meta property=\"og:site_name\" content=\"Tibladin\" \/>\n<meta property=\"article:modified_time\" content=\"2025-10-10T09:57:36+00:00\" \/>\n<meta name=\"twitter:card\" content=\"summary_large_image\" \/>\n<meta name=\"twitter:label1\" content=\"Gesch\u00e4tzte Lesezeit\" \/>\n\t<meta name=\"twitter:data1\" content=\"4\u00a0Minuten\" \/>\n<script type=\"application\/ld+json\" class=\"yoast-schema-graph\">{\"@context\":\"https:\\\/\\\/schema.org\",\"@graph\":[{\"@type\":\"WebPage\",\"@id\":\"https:\\\/\\\/tibladin.dk\\\/fortrydelsesret\\\/\",\"url\":\"https:\\\/\\\/tibladin.dk\\\/fortrydelsesret\\\/\",\"name\":\"Fortrydelsesret | Hos Tibladin har de 14 dages fortrydelsesret\",\"isPartOf\":{\"@id\":\"https:\\\/\\\/tibladin.dk\\\/#website\"},\"datePublished\":\"2024-03-06T15:16:50+00:00\",\"dateModified\":\"2025-10-10T09:57:36+00:00\",\"description\":\"Fortryder du dit k\u00f8b? Ingen problem, du har 14 dages fortrydelsesret p\u00e5 dit k\u00f8b | L\u00e6s hvordan du skal forholde dig hvis du fortryder dit k\u00f8b.\",\"breadcrumb\":{\"@id\":\"https:\\\/\\\/tibladin.dk\\\/fortrydelsesret\\\/#breadcrumb\"},\"inLanguage\":\"de\",\"potentialAction\":[{\"@type\":\"ReadAction\",\"target\":[\"https:\\\/\\\/tibladin.dk\\\/fortrydelsesret\\\/\"]}]},{\"@type\":\"BreadcrumbList\",\"@id\":\"https:\\\/\\\/tibladin.dk\\\/fortrydelsesret\\\/#breadcrumb\",\"itemListElement\":[{\"@type\":\"ListItem\",\"position\":1,\"name\":\"Hjem\",\"item\":\"https:\\\/\\\/tibladin.dk\\\/\"},{\"@type\":\"ListItem\",\"position\":2,\"name\":\"Fortrydelsesret\"}]},{\"@type\":\"WebSite\",\"@id\":\"https:\\\/\\\/tibladin.dk\\\/#website\",\"url\":\"https:\\\/\\\/tibladin.dk\\\/\",\"name\":\"Tibladin\",\"description\":\"Tibladin\",\"publisher\":{\"@id\":\"https:\\\/\\\/tibladin.dk\\\/#organization\"},\"potentialAction\":[{\"@type\":\"SearchAction\",\"target\":{\"@type\":\"EntryPoint\",\"urlTemplate\":\"https:\\\/\\\/tibladin.dk\\\/?s={search_term_string}\"},\"query-input\":{\"@type\":\"PropertyValueSpecification\",\"valueRequired\":true,\"valueName\":\"search_term_string\"}}],\"inLanguage\":\"de\"},{\"@type\":\"Organization\",\"@id\":\"https:\\\/\\\/tibladin.dk\\\/#organization\",\"name\":\"Tibladin\",\"url\":\"https:\\\/\\\/tibladin.dk\\\/\",\"logo\":{\"@type\":\"ImageObject\",\"inLanguage\":\"de\",\"@id\":\"https:\\\/\\\/tibladin.dk\\\/#\\\/schema\\\/logo\\\/image\\\/\",\"url\":\"https:\\\/\\\/tibladin.dk\\\/wp-content\\\/uploads\\\/2022\\\/09\\\/tibladin_logo.svg\",\"contentUrl\":\"https:\\\/\\\/tibladin.dk\\\/wp-content\\\/uploads\\\/2022\\\/09\\\/tibladin_logo.svg\",\"caption\":\"Tibladin\"},\"image\":{\"@id\":\"https:\\\/\\\/tibladin.dk\\\/#\\\/schema\\\/logo\\\/image\\\/\"}}]}<\/script>\n<!-- \/ Yoast SEO plugin. -->","yoast_head_json":{"title":"Widerrufsrecht | Bei Tibladin gilt ein 14-t\u00e4giges Widerrufsrecht","description":"Bedauern Sie Ihren Kauf? Kein Problem, Sie haben ein 14-t\u00e4giges Widerrufsrecht Lesen Sie, was zu tun ist, wenn Sie Ihren Kauf bereuen.","robots":{"index":"index","follow":"follow","max-snippet":"max-snippet:-1","max-image-preview":"max-image-preview:large","max-video-preview":"max-video-preview:-1"},"canonical":"https:\/\/tibladin.dk\/de\/rucktrittsrecht\/","og_locale":"de_DE","og_type":"article","og_title":"Fortrydelsesret | Hos Tibladin har de 14 dages fortrydelsesret","og_description":"Fortryder du dit k\u00f8b? Ingen problem, du har 14 dages fortrydelsesret p\u00e5 dit k\u00f8b | L\u00e6s hvordan du skal forholde dig hvis du fortryder dit k\u00f8b.","og_url":"https:\/\/tibladin.dk\/de\/rucktrittsrecht\/","og_site_name":"Tibladin","article_modified_time":"2025-10-10T09:57:36+00:00","twitter_card":"summary_large_image","twitter_misc":{"Gesch\u00e4tzte Lesezeit":"4\u00a0Minuten"},"schema":{"@context":"https:\/\/schema.org","@graph":[{"@type":"WebPage","@id":"https:\/\/tibladin.dk\/fortrydelsesret\/","url":"https:\/\/tibladin.dk\/fortrydelsesret\/","name":"Widerrufsrecht | Bei Tibladin gilt ein 14-t\u00e4giges Widerrufsrecht","isPartOf":{"@id":"https:\/\/tibladin.dk\/#website"},"datePublished":"2024-03-06T15:16:50+00:00","dateModified":"2025-10-10T09:57:36+00:00","description":"Bedauern Sie Ihren Kauf? Kein Problem, Sie haben ein 14-t\u00e4giges Widerrufsrecht Lesen Sie, was zu tun ist, wenn Sie Ihren Kauf bereuen.","breadcrumb":{"@id":"https:\/\/tibladin.dk\/fortrydelsesret\/#breadcrumb"},"inLanguage":"de","potentialAction":[{"@type":"ReadAction","target":["https:\/\/tibladin.dk\/fortrydelsesret\/"]}]},{"@type":"BreadcrumbList","@id":"https:\/\/tibladin.dk\/fortrydelsesret\/#breadcrumb","itemListElement":[{"@type":"ListItem","position":1,"name":"Hjem","item":"https:\/\/tibladin.dk\/"},{"@type":"ListItem","position":2,"name":"Fortrydelsesret"}]},{"@type":"WebSite","@id":"https:\/\/tibladin.dk\/#website","url":"https:\/\/tibladin.dk\/","name":"Tibladin","description":"Tibladin","publisher":{"@id":"https:\/\/tibladin.dk\/#organization"},"potentialAction":[{"@type":"SearchAction","target":{"@type":"EntryPoint","urlTemplate":"https:\/\/tibladin.dk\/?s={search_term_string}"},"query-input":{"@type":"PropertyValueSpecification","valueRequired":true,"valueName":"search_term_string"}}],"inLanguage":"de"},{"@type":"Organization","@id":"https:\/\/tibladin.dk\/#organization","name":"Tibladin","url":"https:\/\/tibladin.dk\/","logo":{"@type":"ImageObject","inLanguage":"de","@id":"https:\/\/tibladin.dk\/#\/schema\/logo\/image\/","url":"https:\/\/tibladin.dk\/wp-content\/uploads\/2022\/09\/tibladin_logo.svg","contentUrl":"https:\/\/tibladin.dk\/wp-content\/uploads\/2022\/09\/tibladin_logo.svg","caption":"Tibladin"},"image":{"@id":"https:\/\/tibladin.dk\/#\/schema\/logo\/image\/"}}]}},"_links":{"self":[{"href":"https:\/\/tibladin.dk\/de\/wp-json\/wp\/v2\/pages\/11438","targetHints":{"allow":["GET"]}}],"collection":[{"href":"https:\/\/tibladin.dk\/de\/wp-json\/wp\/v2\/pages"}],"about":[{"href":"https:\/\/tibladin.dk\/de\/wp-json\/wp\/v2\/types\/page"}],"author":[{"embeddable":true,"href":"https:\/\/tibladin.dk\/de\/wp-json\/wp\/v2\/users\/2"}],"replies":[{"embeddable":true,"href":"https:\/\/tibladin.dk\/de\/wp-json\/wp\/v2\/comments?post=11438"}],"version-history":[{"count":3,"href":"https:\/\/tibladin.dk\/de\/wp-json\/wp\/v2\/pages\/11438\/revisions"}],"predecessor-version":[{"id":40509,"href":"https:\/\/tibladin.dk\/de\/wp-json\/wp\/v2\/pages\/11438\/revisions\/40509"}],"wp:attachment":[{"href":"https:\/\/tibladin.dk\/de\/wp-json\/wp\/v2\/media?parent=11438"}],"curies":[{"name":"wp","href":"https:\/\/api.w.org\/{rel}","templated":true}]}}