{"id":3,"date":"2022-09-09T09:18:35","date_gmt":"2022-09-09T09:18:35","guid":{"rendered":"https:\/\/tibladin2.sky663.dk\/?page_id=3"},"modified":"2026-01-12T20:56:24","modified_gmt":"2026-01-12T19:56:24","slug":"datenschutzrichtlinie","status":"publish","type":"page","link":"https:\/\/tibladin.dk\/de\/privatlivspolitik\/","title":{"rendered":"Datenschutzrichtlinie"},"content":{"rendered":"<div class=\"wpb-content-wrapper\"><div class=\"vc_row wpb_row vc_row-fluid\"><div class=\"wpb_column vc_column_container vc_col-sm-12\"><div class=\"vc_column-inner\"><div class=\"wpb_wrapper\">\n\t<div class=\"wpb_text_column wpb_content_element\" >\n\t\t<div class=\"wpb_wrapper\">\n\t\t\t<p><strong>Verwendung personenbezogener Daten:<br \/>\n<\/strong>Tibladin gibt keine personenbezogenen Daten oder sonstige Informationen im Zusammenhang mit der Kundenbeziehung an Dritte weiter.<\/p>\n<p><strong>Urheberrechte \u00a9:<br \/>\n<\/strong>Alle Bilder und Texte auf Tibladin unterliegen dem Urheberrecht und d\u00fcrfen daher nicht ohne Genehmigung kopiert werden.<\/p>\n<p><strong>Kekse<br \/>\n<\/strong>Die Website verwendet \u201eCookies\u201c, eine Textdatei, die auf Ihrem Computer, Mobiltelefon oder \u00c4hnlichem gespeichert wird, um ihn wiederzuerkennen, Einstellungen zu speichern, Statistiken durchzuf\u00fchren und gezielte Werbung zu schalten. Cookies d\u00fcrfen keinen sch\u00e4dlichen Code enthalten, z Virus.<\/p>\n<p><em>Wir bieten die Zahlungsarten von Klarna an. Auf der Zahlungsseite \u00fcbermitteln wir Ihre pers\u00f6nlichen Daten und Bestelldaten an Klarna. Klarna nutzt diese Daten, um zu entscheiden, ob Sie deren Zahlungsmethoden nutzen k\u00f6nnen und um die Zahlungsoptionen individuell auf Sie abzustimmen. Die Verarbeitung Ihrer Daten erfolgt gem <a href=\"https:\/\/www.pricerunner.dk\/info\/privacy\" target=\"_blank\" rel=\"noopener noreferrer\" data-saferedirecturl=\"https:\/\/www.google.com\/url?q=https:\/\/sales.klarna.com\/t\/105541\/c\/64716352-5328-4c6e-abb0-b409df9ef2c4\/NB2HI4DTHIXS653XO4XGW3DBOJXGCLTDN5WS62LOORSXE3TBORUW63TBNQXXA4TJOZQWG6JNOBXWY2LDPEXQ%3D%3D%3D%3D\/www-klarna-com-international-privacy-policy&amp;source=gmail&amp;ust=1695453429463000&amp;usg=AOvVaw2scYnEMBzeYutsMo38aW5p\">Klarnas eigene Datenschutzerkl\u00e4rung<\/a>.\u201c<\/em><\/p>\n<div id=\"ohio-custom-63442bf7c10c6\" class=\"ohio-text-sc\">\n<h3>Pers\u00f6nliche Angaben<\/h3>\n<p><strong>Allgemein<br \/>\n<\/strong>Personenbezogene Daten sind alle Arten von Informationen, die in gewissem Ma\u00dfe Ihnen zugeordnet werden k\u00f6nnen. Wenn Sie tibladin.dk nutzen, erfassen und verarbeiten wir eine Reihe solcher Informationen. Dies geschieht z.B. von General Zugriff auf Inhalte, wenn Sie sich f\u00fcr unseren Newsletter anmelden oder einen Kauf im Webshop t\u00e4tigen.<\/p>\n<p><strong>Sicherheit<br \/>\n<\/strong>Wir haben technische und organisatorische Ma\u00dfnahmen ergriffen, um zu verhindern, dass Ihre Daten versehentlich oder unrechtm\u00e4\u00dfig gel\u00f6scht, ver\u00f6ffentlicht, verloren gehen, beeintr\u00e4chtigt werden oder unbefugten Personen zur Kenntnis gelangen, missbraucht oder auf andere Weise unter Versto\u00df gegen die Datenschutzverordnung verarbeitet werden.<\/p>\n<p>Ihre Daten befinden sich in einem d\u00e4nischen ISO-zertifizierten Webhotel und wir haben die Website au\u00dferdem auf folgende Weise gesch\u00fctzt:<\/p>\n<ul>\n<li>Betriebs\u00fcberwachung rund um die Uhr<\/li>\n<li>T\u00e4gliches Backup, das 30 Tage lang gespeichert wird<\/li>\n<li>Auf der Website\/im Webshop wird Anti-Hacking-Software platziert und die Seite wird w\u00f6chentlich auf sch\u00e4dliche Software \u00fcberpr\u00fcft<\/li>\n<li>Der Zugriff auf die Seite und die Daten wird \u00fcberwacht und der Zugriff nach 5 erfolglosen Versuchen gesperrt.<\/li>\n<li>Pr\u00fcfprotokoll dar\u00fcber, wer\/was\/wann \u00c4nderungen an der Seite vorgenommen hat<\/li>\n<li>Kontinuierliche Aktualisierung der Software der Website, um Hacking-Angriffe zu minimieren<\/li>\n<li>Auf der Seite platziertes SSL-Zertifikat, damit https ausgef\u00fchrt wird<\/li>\n<\/ul>\n<p><strong>Aufbewahrungsdauer<br \/>\n<\/strong>Die Informationen werden f\u00fcr den gesetzlich zul\u00e4ssigen Zeitraum aufbewahrt und wir l\u00f6schen sie, wenn sie nicht mehr ben\u00f6tigt werden. Die Dauer h\u00e4ngt von der Art der Informationen und dem Hintergrund der Speicherung ab. Es ist daher nicht m\u00f6glich, einen generellen Zeitraum f\u00fcr die L\u00f6schung von Informationen festzulegen.<\/p>\n<p><strong>Offenlegung von Informationen<br \/>\n<\/strong>Eine Weitergabe personenbezogener Daten wie Name, E-Mail etc. erfolgt nur, wenn Sie hierzu Ihre schriftliche Einwilligung erteilen. Wir setzen ausschlie\u00dflich Datenverarbeiter in der EU ein und alle haben mit ihnen eine Datenverarbeitungsvereinbarung abgeschlossen.<\/p>\n<p><strong>Einsichten und Beschwerden<br \/>\n<\/strong>Sie haben das Recht, Auskunft dar\u00fcber zu erhalten, welche personenbezogenen Daten wir \u00fcber Sie verarbeiten. Sie k\u00f6nnen der Nutzung der Informationen auch jederzeit widersprechen. Sie k\u00f6nnen Ihre Einwilligung zur Verarbeitung Ihrer personenbezogenen Daten auch widerrufen. Sollten die \u00fcber Sie verarbeiteten Daten unrichtig sein, haben Sie das Recht, diese berichtigen oder l\u00f6schen zu lassen. Anfragen hierzu k\u00f6nnen an info@tibladin.dk gerichtet werden. Wenn Sie sich \u00fcber die Verarbeitung Ihrer personenbezogenen Daten durch uns beschweren m\u00f6chten, haben Sie auch die M\u00f6glichkeit, sich an uns zu wenden <a href=\"https:\/\/www.datatilsynet.dk\/\" target=\"_blank\" rel=\"noopener noreferrer\">Die norwegische Datenschutzbeh\u00f6rde<\/a>.<\/p>\n<p><strong>Herausgeber<br \/>\n<\/strong>Die Website ist Eigentum und wird ver\u00f6ffentlicht von:<\/p>\n<p>Tibladin<br \/>\n<a href=\"https:\/\/www.google.dk\/maps\/place\/Tibladin\/@56.1033852,10.2051637,17z\/data=!3m1!4b1!4m5!3m4!1s0x464c41877375fc0f:0x2f5598dce0fcea1a!8m2!3d56.1033852!4d10.2073524\" target=\"_blank\" rel=\"noopener\">Siriusvej 5 A, 8270 H\u00f8jbjerg<\/a><br \/>\n<a href=\"mailto:info@tibladin.dk\">info@tibladin.dk<\/a><br \/>\n<a href=\"Telefon: 31405500\">+45 3140 5500<\/a><\/p>\n<p>CVR: 40875743<\/p>\n<\/div>\n<p><a href=\"https:\/\/reklamebeskyttelse.dk\" target=\"_blank\" rel=\"noopener\"><img loading=\"lazy\" decoding=\"async\" src=\"https:\/\/reklamebeskyttelse.dk\/wp-content\/uploads\/2018\/02\/reklamebeskyttelse-moerk.png\" alt=\"Werbeschutz\" width=\"75\" height=\"75\" \/><\/a><\/p>\n\n\t\t<\/div>\n\t<\/div>\n<\/div><\/div><\/div><\/div>\n<\/div>","protected":false},"excerpt":{"rendered":"Brug af personlige oplysninger: Tibladin videregiver ikke personlige oplysninger eller andre oplysninger, der har med kundeforholdet at g\u00f8re, til tredjepart. Ophavsret: Alle billeder og tekster p\u00e5 Tibladin er underlagt lov om ophavsret, og m\u00e5 derfor ikke kopieres uden tilladelse. Cookies Websitet anvender \u201dcookies\u201d, der er en tekstfil, som gemmes p\u00e5 din computer, mobil eller tilsvarende [...]","protected":false},"author":1,"featured_media":0,"parent":0,"menu_order":0,"comment_status":"closed","ping_status":"closed","template":"","meta":{"inline_featured_image":false,"footnotes":""},"class_list":["post-3","page","type-page","status-publish","hentry"],"yoast_head":"<!-- This site is optimized with the Yoast SEO plugin v27.4 - https:\/\/yoast.com\/product\/yoast-seo-wordpress\/ -->\n<title>Privatlivspolitik | Tibladin<\/title>\n<meta name=\"description\" content=\"L\u00e6s om hvordan vi opbevarer og beskytter jeres data, n\u00e5r I har med Tibladin. Sikkerhed og beskyttelse af data er altid en prioritet for os\" \/>\n<meta name=\"robots\" content=\"index, follow, max-snippet:-1, max-image-preview:large, max-video-preview:-1\" \/>\n<link rel=\"canonical\" href=\"https:\/\/tibladin.dk\/de\/datenschutzrichtlinie\/\" \/>\n<meta property=\"og:locale\" content=\"de_DE\" \/>\n<meta property=\"og:type\" content=\"article\" \/>\n<meta property=\"og:title\" content=\"Privatlivspolitik | Tibladin\" \/>\n<meta property=\"og:description\" content=\"L\u00e6s om hvordan vi opbevarer og beskytter jeres data, n\u00e5r I har med Tibladin. Sikkerhed og beskyttelse af data er altid en prioritet for os\" \/>\n<meta property=\"og:url\" content=\"https:\/\/tibladin.dk\/de\/datenschutzrichtlinie\/\" \/>\n<meta property=\"og:site_name\" content=\"Tibladin\" \/>\n<meta property=\"article:modified_time\" content=\"2026-01-12T19:56:24+00:00\" \/>\n<meta property=\"og:image\" content=\"https:\/\/reklamebeskyttelse.dk\/wp-content\/uploads\/2018\/02\/reklamebeskyttelse-moerk.png\" \/>\n<meta name=\"twitter:card\" content=\"summary_large_image\" \/>\n<meta name=\"twitter:label1\" content=\"Gesch\u00e4tzte Lesezeit\" \/>\n\t<meta name=\"twitter:data1\" content=\"3\u00a0Minuten\" \/>\n<script type=\"application\/ld+json\" class=\"yoast-schema-graph\">{\"@context\":\"https:\\\/\\\/schema.org\",\"@graph\":[{\"@type\":\"WebPage\",\"@id\":\"https:\\\/\\\/tibladin.dk\\\/privatlivspolitik\\\/\",\"url\":\"https:\\\/\\\/tibladin.dk\\\/privatlivspolitik\\\/\",\"name\":\"Privatlivspolitik | Tibladin\",\"isPartOf\":{\"@id\":\"https:\\\/\\\/tibladin.dk\\\/#website\"},\"primaryImageOfPage\":{\"@id\":\"https:\\\/\\\/tibladin.dk\\\/privatlivspolitik\\\/#primaryimage\"},\"image\":{\"@id\":\"https:\\\/\\\/tibladin.dk\\\/privatlivspolitik\\\/#primaryimage\"},\"thumbnailUrl\":\"https:\\\/\\\/reklamebeskyttelse.dk\\\/wp-content\\\/uploads\\\/2018\\\/02\\\/reklamebeskyttelse-moerk.png\",\"datePublished\":\"2022-09-09T09:18:35+00:00\",\"dateModified\":\"2026-01-12T19:56:24+00:00\",\"description\":\"L\u00e6s om hvordan vi opbevarer og beskytter jeres data, n\u00e5r I har med Tibladin. Sikkerhed og beskyttelse af data er altid en prioritet for os\",\"breadcrumb\":{\"@id\":\"https:\\\/\\\/tibladin.dk\\\/privatlivspolitik\\\/#breadcrumb\"},\"inLanguage\":\"de\",\"potentialAction\":[{\"@type\":\"ReadAction\",\"target\":[\"https:\\\/\\\/tibladin.dk\\\/privatlivspolitik\\\/\"]}]},{\"@type\":\"ImageObject\",\"inLanguage\":\"de\",\"@id\":\"https:\\\/\\\/tibladin.dk\\\/privatlivspolitik\\\/#primaryimage\",\"url\":\"https:\\\/\\\/reklamebeskyttelse.dk\\\/wp-content\\\/uploads\\\/2018\\\/02\\\/reklamebeskyttelse-moerk.png\",\"contentUrl\":\"https:\\\/\\\/reklamebeskyttelse.dk\\\/wp-content\\\/uploads\\\/2018\\\/02\\\/reklamebeskyttelse-moerk.png\"},{\"@type\":\"BreadcrumbList\",\"@id\":\"https:\\\/\\\/tibladin.dk\\\/privatlivspolitik\\\/#breadcrumb\",\"itemListElement\":[{\"@type\":\"ListItem\",\"position\":1,\"name\":\"Hjem\",\"item\":\"https:\\\/\\\/tibladin.dk\\\/\"},{\"@type\":\"ListItem\",\"position\":2,\"name\":\"Privatlivspolitik\"}]},{\"@type\":\"WebSite\",\"@id\":\"https:\\\/\\\/tibladin.dk\\\/#website\",\"url\":\"https:\\\/\\\/tibladin.dk\\\/\",\"name\":\"Tibladin\",\"description\":\"Tibladin\",\"publisher\":{\"@id\":\"https:\\\/\\\/tibladin.dk\\\/#organization\"},\"potentialAction\":[{\"@type\":\"SearchAction\",\"target\":{\"@type\":\"EntryPoint\",\"urlTemplate\":\"https:\\\/\\\/tibladin.dk\\\/?s={search_term_string}\"},\"query-input\":{\"@type\":\"PropertyValueSpecification\",\"valueRequired\":true,\"valueName\":\"search_term_string\"}}],\"inLanguage\":\"de\"},{\"@type\":\"Organization\",\"@id\":\"https:\\\/\\\/tibladin.dk\\\/#organization\",\"name\":\"Tibladin\",\"url\":\"https:\\\/\\\/tibladin.dk\\\/\",\"logo\":{\"@type\":\"ImageObject\",\"inLanguage\":\"de\",\"@id\":\"https:\\\/\\\/tibladin.dk\\\/#\\\/schema\\\/logo\\\/image\\\/\",\"url\":\"https:\\\/\\\/tibladin.dk\\\/wp-content\\\/uploads\\\/2022\\\/09\\\/tibladin_logo.svg\",\"contentUrl\":\"https:\\\/\\\/tibladin.dk\\\/wp-content\\\/uploads\\\/2022\\\/09\\\/tibladin_logo.svg\",\"caption\":\"Tibladin\"},\"image\":{\"@id\":\"https:\\\/\\\/tibladin.dk\\\/#\\\/schema\\\/logo\\\/image\\\/\"}}]}<\/script>\n<!-- \/ Yoast SEO plugin. -->","yoast_head_json":{"title":"Datenschutzrichtlinie | Tibladin","description":"Lesen Sie, wie wir Ihre Daten speichern und sch\u00fctzen, wenn Sie Tibladin nutzen. Sicherheit und Schutz der Daten haben f\u00fcr uns stets Priorit\u00e4t","robots":{"index":"index","follow":"follow","max-snippet":"max-snippet:-1","max-image-preview":"max-image-preview:large","max-video-preview":"max-video-preview:-1"},"canonical":"https:\/\/tibladin.dk\/de\/datenschutzrichtlinie\/","og_locale":"de_DE","og_type":"article","og_title":"Privatlivspolitik | Tibladin","og_description":"L\u00e6s om hvordan vi opbevarer og beskytter jeres data, n\u00e5r I har med Tibladin. Sikkerhed og beskyttelse af data er altid en prioritet for os","og_url":"https:\/\/tibladin.dk\/de\/datenschutzrichtlinie\/","og_site_name":"Tibladin","article_modified_time":"2026-01-12T19:56:24+00:00","og_image":[{"url":"https:\/\/reklamebeskyttelse.dk\/wp-content\/uploads\/2018\/02\/reklamebeskyttelse-moerk.png","type":"","width":"","height":""}],"twitter_card":"summary_large_image","twitter_misc":{"Gesch\u00e4tzte Lesezeit":"3\u00a0Minuten"},"schema":{"@context":"https:\/\/schema.org","@graph":[{"@type":"WebPage","@id":"https:\/\/tibladin.dk\/privatlivspolitik\/","url":"https:\/\/tibladin.dk\/privatlivspolitik\/","name":"Datenschutzrichtlinie | Tibladin","isPartOf":{"@id":"https:\/\/tibladin.dk\/#website"},"primaryImageOfPage":{"@id":"https:\/\/tibladin.dk\/privatlivspolitik\/#primaryimage"},"image":{"@id":"https:\/\/tibladin.dk\/privatlivspolitik\/#primaryimage"},"thumbnailUrl":"https:\/\/reklamebeskyttelse.dk\/wp-content\/uploads\/2018\/02\/reklamebeskyttelse-moerk.png","datePublished":"2022-09-09T09:18:35+00:00","dateModified":"2026-01-12T19:56:24+00:00","description":"Lesen Sie, wie wir Ihre Daten speichern und sch\u00fctzen, wenn Sie Tibladin nutzen. Sicherheit und Schutz der Daten haben f\u00fcr uns stets Priorit\u00e4t","breadcrumb":{"@id":"https:\/\/tibladin.dk\/privatlivspolitik\/#breadcrumb"},"inLanguage":"de","potentialAction":[{"@type":"ReadAction","target":["https:\/\/tibladin.dk\/privatlivspolitik\/"]}]},{"@type":"ImageObject","inLanguage":"de","@id":"https:\/\/tibladin.dk\/privatlivspolitik\/#primaryimage","url":"https:\/\/reklamebeskyttelse.dk\/wp-content\/uploads\/2018\/02\/reklamebeskyttelse-moerk.png","contentUrl":"https:\/\/reklamebeskyttelse.dk\/wp-content\/uploads\/2018\/02\/reklamebeskyttelse-moerk.png"},{"@type":"BreadcrumbList","@id":"https:\/\/tibladin.dk\/privatlivspolitik\/#breadcrumb","itemListElement":[{"@type":"ListItem","position":1,"name":"Hjem","item":"https:\/\/tibladin.dk\/"},{"@type":"ListItem","position":2,"name":"Privatlivspolitik"}]},{"@type":"WebSite","@id":"https:\/\/tibladin.dk\/#website","url":"https:\/\/tibladin.dk\/","name":"Tibladin","description":"Tibladin","publisher":{"@id":"https:\/\/tibladin.dk\/#organization"},"potentialAction":[{"@type":"SearchAction","target":{"@type":"EntryPoint","urlTemplate":"https:\/\/tibladin.dk\/?s={search_term_string}"},"query-input":{"@type":"PropertyValueSpecification","valueRequired":true,"valueName":"search_term_string"}}],"inLanguage":"de"},{"@type":"Organization","@id":"https:\/\/tibladin.dk\/#organization","name":"Tibladin","url":"https:\/\/tibladin.dk\/","logo":{"@type":"ImageObject","inLanguage":"de","@id":"https:\/\/tibladin.dk\/#\/schema\/logo\/image\/","url":"https:\/\/tibladin.dk\/wp-content\/uploads\/2022\/09\/tibladin_logo.svg","contentUrl":"https:\/\/tibladin.dk\/wp-content\/uploads\/2022\/09\/tibladin_logo.svg","caption":"Tibladin"},"image":{"@id":"https:\/\/tibladin.dk\/#\/schema\/logo\/image\/"}}]}},"_links":{"self":[{"href":"https:\/\/tibladin.dk\/de\/wp-json\/wp\/v2\/pages\/3","targetHints":{"allow":["GET"]}}],"collection":[{"href":"https:\/\/tibladin.dk\/de\/wp-json\/wp\/v2\/pages"}],"about":[{"href":"https:\/\/tibladin.dk\/de\/wp-json\/wp\/v2\/types\/page"}],"author":[{"embeddable":true,"href":"https:\/\/tibladin.dk\/de\/wp-json\/wp\/v2\/users\/1"}],"replies":[{"embeddable":true,"href":"https:\/\/tibladin.dk\/de\/wp-json\/wp\/v2\/comments?post=3"}],"version-history":[{"count":11,"href":"https:\/\/tibladin.dk\/de\/wp-json\/wp\/v2\/pages\/3\/revisions"}],"predecessor-version":[{"id":42911,"href":"https:\/\/tibladin.dk\/de\/wp-json\/wp\/v2\/pages\/3\/revisions\/42911"}],"wp:attachment":[{"href":"https:\/\/tibladin.dk\/de\/wp-json\/wp\/v2\/media?parent=3"}],"curies":[{"name":"wp","href":"https:\/\/api.w.org\/{rel}","templated":true}]}}