{"id":34355,"date":"2025-01-27T13:13:17","date_gmt":"2025-01-27T12:13:17","guid":{"rendered":"https:\/\/tibladin.dk\/?page_id=34355"},"modified":"2025-01-28T15:06:17","modified_gmt":"2025-01-28T14:06:17","slug":"frauenkooperative","status":"publish","type":"page","link":"https:\/\/tibladin.dk\/de\/kvindekooperativ\/","title":{"rendered":"Frauenkooperative"},"content":{"rendered":"<div class=\"wpb-content-wrapper\"><div class=\"vc_row wpb_row vc_row-fluid\"><div class=\"wpb_column vc_column_container vc_col-sm-12\"><div class=\"vc_column-inner\"><div class=\"wpb_wrapper\"><div class=\"vc_separator wpb_content_element vc_separator_align_center vc_sep_width_100 vc_sep_pos_align_center vc_separator_no_text vc_sep_color_grey wpb_content_element  wpb_content_element\" ><span class=\"vc_sep_holder vc_sep_holder_l\"><span class=\"vc_sep_line\"><\/span><\/span><span class=\"vc_sep_holder vc_sep_holder_r\"><span class=\"vc_sep_line\"><\/span><\/span>\n<\/div><h1 style=\"text-align: center\" class=\"vc_custom_heading vc_do_custom_heading\" >Frauenkooperative<\/h1>\n\t<div class=\"wpb_text_column wpb_content_element\" >\n\t\t<div class=\"wpb_wrapper\">\n\t\t\t<p style=\"text-align: center;\">\u201eTibladins Zusammenarbeit mit Frauenkooperativen in Marokko ist mehr als nur ein Gesch\u00e4ft. Es ist Ausdruck meines tiefen Respekts f\u00fcr marokkanische Handwerkskunst und meines Wunsches, Frauen dabei zu unterst\u00fctzen, f\u00fcr sich und ihre Familien ein besseres Leben aufzubauen. Die Zusammenarbeit mit Frauenkooperativen ist daher ein pers\u00f6nliches Projekt, das vom Engagement meines Schwiegervaters, anderen zu helfen, inspiriert wurde. Ich bin stolz, dazu beitragen zu k\u00f6nnen, Frauen wirtschaftlich zu st\u00e4rken und ihnen die M\u00f6glichkeit zu geben, ihr kreatives Potenzial zu entfalten.\u201c \u2013 Mette Frank Bijaad, Inhaberin von Tibladin.<\/p>\n\n\t\t<\/div>\n\t<\/div>\n<\/div><\/div><\/div><\/div><div class=\"vc_row wpb_row vc_row-fluid\"><div class=\"wpb_column vc_column_container vc_col-sm-6\"><div class=\"vc_column-inner\"><div class=\"wpb_wrapper\">\n\t<div  class=\"wpb_single_image wpb_content_element vc_align_center wpb_content_element\">\n\t\t\n\t\t<figure class=\"wpb_wrapper vc_figure\">\n\t\t\t<div class=\"vc_single_image-wrapper   vc_box_border_grey\"><img decoding=\"async\" class=\"vc_single_image-img\" src=\"https:\/\/tibladin.dk\/wp-content\/uploads\/2025\/01\/Vaeveteknikker_kvindekoopertaiv_4-600x700.jpg\" width=\"600\" height=\"700\" alt=\"Webtechniken_Frauenkooperative_Zwei Frauen beim Weben\" title=\"Webtechniken_Frauenkooperative_4\" loading=\"lazy\" \/><\/div>\n\t\t<\/figure>\n\t<\/div>\n<\/div><\/div><\/div><div class=\"wpb_column vc_column_container vc_col-sm-6\"><div class=\"vc_column-inner\"><div class=\"wpb_wrapper\">\n\t<div  class=\"wpb_single_image wpb_content_element vc_align_center wpb_content_element\">\n\t\t\n\t\t<figure class=\"wpb_wrapper vc_figure\">\n\t\t\t<div class=\"vc_single_image-wrapper   vc_box_border_grey\"><img decoding=\"async\" class=\"vc_single_image-img\" src=\"https:\/\/tibladin.dk\/wp-content\/uploads\/2025\/01\/Broderier_kvindekoopertaiv_1-600x700.jpg\" width=\"600\" height=\"700\" alt=\"Frau arbeitet in einer Frauenkooperative\" title=\"Stickereien_Frauenkooperative_1\" loading=\"lazy\" \/><\/div>\n\t\t<\/figure>\n\t<\/div>\n<\/div><\/div><\/div><\/div><div class=\"vc_row wpb_row vc_row-fluid\"><div class=\"wpb_column vc_column_container vc_col-sm-12\"><div class=\"vc_column-inner\"><div class=\"wpb_wrapper\"><h2 style=\"text-align: center\" class=\"vc_custom_heading vc_do_custom_heading\" >Verbesserung der Lebensbedingungen marokkanischer Frauen<\/h2>\n\t<div class=\"wpb_text_column wpb_content_element\" >\n\t\t<div class=\"wpb_wrapper\">\n\t\t\t<p style=\"text-align: center;\">Tibladin arbeitet sozial und wirtschaftlich mit mehreren Frauenkooperativen zusammen, um die Bedingungen der Frauen zu verbessern und den Lebensstandard vieler Familien zu steigern. In diesen Kooperativen wurden Schulen und Kinderg\u00e4rten eingerichtet, damit die Kinder lernen k\u00f6nnen, w\u00e4hrend ihre M\u00fctter arbeiten. Die Frauen verf\u00fcgen \u00fcber beeindruckende handwerkliche F\u00e4higkeiten und fertigen mit gro\u00dfer Sorgfalt und Pr\u00e4zision wundersch\u00f6ne Strick-, Web-, Stickerei- und N\u00e4harbeiten. Ziel der Kooperativen ist es, die alten Handwerkstraditionen zu bewahren und zugleich neue, moderne Kreationen zu entwickeln. Dadurch werden die F\u00e4higkeiten der Frauen gef\u00f6rdert und ein gutes Gleichgewicht zwischen Tradition und Innovation geschaffen.<\/p>\n\n\t\t<\/div>\n\t<\/div>\n<h2 style=\"text-align: center\" class=\"vc_custom_heading vc_do_custom_heading\" >Unterst\u00fctzung f\u00fcr lokale Gemeinschaften<\/h2>\n\t<div class=\"wpb_text_column wpb_content_element\" >\n\t\t<div class=\"wpb_wrapper\">\n\t\t\t<p style=\"text-align: center;\">Die Hilfe f\u00fcr Marokkaner ist eine der wichtigsten S\u00e4ulen, auf denen Tibladin aufbaut. Zu Ehren meines Schwiegervaters, der sich im Rahmen seiner Arbeit f\u00fcr die marokkanische Regierung auf die Entwicklung der Infrastruktur in kleinen D\u00f6rfern konzentrierte, wurden Projekte ins Leben gerufen, die es den Dorfbewohnern erm\u00f6glichen, Unternehmen zu gr\u00fcnden, die ihren Lebensunterhalt langfristig sichern k\u00f6nnen. Dieses Engagement zur Unterst\u00fctzung lokaler Gemeinschaften ist eine Grundlage, die Hand in Hand mit den Werten und der Mission von Tibladin geht.<\/p>\n\n\t\t<\/div>\n\t<\/div>\n<\/div><\/div><\/div><\/div><div class=\"vc_row wpb_row vc_row-fluid\"><div class=\"wpb_column vc_column_container vc_col-sm-6\"><div class=\"vc_column-inner\"><div class=\"wpb_wrapper\">\n\t<div  class=\"wpb_single_image wpb_content_element vc_align_center wpb_content_element\">\n\t\t\n\t\t<figure class=\"wpb_wrapper vc_figure\">\n\t\t\t<div class=\"vc_single_image-wrapper   vc_box_border_grey\"><img decoding=\"async\" class=\"vc_single_image-img\" src=\"https:\/\/tibladin.dk\/wp-content\/uploads\/2025\/01\/Vaeveteknikker_kvindekoopertaiv_1-600x700.jpg\" width=\"600\" height=\"700\" alt=\"Zwei Frauen arbeiten in einer Frauenkooperative\" title=\"Webtechniken_Frauenkooperative_1\" loading=\"lazy\" \/><\/div>\n\t\t<\/figure>\n\t<\/div>\n<\/div><\/div><\/div><div class=\"wpb_column vc_column_container vc_col-sm-6\"><div class=\"vc_column-inner\"><div class=\"wpb_wrapper\">\n\t<div  class=\"wpb_single_image wpb_content_element vc_align_center wpb_content_element\">\n\t\t\n\t\t<figure class=\"wpb_wrapper vc_figure\">\n\t\t\t<div class=\"vc_single_image-wrapper   vc_box_border_grey\"><img decoding=\"async\" class=\"vc_single_image-img\" src=\"https:\/\/tibladin.dk\/wp-content\/uploads\/2025\/01\/Vaevning_kvindekooperativ_9-1-600x700.jpg\" width=\"600\" height=\"700\" alt=\"Weben in einer Frauenkooperative\" title=\"Weberinnenkooperative_9\" loading=\"lazy\" \/><\/div>\n\t\t<\/figure>\n\t<\/div>\n<\/div><\/div><\/div><\/div><div class=\"vc_row wpb_row vc_row-fluid\"><div class=\"wpb_column vc_column_container vc_col-sm-12\"><div class=\"vc_column-inner\"><div class=\"wpb_wrapper\"><h2 style=\"text-align: center\" class=\"vc_custom_heading vc_do_custom_heading\" >Unterst\u00fctzen Sie Frauenkooperativen in Marokko<\/h2>\n\t<div class=\"wpb_text_column wpb_content_element\" >\n\t\t<div class=\"wpb_wrapper\">\n\t\t\t<p style=\"text-align: center;\">Entdecken Sie unsere Auswahl an Produkten, die in Zusammenarbeit mit Frauenkooperativen in Marokko entstanden sind. Jedes Produkt ist das Ergebnis der handwerklichen Geschicklichkeit und traditionellen Techniken der Frauen, kombiniert mit dem Wunsch, bessere Bedingungen f\u00fcr sie und ihre Familien zu unterst\u00fctzen und zu f\u00f6rdern. Entdecken Sie unter anderem unsere <a href=\"https:\/\/tibladin.dk\/de\/produktkategorie-3\/marokkanische-teppiche\/\">Decken<\/a> oder unsere <a href=\"https:\/\/tibladin.dk\/de\/produktkategorie-3\/innere\/wohnaccessoires\/textilien\/kissenbezug\/kissen-aus-kaktusseide\/\">Pulver<\/a>, erstellt in Zusammenarbeit mit Frauenkooperativen in Marokko.<\/p>\n\n\t\t<\/div>\n\t<\/div>\n<\/div><\/div><\/div><\/div><div class=\"vc_row wpb_row vc_row-fluid vc_row-o-content-middle vc_row-flex\"><div class=\"wpb_column vc_column_container vc_col-sm-6\"><div class=\"vc_column-inner\"><div class=\"wpb_wrapper\">\n\t<div class=\"wpb_video_widget wpb_content_element vc_clearfix   vc_video-aspect-ratio-169 vc_video-el-width-100 vc_video-align-center\" >\n\t\t<div class=\"wpb_wrapper\">\n\t\t\t\n\t\t\t<div class=\"wpb_video_wrapper\"><div class=\"video-container\"><iframe loading=\"lazy\" title=\"Tibladin-Lieferantenbesuch - Frauenkooperative Marokko\" width=\"500\" height=\"281\" src=\"https:\/\/www.youtube.com\/embed\/Y8cLkVwVAQQ?feature=oembed\" frameborder=\"0\" allow=\"accelerometer; autoplay; clipboard-write; encrypted-media; gyroscope; picture-in-picture; web-share\" referrerpolicy=\"strict-origin-when-cross-origin\" allowfullscreen><\/iframe><\/div><\/div>\n\t\t<\/div>\n\t<\/div>\n<\/div><\/div><\/div><div class=\"wpb_column vc_column_container vc_col-sm-6\"><div class=\"vc_column-inner\"><div class=\"wpb_wrapper\">\n\t<div class=\"wpb_text_column wpb_content_element\" >\n\t\t<div class=\"wpb_wrapper\">\n\t\t\t<h3>Kommen Sie uns besuchen!<\/h3>\n<p>Begleiten Sie uns zu einem inspirierenden Besuch einer der Frauenkooperativen, mit denen Tibladin zusammenarbeitet. Hier arbeiten wir eng zusammen, um k\u00f6stliche, einzigartige Produkte zu entwickeln, die sowohl Sch\u00f6nheit als auch Geschichte in Ihr Zuhause bringen. Durch unsere Zusammenarbeit schaffen wir nicht nur Produkte, sondern auch Chancen und Hoffnung f\u00fcr Hunderte von Frauen und ihre Familien in Marokko.<\/p>\n<p>Jedes Mal, wenn wir diese Kooperativen besuchen, erf\u00fcllt es uns mit Freude und Inspiration. Es ist etwas ganz Besonderes zu erleben, wie die Frauen ihr handwerkliches K\u00f6nnen in wundersch\u00f6ne Produkte verwandeln \u2013 und das alles, w\u00e4hrend sie in einer herzlichen Gemeinschaft zusammensitzen, Geschichten austauschen und sich gegenseitig unterst\u00fctzen. Ihre Arbeit ist nicht nur eine Einnahmequelle, sondern gibt ihnen auch Stolz und Selbstvertrauen.<\/p>\n<p>Die Besuche f\u00fchren uns auch in die kleine Schule und den Kindergarten, die einen wichtigen Bestandteil des Lebens im unmittelbaren Umfeld der Genossenschaft darstellen. Hier verbringen die Kinder ihren Tag mit Lernen und Entwickeln in einer sicheren Umgebung. Die Gesichter der Kleinen strahlen immer, wenn wir ihnen zur Unterst\u00fctzung bei den Schularbeiten neue Hefte, Stifte und Farben mitbringen. Es ist eine Erinnerung daran, was f\u00fcr einen gro\u00dfen Unterschied selbst kleine Beitr\u00e4ge machen k\u00f6nnen.<\/p>\n<p>Wenn Sie bei Tibladin einkaufen, kaufen Sie viel mehr, als nur ein Produkt. Sie unterst\u00fctzen die Frauen hinter jedem handgefertigten St\u00fcck \u2013 und tragen dazu bei, ihnen und ihren Familien eine bessere Zukunft zu erm\u00f6glichen. Ihr Kauf macht einen Unterschied.<\/p>\n<p>Von uns allen und den Frauen in den Kooperativen: Ein herzliches DANKESCH\u00d6N f\u00fcr eure Unterst\u00fctzung!<\/p>\n\n\t\t<\/div>\n\t<\/div>\n<\/div><\/div><\/div><\/div>\n<\/div>","protected":false},"excerpt":{"rendered":"Kvindekooperativ \"Tibladins samarbejde med kvindekooperativer i Marokko er mere end bare en forretning. Det er et udtryk for min dybe respekt for det marokkanske h\u00e5ndv\u00e6rk og et \u00f8nske om at st\u00f8tte kvinderne i at opbygge et bedre liv for sig selv og deres familier. Samarbejdet med kvindekooperativer er derfor et personligt projekt, der er inspireret [...]","protected":false},"author":2,"featured_media":0,"parent":0,"menu_order":0,"comment_status":"closed","ping_status":"closed","template":"template-fullwidth-no-heading.php","meta":{"inline_featured_image":false,"footnotes":""},"class_list":["post-34355","page","type-page","status-publish","hentry"],"yoast_head":"<!-- This site is optimized with the Yoast SEO plugin v27.5 - https:\/\/yoast.com\/product\/yoast-seo-wordpress\/ -->\n<title>Kvindekooperativ | Tibladin samarbejder med kvindekooperativ<\/title>\n<meta name=\"description\" content=\"Tibladin samarbejder med kvindekooperativer i Marokko med fokus p\u00e5 traditionelt h\u00e5ndv\u00e6rk og \u00f8nsket om give kvinder \u00f8konomisk uafh\u00e6ngighed.\" \/>\n<meta name=\"robots\" content=\"index, follow, max-snippet:-1, max-image-preview:large, max-video-preview:-1\" \/>\n<link rel=\"canonical\" href=\"https:\/\/tibladin.dk\/de\/frauenkooperative\/\" \/>\n<meta property=\"og:locale\" content=\"de_DE\" \/>\n<meta property=\"og:type\" content=\"article\" \/>\n<meta property=\"og:title\" content=\"Kvindekooperativ | Tibladin samarbejder med kvindekooperativ\" \/>\n<meta property=\"og:description\" content=\"Tibladin samarbejder med kvindekooperativer i Marokko med fokus p\u00e5 traditionelt h\u00e5ndv\u00e6rk og \u00f8nsket om give kvinder \u00f8konomisk uafh\u00e6ngighed.\" \/>\n<meta property=\"og:url\" content=\"https:\/\/tibladin.dk\/de\/frauenkooperative\/\" \/>\n<meta property=\"og:site_name\" content=\"Tibladin\" \/>\n<meta property=\"article:modified_time\" content=\"2025-01-28T14:06:17+00:00\" \/>\n<meta name=\"twitter:card\" content=\"summary_large_image\" \/>\n<meta name=\"twitter:label1\" content=\"Gesch\u00e4tzte Lesezeit\" \/>\n\t<meta name=\"twitter:data1\" content=\"5\u00a0Minuten\" \/>\n<script type=\"application\/ld+json\" class=\"yoast-schema-graph\">{\"@context\":\"https:\\\/\\\/schema.org\",\"@graph\":[{\"@type\":\"WebPage\",\"@id\":\"https:\\\/\\\/tibladin.dk\\\/kvindekooperativ\\\/\",\"url\":\"https:\\\/\\\/tibladin.dk\\\/kvindekooperativ\\\/\",\"name\":\"Kvindekooperativ | Tibladin samarbejder med kvindekooperativ\",\"isPartOf\":{\"@id\":\"https:\\\/\\\/tibladin.dk\\\/#website\"},\"datePublished\":\"2025-01-27T12:13:17+00:00\",\"dateModified\":\"2025-01-28T14:06:17+00:00\",\"description\":\"Tibladin samarbejder med kvindekooperativer i Marokko med fokus p\u00e5 traditionelt h\u00e5ndv\u00e6rk og \u00f8nsket om give kvinder \u00f8konomisk uafh\u00e6ngighed.\",\"breadcrumb\":{\"@id\":\"https:\\\/\\\/tibladin.dk\\\/kvindekooperativ\\\/#breadcrumb\"},\"inLanguage\":\"de\",\"potentialAction\":[{\"@type\":\"ReadAction\",\"target\":[\"https:\\\/\\\/tibladin.dk\\\/kvindekooperativ\\\/\"]}]},{\"@type\":\"BreadcrumbList\",\"@id\":\"https:\\\/\\\/tibladin.dk\\\/kvindekooperativ\\\/#breadcrumb\",\"itemListElement\":[{\"@type\":\"ListItem\",\"position\":1,\"name\":\"Hjem\",\"item\":\"https:\\\/\\\/tibladin.dk\\\/\"},{\"@type\":\"ListItem\",\"position\":2,\"name\":\"Kvindekooperativ\"}]},{\"@type\":\"WebSite\",\"@id\":\"https:\\\/\\\/tibladin.dk\\\/#website\",\"url\":\"https:\\\/\\\/tibladin.dk\\\/\",\"name\":\"Tibladin\",\"description\":\"Tibladin\",\"publisher\":{\"@id\":\"https:\\\/\\\/tibladin.dk\\\/#organization\"},\"potentialAction\":[{\"@type\":\"SearchAction\",\"target\":{\"@type\":\"EntryPoint\",\"urlTemplate\":\"https:\\\/\\\/tibladin.dk\\\/?s={search_term_string}\"},\"query-input\":{\"@type\":\"PropertyValueSpecification\",\"valueRequired\":true,\"valueName\":\"search_term_string\"}}],\"inLanguage\":\"de\"},{\"@type\":\"Organization\",\"@id\":\"https:\\\/\\\/tibladin.dk\\\/#organization\",\"name\":\"Tibladin\",\"url\":\"https:\\\/\\\/tibladin.dk\\\/\",\"logo\":{\"@type\":\"ImageObject\",\"inLanguage\":\"de\",\"@id\":\"https:\\\/\\\/tibladin.dk\\\/#\\\/schema\\\/logo\\\/image\\\/\",\"url\":\"https:\\\/\\\/tibladin.dk\\\/wp-content\\\/uploads\\\/2022\\\/09\\\/tibladin_logo.svg\",\"contentUrl\":\"https:\\\/\\\/tibladin.dk\\\/wp-content\\\/uploads\\\/2022\\\/09\\\/tibladin_logo.svg\",\"caption\":\"Tibladin\"},\"image\":{\"@id\":\"https:\\\/\\\/tibladin.dk\\\/#\\\/schema\\\/logo\\\/image\\\/\"}}]}<\/script>\n<!-- \/ Yoast SEO plugin. -->","yoast_head_json":{"title":"Frauenkooperative | Tibladin arbeitet mit Frauenkooperative zusammen","description":"Tibladin arbeitet mit Frauenkooperativen in Marokko zusammen und konzentriert sich dabei auf traditionelles Handwerk und den Wunsch, Frauen wirtschaftliche Unabh\u00e4ngigkeit zu erm\u00f6glichen.","robots":{"index":"index","follow":"follow","max-snippet":"max-snippet:-1","max-image-preview":"max-image-preview:large","max-video-preview":"max-video-preview:-1"},"canonical":"https:\/\/tibladin.dk\/de\/frauenkooperative\/","og_locale":"de_DE","og_type":"article","og_title":"Kvindekooperativ | Tibladin samarbejder med kvindekooperativ","og_description":"Tibladin samarbejder med kvindekooperativer i Marokko med fokus p\u00e5 traditionelt h\u00e5ndv\u00e6rk og \u00f8nsket om give kvinder \u00f8konomisk uafh\u00e6ngighed.","og_url":"https:\/\/tibladin.dk\/de\/frauenkooperative\/","og_site_name":"Tibladin","article_modified_time":"2025-01-28T14:06:17+00:00","twitter_card":"summary_large_image","twitter_misc":{"Gesch\u00e4tzte Lesezeit":"5\u00a0Minuten"},"schema":{"@context":"https:\/\/schema.org","@graph":[{"@type":"WebPage","@id":"https:\/\/tibladin.dk\/kvindekooperativ\/","url":"https:\/\/tibladin.dk\/kvindekooperativ\/","name":"Frauenkooperative | Tibladin arbeitet mit Frauenkooperative zusammen","isPartOf":{"@id":"https:\/\/tibladin.dk\/#website"},"datePublished":"2025-01-27T12:13:17+00:00","dateModified":"2025-01-28T14:06:17+00:00","description":"Tibladin arbeitet mit Frauenkooperativen in Marokko zusammen und konzentriert sich dabei auf traditionelles Handwerk und den Wunsch, Frauen wirtschaftliche Unabh\u00e4ngigkeit zu erm\u00f6glichen.","breadcrumb":{"@id":"https:\/\/tibladin.dk\/kvindekooperativ\/#breadcrumb"},"inLanguage":"de","potentialAction":[{"@type":"ReadAction","target":["https:\/\/tibladin.dk\/kvindekooperativ\/"]}]},{"@type":"BreadcrumbList","@id":"https:\/\/tibladin.dk\/kvindekooperativ\/#breadcrumb","itemListElement":[{"@type":"ListItem","position":1,"name":"Hjem","item":"https:\/\/tibladin.dk\/"},{"@type":"ListItem","position":2,"name":"Kvindekooperativ"}]},{"@type":"WebSite","@id":"https:\/\/tibladin.dk\/#website","url":"https:\/\/tibladin.dk\/","name":"Tibladin","description":"Tibladin","publisher":{"@id":"https:\/\/tibladin.dk\/#organization"},"potentialAction":[{"@type":"SearchAction","target":{"@type":"EntryPoint","urlTemplate":"https:\/\/tibladin.dk\/?s={search_term_string}"},"query-input":{"@type":"PropertyValueSpecification","valueRequired":true,"valueName":"search_term_string"}}],"inLanguage":"de"},{"@type":"Organization","@id":"https:\/\/tibladin.dk\/#organization","name":"Tibladin","url":"https:\/\/tibladin.dk\/","logo":{"@type":"ImageObject","inLanguage":"de","@id":"https:\/\/tibladin.dk\/#\/schema\/logo\/image\/","url":"https:\/\/tibladin.dk\/wp-content\/uploads\/2022\/09\/tibladin_logo.svg","contentUrl":"https:\/\/tibladin.dk\/wp-content\/uploads\/2022\/09\/tibladin_logo.svg","caption":"Tibladin"},"image":{"@id":"https:\/\/tibladin.dk\/#\/schema\/logo\/image\/"}}]}},"_links":{"self":[{"href":"https:\/\/tibladin.dk\/de\/wp-json\/wp\/v2\/pages\/34355","targetHints":{"allow":["GET"]}}],"collection":[{"href":"https:\/\/tibladin.dk\/de\/wp-json\/wp\/v2\/pages"}],"about":[{"href":"https:\/\/tibladin.dk\/de\/wp-json\/wp\/v2\/types\/page"}],"author":[{"embeddable":true,"href":"https:\/\/tibladin.dk\/de\/wp-json\/wp\/v2\/users\/2"}],"replies":[{"embeddable":true,"href":"https:\/\/tibladin.dk\/de\/wp-json\/wp\/v2\/comments?post=34355"}],"version-history":[{"count":21,"href":"https:\/\/tibladin.dk\/de\/wp-json\/wp\/v2\/pages\/34355\/revisions"}],"predecessor-version":[{"id":34715,"href":"https:\/\/tibladin.dk\/de\/wp-json\/wp\/v2\/pages\/34355\/revisions\/34715"}],"wp:attachment":[{"href":"https:\/\/tibladin.dk\/de\/wp-json\/wp\/v2\/media?parent=34355"}],"curies":[{"name":"wp","href":"https:\/\/api.w.org\/{rel}","templated":true}]}}