{"id":34358,"date":"2025-01-27T13:32:52","date_gmt":"2025-01-27T12:32:52","guid":{"rendered":"https:\/\/tibladin.dk\/?page_id=34358"},"modified":"2025-01-27T14:06:50","modified_gmt":"2025-01-27T13:06:50","slug":"herstellung-unserer-keramik","status":"publish","type":"page","link":"https:\/\/tibladin.dk\/de\/produktion-af-vores-keramik\/","title":{"rendered":"Herstellung unserer Keramik"},"content":{"rendered":"<div class=\"wpb-content-wrapper\"><div class=\"vc_row wpb_row vc_row-fluid\"><div class=\"wpb_column vc_column_container vc_col-sm-12\"><div class=\"vc_column-inner\"><div class=\"wpb_wrapper\"><div class=\"vc_separator wpb_content_element vc_separator_align_center vc_sep_width_100 vc_sep_pos_align_center vc_separator_no_text vc_sep_color_grey wpb_content_element  wpb_content_element\" ><span class=\"vc_sep_holder vc_sep_holder_l\"><span class=\"vc_sep_line\"><\/span><\/span><span class=\"vc_sep_holder vc_sep_holder_r\"><span class=\"vc_sep_line\"><\/span><\/span>\n<\/div><h1 style=\"text-align: center\" class=\"vc_custom_heading vc_do_custom_heading\" >Herstellung unserer Keramik<\/h1>\n\t<div class=\"wpb_text_column wpb_content_element\" >\n\t\t<div class=\"wpb_wrapper\">\n\t\t\t<p style=\"text-align: center;\">\u201eMarokkanische Keramik hat eine lange Tradition und Geschichte, die mich zutiefst fasziniert. Bei Tibladin w\u00e4hle ich farbenfrohe Keramiken sorgf\u00e4ltig von Hand aus und arbeite mit lokalen Kooperativen zusammen, um die talentierten K\u00fcnstler zu unterst\u00fctzen. Gleichzeitig entwickeln wir unsere eigenen Produkte, in denen wir authentisches marokkanisches Design mit der schlichten Eleganz skandinavischen Designs kombinieren.\u201c \u2013 Mette Frank Bijaad, Inhaberin von Tibladin.<\/p>\n\n\t\t<\/div>\n\t<\/div>\n<\/div><\/div><\/div><\/div><div class=\"vc_row wpb_row vc_row-fluid\"><div class=\"wpb_column vc_column_container vc_col-sm-6\"><div class=\"vc_column-inner\"><div class=\"wpb_wrapper\">\n\t<div  class=\"wpb_single_image wpb_content_element vc_align_center wpb_content_element\">\n\t\t\n\t\t<figure class=\"wpb_wrapper vc_figure\">\n\t\t\t<div class=\"vc_single_image-wrapper   vc_box_border_grey\"><img decoding=\"async\" class=\"vc_single_image-img\" src=\"https:\/\/tibladin.dk\/wp-content\/uploads\/2025\/01\/Keramik_1-600x700.jpg\" width=\"600\" height=\"700\" alt=\"Ceramics_1_ Mann, der Keramik herstellt\" title=\"Keramik_1\" loading=\"lazy\" \/><\/div>\n\t\t<\/figure>\n\t<\/div>\n<\/div><\/div><\/div><div class=\"wpb_column vc_column_container vc_col-sm-6\"><div class=\"vc_column-inner\"><div class=\"wpb_wrapper\">\n\t<div  class=\"wpb_single_image wpb_content_element vc_align_center wpb_content_element\">\n\t\t\n\t\t<figure class=\"wpb_wrapper vc_figure\">\n\t\t\t<div class=\"vc_single_image-wrapper   vc_box_border_grey\"><img decoding=\"async\" class=\"vc_single_image-img\" src=\"https:\/\/tibladin.dk\/wp-content\/uploads\/2025\/01\/keramik_19-600x700.jpg\" width=\"600\" height=\"700\" alt=\"Keramik_19_Mann, der Keramik herstellt\" title=\"Keramik_19\" loading=\"lazy\" \/><\/div>\n\t\t<\/figure>\n\t<\/div>\n<\/div><\/div><\/div><\/div><div class=\"vc_row wpb_row vc_row-fluid\"><div class=\"wpb_column vc_column_container vc_col-sm-12\"><div class=\"vc_column-inner\"><div class=\"wpb_wrapper\"><h2 style=\"text-align: center\" class=\"vc_custom_heading vc_do_custom_heading\" >Marokkanischer Charme<\/h2>\n\t<div class=\"wpb_text_column wpb_content_element\" >\n\t\t<div class=\"wpb_wrapper\">\n\t\t\t<p style=\"text-align: center;\">Marokkanische Keramik wird von talentierten Kunsthandwerkern handgefertigt, was jedem St\u00fcck einen einzigartigen und rustikalen Charme verleiht. Ob als Keramiksch\u00fcssel auf dem K\u00fcchentisch oder als dekorative Keramikplatte: marokkanische Keramik bringt Farbe, Pers\u00f6nlichkeit und kulturelle Tiefe in Ihr Zuhause.<\/p>\n<p style=\"text-align: center;\">Die farbenfrohe marokkanische Keramik wird von einer Kooperative handverlesen, die mit Designern aus ganz Marokko zusammenarbeitet. Die Keramik ist vor allem von Safi inspiriert, wo auch viele der erfahrenen Keramiker ihre Wurzeln haben. Gleichzeitig werden in Zusammenarbeit mit Keramikern anderer Bereiche kontinuierlich neue Designs entwickelt.<\/p>\n\n\t\t<\/div>\n\t<\/div>\n<\/div><\/div><\/div><\/div><div class=\"vc_row wpb_row vc_row-fluid\"><div class=\"wpb_column vc_column_container vc_col-sm-6\"><div class=\"vc_column-inner\"><div class=\"wpb_wrapper\">\n\t<div  class=\"wpb_single_image wpb_content_element vc_align_center wpb_content_element\">\n\t\t\n\t\t<figure class=\"wpb_wrapper vc_figure\">\n\t\t\t<div class=\"vc_single_image-wrapper   vc_box_border_grey\"><img decoding=\"async\" class=\"vc_single_image-img\" src=\"https:\/\/tibladin.dk\/wp-content\/uploads\/2025\/01\/keramik_13-600x700.jpg\" width=\"600\" height=\"700\" alt=\"Keramik_13_Rohmaterial f\u00fcr die Herstellung von Keramik\" title=\"Keramik_13\" loading=\"lazy\" \/><\/div>\n\t\t<\/figure>\n\t<\/div>\n<\/div><\/div><\/div><div class=\"wpb_column vc_column_container vc_col-sm-6\"><div class=\"vc_column-inner\"><div class=\"wpb_wrapper\">\n\t<div  class=\"wpb_single_image wpb_content_element vc_align_center wpb_content_element\">\n\t\t\n\t\t<figure class=\"wpb_wrapper vc_figure\">\n\t\t\t<div class=\"vc_single_image-wrapper   vc_box_border_grey\"><img decoding=\"async\" class=\"vc_single_image-img\" src=\"https:\/\/tibladin.dk\/wp-content\/uploads\/2025\/01\/keramik_21-600x700.jpg\" width=\"600\" height=\"700\" alt=\"keramik_21_rohstoff_zur_herstellung\" title=\"Keramik_21\" loading=\"lazy\" \/><\/div>\n\t\t<\/figure>\n\t<\/div>\n<\/div><\/div><\/div><\/div><div class=\"vc_row wpb_row vc_row-fluid\"><div class=\"wpb_column vc_column_container vc_col-sm-12\"><div class=\"vc_column-inner\"><div class=\"wpb_wrapper\"><h2 style=\"text-align: center\" class=\"vc_custom_heading vc_do_custom_heading\" >Geschichte der marokkanischen Keramik<\/h2>\n\t<div class=\"wpb_text_column wpb_content_element\" >\n\t\t<div class=\"wpb_wrapper\">\n\t\t\t<p style=\"text-align: center;\">Marokko ist f\u00fcr seine reiche Kultur bekannt und zieht viele Touristen an. Einer der beliebtesten Sch\u00e4tze ist marokkanische Keramik. Diese Kunstform, die das Erbe der Berber mit arabischen Motiven verbindet, macht Marokko zu einem der f\u00fchrenden Hersteller von Keramik und Steingut, darunter Keramiksch\u00fcsseln, -teller und anderes Steingut.<\/p>\n<p style=\"text-align: center;\">Die Geschichte marokkanischer Keramik reicht \u00fcber 6.000 Jahre zur\u00fcck, als die Berber erstmals begannen, diese ikonischen Keramikkunstwerke zu schaffen. Die Berber gelten als Begr\u00fcnder dieser Tradition, die seit jeher ein wichtiger Bestandteil des marokkanischen Handwerks ist.<\/p>\n<p style=\"text-align: center;\">In Marokko finden Sie eine F\u00fclle marokkanischer Keramiksch\u00fcsseln, -teller und anderer Steingutwaren. Die marokkanische Keramik von Tibladin wird in Marrakesch in Zusammenarbeit mit K\u00fcnstlern aus der Stadt Safi hergestellt, was bedeutet, dass die Keramik stark vom bekannten Safi-Stil inspiriert ist. Safi, eine Hafenstadt und Provinzstadt im Westen Marokkos, ist ber\u00fchmt f\u00fcr ihre handgefertigte Keramik.<\/p>\n\n\t\t<\/div>\n\t<\/div>\n<\/div><\/div><\/div><\/div><div class=\"vc_row wpb_row vc_row-fluid\"><div class=\"wpb_column vc_column_container vc_col-sm-12\"><div class=\"vc_column-inner\"><div class=\"wpb_wrapper\"><h2 style=\"text-align: center\" class=\"vc_custom_heading vc_do_custom_heading\" >Eine Fusion aus Tradition und skandinavischem Design<\/h2>\n\t<div class=\"wpb_text_column wpb_content_element\" >\n\t\t<div class=\"wpb_wrapper\">\n\t\t\t<p style=\"text-align: center;\">Die Tamegroute-Keramik mit ihrem rustikalen und einzigartigen Ausdruck stammt aus einem kleinen Dorf im S\u00fcden Marokkos. Hier, am einzigen Ort der Welt, an dem diese besondere Keramik hergestellt wird, wird ein geheimes Rezept verwendet, das \u00fcber Generationen weitergegeben wurde. Es ist diese Kombination aus Tradition und Authentizit\u00e4t, die die Keramik von Tamegroute zu etwas wirklich Besonderem macht.<\/p>\n<p style=\"text-align: center;\">Mette Frank Bijaad, Inhaberin von Tibladin, liebt rustikales Design und sch\u00e4tzt die handwerklichen Traditionen hinter jedem einzelnen T\u00f6pferst\u00fcck. Gleichzeitig teilt Mette eine Vision mit dem Hersteller in Marokko, der nicht nur an traditionellen Techniken festh\u00e4lt, sondern auch zukunftsorientiert denkt und bereit ist, mit neuen Designs zu experimentieren. Diese Offenheit hat eine einzigartige Gelegenheit geschaffen, die zeitlose Handwerkskunst von Tamegroute mit dem minimalistischen skandinavischen Design zu vereinen, f\u00fcr das Tibladin bekannt ist.<\/p>\n<p style=\"text-align: center;\">Das Ergebnis ist eine harmonische Fusion, die das Rohe und Organische mit dem Einfachen und Stilvollen vereint \u2013 eine Hommage an Tradition und Moderne zugleich. Daher bietet Tibladin eine exklusive Auswahl an Tamegroute-Keramik an, die diejenigen anspricht, die etwas Einzigartiges und Bedeutungsvolles f\u00fcr ihr Zuhause m\u00f6chten.<\/p>\n\n\t\t<\/div>\n\t<\/div>\n<\/div><\/div><\/div><\/div><div class=\"vc_row wpb_row vc_row-fluid\"><div class=\"wpb_column vc_column_container vc_col-sm-6\"><div class=\"vc_column-inner\"><div class=\"wpb_wrapper\">\n\t<div  class=\"wpb_single_image wpb_content_element vc_align_center wpb_content_element\">\n\t\t\n\t\t<figure class=\"wpb_wrapper vc_figure\">\n\t\t\t<div class=\"vc_single_image-wrapper   vc_box_border_grey\"><img decoding=\"async\" class=\"vc_single_image-img\" src=\"https:\/\/tibladin.dk\/wp-content\/uploads\/2025\/01\/keramik_8-600x700.jpg\" width=\"600\" height=\"700\" alt=\"Keramikofen in Marokko\" title=\"Keramik_8\" loading=\"lazy\" \/><\/div>\n\t\t<\/figure>\n\t<\/div>\n<\/div><\/div><\/div><div class=\"wpb_column vc_column_container vc_col-sm-6\"><div class=\"vc_column-inner\"><div class=\"wpb_wrapper\">\n\t<div  class=\"wpb_single_image wpb_content_element vc_align_center wpb_content_element\">\n\t\t\n\t\t<figure class=\"wpb_wrapper vc_figure\">\n\t\t\t<div class=\"vc_single_image-wrapper   vc_box_border_grey\"><img decoding=\"async\" class=\"vc_single_image-img\" src=\"https:\/\/tibladin.dk\/wp-content\/uploads\/2025\/01\/keramik_12-1-600x700.jpg\" width=\"600\" height=\"700\" alt=\"Keramik_12_Mann bei der Arbeit in seiner Werkstatt\" title=\"Keramik_12\" loading=\"lazy\" \/><\/div>\n\t\t<\/figure>\n\t<\/div>\n<\/div><\/div><\/div><\/div><div class=\"vc_row wpb_row vc_row-fluid\"><div class=\"wpb_column vc_column_container vc_col-sm-12\"><div class=\"vc_column-inner\"><div class=\"wpb_wrapper\"><h2 style=\"text-align: center\" class=\"vc_custom_heading vc_do_custom_heading\" >Einzigartiges Design<\/h2>\n\t<div class=\"wpb_text_column wpb_content_element\" >\n\t\t<div class=\"wpb_wrapper\">\n\t\t\t<p style=\"text-align: center;\">Bei Tibladin ist Keramik eine Hommage an Funktionalit\u00e4t und \u00c4sthetik zugleich. Mette Frank Bijaad spielt in mehreren Phasen des Designprozesses eine wichtige Rolle, wobei ihr scharfer Blick f\u00fcr Details und ihr Gesp\u00fcr f\u00fcr das Taktile einen bedeutenden Unterschied machen. Bei der Entwicklung neuer Produkte sind es vor allem die Formen von Tellern und Sch\u00fcsseln sowie die Henkel von Kr\u00fcgen, denen Mette ihre pers\u00f6nliche Note verleiht. Sie wei\u00df, dass Keramik nicht nur sch\u00f6n anzusehen, sondern auch angenehm in der Hand zu halten sein sollte.<\/p>\n<p style=\"text-align: center;\">Eine besondere Liebe zu Kontrasten pr\u00e4gt dar\u00fcber hinaus die Entw\u00fcrfe Tibladins. Mette liebt das Spiel mit Glasuren, bei dem durch das Zusammenspiel der Farben etwas Einzigartiges entsteht. Beispielsweise kann die eine H\u00e4lfte einer Sch\u00fcssel in einem neutralen Wei\u00dfton glasiert sein, w\u00e4hrend die andere H\u00e4lfte einen kr\u00e4ftigen Farbtupfer aufweist. Diese Farbkontraste verleihen den Produkten ein modernes und auff\u00e4lliges Aussehen, wahren jedoch gleichzeitig das Rustikale und Authentische.<\/p>\n<p style=\"text-align: center;\">Bei der Entwicklung von Form und Design wird auch die praktische Anwendung der Produkte ber\u00fccksichtigt. Die Sch\u00fcsseln und Teller sind so vielseitig, dass sie sich perfekt f\u00fcr alles eignen, vom Servieren von Poke Bowls bis hin zu Darl. Es ist diese Kombination aus Funktionalit\u00e4t und Sch\u00f6nheit, die die Keramik von Tibladin zu etwas ganz Besonderem macht \u2013 und Produkte entstehen l\u00e4sst, die gleicherma\u00dfen einzigartig und im Alltag n\u00fctzlich sind.<\/p>\n\n\t\t<\/div>\n\t<\/div>\n<\/div><\/div><\/div><\/div><div class=\"vc_row wpb_row vc_row-fluid\"><div class=\"wpb_column vc_column_container vc_col-sm-12\"><div class=\"vc_column-inner\"><div class=\"wpb_wrapper\"><h2 style=\"text-align: center\" class=\"vc_custom_heading vc_do_custom_heading\" >Die Produktion<\/h2>\n\t<div class=\"wpb_text_column wpb_content_element\" >\n\t\t<div class=\"wpb_wrapper\">\n\t\t\t<p style=\"text-align: center;\">Marokkanische Keramik wird aus drei Tonarten hergestellt: rotem, gelbem und wei\u00dfem Ton. Bevor der Ton f\u00fcr Keramikgeschirr und -sch\u00fcsseln verwendet werden kann, wird er gesiebt und fein gereinigt, um Steine und Kalk zu entfernen. Um dies zu erreichen, wird der Ton f\u00fcr l\u00e4ngere Zeit in Wassertanks gelegt. Anschlie\u00dfend muss der Ton mehrere Stunden in der Sonne trocknen, bevor er zur Herstellung marokkanischer Keramik verwendet werden kann.<\/p>\n<p style=\"text-align: center;\">Sobald der Ton vorbereitet ist, wird er geknetet. In Marokko geschieht dies traditionell mit den F\u00fc\u00dfen. Der Handwerker stampft auf den nassen Ton, um ihn zu massieren und gr\u00fcndlich zu kneten und alle Luftblasen zu entfernen. Dies ist ein wichtiger Vorgang, um Risse in der Keramik nach dem Brennen zu vermeiden.<\/p>\n<p style=\"text-align: center;\">Nach dem Kneten werden aus dem Ton Keramikschalen und -t\u00f6pfe geformt, die Sie hier auf dieser Seite finden. Anschlie\u00dfend wird der Ton in der Sonne getrocknet und anschlie\u00dfend in einem Ofen bei hohen Temperaturen zwischen 900 und 1200 Grad gebrannt.<\/p>\n<p style=\"text-align: center;\">Der letzte Schritt bei der Herstellung marokkanischer Keramik ist die Dekoration, auf Arabisch auch \u201eZwak\u201c genannt. Die marokkanischen Keramiksch\u00fcsseln und -teller tragen Formen und Symbole, die von der Amazigh-Kultur und Versen aus dem Koran inspiriert sind.<\/p>\n<p style=\"text-align: center;\">Um der Keramik ein glattes und gl\u00e4nzendes Aussehen zu verleihen, wird die marokkanische Keramik mit einer d\u00fcnnen Farbschicht \u00fcberzogen. Die Farben werden durch Oxide erzeugt (Eisenoxid f\u00fcr Braun, Kupfer f\u00fcr Gr\u00fcn und Kobalt f\u00fcr Blau); der Vorgang wird \u201eGlasieren\u201c genannt. Dadurch erh\u00e4lt die Keramik einen sch\u00f6nen Glanz. Zum Schluss durchlaufen die marokkanischen Keramikteller und -sch\u00fcsseln einen letzten Durchgang durch den Ofen.<\/p>\n<p style=\"text-align: center;\"><a href=\"https:\/\/tibladin.dk\/de\/produktkategorie-3\/innere\/sitzordnung-bei-tisch-2\/marokkanische-keramik\/\">Entdecken Sie unser Keramikuniversum<\/a><b>, <\/b>und lassen Sie sich von der reichen Geschichte und Kultur inspirieren, die in jedem Produkt verwoben ist.<\/p>\n\n\t\t<\/div>\n\t<\/div>\n<\/div><\/div><\/div><\/div>\n<\/div>","protected":false},"excerpt":{"rendered":"Produktion af vores keramik \"Marokkansk keramik rummer en dyb tradition og historie, som jeg er dybt fascineret af. Hos Tibladin h\u00e5ndplukker jeg med omhu farverig keramik og samarbejder med lokale kooperativer for at st\u00f8tte de dygtige kunstnere. Samtidig udvikler vi vores egne produkter, hvor vi forener det autentiske marokkanske design med den enkle elegance fra [...]","protected":false},"author":2,"featured_media":0,"parent":0,"menu_order":0,"comment_status":"closed","ping_status":"closed","template":"template-fullwidth-no-heading.php","meta":{"inline_featured_image":false,"footnotes":""},"class_list":["post-34358","page","type-page","status-publish","hentry"],"yoast_head":"<!-- This site is optimized with the Yoast SEO plugin v27.5 - https:\/\/yoast.com\/product\/yoast-seo-wordpress\/ -->\n<title>Produktion af vores keramik | Tibladin &amp; Marokkansk Keramik<\/title>\n<meta name=\"description\" content=\"Tibladin samarbejder med dygtige keramikere om at skabe unikke stent\u00f8jskollektioner. Vi kombinerer egne designs med marokkansk keramik.\" \/>\n<meta name=\"robots\" content=\"index, follow, max-snippet:-1, max-image-preview:large, max-video-preview:-1\" \/>\n<link rel=\"canonical\" href=\"https:\/\/tibladin.dk\/de\/herstellung-unserer-keramik\/\" \/>\n<meta property=\"og:locale\" content=\"de_DE\" \/>\n<meta property=\"og:type\" content=\"article\" \/>\n<meta property=\"og:title\" content=\"Produktion af vores keramik | Tibladin &amp; Marokkansk Keramik\" \/>\n<meta property=\"og:description\" content=\"Tibladin samarbejder med dygtige keramikere om at skabe unikke stent\u00f8jskollektioner. Vi kombinerer egne designs med marokkansk keramik.\" \/>\n<meta property=\"og:url\" content=\"https:\/\/tibladin.dk\/de\/herstellung-unserer-keramik\/\" \/>\n<meta property=\"og:site_name\" content=\"Tibladin\" \/>\n<meta property=\"article:modified_time\" content=\"2025-01-27T13:06:50+00:00\" \/>\n<meta name=\"twitter:card\" content=\"summary_large_image\" \/>\n<meta name=\"twitter:label1\" content=\"Gesch\u00e4tzte Lesezeit\" \/>\n\t<meta name=\"twitter:data1\" content=\"7\u00a0Minuten\" \/>\n<script type=\"application\/ld+json\" class=\"yoast-schema-graph\">{\"@context\":\"https:\\\/\\\/schema.org\",\"@graph\":[{\"@type\":\"WebPage\",\"@id\":\"https:\\\/\\\/tibladin.dk\\\/produktion-af-vores-keramik\\\/\",\"url\":\"https:\\\/\\\/tibladin.dk\\\/produktion-af-vores-keramik\\\/\",\"name\":\"Produktion af vores keramik | Tibladin & Marokkansk Keramik\",\"isPartOf\":{\"@id\":\"https:\\\/\\\/tibladin.dk\\\/#website\"},\"datePublished\":\"2025-01-27T12:32:52+00:00\",\"dateModified\":\"2025-01-27T13:06:50+00:00\",\"description\":\"Tibladin samarbejder med dygtige keramikere om at skabe unikke stent\u00f8jskollektioner. Vi kombinerer egne designs med marokkansk keramik.\",\"breadcrumb\":{\"@id\":\"https:\\\/\\\/tibladin.dk\\\/produktion-af-vores-keramik\\\/#breadcrumb\"},\"inLanguage\":\"de\",\"potentialAction\":[{\"@type\":\"ReadAction\",\"target\":[\"https:\\\/\\\/tibladin.dk\\\/produktion-af-vores-keramik\\\/\"]}]},{\"@type\":\"BreadcrumbList\",\"@id\":\"https:\\\/\\\/tibladin.dk\\\/produktion-af-vores-keramik\\\/#breadcrumb\",\"itemListElement\":[{\"@type\":\"ListItem\",\"position\":1,\"name\":\"Hjem\",\"item\":\"https:\\\/\\\/tibladin.dk\\\/\"},{\"@type\":\"ListItem\",\"position\":2,\"name\":\"Produktion af vores keramik\"}]},{\"@type\":\"WebSite\",\"@id\":\"https:\\\/\\\/tibladin.dk\\\/#website\",\"url\":\"https:\\\/\\\/tibladin.dk\\\/\",\"name\":\"Tibladin\",\"description\":\"Tibladin\",\"publisher\":{\"@id\":\"https:\\\/\\\/tibladin.dk\\\/#organization\"},\"potentialAction\":[{\"@type\":\"SearchAction\",\"target\":{\"@type\":\"EntryPoint\",\"urlTemplate\":\"https:\\\/\\\/tibladin.dk\\\/?s={search_term_string}\"},\"query-input\":{\"@type\":\"PropertyValueSpecification\",\"valueRequired\":true,\"valueName\":\"search_term_string\"}}],\"inLanguage\":\"de\"},{\"@type\":\"Organization\",\"@id\":\"https:\\\/\\\/tibladin.dk\\\/#organization\",\"name\":\"Tibladin\",\"url\":\"https:\\\/\\\/tibladin.dk\\\/\",\"logo\":{\"@type\":\"ImageObject\",\"inLanguage\":\"de\",\"@id\":\"https:\\\/\\\/tibladin.dk\\\/#\\\/schema\\\/logo\\\/image\\\/\",\"url\":\"https:\\\/\\\/tibladin.dk\\\/wp-content\\\/uploads\\\/2022\\\/09\\\/tibladin_logo.svg\",\"contentUrl\":\"https:\\\/\\\/tibladin.dk\\\/wp-content\\\/uploads\\\/2022\\\/09\\\/tibladin_logo.svg\",\"caption\":\"Tibladin\"},\"image\":{\"@id\":\"https:\\\/\\\/tibladin.dk\\\/#\\\/schema\\\/logo\\\/image\\\/\"}}]}<\/script>\n<!-- \/ Yoast SEO plugin. -->","yoast_head_json":{"title":"Herstellung unserer Keramik | Tibladin und marokkanische Keramik","description":"Tibladin arbeitet mit erfahrenen Keramikern zusammen, um einzigartige Steingutkollektionen zu kreieren. Wir kombinieren unsere eigenen Designs mit marokkanischer Keramik.","robots":{"index":"index","follow":"follow","max-snippet":"max-snippet:-1","max-image-preview":"max-image-preview:large","max-video-preview":"max-video-preview:-1"},"canonical":"https:\/\/tibladin.dk\/de\/herstellung-unserer-keramik\/","og_locale":"de_DE","og_type":"article","og_title":"Produktion af vores keramik | Tibladin & Marokkansk Keramik","og_description":"Tibladin samarbejder med dygtige keramikere om at skabe unikke stent\u00f8jskollektioner. Vi kombinerer egne designs med marokkansk keramik.","og_url":"https:\/\/tibladin.dk\/de\/herstellung-unserer-keramik\/","og_site_name":"Tibladin","article_modified_time":"2025-01-27T13:06:50+00:00","twitter_card":"summary_large_image","twitter_misc":{"Gesch\u00e4tzte Lesezeit":"7\u00a0Minuten"},"schema":{"@context":"https:\/\/schema.org","@graph":[{"@type":"WebPage","@id":"https:\/\/tibladin.dk\/produktion-af-vores-keramik\/","url":"https:\/\/tibladin.dk\/produktion-af-vores-keramik\/","name":"Herstellung unserer Keramik | Tibladin und marokkanische Keramik","isPartOf":{"@id":"https:\/\/tibladin.dk\/#website"},"datePublished":"2025-01-27T12:32:52+00:00","dateModified":"2025-01-27T13:06:50+00:00","description":"Tibladin arbeitet mit erfahrenen Keramikern zusammen, um einzigartige Steingutkollektionen zu kreieren. Wir kombinieren unsere eigenen Designs mit marokkanischer Keramik.","breadcrumb":{"@id":"https:\/\/tibladin.dk\/produktion-af-vores-keramik\/#breadcrumb"},"inLanguage":"de","potentialAction":[{"@type":"ReadAction","target":["https:\/\/tibladin.dk\/produktion-af-vores-keramik\/"]}]},{"@type":"BreadcrumbList","@id":"https:\/\/tibladin.dk\/produktion-af-vores-keramik\/#breadcrumb","itemListElement":[{"@type":"ListItem","position":1,"name":"Hjem","item":"https:\/\/tibladin.dk\/"},{"@type":"ListItem","position":2,"name":"Produktion af vores keramik"}]},{"@type":"WebSite","@id":"https:\/\/tibladin.dk\/#website","url":"https:\/\/tibladin.dk\/","name":"Tibladin","description":"Tibladin","publisher":{"@id":"https:\/\/tibladin.dk\/#organization"},"potentialAction":[{"@type":"SearchAction","target":{"@type":"EntryPoint","urlTemplate":"https:\/\/tibladin.dk\/?s={search_term_string}"},"query-input":{"@type":"PropertyValueSpecification","valueRequired":true,"valueName":"search_term_string"}}],"inLanguage":"de"},{"@type":"Organization","@id":"https:\/\/tibladin.dk\/#organization","name":"Tibladin","url":"https:\/\/tibladin.dk\/","logo":{"@type":"ImageObject","inLanguage":"de","@id":"https:\/\/tibladin.dk\/#\/schema\/logo\/image\/","url":"https:\/\/tibladin.dk\/wp-content\/uploads\/2022\/09\/tibladin_logo.svg","contentUrl":"https:\/\/tibladin.dk\/wp-content\/uploads\/2022\/09\/tibladin_logo.svg","caption":"Tibladin"},"image":{"@id":"https:\/\/tibladin.dk\/#\/schema\/logo\/image\/"}}]}},"_links":{"self":[{"href":"https:\/\/tibladin.dk\/de\/wp-json\/wp\/v2\/pages\/34358","targetHints":{"allow":["GET"]}}],"collection":[{"href":"https:\/\/tibladin.dk\/de\/wp-json\/wp\/v2\/pages"}],"about":[{"href":"https:\/\/tibladin.dk\/de\/wp-json\/wp\/v2\/types\/page"}],"author":[{"embeddable":true,"href":"https:\/\/tibladin.dk\/de\/wp-json\/wp\/v2\/users\/2"}],"replies":[{"embeddable":true,"href":"https:\/\/tibladin.dk\/de\/wp-json\/wp\/v2\/comments?post=34358"}],"version-history":[{"count":37,"href":"https:\/\/tibladin.dk\/de\/wp-json\/wp\/v2\/pages\/34358\/revisions"}],"predecessor-version":[{"id":34575,"href":"https:\/\/tibladin.dk\/de\/wp-json\/wp\/v2\/pages\/34358\/revisions\/34575"}],"wp:attachment":[{"href":"https:\/\/tibladin.dk\/de\/wp-json\/wp\/v2\/media?parent=34358"}],"curies":[{"name":"wp","href":"https:\/\/api.w.org\/{rel}","templated":true}]}}