{"id":34361,"date":"2025-01-27T13:53:46","date_gmt":"2025-01-27T12:53:46","guid":{"rendered":"https:\/\/tibladin.dk\/?page_id=34361"},"modified":"2025-01-27T14:10:06","modified_gmt":"2025-01-27T13:10:06","slug":"die-herstellung-unserer-teppiche-und-kissen","status":"publish","type":"page","link":"https:\/\/tibladin.dk\/de\/produktionen-af-vores-taepper-og-puder\/","title":{"rendered":"Die Herstellung unserer Decken und Kissen"},"content":{"rendered":"<div class=\"wpb-content-wrapper\"><div class=\"vc_row wpb_row vc_row-fluid\"><div class=\"wpb_column vc_column_container vc_col-sm-12\"><div class=\"vc_column-inner\"><div class=\"wpb_wrapper\"><div class=\"vc_separator wpb_content_element vc_separator_align_center vc_sep_width_100 vc_sep_pos_align_center vc_separator_no_text vc_sep_color_grey wpb_content_element  wpb_content_element\" ><span class=\"vc_sep_holder vc_sep_holder_l\"><span class=\"vc_sep_line\"><\/span><\/span><span class=\"vc_sep_holder vc_sep_holder_r\"><span class=\"vc_sep_line\"><\/span><\/span>\n<\/div><h1 style=\"text-align: center\" class=\"vc_custom_heading vc_do_custom_heading\" >Die Herstellung unserer Decken und Kissen<\/h1>\n\t<div class=\"wpb_text_column wpb_content_element\" >\n\t\t<div class=\"wpb_wrapper\">\n\t\t\t<p style=\"text-align: center;\">\u201eJeder Teppich bei Tibladin wird von mir sorgf\u00e4ltig pers\u00f6nlich ausgew\u00e4hlt. Ich laufe \u00fcber jeden Teppich, um seine Qualit\u00e4t und seine Geschichte zu sp\u00fcren. Au\u00dferdem bin ich immer auf der Suche nach sch\u00f6nen Vintage-Teppichen, die sich nicht mehr als Bodenteppiche eignen, sondern in einzigartige Kissen verwandelt werden k\u00f6nnen. Indem wir die alten Teppiche recyceln, hauchen wir ihnen neues Leben ein und schaffen wundersch\u00f6ne, handgefertigte Produkte.\u201c \u2013 Mette Frank Bijaad, Inhaberin von Tibladin.<\/p>\n\n\t\t<\/div>\n\t<\/div>\n<\/div><\/div><\/div><\/div><div class=\"vc_row wpb_row vc_row-fluid\"><div class=\"wpb_column vc_column_container vc_col-sm-6\"><div class=\"vc_column-inner\"><div class=\"wpb_wrapper\">\n\t<div  class=\"wpb_single_image wpb_content_element vc_align_center wpb_content_element\">\n\t\t\n\t\t<figure class=\"wpb_wrapper vc_figure\">\n\t\t\t<div class=\"vc_single_image-wrapper   vc_box_border_grey\"><img decoding=\"async\" class=\"vc_single_image-img\" src=\"https:\/\/tibladin.dk\/wp-content\/uploads\/2025\/01\/Taepper-og-puder_27-600x700.jpg\" width=\"600\" height=\"700\" alt=\"Material f\u00fcr Decken und Kissen\" title=\"Decken und Kissen_27\" loading=\"lazy\" \/><\/div>\n\t\t<\/figure>\n\t<\/div>\n<\/div><\/div><\/div><div class=\"wpb_column vc_column_container vc_col-sm-6\"><div class=\"vc_column-inner\"><div class=\"wpb_wrapper\">\n\t<div  class=\"wpb_single_image wpb_content_element vc_align_center wpb_content_element\">\n\t\t\n\t\t<figure class=\"wpb_wrapper vc_figure\">\n\t\t\t<div class=\"vc_single_image-wrapper   vc_box_border_grey\"><img decoding=\"async\" class=\"vc_single_image-img\" src=\"https:\/\/tibladin.dk\/wp-content\/uploads\/2025\/01\/Taepper-og-puder_28-600x700.jpg\" width=\"600\" height=\"700\" alt=\"Materialien f\u00fcr Decken und Kissen\" title=\"Decken und Kissen_28\" loading=\"lazy\" \/><\/div>\n\t\t<\/figure>\n\t<\/div>\n<\/div><\/div><\/div><\/div><div class=\"vc_row wpb_row vc_row-fluid\"><div class=\"wpb_column vc_column_container vc_col-sm-12\"><div class=\"vc_column-inner\"><div class=\"wpb_wrapper\"><h2 style=\"text-align: center\" class=\"vc_custom_heading vc_do_custom_heading\" >Feinste Qualit\u00e4t<\/h2>\n\t<div class=\"wpb_text_column wpb_content_element\" >\n\t\t<div class=\"wpb_wrapper\">\n\t\t\t<p style=\"text-align: center;\">Die Wahl eines Wollteppichs ist wie die Wahl eines Kunstwerkes. Jeder unserer gemusterten Teppiche ist ein Unikat und hat seine eigene Geschichte, die mit Ihrer Inneneinrichtung harmonieren sollte. Bei Tibladin w\u00e4hlen wir marokkanische Teppiche in Zusammenarbeit mit unseren Lieferanten in Marrakesch sorgf\u00e4ltig aus und sind stolz darauf, dass sowohl Baumwoll- als auch Wollteppiche aus Baumwolle und Wolle feinster Qualit\u00e4t hergestellt werden.<\/p>\n\n\t\t<\/div>\n\t<\/div>\n<h2 style=\"text-align: center\" class=\"vc_custom_heading vc_do_custom_heading\" >Tradition, Handwerkskunst und einzigartige Geschichten<\/h2>\n\t<div class=\"wpb_text_column wpb_content_element\" >\n\t\t<div class=\"wpb_wrapper\">\n\t\t\t<p style=\"text-align: center;\">Marokko hat eine stolze und lange Tradition in der Herstellung einiger der sch\u00f6nsten handgefertigten Wollteppiche. Dieses alte Handwerk ist noch immer lebendig und wird in den Teppichen der Marken Beni Ouarain und Boucherouite verwendet, die von Frauen der Berberst\u00e4mme des Atlasgebirges handgewebt werden.<\/p>\n<p style=\"text-align: center;\">Die Berber hatten traditionell keine Schriftsprache und brachten ihre Geschichten daher durch das farbenfrohe Teppichhandwerk zum Ausdruck. Die marokkanischen Teppiche waren urspr\u00fcnglich pers\u00f6nlicher Natur und wurden von den Geschichten der Frauen beeinflusst. Heute stellen die Frauen viele Teppiche mit unterschiedlichen Mustern und Geschichten her, die von Teppichh\u00e4ndlern aufgekauft und in der ganzen Welt vertrieben werden.<\/p>\n<p style=\"text-align: center;\">Der Stamm der Beni Ouarain besteht aus mehreren kleineren St\u00e4mmen, von denen einige weiter in die T\u00e4ler des Atlasgebirges gezogen sind, w\u00e4hrend andere noch immer in den H\u00f6hen leben. Durch das Leben in den Bergen ist die Schafhaltung eine Selbstverst\u00e4ndlichkeit und erm\u00f6glicht den Zugang zu hochwertiger Wolle. Gemeinsam ist den St\u00e4mmen, dass die Frauen unglaublich weiche und luxuri\u00f6se Decken weben, die typischerweise aus heller Wolle mit einfachen dunklen Mustern bestehen.<\/p>\n<p style=\"text-align: center;\">Boucherouite-Teppiche werden aus Woll- und manchmal Baumwollresten hergestellt, wodurch sie viel farbenfroher sind als die einfachen Beni-Ouarain-Teppiche. Diese Teppiche sind einzigartige Einrichtungselemente, die jeder Inneneinrichtung eine lebendigere und farbenfrohere Note verleihen k\u00f6nnen.<\/p>\n\n\t\t<\/div>\n\t<\/div>\n<\/div><\/div><\/div><\/div><div class=\"vc_row wpb_row vc_row-fluid\"><div class=\"wpb_column vc_column_container vc_col-sm-6\"><div class=\"vc_column-inner\"><div class=\"wpb_wrapper\">\n\t<div  class=\"wpb_single_image wpb_content_element vc_align_center wpb_content_element\">\n\t\t\n\t\t<figure class=\"wpb_wrapper vc_figure\">\n\t\t\t<div class=\"vc_single_image-wrapper   vc_box_border_grey\"><img decoding=\"async\" class=\"vc_single_image-img\" src=\"https:\/\/tibladin.dk\/wp-content\/uploads\/2025\/01\/Taepper-og-puder_23-600x700.jpg\" width=\"600\" height=\"700\" alt=\"Mann arbeitet mit Decken und Kissen\" title=\"Decken und Kissen_23\" loading=\"lazy\" \/><\/div>\n\t\t<\/figure>\n\t<\/div>\n<\/div><\/div><\/div><div class=\"wpb_column vc_column_container vc_col-sm-6\"><div class=\"vc_column-inner\"><div class=\"wpb_wrapper\">\n\t<div  class=\"wpb_single_image wpb_content_element vc_align_center wpb_content_element\">\n\t\t\n\t\t<figure class=\"wpb_wrapper vc_figure\">\n\t\t\t<div class=\"vc_single_image-wrapper   vc_box_border_grey\"><img decoding=\"async\" class=\"vc_single_image-img\" src=\"https:\/\/tibladin.dk\/wp-content\/uploads\/2025\/01\/Puder_taepper_1-600x700.jpg\" width=\"600\" height=\"700\" alt=\"Decken im Freien liegen\" title=\"Kissen_Decken_1\" loading=\"lazy\" \/><\/div>\n\t\t<\/figure>\n\t<\/div>\n<\/div><\/div><\/div><\/div><div class=\"vc_row wpb_row vc_row-fluid\"><div class=\"wpb_column vc_column_container vc_col-sm-12\"><div class=\"vc_column-inner\"><div class=\"wpb_wrapper\"><h2 style=\"text-align: center\" class=\"vc_custom_heading vc_do_custom_heading\" >Nat\u00fcrliche Farbstoffe<\/h2>\n\t<div class=\"wpb_text_column wpb_content_element\" >\n\t\t<div class=\"wpb_wrapper\">\n\t\t\t<p style=\"text-align: center;\">Die in marokkanischen Teppichen verwendeten nat\u00fcrlichen Farbstoffe sind ein wahres Geschenk der Natur. Pflanzen wie Indigo, Granatapfel, Safran und Kermes erzeugen eine wundersch\u00f6ne und lebendige Farbpalette, die sowohl in marokkanischen Teppichen als auch in Teppichl\u00e4ufern verwendet wird. Diese nat\u00fcrlichen Farbstoffe verwandeln Baumwolle und Wolle in wahre Kunstwerke, deren Farben und Muster nicht nur den Boden schm\u00fccken, sondern auch dem Wohnzimmer und der Inneneinrichtung eine nat\u00fcrliche und zeitlose Sch\u00f6nheit verleihen.<\/p>\n\n\t\t<\/div>\n\t<\/div>\n<h2 style=\"text-align: center\" class=\"vc_custom_heading vc_do_custom_heading\" >Kissen aus Vintage-Teppichen<\/h2>\n\t<div class=\"wpb_text_column wpb_content_element\" >\n\t\t<div class=\"wpb_wrapper\">\n\t\t\t<p style=\"text-align: center;\">Unsere einzigartigen Kissenbez\u00fcge werden aus sorgf\u00e4ltig ausgew\u00e4hlten Vintage-Decken hergestellt. Um jeden Zentimeter des Materials auszunutzen, werden die Decken zu wundersch\u00f6nen Kissenbez\u00fcgen in unterschiedlichen und manchmal etwas unkonventionellen Abmessungen zusammengen\u00e4ht. Wir planen den Zuschnitt des Teppichs sorgf\u00e4ltig, sodass die Muster innerhalb einer Kissenbezugsserie unterschiedlich erscheinen. Das Ergebnis ist ein v\u00f6llig einzigartiges Kissen, das nur in einer Kopie erh\u00e4ltlich ist und f\u00fcr einen pers\u00f6nlichen Ausdruck beliebig kombiniert werden kann. Die R\u00fcckseite der Kissen besteht aus kr\u00e4ftiger Kiria-Baumwolle.<\/p>\n\n\t\t<\/div>\n\t<\/div>\n<\/div><\/div><\/div><\/div><div class=\"vc_row wpb_row vc_row-fluid\"><div class=\"wpb_column vc_column_container vc_col-sm-6\"><div class=\"vc_column-inner\"><div class=\"wpb_wrapper\">\n\t<div  class=\"wpb_single_image wpb_content_element vc_align_center wpb_content_element\">\n\t\t\n\t\t<figure class=\"wpb_wrapper vc_figure\">\n\t\t\t<div class=\"vc_single_image-wrapper   vc_box_border_grey\"><img decoding=\"async\" class=\"vc_single_image-img\" src=\"https:\/\/tibladin.dk\/wp-content\/uploads\/2024\/12\/Marokkansk-pude-af-vintage-taeppe_TEDDY_motiv-7_LS-600x700.jpg\" width=\"600\" height=\"700\" alt=\"Marokkanisches Kissen aus Vintage-Teppich_TEDDY_Motiv 7\" title=\"Marokkanisches Kissen aus Vintage-Teppich_TEDDY_motif-7_LS\" loading=\"lazy\" \/><\/div>\n\t\t<\/figure>\n\t<\/div>\n<\/div><\/div><\/div><div class=\"wpb_column vc_column_container vc_col-sm-6\"><div class=\"vc_column-inner\"><div class=\"wpb_wrapper\">\n\t<div  class=\"wpb_single_image wpb_content_element vc_align_center wpb_content_element\">\n\t\t\n\t\t<figure class=\"wpb_wrapper vc_figure\">\n\t\t\t<div class=\"vc_single_image-wrapper   vc_box_border_grey\"><img decoding=\"async\" class=\"vc_single_image-img\" src=\"https:\/\/tibladin.dk\/wp-content\/uploads\/2025\/01\/Puder_taepper_6-600x700.jpg\" width=\"600\" height=\"700\" alt=\"Aus Decke wird Kissen\" title=\"Kissen_Decken_6\" loading=\"lazy\" \/><\/div>\n\t\t<\/figure>\n\t<\/div>\n<\/div><\/div><\/div><\/div><div class=\"vc_row wpb_row vc_row-fluid\"><div class=\"wpb_column vc_column_container vc_col-sm-12\"><div class=\"vc_column-inner\"><div class=\"wpb_wrapper\"><h2 style=\"text-align: center\" class=\"vc_custom_heading vc_do_custom_heading\" >Entdecken Sie einzigartige Decken und Kissenbez\u00fcge f\u00fcr Ihr Zuhause<\/h2>\n\t<div class=\"wpb_text_column wpb_content_element\" >\n\t\t<div class=\"wpb_wrapper\">\n\t\t\t<p style=\"text-align: center;\"><a href=\"https:\/\/tibladin.dk\/de\/produktkategorie-3\/marokkanische-teppiche\/\">Entdecken Sie unsere Auswahl an Teppichen<\/a>, die Ihrem Zuhause W\u00e4rme und Charakter verleihen k\u00f6nnen, oder <a href=\"https:\/\/tibladin.dk\/de\/produktkategorie-3\/innere\/wohnaccessoires\/textilien\/kissenbezug\/kissen-aus-vintage-teppichen\/\">Entdecken Sie unsere einzigartigen Kissenbez\u00fcge<\/a>, das Ihrem Interieur eine pers\u00f6nliche und unverwechselbare Note verleiht. Lassen Sie sich von unseren Kollektionen inspirieren und finden Sie die Elemente, die zu Ihrem Stil passen.<\/p>\n\n\t\t<\/div>\n\t<\/div>\n<\/div><\/div><\/div><\/div>\n<\/div>","protected":false},"excerpt":{"rendered":"Produktionen af vores t\u00e6pper og puder \"Hvert t\u00e6ppe hos Tibladin er n\u00f8je udvalgt af mig personligt. Jeg g\u00e5r p\u00e5 hvert t\u00e6ppe for at m\u00e6rke kvaliteten og historien, det b\u00e6rer med sig. Jeg s\u00f8ger ogs\u00e5 altid smukke vintage t\u00e6pper, som ikke l\u00e6ngere egner sig som gulvt\u00e6pper, men som kan forvandles til unikke puder. Ved at genanvende [...]","protected":false},"author":2,"featured_media":0,"parent":0,"menu_order":0,"comment_status":"closed","ping_status":"closed","template":"template-fullwidth-no-heading.php","meta":{"inline_featured_image":false,"footnotes":""},"class_list":["post-34361","page","type-page","status-publish","hentry"],"yoast_head":"<!-- This site is optimized with the Yoast SEO plugin v27.4 - https:\/\/yoast.com\/product\/yoast-seo-wordpress\/ -->\n<title>Produktionen af vores t\u00e6pper og puder | Tradition og h\u00e5ndv\u00e6rk<\/title>\n<meta name=\"description\" content=\"Vores h\u00e5ndlavede t\u00e6pper og pudder er udvalgt med fokus p\u00e5 traditionelt h\u00e5ndv\u00e6rk, naturlige farvestoffer og h\u00f8j kvalitet.\" \/>\n<meta name=\"robots\" content=\"index, follow, max-snippet:-1, max-image-preview:large, max-video-preview:-1\" \/>\n<link rel=\"canonical\" href=\"https:\/\/tibladin.dk\/de\/die-herstellung-unserer-teppiche-und-kissen\/\" \/>\n<meta property=\"og:locale\" content=\"de_DE\" \/>\n<meta property=\"og:type\" content=\"article\" \/>\n<meta property=\"og:title\" content=\"Produktionen af vores t\u00e6pper og puder | Tradition og h\u00e5ndv\u00e6rk\" \/>\n<meta property=\"og:description\" content=\"Vores h\u00e5ndlavede t\u00e6pper og pudder er udvalgt med fokus p\u00e5 traditionelt h\u00e5ndv\u00e6rk, naturlige farvestoffer og h\u00f8j kvalitet.\" \/>\n<meta property=\"og:url\" content=\"https:\/\/tibladin.dk\/de\/die-herstellung-unserer-teppiche-und-kissen\/\" \/>\n<meta property=\"og:site_name\" content=\"Tibladin\" \/>\n<meta property=\"article:modified_time\" content=\"2025-01-27T13:10:06+00:00\" \/>\n<meta name=\"twitter:card\" content=\"summary_large_image\" \/>\n<meta name=\"twitter:label1\" content=\"Gesch\u00e4tzte Lesezeit\" \/>\n\t<meta name=\"twitter:data1\" content=\"5\u00a0Minuten\" \/>\n<script type=\"application\/ld+json\" class=\"yoast-schema-graph\">{\"@context\":\"https:\\\/\\\/schema.org\",\"@graph\":[{\"@type\":\"WebPage\",\"@id\":\"https:\\\/\\\/tibladin.dk\\\/produktionen-af-vores-taepper-og-puder\\\/\",\"url\":\"https:\\\/\\\/tibladin.dk\\\/produktionen-af-vores-taepper-og-puder\\\/\",\"name\":\"Produktionen af vores t\u00e6pper og puder | Tradition og h\u00e5ndv\u00e6rk\",\"isPartOf\":{\"@id\":\"https:\\\/\\\/tibladin.dk\\\/#website\"},\"datePublished\":\"2025-01-27T12:53:46+00:00\",\"dateModified\":\"2025-01-27T13:10:06+00:00\",\"description\":\"Vores h\u00e5ndlavede t\u00e6pper og pudder er udvalgt med fokus p\u00e5 traditionelt h\u00e5ndv\u00e6rk, naturlige farvestoffer og h\u00f8j kvalitet.\",\"breadcrumb\":{\"@id\":\"https:\\\/\\\/tibladin.dk\\\/produktionen-af-vores-taepper-og-puder\\\/#breadcrumb\"},\"inLanguage\":\"de\",\"potentialAction\":[{\"@type\":\"ReadAction\",\"target\":[\"https:\\\/\\\/tibladin.dk\\\/produktionen-af-vores-taepper-og-puder\\\/\"]}]},{\"@type\":\"BreadcrumbList\",\"@id\":\"https:\\\/\\\/tibladin.dk\\\/produktionen-af-vores-taepper-og-puder\\\/#breadcrumb\",\"itemListElement\":[{\"@type\":\"ListItem\",\"position\":1,\"name\":\"Hjem\",\"item\":\"https:\\\/\\\/tibladin.dk\\\/\"},{\"@type\":\"ListItem\",\"position\":2,\"name\":\"Produktionen af vores t\u00e6pper og puder\"}]},{\"@type\":\"WebSite\",\"@id\":\"https:\\\/\\\/tibladin.dk\\\/#website\",\"url\":\"https:\\\/\\\/tibladin.dk\\\/\",\"name\":\"Tibladin\",\"description\":\"Tibladin\",\"publisher\":{\"@id\":\"https:\\\/\\\/tibladin.dk\\\/#organization\"},\"potentialAction\":[{\"@type\":\"SearchAction\",\"target\":{\"@type\":\"EntryPoint\",\"urlTemplate\":\"https:\\\/\\\/tibladin.dk\\\/?s={search_term_string}\"},\"query-input\":{\"@type\":\"PropertyValueSpecification\",\"valueRequired\":true,\"valueName\":\"search_term_string\"}}],\"inLanguage\":\"de\"},{\"@type\":\"Organization\",\"@id\":\"https:\\\/\\\/tibladin.dk\\\/#organization\",\"name\":\"Tibladin\",\"url\":\"https:\\\/\\\/tibladin.dk\\\/\",\"logo\":{\"@type\":\"ImageObject\",\"inLanguage\":\"de\",\"@id\":\"https:\\\/\\\/tibladin.dk\\\/#\\\/schema\\\/logo\\\/image\\\/\",\"url\":\"https:\\\/\\\/tibladin.dk\\\/wp-content\\\/uploads\\\/2022\\\/09\\\/tibladin_logo.svg\",\"contentUrl\":\"https:\\\/\\\/tibladin.dk\\\/wp-content\\\/uploads\\\/2022\\\/09\\\/tibladin_logo.svg\",\"caption\":\"Tibladin\"},\"image\":{\"@id\":\"https:\\\/\\\/tibladin.dk\\\/#\\\/schema\\\/logo\\\/image\\\/\"}}]}<\/script>\n<!-- \/ Yoast SEO plugin. -->","yoast_head_json":{"title":"Die Herstellung unserer Decken und Kissen | Tradition und Handwerk","description":"Bei der Auswahl unserer handgefertigten Teppiche und Puder legen wir Wert auf traditionelle Handwerkskunst, nat\u00fcrliche Farbstoffe und hohe Qualit\u00e4t.","robots":{"index":"index","follow":"follow","max-snippet":"max-snippet:-1","max-image-preview":"max-image-preview:large","max-video-preview":"max-video-preview:-1"},"canonical":"https:\/\/tibladin.dk\/de\/die-herstellung-unserer-teppiche-und-kissen\/","og_locale":"de_DE","og_type":"article","og_title":"Produktionen af vores t\u00e6pper og puder | Tradition og h\u00e5ndv\u00e6rk","og_description":"Vores h\u00e5ndlavede t\u00e6pper og pudder er udvalgt med fokus p\u00e5 traditionelt h\u00e5ndv\u00e6rk, naturlige farvestoffer og h\u00f8j kvalitet.","og_url":"https:\/\/tibladin.dk\/de\/die-herstellung-unserer-teppiche-und-kissen\/","og_site_name":"Tibladin","article_modified_time":"2025-01-27T13:10:06+00:00","twitter_card":"summary_large_image","twitter_misc":{"Gesch\u00e4tzte Lesezeit":"5\u00a0Minuten"},"schema":{"@context":"https:\/\/schema.org","@graph":[{"@type":"WebPage","@id":"https:\/\/tibladin.dk\/produktionen-af-vores-taepper-og-puder\/","url":"https:\/\/tibladin.dk\/produktionen-af-vores-taepper-og-puder\/","name":"Die Herstellung unserer Decken und Kissen | Tradition und Handwerk","isPartOf":{"@id":"https:\/\/tibladin.dk\/#website"},"datePublished":"2025-01-27T12:53:46+00:00","dateModified":"2025-01-27T13:10:06+00:00","description":"Bei der Auswahl unserer handgefertigten Teppiche und Puder legen wir Wert auf traditionelle Handwerkskunst, nat\u00fcrliche Farbstoffe und hohe Qualit\u00e4t.","breadcrumb":{"@id":"https:\/\/tibladin.dk\/produktionen-af-vores-taepper-og-puder\/#breadcrumb"},"inLanguage":"de","potentialAction":[{"@type":"ReadAction","target":["https:\/\/tibladin.dk\/produktionen-af-vores-taepper-og-puder\/"]}]},{"@type":"BreadcrumbList","@id":"https:\/\/tibladin.dk\/produktionen-af-vores-taepper-og-puder\/#breadcrumb","itemListElement":[{"@type":"ListItem","position":1,"name":"Hjem","item":"https:\/\/tibladin.dk\/"},{"@type":"ListItem","position":2,"name":"Produktionen af vores t\u00e6pper og puder"}]},{"@type":"WebSite","@id":"https:\/\/tibladin.dk\/#website","url":"https:\/\/tibladin.dk\/","name":"Tibladin","description":"Tibladin","publisher":{"@id":"https:\/\/tibladin.dk\/#organization"},"potentialAction":[{"@type":"SearchAction","target":{"@type":"EntryPoint","urlTemplate":"https:\/\/tibladin.dk\/?s={search_term_string}"},"query-input":{"@type":"PropertyValueSpecification","valueRequired":true,"valueName":"search_term_string"}}],"inLanguage":"de"},{"@type":"Organization","@id":"https:\/\/tibladin.dk\/#organization","name":"Tibladin","url":"https:\/\/tibladin.dk\/","logo":{"@type":"ImageObject","inLanguage":"de","@id":"https:\/\/tibladin.dk\/#\/schema\/logo\/image\/","url":"https:\/\/tibladin.dk\/wp-content\/uploads\/2022\/09\/tibladin_logo.svg","contentUrl":"https:\/\/tibladin.dk\/wp-content\/uploads\/2022\/09\/tibladin_logo.svg","caption":"Tibladin"},"image":{"@id":"https:\/\/tibladin.dk\/#\/schema\/logo\/image\/"}}]}},"_links":{"self":[{"href":"https:\/\/tibladin.dk\/de\/wp-json\/wp\/v2\/pages\/34361","targetHints":{"allow":["GET"]}}],"collection":[{"href":"https:\/\/tibladin.dk\/de\/wp-json\/wp\/v2\/pages"}],"about":[{"href":"https:\/\/tibladin.dk\/de\/wp-json\/wp\/v2\/types\/page"}],"author":[{"embeddable":true,"href":"https:\/\/tibladin.dk\/de\/wp-json\/wp\/v2\/users\/2"}],"replies":[{"embeddable":true,"href":"https:\/\/tibladin.dk\/de\/wp-json\/wp\/v2\/comments?post=34361"}],"version-history":[{"count":18,"href":"https:\/\/tibladin.dk\/de\/wp-json\/wp\/v2\/pages\/34361\/revisions"}],"predecessor-version":[{"id":34578,"href":"https:\/\/tibladin.dk\/de\/wp-json\/wp\/v2\/pages\/34361\/revisions\/34578"}],"wp:attachment":[{"href":"https:\/\/tibladin.dk\/de\/wp-json\/wp\/v2\/media?parent=34361"}],"curies":[{"name":"wp","href":"https:\/\/api.w.org\/{rel}","templated":true}]}}