{"id":3802,"date":"2022-10-11T14:22:54","date_gmt":"2022-10-11T12:22:54","guid":{"rendered":"https:\/\/tibladin.dk\/balance\/"},"modified":"2022-10-20T11:06:05","modified_gmt":"2022-10-20T09:06:05","slug":"guthaben-der-geschenkkarte","status":"publish","type":"page","link":"https:\/\/tibladin.dk\/de\/gavekort-saldo\/","title":{"rendered":"Guthaben der Geschenkkarte"},"content":{"rendered":"<div class=\"wpb-content-wrapper\"><div data-vc-full-width=\"true\" data-vc-full-width-temp=\"true\" data-vc-full-width-init=\"false\" class=\"vc_row wpb_row vc_row-fluid vc_custom_1665491418775 vc_row-has-fill\"><div class=\"wpb_column vc_column_container vc_col-sm-12\"><div class=\"vc_column-inner\"><div class=\"wpb_wrapper\">\n\t<div class=\"wpb_text_column wpb_content_element\" >\n\t\t<div class=\"wpb_wrapper\">\n\t\t\t<h1 style=\"text-align: center;\">\u00dcberpr\u00fcfen Sie das Guthaben Ihrer Geschenkkarte<\/h1>\n<p style=\"text-align: center;\">Geben Sie Ihre Geschenkkartennummer in das Feld unten ein, um den Saldo anzuzeigen.<\/p>\n\n\t\t<\/div>\n\t<\/div>\n\n\t<div class=\"wpb_text_column wpb_content_element\" >\n\t\t<div class=\"wpb_wrapper\">\n\t\t\t<style>\r\n    #pwgc-balance-container {\r\n        text-align: center;\r\n    }\r\n\r\n    #pwgc-balance-title {\r\n        font-size: 150%;\r\n        margin-bottom: 16px;\r\n    }\r\n\r\n    #pwgc-balance-error {\r\n        color: red;\r\n        font-weight: 600;\r\n    }\r\n\r\n    #pwgc-balance-message {\r\n        color: blue;\r\n        font-weight: 600;\r\n    }\r\n\r\n    #pwgc-balance-amount-value {\r\n        font-size: 200%;\r\n        font-weight: 600;\r\n        color: #329926;\r\n    }\r\n\r\n    #pwgc-balance-expiration-date-container {\r\n        font-size: 80%;\r\n        color: #999999;\r\n        display: none;\r\n    }\r\n\r\n    #pwgc-balance-number-container {\r\n        text-align: center;\r\n        margin: 32px auto;\r\n    }\r\n\r\n    #pwgc-balance-number {\r\n        width: 300px;\r\n        margin-bottom: 10px;\r\n        display: inline-block;\r\n    }\r\n\r\n    #pwgc-balance-reload, #pwgc-manual-debit {\r\n        display: none;\r\n    }\r\n\r\n    #pwgc-balance-activity {\r\n        margin-top: 24px;\r\n        overflow-x: auto;\r\n    }\r\n\r\n    #pwgc-balance-buttons {\r\n        margin-top: 24px;\r\n    }\r\n\r\n<\/style>\r\n<form id=\"pwgc-balance-form\" action=\"\">\r\n<div id=\"pwgc-balance-container\">\r\n                <i class=\"fas fa-gift fa-7x\"><\/i>\r\n                <div id=\"pwgc-balance-title\">\u00dcberpr\u00fcfen Sie das Guthaben der Geschenkkarte<\/div>\r\n\r\n    <div id=\"pwgc-balance-number-container\">\r\n        <input type=\"text\" id=\"pwgc-balance-number\" name=\"card_number\" autocomplete=\"off\" placeholder=\"Geschenkkartennummer\" value=\"\" required>\r\n        <input type=\"submit\" id=\"pwgc-balance-button\" value=\"Scheckbetrag\">\r\n    <\/div>\r\n\r\n    <div id=\"pwgc-balance-error\"><\/div>\r\n    <div id=\"pwgc-balance-message\"><\/div>\r\n    <div id=\"pwgc-balance-amount\"><\/div>\r\n\r\n                <div id=\"pwgc-balance-expiration-date-container\">\r\n                Auslaufen <span id=\"pwgc-balance-expiration-date\"><\/span>\r\n            <\/div>\r\n                <div id=\"pwgc-balance-buttons\">\r\n                            <input type=\"button\" id=\"pwgc-balance-reload\" data-url=\"https:\/\/tibladin.dk\/de\/produkt\/gavekort-fysisk\/\" data-card-number=\"\" value=\"Laden Sie mehr Geld auf diese Geschenkkarte.\">\r\n                                    <input type=\"button\" id=\"pwgc-manual-debit\" value=\"Ausstehender Saldo\">\r\n                    <\/div>\r\n\r\n    <div id=\"pwgc-balance-activity\"><\/div>\r\n<\/div>\r\n<input type=\"hidden\" name=\"trp-form-language\" value=\"de\"\/><\/form>\r\n\n\n\t\t<\/div>\n\t<\/div>\n<\/div><\/div><\/div><\/div><div class=\"vc_row-full-width vc_clearfix\"><\/div>\n<\/div>","protected":false},"excerpt":{"rendered":"\u00dcberpr\u00fcfen Sie den Kontostand Ihrer Geschenkkarte. Geben Sie Ihre Geschenkkartennummer in das Feld unten ein, um den Kontostand anzuzeigen. Geschenkkarten Saldo \u00fcberpr\u00fcfen L\u00e4uft ab","protected":false},"author":1,"featured_media":0,"parent":0,"menu_order":0,"comment_status":"closed","ping_status":"closed","template":"template-fullwidth-no-heading.php","meta":{"inline_featured_image":false,"footnotes":""},"class_list":["post-3802","page","type-page","status-publish","hentry"],"yoast_head":"<!-- This site is optimized with the Yoast SEO plugin v27.4 - https:\/\/yoast.com\/product\/yoast-seo-wordpress\/ -->\n<title>Gavekortsaldo | Tibladin<\/title>\n<meta name=\"description\" content=\"Har du et gavekort fra Tibladin, kan du komme her ind og tjekke din gavekortsaldo, for at se om du har flere penge tilbage p\u00e5 det.\" \/>\n<meta name=\"robots\" content=\"index, follow, max-snippet:-1, max-image-preview:large, max-video-preview:-1\" \/>\n<link rel=\"canonical\" href=\"https:\/\/tibladin.dk\/de\/guthaben-der-geschenkkarte\/\" \/>\n<meta property=\"og:locale\" content=\"de_DE\" \/>\n<meta property=\"og:type\" content=\"article\" \/>\n<meta property=\"og:title\" content=\"Gavekortsaldo | Tibladin\" \/>\n<meta property=\"og:description\" content=\"Har du et gavekort fra Tibladin, kan du komme her ind og tjekke din gavekortsaldo, for at se om du har flere penge tilbage p\u00e5 det.\" \/>\n<meta property=\"og:url\" content=\"https:\/\/tibladin.dk\/de\/guthaben-der-geschenkkarte\/\" \/>\n<meta property=\"og:site_name\" content=\"Tibladin\" \/>\n<meta property=\"article:modified_time\" content=\"2022-10-20T09:06:05+00:00\" \/>\n<meta name=\"twitter:card\" content=\"summary_large_image\" \/>\n<meta name=\"twitter:label1\" content=\"Gesch\u00e4tzte Lesezeit\" \/>\n\t<meta name=\"twitter:data1\" content=\"1\u00a0Minute\" \/>\n<script type=\"application\/ld+json\" class=\"yoast-schema-graph\">{\"@context\":\"https:\\\/\\\/schema.org\",\"@graph\":[{\"@type\":\"WebPage\",\"@id\":\"https:\\\/\\\/tibladin.dk\\\/gavekort-saldo\\\/\",\"url\":\"https:\\\/\\\/tibladin.dk\\\/gavekort-saldo\\\/\",\"name\":\"Gavekortsaldo | Tibladin\",\"isPartOf\":{\"@id\":\"https:\\\/\\\/tibladin.dk\\\/#website\"},\"datePublished\":\"2022-10-11T12:22:54+00:00\",\"dateModified\":\"2022-10-20T09:06:05+00:00\",\"description\":\"Har du et gavekort fra Tibladin, kan du komme her ind og tjekke din gavekortsaldo, for at se om du har flere penge tilbage p\u00e5 det.\",\"breadcrumb\":{\"@id\":\"https:\\\/\\\/tibladin.dk\\\/gavekort-saldo\\\/#breadcrumb\"},\"inLanguage\":\"de\",\"potentialAction\":[{\"@type\":\"ReadAction\",\"target\":[\"https:\\\/\\\/tibladin.dk\\\/gavekort-saldo\\\/\"]}]},{\"@type\":\"BreadcrumbList\",\"@id\":\"https:\\\/\\\/tibladin.dk\\\/gavekort-saldo\\\/#breadcrumb\",\"itemListElement\":[{\"@type\":\"ListItem\",\"position\":1,\"name\":\"Hjem\",\"item\":\"https:\\\/\\\/tibladin.dk\\\/\"},{\"@type\":\"ListItem\",\"position\":2,\"name\":\"Gavekortsaldo\"}]},{\"@type\":\"WebSite\",\"@id\":\"https:\\\/\\\/tibladin.dk\\\/#website\",\"url\":\"https:\\\/\\\/tibladin.dk\\\/\",\"name\":\"Tibladin\",\"description\":\"Tibladin\",\"publisher\":{\"@id\":\"https:\\\/\\\/tibladin.dk\\\/#organization\"},\"potentialAction\":[{\"@type\":\"SearchAction\",\"target\":{\"@type\":\"EntryPoint\",\"urlTemplate\":\"https:\\\/\\\/tibladin.dk\\\/?s={search_term_string}\"},\"query-input\":{\"@type\":\"PropertyValueSpecification\",\"valueRequired\":true,\"valueName\":\"search_term_string\"}}],\"inLanguage\":\"de\"},{\"@type\":\"Organization\",\"@id\":\"https:\\\/\\\/tibladin.dk\\\/#organization\",\"name\":\"Tibladin\",\"url\":\"https:\\\/\\\/tibladin.dk\\\/\",\"logo\":{\"@type\":\"ImageObject\",\"inLanguage\":\"de\",\"@id\":\"https:\\\/\\\/tibladin.dk\\\/#\\\/schema\\\/logo\\\/image\\\/\",\"url\":\"https:\\\/\\\/tibladin.dk\\\/wp-content\\\/uploads\\\/2022\\\/09\\\/tibladin_logo.svg\",\"contentUrl\":\"https:\\\/\\\/tibladin.dk\\\/wp-content\\\/uploads\\\/2022\\\/09\\\/tibladin_logo.svg\",\"caption\":\"Tibladin\"},\"image\":{\"@id\":\"https:\\\/\\\/tibladin.dk\\\/#\\\/schema\\\/logo\\\/image\\\/\"}}]}<\/script>\n<!-- \/ Yoast SEO plugin. -->","yoast_head_json":{"title":"Guthaben der Geschenkkarte | Tibladin","description":"Wenn Sie eine Geschenkkarte von Tibladin haben, k\u00f6nnen Sie hier vorbeikommen und den Restbetrag Ihrer Geschenkkarte \u00fcberpr\u00fcfen, um zu sehen, ob noch Geld \u00fcbrig ist.","robots":{"index":"index","follow":"follow","max-snippet":"max-snippet:-1","max-image-preview":"max-image-preview:large","max-video-preview":"max-video-preview:-1"},"canonical":"https:\/\/tibladin.dk\/de\/guthaben-der-geschenkkarte\/","og_locale":"de_DE","og_type":"article","og_title":"Gavekortsaldo | Tibladin","og_description":"Har du et gavekort fra Tibladin, kan du komme her ind og tjekke din gavekortsaldo, for at se om du har flere penge tilbage p\u00e5 det.","og_url":"https:\/\/tibladin.dk\/de\/guthaben-der-geschenkkarte\/","og_site_name":"Tibladin","article_modified_time":"2022-10-20T09:06:05+00:00","twitter_card":"summary_large_image","twitter_misc":{"Gesch\u00e4tzte Lesezeit":"1\u00a0Minute"},"schema":{"@context":"https:\/\/schema.org","@graph":[{"@type":"WebPage","@id":"https:\/\/tibladin.dk\/gavekort-saldo\/","url":"https:\/\/tibladin.dk\/gavekort-saldo\/","name":"Guthaben der Geschenkkarte | Tibladin","isPartOf":{"@id":"https:\/\/tibladin.dk\/#website"},"datePublished":"2022-10-11T12:22:54+00:00","dateModified":"2022-10-20T09:06:05+00:00","description":"Wenn Sie eine Geschenkkarte von Tibladin haben, k\u00f6nnen Sie hier vorbeikommen und den Restbetrag Ihrer Geschenkkarte \u00fcberpr\u00fcfen, um zu sehen, ob noch Geld \u00fcbrig ist.","breadcrumb":{"@id":"https:\/\/tibladin.dk\/gavekort-saldo\/#breadcrumb"},"inLanguage":"de","potentialAction":[{"@type":"ReadAction","target":["https:\/\/tibladin.dk\/gavekort-saldo\/"]}]},{"@type":"BreadcrumbList","@id":"https:\/\/tibladin.dk\/gavekort-saldo\/#breadcrumb","itemListElement":[{"@type":"ListItem","position":1,"name":"Hjem","item":"https:\/\/tibladin.dk\/"},{"@type":"ListItem","position":2,"name":"Gavekortsaldo"}]},{"@type":"WebSite","@id":"https:\/\/tibladin.dk\/#website","url":"https:\/\/tibladin.dk\/","name":"Tibladin","description":"Tibladin","publisher":{"@id":"https:\/\/tibladin.dk\/#organization"},"potentialAction":[{"@type":"SearchAction","target":{"@type":"EntryPoint","urlTemplate":"https:\/\/tibladin.dk\/?s={search_term_string}"},"query-input":{"@type":"PropertyValueSpecification","valueRequired":true,"valueName":"search_term_string"}}],"inLanguage":"de"},{"@type":"Organization","@id":"https:\/\/tibladin.dk\/#organization","name":"Tibladin","url":"https:\/\/tibladin.dk\/","logo":{"@type":"ImageObject","inLanguage":"de","@id":"https:\/\/tibladin.dk\/#\/schema\/logo\/image\/","url":"https:\/\/tibladin.dk\/wp-content\/uploads\/2022\/09\/tibladin_logo.svg","contentUrl":"https:\/\/tibladin.dk\/wp-content\/uploads\/2022\/09\/tibladin_logo.svg","caption":"Tibladin"},"image":{"@id":"https:\/\/tibladin.dk\/#\/schema\/logo\/image\/"}}]}},"_links":{"self":[{"href":"https:\/\/tibladin.dk\/de\/wp-json\/wp\/v2\/pages\/3802","targetHints":{"allow":["GET"]}}],"collection":[{"href":"https:\/\/tibladin.dk\/de\/wp-json\/wp\/v2\/pages"}],"about":[{"href":"https:\/\/tibladin.dk\/de\/wp-json\/wp\/v2\/types\/page"}],"author":[{"embeddable":true,"href":"https:\/\/tibladin.dk\/de\/wp-json\/wp\/v2\/users\/1"}],"replies":[{"embeddable":true,"href":"https:\/\/tibladin.dk\/de\/wp-json\/wp\/v2\/comments?post=3802"}],"version-history":[{"count":11,"href":"https:\/\/tibladin.dk\/de\/wp-json\/wp\/v2\/pages\/3802\/revisions"}],"predecessor-version":[{"id":3815,"href":"https:\/\/tibladin.dk\/de\/wp-json\/wp\/v2\/pages\/3802\/revisions\/3815"}],"wp:attachment":[{"href":"https:\/\/tibladin.dk\/de\/wp-json\/wp\/v2\/media?parent=3802"}],"curies":[{"name":"wp","href":"https:\/\/api.w.org\/{rel}","templated":true}]}}