{"id":4128,"date":"2022-10-14T09:33:49","date_gmt":"2022-10-14T07:33:49","guid":{"rendered":"https:\/\/tibladin.dk\/?page_id=4128"},"modified":"2025-01-27T14:43:55","modified_gmt":"2025-01-27T13:43:55","slug":"uber-tibladin","status":"publish","type":"page","link":"https:\/\/tibladin.dk\/de\/om-tibladin\/","title":{"rendered":"\u00dcber Tibladin"},"content":{"rendered":"<div class=\"wpb-content-wrapper\"><section data-vc-full-width=\"true\" data-vc-full-width-temp=\"true\" data-vc-full-width-init=\"false\" class=\"vc_section vc_custom_1666001388259 vc_section-has-fill vc_row-o-full-height vc_section-o-content-middle vc_section-flex\"><div class=\"vc_row wpb_row vc_row-fluid\"><div class=\"wpb_column vc_column_container vc_col-sm-12\"><div class=\"vc_column-inner\"><div class=\"wpb_wrapper\"><h1 style=\"font-size: 4rem;color: #ffffff;text-align: center\" class=\"vc_custom_heading vc_do_custom_heading vc_custom_1666000350200\" >\u00dcber Tibladin<\/h1><div style=\"font-size: 1.3rem;color: #ffffff;text-align: center\" class=\"vc_custom_heading vc_do_custom_heading\" >Eine Leidenschaft f\u00fcr marokkanisches Handwerk<\/div><\/div><\/div><\/div><\/div><\/section><div class=\"vc_row-full-width vc_clearfix\"><\/div><div class=\"vc_row wpb_row vc_row-fluid max-width-col vc_custom_1698923700774\"><div class=\"wpb_column vc_column_container vc_col-sm-12\"><div class=\"vc_column-inner\"><div class=\"wpb_wrapper\"><h2 style=\"text-align: center\" class=\"vc_custom_heading vc_do_custom_heading\" >&#039;Kleine flache Steine&#039;<\/h2><div style=\"font-size: 1.3rem;text-align: center\" class=\"vc_custom_heading vc_do_custom_heading\" >\u201eTibladin\u201c ist ein Berberwort und bedeutet kleine flache Steine. Tibladin nannte meine Schwiegereltern das Elternhaus meines Mannes. F\u00fcr mich symbolisiert es die ersten Bausteine meines Unternehmens.<\/div><div class=\"vc_empty_space\"   style=\"height: 32px\"><span class=\"vc_empty_space_inner\"><\/span><\/div>\n\t<div class=\"wpb_text_column wpb_content_element\" >\n\t\t<div class=\"wpb_wrapper\">\n\t\t\t<p style=\"text-align: center;\"><strong>Mette Frank Bijaad<br \/>\n<\/strong>Besitzer von Tibladin<\/p>\n\n\t\t<\/div>\n\t<\/div>\n<\/div><\/div><\/div><\/div><div class=\"vc_row wpb_row vc_row-fluid vc_row-o-content-middle vc_row-flex\"><div class=\"wpb_column vc_column_container vc_col-sm-6\"><div class=\"vc_column-inner\"><div class=\"wpb_wrapper\">\n\t<div  class=\"wpb_single_image wpb_content_element vc_align_left wpb_content_element\">\n\t\t\n\t\t<figure class=\"wpb_wrapper vc_figure\">\n\t\t\t<div class=\"vc_single_image-wrapper   vc_box_border_grey\"><img loading=\"lazy\" decoding=\"async\" width=\"800\" height=\"800\" src=\"https:\/\/tibladin.dk\/wp-content\/uploads\/2022\/09\/Tibladin_marokkansk-pendel-rafia-kurvelampe_stjerneformet_LS3-1.jpg\" class=\"vc_single_image-img attachment-large\" alt=\"Marokkanische handgefertigte Bastlampe aus sternf\u00f6rmigem Korbgeflecht, mit einem Modell, das an einem gedeckten Tisch steht\" title=\"Tibladin Marokkanische H\u00e4ngelampe aus Raffiabast, gebogene Lampe, sternf\u00f6rmig, LS3 1.jpg\" srcset=\"https:\/\/tibladin.dk\/wp-content\/uploads\/2022\/09\/Tibladin_marokkansk-pendel-rafia-kurvelampe_stjerneformet_LS3-1.jpg 800w, https:\/\/tibladin.dk\/wp-content\/uploads\/2022\/09\/Tibladin_marokkansk-pendel-rafia-kurvelampe_stjerneformet_LS3-1-400x400.jpg 400w, https:\/\/tibladin.dk\/wp-content\/uploads\/2022\/09\/Tibladin_marokkansk-pendel-rafia-kurvelampe_stjerneformet_LS3-1-150x150.jpg 150w, https:\/\/tibladin.dk\/wp-content\/uploads\/2022\/09\/Tibladin_marokkansk-pendel-rafia-kurvelampe_stjerneformet_LS3-1-64x64.jpg 64w, https:\/\/tibladin.dk\/wp-content\/uploads\/2022\/09\/Tibladin_marokkansk-pendel-rafia-kurvelampe_stjerneformet_LS3-1-300x300.jpg 300w, https:\/\/tibladin.dk\/wp-content\/uploads\/2022\/09\/Tibladin_marokkansk-pendel-rafia-kurvelampe_stjerneformet_LS3-1-768x768.jpg 768w, https:\/\/tibladin.dk\/wp-content\/uploads\/2022\/09\/Tibladin_marokkansk-pendel-rafia-kurvelampe_stjerneformet_LS3-1-441x441.jpg 441w, https:\/\/tibladin.dk\/wp-content\/uploads\/2022\/09\/Tibladin_marokkansk-pendel-rafia-kurvelampe_stjerneformet_LS3-1-100x100.jpg 100w\" sizes=\"auto, (max-width: 800px) 100vw, 800px\" \/><\/div>\n\t\t<\/figure>\n\t<\/div>\n<\/div><\/div><\/div><div class=\"wpb_column vc_column_container vc_col-sm-6\"><div class=\"vc_column-inner vc_custom_1666002432636\"><div class=\"wpb_wrapper\"><h2 style=\"text-align: left\" class=\"vc_custom_heading vc_do_custom_heading\" >Einzigartiges marokkanisches Interieur<\/h2>\n\t<div class=\"wpb_text_column wpb_content_element\" >\n\t\t<div class=\"wpb_wrapper\">\n\t\t\t<p>Ich habe Tibladin basierend auf meiner Leidenschaft f\u00fcr marokkanische Handwerkskunst gegr\u00fcndet. Ich reise seit 20 Jahren in Marokko und habe mich von Anfang an sehr f\u00fcr die marokkanische Kultur und Handwerkskunst interessiert. Ich hatte schon immer ein Gesp\u00fcr f\u00fcr Innenarchitektur und liebe es, mich mit einzigartigen Dingen zu umgeben, die eine pers\u00f6nlichere Inneneinrichtung schaffen. Basierend auf meiner Interpretation m\u00f6chte ich Ihnen ein St\u00fcck Marokko bringen und finde und entwickle Produkte mit einem sch\u00f6nen marokkanischen Ausdruck, die aber gut zur skandinavischen Einrichtung passen.<\/p>\n<p>Ich bin mit einem Franzosen\/Marokkaner verheiratet und wir verf\u00fcgen \u00fcber ein gro\u00dfes Netzwerk in Marokko, das mir optimale Arbeitsbedingungen bietet. Ich w\u00e4hle meine Lieferanten und Gesch\u00e4ftspartner sorgf\u00e4ltig aus. Gute Qualit\u00e4t und Nachhaltigkeit \u2013 sowohl bei den Materialien als auch bei der Produktion und der Sozialwirtschaft \u2013 sind f\u00fcr mich sehr wichtige Parameter.<\/p>\n<p>Ich hoffe, dass Sie von meinem Universum inspiriert werden.<\/p>\n\n\t\t<\/div>\n\t<\/div>\n<div class=\"vc_btn3-container vc_btn3-left vc_do_btn\" ><a onmouseleave=\"this.style.borderColor='#343434'; this.style.backgroundColor='transparent'; this.style.color='#343434'\" onmouseenter=\"this.style.borderColor='#053b43'; this.style.backgroundColor='#053b43'; this.style.color='#ffffff';\" style=\"border-color:#343434; color:#343434;\" class=\"vc_general vc_btn3 vc_btn3-size-md vc_btn3-shape-square vc_btn3-style-outline-custom\" href=\"\/de\/geschaft\/\" title=\"ZUM LADEN GEHEN\">JETZT EINKAUFEN<\/a><\/div><\/div><\/div><\/div><\/div><div class=\"vc_row wpb_row vc_row-fluid vc_row-o-content-middle vc_row-flex\"><div class=\"wpb_column vc_column_container vc_col-sm-6\"><div class=\"vc_column-inner\"><div class=\"wpb_wrapper\"><h2 style=\"text-align: left\" class=\"vc_custom_heading vc_do_custom_heading\" >Ein bisschen Marokko mitten in Aarhus<\/h2>\n\t<div class=\"wpb_text_column wpb_content_element\" >\n\t\t<div class=\"wpb_wrapper\">\n\t\t\t<p><span style=\"font-weight: 400;\">Unser Gesch\u00e4ft liegt zentral in der Skt. Knuds Torv, und hier laden wir Sie in ein einzigartiges Universum handgefertigter Inneneinrichtungen ein. Bei Tibladin treffen skandinavisches Design und marokkanische Handwerkskunst in einer wundersch\u00f6nen Symbiose aufeinander, die eine ganz besondere Atmosph\u00e4re schafft.\u00a0<\/span><\/p>\n<p><span style=\"font-weight: 400;\">Wir bieten unter anderem ein sorgf\u00e4ltig ausgew\u00e4hltes Sortiment marokkanischer Poufs, Lampen, Textilien, Teppiche, Glaswaren und Steinzeug \u2013 alles handgefertigt von erfahrenen Handwerkern in Marokko. Viele unserer Produkte werden aus nat\u00fcrlichen oder recycelten Materialien hergestellt, was bedeutet, dass jedes St\u00fcck einzigartig und nachhaltig ist. <\/span><a href=\"https:\/\/tibladin.dk\/de\/tragfahigkeit\/\">Wenn Sie bei uns einkaufen, unterst\u00fctzen Sie auch kleine Kunsthandwerker und berufst\u00e4tige Frauen in Marokko<\/a>, und darauf sind wir stolz.<\/p>\n<p><span style=\"font-weight: 400;\">Besuchen Sie uns und erleben Sie unsere Welt aus Farben, Formen und Geschichten. Wir freuen uns auf Ihren Besuch!<\/span><\/p>\n<p><span style=\"font-weight: 400;\">Wir sind stolz darauf, dass sich mehrere Medien daf\u00fcr entschieden haben, \u00fcber Tibladin zu schreiben und unsere Geschichte zu teilen. \u00dcber uns k\u00f6nnen Sie unter anderem unter lesen <\/span><a href=\"https:\/\/migogaarhus.dk\/tibladin-er-aabnet-i-aarhus\/\"><span style=\"font-weight: 400;\">Migo und Aarhus<\/span><\/a><span style=\"font-weight: 400;\"> Und <\/span><a href=\"https:\/\/stiften.dk\/byliv\/marokkansk-inspiration-midt-i-aarhus-de-fleste-varer-er-der-kun-en-slags-af\"><span style=\"font-weight: 400;\">Zeitung der Di\u00f6zese Aarhus<\/span><\/a><span style=\"font-weight: 400;\">. Wir hoffen, dass Sie Lust haben, mitzulesen.\u00a0<\/span><\/p>\n\n\t\t<\/div>\n\t<\/div>\n<div class=\"vc_btn3-container vc_btn3-left vc_do_btn\" ><a onmouseleave=\"this.style.borderColor='#343434'; this.style.backgroundColor='transparent'; this.style.color='#343434'\" onmouseenter=\"this.style.borderColor='#053b43'; this.style.backgroundColor='#053b43'; this.style.color='#ffffff';\" style=\"border-color:#343434; color:#343434;\" class=\"vc_general vc_btn3 vc_btn3-size-md vc_btn3-shape-square vc_btn3-style-outline-custom\" href=\"https:\/\/maps.app.goo.gl\/LHgfuLJQdp3fEZny7\" title=\"Finden Sie Ihren Weg nach Tibladin\" target=\"_blank\">FINDEN SIE DEN WEG<\/a><\/div><\/div><\/div><\/div><div class=\"wpb_column vc_column_container vc_col-sm-6\"><div class=\"vc_column-inner\"><div class=\"wpb_wrapper\">\n\t<div  class=\"wpb_single_image wpb_content_element vc_align_left wpb_content_element\">\n\t\t\n\t\t<figure class=\"wpb_wrapper vc_figure\">\n\t\t\t<div class=\"vc_single_image-wrapper   vc_box_border_grey\"><img loading=\"lazy\" decoding=\"async\" width=\"800\" height=\"800\" src=\"https:\/\/tibladin.dk\/wp-content\/uploads\/2025\/01\/Tibladin-butilk_1.jpg\" class=\"vc_single_image-img attachment-large\" alt=\"Eingang zu Tibladins Laden auf Skt. Knuds Torv 23, 8000 Aarhus C\" title=\"Tibladin-Butilk-Eintrag\" srcset=\"https:\/\/tibladin.dk\/wp-content\/uploads\/2025\/01\/Tibladin-butilk_1.jpg 800w, https:\/\/tibladin.dk\/wp-content\/uploads\/2025\/01\/Tibladin-butilk_1-400x400.jpg 400w, https:\/\/tibladin.dk\/wp-content\/uploads\/2025\/01\/Tibladin-butilk_1-150x150.jpg 150w, https:\/\/tibladin.dk\/wp-content\/uploads\/2025\/01\/Tibladin-butilk_1-64x64.jpg 64w, https:\/\/tibladin.dk\/wp-content\/uploads\/2025\/01\/Tibladin-butilk_1-300x300.jpg 300w, https:\/\/tibladin.dk\/wp-content\/uploads\/2025\/01\/Tibladin-butilk_1-768x768.jpg 768w, https:\/\/tibladin.dk\/wp-content\/uploads\/2025\/01\/Tibladin-butilk_1-12x12.jpg 12w, https:\/\/tibladin.dk\/wp-content\/uploads\/2025\/01\/Tibladin-butilk_1-441x441.jpg 441w, https:\/\/tibladin.dk\/wp-content\/uploads\/2025\/01\/Tibladin-butilk_1-100x100.jpg 100w\" sizes=\"auto, (max-width: 800px) 100vw, 800px\" \/><\/div>\n\t\t<\/figure>\n\t<\/div>\n<\/div><\/div><\/div><\/div><div class=\"vc_row wpb_row vc_row-fluid vc_row-o-content-middle vc_row-flex\"><div class=\"wpb_column vc_column_container vc_col-sm-6\"><div class=\"vc_column-inner\"><div class=\"wpb_wrapper\">\n\t<div  class=\"wpb_single_image wpb_content_element vc_align_left wpb_content_element\">\n\t\t\n\t\t<figure class=\"wpb_wrapper vc_figure\">\n\t\t\t<div class=\"vc_single_image-wrapper   vc_box_border_grey\"><img decoding=\"async\" class=\"vc_single_image-img\" src=\"https:\/\/tibladin.dk\/wp-content\/uploads\/2025\/01\/Vaeveteknikker_kvindekoopertaiv_1-800x800.jpg\" width=\"800\" height=\"800\" alt=\"Zwei Frauen arbeiten in einer Frauenkooperative\" title=\"Webtechniken_Frauenkooperative_1\" loading=\"lazy\" \/><\/div>\n\t\t<\/figure>\n\t<\/div>\n<\/div><\/div><\/div><div class=\"wpb_column vc_column_container vc_col-sm-6\"><div class=\"vc_column-inner\"><div class=\"wpb_wrapper\"><h2 style=\"text-align: left\" class=\"vc_custom_heading vc_do_custom_heading\" >So arbeitet Tibladin mit Nachhaltigkeit<\/h2>\n\t<div class=\"wpb_text_column wpb_content_element\" >\n\t\t<div class=\"wpb_wrapper\">\n\t\t\t<p>F\u00fcr mich ist es v\u00f6llig selbstverst\u00e4ndlich, in meinem Unternehmen \u00fcber Nachhaltigkeit nachzudenken, da ich auch privat viel dar\u00fcber nachdenke, wie wir die Umwelt m\u00f6glichst wenig belasten k\u00f6nnen. Ich sortiere meinen M\u00fcll sorgf\u00e4ltig, fahre ein Elektroauto und kaufe biologisch und nachhaltig ein.<\/p>\n<p>Bei der Auswahl meiner Lieferanten lege ich Wert darauf, dass diese nachhaltig produzieren, die Materialien nat\u00fcrlich und m\u00f6glichst biologisch sind und alle Ressourcen voll ausgenutzt werden. Ich achte darauf, ob die Farben nat\u00fcrlich sind, ob die Glasur ungiftig ist usw. Nachhaltigkeit ist vieles, und ein weiterer Parameter, nach dem ich Lieferanten ausw\u00e4hle, ist, ob sie auch sozial nachhaltig sind. Das bedeutet, dass ich lokale Handwerker und Frauenkooperativen unterst\u00fctze, die viel daf\u00fcr tun, Frauen in die Arbeit zu bringen und so den Lebensstandard in marokkanischen D\u00f6rfern zu verbessern.<\/p>\n<p>Um einen \u00fcberm\u00e4\u00dfigen Konsum zu vermeiden, bestelle ich die Artikel f\u00fcr den Vorrat zu Hause in kleineren Portionen und je nach Bedarf. Ich liefere Poufs ohne F\u00fcllung, da es nachhaltiger ist, Ihren Pouf mit geeigneten Materialien zu f\u00fcllen, die Sie bereits haben, wie zum Beispiel nicht mehr verwendete Kleidung, Winterdecken, Kissen oder zerkn\u00fclltes Zeitungspapier.<\/p>\n<p><a href=\"https:\/\/tibladin.dk\/de\/nachhaltige-produktion\/\">Lesen Sie mehr \u00fcber Tibladins Arbeit im Bereich nachhaltige Produktion.<\/a><\/p>\n\n\t\t<\/div>\n\t<\/div>\n<\/div><\/div><\/div><\/div>\n<\/div>","protected":false},"excerpt":{"rendered":"Om TibladinEn passion for marokkansk h\u00e5ndv\u00e6rk'Sm\u00e5 flade sten'\u2018Tibladin\u2019 er et berbisk ord og betyder sm\u00e5 flade sten. Tibladin kaldte min svigerfamilie min mands barndomshjem. For mig symboliserer det de f\u00f8rste byggesten i min forretning. Mette Frank Bijaad Ejer af Tibladin Marokkansk unika interi\u00f8r Tibladin.dk har jeg skabt ud fra min passion for marokkansk h\u00e5ndv\u00e6rk. Jeg [...]","protected":false},"author":2,"featured_media":4090,"parent":0,"menu_order":0,"comment_status":"closed","ping_status":"closed","template":"template-fullwidth-no-heading.php","meta":{"inline_featured_image":false,"footnotes":""},"class_list":["post-4128","page","type-page","status-publish","has-post-thumbnail","hentry"],"yoast_head":"<!-- This site is optimized with the Yoast SEO plugin v27.4 - https:\/\/yoast.com\/product\/yoast-seo-wordpress\/ -->\n<title>Om Tibladin | Passion for marokkansk h\u00e5ndv\u00e6rk<\/title>\n<meta name=\"description\" content=\"Hos Tibladin tilbyder vi produkter med et fint marokkansk udtryk, som passer med den skandinaviske indretning. B\u00e6redygtighed i forretningen\" \/>\n<meta name=\"robots\" content=\"index, follow, max-snippet:-1, max-image-preview:large, max-video-preview:-1\" \/>\n<link rel=\"canonical\" href=\"https:\/\/tibladin.dk\/de\/uber-tibladin\/\" \/>\n<meta property=\"og:locale\" content=\"de_DE\" \/>\n<meta property=\"og:type\" content=\"article\" \/>\n<meta property=\"og:title\" content=\"Om Tibladin | Passion for marokkansk h\u00e5ndv\u00e6rk\" \/>\n<meta property=\"og:description\" content=\"Hos Tibladin tilbyder vi produkter med et fint marokkansk udtryk, som passer med den skandinaviske indretning. B\u00e6redygtighed i forretningen\" \/>\n<meta property=\"og:url\" content=\"https:\/\/tibladin.dk\/de\/uber-tibladin\/\" \/>\n<meta property=\"og:site_name\" content=\"Tibladin\" \/>\n<meta property=\"article:modified_time\" content=\"2025-01-27T13:43:55+00:00\" \/>\n<meta property=\"og:image\" content=\"https:\/\/tibladin.dk\/wp-content\/uploads\/2022\/10\/Tibladin_fjerdekoration.webp\" \/>\n\t<meta property=\"og:image:width\" content=\"800\" \/>\n\t<meta property=\"og:image:height\" content=\"800\" \/>\n\t<meta property=\"og:image:type\" content=\"image\/webp\" \/>\n<meta name=\"twitter:card\" content=\"summary_large_image\" \/>\n<meta name=\"twitter:label1\" content=\"Gesch\u00e4tzte Lesezeit\" \/>\n\t<meta name=\"twitter:data1\" content=\"5\u00a0Minuten\" \/>\n<script type=\"application\/ld+json\" class=\"yoast-schema-graph\">{\"@context\":\"https:\\\/\\\/schema.org\",\"@graph\":[{\"@type\":\"WebPage\",\"@id\":\"https:\\\/\\\/tibladin.dk\\\/om-tibladin\\\/\",\"url\":\"https:\\\/\\\/tibladin.dk\\\/om-tibladin\\\/\",\"name\":\"Om Tibladin | Passion for marokkansk h\u00e5ndv\u00e6rk\",\"isPartOf\":{\"@id\":\"https:\\\/\\\/tibladin.dk\\\/#website\"},\"primaryImageOfPage\":{\"@id\":\"https:\\\/\\\/tibladin.dk\\\/om-tibladin\\\/#primaryimage\"},\"image\":{\"@id\":\"https:\\\/\\\/tibladin.dk\\\/om-tibladin\\\/#primaryimage\"},\"thumbnailUrl\":\"https:\\\/\\\/tibladin.dk\\\/wp-content\\\/uploads\\\/2022\\\/10\\\/Tibladin_fjerdekoration.webp\",\"datePublished\":\"2022-10-14T07:33:49+00:00\",\"dateModified\":\"2025-01-27T13:43:55+00:00\",\"description\":\"Hos Tibladin tilbyder vi produkter med et fint marokkansk udtryk, som passer med den skandinaviske indretning. B\u00e6redygtighed i forretningen\",\"breadcrumb\":{\"@id\":\"https:\\\/\\\/tibladin.dk\\\/om-tibladin\\\/#breadcrumb\"},\"inLanguage\":\"de\",\"potentialAction\":[{\"@type\":\"ReadAction\",\"target\":[\"https:\\\/\\\/tibladin.dk\\\/om-tibladin\\\/\"]}]},{\"@type\":\"ImageObject\",\"inLanguage\":\"de\",\"@id\":\"https:\\\/\\\/tibladin.dk\\\/om-tibladin\\\/#primaryimage\",\"url\":\"https:\\\/\\\/tibladin.dk\\\/wp-content\\\/uploads\\\/2022\\\/10\\\/Tibladin_fjerdekoration.webp\",\"contentUrl\":\"https:\\\/\\\/tibladin.dk\\\/wp-content\\\/uploads\\\/2022\\\/10\\\/Tibladin_fjerdekoration.webp\",\"width\":800,\"height\":800,\"caption\":\"Model ved marokkansk indretning\"},{\"@type\":\"BreadcrumbList\",\"@id\":\"https:\\\/\\\/tibladin.dk\\\/om-tibladin\\\/#breadcrumb\",\"itemListElement\":[{\"@type\":\"ListItem\",\"position\":1,\"name\":\"Hjem\",\"item\":\"https:\\\/\\\/tibladin.dk\\\/\"},{\"@type\":\"ListItem\",\"position\":2,\"name\":\"Om Tibladin\"}]},{\"@type\":\"WebSite\",\"@id\":\"https:\\\/\\\/tibladin.dk\\\/#website\",\"url\":\"https:\\\/\\\/tibladin.dk\\\/\",\"name\":\"Tibladin\",\"description\":\"Tibladin\",\"publisher\":{\"@id\":\"https:\\\/\\\/tibladin.dk\\\/#organization\"},\"potentialAction\":[{\"@type\":\"SearchAction\",\"target\":{\"@type\":\"EntryPoint\",\"urlTemplate\":\"https:\\\/\\\/tibladin.dk\\\/?s={search_term_string}\"},\"query-input\":{\"@type\":\"PropertyValueSpecification\",\"valueRequired\":true,\"valueName\":\"search_term_string\"}}],\"inLanguage\":\"de\"},{\"@type\":\"Organization\",\"@id\":\"https:\\\/\\\/tibladin.dk\\\/#organization\",\"name\":\"Tibladin\",\"url\":\"https:\\\/\\\/tibladin.dk\\\/\",\"logo\":{\"@type\":\"ImageObject\",\"inLanguage\":\"de\",\"@id\":\"https:\\\/\\\/tibladin.dk\\\/#\\\/schema\\\/logo\\\/image\\\/\",\"url\":\"https:\\\/\\\/tibladin.dk\\\/wp-content\\\/uploads\\\/2022\\\/09\\\/tibladin_logo.svg\",\"contentUrl\":\"https:\\\/\\\/tibladin.dk\\\/wp-content\\\/uploads\\\/2022\\\/09\\\/tibladin_logo.svg\",\"caption\":\"Tibladin\"},\"image\":{\"@id\":\"https:\\\/\\\/tibladin.dk\\\/#\\\/schema\\\/logo\\\/image\\\/\"}}]}<\/script>\n<!-- \/ Yoast SEO plugin. -->","yoast_head_json":{"title":"\u00dcber Tibladin | Leidenschaft f\u00fcr marokkanisches Handwerk","description":"Bei Tibladin bieten wir Produkte mit einem edlen marokkanischen Look an, die gut zur skandinavischen Einrichtung passen. Nachhaltigkeit im Unternehmen","robots":{"index":"index","follow":"follow","max-snippet":"max-snippet:-1","max-image-preview":"max-image-preview:large","max-video-preview":"max-video-preview:-1"},"canonical":"https:\/\/tibladin.dk\/de\/uber-tibladin\/","og_locale":"de_DE","og_type":"article","og_title":"Om Tibladin | Passion for marokkansk h\u00e5ndv\u00e6rk","og_description":"Hos Tibladin tilbyder vi produkter med et fint marokkansk udtryk, som passer med den skandinaviske indretning. B\u00e6redygtighed i forretningen","og_url":"https:\/\/tibladin.dk\/de\/uber-tibladin\/","og_site_name":"Tibladin","article_modified_time":"2025-01-27T13:43:55+00:00","og_image":[{"width":800,"height":800,"url":"https:\/\/tibladin.dk\/wp-content\/uploads\/2022\/10\/Tibladin_fjerdekoration.webp","type":"image\/webp"}],"twitter_card":"summary_large_image","twitter_misc":{"Gesch\u00e4tzte Lesezeit":"5\u00a0Minuten"},"schema":{"@context":"https:\/\/schema.org","@graph":[{"@type":"WebPage","@id":"https:\/\/tibladin.dk\/om-tibladin\/","url":"https:\/\/tibladin.dk\/om-tibladin\/","name":"\u00dcber Tibladin | Leidenschaft f\u00fcr marokkanisches Handwerk","isPartOf":{"@id":"https:\/\/tibladin.dk\/#website"},"primaryImageOfPage":{"@id":"https:\/\/tibladin.dk\/om-tibladin\/#primaryimage"},"image":{"@id":"https:\/\/tibladin.dk\/om-tibladin\/#primaryimage"},"thumbnailUrl":"https:\/\/tibladin.dk\/wp-content\/uploads\/2022\/10\/Tibladin_fjerdekoration.webp","datePublished":"2022-10-14T07:33:49+00:00","dateModified":"2025-01-27T13:43:55+00:00","description":"Bei Tibladin bieten wir Produkte mit einem edlen marokkanischen Look an, die gut zur skandinavischen Einrichtung passen. Nachhaltigkeit im Unternehmen","breadcrumb":{"@id":"https:\/\/tibladin.dk\/om-tibladin\/#breadcrumb"},"inLanguage":"de","potentialAction":[{"@type":"ReadAction","target":["https:\/\/tibladin.dk\/om-tibladin\/"]}]},{"@type":"ImageObject","inLanguage":"de","@id":"https:\/\/tibladin.dk\/om-tibladin\/#primaryimage","url":"https:\/\/tibladin.dk\/wp-content\/uploads\/2022\/10\/Tibladin_fjerdekoration.webp","contentUrl":"https:\/\/tibladin.dk\/wp-content\/uploads\/2022\/10\/Tibladin_fjerdekoration.webp","width":800,"height":800,"caption":"Model ved marokkansk indretning"},{"@type":"BreadcrumbList","@id":"https:\/\/tibladin.dk\/om-tibladin\/#breadcrumb","itemListElement":[{"@type":"ListItem","position":1,"name":"Hjem","item":"https:\/\/tibladin.dk\/"},{"@type":"ListItem","position":2,"name":"Om Tibladin"}]},{"@type":"WebSite","@id":"https:\/\/tibladin.dk\/#website","url":"https:\/\/tibladin.dk\/","name":"Tibladin","description":"Tibladin","publisher":{"@id":"https:\/\/tibladin.dk\/#organization"},"potentialAction":[{"@type":"SearchAction","target":{"@type":"EntryPoint","urlTemplate":"https:\/\/tibladin.dk\/?s={search_term_string}"},"query-input":{"@type":"PropertyValueSpecification","valueRequired":true,"valueName":"search_term_string"}}],"inLanguage":"de"},{"@type":"Organization","@id":"https:\/\/tibladin.dk\/#organization","name":"Tibladin","url":"https:\/\/tibladin.dk\/","logo":{"@type":"ImageObject","inLanguage":"de","@id":"https:\/\/tibladin.dk\/#\/schema\/logo\/image\/","url":"https:\/\/tibladin.dk\/wp-content\/uploads\/2022\/09\/tibladin_logo.svg","contentUrl":"https:\/\/tibladin.dk\/wp-content\/uploads\/2022\/09\/tibladin_logo.svg","caption":"Tibladin"},"image":{"@id":"https:\/\/tibladin.dk\/#\/schema\/logo\/image\/"}}]}},"_links":{"self":[{"href":"https:\/\/tibladin.dk\/de\/wp-json\/wp\/v2\/pages\/4128","targetHints":{"allow":["GET"]}}],"collection":[{"href":"https:\/\/tibladin.dk\/de\/wp-json\/wp\/v2\/pages"}],"about":[{"href":"https:\/\/tibladin.dk\/de\/wp-json\/wp\/v2\/types\/page"}],"author":[{"embeddable":true,"href":"https:\/\/tibladin.dk\/de\/wp-json\/wp\/v2\/users\/2"}],"replies":[{"embeddable":true,"href":"https:\/\/tibladin.dk\/de\/wp-json\/wp\/v2\/comments?post=4128"}],"version-history":[{"count":73,"href":"https:\/\/tibladin.dk\/de\/wp-json\/wp\/v2\/pages\/4128\/revisions"}],"predecessor-version":[{"id":34588,"href":"https:\/\/tibladin.dk\/de\/wp-json\/wp\/v2\/pages\/4128\/revisions\/34588"}],"wp:featuredmedia":[{"embeddable":true,"href":"https:\/\/tibladin.dk\/de\/wp-json\/wp\/v2\/media\/4090"}],"wp:attachment":[{"href":"https:\/\/tibladin.dk\/de\/wp-json\/wp\/v2\/media?parent=4128"}],"curies":[{"name":"wp","href":"https:\/\/api.w.org\/{rel}","templated":true}]}}