{"id":4195,"date":"2022-10-17T10:10:03","date_gmt":"2022-10-17T08:10:03","guid":{"rendered":"https:\/\/tibladin.dk\/?page_id=4195"},"modified":"2025-06-26T09:22:05","modified_gmt":"2025-06-26T07:22:05","slug":"melden-sie-sich-fur-den-kundenclub-an","status":"publish","type":"page","link":"https:\/\/tibladin.dk\/de\/tilmeld-kundeklub\/","title":{"rendered":"Kundenclub registrieren"},"content":{"rendered":"<div class=\"wpb-content-wrapper\"><div data-vc-full-width=\"true\" data-vc-full-width-temp=\"true\" data-vc-full-width-init=\"false\" class=\"vc_row wpb_row vc_row-fluid vc_custom_1666042434618 vc_row-has-fill\"><div class=\"wpb_column vc_column_container vc_col-sm-3\"><div class=\"vc_column-inner\"><div class=\"wpb_wrapper\"><\/div><\/div><\/div><div class=\"wpb_column vc_column_container vc_col-sm-6\"><div class=\"vc_column-inner\"><div class=\"wpb_wrapper\">\n\t<div class=\"wpb_text_column wpb_content_element\" >\n\t\t<div class=\"wpb_wrapper\">\n\t\t\t<h1 style=\"text-align: center;\">Newsletter abonnieren<\/h1>\n<p style=\"text-align: center;\">Werden Sie Mitglied in unserem Kundenclub und erhalten Sie spannende Neuigkeiten in Ihrem Posteingang.<\/p>\n\n\t\t<\/div>\n\t<\/div>\n\n\t<div class=\"wpb_raw_code wpb_raw_html wpb_content_element\" >\n\t\t<div class=\"wpb_wrapper\">\n\t\t\t<div class=\"klaviyo-form-R6UYm4\"><\/div>\n\t\t<\/div>\n\t<\/div>\n<\/div><\/div><\/div><div class=\"wpb_column vc_column_container vc_col-sm-3\"><div class=\"vc_column-inner\"><div class=\"wpb_wrapper\"><\/div><\/div><\/div><\/div><div class=\"vc_row-full-width vc_clearfix\"><\/div><div class=\"vc_row wpb_row vc_row-fluid vc_custom_1666042450109\"><div class=\"wpb_column vc_column_container vc_col-sm-2\"><div class=\"vc_column-inner\"><div class=\"wpb_wrapper\"><\/div><\/div><\/div><div class=\"wpb_column vc_column_container vc_col-sm-8\"><div class=\"vc_column-inner\"><div class=\"wpb_wrapper\">\n\t<div class=\"wpb_text_column wpb_content_element\" >\n\t\t<div class=\"wpb_wrapper\">\n\t\t\t<h3 class=\"vc_custom_heading\">Melden Sie sich im Kundenclub von Tibladin an und erhalten Sie tolle Angebote und tolle Inspirationen!<\/h3>\n<p class=\"vc_custom_heading\">Wenn Sie sich f\u00fcr den Kundenclub von Tibladin anmelden, erhalten Sie unseren Newsletter zwei- bis viermal im Monat \u2013 direkt in Ihrem Posteingang. Der Newsletter von Tibladin ist ein kleines Potpourri aus inspirierenden Tipps und Ideen, kleinen Geschichten aus Marokko und praktischen Vorschl\u00e4gen zur Pflege Ihrer Tibladin-Produkte. Nicht zuletzt ist es nat\u00fcrlich der Ort, an dem Sie als Erster von all unseren aufregenden und wunderbaren Neuigkeiten erfahren!<\/p>\n<p style=\"text-align: left;\"><strong>Mit dem Kundenclub von Tibladin erhalten Sie:<\/strong><\/p>\n<ul>\n<li style=\"text-align: left;\">Vorteilhafte Mitgliederrabatte auf unsere Neuigkeiten<\/li>\n<li style=\"text-align: left;\">Leicht zug\u00e4ngliche Einrichtungstipps f\u00fcr Ihr Zuhause<\/li>\n<li style=\"text-align: left;\">Tipps und Tricks f\u00fcr die bestm\u00f6gliche Wartung Ihrer Tibladin-Produkte<\/li>\n<li style=\"text-align: left;\">Leckere Rezepte f\u00fcr marokkanische Gerichte<\/li>\n<li style=\"text-align: left;\">Kleine pers\u00f6nliche Geschichten \u00fcber das Herz Marokkos, Kultur und Handwerkskunst, Tibladins Reise, die Partner des Unternehmens und soziale und wirtschaftliche Initiativen \u2013 alles erz\u00e4hlt von Tibladins Besitzerin Mette selbst.<\/li>\n<\/ul>\n\n\t\t<\/div>\n\t<\/div>\n<\/div><\/div><\/div><\/div>\n<\/div>","protected":false},"excerpt":{"rendered":"Tilmeld nyhedsbrev Bliv medlem af vores kundeklub og f\u00e5 sp\u00e6ndende nyheder i din indbakke. Tilmeld dig Tibladins kundeklub og f\u00e5 sendt gode tilbud og sk\u00f8n inspiration din vej! N\u00e5r du tilmelder dig Tibladins kundeklub, s\u00e5 vil du modtage vores nyhedsbrev 2-4 gange om m\u00e5neden - lige i din indbakke. Tibladins nyhedsbrev er en lille potpourri [...]","protected":false},"author":2,"featured_media":0,"parent":0,"menu_order":0,"comment_status":"closed","ping_status":"closed","template":"template-fullwidth-no-heading.php","meta":{"inline_featured_image":false,"footnotes":""},"class_list":["post-4195","page","type-page","status-publish","hentry"],"yoast_head":"<!-- This site is optimized with the Yoast SEO plugin v27.4 - https:\/\/yoast.com\/product\/yoast-seo-wordpress\/ -->\n<title>Tilmeld kundeklub | Tibladin<\/title>\n<meta name=\"description\" content=\"Tilmeld dig vores kundeklub. Som medlem, kan du altid holde dig opdateret p\u00e5 de nyeste tilbud og produkter\" \/>\n<meta name=\"robots\" content=\"index, follow, max-snippet:-1, max-image-preview:large, max-video-preview:-1\" \/>\n<link rel=\"canonical\" href=\"https:\/\/tibladin.dk\/de\/melden-sie-sich-fur-den-kundenclub-an\/\" \/>\n<meta property=\"og:locale\" content=\"de_DE\" \/>\n<meta property=\"og:type\" content=\"article\" \/>\n<meta property=\"og:title\" content=\"Tilmeld kundeklub | Tibladin\" \/>\n<meta property=\"og:description\" content=\"Tilmeld dig vores kundeklub. Som medlem, kan du altid holde dig opdateret p\u00e5 de nyeste tilbud og produkter\" \/>\n<meta property=\"og:url\" content=\"https:\/\/tibladin.dk\/de\/melden-sie-sich-fur-den-kundenclub-an\/\" \/>\n<meta property=\"og:site_name\" content=\"Tibladin\" \/>\n<meta property=\"article:modified_time\" content=\"2025-06-26T07:22:05+00:00\" \/>\n<meta name=\"twitter:card\" content=\"summary_large_image\" \/>\n<meta name=\"twitter:label1\" content=\"Gesch\u00e4tzte Lesezeit\" \/>\n\t<meta name=\"twitter:data1\" content=\"1\u00a0Minute\" \/>\n<script type=\"application\/ld+json\" class=\"yoast-schema-graph\">{\"@context\":\"https:\\\/\\\/schema.org\",\"@graph\":[{\"@type\":\"WebPage\",\"@id\":\"https:\\\/\\\/tibladin.dk\\\/tilmeld-kundeklub\\\/\",\"url\":\"https:\\\/\\\/tibladin.dk\\\/tilmeld-kundeklub\\\/\",\"name\":\"Tilmeld kundeklub | Tibladin\",\"isPartOf\":{\"@id\":\"https:\\\/\\\/tibladin.dk\\\/#website\"},\"datePublished\":\"2022-10-17T08:10:03+00:00\",\"dateModified\":\"2025-06-26T07:22:05+00:00\",\"description\":\"Tilmeld dig vores kundeklub. Som medlem, kan du altid holde dig opdateret p\u00e5 de nyeste tilbud og produkter\",\"breadcrumb\":{\"@id\":\"https:\\\/\\\/tibladin.dk\\\/tilmeld-kundeklub\\\/#breadcrumb\"},\"inLanguage\":\"de\",\"potentialAction\":[{\"@type\":\"ReadAction\",\"target\":[\"https:\\\/\\\/tibladin.dk\\\/tilmeld-kundeklub\\\/\"]}]},{\"@type\":\"BreadcrumbList\",\"@id\":\"https:\\\/\\\/tibladin.dk\\\/tilmeld-kundeklub\\\/#breadcrumb\",\"itemListElement\":[{\"@type\":\"ListItem\",\"position\":1,\"name\":\"Hjem\",\"item\":\"https:\\\/\\\/tibladin.dk\\\/\"},{\"@type\":\"ListItem\",\"position\":2,\"name\":\"Tilmeld kundeklub\"}]},{\"@type\":\"WebSite\",\"@id\":\"https:\\\/\\\/tibladin.dk\\\/#website\",\"url\":\"https:\\\/\\\/tibladin.dk\\\/\",\"name\":\"Tibladin\",\"description\":\"Tibladin\",\"publisher\":{\"@id\":\"https:\\\/\\\/tibladin.dk\\\/#organization\"},\"potentialAction\":[{\"@type\":\"SearchAction\",\"target\":{\"@type\":\"EntryPoint\",\"urlTemplate\":\"https:\\\/\\\/tibladin.dk\\\/?s={search_term_string}\"},\"query-input\":{\"@type\":\"PropertyValueSpecification\",\"valueRequired\":true,\"valueName\":\"search_term_string\"}}],\"inLanguage\":\"de\"},{\"@type\":\"Organization\",\"@id\":\"https:\\\/\\\/tibladin.dk\\\/#organization\",\"name\":\"Tibladin\",\"url\":\"https:\\\/\\\/tibladin.dk\\\/\",\"logo\":{\"@type\":\"ImageObject\",\"inLanguage\":\"de\",\"@id\":\"https:\\\/\\\/tibladin.dk\\\/#\\\/schema\\\/logo\\\/image\\\/\",\"url\":\"https:\\\/\\\/tibladin.dk\\\/wp-content\\\/uploads\\\/2022\\\/09\\\/tibladin_logo.svg\",\"contentUrl\":\"https:\\\/\\\/tibladin.dk\\\/wp-content\\\/uploads\\\/2022\\\/09\\\/tibladin_logo.svg\",\"caption\":\"Tibladin\"},\"image\":{\"@id\":\"https:\\\/\\\/tibladin.dk\\\/#\\\/schema\\\/logo\\\/image\\\/\"}}]}<\/script>\n<!-- \/ Yoast SEO plugin. -->","yoast_head_json":{"title":"Kundenclub registrieren | Tibladin","description":"Treten Sie unserem Kundenclub bei. Als Mitglied bleiben Sie immer \u00fcber die neuesten Angebote und Produkte auf dem Laufenden","robots":{"index":"index","follow":"follow","max-snippet":"max-snippet:-1","max-image-preview":"max-image-preview:large","max-video-preview":"max-video-preview:-1"},"canonical":"https:\/\/tibladin.dk\/de\/melden-sie-sich-fur-den-kundenclub-an\/","og_locale":"de_DE","og_type":"article","og_title":"Tilmeld kundeklub | Tibladin","og_description":"Tilmeld dig vores kundeklub. Som medlem, kan du altid holde dig opdateret p\u00e5 de nyeste tilbud og produkter","og_url":"https:\/\/tibladin.dk\/de\/melden-sie-sich-fur-den-kundenclub-an\/","og_site_name":"Tibladin","article_modified_time":"2025-06-26T07:22:05+00:00","twitter_card":"summary_large_image","twitter_misc":{"Gesch\u00e4tzte Lesezeit":"1\u00a0Minute"},"schema":{"@context":"https:\/\/schema.org","@graph":[{"@type":"WebPage","@id":"https:\/\/tibladin.dk\/tilmeld-kundeklub\/","url":"https:\/\/tibladin.dk\/tilmeld-kundeklub\/","name":"Kundenclub registrieren | Tibladin","isPartOf":{"@id":"https:\/\/tibladin.dk\/#website"},"datePublished":"2022-10-17T08:10:03+00:00","dateModified":"2025-06-26T07:22:05+00:00","description":"Treten Sie unserem Kundenclub bei. Als Mitglied bleiben Sie immer \u00fcber die neuesten Angebote und Produkte auf dem Laufenden","breadcrumb":{"@id":"https:\/\/tibladin.dk\/tilmeld-kundeklub\/#breadcrumb"},"inLanguage":"de","potentialAction":[{"@type":"ReadAction","target":["https:\/\/tibladin.dk\/tilmeld-kundeklub\/"]}]},{"@type":"BreadcrumbList","@id":"https:\/\/tibladin.dk\/tilmeld-kundeklub\/#breadcrumb","itemListElement":[{"@type":"ListItem","position":1,"name":"Hjem","item":"https:\/\/tibladin.dk\/"},{"@type":"ListItem","position":2,"name":"Tilmeld kundeklub"}]},{"@type":"WebSite","@id":"https:\/\/tibladin.dk\/#website","url":"https:\/\/tibladin.dk\/","name":"Tibladin","description":"Tibladin","publisher":{"@id":"https:\/\/tibladin.dk\/#organization"},"potentialAction":[{"@type":"SearchAction","target":{"@type":"EntryPoint","urlTemplate":"https:\/\/tibladin.dk\/?s={search_term_string}"},"query-input":{"@type":"PropertyValueSpecification","valueRequired":true,"valueName":"search_term_string"}}],"inLanguage":"de"},{"@type":"Organization","@id":"https:\/\/tibladin.dk\/#organization","name":"Tibladin","url":"https:\/\/tibladin.dk\/","logo":{"@type":"ImageObject","inLanguage":"de","@id":"https:\/\/tibladin.dk\/#\/schema\/logo\/image\/","url":"https:\/\/tibladin.dk\/wp-content\/uploads\/2022\/09\/tibladin_logo.svg","contentUrl":"https:\/\/tibladin.dk\/wp-content\/uploads\/2022\/09\/tibladin_logo.svg","caption":"Tibladin"},"image":{"@id":"https:\/\/tibladin.dk\/#\/schema\/logo\/image\/"}}]}},"_links":{"self":[{"href":"https:\/\/tibladin.dk\/de\/wp-json\/wp\/v2\/pages\/4195","targetHints":{"allow":["GET"]}}],"collection":[{"href":"https:\/\/tibladin.dk\/de\/wp-json\/wp\/v2\/pages"}],"about":[{"href":"https:\/\/tibladin.dk\/de\/wp-json\/wp\/v2\/types\/page"}],"author":[{"embeddable":true,"href":"https:\/\/tibladin.dk\/de\/wp-json\/wp\/v2\/users\/2"}],"replies":[{"embeddable":true,"href":"https:\/\/tibladin.dk\/de\/wp-json\/wp\/v2\/comments?post=4195"}],"version-history":[{"count":19,"href":"https:\/\/tibladin.dk\/de\/wp-json\/wp\/v2\/pages\/4195\/revisions"}],"predecessor-version":[{"id":37445,"href":"https:\/\/tibladin.dk\/de\/wp-json\/wp\/v2\/pages\/4195\/revisions\/37445"}],"wp:attachment":[{"href":"https:\/\/tibladin.dk\/de\/wp-json\/wp\/v2\/media?parent=4195"}],"curies":[{"name":"wp","href":"https:\/\/api.w.org\/{rel}","templated":true}]}}