{"id":1046,"date":"2022-09-20T11:06:31","date_gmt":"2022-09-20T09:06:31","guid":{"rendered":"https:\/\/tibladin.dk\/?post_type=product&#038;p=1046"},"modified":"2026-03-15T09:27:23","modified_gmt":"2026-03-15T08:27:23","slug":"glaser-in-stucco-tadlekt-schwarz-niedrig","status":"publish","type":"product","link":"https:\/\/tibladin.dk\/de\/produkt\/krukker-i-stucco-tadlekt-sort-lav\/","title":{"rendered":"Gl\u00e4ser in Stucco\/Tadlect \u2013 Schwarz \u2013 niedrig"},"content":{"rendered":"<div class=\"wpb-content-wrapper\"><div class=\"vc_row wpb_row vc_row-fluid\"><div class=\"wpb_column vc_column_container vc_col-sm-4\"><div class=\"vc_column-inner\"><div class=\"wpb_wrapper\"><\/div><\/div><\/div><div class=\"wpb_column vc_column_container vc_col-sm-4\"><div class=\"vc_column-inner\"><div class=\"wpb_wrapper\"><h3 style=\"text-align: left\" class=\"vc_custom_heading vc_do_custom_heading\" >Wartung<\/h3>\n\t<div class=\"wpb_text_column wpb_content_element\" >\n\t\t<div class=\"wpb_wrapper\">\n\t\t\t<p>Zur Reinigung empfehle ich einfach ein Staubtuch oder ein kr\u00e4ftig ausgewrungenes Tuch.<\/p>\n\n\t\t<\/div>\n\t<\/div>\n<\/div><\/div><\/div><div class=\"wpb_column vc_column_container vc_col-sm-4\"><div class=\"vc_column-inner\"><div class=\"wpb_wrapper\"><h3 style=\"text-align: left\" class=\"vc_custom_heading vc_do_custom_heading\" >Die Geschichte dahinter<\/h3>\n\t<div class=\"wpb_text_column wpb_content_element\" >\n\t\t<div class=\"wpb_wrapper\">\n\t\t\t<p>Aufbewahrung, die schm\u00fcckt. Es ist immer sch\u00f6n, sich mit sch\u00f6nen Dingen zu umgeben, und wenn man sie auch noch zum Aufbewahren von Dingen nutzen kann, ist das besonders gut. Ich liebe kleine Dinge, die das Zuhause schm\u00fccken und einfach einen zus\u00e4tzlichen Hauch von W\u00e4rme und marokkanischem Geheimnis verleihen.<\/p>\n<p>Die Gl\u00e4ser hier in Tadlekt oder dem europ\u00e4ischen Wort Stuck sind ein Material, das in Marokko f\u00fcr W\u00e4nde, insbesondere in Badezimmern, verwendet wird. Es verleiht den W\u00e4nden eine Art Marmorierung, ein gl\u00e4nzendes, exklusives Aussehen. In Marokko sieht man Tadlekt oft an W\u00e4nden in den meisten R\u00e4umen, in Badezimmern und im Hamam (marokkanischem Dampfbad). Ich liebe dieses Material absolut, ich finde es sieht so cool aus. Tadlekt wird auch zur Herstellung von Gl\u00e4sern verwendet. Sie eignen sich gut f\u00fcr Wattepads und Wattest\u00e4bchen im Badezimmer oder einfach als Dekoration.<\/p>\n<p>Sie k\u00f6nnen nicht zur Aufbewahrung von Lebensmitteln verwendet werden.<\/p>\n\n\t\t<\/div>\n\t<\/div>\n<\/div><\/div><\/div><\/div>\n<\/div>","protected":false},"excerpt":{"rendered":"<p>Handgefertigte T\u00f6pfe aus Stucco\/Tadlekt in Schwarz.<\/p>\n<p>Ideal als Aufbewahrung f\u00fcr z.B. Badezimmer.<\/p>","protected":false},"featured_media":1069,"template":"","meta":{"inline_featured_image":false},"product_brand":[],"product_cat":[53,51],"product_tag":[],"class_list":{"0":"post-1046","1":"product","2":"type-product","3":"status-publish","4":"has-post-thumbnail","6":"product_cat-krukker-i-stucco","7":"product_cat-opbevaring","9":"first","10":"instock","11":"taxable","12":"shipping-taxable","13":"purchasable","14":"product-type-variable"},"exclude_global_add_ons":false,"addons":[{"name":"M\u00f6chten Sie eine Geschenkverpackung?","type":"checkbox","position":0,"required":false,"title_format":"label","default":"","description_enable":false,"description":"","placeholder_enable":false,"placeholder":"","display":"images","restrictions_type":"any_text","adjust_price":false,"price":"","price_type":"flat_fee","restrictions":false,"min":"0","max":"0","options":[{"label":"Ja tak","price":"10","price_type":"flat_fee","image":11015,"visibility":true}],"id":1669646111}],"yoast_head":"<!-- This site is optimized with the Yoast SEO plugin v27.4 - https:\/\/yoast.com\/product\/yoast-seo-wordpress\/ -->\n<title>Krukker i stucco\/tadlekt - sort og flad version | Tibladin<\/title>\n<meta name=\"description\" content=\"Krukker i stucco\/tadlekt i sort til opbevaring og pynt til f.eks. dit badev\u00e6relse. F\u00e5es i tre forskellige st\u00f8rrelser. Kan ogs\u00e5 findes i andre farver\" \/>\n<meta name=\"robots\" content=\"index, follow, max-snippet:-1, max-image-preview:large, max-video-preview:-1\" \/>\n<link rel=\"canonical\" href=\"https:\/\/tibladin.dk\/de\/produkt\/glaser-in-stucco-tadlekt-schwarz-niedrig\/\" \/>\n<meta property=\"og:locale\" content=\"de_DE\" \/>\n<meta property=\"og:type\" content=\"article\" \/>\n<meta property=\"og:title\" content=\"Krukker i stucco\/tadlekt - sort og flad version | Tibladin\" \/>\n<meta property=\"og:description\" content=\"Krukker i stucco\/tadlekt i sort til opbevaring og pynt til f.eks. dit badev\u00e6relse. F\u00e5es i tre forskellige st\u00f8rrelser. Kan ogs\u00e5 findes i andre farver\" \/>\n<meta property=\"og:url\" content=\"https:\/\/tibladin.dk\/de\/produkt\/glaser-in-stucco-tadlekt-schwarz-niedrig\/\" \/>\n<meta property=\"og:site_name\" content=\"Tibladin\" \/>\n<meta property=\"article:modified_time\" content=\"2026-03-15T08:27:23+00:00\" \/>\n<meta property=\"og:image\" content=\"https:\/\/tibladin.dk\/wp-content\/uploads\/2022\/09\/Tibladin_krukker-stuco_lav_850x800-1.jpg\" \/>\n\t<meta property=\"og:image:width\" content=\"850\" \/>\n\t<meta property=\"og:image:height\" content=\"800\" \/>\n\t<meta property=\"og:image:type\" content=\"image\/jpeg\" \/>\n<meta name=\"twitter:card\" content=\"summary_large_image\" \/>\n<meta name=\"twitter:label1\" content=\"Gesch\u00e4tzte Lesezeit\" \/>\n\t<meta name=\"twitter:data1\" content=\"2\u00a0Minuten\" \/>\n<script type=\"application\/ld+json\" class=\"yoast-schema-graph\">{\"@context\":\"https:\\\/\\\/schema.org\",\"@graph\":[{\"@type\":\"WebPage\",\"@id\":\"https:\\\/\\\/tibladin.dk\\\/produkt\\\/krukker-i-stucco-tadlekt-sort-lav\\\/\",\"url\":\"https:\\\/\\\/tibladin.dk\\\/produkt\\\/krukker-i-stucco-tadlekt-sort-lav\\\/\",\"name\":\"Krukker i stucco\\\/tadlekt - sort og flad version | Tibladin\",\"isPartOf\":{\"@id\":\"https:\\\/\\\/tibladin.dk\\\/#website\"},\"primaryImageOfPage\":{\"@id\":\"https:\\\/\\\/tibladin.dk\\\/produkt\\\/krukker-i-stucco-tadlekt-sort-lav\\\/#primaryimage\"},\"image\":{\"@id\":\"https:\\\/\\\/tibladin.dk\\\/produkt\\\/krukker-i-stucco-tadlekt-sort-lav\\\/#primaryimage\"},\"thumbnailUrl\":\"https:\\\/\\\/tibladin.dk\\\/wp-content\\\/uploads\\\/2022\\\/09\\\/Tibladin_krukker-stuco_lav_850x800-1.jpg\",\"datePublished\":\"2022-09-20T09:06:31+00:00\",\"dateModified\":\"2026-03-15T08:27:23+00:00\",\"description\":\"Krukker i stucco\\\/tadlekt i sort til opbevaring og pynt til f.eks. dit badev\u00e6relse. F\u00e5es i tre forskellige st\u00f8rrelser. Kan ogs\u00e5 findes i andre farver\",\"breadcrumb\":{\"@id\":\"https:\\\/\\\/tibladin.dk\\\/produkt\\\/krukker-i-stucco-tadlekt-sort-lav\\\/#breadcrumb\"},\"inLanguage\":\"de\",\"potentialAction\":[{\"@type\":\"ReadAction\",\"target\":[\"https:\\\/\\\/tibladin.dk\\\/produkt\\\/krukker-i-stucco-tadlekt-sort-lav\\\/\"]}]},{\"@type\":\"ImageObject\",\"inLanguage\":\"de\",\"@id\":\"https:\\\/\\\/tibladin.dk\\\/produkt\\\/krukker-i-stucco-tadlekt-sort-lav\\\/#primaryimage\",\"url\":\"https:\\\/\\\/tibladin.dk\\\/wp-content\\\/uploads\\\/2022\\\/09\\\/Tibladin_krukker-stuco_lav_850x800-1.jpg\",\"contentUrl\":\"https:\\\/\\\/tibladin.dk\\\/wp-content\\\/uploads\\\/2022\\\/09\\\/Tibladin_krukker-stuco_lav_850x800-1.jpg\",\"width\":850,\"height\":800,\"caption\":\"Sorte runde lave marokkanske h\u00e5ndlavede krukker i stucco med bl\u00e5 kvaster\"},{\"@type\":\"BreadcrumbList\",\"@id\":\"https:\\\/\\\/tibladin.dk\\\/produkt\\\/krukker-i-stucco-tadlekt-sort-lav\\\/#breadcrumb\",\"itemListElement\":[{\"@type\":\"ListItem\",\"position\":1,\"name\":\"Hjem\",\"item\":\"https:\\\/\\\/tibladin.dk\\\/\"},{\"@type\":\"ListItem\",\"position\":2,\"name\":\"Shop\",\"item\":\"https:\\\/\\\/tibladin.dk\\\/shop\\\/\"},{\"@type\":\"ListItem\",\"position\":3,\"name\":\"Krukker i stucco\\\/tadlekt &#8211; sort &#8211; lav\"}]},{\"@type\":\"WebSite\",\"@id\":\"https:\\\/\\\/tibladin.dk\\\/#website\",\"url\":\"https:\\\/\\\/tibladin.dk\\\/\",\"name\":\"Tibladin\",\"description\":\"Tibladin\",\"publisher\":{\"@id\":\"https:\\\/\\\/tibladin.dk\\\/#organization\"},\"potentialAction\":[{\"@type\":\"SearchAction\",\"target\":{\"@type\":\"EntryPoint\",\"urlTemplate\":\"https:\\\/\\\/tibladin.dk\\\/?s={search_term_string}\"},\"query-input\":{\"@type\":\"PropertyValueSpecification\",\"valueRequired\":true,\"valueName\":\"search_term_string\"}}],\"inLanguage\":\"de\"},{\"@type\":\"Organization\",\"@id\":\"https:\\\/\\\/tibladin.dk\\\/#organization\",\"name\":\"Tibladin\",\"url\":\"https:\\\/\\\/tibladin.dk\\\/\",\"logo\":{\"@type\":\"ImageObject\",\"inLanguage\":\"de\",\"@id\":\"https:\\\/\\\/tibladin.dk\\\/#\\\/schema\\\/logo\\\/image\\\/\",\"url\":\"https:\\\/\\\/tibladin.dk\\\/wp-content\\\/uploads\\\/2022\\\/09\\\/tibladin_logo.svg\",\"contentUrl\":\"https:\\\/\\\/tibladin.dk\\\/wp-content\\\/uploads\\\/2022\\\/09\\\/tibladin_logo.svg\",\"caption\":\"Tibladin\"},\"image\":{\"@id\":\"https:\\\/\\\/tibladin.dk\\\/#\\\/schema\\\/logo\\\/image\\\/\"}}]}<\/script>\n<!-- \/ Yoast SEO plugin. -->","yoast_head_json":{"title":"Gl\u00e4ser in Stucco\/Tadlekt - schwarze und flache Ausf\u00fchrung | Tibladin","description":"Gl\u00e4ser in Stucco\/Tadlekt in Schwarz zur Aufbewahrung und Dekoration f\u00fcr z.B. Ihr Badezimmer. Erh\u00e4ltlich in drei verschiedenen Gr\u00f6\u00dfen. Auch in anderen Farben erh\u00e4ltlich","robots":{"index":"index","follow":"follow","max-snippet":"max-snippet:-1","max-image-preview":"max-image-preview:large","max-video-preview":"max-video-preview:-1"},"canonical":"https:\/\/tibladin.dk\/de\/produkt\/glaser-in-stucco-tadlekt-schwarz-niedrig\/","og_locale":"de_DE","og_type":"article","og_title":"Krukker i stucco\/tadlekt - sort og flad version | Tibladin","og_description":"Krukker i stucco\/tadlekt i sort til opbevaring og pynt til f.eks. dit badev\u00e6relse. F\u00e5es i tre forskellige st\u00f8rrelser. Kan ogs\u00e5 findes i andre farver","og_url":"https:\/\/tibladin.dk\/de\/produkt\/glaser-in-stucco-tadlekt-schwarz-niedrig\/","og_site_name":"Tibladin","article_modified_time":"2026-03-15T08:27:23+00:00","og_image":[{"width":850,"height":800,"url":"https:\/\/tibladin.dk\/wp-content\/uploads\/2022\/09\/Tibladin_krukker-stuco_lav_850x800-1.jpg","type":"image\/jpeg"}],"twitter_card":"summary_large_image","twitter_misc":{"Gesch\u00e4tzte Lesezeit":"2\u00a0Minuten"},"schema":{"@context":"https:\/\/schema.org","@graph":[{"@type":"WebPage","@id":"https:\/\/tibladin.dk\/produkt\/krukker-i-stucco-tadlekt-sort-lav\/","url":"https:\/\/tibladin.dk\/produkt\/krukker-i-stucco-tadlekt-sort-lav\/","name":"Gl\u00e4ser in Stucco\/Tadlekt - schwarze und flache Ausf\u00fchrung | Tibladin","isPartOf":{"@id":"https:\/\/tibladin.dk\/#website"},"primaryImageOfPage":{"@id":"https:\/\/tibladin.dk\/produkt\/krukker-i-stucco-tadlekt-sort-lav\/#primaryimage"},"image":{"@id":"https:\/\/tibladin.dk\/produkt\/krukker-i-stucco-tadlekt-sort-lav\/#primaryimage"},"thumbnailUrl":"https:\/\/tibladin.dk\/wp-content\/uploads\/2022\/09\/Tibladin_krukker-stuco_lav_850x800-1.jpg","datePublished":"2022-09-20T09:06:31+00:00","dateModified":"2026-03-15T08:27:23+00:00","description":"Gl\u00e4ser in Stucco\/Tadlekt in Schwarz zur Aufbewahrung und Dekoration f\u00fcr z.B. Ihr Badezimmer. Erh\u00e4ltlich in drei verschiedenen Gr\u00f6\u00dfen. Auch in anderen Farben erh\u00e4ltlich","breadcrumb":{"@id":"https:\/\/tibladin.dk\/produkt\/krukker-i-stucco-tadlekt-sort-lav\/#breadcrumb"},"inLanguage":"de","potentialAction":[{"@type":"ReadAction","target":["https:\/\/tibladin.dk\/produkt\/krukker-i-stucco-tadlekt-sort-lav\/"]}]},{"@type":"ImageObject","inLanguage":"de","@id":"https:\/\/tibladin.dk\/produkt\/krukker-i-stucco-tadlekt-sort-lav\/#primaryimage","url":"https:\/\/tibladin.dk\/wp-content\/uploads\/2022\/09\/Tibladin_krukker-stuco_lav_850x800-1.jpg","contentUrl":"https:\/\/tibladin.dk\/wp-content\/uploads\/2022\/09\/Tibladin_krukker-stuco_lav_850x800-1.jpg","width":850,"height":800,"caption":"Sorte runde lave marokkanske h\u00e5ndlavede krukker i stucco med bl\u00e5 kvaster"},{"@type":"BreadcrumbList","@id":"https:\/\/tibladin.dk\/produkt\/krukker-i-stucco-tadlekt-sort-lav\/#breadcrumb","itemListElement":[{"@type":"ListItem","position":1,"name":"Hjem","item":"https:\/\/tibladin.dk\/"},{"@type":"ListItem","position":2,"name":"Shop","item":"https:\/\/tibladin.dk\/shop\/"},{"@type":"ListItem","position":3,"name":"Krukker i stucco\/tadlekt &#8211; sort &#8211; lav"}]},{"@type":"WebSite","@id":"https:\/\/tibladin.dk\/#website","url":"https:\/\/tibladin.dk\/","name":"Tibladin","description":"Tibladin","publisher":{"@id":"https:\/\/tibladin.dk\/#organization"},"potentialAction":[{"@type":"SearchAction","target":{"@type":"EntryPoint","urlTemplate":"https:\/\/tibladin.dk\/?s={search_term_string}"},"query-input":{"@type":"PropertyValueSpecification","valueRequired":true,"valueName":"search_term_string"}}],"inLanguage":"de"},{"@type":"Organization","@id":"https:\/\/tibladin.dk\/#organization","name":"Tibladin","url":"https:\/\/tibladin.dk\/","logo":{"@type":"ImageObject","inLanguage":"de","@id":"https:\/\/tibladin.dk\/#\/schema\/logo\/image\/","url":"https:\/\/tibladin.dk\/wp-content\/uploads\/2022\/09\/tibladin_logo.svg","contentUrl":"https:\/\/tibladin.dk\/wp-content\/uploads\/2022\/09\/tibladin_logo.svg","caption":"Tibladin"},"image":{"@id":"https:\/\/tibladin.dk\/#\/schema\/logo\/image\/"}}]}},"_links":{"self":[{"href":"https:\/\/tibladin.dk\/de\/wp-json\/wp\/v2\/product\/1046","targetHints":{"allow":["GET"]}}],"collection":[{"href":"https:\/\/tibladin.dk\/de\/wp-json\/wp\/v2\/product"}],"about":[{"href":"https:\/\/tibladin.dk\/de\/wp-json\/wp\/v2\/types\/product"}],"wp:featuredmedia":[{"embeddable":true,"href":"https:\/\/tibladin.dk\/de\/wp-json\/wp\/v2\/media\/1069"}],"wp:attachment":[{"href":"https:\/\/tibladin.dk\/de\/wp-json\/wp\/v2\/media?parent=1046"}],"wp:term":[{"taxonomy":"product_brand","embeddable":true,"href":"https:\/\/tibladin.dk\/de\/wp-json\/wp\/v2\/product_brand?post=1046"},{"taxonomy":"product_cat","embeddable":true,"href":"https:\/\/tibladin.dk\/de\/wp-json\/wp\/v2\/product_cat?post=1046"},{"taxonomy":"product_tag","embeddable":true,"href":"https:\/\/tibladin.dk\/de\/wp-json\/wp\/v2\/product_tag?post=1046"}],"curies":[{"name":"wp","href":"https:\/\/api.w.org\/{rel}","templated":true}]}}