{"id":10498,"date":"2023-11-23T16:13:11","date_gmt":"2023-11-23T15:13:11","guid":{"rendered":"https:\/\/tibladin.dk\/?post_type=product&#038;p=10498"},"modified":"2024-12-09T14:05:13","modified_gmt":"2024-12-09T13:05:13","slug":"marokkanische-keramikvase-braun-mit-henkel","status":"publish","type":"product","link":"https:\/\/tibladin.dk\/de\/produkt\/marokkansk-keramik-vase-brun-med-hanke\/","title":{"rendered":"Marokkanische Keramikvase Braun mit Henkel"},"content":{"rendered":"<div class=\"wpb-content-wrapper\"><div class=\"vc_row wpb_row vc_row-fluid\"><div class=\"wpb_column vc_column_container vc_col-sm-4\"><div class=\"vc_column-inner\"><div class=\"wpb_wrapper\"><\/div><\/div><\/div><div class=\"wpb_column vc_column_container vc_col-sm-4\"><div class=\"vc_column-inner\"><div class=\"wpb_wrapper\"><h3 style=\"text-align: left\" class=\"vc_custom_heading vc_do_custom_heading\" >Wartung<\/h3>\n\t<div class=\"wpb_text_column wpb_content_element\" >\n\t\t<div class=\"wpb_wrapper\">\n\t\t\t<p><span style=\"font-weight: 400;\">Kann sowohl f\u00fcr Trockenblumen verwendet werden.<\/span><\/p>\n<p><span style=\"font-weight: 400;\">Da Keramik etwas por\u00f6ser ist als Steinzeug, empfehlen wir zur Reinigung keine Sp\u00fclmaschine. Um die Keramik m\u00f6glichst lange haltbar zu machen, sp\u00fclen Sie das Geschirr am besten von Hand.<\/span><\/p>\n<p><br style=\"font-weight: 400;\" \/><br style=\"font-weight: 400;\" \/><\/p>\n\n\t\t<\/div>\n\t<\/div>\n<\/div><\/div><\/div><div class=\"wpb_column vc_column_container vc_col-sm-4\"><div class=\"vc_column-inner\"><div class=\"wpb_wrapper\"><h3 style=\"text-align: left\" class=\"vc_custom_heading vc_do_custom_heading\" >Die Geschichte dahinter<\/h3>\n\t<div class=\"wpb_text_column wpb_content_element\" >\n\t\t<div class=\"wpb_wrapper\">\n\t\t\t<p>Safi ist eine Provinzhauptstadt und Hafenstadt im Westen Marokkos, die vor allem f\u00fcr die Herstellung wundersch\u00f6ner handgefertigter Keramik bekannt ist, die oft in vielen verschiedenen Farben und Schattierungen erstrahlt. \u201eSafi\u201c ist also keine T\u00f6pferart, sondern die Bezeichnung f\u00fcr den Ort, an dem die T\u00f6pferware hergestellt wird. Oft findet man \u201eSafi\u201c unter dem Boden von Keramik aus Marokko, da das Land dort ein gro\u00dfer Hersteller ist.<\/p>\n\n\t\t<\/div>\n\t<\/div>\n<\/div><\/div><\/div><\/div>\n<\/div>","protected":false},"excerpt":{"rendered":"<p>Wundersch\u00f6ne Keramikvase aus handgedrehter und handbemalter marokkanischer Keramik. Braun und wei\u00df mit einem Griff auf jeder Seite. Die Vase ist 42 cm hoch.<\/p>\n<p>AUFMERKSAMKEIT! Die Vase hat keinen Boden und eignet sich daher bestens als Dekoration f\u00fcr Trockenblumen oder gro\u00dfe Pampasgr\u00e4ser.<\/p>\n<p>Marokkanische Keramik hat kleine Unvollkommenheiten und verleiht viel Charme,<\/p>\n<p>&nbsp;<\/p>","protected":false},"featured_media":10489,"template":"","meta":{"inline_featured_image":false},"product_brand":[],"product_cat":[139,156],"product_tag":[],"class_list":{"0":"post-10498","1":"product","2":"type-product","3":"status-publish","4":"has-post-thumbnail","6":"product_cat-marokkansk-keramik","7":"product_cat-marokkanske-store-skaale-perfekte-til-salat-og-frugtskaal-se-det-store-udvalg","9":"first","10":"instock","11":"taxable","12":"shipping-taxable","13":"purchasable","14":"product-type-simple"},"exclude_global_add_ons":false,"addons":[{"name":"M\u00f6chten Sie eine Geschenkverpackung?","type":"checkbox","position":0,"required":false,"title_format":"label","default":"","description_enable":false,"description":"","placeholder_enable":false,"placeholder":"","display":"images","restrictions_type":"any_text","adjust_price":false,"price":"","price_type":"flat_fee","restrictions":false,"min":"0","max":"0","options":[{"label":"Ja tak","price":"10","price_type":"flat_fee","image":11015,"visibility":true}],"id":1669646111}],"yoast_head":"<!-- This site is optimized with the Yoast SEO plugin v27.4 - https:\/\/yoast.com\/product\/yoast-seo-wordpress\/ -->\n<title>Keramik vase| Smukke m\u00f8nstre og levende farver | Tibladin<\/title>\n<meta name=\"description\" content=\"Keramik sk\u00e5le som f\u00e5es i mange forskellige farver. 42 cm h\u00f8j. Stort udvalg af smuk marokkansk keramik, som er h\u00e5ndlavet i Marokko.\" \/>\n<meta name=\"robots\" content=\"index, follow, max-snippet:-1, max-image-preview:large, max-video-preview:-1\" \/>\n<link rel=\"canonical\" href=\"https:\/\/tibladin.dk\/de\/produkt\/marokkanische-keramikvase-braun-mit-henkel\/\" \/>\n<meta property=\"og:locale\" content=\"de_DE\" \/>\n<meta property=\"og:type\" content=\"article\" \/>\n<meta property=\"og:title\" content=\"Keramik vase| Smukke m\u00f8nstre og levende farver | Tibladin\" \/>\n<meta property=\"og:description\" content=\"Keramik sk\u00e5le som f\u00e5es i mange forskellige farver. 42 cm h\u00f8j. Stort udvalg af smuk marokkansk keramik, som er h\u00e5ndlavet i Marokko.\" \/>\n<meta property=\"og:url\" content=\"https:\/\/tibladin.dk\/de\/produkt\/marokkanische-keramikvase-braun-mit-henkel\/\" \/>\n<meta property=\"og:site_name\" content=\"Tibladin\" \/>\n<meta property=\"article:modified_time\" content=\"2024-12-09T13:05:13+00:00\" \/>\n<meta property=\"og:image\" content=\"https:\/\/tibladin.dk\/wp-content\/uploads\/2023\/11\/Marokkansk-keramik-vase_brun.jpg\" \/>\n\t<meta property=\"og:image:width\" content=\"800\" \/>\n\t<meta property=\"og:image:height\" content=\"800\" \/>\n\t<meta property=\"og:image:type\" content=\"image\/jpeg\" \/>\n<meta name=\"twitter:card\" content=\"summary_large_image\" \/>\n<meta name=\"twitter:label1\" content=\"Gesch\u00e4tzte Lesezeit\" \/>\n\t<meta name=\"twitter:data1\" content=\"2\u00a0Minuten\" \/>\n<script type=\"application\/ld+json\" class=\"yoast-schema-graph\">{\"@context\":\"https:\\\/\\\/schema.org\",\"@graph\":[{\"@type\":\"WebPage\",\"@id\":\"https:\\\/\\\/tibladin.dk\\\/produkt\\\/marokkansk-keramik-vase-brun-med-hanke\\\/\",\"url\":\"https:\\\/\\\/tibladin.dk\\\/produkt\\\/marokkansk-keramik-vase-brun-med-hanke\\\/\",\"name\":\"Keramik vase| Smukke m\u00f8nstre og levende farver | Tibladin\",\"isPartOf\":{\"@id\":\"https:\\\/\\\/tibladin.dk\\\/#website\"},\"primaryImageOfPage\":{\"@id\":\"https:\\\/\\\/tibladin.dk\\\/produkt\\\/marokkansk-keramik-vase-brun-med-hanke\\\/#primaryimage\"},\"image\":{\"@id\":\"https:\\\/\\\/tibladin.dk\\\/produkt\\\/marokkansk-keramik-vase-brun-med-hanke\\\/#primaryimage\"},\"thumbnailUrl\":\"https:\\\/\\\/tibladin.dk\\\/wp-content\\\/uploads\\\/2023\\\/11\\\/Marokkansk-keramik-vase_brun.jpg\",\"datePublished\":\"2023-11-23T15:13:11+00:00\",\"dateModified\":\"2024-12-09T13:05:13+00:00\",\"description\":\"Keramik sk\u00e5le som f\u00e5es i mange forskellige farver. 42 cm h\u00f8j. Stort udvalg af smuk marokkansk keramik, som er h\u00e5ndlavet i Marokko.\",\"breadcrumb\":{\"@id\":\"https:\\\/\\\/tibladin.dk\\\/produkt\\\/marokkansk-keramik-vase-brun-med-hanke\\\/#breadcrumb\"},\"inLanguage\":\"de\",\"potentialAction\":[{\"@type\":\"ReadAction\",\"target\":[\"https:\\\/\\\/tibladin.dk\\\/produkt\\\/marokkansk-keramik-vase-brun-med-hanke\\\/\"]}]},{\"@type\":\"ImageObject\",\"inLanguage\":\"de\",\"@id\":\"https:\\\/\\\/tibladin.dk\\\/produkt\\\/marokkansk-keramik-vase-brun-med-hanke\\\/#primaryimage\",\"url\":\"https:\\\/\\\/tibladin.dk\\\/wp-content\\\/uploads\\\/2023\\\/11\\\/Marokkansk-keramik-vase_brun.jpg\",\"contentUrl\":\"https:\\\/\\\/tibladin.dk\\\/wp-content\\\/uploads\\\/2023\\\/11\\\/Marokkansk-keramik-vase_brun.jpg\",\"width\":800,\"height\":800,\"caption\":\"marokkansk keramik vase brun og hvid med hank i hver side\"},{\"@type\":\"BreadcrumbList\",\"@id\":\"https:\\\/\\\/tibladin.dk\\\/produkt\\\/marokkansk-keramik-vase-brun-med-hanke\\\/#breadcrumb\",\"itemListElement\":[{\"@type\":\"ListItem\",\"position\":1,\"name\":\"Hjem\",\"item\":\"https:\\\/\\\/tibladin.dk\\\/\"},{\"@type\":\"ListItem\",\"position\":2,\"name\":\"Shop\",\"item\":\"https:\\\/\\\/tibladin.dk\\\/shop\\\/\"},{\"@type\":\"ListItem\",\"position\":3,\"name\":\"Marokkansk Keramik vase Brun med hanke\"}]},{\"@type\":\"WebSite\",\"@id\":\"https:\\\/\\\/tibladin.dk\\\/#website\",\"url\":\"https:\\\/\\\/tibladin.dk\\\/\",\"name\":\"Tibladin\",\"description\":\"Tibladin\",\"publisher\":{\"@id\":\"https:\\\/\\\/tibladin.dk\\\/#organization\"},\"potentialAction\":[{\"@type\":\"SearchAction\",\"target\":{\"@type\":\"EntryPoint\",\"urlTemplate\":\"https:\\\/\\\/tibladin.dk\\\/?s={search_term_string}\"},\"query-input\":{\"@type\":\"PropertyValueSpecification\",\"valueRequired\":true,\"valueName\":\"search_term_string\"}}],\"inLanguage\":\"de\"},{\"@type\":\"Organization\",\"@id\":\"https:\\\/\\\/tibladin.dk\\\/#organization\",\"name\":\"Tibladin\",\"url\":\"https:\\\/\\\/tibladin.dk\\\/\",\"logo\":{\"@type\":\"ImageObject\",\"inLanguage\":\"de\",\"@id\":\"https:\\\/\\\/tibladin.dk\\\/#\\\/schema\\\/logo\\\/image\\\/\",\"url\":\"https:\\\/\\\/tibladin.dk\\\/wp-content\\\/uploads\\\/2022\\\/09\\\/tibladin_logo.svg\",\"contentUrl\":\"https:\\\/\\\/tibladin.dk\\\/wp-content\\\/uploads\\\/2022\\\/09\\\/tibladin_logo.svg\",\"caption\":\"Tibladin\"},\"image\":{\"@id\":\"https:\\\/\\\/tibladin.dk\\\/#\\\/schema\\\/logo\\\/image\\\/\"}}]}<\/script>\n<!-- \/ Yoast SEO plugin. -->","yoast_head_json":{"title":"Keramikvase Wundersch\u00f6ne Muster und lebendige Farben | Tibladin","description":"Keramikschalen in vielen verschiedenen Farben erh\u00e4ltlich. 42 cm hoch. Gro\u00dfe Auswahl an wundersch\u00f6ner marokkanischer Keramik, die in Marokko handgefertigt wird.","robots":{"index":"index","follow":"follow","max-snippet":"max-snippet:-1","max-image-preview":"max-image-preview:large","max-video-preview":"max-video-preview:-1"},"canonical":"https:\/\/tibladin.dk\/de\/produkt\/marokkanische-keramikvase-braun-mit-henkel\/","og_locale":"de_DE","og_type":"article","og_title":"Keramik vase| Smukke m\u00f8nstre og levende farver | Tibladin","og_description":"Keramik sk\u00e5le som f\u00e5es i mange forskellige farver. 42 cm h\u00f8j. Stort udvalg af smuk marokkansk keramik, som er h\u00e5ndlavet i Marokko.","og_url":"https:\/\/tibladin.dk\/de\/produkt\/marokkanische-keramikvase-braun-mit-henkel\/","og_site_name":"Tibladin","article_modified_time":"2024-12-09T13:05:13+00:00","og_image":[{"width":800,"height":800,"url":"https:\/\/tibladin.dk\/wp-content\/uploads\/2023\/11\/Marokkansk-keramik-vase_brun.jpg","type":"image\/jpeg"}],"twitter_card":"summary_large_image","twitter_misc":{"Gesch\u00e4tzte Lesezeit":"2\u00a0Minuten"},"schema":{"@context":"https:\/\/schema.org","@graph":[{"@type":"WebPage","@id":"https:\/\/tibladin.dk\/produkt\/marokkansk-keramik-vase-brun-med-hanke\/","url":"https:\/\/tibladin.dk\/produkt\/marokkansk-keramik-vase-brun-med-hanke\/","name":"Keramikvase Wundersch\u00f6ne Muster und lebendige Farben | Tibladin","isPartOf":{"@id":"https:\/\/tibladin.dk\/#website"},"primaryImageOfPage":{"@id":"https:\/\/tibladin.dk\/produkt\/marokkansk-keramik-vase-brun-med-hanke\/#primaryimage"},"image":{"@id":"https:\/\/tibladin.dk\/produkt\/marokkansk-keramik-vase-brun-med-hanke\/#primaryimage"},"thumbnailUrl":"https:\/\/tibladin.dk\/wp-content\/uploads\/2023\/11\/Marokkansk-keramik-vase_brun.jpg","datePublished":"2023-11-23T15:13:11+00:00","dateModified":"2024-12-09T13:05:13+00:00","description":"Keramikschalen in vielen verschiedenen Farben erh\u00e4ltlich. 42 cm hoch. Gro\u00dfe Auswahl an wundersch\u00f6ner marokkanischer Keramik, die in Marokko handgefertigt wird.","breadcrumb":{"@id":"https:\/\/tibladin.dk\/produkt\/marokkansk-keramik-vase-brun-med-hanke\/#breadcrumb"},"inLanguage":"de","potentialAction":[{"@type":"ReadAction","target":["https:\/\/tibladin.dk\/produkt\/marokkansk-keramik-vase-brun-med-hanke\/"]}]},{"@type":"ImageObject","inLanguage":"de","@id":"https:\/\/tibladin.dk\/produkt\/marokkansk-keramik-vase-brun-med-hanke\/#primaryimage","url":"https:\/\/tibladin.dk\/wp-content\/uploads\/2023\/11\/Marokkansk-keramik-vase_brun.jpg","contentUrl":"https:\/\/tibladin.dk\/wp-content\/uploads\/2023\/11\/Marokkansk-keramik-vase_brun.jpg","width":800,"height":800,"caption":"marokkansk keramik vase brun og hvid med hank i hver side"},{"@type":"BreadcrumbList","@id":"https:\/\/tibladin.dk\/produkt\/marokkansk-keramik-vase-brun-med-hanke\/#breadcrumb","itemListElement":[{"@type":"ListItem","position":1,"name":"Hjem","item":"https:\/\/tibladin.dk\/"},{"@type":"ListItem","position":2,"name":"Shop","item":"https:\/\/tibladin.dk\/shop\/"},{"@type":"ListItem","position":3,"name":"Marokkansk Keramik vase Brun med hanke"}]},{"@type":"WebSite","@id":"https:\/\/tibladin.dk\/#website","url":"https:\/\/tibladin.dk\/","name":"Tibladin","description":"Tibladin","publisher":{"@id":"https:\/\/tibladin.dk\/#organization"},"potentialAction":[{"@type":"SearchAction","target":{"@type":"EntryPoint","urlTemplate":"https:\/\/tibladin.dk\/?s={search_term_string}"},"query-input":{"@type":"PropertyValueSpecification","valueRequired":true,"valueName":"search_term_string"}}],"inLanguage":"de"},{"@type":"Organization","@id":"https:\/\/tibladin.dk\/#organization","name":"Tibladin","url":"https:\/\/tibladin.dk\/","logo":{"@type":"ImageObject","inLanguage":"de","@id":"https:\/\/tibladin.dk\/#\/schema\/logo\/image\/","url":"https:\/\/tibladin.dk\/wp-content\/uploads\/2022\/09\/tibladin_logo.svg","contentUrl":"https:\/\/tibladin.dk\/wp-content\/uploads\/2022\/09\/tibladin_logo.svg","caption":"Tibladin"},"image":{"@id":"https:\/\/tibladin.dk\/#\/schema\/logo\/image\/"}}]}},"_links":{"self":[{"href":"https:\/\/tibladin.dk\/de\/wp-json\/wp\/v2\/product\/10498","targetHints":{"allow":["GET"]}}],"collection":[{"href":"https:\/\/tibladin.dk\/de\/wp-json\/wp\/v2\/product"}],"about":[{"href":"https:\/\/tibladin.dk\/de\/wp-json\/wp\/v2\/types\/product"}],"wp:featuredmedia":[{"embeddable":true,"href":"https:\/\/tibladin.dk\/de\/wp-json\/wp\/v2\/media\/10489"}],"wp:attachment":[{"href":"https:\/\/tibladin.dk\/de\/wp-json\/wp\/v2\/media?parent=10498"}],"wp:term":[{"taxonomy":"product_brand","embeddable":true,"href":"https:\/\/tibladin.dk\/de\/wp-json\/wp\/v2\/product_brand?post=10498"},{"taxonomy":"product_cat","embeddable":true,"href":"https:\/\/tibladin.dk\/de\/wp-json\/wp\/v2\/product_cat?post=10498"},{"taxonomy":"product_tag","embeddable":true,"href":"https:\/\/tibladin.dk\/de\/wp-json\/wp\/v2\/product_tag?post=10498"}],"curies":[{"name":"wp","href":"https:\/\/api.w.org\/{rel}","templated":true}]}}