{"id":10531,"date":"2023-11-23T18:53:44","date_gmt":"2023-11-23T17:53:44","guid":{"rendered":"https:\/\/tibladin.dk\/?post_type=product&#038;p=10531"},"modified":"2026-04-28T09:19:57","modified_gmt":"2026-04-28T07:19:57","slug":"hocker-in-hellbraunem-haselnussbraun","status":"publish","type":"product","link":"https:\/\/tibladin.dk\/de\/produkt\/puf-i-brun-lys-hazelnut\/","title":{"rendered":"Hocker in hellbraunem Haselnussbraun"},"content":{"rendered":"<div class=\"wpb-content-wrapper\"><div class=\"vc_row wpb_row vc_row-fluid\"><div class=\"wpb_column vc_column_container vc_col-sm-4\"><div class=\"vc_column-inner\"><div class=\"wpb_wrapper\"><h3 style=\"text-align: left\" class=\"vc_custom_heading vc_do_custom_heading\" >Andere marokkanische Lederhocker<\/h3>\n\t<div class=\"wpb_text_column wpb_content_element\" >\n\t\t<div class=\"wpb_wrapper\">\n\t\t\t<p>Sie sind sich nicht sicher, ob Sie diesen Pouf in einem k\u00f6stlichen Nussbraun haben sollten?<\/p>\n<p>Schauen Sie sich also unsere an <a href=\"https:\/\/tibladin.dk\/de\/produktkategorie-3\/innere\/mobel\/puh\/sitzpuff-aus-leder\/\">Seite mit allen unseren Lederhockern<\/a>. Hier finden Sie wundersch\u00f6ne Lederpoufs in verschiedenen Farben und Formen. Wir haben auch ein Paar <a href=\"https:\/\/tibladin.dk\/de\/produktkategorie-3\/innere\/mobel\/puh\/wollpuff\/\">wundersch\u00f6ne marokkanische Poufs aus Wolle<\/a>, was perfekt zu einer skandinavischen Einrichtung passt.<\/p>\n\n\t\t<\/div>\n\t<\/div>\n<\/div><\/div><\/div><div class=\"wpb_column vc_column_container vc_col-sm-4\"><div class=\"vc_column-inner\"><div class=\"wpb_wrapper\"><h3 style=\"text-align: left\" class=\"vc_custom_heading vc_do_custom_heading\" >Wartung<\/h3>\n\t<div class=\"wpb_text_column wpb_content_element\" >\n\t\t<div class=\"wpb_wrapper\">\n\t\t\t<p>Das Leder dieses marokkanischen Poufs besteht aus Ziegenleder und erh\u00e4lt mit der Zeit eine sch\u00f6ne Patina. Wenn Sie m\u00f6chten, dass Ihr Pouf dunkler und gl\u00e4nzender wird, k\u00f6nnen Sie ihm etwas Leder\u00f6l geben. Gerade am Anfang, wenn man es benutzt, kann es ein wenig nach Leder riechen. Das geht schnell wieder weg. Wenn Sie diesen Vorgang beschleunigen m\u00f6chten, legen Sie es eine Weile in die Sonne, dann verschwindet es.<\/p>\n\n\t\t<\/div>\n\t<\/div>\n<\/div><\/div><\/div><div class=\"wpb_column vc_column_container vc_col-sm-4\"><div class=\"vc_column-inner\"><div class=\"wpb_wrapper\"><h3 style=\"text-align: left\" class=\"vc_custom_heading vc_do_custom_heading\" >Die Geschichte dahinter<\/h3>\n\t<div class=\"wpb_text_column wpb_content_element\" >\n\t\t<div class=\"wpb_wrapper\">\n\t\t\t<p>Kleine Poufs lassen sich leicht zu Ihrer Einrichtung hinzuf\u00fcgen und erhalten schnell einen exotischen Look und eine pers\u00f6nlichere Note. Mein Lieferant von Lederpoufs verf\u00fcgt \u00fcber langj\u00e4hrige Erfahrung in der Herstellung guter und sehr langlebiger Poufs und exportiert in mehrere L\u00e4nder auf der ganzen Welt. Alle meine Poufs bestehen aus Ziegenleder, da es den weichsten und flexibelsten Pouf ergibt.<\/p>\n\n\t\t<\/div>\n\t<\/div>\n<\/div><\/div><\/div><\/div>\n<\/div>","protected":false},"excerpt":{"rendered":"<p>Als etwas ganz Neues haben wir die sch\u00f6ne, changierende Haselnuss in einer etwas helleren Variante bekommen. <span class=\"s1\">Der Puff ist auf der Oberseite mit einem sch\u00f6nen und detaillierten Muster bestickt.<\/span><\/p>\n<p>Schlicht und nat\u00fcrlich, was gut zum stilvollen Look passt.<\/p>\n<p>Sie k\u00f6nnen Ihren Pouf selbst mit zus\u00e4tzlichen Bettdecken, alten Kleidungsst\u00fccken, Kissen und Decken f\u00fcllen oder sich f\u00fcr eine nachhaltige Holzwollef\u00fcllung von Tibladin entscheiden.<\/p>\n<p>Misst 50x50x30<\/p>","protected":false},"featured_media":10536,"template":"","meta":{"inline_featured_image":false},"product_brand":[],"product_cat":[47,41,40],"product_tag":[],"class_list":{"0":"post-10531","1":"product","2":"type-product","3":"status-publish","4":"has-post-thumbnail","6":"product_cat-gaven-til-ham","7":"product_cat-laederpufs","8":"product_cat-pufs","10":"first","11":"instock","12":"taxable","13":"shipping-taxable","14":"purchasable","15":"product-type-simple"},"exclude_global_add_ons":false,"addons":[{"name":"M\u00f6chten Sie, dass Ihr Pouf mit Holzwollef\u00fcllung geliefert wird?","type":"checkbox","position":0,"required":false,"title_format":"label","default":"","description_enable":false,"description":"","placeholder_enable":false,"placeholder":"","display":"select","restrictions_type":"any_text","adjust_price":false,"price":"","price_type":"flat_fee","restrictions":false,"min":"0","max":"0","options":[{"label":"Ja tak!","price":"200.00","price_type":"quantity_based","image":0,"visibility":true}],"id":1708085042}],"yoast_head":"<!-- This site is optimized with the Yoast SEO plugin v27.5 - https:\/\/yoast.com\/product\/yoast-seo-wordpress\/ -->\n<title>Marokkansk puf | I lyst hazelnut l\u00e6der med broderet m\u00f8nster<\/title>\n<meta name=\"description\" content=\"Marokkansk puf i en varm brun hazelnut farve. 50 cm i diameter. Med ekstra syninger for en god holdbarhed. Fyldt p\u00e5 forh\u00e5nd \u21d2 K\u00f8b her!\" \/>\n<meta name=\"robots\" content=\"index, follow, max-snippet:-1, max-image-preview:large, max-video-preview:-1\" \/>\n<link rel=\"canonical\" href=\"https:\/\/tibladin.dk\/de\/produkt\/hocker-in-hellbraunem-haselnussbraun\/\" \/>\n<meta property=\"og:locale\" content=\"de_DE\" \/>\n<meta property=\"og:type\" content=\"article\" \/>\n<meta property=\"og:title\" content=\"Marokkansk puf | I lyst hazelnut l\u00e6der med broderet m\u00f8nster\" \/>\n<meta property=\"og:description\" content=\"Marokkansk puf i en varm brun hazelnut farve. 50 cm i diameter. Med ekstra syninger for en god holdbarhed. Fyldt p\u00e5 forh\u00e5nd \u21d2 K\u00f8b her!\" \/>\n<meta property=\"og:url\" content=\"https:\/\/tibladin.dk\/de\/produkt\/hocker-in-hellbraunem-haselnussbraun\/\" \/>\n<meta property=\"og:site_name\" content=\"Tibladin\" \/>\n<meta property=\"article:modified_time\" content=\"2026-04-28T07:19:57+00:00\" \/>\n<meta property=\"og:image\" content=\"https:\/\/tibladin.dk\/wp-content\/uploads\/2023\/11\/marokkansk-puf-i-lys-hazelnut_5.jpg\" \/>\n\t<meta property=\"og:image:width\" content=\"800\" \/>\n\t<meta property=\"og:image:height\" content=\"800\" \/>\n\t<meta property=\"og:image:type\" content=\"image\/jpeg\" \/>\n<meta name=\"twitter:card\" content=\"summary_large_image\" \/>\n<meta name=\"twitter:label1\" content=\"Gesch\u00e4tzte Lesezeit\" \/>\n\t<meta name=\"twitter:data1\" content=\"2\u00a0Minuten\" \/>\n<script type=\"application\/ld+json\" class=\"yoast-schema-graph\">{\"@context\":\"https:\\\/\\\/schema.org\",\"@graph\":[{\"@type\":\"WebPage\",\"@id\":\"https:\\\/\\\/tibladin.dk\\\/produkt\\\/puf-i-brun-lys-hazelnut\\\/\",\"url\":\"https:\\\/\\\/tibladin.dk\\\/produkt\\\/puf-i-brun-lys-hazelnut\\\/\",\"name\":\"Marokkansk puf | I lyst hazelnut l\u00e6der med broderet m\u00f8nster\",\"isPartOf\":{\"@id\":\"https:\\\/\\\/tibladin.dk\\\/#website\"},\"primaryImageOfPage\":{\"@id\":\"https:\\\/\\\/tibladin.dk\\\/produkt\\\/puf-i-brun-lys-hazelnut\\\/#primaryimage\"},\"image\":{\"@id\":\"https:\\\/\\\/tibladin.dk\\\/produkt\\\/puf-i-brun-lys-hazelnut\\\/#primaryimage\"},\"thumbnailUrl\":\"https:\\\/\\\/tibladin.dk\\\/wp-content\\\/uploads\\\/2023\\\/11\\\/marokkansk-puf-i-lys-hazelnut_5.jpg\",\"datePublished\":\"2023-11-23T17:53:44+00:00\",\"dateModified\":\"2026-04-28T07:19:57+00:00\",\"description\":\"Marokkansk puf i en varm brun hazelnut farve. 50 cm i diameter. Med ekstra syninger for en god holdbarhed. Fyldt p\u00e5 forh\u00e5nd \u21d2 K\u00f8b her!\",\"breadcrumb\":{\"@id\":\"https:\\\/\\\/tibladin.dk\\\/produkt\\\/puf-i-brun-lys-hazelnut\\\/#breadcrumb\"},\"inLanguage\":\"de\",\"potentialAction\":[{\"@type\":\"ReadAction\",\"target\":[\"https:\\\/\\\/tibladin.dk\\\/produkt\\\/puf-i-brun-lys-hazelnut\\\/\"]}]},{\"@type\":\"ImageObject\",\"inLanguage\":\"de\",\"@id\":\"https:\\\/\\\/tibladin.dk\\\/produkt\\\/puf-i-brun-lys-hazelnut\\\/#primaryimage\",\"url\":\"https:\\\/\\\/tibladin.dk\\\/wp-content\\\/uploads\\\/2023\\\/11\\\/marokkansk-puf-i-lys-hazelnut_5.jpg\",\"contentUrl\":\"https:\\\/\\\/tibladin.dk\\\/wp-content\\\/uploads\\\/2023\\\/11\\\/marokkansk-puf-i-lys-hazelnut_5.jpg\",\"width\":800,\"height\":800,\"caption\":\"marokkansk puf i lys hazelnut\"},{\"@type\":\"BreadcrumbList\",\"@id\":\"https:\\\/\\\/tibladin.dk\\\/produkt\\\/puf-i-brun-lys-hazelnut\\\/#breadcrumb\",\"itemListElement\":[{\"@type\":\"ListItem\",\"position\":1,\"name\":\"Hjem\",\"item\":\"https:\\\/\\\/tibladin.dk\\\/\"},{\"@type\":\"ListItem\",\"position\":2,\"name\":\"Shop\",\"item\":\"https:\\\/\\\/tibladin.dk\\\/shop\\\/\"},{\"@type\":\"ListItem\",\"position\":3,\"name\":\"Puf i brun lys hazelnut\"}]},{\"@type\":\"WebSite\",\"@id\":\"https:\\\/\\\/tibladin.dk\\\/#website\",\"url\":\"https:\\\/\\\/tibladin.dk\\\/\",\"name\":\"Tibladin\",\"description\":\"Tibladin\",\"publisher\":{\"@id\":\"https:\\\/\\\/tibladin.dk\\\/#organization\"},\"potentialAction\":[{\"@type\":\"SearchAction\",\"target\":{\"@type\":\"EntryPoint\",\"urlTemplate\":\"https:\\\/\\\/tibladin.dk\\\/?s={search_term_string}\"},\"query-input\":{\"@type\":\"PropertyValueSpecification\",\"valueRequired\":true,\"valueName\":\"search_term_string\"}}],\"inLanguage\":\"de\"},{\"@type\":\"Organization\",\"@id\":\"https:\\\/\\\/tibladin.dk\\\/#organization\",\"name\":\"Tibladin\",\"url\":\"https:\\\/\\\/tibladin.dk\\\/\",\"logo\":{\"@type\":\"ImageObject\",\"inLanguage\":\"de\",\"@id\":\"https:\\\/\\\/tibladin.dk\\\/#\\\/schema\\\/logo\\\/image\\\/\",\"url\":\"https:\\\/\\\/tibladin.dk\\\/wp-content\\\/uploads\\\/2022\\\/09\\\/tibladin_logo.svg\",\"contentUrl\":\"https:\\\/\\\/tibladin.dk\\\/wp-content\\\/uploads\\\/2022\\\/09\\\/tibladin_logo.svg\",\"caption\":\"Tibladin\"},\"image\":{\"@id\":\"https:\\\/\\\/tibladin.dk\\\/#\\\/schema\\\/logo\\\/image\\\/\"}}]}<\/script>\n<!-- \/ Yoast SEO plugin. -->","yoast_head_json":{"title":"Marokkanischer Pouf | Aus hellem Haselnussleder mit gesticktem Muster","description":"Marokkanischer Pouf in einem warmen braunen Haselnusston. 50 cm Durchmesser. Mit zus\u00e4tzlichen N\u00e4hten f\u00fcr gute Haltbarkeit. Vorab ausgef\u00fcllt \u21d2 Hier kaufen!","robots":{"index":"index","follow":"follow","max-snippet":"max-snippet:-1","max-image-preview":"max-image-preview:large","max-video-preview":"max-video-preview:-1"},"canonical":"https:\/\/tibladin.dk\/de\/produkt\/hocker-in-hellbraunem-haselnussbraun\/","og_locale":"de_DE","og_type":"article","og_title":"Marokkansk puf | I lyst hazelnut l\u00e6der med broderet m\u00f8nster","og_description":"Marokkansk puf i en varm brun hazelnut farve. 50 cm i diameter. Med ekstra syninger for en god holdbarhed. Fyldt p\u00e5 forh\u00e5nd \u21d2 K\u00f8b her!","og_url":"https:\/\/tibladin.dk\/de\/produkt\/hocker-in-hellbraunem-haselnussbraun\/","og_site_name":"Tibladin","article_modified_time":"2026-04-28T07:19:57+00:00","og_image":[{"width":800,"height":800,"url":"https:\/\/tibladin.dk\/wp-content\/uploads\/2023\/11\/marokkansk-puf-i-lys-hazelnut_5.jpg","type":"image\/jpeg"}],"twitter_card":"summary_large_image","twitter_misc":{"Gesch\u00e4tzte Lesezeit":"2\u00a0Minuten"},"schema":{"@context":"https:\/\/schema.org","@graph":[{"@type":"WebPage","@id":"https:\/\/tibladin.dk\/produkt\/puf-i-brun-lys-hazelnut\/","url":"https:\/\/tibladin.dk\/produkt\/puf-i-brun-lys-hazelnut\/","name":"Marokkanischer Pouf | Aus hellem Haselnussleder mit gesticktem Muster","isPartOf":{"@id":"https:\/\/tibladin.dk\/#website"},"primaryImageOfPage":{"@id":"https:\/\/tibladin.dk\/produkt\/puf-i-brun-lys-hazelnut\/#primaryimage"},"image":{"@id":"https:\/\/tibladin.dk\/produkt\/puf-i-brun-lys-hazelnut\/#primaryimage"},"thumbnailUrl":"https:\/\/tibladin.dk\/wp-content\/uploads\/2023\/11\/marokkansk-puf-i-lys-hazelnut_5.jpg","datePublished":"2023-11-23T17:53:44+00:00","dateModified":"2026-04-28T07:19:57+00:00","description":"Marokkanischer Pouf in einem warmen braunen Haselnusston. 50 cm Durchmesser. Mit zus\u00e4tzlichen N\u00e4hten f\u00fcr gute Haltbarkeit. Vorab ausgef\u00fcllt \u21d2 Hier kaufen!","breadcrumb":{"@id":"https:\/\/tibladin.dk\/produkt\/puf-i-brun-lys-hazelnut\/#breadcrumb"},"inLanguage":"de","potentialAction":[{"@type":"ReadAction","target":["https:\/\/tibladin.dk\/produkt\/puf-i-brun-lys-hazelnut\/"]}]},{"@type":"ImageObject","inLanguage":"de","@id":"https:\/\/tibladin.dk\/produkt\/puf-i-brun-lys-hazelnut\/#primaryimage","url":"https:\/\/tibladin.dk\/wp-content\/uploads\/2023\/11\/marokkansk-puf-i-lys-hazelnut_5.jpg","contentUrl":"https:\/\/tibladin.dk\/wp-content\/uploads\/2023\/11\/marokkansk-puf-i-lys-hazelnut_5.jpg","width":800,"height":800,"caption":"marokkansk puf i lys hazelnut"},{"@type":"BreadcrumbList","@id":"https:\/\/tibladin.dk\/produkt\/puf-i-brun-lys-hazelnut\/#breadcrumb","itemListElement":[{"@type":"ListItem","position":1,"name":"Hjem","item":"https:\/\/tibladin.dk\/"},{"@type":"ListItem","position":2,"name":"Shop","item":"https:\/\/tibladin.dk\/shop\/"},{"@type":"ListItem","position":3,"name":"Puf i brun lys hazelnut"}]},{"@type":"WebSite","@id":"https:\/\/tibladin.dk\/#website","url":"https:\/\/tibladin.dk\/","name":"Tibladin","description":"Tibladin","publisher":{"@id":"https:\/\/tibladin.dk\/#organization"},"potentialAction":[{"@type":"SearchAction","target":{"@type":"EntryPoint","urlTemplate":"https:\/\/tibladin.dk\/?s={search_term_string}"},"query-input":{"@type":"PropertyValueSpecification","valueRequired":true,"valueName":"search_term_string"}}],"inLanguage":"de"},{"@type":"Organization","@id":"https:\/\/tibladin.dk\/#organization","name":"Tibladin","url":"https:\/\/tibladin.dk\/","logo":{"@type":"ImageObject","inLanguage":"de","@id":"https:\/\/tibladin.dk\/#\/schema\/logo\/image\/","url":"https:\/\/tibladin.dk\/wp-content\/uploads\/2022\/09\/tibladin_logo.svg","contentUrl":"https:\/\/tibladin.dk\/wp-content\/uploads\/2022\/09\/tibladin_logo.svg","caption":"Tibladin"},"image":{"@id":"https:\/\/tibladin.dk\/#\/schema\/logo\/image\/"}}]}},"_links":{"self":[{"href":"https:\/\/tibladin.dk\/de\/wp-json\/wp\/v2\/product\/10531","targetHints":{"allow":["GET"]}}],"collection":[{"href":"https:\/\/tibladin.dk\/de\/wp-json\/wp\/v2\/product"}],"about":[{"href":"https:\/\/tibladin.dk\/de\/wp-json\/wp\/v2\/types\/product"}],"wp:featuredmedia":[{"embeddable":true,"href":"https:\/\/tibladin.dk\/de\/wp-json\/wp\/v2\/media\/10536"}],"wp:attachment":[{"href":"https:\/\/tibladin.dk\/de\/wp-json\/wp\/v2\/media?parent=10531"}],"wp:term":[{"taxonomy":"product_brand","embeddable":true,"href":"https:\/\/tibladin.dk\/de\/wp-json\/wp\/v2\/product_brand?post=10531"},{"taxonomy":"product_cat","embeddable":true,"href":"https:\/\/tibladin.dk\/de\/wp-json\/wp\/v2\/product_cat?post=10531"},{"taxonomy":"product_tag","embeddable":true,"href":"https:\/\/tibladin.dk\/de\/wp-json\/wp\/v2\/product_tag?post=10531"}],"curies":[{"name":"wp","href":"https:\/\/api.w.org\/{rel}","templated":true}]}}