{"id":10686,"date":"2025-11-20T12:16:29","date_gmt":"2025-11-20T11:16:29","guid":{"rendered":"https:\/\/tibladin.dk\/?post_type=product&#038;p=10686"},"modified":"2026-04-14T14:20:44","modified_gmt":"2026-04-14T12:20:44","slug":"tajine-aus-unglasiertem-steingut-zum-kochen-2","status":"publish","type":"product","link":"https:\/\/tibladin.dk\/de\/produkt\/tagine-i-uglaseret-lertoej-til-tilberedning\/","title":{"rendered":"Tajine \u2013 aus unglasiertem Steingut zum Kochen"},"content":{"rendered":"<div class=\"wpb-content-wrapper\"><div class=\"vc_row wpb_row vc_row-fluid\"><div class=\"wpb_column vc_column_container vc_col-sm-4\"><div class=\"vc_column-inner\"><div class=\"wpb_wrapper\">\n\t<div class=\"wpb_video_widget wpb_content_element vc_clearfix   vc_video-aspect-ratio-169 vc_video-el-width-100 vc_video-align-left\" >\n\t\t<div class=\"wpb_wrapper\">\n\t\t\t\n\t\t\t<div class=\"wpb_video_wrapper\"><div class=\"video-container\"><iframe loading=\"lazy\" title=\"Rezept Tajine_Fleischb\u00e4llchen in Tomatensauce\" src=\"https:\/\/player.vimeo.com\/video\/465367511?dnt=1&amp;app_id=122963\" width=\"248\" height=\"310\" frameborder=\"0\" allow=\"autoplay; fullscreen; picture-in-picture\"><\/iframe><\/div><\/div>\n\t\t<\/div>\n\t<\/div>\n<\/div><\/div><\/div><div class=\"wpb_column vc_column_container vc_col-sm-4\"><div class=\"vc_column-inner\"><div class=\"wpb_wrapper\"><h3 style=\"text-align: left\" class=\"vc_custom_heading vc_do_custom_heading\" >Wartung<\/h3>\n\t<div class=\"wpb_text_column wpb_content_element\" >\n\t\t<div class=\"wpb_wrapper\">\n\t\t\t<p>Vor dem ersten Gebrauch: \u00dcber Nacht in Wasser einweichen. Nach dem vollst\u00e4ndigen Trocknen die Innenseite des Gef\u00e4\u00dfes mit Speise\u00f6l (nicht Oliven\u00f6l) einreiben.<\/p>\n<p>Kann mit mildem Seifenwasser gewaschen werden.<\/p>\n<p>Die Tajine-Gerichte sind handgefertigt und es kann zu Abweichungen in Farbe und Form kommen.<\/p>\n\n\t\t<\/div>\n\t<\/div>\n<\/div><\/div><\/div><div class=\"wpb_column vc_column_container vc_col-sm-4\"><div class=\"vc_column-inner\"><div class=\"wpb_wrapper\"><h3 style=\"text-align: left\" class=\"vc_custom_heading vc_do_custom_heading\" >Die Geschichte dahinter<\/h3>\n\t<div class=\"wpb_text_column wpb_content_element\" >\n\t\t<div class=\"wpb_wrapper\">\n\t\t\t<p>Die marokkanische Tajine\/Tajine ist eine Steinzeugschale mit einem charakteristischen kegelf\u00f6rmigen Deckel, in der Sie die k\u00f6stlichsten Gerichte zubereiten k\u00f6nnen. Eine Tajine kann f\u00fcr viele sch\u00f6ne marokkanische Gerichte und viele Schmorgerichte verwendet werden. Auf meinem Blog findest du verschiedene Rezepte f\u00fcr Tajine.<\/p>\n\n\t\t<\/div>\n\t<\/div>\n<\/div><\/div><\/div><\/div>\n<\/div>","protected":false},"excerpt":{"rendered":"<p>Tajine oder Tajine, kann in beide Richtungen geschrieben werden, bedeutet auf Berberisch Tongericht und funktioniert ein bisschen wie eine Bratpfanne, unglaublich effektiv zum K\u00f6cheln von Gerichten und gleichzeitig sehr dekorativ.<\/p>\n<p>Die Schale aus unglasiertem Steingut mit kegelf\u00f6rmigem Deckel sorgt daf\u00fcr, dass Ihr Gericht viele Stunden lang k\u00f6cheln kann und dabei den guten Geschmack beh\u00e4lt.<\/p>\n<p>Hinweis! Vor dem ersten Gebrauch: \u00dcber Nacht in Wasser einweichen. Nach dem vollst\u00e4ndigen Trocknen die Innenseite des Gef\u00e4\u00dfes mit Speise\u00f6l (nicht Oliven\u00f6l) einreiben.<\/p>\n<p>Sehr rustikale Tajine mit einem handgezeichneten Muster rund um die Sch\u00fcssel und oben auf dem kegelf\u00f6rmigen Deckel.<\/p>\n<div>Die Tajine hat einen Durchmesser von 31 cm und ist gut f\u00fcr eine vierk\u00f6pfige Familie geeignet.<\/div>\n<p>H\u00e4lt normalen Back\u00f6fen, Gasherden und Keramikherden stand (f\u00fcr Keramikherde ben\u00f6tigen Sie eine Konverter-Metallplatte, damit die Hitze \u00fcbertragen werden kann, oder Sie k\u00f6nnen sie auf einen gro\u00dfen Topf stellen).<\/p>\n<p>Mit einer Tajine auf dem Tisch werden Sie Ihre G\u00e4ste sicherlich beeindrucken.<\/p>","protected":false},"featured_media":10694,"template":"","meta":{"inline_featured_image":false},"product_brand":[],"product_cat":[33,47,157],"product_tag":[],"class_list":{"0":"post-10686","1":"product","2":"type-product","3":"status-publish","4":"has-post-thumbnail","6":"product_cat-borddaekning","7":"product_cat-gaven-til-ham","8":"product_cat-tagines","10":"first","11":"outofstock","12":"taxable","13":"shipping-taxable","14":"purchasable","15":"product-type-simple"},"exclude_global_add_ons":[],"addons":[],"yoast_head":"<!-- This site is optimized with the Yoast SEO plugin v27.4 - https:\/\/yoast.com\/product\/yoast-seo-wordpress\/ -->\n<title>Marokkansk tagine fad i hvid | Til 4-6 personer | T\u00e5ler ovn<\/title>\n<meta name=\"description\" content=\"Lav l\u00e6kre simreretter i denne flotte rustikke tagine. Du kan tilberede direkte i den i ovnen, p\u00e5 gasblus eller p\u00e5 keramisk komfur. Bevarer al den gode smag.\" \/>\n<meta name=\"robots\" content=\"index, follow, max-snippet:-1, max-image-preview:large, max-video-preview:-1\" \/>\n<link rel=\"canonical\" href=\"https:\/\/tibladin.dk\/de\/produkt\/tajine-aus-unglasiertem-steingut-zum-kochen-2\/\" \/>\n<meta property=\"og:locale\" content=\"de_DE\" \/>\n<meta property=\"og:type\" content=\"article\" \/>\n<meta property=\"og:title\" content=\"Marokkansk tagine fad i hvid | Til 4-6 personer | T\u00e5ler ovn\" \/>\n<meta property=\"og:description\" content=\"Lav l\u00e6kre simreretter i denne flotte rustikke tagine. Du kan tilberede direkte i den i ovnen, p\u00e5 gasblus eller p\u00e5 keramisk komfur. Bevarer al den gode smag.\" \/>\n<meta property=\"og:url\" content=\"https:\/\/tibladin.dk\/de\/produkt\/tajine-aus-unglasiertem-steingut-zum-kochen-2\/\" \/>\n<meta property=\"og:site_name\" content=\"Tibladin\" \/>\n<meta property=\"article:modified_time\" content=\"2026-04-14T12:20:44+00:00\" \/>\n<meta property=\"og:image\" content=\"https:\/\/tibladin.dk\/wp-content\/uploads\/2023\/12\/Marokkansk-tagine-i-lertoej-uglaseret_LS2.jpg\" \/>\n\t<meta property=\"og:image:width\" content=\"800\" \/>\n\t<meta property=\"og:image:height\" content=\"800\" \/>\n\t<meta property=\"og:image:type\" content=\"image\/jpeg\" \/>\n<meta name=\"twitter:card\" content=\"summary_large_image\" \/>\n<meta name=\"twitter:label1\" content=\"Gesch\u00e4tzte Lesezeit\" \/>\n\t<meta name=\"twitter:data1\" content=\"2\u00a0Minuten\" \/>\n<script type=\"application\/ld+json\" class=\"yoast-schema-graph\">{\"@context\":\"https:\\\/\\\/schema.org\",\"@graph\":[{\"@type\":\"WebPage\",\"@id\":\"https:\\\/\\\/tibladin.dk\\\/produkt\\\/tagine-i-uglaseret-lertoej-til-tilberedning\\\/\",\"url\":\"https:\\\/\\\/tibladin.dk\\\/produkt\\\/tagine-i-uglaseret-lertoej-til-tilberedning\\\/\",\"name\":\"Marokkansk tagine fad i hvid | Til 4-6 personer | T\u00e5ler ovn\",\"isPartOf\":{\"@id\":\"https:\\\/\\\/tibladin.dk\\\/#website\"},\"primaryImageOfPage\":{\"@id\":\"https:\\\/\\\/tibladin.dk\\\/produkt\\\/tagine-i-uglaseret-lertoej-til-tilberedning\\\/#primaryimage\"},\"image\":{\"@id\":\"https:\\\/\\\/tibladin.dk\\\/produkt\\\/tagine-i-uglaseret-lertoej-til-tilberedning\\\/#primaryimage\"},\"thumbnailUrl\":\"https:\\\/\\\/tibladin.dk\\\/wp-content\\\/uploads\\\/2023\\\/12\\\/Marokkansk-tagine-i-lertoej-uglaseret_LS2.jpg\",\"datePublished\":\"2025-11-20T11:16:29+00:00\",\"dateModified\":\"2026-04-14T12:20:44+00:00\",\"description\":\"Lav l\u00e6kre simreretter i denne flotte rustikke tagine. Du kan tilberede direkte i den i ovnen, p\u00e5 gasblus eller p\u00e5 keramisk komfur. Bevarer al den gode smag.\",\"breadcrumb\":{\"@id\":\"https:\\\/\\\/tibladin.dk\\\/produkt\\\/tagine-i-uglaseret-lertoej-til-tilberedning\\\/#breadcrumb\"},\"inLanguage\":\"de\",\"potentialAction\":[{\"@type\":\"ReadAction\",\"target\":[\"https:\\\/\\\/tibladin.dk\\\/produkt\\\/tagine-i-uglaseret-lertoej-til-tilberedning\\\/\"]}]},{\"@type\":\"ImageObject\",\"inLanguage\":\"de\",\"@id\":\"https:\\\/\\\/tibladin.dk\\\/produkt\\\/tagine-i-uglaseret-lertoej-til-tilberedning\\\/#primaryimage\",\"url\":\"https:\\\/\\\/tibladin.dk\\\/wp-content\\\/uploads\\\/2023\\\/12\\\/Marokkansk-tagine-i-lertoej-uglaseret_LS2.jpg\",\"contentUrl\":\"https:\\\/\\\/tibladin.dk\\\/wp-content\\\/uploads\\\/2023\\\/12\\\/Marokkansk-tagine-i-lertoej-uglaseret_LS2.jpg\",\"width\":800,\"height\":800,\"caption\":\"Marokkansk tagine i lert\u00f8j-uglaseret\"},{\"@type\":\"BreadcrumbList\",\"@id\":\"https:\\\/\\\/tibladin.dk\\\/produkt\\\/tagine-i-uglaseret-lertoej-til-tilberedning\\\/#breadcrumb\",\"itemListElement\":[{\"@type\":\"ListItem\",\"position\":1,\"name\":\"Hjem\",\"item\":\"https:\\\/\\\/tibladin.dk\\\/\"},{\"@type\":\"ListItem\",\"position\":2,\"name\":\"Shop\",\"item\":\"https:\\\/\\\/tibladin.dk\\\/shop\\\/\"},{\"@type\":\"ListItem\",\"position\":3,\"name\":\"Tagine &#8211; i uglaseret lert\u00f8j til tilberedning\"}]},{\"@type\":\"WebSite\",\"@id\":\"https:\\\/\\\/tibladin.dk\\\/#website\",\"url\":\"https:\\\/\\\/tibladin.dk\\\/\",\"name\":\"Tibladin\",\"description\":\"Tibladin\",\"publisher\":{\"@id\":\"https:\\\/\\\/tibladin.dk\\\/#organization\"},\"potentialAction\":[{\"@type\":\"SearchAction\",\"target\":{\"@type\":\"EntryPoint\",\"urlTemplate\":\"https:\\\/\\\/tibladin.dk\\\/?s={search_term_string}\"},\"query-input\":{\"@type\":\"PropertyValueSpecification\",\"valueRequired\":true,\"valueName\":\"search_term_string\"}}],\"inLanguage\":\"de\"},{\"@type\":\"Organization\",\"@id\":\"https:\\\/\\\/tibladin.dk\\\/#organization\",\"name\":\"Tibladin\",\"url\":\"https:\\\/\\\/tibladin.dk\\\/\",\"logo\":{\"@type\":\"ImageObject\",\"inLanguage\":\"de\",\"@id\":\"https:\\\/\\\/tibladin.dk\\\/#\\\/schema\\\/logo\\\/image\\\/\",\"url\":\"https:\\\/\\\/tibladin.dk\\\/wp-content\\\/uploads\\\/2022\\\/09\\\/tibladin_logo.svg\",\"contentUrl\":\"https:\\\/\\\/tibladin.dk\\\/wp-content\\\/uploads\\\/2022\\\/09\\\/tibladin_logo.svg\",\"caption\":\"Tibladin\"},\"image\":{\"@id\":\"https:\\\/\\\/tibladin.dk\\\/#\\\/schema\\\/logo\\\/image\\\/\"}}]}<\/script>\n<!-- \/ Yoast SEO plugin. -->","yoast_head_json":{"title":"Marokkanisches Tajine-Gericht in Wei\u00df | F\u00fcr 4-6 Personen | Backofen-sicher","description":"Bereiten Sie in dieser wundersch\u00f6nen rustikalen Tajine k\u00f6stliche Schmorgerichte zu. Sie k\u00f6nnen darin direkt im Backofen, auf einem Gasbrenner oder auf einem Ceranherd kochen. Der gute Geschmack bleibt erhalten.","robots":{"index":"index","follow":"follow","max-snippet":"max-snippet:-1","max-image-preview":"max-image-preview:large","max-video-preview":"max-video-preview:-1"},"canonical":"https:\/\/tibladin.dk\/de\/produkt\/tajine-aus-unglasiertem-steingut-zum-kochen-2\/","og_locale":"de_DE","og_type":"article","og_title":"Marokkansk tagine fad i hvid | Til 4-6 personer | T\u00e5ler ovn","og_description":"Lav l\u00e6kre simreretter i denne flotte rustikke tagine. Du kan tilberede direkte i den i ovnen, p\u00e5 gasblus eller p\u00e5 keramisk komfur. Bevarer al den gode smag.","og_url":"https:\/\/tibladin.dk\/de\/produkt\/tajine-aus-unglasiertem-steingut-zum-kochen-2\/","og_site_name":"Tibladin","article_modified_time":"2026-04-14T12:20:44+00:00","og_image":[{"width":800,"height":800,"url":"https:\/\/tibladin.dk\/wp-content\/uploads\/2023\/12\/Marokkansk-tagine-i-lertoej-uglaseret_LS2.jpg","type":"image\/jpeg"}],"twitter_card":"summary_large_image","twitter_misc":{"Gesch\u00e4tzte Lesezeit":"2\u00a0Minuten"},"schema":{"@context":"https:\/\/schema.org","@graph":[{"@type":"WebPage","@id":"https:\/\/tibladin.dk\/produkt\/tagine-i-uglaseret-lertoej-til-tilberedning\/","url":"https:\/\/tibladin.dk\/produkt\/tagine-i-uglaseret-lertoej-til-tilberedning\/","name":"Marokkanisches Tajine-Gericht in Wei\u00df | F\u00fcr 4-6 Personen | Backofen-sicher","isPartOf":{"@id":"https:\/\/tibladin.dk\/#website"},"primaryImageOfPage":{"@id":"https:\/\/tibladin.dk\/produkt\/tagine-i-uglaseret-lertoej-til-tilberedning\/#primaryimage"},"image":{"@id":"https:\/\/tibladin.dk\/produkt\/tagine-i-uglaseret-lertoej-til-tilberedning\/#primaryimage"},"thumbnailUrl":"https:\/\/tibladin.dk\/wp-content\/uploads\/2023\/12\/Marokkansk-tagine-i-lertoej-uglaseret_LS2.jpg","datePublished":"2025-11-20T11:16:29+00:00","dateModified":"2026-04-14T12:20:44+00:00","description":"Bereiten Sie in dieser wundersch\u00f6nen rustikalen Tajine k\u00f6stliche Schmorgerichte zu. Sie k\u00f6nnen darin direkt im Backofen, auf einem Gasbrenner oder auf einem Ceranherd kochen. Der gute Geschmack bleibt erhalten.","breadcrumb":{"@id":"https:\/\/tibladin.dk\/produkt\/tagine-i-uglaseret-lertoej-til-tilberedning\/#breadcrumb"},"inLanguage":"de","potentialAction":[{"@type":"ReadAction","target":["https:\/\/tibladin.dk\/produkt\/tagine-i-uglaseret-lertoej-til-tilberedning\/"]}]},{"@type":"ImageObject","inLanguage":"de","@id":"https:\/\/tibladin.dk\/produkt\/tagine-i-uglaseret-lertoej-til-tilberedning\/#primaryimage","url":"https:\/\/tibladin.dk\/wp-content\/uploads\/2023\/12\/Marokkansk-tagine-i-lertoej-uglaseret_LS2.jpg","contentUrl":"https:\/\/tibladin.dk\/wp-content\/uploads\/2023\/12\/Marokkansk-tagine-i-lertoej-uglaseret_LS2.jpg","width":800,"height":800,"caption":"Marokkansk tagine i lert\u00f8j-uglaseret"},{"@type":"BreadcrumbList","@id":"https:\/\/tibladin.dk\/produkt\/tagine-i-uglaseret-lertoej-til-tilberedning\/#breadcrumb","itemListElement":[{"@type":"ListItem","position":1,"name":"Hjem","item":"https:\/\/tibladin.dk\/"},{"@type":"ListItem","position":2,"name":"Shop","item":"https:\/\/tibladin.dk\/shop\/"},{"@type":"ListItem","position":3,"name":"Tagine &#8211; i uglaseret lert\u00f8j til tilberedning"}]},{"@type":"WebSite","@id":"https:\/\/tibladin.dk\/#website","url":"https:\/\/tibladin.dk\/","name":"Tibladin","description":"Tibladin","publisher":{"@id":"https:\/\/tibladin.dk\/#organization"},"potentialAction":[{"@type":"SearchAction","target":{"@type":"EntryPoint","urlTemplate":"https:\/\/tibladin.dk\/?s={search_term_string}"},"query-input":{"@type":"PropertyValueSpecification","valueRequired":true,"valueName":"search_term_string"}}],"inLanguage":"de"},{"@type":"Organization","@id":"https:\/\/tibladin.dk\/#organization","name":"Tibladin","url":"https:\/\/tibladin.dk\/","logo":{"@type":"ImageObject","inLanguage":"de","@id":"https:\/\/tibladin.dk\/#\/schema\/logo\/image\/","url":"https:\/\/tibladin.dk\/wp-content\/uploads\/2022\/09\/tibladin_logo.svg","contentUrl":"https:\/\/tibladin.dk\/wp-content\/uploads\/2022\/09\/tibladin_logo.svg","caption":"Tibladin"},"image":{"@id":"https:\/\/tibladin.dk\/#\/schema\/logo\/image\/"}}]}},"_links":{"self":[{"href":"https:\/\/tibladin.dk\/de\/wp-json\/wp\/v2\/product\/10686","targetHints":{"allow":["GET"]}}],"collection":[{"href":"https:\/\/tibladin.dk\/de\/wp-json\/wp\/v2\/product"}],"about":[{"href":"https:\/\/tibladin.dk\/de\/wp-json\/wp\/v2\/types\/product"}],"wp:featuredmedia":[{"embeddable":true,"href":"https:\/\/tibladin.dk\/de\/wp-json\/wp\/v2\/media\/10694"}],"wp:attachment":[{"href":"https:\/\/tibladin.dk\/de\/wp-json\/wp\/v2\/media?parent=10686"}],"wp:term":[{"taxonomy":"product_brand","embeddable":true,"href":"https:\/\/tibladin.dk\/de\/wp-json\/wp\/v2\/product_brand?post=10686"},{"taxonomy":"product_cat","embeddable":true,"href":"https:\/\/tibladin.dk\/de\/wp-json\/wp\/v2\/product_cat?post=10686"},{"taxonomy":"product_tag","embeddable":true,"href":"https:\/\/tibladin.dk\/de\/wp-json\/wp\/v2\/product_tag?post=10686"}],"curies":[{"name":"wp","href":"https:\/\/api.w.org\/{rel}","templated":true}]}}