{"id":12204,"date":"2024-04-09T09:13:31","date_gmt":"2024-04-09T07:13:31","guid":{"rendered":"https:\/\/tibladin.dk\/?post_type=product&#038;p=12204"},"modified":"2026-03-14T15:19:23","modified_gmt":"2026-03-14T14:19:23","slug":"duftkerze-aus-tamegroute-keramik-2","status":"publish","type":"product","link":"https:\/\/tibladin.dk\/de\/produkt\/duftlys-i-tamegroute-keramik-potte\/","title":{"rendered":"Duftkerze im Tamegroute-Keramiktopf"},"content":{"rendered":"<div class=\"wpb-content-wrapper\"><div class=\"vc_row wpb_row vc_row-fluid\"><div class=\"wpb_column vc_column_container vc_col-sm-4\"><div class=\"vc_column-inner\"><div class=\"wpb_wrapper\"><\/div><\/div><\/div><div class=\"wpb_column vc_column_container vc_col-sm-4\"><div class=\"vc_column-inner\"><div class=\"wpb_wrapper\"><h3 style=\"text-align: left\" class=\"vc_custom_heading vc_do_custom_heading\" >Wartung<\/h3>\n\t<div class=\"wpb_text_column wpb_content_element\" >\n\t\t<div class=\"wpb_wrapper\">\n\t\t\t<p>Mit einem Staubtuch abstauben. Kann als Blumentopfversteck verwendet werden, wenn das Licht aufgebraucht ist.<\/p>\n\n\t\t<\/div>\n\t<\/div>\n<\/div><\/div><\/div><div class=\"wpb_column vc_column_container vc_col-sm-4\"><div class=\"vc_column-inner\"><div class=\"wpb_wrapper\"><h3 style=\"text-align: left\" class=\"vc_custom_heading vc_do_custom_heading\" >Die Geschichte dahinter<\/h3>\n\t<div class=\"wpb_text_column wpb_content_element\" >\n\t\t<div class=\"wpb_wrapper\">\n\t\t\t<p>Tamegroute-Keramik ist eine traditionelle Art der Keramikherstellung, die von den Marokkanern in der Region Zagora stammt. Die Art der Herstellung und die einzigartige gr\u00fcne Farbe zeichnen die Keramik am besten aus. Aufgrund der Herstellungsweise hat die Keramik eine sehr haptische Oberfl\u00e4che. Da es sich um Handarbeit handelt, kann es auch zu verschiedenen kleinen Abweichungen in Gr\u00f6\u00dfe, Farbe und Beschichtung sowie zu Unvollkommenheiten in der Keramik kommen. Es ist Teil des Charmes, dass es einzigartig ist, und es verleiht der Keramik mehr Charakter.<\/p>\n\n\t\t<\/div>\n\t<\/div>\n<\/div><\/div><\/div><\/div>\n<\/div>","protected":false},"excerpt":{"rendered":"<p>Bringen Sie den Duft und das Geheimnis Marokkos in Ihr Zuhause mit diesen wundersch\u00f6nen Duftkerzen in einem sch\u00f6nen Topf aus rustikaler Tamegroute-Keramik.<\/p>\n<p>Die Kerze ist in drei Duftrichtungen erh\u00e4ltlich: Orangenbl\u00fcte, Feige und Tee.<\/p>\n<p>Orangenbl\u00fcte: Der Duft entf\u00fchrt Sie an einem sonnigen Fr\u00fchlingstag durch die Stra\u00dfen von Marrakesch und verleiht Ihnen einen warmen, sonnigen Kuss. Orangenbl\u00fcte ist ein s\u00fc\u00dfer, frischer und sinnlicher Duft, der viel Wohlbefinden schenkt.<\/p>\n<p>Die Feige: Ein Mittagsschl\u00e4fchen im Schatten eines Feigenbaums in Marokko. Eine Mischung aus dem Duft frischer Bl\u00e4tter und s\u00fc\u00dfer Fr\u00fcchte. Ein warmer Sommerduft.<\/p>\n<p>Tee: Wie ein ruhiger Moment mit einer warmen Tasse Tee in der Hand. Rein, wohltuend und frisch \u2013 mit dem Duft von Ruhe und Gelassenheit.<\/p>\n<p>Benutzen Sie den sch\u00f6nen Tamegroute-Topf als Blumentopf, wenn Sie alle Kerzen abgebrannt haben.<\/p>","protected":false},"featured_media":41358,"template":"","meta":{"inline_featured_image":false},"product_brand":[],"product_cat":[27,35,138],"product_tag":[],"class_list":{"0":"post-12204","1":"product","2":"type-product","3":"status-publish","4":"has-post-thumbnail","6":"product_cat-diverse","7":"product_cat-gaven-til-hende","8":"product_cat-tamegroute-keramik","10":"first","11":"instock","12":"taxable","13":"shipping-taxable","14":"purchasable","15":"product-type-variable"},"exclude_global_add_ons":false,"addons":[{"name":"M\u00f6chten Sie eine Geschenkverpackung?","type":"checkbox","position":0,"required":false,"title_format":"label","default":"","description_enable":false,"description":"","placeholder_enable":false,"placeholder":"","display":"images","restrictions_type":"any_text","adjust_price":false,"price":"","price_type":"flat_fee","restrictions":false,"min":"0","max":"0","options":[{"label":"Ja tak","price":"10","price_type":"flat_fee","image":11015,"visibility":true}],"id":1669646111}],"yoast_head":"<!-- This site is optimized with the Yoast SEO plugin v27.4 - https:\/\/yoast.com\/product\/yoast-seo-wordpress\/ -->\n<title>Duftlys i Tamegroute keramik potte<\/title>\n<meta name=\"description\" content=\"Bring den sk\u00f8nneste duft ind i dit hjem med dette l\u00e6kre duft lys med orangeblomst, figen eller the duft - en sand duft af Marokko.\" \/>\n<meta name=\"robots\" content=\"index, follow, max-snippet:-1, max-image-preview:large, max-video-preview:-1\" \/>\n<link rel=\"canonical\" href=\"https:\/\/tibladin.dk\/de\/produkt\/duftkerze-aus-tamegroute-keramik-2\/\" \/>\n<meta property=\"og:locale\" content=\"de_DE\" \/>\n<meta property=\"og:type\" content=\"article\" \/>\n<meta property=\"og:title\" content=\"Duftlys i Tamegroute keramik potte\" \/>\n<meta property=\"og:description\" content=\"Bring den sk\u00f8nneste duft ind i dit hjem med dette l\u00e6kre duft lys med orangeblomst, figen eller the duft - en sand duft af Marokko.\" \/>\n<meta property=\"og:url\" content=\"https:\/\/tibladin.dk\/de\/produkt\/duftkerze-aus-tamegroute-keramik-2\/\" \/>\n<meta property=\"og:site_name\" content=\"Tibladin\" \/>\n<meta property=\"article:modified_time\" content=\"2026-03-14T14:19:23+00:00\" \/>\n<meta property=\"og:image\" content=\"https:\/\/tibladin.dk\/wp-content\/uploads\/2025\/10\/duftlys_1.jpg\" \/>\n\t<meta property=\"og:image:width\" content=\"800\" \/>\n\t<meta property=\"og:image:height\" content=\"800\" \/>\n\t<meta property=\"og:image:type\" content=\"image\/jpeg\" \/>\n<meta name=\"twitter:card\" content=\"summary_large_image\" \/>\n<meta name=\"twitter:label1\" content=\"Gesch\u00e4tzte Lesezeit\" \/>\n\t<meta name=\"twitter:data1\" content=\"2\u00a0Minuten\" \/>\n<script type=\"application\/ld+json\" class=\"yoast-schema-graph\">{\"@context\":\"https:\\\/\\\/schema.org\",\"@graph\":[{\"@type\":\"WebPage\",\"@id\":\"https:\\\/\\\/tibladin.dk\\\/produkt\\\/duftlys-i-tamegroute-keramik-potte\\\/\",\"url\":\"https:\\\/\\\/tibladin.dk\\\/produkt\\\/duftlys-i-tamegroute-keramik-potte\\\/\",\"name\":\"Duftlys i Tamegroute keramik potte\",\"isPartOf\":{\"@id\":\"https:\\\/\\\/tibladin.dk\\\/#website\"},\"primaryImageOfPage\":{\"@id\":\"https:\\\/\\\/tibladin.dk\\\/produkt\\\/duftlys-i-tamegroute-keramik-potte\\\/#primaryimage\"},\"image\":{\"@id\":\"https:\\\/\\\/tibladin.dk\\\/produkt\\\/duftlys-i-tamegroute-keramik-potte\\\/#primaryimage\"},\"thumbnailUrl\":\"https:\\\/\\\/tibladin.dk\\\/wp-content\\\/uploads\\\/2025\\\/10\\\/duftlys_1.jpg\",\"datePublished\":\"2024-04-09T07:13:31+00:00\",\"dateModified\":\"2026-03-14T14:19:23+00:00\",\"description\":\"Bring den sk\u00f8nneste duft ind i dit hjem med dette l\u00e6kre duft lys med orangeblomst, figen eller the duft - en sand duft af Marokko.\",\"breadcrumb\":{\"@id\":\"https:\\\/\\\/tibladin.dk\\\/produkt\\\/duftlys-i-tamegroute-keramik-potte\\\/#breadcrumb\"},\"inLanguage\":\"de\",\"potentialAction\":[{\"@type\":\"ReadAction\",\"target\":[\"https:\\\/\\\/tibladin.dk\\\/produkt\\\/duftlys-i-tamegroute-keramik-potte\\\/\"]}]},{\"@type\":\"ImageObject\",\"inLanguage\":\"de\",\"@id\":\"https:\\\/\\\/tibladin.dk\\\/produkt\\\/duftlys-i-tamegroute-keramik-potte\\\/#primaryimage\",\"url\":\"https:\\\/\\\/tibladin.dk\\\/wp-content\\\/uploads\\\/2025\\\/10\\\/duftlys_1.jpg\",\"contentUrl\":\"https:\\\/\\\/tibladin.dk\\\/wp-content\\\/uploads\\\/2025\\\/10\\\/duftlys_1.jpg\",\"width\":800,\"height\":800,\"caption\":\"duftlys_1\"},{\"@type\":\"BreadcrumbList\",\"@id\":\"https:\\\/\\\/tibladin.dk\\\/produkt\\\/duftlys-i-tamegroute-keramik-potte\\\/#breadcrumb\",\"itemListElement\":[{\"@type\":\"ListItem\",\"position\":1,\"name\":\"Hjem\",\"item\":\"https:\\\/\\\/tibladin.dk\\\/\"},{\"@type\":\"ListItem\",\"position\":2,\"name\":\"Shop\",\"item\":\"https:\\\/\\\/tibladin.dk\\\/shop\\\/\"},{\"@type\":\"ListItem\",\"position\":3,\"name\":\"Duftlys i Tamegroute keramik potte\"}]},{\"@type\":\"WebSite\",\"@id\":\"https:\\\/\\\/tibladin.dk\\\/#website\",\"url\":\"https:\\\/\\\/tibladin.dk\\\/\",\"name\":\"Tibladin\",\"description\":\"Tibladin\",\"publisher\":{\"@id\":\"https:\\\/\\\/tibladin.dk\\\/#organization\"},\"potentialAction\":[{\"@type\":\"SearchAction\",\"target\":{\"@type\":\"EntryPoint\",\"urlTemplate\":\"https:\\\/\\\/tibladin.dk\\\/?s={search_term_string}\"},\"query-input\":{\"@type\":\"PropertyValueSpecification\",\"valueRequired\":true,\"valueName\":\"search_term_string\"}}],\"inLanguage\":\"de\"},{\"@type\":\"Organization\",\"@id\":\"https:\\\/\\\/tibladin.dk\\\/#organization\",\"name\":\"Tibladin\",\"url\":\"https:\\\/\\\/tibladin.dk\\\/\",\"logo\":{\"@type\":\"ImageObject\",\"inLanguage\":\"de\",\"@id\":\"https:\\\/\\\/tibladin.dk\\\/#\\\/schema\\\/logo\\\/image\\\/\",\"url\":\"https:\\\/\\\/tibladin.dk\\\/wp-content\\\/uploads\\\/2022\\\/09\\\/tibladin_logo.svg\",\"contentUrl\":\"https:\\\/\\\/tibladin.dk\\\/wp-content\\\/uploads\\\/2022\\\/09\\\/tibladin_logo.svg\",\"caption\":\"Tibladin\"},\"image\":{\"@id\":\"https:\\\/\\\/tibladin.dk\\\/#\\\/schema\\\/logo\\\/image\\\/\"}}]}<\/script>\n<!-- \/ Yoast SEO plugin. -->","yoast_head_json":{"title":"Duftkerze im Tamegroute-Keramiktopf","description":"Holen Sie sich den sch\u00f6nsten Duft in Ihr Zuhause mit dieser k\u00f6stlichen Duftkerze mit Orangenbl\u00fcten-, Feigen- oder Teeduft \u2013 ein wahrer Duft aus Marokko.","robots":{"index":"index","follow":"follow","max-snippet":"max-snippet:-1","max-image-preview":"max-image-preview:large","max-video-preview":"max-video-preview:-1"},"canonical":"https:\/\/tibladin.dk\/de\/produkt\/duftkerze-aus-tamegroute-keramik-2\/","og_locale":"de_DE","og_type":"article","og_title":"Duftlys i Tamegroute keramik potte","og_description":"Bring den sk\u00f8nneste duft ind i dit hjem med dette l\u00e6kre duft lys med orangeblomst, figen eller the duft - en sand duft af Marokko.","og_url":"https:\/\/tibladin.dk\/de\/produkt\/duftkerze-aus-tamegroute-keramik-2\/","og_site_name":"Tibladin","article_modified_time":"2026-03-14T14:19:23+00:00","og_image":[{"width":800,"height":800,"url":"https:\/\/tibladin.dk\/wp-content\/uploads\/2025\/10\/duftlys_1.jpg","type":"image\/jpeg"}],"twitter_card":"summary_large_image","twitter_misc":{"Gesch\u00e4tzte Lesezeit":"2\u00a0Minuten"},"schema":{"@context":"https:\/\/schema.org","@graph":[{"@type":"WebPage","@id":"https:\/\/tibladin.dk\/produkt\/duftlys-i-tamegroute-keramik-potte\/","url":"https:\/\/tibladin.dk\/produkt\/duftlys-i-tamegroute-keramik-potte\/","name":"Duftkerze im Tamegroute-Keramiktopf","isPartOf":{"@id":"https:\/\/tibladin.dk\/#website"},"primaryImageOfPage":{"@id":"https:\/\/tibladin.dk\/produkt\/duftlys-i-tamegroute-keramik-potte\/#primaryimage"},"image":{"@id":"https:\/\/tibladin.dk\/produkt\/duftlys-i-tamegroute-keramik-potte\/#primaryimage"},"thumbnailUrl":"https:\/\/tibladin.dk\/wp-content\/uploads\/2025\/10\/duftlys_1.jpg","datePublished":"2024-04-09T07:13:31+00:00","dateModified":"2026-03-14T14:19:23+00:00","description":"Holen Sie sich den sch\u00f6nsten Duft in Ihr Zuhause mit dieser k\u00f6stlichen Duftkerze mit Orangenbl\u00fcten-, Feigen- oder Teeduft \u2013 ein wahrer Duft aus Marokko.","breadcrumb":{"@id":"https:\/\/tibladin.dk\/produkt\/duftlys-i-tamegroute-keramik-potte\/#breadcrumb"},"inLanguage":"de","potentialAction":[{"@type":"ReadAction","target":["https:\/\/tibladin.dk\/produkt\/duftlys-i-tamegroute-keramik-potte\/"]}]},{"@type":"ImageObject","inLanguage":"de","@id":"https:\/\/tibladin.dk\/produkt\/duftlys-i-tamegroute-keramik-potte\/#primaryimage","url":"https:\/\/tibladin.dk\/wp-content\/uploads\/2025\/10\/duftlys_1.jpg","contentUrl":"https:\/\/tibladin.dk\/wp-content\/uploads\/2025\/10\/duftlys_1.jpg","width":800,"height":800,"caption":"duftlys_1"},{"@type":"BreadcrumbList","@id":"https:\/\/tibladin.dk\/produkt\/duftlys-i-tamegroute-keramik-potte\/#breadcrumb","itemListElement":[{"@type":"ListItem","position":1,"name":"Hjem","item":"https:\/\/tibladin.dk\/"},{"@type":"ListItem","position":2,"name":"Shop","item":"https:\/\/tibladin.dk\/shop\/"},{"@type":"ListItem","position":3,"name":"Duftlys i Tamegroute keramik potte"}]},{"@type":"WebSite","@id":"https:\/\/tibladin.dk\/#website","url":"https:\/\/tibladin.dk\/","name":"Tibladin","description":"Tibladin","publisher":{"@id":"https:\/\/tibladin.dk\/#organization"},"potentialAction":[{"@type":"SearchAction","target":{"@type":"EntryPoint","urlTemplate":"https:\/\/tibladin.dk\/?s={search_term_string}"},"query-input":{"@type":"PropertyValueSpecification","valueRequired":true,"valueName":"search_term_string"}}],"inLanguage":"de"},{"@type":"Organization","@id":"https:\/\/tibladin.dk\/#organization","name":"Tibladin","url":"https:\/\/tibladin.dk\/","logo":{"@type":"ImageObject","inLanguage":"de","@id":"https:\/\/tibladin.dk\/#\/schema\/logo\/image\/","url":"https:\/\/tibladin.dk\/wp-content\/uploads\/2022\/09\/tibladin_logo.svg","contentUrl":"https:\/\/tibladin.dk\/wp-content\/uploads\/2022\/09\/tibladin_logo.svg","caption":"Tibladin"},"image":{"@id":"https:\/\/tibladin.dk\/#\/schema\/logo\/image\/"}}]}},"_links":{"self":[{"href":"https:\/\/tibladin.dk\/de\/wp-json\/wp\/v2\/product\/12204","targetHints":{"allow":["GET"]}}],"collection":[{"href":"https:\/\/tibladin.dk\/de\/wp-json\/wp\/v2\/product"}],"about":[{"href":"https:\/\/tibladin.dk\/de\/wp-json\/wp\/v2\/types\/product"}],"wp:featuredmedia":[{"embeddable":true,"href":"https:\/\/tibladin.dk\/de\/wp-json\/wp\/v2\/media\/41358"}],"wp:attachment":[{"href":"https:\/\/tibladin.dk\/de\/wp-json\/wp\/v2\/media?parent=12204"}],"wp:term":[{"taxonomy":"product_brand","embeddable":true,"href":"https:\/\/tibladin.dk\/de\/wp-json\/wp\/v2\/product_brand?post=12204"},{"taxonomy":"product_cat","embeddable":true,"href":"https:\/\/tibladin.dk\/de\/wp-json\/wp\/v2\/product_cat?post=12204"},{"taxonomy":"product_tag","embeddable":true,"href":"https:\/\/tibladin.dk\/de\/wp-json\/wp\/v2\/product_tag?post=12204"}],"curies":[{"name":"wp","href":"https:\/\/api.w.org\/{rel}","templated":true}]}}