{"id":12428,"date":"2024-04-30T10:20:50","date_gmt":"2024-04-30T08:20:50","guid":{"rendered":"https:\/\/tibladin.dk\/?post_type=product&#038;p=12428"},"modified":"2025-03-25T16:44:05","modified_gmt":"2025-03-25T15:44:05","slug":"strandtasche-aus-korbgeflecht-%c2%b7-chems","status":"publish","type":"product","link":"https:\/\/tibladin.dk\/de\/produkt\/strandtaske-i-flet-%c2%b7-chems\/","title":{"rendered":"Strandtasche aus Korbgeflecht \u00b7 CHEMS"},"content":{"rendered":"<div class=\"wpb-content-wrapper\"><div class=\"vc_row wpb_row vc_row-fluid\"><div class=\"wpb_column vc_column_container vc_col-sm-4\"><div class=\"vc_column-inner\"><div class=\"wpb_wrapper\"><\/div><\/div><\/div><div class=\"wpb_column vc_column_container vc_col-sm-4\"><div class=\"vc_column-inner\"><div class=\"wpb_wrapper\"><h3 style=\"text-align: left\" class=\"vc_custom_heading vc_do_custom_heading\" >Wartung<\/h3>\n\t<div class=\"wpb_text_column wpb_content_element\" >\n\t\t<div class=\"wpb_wrapper\">\n\t\t\t<p>Kann mit einem hart ausgewrungenen Tuch getrocknet werden<\/p>\n\n\t\t<\/div>\n\t<\/div>\n<\/div><\/div><\/div><div class=\"wpb_column vc_column_container vc_col-sm-4\"><div class=\"vc_column-inner\"><div class=\"wpb_wrapper\"><h3 style=\"text-align: left\" class=\"vc_custom_heading vc_do_custom_heading\" >Die Geschichte dahinter<\/h3>\n\t<div class=\"wpb_text_column wpb_content_element\" >\n\t\t<div class=\"wpb_wrapper\">\n\t\t\t<p>Handgewebt von erfahrenen Kunsthandwerkern in unserer Werkstatt in Marrakesch. Die Flechttechnik und die feine Handwerkskunst wurden \u00fcber Generationen weitergegeben. Sch\u00f6ne Details und solide Handwerkskunst.<\/p>\n\n\t\t<\/div>\n\t<\/div>\n<\/div><\/div><\/div><\/div>\n<\/div>","protected":false},"excerpt":{"rendered":"<p>Handgeflochtene Strandtasche\/Shopper, handgeflochten aus Palmbl\u00e4ttern. Der obere Rand ist in einem sch\u00f6nen Muster geflochten, was der Tasche einen besonders eleganten Look verleiht. Die Tasche verf\u00fcgt \u00fcber praktische Lederriemen, sodass sie \u00fcber der Schulter getragen werden kann. Im Inneren befindet sich eine Tasche mit Kordelzugverschluss, sodass Sie den \u00dcberblick \u00fcber den Inhalt der Tasche behalten.<\/p>\n<p>Ein klarer Sommerfavorit in diesem Sommer, egal ob Sie einen Ausflug an den Strand oder in die Stadt machen. Auch praktisch zum Mitnehmen in den Urlaub.<\/p>\n<p>Der Tsaken ist 47 cm lang und 30 cm hoch. Die \u00d6ffnung betr\u00e4gt 20 cm, kann aber deutlich erweitert werden.<\/p>\n<p>Chems bedeutet auf Arabisch Sonne.<\/p>","protected":false},"featured_media":12430,"template":"","meta":{"inline_featured_image":false},"product_brand":[],"product_cat":[27,29,35,31],"product_tag":[],"class_list":{"0":"post-12428","1":"product","2":"type-product","3":"status-publish","4":"has-post-thumbnail","6":"product_cat-diverse","7":"product_cat-gaven-til-den-unge-pige","8":"product_cat-gaven-til-hende","9":"product_cat-tasker","11":"first","12":"instock","13":"taxable","14":"shipping-taxable","15":"purchasable","16":"product-type-simple"},"exclude_global_add_ons":false,"addons":[{"name":"M\u00f6chten Sie eine Geschenkverpackung?","type":"checkbox","position":0,"required":false,"title_format":"label","default":"","description_enable":false,"description":"","placeholder_enable":false,"placeholder":"","display":"images","restrictions_type":"any_text","adjust_price":false,"price":"","price_type":"flat_fee","restrictions":false,"min":"0","max":"0","options":[{"label":"Ja tak","price":"10","price_type":"flat_fee","image":11015,"visibility":true}],"id":1669646111}],"yoast_head":"<!-- This site is optimized with the Yoast SEO plugin v27.4 - https:\/\/yoast.com\/product\/yoast-seo-wordpress\/ -->\n<title>H\u00e5ndflettet Strandtaske\/Tote bag med gult m\u00f8nster og l\u00e6dererm<\/title>\n<meta name=\"description\" content=\"L\u00e6kker kvalitets flettaske til en tur p\u00e5 stranden eller i byen i en flot solgul farve. Pose indvendig med snorluk | Bliv klar til denne sommer | Tibladin\" \/>\n<meta name=\"robots\" content=\"index, follow, max-snippet:-1, max-image-preview:large, max-video-preview:-1\" \/>\n<link rel=\"canonical\" href=\"https:\/\/tibladin.dk\/de\/produkt\/strandtasche-aus-korbgeflecht-\u00b7-chems\/\" \/>\n<meta property=\"og:locale\" content=\"de_DE\" \/>\n<meta property=\"og:type\" content=\"article\" \/>\n<meta property=\"og:title\" content=\"H\u00e5ndflettet Strandtaske\/Tote bag med gult m\u00f8nster og l\u00e6dererm\" \/>\n<meta property=\"og:description\" content=\"L\u00e6kker kvalitets flettaske til en tur p\u00e5 stranden eller i byen i en flot solgul farve. Pose indvendig med snorluk | Bliv klar til denne sommer | Tibladin\" \/>\n<meta property=\"og:url\" content=\"https:\/\/tibladin.dk\/de\/produkt\/strandtasche-aus-korbgeflecht-\u00b7-chems\/\" \/>\n<meta property=\"og:site_name\" content=\"Tibladin\" \/>\n<meta property=\"article:modified_time\" content=\"2025-03-25T15:44:05+00:00\" \/>\n<meta property=\"og:image\" content=\"https:\/\/tibladin.dk\/wp-content\/uploads\/2024\/04\/Marokkansk-kurvetaske_Chems_LS2.jpg\" \/>\n\t<meta property=\"og:image:width\" content=\"800\" \/>\n\t<meta property=\"og:image:height\" content=\"800\" \/>\n\t<meta property=\"og:image:type\" content=\"image\/jpeg\" \/>\n<meta name=\"twitter:card\" content=\"summary_large_image\" \/>\n<meta name=\"twitter:label1\" content=\"Gesch\u00e4tzte Lesezeit\" \/>\n\t<meta name=\"twitter:data1\" content=\"1\u00a0Minute\" \/>\n<script type=\"application\/ld+json\" class=\"yoast-schema-graph\">{\"@context\":\"https:\\\/\\\/schema.org\",\"@graph\":[{\"@type\":\"WebPage\",\"@id\":\"https:\\\/\\\/tibladin.dk\\\/produkt\\\/strandtaske-i-flet-%c2%b7-chems\\\/\",\"url\":\"https:\\\/\\\/tibladin.dk\\\/produkt\\\/strandtaske-i-flet-%c2%b7-chems\\\/\",\"name\":\"H\u00e5ndflettet Strandtaske\\\/Tote bag med gult m\u00f8nster og l\u00e6dererm\",\"isPartOf\":{\"@id\":\"https:\\\/\\\/tibladin.dk\\\/#website\"},\"primaryImageOfPage\":{\"@id\":\"https:\\\/\\\/tibladin.dk\\\/produkt\\\/strandtaske-i-flet-%c2%b7-chems\\\/#primaryimage\"},\"image\":{\"@id\":\"https:\\\/\\\/tibladin.dk\\\/produkt\\\/strandtaske-i-flet-%c2%b7-chems\\\/#primaryimage\"},\"thumbnailUrl\":\"https:\\\/\\\/tibladin.dk\\\/wp-content\\\/uploads\\\/2024\\\/04\\\/Marokkansk-kurvetaske_Chems_LS2.jpg\",\"datePublished\":\"2024-04-30T08:20:50+00:00\",\"dateModified\":\"2025-03-25T15:44:05+00:00\",\"description\":\"L\u00e6kker kvalitets flettaske til en tur p\u00e5 stranden eller i byen i en flot solgul farve. Pose indvendig med snorluk | Bliv klar til denne sommer | Tibladin\",\"breadcrumb\":{\"@id\":\"https:\\\/\\\/tibladin.dk\\\/produkt\\\/strandtaske-i-flet-%c2%b7-chems\\\/#breadcrumb\"},\"inLanguage\":\"de\",\"potentialAction\":[{\"@type\":\"ReadAction\",\"target\":[\"https:\\\/\\\/tibladin.dk\\\/produkt\\\/strandtaske-i-flet-%c2%b7-chems\\\/\"]}]},{\"@type\":\"ImageObject\",\"inLanguage\":\"de\",\"@id\":\"https:\\\/\\\/tibladin.dk\\\/produkt\\\/strandtaske-i-flet-%c2%b7-chems\\\/#primaryimage\",\"url\":\"https:\\\/\\\/tibladin.dk\\\/wp-content\\\/uploads\\\/2024\\\/04\\\/Marokkansk-kurvetaske_Chems_LS2.jpg\",\"contentUrl\":\"https:\\\/\\\/tibladin.dk\\\/wp-content\\\/uploads\\\/2024\\\/04\\\/Marokkansk-kurvetaske_Chems_LS2.jpg\",\"width\":800,\"height\":800,\"caption\":\"Marokkansk kurvetaske_Chems i flet med gult m\u00f8nster\"},{\"@type\":\"BreadcrumbList\",\"@id\":\"https:\\\/\\\/tibladin.dk\\\/produkt\\\/strandtaske-i-flet-%c2%b7-chems\\\/#breadcrumb\",\"itemListElement\":[{\"@type\":\"ListItem\",\"position\":1,\"name\":\"Hjem\",\"item\":\"https:\\\/\\\/tibladin.dk\\\/\"},{\"@type\":\"ListItem\",\"position\":2,\"name\":\"Shop\",\"item\":\"https:\\\/\\\/tibladin.dk\\\/shop\\\/\"},{\"@type\":\"ListItem\",\"position\":3,\"name\":\"Strandtaske i flet \u00b7 CHEMS\"}]},{\"@type\":\"WebSite\",\"@id\":\"https:\\\/\\\/tibladin.dk\\\/#website\",\"url\":\"https:\\\/\\\/tibladin.dk\\\/\",\"name\":\"Tibladin\",\"description\":\"Tibladin\",\"publisher\":{\"@id\":\"https:\\\/\\\/tibladin.dk\\\/#organization\"},\"potentialAction\":[{\"@type\":\"SearchAction\",\"target\":{\"@type\":\"EntryPoint\",\"urlTemplate\":\"https:\\\/\\\/tibladin.dk\\\/?s={search_term_string}\"},\"query-input\":{\"@type\":\"PropertyValueSpecification\",\"valueRequired\":true,\"valueName\":\"search_term_string\"}}],\"inLanguage\":\"de\"},{\"@type\":\"Organization\",\"@id\":\"https:\\\/\\\/tibladin.dk\\\/#organization\",\"name\":\"Tibladin\",\"url\":\"https:\\\/\\\/tibladin.dk\\\/\",\"logo\":{\"@type\":\"ImageObject\",\"inLanguage\":\"de\",\"@id\":\"https:\\\/\\\/tibladin.dk\\\/#\\\/schema\\\/logo\\\/image\\\/\",\"url\":\"https:\\\/\\\/tibladin.dk\\\/wp-content\\\/uploads\\\/2022\\\/09\\\/tibladin_logo.svg\",\"contentUrl\":\"https:\\\/\\\/tibladin.dk\\\/wp-content\\\/uploads\\\/2022\\\/09\\\/tibladin_logo.svg\",\"caption\":\"Tibladin\"},\"image\":{\"@id\":\"https:\\\/\\\/tibladin.dk\\\/#\\\/schema\\\/logo\\\/image\\\/\"}}]}<\/script>\n<!-- \/ Yoast SEO plugin. -->","yoast_head_json":{"title":"Handgeflochtene Strandtasche\/Tragetasche mit gelbem Muster und Lederh\u00fclle","description":"Sch\u00f6ne hochwertige Korbtasche f\u00fcr einen Ausflug an den Strand oder in die Stadt in einem sch\u00f6nen sonnigen Gelb. Tasche innen mit Kordelzug | Machen Sie sich bereit f\u00fcr diesen Sommer | Tibladin","robots":{"index":"index","follow":"follow","max-snippet":"max-snippet:-1","max-image-preview":"max-image-preview:large","max-video-preview":"max-video-preview:-1"},"canonical":"https:\/\/tibladin.dk\/de\/produkt\/strandtasche-aus-korbgeflecht-\u00b7-chems\/","og_locale":"de_DE","og_type":"article","og_title":"H\u00e5ndflettet Strandtaske\/Tote bag med gult m\u00f8nster og l\u00e6dererm","og_description":"L\u00e6kker kvalitets flettaske til en tur p\u00e5 stranden eller i byen i en flot solgul farve. Pose indvendig med snorluk | Bliv klar til denne sommer | Tibladin","og_url":"https:\/\/tibladin.dk\/de\/produkt\/strandtasche-aus-korbgeflecht-\u00b7-chems\/","og_site_name":"Tibladin","article_modified_time":"2025-03-25T15:44:05+00:00","og_image":[{"width":800,"height":800,"url":"https:\/\/tibladin.dk\/wp-content\/uploads\/2024\/04\/Marokkansk-kurvetaske_Chems_LS2.jpg","type":"image\/jpeg"}],"twitter_card":"summary_large_image","twitter_misc":{"Gesch\u00e4tzte Lesezeit":"1\u00a0Minute"},"schema":{"@context":"https:\/\/schema.org","@graph":[{"@type":"WebPage","@id":"https:\/\/tibladin.dk\/produkt\/strandtaske-i-flet-%c2%b7-chems\/","url":"https:\/\/tibladin.dk\/produkt\/strandtaske-i-flet-%c2%b7-chems\/","name":"Handgeflochtene Strandtasche\/Tragetasche mit gelbem Muster und Lederh\u00fclle","isPartOf":{"@id":"https:\/\/tibladin.dk\/#website"},"primaryImageOfPage":{"@id":"https:\/\/tibladin.dk\/produkt\/strandtaske-i-flet-%c2%b7-chems\/#primaryimage"},"image":{"@id":"https:\/\/tibladin.dk\/produkt\/strandtaske-i-flet-%c2%b7-chems\/#primaryimage"},"thumbnailUrl":"https:\/\/tibladin.dk\/wp-content\/uploads\/2024\/04\/Marokkansk-kurvetaske_Chems_LS2.jpg","datePublished":"2024-04-30T08:20:50+00:00","dateModified":"2025-03-25T15:44:05+00:00","description":"Sch\u00f6ne hochwertige Korbtasche f\u00fcr einen Ausflug an den Strand oder in die Stadt in einem sch\u00f6nen sonnigen Gelb. Tasche innen mit Kordelzug | Machen Sie sich bereit f\u00fcr diesen Sommer | Tibladin","breadcrumb":{"@id":"https:\/\/tibladin.dk\/produkt\/strandtaske-i-flet-%c2%b7-chems\/#breadcrumb"},"inLanguage":"de","potentialAction":[{"@type":"ReadAction","target":["https:\/\/tibladin.dk\/produkt\/strandtaske-i-flet-%c2%b7-chems\/"]}]},{"@type":"ImageObject","inLanguage":"de","@id":"https:\/\/tibladin.dk\/produkt\/strandtaske-i-flet-%c2%b7-chems\/#primaryimage","url":"https:\/\/tibladin.dk\/wp-content\/uploads\/2024\/04\/Marokkansk-kurvetaske_Chems_LS2.jpg","contentUrl":"https:\/\/tibladin.dk\/wp-content\/uploads\/2024\/04\/Marokkansk-kurvetaske_Chems_LS2.jpg","width":800,"height":800,"caption":"Marokkansk kurvetaske_Chems i flet med gult m\u00f8nster"},{"@type":"BreadcrumbList","@id":"https:\/\/tibladin.dk\/produkt\/strandtaske-i-flet-%c2%b7-chems\/#breadcrumb","itemListElement":[{"@type":"ListItem","position":1,"name":"Hjem","item":"https:\/\/tibladin.dk\/"},{"@type":"ListItem","position":2,"name":"Shop","item":"https:\/\/tibladin.dk\/shop\/"},{"@type":"ListItem","position":3,"name":"Strandtaske i flet \u00b7 CHEMS"}]},{"@type":"WebSite","@id":"https:\/\/tibladin.dk\/#website","url":"https:\/\/tibladin.dk\/","name":"Tibladin","description":"Tibladin","publisher":{"@id":"https:\/\/tibladin.dk\/#organization"},"potentialAction":[{"@type":"SearchAction","target":{"@type":"EntryPoint","urlTemplate":"https:\/\/tibladin.dk\/?s={search_term_string}"},"query-input":{"@type":"PropertyValueSpecification","valueRequired":true,"valueName":"search_term_string"}}],"inLanguage":"de"},{"@type":"Organization","@id":"https:\/\/tibladin.dk\/#organization","name":"Tibladin","url":"https:\/\/tibladin.dk\/","logo":{"@type":"ImageObject","inLanguage":"de","@id":"https:\/\/tibladin.dk\/#\/schema\/logo\/image\/","url":"https:\/\/tibladin.dk\/wp-content\/uploads\/2022\/09\/tibladin_logo.svg","contentUrl":"https:\/\/tibladin.dk\/wp-content\/uploads\/2022\/09\/tibladin_logo.svg","caption":"Tibladin"},"image":{"@id":"https:\/\/tibladin.dk\/#\/schema\/logo\/image\/"}}]}},"_links":{"self":[{"href":"https:\/\/tibladin.dk\/de\/wp-json\/wp\/v2\/product\/12428","targetHints":{"allow":["GET"]}}],"collection":[{"href":"https:\/\/tibladin.dk\/de\/wp-json\/wp\/v2\/product"}],"about":[{"href":"https:\/\/tibladin.dk\/de\/wp-json\/wp\/v2\/types\/product"}],"wp:featuredmedia":[{"embeddable":true,"href":"https:\/\/tibladin.dk\/de\/wp-json\/wp\/v2\/media\/12430"}],"wp:attachment":[{"href":"https:\/\/tibladin.dk\/de\/wp-json\/wp\/v2\/media?parent=12428"}],"wp:term":[{"taxonomy":"product_brand","embeddable":true,"href":"https:\/\/tibladin.dk\/de\/wp-json\/wp\/v2\/product_brand?post=12428"},{"taxonomy":"product_cat","embeddable":true,"href":"https:\/\/tibladin.dk\/de\/wp-json\/wp\/v2\/product_cat?post=12428"},{"taxonomy":"product_tag","embeddable":true,"href":"https:\/\/tibladin.dk\/de\/wp-json\/wp\/v2\/product_tag?post=12428"}],"curies":[{"name":"wp","href":"https:\/\/api.w.org\/{rel}","templated":true}]}}