{"id":12440,"date":"2025-06-14T12:23:07","date_gmt":"2025-06-14T10:23:07","guid":{"rendered":"https:\/\/tibladin.dk\/?post_type=product&#038;p=12440"},"modified":"2026-04-07T12:04:55","modified_gmt":"2026-04-07T10:04:55","slug":"strandtaschen-shopper-aus-korbgeflecht-%c2%b7-vanille","status":"publish","type":"product","link":"https:\/\/tibladin.dk\/de\/produkt\/strandtaske-shopper-i-flet-%c2%b7-vanilla\/","title":{"rendered":"Strandtasche\/Shopper aus Korbgeflecht \u00b7 VANILLE"},"content":{"rendered":"<div class=\"wpb-content-wrapper\"><div class=\"vc_row wpb_row vc_row-fluid\"><div class=\"wpb_column vc_column_container vc_col-sm-4\"><div class=\"vc_column-inner\"><div class=\"wpb_wrapper\"><\/div><\/div><\/div><div class=\"wpb_column vc_column_container vc_col-sm-4\"><div class=\"vc_column-inner\"><div class=\"wpb_wrapper\"><h3 style=\"text-align: left\" class=\"vc_custom_heading vc_do_custom_heading\" >Wartung<\/h3>\n\t<div class=\"wpb_text_column wpb_content_element\" >\n\t\t<div class=\"wpb_wrapper\">\n\t\t\t<p>Mit einem kr\u00e4ftig ausgewrungenen Tuch abwischbar<\/p>\n\n\t\t<\/div>\n\t<\/div>\n<\/div><\/div><\/div><div class=\"wpb_column vc_column_container vc_col-sm-4\"><div class=\"vc_column-inner\"><div class=\"wpb_wrapper\"><h3 style=\"text-align: left\" class=\"vc_custom_heading vc_do_custom_heading\" >Die Geschichte dahinter<\/h3>\n\t<div class=\"wpb_text_column wpb_content_element\" >\n\t\t<div class=\"wpb_wrapper\">\n\t\t\t<p>Handgewebte Tasche mit gedrehten Tr\u00e4gern und Innentasche mit Kordelzugverschluss. Handgewebt in unserer Werkstatt in Marrakesch, wo die Handwerkskunst \u00fcber Generationen weitergegeben wird.<\/p>\n\n\t\t<\/div>\n\t<\/div>\n<\/div><\/div><\/div><\/div>\n<\/div>","protected":false},"excerpt":{"rendered":"<p>Elegante geflochtene Tasche mit cremefarbenem Muster und handgedrehten dunkelbraunen Lederriemen.<\/p>\n<p>Die Tasche verf\u00fcgt im Inneren \u00fcber einen Beutel, der komplett zugeschn\u00fcrt werden kann, sodass der Inhalt gesch\u00fctzt bleibt.<\/p>\n<p>Abmessungen: 46 cm lang, 30 cm hoch und 20 cm breit (die Breite kann stark erweitert werden)<\/p>\n<p>Machen Sie sich bereit f\u00fcr den Sommer mit dieser eleganten Tasche, die sowohl bei einem Ausflug an den Strand als auch bei einem Einkaufsbummel in der Stadt Ihr Favorit sein wird.<\/p>","protected":false},"featured_media":37164,"template":"","meta":{"inline_featured_image":false},"product_brand":[],"product_cat":[27,31],"product_tag":[],"class_list":{"0":"post-12440","1":"product","2":"type-product","3":"status-publish","4":"has-post-thumbnail","6":"product_cat-diverse","7":"product_cat-tasker","9":"first","10":"instock","11":"taxable","12":"shipping-taxable","13":"purchasable","14":"product-type-simple"},"exclude_global_add_ons":false,"addons":[{"name":"M\u00f6chten Sie eine Geschenkverpackung?","type":"checkbox","position":0,"required":false,"title_format":"label","default":"","description_enable":false,"description":"","placeholder_enable":false,"placeholder":"","display":"images","restrictions_type":"any_text","adjust_price":false,"price":"","price_type":"flat_fee","restrictions":false,"min":"0","max":"0","options":[{"label":"Ja tak","price":"10","price_type":"flat_fee","image":11015,"visibility":true}],"id":1669646111}],"yoast_head":"<!-- This site is optimized with the Yoast SEO plugin v27.4 - https:\/\/yoast.com\/product\/yoast-seo-wordpress\/ -->\n<title>Strandtaske \u00b7 Shopper i flet i h\u00f8j kvalitet \u00b7 Kun hos Tibladin<\/title>\n<meta name=\"description\" content=\"Elegant og praktisk taske i flet med l\u00e6derstropper og indvendigpose der kan lukkes med sn\u00f8re. H\u00e5ndflettet i h\u00f8jeste kvalitet p\u00e5 vores v\u00e6rste i Marrakesh.\" \/>\n<meta name=\"robots\" content=\"index, follow, max-snippet:-1, max-image-preview:large, max-video-preview:-1\" \/>\n<link rel=\"canonical\" href=\"https:\/\/tibladin.dk\/de\/produkt\/strandtaschen-shopper-aus-korbgeflecht-\u00b7-vanille\/\" \/>\n<meta property=\"og:locale\" content=\"de_DE\" \/>\n<meta property=\"og:type\" content=\"article\" \/>\n<meta property=\"og:title\" content=\"Strandtaske \u00b7 Shopper i flet i h\u00f8j kvalitet \u00b7 Kun hos Tibladin\" \/>\n<meta property=\"og:description\" content=\"Elegant og praktisk taske i flet med l\u00e6derstropper og indvendigpose der kan lukkes med sn\u00f8re. H\u00e5ndflettet i h\u00f8jeste kvalitet p\u00e5 vores v\u00e6rste i Marrakesh.\" \/>\n<meta property=\"og:url\" content=\"https:\/\/tibladin.dk\/de\/produkt\/strandtaschen-shopper-aus-korbgeflecht-\u00b7-vanille\/\" \/>\n<meta property=\"og:site_name\" content=\"Tibladin\" \/>\n<meta property=\"article:modified_time\" content=\"2026-04-07T10:04:55+00:00\" \/>\n<meta property=\"og:image\" content=\"https:\/\/tibladin.dk\/wp-content\/uploads\/2024\/04\/Taske-vanilla_2_9.jpg\" \/>\n\t<meta property=\"og:image:width\" content=\"800\" \/>\n\t<meta property=\"og:image:height\" content=\"800\" \/>\n\t<meta property=\"og:image:type\" content=\"image\/jpeg\" \/>\n<meta name=\"twitter:card\" content=\"summary_large_image\" \/>\n<meta name=\"twitter:label1\" content=\"Gesch\u00e4tzte Lesezeit\" \/>\n\t<meta name=\"twitter:data1\" content=\"1\u00a0Minute\" \/>\n<script type=\"application\/ld+json\" class=\"yoast-schema-graph\">{\"@context\":\"https:\\\/\\\/schema.org\",\"@graph\":[{\"@type\":\"WebPage\",\"@id\":\"https:\\\/\\\/tibladin.dk\\\/produkt\\\/strandtaske-shopper-i-flet-%c2%b7-vanilla\\\/\",\"url\":\"https:\\\/\\\/tibladin.dk\\\/produkt\\\/strandtaske-shopper-i-flet-%c2%b7-vanilla\\\/\",\"name\":\"Strandtaske \u00b7 Shopper i flet i h\u00f8j kvalitet \u00b7 Kun hos Tibladin\",\"isPartOf\":{\"@id\":\"https:\\\/\\\/tibladin.dk\\\/#website\"},\"primaryImageOfPage\":{\"@id\":\"https:\\\/\\\/tibladin.dk\\\/produkt\\\/strandtaske-shopper-i-flet-%c2%b7-vanilla\\\/#primaryimage\"},\"image\":{\"@id\":\"https:\\\/\\\/tibladin.dk\\\/produkt\\\/strandtaske-shopper-i-flet-%c2%b7-vanilla\\\/#primaryimage\"},\"thumbnailUrl\":\"https:\\\/\\\/tibladin.dk\\\/wp-content\\\/uploads\\\/2024\\\/04\\\/Taske-vanilla_2_9.jpg\",\"datePublished\":\"2025-06-14T10:23:07+00:00\",\"dateModified\":\"2026-04-07T10:04:55+00:00\",\"description\":\"Elegant og praktisk taske i flet med l\u00e6derstropper og indvendigpose der kan lukkes med sn\u00f8re. H\u00e5ndflettet i h\u00f8jeste kvalitet p\u00e5 vores v\u00e6rste i Marrakesh.\",\"breadcrumb\":{\"@id\":\"https:\\\/\\\/tibladin.dk\\\/produkt\\\/strandtaske-shopper-i-flet-%c2%b7-vanilla\\\/#breadcrumb\"},\"inLanguage\":\"de\",\"potentialAction\":[{\"@type\":\"ReadAction\",\"target\":[\"https:\\\/\\\/tibladin.dk\\\/produkt\\\/strandtaske-shopper-i-flet-%c2%b7-vanilla\\\/\"]}]},{\"@type\":\"ImageObject\",\"inLanguage\":\"de\",\"@id\":\"https:\\\/\\\/tibladin.dk\\\/produkt\\\/strandtaske-shopper-i-flet-%c2%b7-vanilla\\\/#primaryimage\",\"url\":\"https:\\\/\\\/tibladin.dk\\\/wp-content\\\/uploads\\\/2024\\\/04\\\/Taske-vanilla_2_9.jpg\",\"contentUrl\":\"https:\\\/\\\/tibladin.dk\\\/wp-content\\\/uploads\\\/2024\\\/04\\\/Taske-vanilla_2_9.jpg\",\"width\":800,\"height\":800,\"caption\":\"Taske vanilla\"},{\"@type\":\"BreadcrumbList\",\"@id\":\"https:\\\/\\\/tibladin.dk\\\/produkt\\\/strandtaske-shopper-i-flet-%c2%b7-vanilla\\\/#breadcrumb\",\"itemListElement\":[{\"@type\":\"ListItem\",\"position\":1,\"name\":\"Hjem\",\"item\":\"https:\\\/\\\/tibladin.dk\\\/\"},{\"@type\":\"ListItem\",\"position\":2,\"name\":\"Shop\",\"item\":\"https:\\\/\\\/tibladin.dk\\\/shop\\\/\"},{\"@type\":\"ListItem\",\"position\":3,\"name\":\"Strandtaske\\\/Shopper i flet \u00b7 VANILLA\"}]},{\"@type\":\"WebSite\",\"@id\":\"https:\\\/\\\/tibladin.dk\\\/#website\",\"url\":\"https:\\\/\\\/tibladin.dk\\\/\",\"name\":\"Tibladin\",\"description\":\"Tibladin\",\"publisher\":{\"@id\":\"https:\\\/\\\/tibladin.dk\\\/#organization\"},\"potentialAction\":[{\"@type\":\"SearchAction\",\"target\":{\"@type\":\"EntryPoint\",\"urlTemplate\":\"https:\\\/\\\/tibladin.dk\\\/?s={search_term_string}\"},\"query-input\":{\"@type\":\"PropertyValueSpecification\",\"valueRequired\":true,\"valueName\":\"search_term_string\"}}],\"inLanguage\":\"de\"},{\"@type\":\"Organization\",\"@id\":\"https:\\\/\\\/tibladin.dk\\\/#organization\",\"name\":\"Tibladin\",\"url\":\"https:\\\/\\\/tibladin.dk\\\/\",\"logo\":{\"@type\":\"ImageObject\",\"inLanguage\":\"de\",\"@id\":\"https:\\\/\\\/tibladin.dk\\\/#\\\/schema\\\/logo\\\/image\\\/\",\"url\":\"https:\\\/\\\/tibladin.dk\\\/wp-content\\\/uploads\\\/2022\\\/09\\\/tibladin_logo.svg\",\"contentUrl\":\"https:\\\/\\\/tibladin.dk\\\/wp-content\\\/uploads\\\/2022\\\/09\\\/tibladin_logo.svg\",\"caption\":\"Tibladin\"},\"image\":{\"@id\":\"https:\\\/\\\/tibladin.dk\\\/#\\\/schema\\\/logo\\\/image\\\/\"}}]}<\/script>\n<!-- \/ Yoast SEO plugin. -->","yoast_head_json":{"title":"Strandtasche \u00b7 Shopper aus hochwertigem Korbgeflecht \u00b7 Nur bei Tibladin","description":"Elegante und praktische Tasche aus Korbgeflecht mit Lederriemen und Innentasche, die mit einem Kordelzug verschlossen werden kann. Handgewebt in h\u00f6chster Qualit\u00e4t bei uns in Marrakesch.","robots":{"index":"index","follow":"follow","max-snippet":"max-snippet:-1","max-image-preview":"max-image-preview:large","max-video-preview":"max-video-preview:-1"},"canonical":"https:\/\/tibladin.dk\/de\/produkt\/strandtaschen-shopper-aus-korbgeflecht-\u00b7-vanille\/","og_locale":"de_DE","og_type":"article","og_title":"Strandtaske \u00b7 Shopper i flet i h\u00f8j kvalitet \u00b7 Kun hos Tibladin","og_description":"Elegant og praktisk taske i flet med l\u00e6derstropper og indvendigpose der kan lukkes med sn\u00f8re. H\u00e5ndflettet i h\u00f8jeste kvalitet p\u00e5 vores v\u00e6rste i Marrakesh.","og_url":"https:\/\/tibladin.dk\/de\/produkt\/strandtaschen-shopper-aus-korbgeflecht-\u00b7-vanille\/","og_site_name":"Tibladin","article_modified_time":"2026-04-07T10:04:55+00:00","og_image":[{"width":800,"height":800,"url":"https:\/\/tibladin.dk\/wp-content\/uploads\/2024\/04\/Taske-vanilla_2_9.jpg","type":"image\/jpeg"}],"twitter_card":"summary_large_image","twitter_misc":{"Gesch\u00e4tzte Lesezeit":"1\u00a0Minute"},"schema":{"@context":"https:\/\/schema.org","@graph":[{"@type":"WebPage","@id":"https:\/\/tibladin.dk\/produkt\/strandtaske-shopper-i-flet-%c2%b7-vanilla\/","url":"https:\/\/tibladin.dk\/produkt\/strandtaske-shopper-i-flet-%c2%b7-vanilla\/","name":"Strandtasche \u00b7 Shopper aus hochwertigem Korbgeflecht \u00b7 Nur bei Tibladin","isPartOf":{"@id":"https:\/\/tibladin.dk\/#website"},"primaryImageOfPage":{"@id":"https:\/\/tibladin.dk\/produkt\/strandtaske-shopper-i-flet-%c2%b7-vanilla\/#primaryimage"},"image":{"@id":"https:\/\/tibladin.dk\/produkt\/strandtaske-shopper-i-flet-%c2%b7-vanilla\/#primaryimage"},"thumbnailUrl":"https:\/\/tibladin.dk\/wp-content\/uploads\/2024\/04\/Taske-vanilla_2_9.jpg","datePublished":"2025-06-14T10:23:07+00:00","dateModified":"2026-04-07T10:04:55+00:00","description":"Elegante und praktische Tasche aus Korbgeflecht mit Lederriemen und Innentasche, die mit einem Kordelzug verschlossen werden kann. Handgewebt in h\u00f6chster Qualit\u00e4t bei uns in Marrakesch.","breadcrumb":{"@id":"https:\/\/tibladin.dk\/produkt\/strandtaske-shopper-i-flet-%c2%b7-vanilla\/#breadcrumb"},"inLanguage":"de","potentialAction":[{"@type":"ReadAction","target":["https:\/\/tibladin.dk\/produkt\/strandtaske-shopper-i-flet-%c2%b7-vanilla\/"]}]},{"@type":"ImageObject","inLanguage":"de","@id":"https:\/\/tibladin.dk\/produkt\/strandtaske-shopper-i-flet-%c2%b7-vanilla\/#primaryimage","url":"https:\/\/tibladin.dk\/wp-content\/uploads\/2024\/04\/Taske-vanilla_2_9.jpg","contentUrl":"https:\/\/tibladin.dk\/wp-content\/uploads\/2024\/04\/Taske-vanilla_2_9.jpg","width":800,"height":800,"caption":"Taske vanilla"},{"@type":"BreadcrumbList","@id":"https:\/\/tibladin.dk\/produkt\/strandtaske-shopper-i-flet-%c2%b7-vanilla\/#breadcrumb","itemListElement":[{"@type":"ListItem","position":1,"name":"Hjem","item":"https:\/\/tibladin.dk\/"},{"@type":"ListItem","position":2,"name":"Shop","item":"https:\/\/tibladin.dk\/shop\/"},{"@type":"ListItem","position":3,"name":"Strandtaske\/Shopper i flet \u00b7 VANILLA"}]},{"@type":"WebSite","@id":"https:\/\/tibladin.dk\/#website","url":"https:\/\/tibladin.dk\/","name":"Tibladin","description":"Tibladin","publisher":{"@id":"https:\/\/tibladin.dk\/#organization"},"potentialAction":[{"@type":"SearchAction","target":{"@type":"EntryPoint","urlTemplate":"https:\/\/tibladin.dk\/?s={search_term_string}"},"query-input":{"@type":"PropertyValueSpecification","valueRequired":true,"valueName":"search_term_string"}}],"inLanguage":"de"},{"@type":"Organization","@id":"https:\/\/tibladin.dk\/#organization","name":"Tibladin","url":"https:\/\/tibladin.dk\/","logo":{"@type":"ImageObject","inLanguage":"de","@id":"https:\/\/tibladin.dk\/#\/schema\/logo\/image\/","url":"https:\/\/tibladin.dk\/wp-content\/uploads\/2022\/09\/tibladin_logo.svg","contentUrl":"https:\/\/tibladin.dk\/wp-content\/uploads\/2022\/09\/tibladin_logo.svg","caption":"Tibladin"},"image":{"@id":"https:\/\/tibladin.dk\/#\/schema\/logo\/image\/"}}]}},"_links":{"self":[{"href":"https:\/\/tibladin.dk\/de\/wp-json\/wp\/v2\/product\/12440","targetHints":{"allow":["GET"]}}],"collection":[{"href":"https:\/\/tibladin.dk\/de\/wp-json\/wp\/v2\/product"}],"about":[{"href":"https:\/\/tibladin.dk\/de\/wp-json\/wp\/v2\/types\/product"}],"wp:featuredmedia":[{"embeddable":true,"href":"https:\/\/tibladin.dk\/de\/wp-json\/wp\/v2\/media\/37164"}],"wp:attachment":[{"href":"https:\/\/tibladin.dk\/de\/wp-json\/wp\/v2\/media?parent=12440"}],"wp:term":[{"taxonomy":"product_brand","embeddable":true,"href":"https:\/\/tibladin.dk\/de\/wp-json\/wp\/v2\/product_brand?post=12440"},{"taxonomy":"product_cat","embeddable":true,"href":"https:\/\/tibladin.dk\/de\/wp-json\/wp\/v2\/product_cat?post=12440"},{"taxonomy":"product_tag","embeddable":true,"href":"https:\/\/tibladin.dk\/de\/wp-json\/wp\/v2\/product_tag?post=12440"}],"curies":[{"name":"wp","href":"https:\/\/api.w.org\/{rel}","templated":true}]}}