{"id":1408,"date":"2022-09-20T11:08:57","date_gmt":"2022-09-20T09:08:57","guid":{"rendered":"https:\/\/tibladin.dk\/vare\/unika-taske-i-haandvaevet-bomuld-og-sort-laeder\/"},"modified":"2024-12-09T14:42:43","modified_gmt":"2024-12-09T13:42:43","slug":"einzigartige-tasche-aus-handgewebter-baumwolle-und-schwarzem-leder","status":"publish","type":"product","link":"https:\/\/tibladin.dk\/de\/produkt\/unika-taske-i-haandvaevet-bomuld-og-sort-laeder\/","title":{"rendered":"Einzigartige Tasche aus handgewebter Baumwolle und schwarzem Leder"},"content":{"rendered":"<div class=\"wpb-content-wrapper\"><div class=\"vc_row wpb_row vc_row-fluid\"><div class=\"wpb_column vc_column_container vc_col-sm-4\"><div class=\"vc_column-inner\"><div class=\"wpb_wrapper\">\n\t<div class=\"wpb_video_widget wpb_content_element vc_clearfix   vc_video-aspect-ratio-169 vc_video-el-width-100 vc_video-align-left\" >\n\t\t<div class=\"wpb_wrapper\">\n\t\t\t\n\t\t\t<div class=\"wpb_video_wrapper\"><div class=\"video-container\"><iframe loading=\"lazy\" title=\"IMG_4029.mov\" src=\"https:\/\/player.vimeo.com\/video\/467334618?dnt=1&amp;app_id=122963\" width=\"174\" height=\"310\" frameborder=\"0\" allow=\"autoplay; fullscreen; picture-in-picture\"><\/iframe><\/div><\/div>\n\t\t<\/div>\n\t<\/div>\n<\/div><\/div><\/div><div class=\"wpb_column vc_column_container vc_col-sm-4\"><div class=\"vc_column-inner\"><div class=\"wpb_wrapper\"><h3 style=\"text-align: left\" class=\"vc_custom_heading vc_do_custom_heading\" >Wartung<\/h3>\n\t<div class=\"wpb_text_column wpb_content_element\" >\n\t\t<div class=\"wpb_wrapper\">\n\t\t\t<p>Trockenreinigung.<\/p>\n<p>Das Leder kann mit Lederfett versehen werden.<\/p>\n\n\t\t<\/div>\n\t<\/div>\n<\/div><\/div><\/div><div class=\"wpb_column vc_column_container vc_col-sm-4\"><div class=\"vc_column-inner\"><div class=\"wpb_wrapper\"><h3 style=\"text-align: left\" class=\"vc_custom_heading vc_do_custom_heading\" >Die Geschichte dahinter<\/h3>\n\t<div class=\"wpb_text_column wpb_content_element\" >\n\t\t<div class=\"wpb_wrapper\">\n\t\t\t<p>Es gibt nichts Sch\u00f6neres, als etwas Einzigartiges zu tragen! Von dieser Tasche gibt es nur eine. , handgewebt aus Baumwolle mit leicht gl\u00e4nzender Optik. Boden, Riemen und Kanten aus wundersch\u00f6nem schwarzem Qualit\u00e4tsleder. Im Inneren der Tasche befindet sich eine kleine Tasche, die mit einem Rei\u00dfverschluss verschlossen werden kann. Die Tasche selbst l\u00e4sst sich einfach mit einem Magnetknopf schlie\u00dfen.<\/p>\n<p>Wirklich sch\u00f6ne Handarbeit<\/p>\n\n\t\t<\/div>\n\t<\/div>\n<\/div><\/div><\/div><\/div>\n<\/div>","protected":false},"excerpt":{"rendered":"<p>Einzigartige handgefertigte marokkanische Tasche. Schwarzes Echtleder in k\u00f6stlicher Qualit\u00e4t und handgewebt aus Baumwolle mit seidengl\u00e4nzendem Look. Die Tasche ist innen gef\u00fcttert und verf\u00fcgt \u00fcber eine praktische Tasche mit Rei\u00dfverschluss.<\/p>\n<p>L\u00e4sst sich leicht mit einem Magnetknopf schlie\u00dfen.<\/p>\n<p>Es gibt nur diese eine Tasche.<\/p>","protected":false},"featured_media":1404,"template":"","meta":{"inline_featured_image":false},"product_brand":[],"product_cat":[27,31],"product_tag":[],"class_list":{"0":"post-1408","1":"product","2":"type-product","3":"status-publish","4":"has-post-thumbnail","6":"product_cat-diverse","7":"product_cat-tasker","9":"first","10":"instock","11":"taxable","12":"shipping-taxable","13":"purchasable","14":"product-type-simple"},"exclude_global_add_ons":false,"addons":[{"name":"M\u00f6chten Sie eine Geschenkverpackung?","type":"checkbox","position":0,"required":false,"title_format":"label","default":"","description_enable":false,"description":"","placeholder_enable":false,"placeholder":"","display":"images","restrictions_type":"any_text","adjust_price":false,"price":"","price_type":"flat_fee","restrictions":false,"min":"0","max":"0","options":[{"label":"Ja tak","price":"10","price_type":"flat_fee","image":11015,"visibility":true}],"id":1669646111}],"yoast_head":"<!-- This site is optimized with the Yoast SEO plugin v27.4 - https:\/\/yoast.com\/product\/yoast-seo-wordpress\/ -->\n<title>Unika taske i smukt sort l\u00e6der og h\u00e5ndvavet bomuld. - Tibladin<\/title>\n<meta name=\"description\" content=\"Der findes kun \u00e9n som denne. Lukkes med prakisk magnetisk knap. Indvendigt er der sort foer og en lomme med lynl\u00e5s.\" \/>\n<meta name=\"robots\" content=\"index, follow, max-snippet:-1, max-image-preview:large, max-video-preview:-1\" \/>\n<link rel=\"canonical\" href=\"https:\/\/tibladin.dk\/de\/produkt\/einzigartige-tasche-aus-handgewebter-baumwolle-und-schwarzem-leder\/\" \/>\n<meta property=\"og:locale\" content=\"de_DE\" \/>\n<meta property=\"og:type\" content=\"article\" \/>\n<meta property=\"og:title\" content=\"Unika taske i smukt sort l\u00e6der og h\u00e5ndvavet bomuld. - Tibladin\" \/>\n<meta property=\"og:description\" content=\"Der findes kun \u00e9n som denne. Lukkes med prakisk magnetisk knap. Indvendigt er der sort foer og en lomme med lynl\u00e5s.\" \/>\n<meta property=\"og:url\" content=\"https:\/\/tibladin.dk\/de\/produkt\/einzigartige-tasche-aus-handgewebter-baumwolle-und-schwarzem-leder\/\" \/>\n<meta property=\"og:site_name\" content=\"Tibladin\" \/>\n<meta property=\"article:modified_time\" content=\"2024-12-09T13:42:43+00:00\" \/>\n<meta property=\"og:image\" content=\"https:\/\/tibladin.dk\/wp-content\/uploads\/2022\/09\/Tibladin_marokkansk-taske_LS4-1.jpg\" \/>\n\t<meta property=\"og:image:width\" content=\"800\" \/>\n\t<meta property=\"og:image:height\" content=\"800\" \/>\n\t<meta property=\"og:image:type\" content=\"image\/jpeg\" \/>\n<meta name=\"twitter:card\" content=\"summary_large_image\" \/>\n<meta name=\"twitter:label1\" content=\"Gesch\u00e4tzte Lesezeit\" \/>\n\t<meta name=\"twitter:data1\" content=\"1\u00a0Minute\" \/>\n<script type=\"application\/ld+json\" class=\"yoast-schema-graph\">{\"@context\":\"https:\\\/\\\/schema.org\",\"@graph\":[{\"@type\":\"WebPage\",\"@id\":\"https:\\\/\\\/tibladin.dk\\\/produkt\\\/unika-taske-i-haandvaevet-bomuld-og-sort-laeder\\\/\",\"url\":\"https:\\\/\\\/tibladin.dk\\\/produkt\\\/unika-taske-i-haandvaevet-bomuld-og-sort-laeder\\\/\",\"name\":\"Unika taske i smukt sort l\u00e6der og h\u00e5ndvavet bomuld. - Tibladin\",\"isPartOf\":{\"@id\":\"https:\\\/\\\/tibladin.dk\\\/#website\"},\"primaryImageOfPage\":{\"@id\":\"https:\\\/\\\/tibladin.dk\\\/produkt\\\/unika-taske-i-haandvaevet-bomuld-og-sort-laeder\\\/#primaryimage\"},\"image\":{\"@id\":\"https:\\\/\\\/tibladin.dk\\\/produkt\\\/unika-taske-i-haandvaevet-bomuld-og-sort-laeder\\\/#primaryimage\"},\"thumbnailUrl\":\"https:\\\/\\\/tibladin.dk\\\/wp-content\\\/uploads\\\/2022\\\/09\\\/Tibladin_marokkansk-taske_LS4-1.jpg\",\"datePublished\":\"2022-09-20T09:08:57+00:00\",\"dateModified\":\"2024-12-09T13:42:43+00:00\",\"description\":\"Der findes kun \u00e9n som denne. Lukkes med prakisk magnetisk knap. Indvendigt er der sort foer og en lomme med lynl\u00e5s.\",\"breadcrumb\":{\"@id\":\"https:\\\/\\\/tibladin.dk\\\/produkt\\\/unika-taske-i-haandvaevet-bomuld-og-sort-laeder\\\/#breadcrumb\"},\"inLanguage\":\"de\",\"potentialAction\":[{\"@type\":\"ReadAction\",\"target\":[\"https:\\\/\\\/tibladin.dk\\\/produkt\\\/unika-taske-i-haandvaevet-bomuld-og-sort-laeder\\\/\"]}]},{\"@type\":\"ImageObject\",\"inLanguage\":\"de\",\"@id\":\"https:\\\/\\\/tibladin.dk\\\/produkt\\\/unika-taske-i-haandvaevet-bomuld-og-sort-laeder\\\/#primaryimage\",\"url\":\"https:\\\/\\\/tibladin.dk\\\/wp-content\\\/uploads\\\/2022\\\/09\\\/Tibladin_marokkansk-taske_LS4-1.jpg\",\"contentUrl\":\"https:\\\/\\\/tibladin.dk\\\/wp-content\\\/uploads\\\/2022\\\/09\\\/Tibladin_marokkansk-taske_LS4-1.jpg\",\"width\":800,\"height\":800,\"caption\":\"Marokkansk h\u00e5ndv\u00e6vet taske i brune nuancer\"},{\"@type\":\"BreadcrumbList\",\"@id\":\"https:\\\/\\\/tibladin.dk\\\/produkt\\\/unika-taske-i-haandvaevet-bomuld-og-sort-laeder\\\/#breadcrumb\",\"itemListElement\":[{\"@type\":\"ListItem\",\"position\":1,\"name\":\"Hjem\",\"item\":\"https:\\\/\\\/tibladin.dk\\\/\"},{\"@type\":\"ListItem\",\"position\":2,\"name\":\"Shop\",\"item\":\"https:\\\/\\\/tibladin.dk\\\/shop\\\/\"},{\"@type\":\"ListItem\",\"position\":3,\"name\":\"Unika taske i h\u00e5ndv\u00e6vet bomuld og sort l\u00e6der\"}]},{\"@type\":\"WebSite\",\"@id\":\"https:\\\/\\\/tibladin.dk\\\/#website\",\"url\":\"https:\\\/\\\/tibladin.dk\\\/\",\"name\":\"Tibladin\",\"description\":\"Tibladin\",\"publisher\":{\"@id\":\"https:\\\/\\\/tibladin.dk\\\/#organization\"},\"potentialAction\":[{\"@type\":\"SearchAction\",\"target\":{\"@type\":\"EntryPoint\",\"urlTemplate\":\"https:\\\/\\\/tibladin.dk\\\/?s={search_term_string}\"},\"query-input\":{\"@type\":\"PropertyValueSpecification\",\"valueRequired\":true,\"valueName\":\"search_term_string\"}}],\"inLanguage\":\"de\"},{\"@type\":\"Organization\",\"@id\":\"https:\\\/\\\/tibladin.dk\\\/#organization\",\"name\":\"Tibladin\",\"url\":\"https:\\\/\\\/tibladin.dk\\\/\",\"logo\":{\"@type\":\"ImageObject\",\"inLanguage\":\"de\",\"@id\":\"https:\\\/\\\/tibladin.dk\\\/#\\\/schema\\\/logo\\\/image\\\/\",\"url\":\"https:\\\/\\\/tibladin.dk\\\/wp-content\\\/uploads\\\/2022\\\/09\\\/tibladin_logo.svg\",\"contentUrl\":\"https:\\\/\\\/tibladin.dk\\\/wp-content\\\/uploads\\\/2022\\\/09\\\/tibladin_logo.svg\",\"caption\":\"Tibladin\"},\"image\":{\"@id\":\"https:\\\/\\\/tibladin.dk\\\/#\\\/schema\\\/logo\\\/image\\\/\"}}]}<\/script>\n<!-- \/ Yoast SEO plugin. -->","yoast_head_json":{"title":"Einzigartige Tasche aus wundersch\u00f6nem schwarzem Leder und handgewebter Baumwolle. - Tibladin","description":"Es gibt nur einen solchen. Schlie\u00dft mit praktischem Magnetknopf. Im Inneren befindet sich ein schwarzes Futter und eine Tasche mit Rei\u00dfverschluss.","robots":{"index":"index","follow":"follow","max-snippet":"max-snippet:-1","max-image-preview":"max-image-preview:large","max-video-preview":"max-video-preview:-1"},"canonical":"https:\/\/tibladin.dk\/de\/produkt\/einzigartige-tasche-aus-handgewebter-baumwolle-und-schwarzem-leder\/","og_locale":"de_DE","og_type":"article","og_title":"Unika taske i smukt sort l\u00e6der og h\u00e5ndvavet bomuld. - Tibladin","og_description":"Der findes kun \u00e9n som denne. Lukkes med prakisk magnetisk knap. Indvendigt er der sort foer og en lomme med lynl\u00e5s.","og_url":"https:\/\/tibladin.dk\/de\/produkt\/einzigartige-tasche-aus-handgewebter-baumwolle-und-schwarzem-leder\/","og_site_name":"Tibladin","article_modified_time":"2024-12-09T13:42:43+00:00","og_image":[{"width":800,"height":800,"url":"https:\/\/tibladin.dk\/wp-content\/uploads\/2022\/09\/Tibladin_marokkansk-taske_LS4-1.jpg","type":"image\/jpeg"}],"twitter_card":"summary_large_image","twitter_misc":{"Gesch\u00e4tzte Lesezeit":"1\u00a0Minute"},"schema":{"@context":"https:\/\/schema.org","@graph":[{"@type":"WebPage","@id":"https:\/\/tibladin.dk\/produkt\/unika-taske-i-haandvaevet-bomuld-og-sort-laeder\/","url":"https:\/\/tibladin.dk\/produkt\/unika-taske-i-haandvaevet-bomuld-og-sort-laeder\/","name":"Einzigartige Tasche aus wundersch\u00f6nem schwarzem Leder und handgewebter Baumwolle. - Tibladin","isPartOf":{"@id":"https:\/\/tibladin.dk\/#website"},"primaryImageOfPage":{"@id":"https:\/\/tibladin.dk\/produkt\/unika-taske-i-haandvaevet-bomuld-og-sort-laeder\/#primaryimage"},"image":{"@id":"https:\/\/tibladin.dk\/produkt\/unika-taske-i-haandvaevet-bomuld-og-sort-laeder\/#primaryimage"},"thumbnailUrl":"https:\/\/tibladin.dk\/wp-content\/uploads\/2022\/09\/Tibladin_marokkansk-taske_LS4-1.jpg","datePublished":"2022-09-20T09:08:57+00:00","dateModified":"2024-12-09T13:42:43+00:00","description":"Es gibt nur einen solchen. Schlie\u00dft mit praktischem Magnetknopf. Im Inneren befindet sich ein schwarzes Futter und eine Tasche mit Rei\u00dfverschluss.","breadcrumb":{"@id":"https:\/\/tibladin.dk\/produkt\/unika-taske-i-haandvaevet-bomuld-og-sort-laeder\/#breadcrumb"},"inLanguage":"de","potentialAction":[{"@type":"ReadAction","target":["https:\/\/tibladin.dk\/produkt\/unika-taske-i-haandvaevet-bomuld-og-sort-laeder\/"]}]},{"@type":"ImageObject","inLanguage":"de","@id":"https:\/\/tibladin.dk\/produkt\/unika-taske-i-haandvaevet-bomuld-og-sort-laeder\/#primaryimage","url":"https:\/\/tibladin.dk\/wp-content\/uploads\/2022\/09\/Tibladin_marokkansk-taske_LS4-1.jpg","contentUrl":"https:\/\/tibladin.dk\/wp-content\/uploads\/2022\/09\/Tibladin_marokkansk-taske_LS4-1.jpg","width":800,"height":800,"caption":"Marokkansk h\u00e5ndv\u00e6vet taske i brune nuancer"},{"@type":"BreadcrumbList","@id":"https:\/\/tibladin.dk\/produkt\/unika-taske-i-haandvaevet-bomuld-og-sort-laeder\/#breadcrumb","itemListElement":[{"@type":"ListItem","position":1,"name":"Hjem","item":"https:\/\/tibladin.dk\/"},{"@type":"ListItem","position":2,"name":"Shop","item":"https:\/\/tibladin.dk\/shop\/"},{"@type":"ListItem","position":3,"name":"Unika taske i h\u00e5ndv\u00e6vet bomuld og sort l\u00e6der"}]},{"@type":"WebSite","@id":"https:\/\/tibladin.dk\/#website","url":"https:\/\/tibladin.dk\/","name":"Tibladin","description":"Tibladin","publisher":{"@id":"https:\/\/tibladin.dk\/#organization"},"potentialAction":[{"@type":"SearchAction","target":{"@type":"EntryPoint","urlTemplate":"https:\/\/tibladin.dk\/?s={search_term_string}"},"query-input":{"@type":"PropertyValueSpecification","valueRequired":true,"valueName":"search_term_string"}}],"inLanguage":"de"},{"@type":"Organization","@id":"https:\/\/tibladin.dk\/#organization","name":"Tibladin","url":"https:\/\/tibladin.dk\/","logo":{"@type":"ImageObject","inLanguage":"de","@id":"https:\/\/tibladin.dk\/#\/schema\/logo\/image\/","url":"https:\/\/tibladin.dk\/wp-content\/uploads\/2022\/09\/tibladin_logo.svg","contentUrl":"https:\/\/tibladin.dk\/wp-content\/uploads\/2022\/09\/tibladin_logo.svg","caption":"Tibladin"},"image":{"@id":"https:\/\/tibladin.dk\/#\/schema\/logo\/image\/"}}]}},"_links":{"self":[{"href":"https:\/\/tibladin.dk\/de\/wp-json\/wp\/v2\/product\/1408","targetHints":{"allow":["GET"]}}],"collection":[{"href":"https:\/\/tibladin.dk\/de\/wp-json\/wp\/v2\/product"}],"about":[{"href":"https:\/\/tibladin.dk\/de\/wp-json\/wp\/v2\/types\/product"}],"wp:featuredmedia":[{"embeddable":true,"href":"https:\/\/tibladin.dk\/de\/wp-json\/wp\/v2\/media\/1404"}],"wp:attachment":[{"href":"https:\/\/tibladin.dk\/de\/wp-json\/wp\/v2\/media?parent=1408"}],"wp:term":[{"taxonomy":"product_brand","embeddable":true,"href":"https:\/\/tibladin.dk\/de\/wp-json\/wp\/v2\/product_brand?post=1408"},{"taxonomy":"product_cat","embeddable":true,"href":"https:\/\/tibladin.dk\/de\/wp-json\/wp\/v2\/product_cat?post=1408"},{"taxonomy":"product_tag","embeddable":true,"href":"https:\/\/tibladin.dk\/de\/wp-json\/wp\/v2\/product_tag?post=1408"}],"curies":[{"name":"wp","href":"https:\/\/api.w.org\/{rel}","templated":true}]}}