{"id":1413,"date":"2022-09-20T11:08:59","date_gmt":"2022-09-20T09:08:59","guid":{"rendered":"https:\/\/tibladin.dk\/vare\/toilettaske-stor-i-marokkansk-design\/"},"modified":"2025-08-10T08:48:05","modified_gmt":"2025-08-10T06:48:05","slug":"kulturbeutel-gros-im-marokkanischen-design","status":"publish","type":"product","link":"https:\/\/tibladin.dk\/de\/produkt\/toilettaske-stor-i-marokkansk-design\/","title":{"rendered":"Kulturbeutel - gro\u00df im marokkanischen Design"},"content":{"rendered":"<div class=\"wpb-content-wrapper\"><div class=\"vc_row wpb_row vc_row-fluid\"><div class=\"wpb_column vc_column_container vc_col-sm-4\"><div class=\"vc_column-inner\"><div class=\"wpb_wrapper\">\n\t<div class=\"wpb_video_widget wpb_content_element vc_clearfix   vc_video-aspect-ratio-169 vc_video-el-width-100 vc_video-align-left\" >\n\t\t<div class=\"wpb_wrapper\">\n\t\t\t\n\t\t\t<div class=\"wpb_video_wrapper\"><div class=\"video-container\"><iframe loading=\"lazy\" title=\"Kulturbeutel\" src=\"https:\/\/player.vimeo.com\/video\/467361050?dnt=1&amp;app_id=122963\" width=\"174\" height=\"310\" frameborder=\"0\" allow=\"autoplay; fullscreen; picture-in-picture\"><\/iframe><\/div><\/div>\n\t\t<\/div>\n\t<\/div>\n<\/div><\/div><\/div><div class=\"wpb_column vc_column_container vc_col-sm-4\"><div class=\"vc_column-inner\"><div class=\"wpb_wrapper\"><h3 style=\"text-align: left\" class=\"vc_custom_heading vc_do_custom_heading\" >Wartung<\/h3>\n\t<div class=\"wpb_text_column wpb_content_element\" >\n\t\t<div class=\"wpb_wrapper\">\n\t\t\t<p>Kann von Hand gewaschen oder chemisch gereinigt werden.<\/p>\n\n\t\t<\/div>\n\t<\/div>\n<\/div><\/div><\/div><div class=\"wpb_column vc_column_container vc_col-sm-4\"><div class=\"vc_column-inner\"><div class=\"wpb_wrapper\"><h3 style=\"text-align: left\" class=\"vc_custom_heading vc_do_custom_heading\" >Die Geschichte dahinter<\/h3>\n\t<div class=\"wpb_text_column wpb_content_element\" >\n\t\t<div class=\"wpb_wrapper\">\n\t\t\t<p>Wenn Sie eine Reise oder einen Wochenendaufenthalt unternehmen, ist es sch\u00f6n, alle Ihre Sachen in ein und derselben Kulturtasche unterbringen zu k\u00f6nnen. Diese Kulturtasche ist wunderbar ger\u00e4umig und absolut einzigartig. Handgefertigt in Marrakesch aus einer Lage starkem Leinen und Jute\/Sackleinen und mit bezaubernden Details, die ihm einen Hauch von Marokko verleihen. Der Kulturbeutel hat ein wundersch\u00f6nes Innenleben mit Blumenmotiv.<\/p>\n\n\t\t<\/div>\n\t<\/div>\n<\/div><\/div><\/div><\/div>\n<\/div>","protected":false},"excerpt":{"rendered":"<p>Kulturbeutel aus Leinen und Jute mit B\u00e4ndern und kleinen Silberperlen. Die Seite ist mit drei entz\u00fcckenden Schmuckst\u00fccken von Fatimas Hand geschm\u00fcckt.<\/p>\n<p>Gef\u00fcttert mit wundersch\u00f6nem Baumwollstoff mit Blumendruck. H. 25 cm. Breite 35 cm.<\/p>\n<p>Handgefertigt und in Zusammenarbeit mit einem marokkanischen Designer entworfen.<\/p>\n<p>&nbsp;<\/p>","protected":false},"featured_media":1409,"template":"","meta":{"inline_featured_image":false},"product_brand":[],"product_cat":[27,29,35,36,32,91],"product_tag":[],"class_list":{"0":"post-1413","1":"product","2":"type-product","3":"status-publish","4":"has-post-thumbnail","6":"product_cat-diverse","7":"product_cat-gaven-til-den-unge-pige","8":"product_cat-gaven-til-hende","9":"product_cat-gaver-til-under-500-kr","10":"product_cat-tilbud","11":"product_cat-toilettasker","13":"first","14":"instock","15":"sale","16":"taxable","17":"shipping-taxable","18":"purchasable","19":"product-type-simple"},"exclude_global_add_ons":[],"addons":[],"yoast_head":"<!-- This site is optimized with the Yoast SEO plugin v27.4 - https:\/\/yoast.com\/product\/yoast-seo-wordpress\/ -->\n<title>H\u00e5ndlavet stor toilettaske i linned og jute - Tibladin<\/title>\n<meta name=\"description\" content=\"Stor toilettaske der kan rumme alle dine ting til rejsen. Smukke detaljer og foret med elegant blomstret bomuldsstof.\" \/>\n<meta name=\"robots\" content=\"index, follow, max-snippet:-1, max-image-preview:large, max-video-preview:-1\" \/>\n<link rel=\"canonical\" href=\"https:\/\/tibladin.dk\/de\/produkt\/kulturbeutel-gros-im-marokkanischen-design\/\" \/>\n<meta property=\"og:locale\" content=\"de_DE\" \/>\n<meta property=\"og:type\" content=\"article\" \/>\n<meta property=\"og:title\" content=\"H\u00e5ndlavet stor toilettaske i linned og jute - Tibladin\" \/>\n<meta property=\"og:description\" content=\"Stor toilettaske der kan rumme alle dine ting til rejsen. Smukke detaljer og foret med elegant blomstret bomuldsstof.\" \/>\n<meta property=\"og:url\" content=\"https:\/\/tibladin.dk\/de\/produkt\/kulturbeutel-gros-im-marokkanischen-design\/\" \/>\n<meta property=\"og:site_name\" content=\"Tibladin\" \/>\n<meta property=\"article:modified_time\" content=\"2025-08-10T06:48:05+00:00\" \/>\n<meta property=\"og:image\" content=\"https:\/\/tibladin.dk\/wp-content\/uploads\/2022\/09\/Tibladin_marokkansk-toilettaske_stor-1.jpg\" \/>\n\t<meta property=\"og:image:width\" content=\"800\" \/>\n\t<meta property=\"og:image:height\" content=\"800\" \/>\n\t<meta property=\"og:image:type\" content=\"image\/jpeg\" \/>\n<meta name=\"twitter:card\" content=\"summary_large_image\" \/>\n<meta name=\"twitter:label1\" content=\"Gesch\u00e4tzte Lesezeit\" \/>\n\t<meta name=\"twitter:data1\" content=\"1\u00a0Minute\" \/>\n<script type=\"application\/ld+json\" class=\"yoast-schema-graph\">{\"@context\":\"https:\\\/\\\/schema.org\",\"@graph\":[{\"@type\":\"WebPage\",\"@id\":\"https:\\\/\\\/tibladin.dk\\\/produkt\\\/toilettaske-stor-i-marokkansk-design\\\/\",\"url\":\"https:\\\/\\\/tibladin.dk\\\/produkt\\\/toilettaske-stor-i-marokkansk-design\\\/\",\"name\":\"H\u00e5ndlavet stor toilettaske i linned og jute - Tibladin\",\"isPartOf\":{\"@id\":\"https:\\\/\\\/tibladin.dk\\\/#website\"},\"primaryImageOfPage\":{\"@id\":\"https:\\\/\\\/tibladin.dk\\\/produkt\\\/toilettaske-stor-i-marokkansk-design\\\/#primaryimage\"},\"image\":{\"@id\":\"https:\\\/\\\/tibladin.dk\\\/produkt\\\/toilettaske-stor-i-marokkansk-design\\\/#primaryimage\"},\"thumbnailUrl\":\"https:\\\/\\\/tibladin.dk\\\/wp-content\\\/uploads\\\/2022\\\/09\\\/Tibladin_marokkansk-toilettaske_stor-1.jpg\",\"datePublished\":\"2022-09-20T09:08:59+00:00\",\"dateModified\":\"2025-08-10T06:48:05+00:00\",\"description\":\"Stor toilettaske der kan rumme alle dine ting til rejsen. Smukke detaljer og foret med elegant blomstret bomuldsstof.\",\"breadcrumb\":{\"@id\":\"https:\\\/\\\/tibladin.dk\\\/produkt\\\/toilettaske-stor-i-marokkansk-design\\\/#breadcrumb\"},\"inLanguage\":\"de\",\"potentialAction\":[{\"@type\":\"ReadAction\",\"target\":[\"https:\\\/\\\/tibladin.dk\\\/produkt\\\/toilettaske-stor-i-marokkansk-design\\\/\"]}]},{\"@type\":\"ImageObject\",\"inLanguage\":\"de\",\"@id\":\"https:\\\/\\\/tibladin.dk\\\/produkt\\\/toilettaske-stor-i-marokkansk-design\\\/#primaryimage\",\"url\":\"https:\\\/\\\/tibladin.dk\\\/wp-content\\\/uploads\\\/2022\\\/09\\\/Tibladin_marokkansk-toilettaske_stor-1.jpg\",\"contentUrl\":\"https:\\\/\\\/tibladin.dk\\\/wp-content\\\/uploads\\\/2022\\\/09\\\/Tibladin_marokkansk-toilettaske_stor-1.jpg\",\"width\":800,\"height\":800,\"caption\":\"Marokkansk h\u00e5ndv\u00e6vet toilettaske i gr\u00e5 og beige med stucco krukker ved siden af\"},{\"@type\":\"BreadcrumbList\",\"@id\":\"https:\\\/\\\/tibladin.dk\\\/produkt\\\/toilettaske-stor-i-marokkansk-design\\\/#breadcrumb\",\"itemListElement\":[{\"@type\":\"ListItem\",\"position\":1,\"name\":\"Hjem\",\"item\":\"https:\\\/\\\/tibladin.dk\\\/\"},{\"@type\":\"ListItem\",\"position\":2,\"name\":\"Shop\",\"item\":\"https:\\\/\\\/tibladin.dk\\\/shop\\\/\"},{\"@type\":\"ListItem\",\"position\":3,\"name\":\"Toilettaske &#8211; stor i marokkansk design\"}]},{\"@type\":\"WebSite\",\"@id\":\"https:\\\/\\\/tibladin.dk\\\/#website\",\"url\":\"https:\\\/\\\/tibladin.dk\\\/\",\"name\":\"Tibladin\",\"description\":\"Tibladin\",\"publisher\":{\"@id\":\"https:\\\/\\\/tibladin.dk\\\/#organization\"},\"potentialAction\":[{\"@type\":\"SearchAction\",\"target\":{\"@type\":\"EntryPoint\",\"urlTemplate\":\"https:\\\/\\\/tibladin.dk\\\/?s={search_term_string}\"},\"query-input\":{\"@type\":\"PropertyValueSpecification\",\"valueRequired\":true,\"valueName\":\"search_term_string\"}}],\"inLanguage\":\"de\"},{\"@type\":\"Organization\",\"@id\":\"https:\\\/\\\/tibladin.dk\\\/#organization\",\"name\":\"Tibladin\",\"url\":\"https:\\\/\\\/tibladin.dk\\\/\",\"logo\":{\"@type\":\"ImageObject\",\"inLanguage\":\"de\",\"@id\":\"https:\\\/\\\/tibladin.dk\\\/#\\\/schema\\\/logo\\\/image\\\/\",\"url\":\"https:\\\/\\\/tibladin.dk\\\/wp-content\\\/uploads\\\/2022\\\/09\\\/tibladin_logo.svg\",\"contentUrl\":\"https:\\\/\\\/tibladin.dk\\\/wp-content\\\/uploads\\\/2022\\\/09\\\/tibladin_logo.svg\",\"caption\":\"Tibladin\"},\"image\":{\"@id\":\"https:\\\/\\\/tibladin.dk\\\/#\\\/schema\\\/logo\\\/image\\\/\"}}]}<\/script>\n<!-- \/ Yoast SEO plugin. -->","yoast_head_json":{"title":"Handgefertigter gro\u00dfer Kulturbeutel aus Leinen und Jute \u2013 Tibladin","description":"Gro\u00dfer Kulturbeutel, der alle Ihre Sachen f\u00fcr die Reise aufnehmen kann. Sch\u00f6ne Details und gef\u00fcttert mit elegantem Baumwollstoff mit Blumenmuster.","robots":{"index":"index","follow":"follow","max-snippet":"max-snippet:-1","max-image-preview":"max-image-preview:large","max-video-preview":"max-video-preview:-1"},"canonical":"https:\/\/tibladin.dk\/de\/produkt\/kulturbeutel-gros-im-marokkanischen-design\/","og_locale":"de_DE","og_type":"article","og_title":"H\u00e5ndlavet stor toilettaske i linned og jute - Tibladin","og_description":"Stor toilettaske der kan rumme alle dine ting til rejsen. Smukke detaljer og foret med elegant blomstret bomuldsstof.","og_url":"https:\/\/tibladin.dk\/de\/produkt\/kulturbeutel-gros-im-marokkanischen-design\/","og_site_name":"Tibladin","article_modified_time":"2025-08-10T06:48:05+00:00","og_image":[{"width":800,"height":800,"url":"https:\/\/tibladin.dk\/wp-content\/uploads\/2022\/09\/Tibladin_marokkansk-toilettaske_stor-1.jpg","type":"image\/jpeg"}],"twitter_card":"summary_large_image","twitter_misc":{"Gesch\u00e4tzte Lesezeit":"1\u00a0Minute"},"schema":{"@context":"https:\/\/schema.org","@graph":[{"@type":"WebPage","@id":"https:\/\/tibladin.dk\/produkt\/toilettaske-stor-i-marokkansk-design\/","url":"https:\/\/tibladin.dk\/produkt\/toilettaske-stor-i-marokkansk-design\/","name":"Handgefertigter gro\u00dfer Kulturbeutel aus Leinen und Jute \u2013 Tibladin","isPartOf":{"@id":"https:\/\/tibladin.dk\/#website"},"primaryImageOfPage":{"@id":"https:\/\/tibladin.dk\/produkt\/toilettaske-stor-i-marokkansk-design\/#primaryimage"},"image":{"@id":"https:\/\/tibladin.dk\/produkt\/toilettaske-stor-i-marokkansk-design\/#primaryimage"},"thumbnailUrl":"https:\/\/tibladin.dk\/wp-content\/uploads\/2022\/09\/Tibladin_marokkansk-toilettaske_stor-1.jpg","datePublished":"2022-09-20T09:08:59+00:00","dateModified":"2025-08-10T06:48:05+00:00","description":"Gro\u00dfer Kulturbeutel, der alle Ihre Sachen f\u00fcr die Reise aufnehmen kann. Sch\u00f6ne Details und gef\u00fcttert mit elegantem Baumwollstoff mit Blumenmuster.","breadcrumb":{"@id":"https:\/\/tibladin.dk\/produkt\/toilettaske-stor-i-marokkansk-design\/#breadcrumb"},"inLanguage":"de","potentialAction":[{"@type":"ReadAction","target":["https:\/\/tibladin.dk\/produkt\/toilettaske-stor-i-marokkansk-design\/"]}]},{"@type":"ImageObject","inLanguage":"de","@id":"https:\/\/tibladin.dk\/produkt\/toilettaske-stor-i-marokkansk-design\/#primaryimage","url":"https:\/\/tibladin.dk\/wp-content\/uploads\/2022\/09\/Tibladin_marokkansk-toilettaske_stor-1.jpg","contentUrl":"https:\/\/tibladin.dk\/wp-content\/uploads\/2022\/09\/Tibladin_marokkansk-toilettaske_stor-1.jpg","width":800,"height":800,"caption":"Marokkansk h\u00e5ndv\u00e6vet toilettaske i gr\u00e5 og beige med stucco krukker ved siden af"},{"@type":"BreadcrumbList","@id":"https:\/\/tibladin.dk\/produkt\/toilettaske-stor-i-marokkansk-design\/#breadcrumb","itemListElement":[{"@type":"ListItem","position":1,"name":"Hjem","item":"https:\/\/tibladin.dk\/"},{"@type":"ListItem","position":2,"name":"Shop","item":"https:\/\/tibladin.dk\/shop\/"},{"@type":"ListItem","position":3,"name":"Toilettaske &#8211; stor i marokkansk design"}]},{"@type":"WebSite","@id":"https:\/\/tibladin.dk\/#website","url":"https:\/\/tibladin.dk\/","name":"Tibladin","description":"Tibladin","publisher":{"@id":"https:\/\/tibladin.dk\/#organization"},"potentialAction":[{"@type":"SearchAction","target":{"@type":"EntryPoint","urlTemplate":"https:\/\/tibladin.dk\/?s={search_term_string}"},"query-input":{"@type":"PropertyValueSpecification","valueRequired":true,"valueName":"search_term_string"}}],"inLanguage":"de"},{"@type":"Organization","@id":"https:\/\/tibladin.dk\/#organization","name":"Tibladin","url":"https:\/\/tibladin.dk\/","logo":{"@type":"ImageObject","inLanguage":"de","@id":"https:\/\/tibladin.dk\/#\/schema\/logo\/image\/","url":"https:\/\/tibladin.dk\/wp-content\/uploads\/2022\/09\/tibladin_logo.svg","contentUrl":"https:\/\/tibladin.dk\/wp-content\/uploads\/2022\/09\/tibladin_logo.svg","caption":"Tibladin"},"image":{"@id":"https:\/\/tibladin.dk\/#\/schema\/logo\/image\/"}}]}},"_links":{"self":[{"href":"https:\/\/tibladin.dk\/de\/wp-json\/wp\/v2\/product\/1413","targetHints":{"allow":["GET"]}}],"collection":[{"href":"https:\/\/tibladin.dk\/de\/wp-json\/wp\/v2\/product"}],"about":[{"href":"https:\/\/tibladin.dk\/de\/wp-json\/wp\/v2\/types\/product"}],"wp:featuredmedia":[{"embeddable":true,"href":"https:\/\/tibladin.dk\/de\/wp-json\/wp\/v2\/media\/1409"}],"wp:attachment":[{"href":"https:\/\/tibladin.dk\/de\/wp-json\/wp\/v2\/media?parent=1413"}],"wp:term":[{"taxonomy":"product_brand","embeddable":true,"href":"https:\/\/tibladin.dk\/de\/wp-json\/wp\/v2\/product_brand?post=1413"},{"taxonomy":"product_cat","embeddable":true,"href":"https:\/\/tibladin.dk\/de\/wp-json\/wp\/v2\/product_cat?post=1413"},{"taxonomy":"product_tag","embeddable":true,"href":"https:\/\/tibladin.dk\/de\/wp-json\/wp\/v2\/product_tag?post=1413"}],"curies":[{"name":"wp","href":"https:\/\/api.w.org\/{rel}","templated":true}]}}