{"id":1464,"date":"2025-06-14T11:09:23","date_gmt":"2025-06-14T09:09:23","guid":{"rendered":"https:\/\/tibladin.dk\/vare\/bog-din-guide-til-marrakech\/"},"modified":"2026-04-24T14:14:55","modified_gmt":"2026-04-24T12:14:55","slug":"buchen-sie-ihren-reisefuhrer-fur-marrakesch","status":"publish","type":"product","link":"https:\/\/tibladin.dk\/de\/produkt\/bog-din-guide-til-marrakech\/","title":{"rendered":"Buch: Ihr Reisef\u00fchrer f\u00fcr Marrakesch"},"content":{"rendered":"<div class=\"wpb-content-wrapper\"><div class=\"vc_row wpb_row vc_row-fluid\"><div class=\"wpb_column vc_column_container vc_col-sm-4\"><div class=\"vc_column-inner\"><div class=\"wpb_wrapper\"><\/div><\/div><\/div><div class=\"wpb_column vc_column_container vc_col-sm-4\"><div class=\"vc_column-inner\"><div class=\"wpb_wrapper\"><h3 style=\"text-align: left\" class=\"vc_custom_heading vc_do_custom_heading\" >\u00dcber den Autor<\/h3>\n\t<div class=\"wpb_text_column wpb_content_element\" >\n\t\t<div class=\"wpb_wrapper\">\n\t\t\t<p>Maria Wittendorff ist exam.art. auf Arabisch und langj\u00e4hriger Autor und Herausgeber von Zeitschriften und B\u00fcchern. Sie reist seit 30 Jahren durch Nordafrika und wird angetrieben von der Begegnung zwischen Kulturen, dem Verst\u00e4ndnis f\u00fcr die Kreise der Geschichte und der Neugier, ihre eigene Konzeptwelt herauszufordern und zu erweitern.<\/p>\n\n\t\t<\/div>\n\t<\/div>\n<\/div><\/div><\/div><div class=\"wpb_column vc_column_container vc_col-sm-4\"><div class=\"vc_column-inner\"><div class=\"wpb_wrapper\"><h3 style=\"text-align: left\" class=\"vc_custom_heading vc_do_custom_heading\" >Die Geschichte dahinter<\/h3>\n\t<div class=\"wpb_text_column wpb_content_element\" >\n\t\t<div class=\"wpb_wrapper\">\n\t\t\t<p><span class=\"Apple-converted-space\">\u00a0<\/span>Marrakesch ist eines der beliebtesten Reiseziele aller Zeiten \u2013 jeden Tag im Jahr kommen Hunderte Touristen aus aller Welt in der \u201eroten Stadt\u201c am Fu\u00dfe des Atlasgebirges an, und die D\u00e4nen sind mehr als reichlich vertreten . Das Interesse an Marrakesch hat in den letzten f\u00fcnf Jahren einen enormen Boom erlebt und dieser Trend d\u00fcrfte sich fortsetzen.<span class=\"Apple-converted-space\">\u00a0<\/span><\/p>\n<p>Das ist nicht so \u00fcberraschend, denn diese Stadt hat einfach alles zu bieten: unz\u00e4hlige historische und kulturelle Sehensw\u00fcrdigkeiten, eine reiche und raffinierte Esskultur, wundersch\u00f6n ausgef\u00fchrte Handwerkskunst, erhabene dekorative Details und eine ganz besondere Atmosph\u00e4re in den kleinen, engen Stra\u00dfen und Gassen der Stadt \u2013 einfach um nur einiges zu nennen, was man hier erleben kann.<span class=\"Apple-converted-space\">\u00a0<\/span><\/p>\n<p>Im November 2017 erschien mit gro\u00dfem Erfolg das erste Buch des Autors \u00fcber Marrakesch: Marrakesch \u2013 Geschmack, Orte und Atmosph\u00e4re. Nachdem sie erfahren hat, dass das Buch trotz seines Umfangs von vielen Reisenden nach Marrakesch mitgenommen und als Reisef\u00fchrer genutzt wurde, kommt sie diesem Bed\u00fcrfnis nach, indem sie eine neue Ausgabe in einem handlicheren Format verfasst, das das Mitf\u00fchren auf der Reise erleichtert. Gleichzeitig wurde dadurch die M\u00f6glichkeit geboten, den Inhalt erheblich zu erweitern, so dass das Buch nun einem vollst\u00e4ndigen Reisef\u00fchrer f\u00fcr Marrakesch am n\u00e4chsten kommt \u2013 pers\u00f6nlich erlebt und anschaulich erz\u00e4hlt. Das erste seiner Art auf D\u00e4nisch \u2013 und auch in anderen Sprachen.<span class=\"Apple-converted-space\">\u00a0<\/span><\/p>\n<p>Die Themen des Buches 225 Seiten mit vielen Fakten und guten Tipps: Geschichte &amp; Kultur \u2022 Sehensw\u00fcrdigkeiten &amp; Museen \u2022 Caf\u00e9s &amp; Restaurants \u2022 Riads &amp; Architektur \u2022 Parks \u2022 Kulturzentren &amp; Galerien \u2022 Hammam \u2022 Kunsthandwerk &amp; Shopping \u2022 Souks &amp; M\u00e4rkte \u2022 Praktische Informationen<span class=\"Apple-converted-space\">\u00a0<\/span><\/p>\n\n\t\t<\/div>\n\t<\/div>\n<\/div><\/div><\/div><\/div>\n<\/div>","protected":false},"excerpt":{"rendered":"<p>Nun ist endlich die 2. Auflage des beliebten \u201eReisef\u00fchrers durch Marrakesch\u201c von Marie Wittendorff erschienen, mit Aktualisierungen auf jeder Seite und zahlreichen Erg\u00e4nzungen um neue Informationen und nicht zuletzt einer Verdoppelung der Anzahl neuer Restaurants.<\/p>\n<p data-start=\"101\" data-end=\"415\"><strong data-start=\"101\" data-end=\"141\">Ihr Reisef\u00fchrer f\u00fcr Marrakesch \u2013 2. Ausgabe<\/strong> ist Ihr Schl\u00fcssel zum Abenteuer in einer der sinnlichsten und buntesten St\u00e4dte der Welt. Der Reisef\u00fchrer ist vollgepackt mit aktuellen Insidertipps, handverlesenen Empfehlungen f\u00fcr Restaurants, Hotels, M\u00e4rkte und versteckte Oasen \u2013 alles zusammengestellt mit Liebe zur \u00c4sthetik und Atmosph\u00e4re der Stadt.<\/p>\n<p data-start=\"417\" data-end=\"633\">Mit wundersch\u00f6nen Bildern, Karten und pers\u00f6nlichen Empfehlungen hilft Ihnen das Buch dabei, Marrakesch wie ein Einheimischer zu erleben \u2013 egal, ob Sie von der Stille in einem Riad, kulinarischen Erlebnissen im Souk oder modernem Design im neuen Viertel tr\u00e4umen.<\/p>\n<p data-start=\"635\" data-end=\"730\"><strong data-start=\"635\" data-end=\"730\">Perfekt sowohl f\u00fcr Erstreisende als auch f\u00fcr Marrakesch-Liebhaber, die tiefer hinter die Fassade blicken m\u00f6chten.<\/strong><\/p>\n<p>Das Buch hat ein handliches Format, sodass Sie es problemlos auf Ihre Reise mitnehmen k\u00f6nnen. Es ist der beste Reisef\u00fchrer f\u00fcr Marrakesch \u2013 pers\u00f6nlich erlebt und mit Einf\u00fchlungsverm\u00f6gen erz\u00e4hlt. Wir von Tibladin k\u00f6nnen diesen Reisef\u00fchrer w\u00e4rmstens empfehlen.<\/p>\n<p>&nbsp;<\/p>","protected":false},"featured_media":37022,"template":"","meta":{"inline_featured_image":false},"product_brand":[],"product_cat":[27,47,35,93],"product_tag":[],"class_list":{"0":"post-1464","1":"product","2":"type-product","3":"status-publish","4":"has-post-thumbnail","6":"product_cat-diverse","7":"product_cat-gaven-til-ham","8":"product_cat-gaven-til-hende","9":"product_cat-marrakech-guide-boeger","11":"first","12":"instock","13":"taxable","14":"shipping-taxable","15":"purchasable","16":"product-type-simple"},"exclude_global_add_ons":false,"addons":[{"name":"M\u00f6chten Sie eine Geschenkverpackung?","type":"checkbox","position":0,"required":false,"title_format":"label","default":"","description_enable":false,"description":"","placeholder_enable":false,"placeholder":"","display":"images","restrictions_type":"any_text","adjust_price":false,"price":"","price_type":"flat_fee","restrictions":false,"min":"0","max":"0","options":[{"label":"Ja tak","price":"10","price_type":"flat_fee","image":11015,"visibility":true}],"id":1669646111}],"yoast_head":"<!-- This site is optimized with the Yoast SEO plugin v27.5 - https:\/\/yoast.com\/product\/yoast-seo-wordpress\/ -->\n<title>Din guide til Marrakech af Maria Witendorff<\/title>\n<meta name=\"description\" content=\"Bogen er det t\u00e6tteste, man kommer p\u00e5 en komplet guide til Marrakech \u2013 personligt oplevet og indlevende fortalt. Du finder du ikke en bedre guide.\" \/>\n<meta name=\"robots\" content=\"index, follow, max-snippet:-1, max-image-preview:large, max-video-preview:-1\" \/>\n<link rel=\"canonical\" href=\"https:\/\/tibladin.dk\/de\/produkt\/buchen-sie-ihren-reisefuhrer-fur-marrakesch\/\" \/>\n<meta property=\"og:locale\" content=\"de_DE\" \/>\n<meta property=\"og:type\" content=\"article\" \/>\n<meta property=\"og:title\" content=\"Din guide til Marrakech af Maria Witendorff\" \/>\n<meta property=\"og:description\" content=\"Bogen er det t\u00e6tteste, man kommer p\u00e5 en komplet guide til Marrakech \u2013 personligt oplevet og indlevende fortalt. Du finder du ikke en bedre guide.\" \/>\n<meta property=\"og:url\" content=\"https:\/\/tibladin.dk\/de\/produkt\/buchen-sie-ihren-reisefuhrer-fur-marrakesch\/\" \/>\n<meta property=\"og:site_name\" content=\"Tibladin\" \/>\n<meta property=\"article:modified_time\" content=\"2026-04-24T12:14:55+00:00\" \/>\n<meta property=\"og:image\" content=\"https:\/\/tibladin.dk\/wp-content\/uploads\/2022\/09\/din-guide-til-marrakech_2.udgave_7.jpg\" \/>\n\t<meta property=\"og:image:width\" content=\"800\" \/>\n\t<meta property=\"og:image:height\" content=\"800\" \/>\n\t<meta property=\"og:image:type\" content=\"image\/jpeg\" \/>\n<meta name=\"twitter:card\" content=\"summary_large_image\" \/>\n<meta name=\"twitter:label1\" content=\"Gesch\u00e4tzte Lesezeit\" \/>\n\t<meta name=\"twitter:data1\" content=\"3\u00a0Minuten\" \/>\n<script type=\"application\/ld+json\" class=\"yoast-schema-graph\">{\"@context\":\"https:\\\/\\\/schema.org\",\"@graph\":[{\"@type\":\"WebPage\",\"@id\":\"https:\\\/\\\/tibladin.dk\\\/produkt\\\/bog-din-guide-til-marrakech\\\/\",\"url\":\"https:\\\/\\\/tibladin.dk\\\/produkt\\\/bog-din-guide-til-marrakech\\\/\",\"name\":\"Din guide til Marrakech af Maria Witendorff\",\"isPartOf\":{\"@id\":\"https:\\\/\\\/tibladin.dk\\\/#website\"},\"primaryImageOfPage\":{\"@id\":\"https:\\\/\\\/tibladin.dk\\\/produkt\\\/bog-din-guide-til-marrakech\\\/#primaryimage\"},\"image\":{\"@id\":\"https:\\\/\\\/tibladin.dk\\\/produkt\\\/bog-din-guide-til-marrakech\\\/#primaryimage\"},\"thumbnailUrl\":\"https:\\\/\\\/tibladin.dk\\\/wp-content\\\/uploads\\\/2022\\\/09\\\/din-guide-til-marrakech_2.udgave_7.jpg\",\"datePublished\":\"2025-06-14T09:09:23+00:00\",\"dateModified\":\"2026-04-24T12:14:55+00:00\",\"description\":\"Bogen er det t\u00e6tteste, man kommer p\u00e5 en komplet guide til Marrakech \u2013 personligt oplevet og indlevende fortalt. Du finder du ikke en bedre guide.\",\"breadcrumb\":{\"@id\":\"https:\\\/\\\/tibladin.dk\\\/produkt\\\/bog-din-guide-til-marrakech\\\/#breadcrumb\"},\"inLanguage\":\"de\",\"potentialAction\":[{\"@type\":\"ReadAction\",\"target\":[\"https:\\\/\\\/tibladin.dk\\\/produkt\\\/bog-din-guide-til-marrakech\\\/\"]}]},{\"@type\":\"ImageObject\",\"inLanguage\":\"de\",\"@id\":\"https:\\\/\\\/tibladin.dk\\\/produkt\\\/bog-din-guide-til-marrakech\\\/#primaryimage\",\"url\":\"https:\\\/\\\/tibladin.dk\\\/wp-content\\\/uploads\\\/2022\\\/09\\\/din-guide-til-marrakech_2.udgave_7.jpg\",\"contentUrl\":\"https:\\\/\\\/tibladin.dk\\\/wp-content\\\/uploads\\\/2022\\\/09\\\/din-guide-til-marrakech_2.udgave_7.jpg\",\"width\":800,\"height\":800,\"caption\":\"din guide til marrakech's 2. udgave\"},{\"@type\":\"BreadcrumbList\",\"@id\":\"https:\\\/\\\/tibladin.dk\\\/produkt\\\/bog-din-guide-til-marrakech\\\/#breadcrumb\",\"itemListElement\":[{\"@type\":\"ListItem\",\"position\":1,\"name\":\"Hjem\",\"item\":\"https:\\\/\\\/tibladin.dk\\\/\"},{\"@type\":\"ListItem\",\"position\":2,\"name\":\"Shop\",\"item\":\"https:\\\/\\\/tibladin.dk\\\/shop\\\/\"},{\"@type\":\"ListItem\",\"position\":3,\"name\":\"Bog: Din guide til Marrakech\"}]},{\"@type\":\"WebSite\",\"@id\":\"https:\\\/\\\/tibladin.dk\\\/#website\",\"url\":\"https:\\\/\\\/tibladin.dk\\\/\",\"name\":\"Tibladin\",\"description\":\"Tibladin\",\"publisher\":{\"@id\":\"https:\\\/\\\/tibladin.dk\\\/#organization\"},\"potentialAction\":[{\"@type\":\"SearchAction\",\"target\":{\"@type\":\"EntryPoint\",\"urlTemplate\":\"https:\\\/\\\/tibladin.dk\\\/?s={search_term_string}\"},\"query-input\":{\"@type\":\"PropertyValueSpecification\",\"valueRequired\":true,\"valueName\":\"search_term_string\"}}],\"inLanguage\":\"de\"},{\"@type\":\"Organization\",\"@id\":\"https:\\\/\\\/tibladin.dk\\\/#organization\",\"name\":\"Tibladin\",\"url\":\"https:\\\/\\\/tibladin.dk\\\/\",\"logo\":{\"@type\":\"ImageObject\",\"inLanguage\":\"de\",\"@id\":\"https:\\\/\\\/tibladin.dk\\\/#\\\/schema\\\/logo\\\/image\\\/\",\"url\":\"https:\\\/\\\/tibladin.dk\\\/wp-content\\\/uploads\\\/2022\\\/09\\\/tibladin_logo.svg\",\"contentUrl\":\"https:\\\/\\\/tibladin.dk\\\/wp-content\\\/uploads\\\/2022\\\/09\\\/tibladin_logo.svg\",\"caption\":\"Tibladin\"},\"image\":{\"@id\":\"https:\\\/\\\/tibladin.dk\\\/#\\\/schema\\\/logo\\\/image\\\/\"}}]}<\/script>\n<!-- \/ Yoast SEO plugin. -->","yoast_head_json":{"title":"Ihr Reisef\u00fchrer f\u00fcr Marrakesch von Maria Witendorff","description":"Das Buch ist der beste Reisef\u00fchrer f\u00fcr Marrakesch \u2013 pers\u00f6nlich erlebt und mit Einf\u00fchlungsverm\u00f6gen erz\u00e4hlt. Einen besseren Reisef\u00fchrer werden Sie nicht finden.","robots":{"index":"index","follow":"follow","max-snippet":"max-snippet:-1","max-image-preview":"max-image-preview:large","max-video-preview":"max-video-preview:-1"},"canonical":"https:\/\/tibladin.dk\/de\/produkt\/buchen-sie-ihren-reisefuhrer-fur-marrakesch\/","og_locale":"de_DE","og_type":"article","og_title":"Din guide til Marrakech af Maria Witendorff","og_description":"Bogen er det t\u00e6tteste, man kommer p\u00e5 en komplet guide til Marrakech \u2013 personligt oplevet og indlevende fortalt. Du finder du ikke en bedre guide.","og_url":"https:\/\/tibladin.dk\/de\/produkt\/buchen-sie-ihren-reisefuhrer-fur-marrakesch\/","og_site_name":"Tibladin","article_modified_time":"2026-04-24T12:14:55+00:00","og_image":[{"width":800,"height":800,"url":"https:\/\/tibladin.dk\/wp-content\/uploads\/2022\/09\/din-guide-til-marrakech_2.udgave_7.jpg","type":"image\/jpeg"}],"twitter_card":"summary_large_image","twitter_misc":{"Gesch\u00e4tzte Lesezeit":"3\u00a0Minuten"},"schema":{"@context":"https:\/\/schema.org","@graph":[{"@type":"WebPage","@id":"https:\/\/tibladin.dk\/produkt\/bog-din-guide-til-marrakech\/","url":"https:\/\/tibladin.dk\/produkt\/bog-din-guide-til-marrakech\/","name":"Ihr Reisef\u00fchrer f\u00fcr Marrakesch von Maria Witendorff","isPartOf":{"@id":"https:\/\/tibladin.dk\/#website"},"primaryImageOfPage":{"@id":"https:\/\/tibladin.dk\/produkt\/bog-din-guide-til-marrakech\/#primaryimage"},"image":{"@id":"https:\/\/tibladin.dk\/produkt\/bog-din-guide-til-marrakech\/#primaryimage"},"thumbnailUrl":"https:\/\/tibladin.dk\/wp-content\/uploads\/2022\/09\/din-guide-til-marrakech_2.udgave_7.jpg","datePublished":"2025-06-14T09:09:23+00:00","dateModified":"2026-04-24T12:14:55+00:00","description":"Das Buch ist der beste Reisef\u00fchrer f\u00fcr Marrakesch \u2013 pers\u00f6nlich erlebt und mit Einf\u00fchlungsverm\u00f6gen erz\u00e4hlt. Einen besseren Reisef\u00fchrer werden Sie nicht finden.","breadcrumb":{"@id":"https:\/\/tibladin.dk\/produkt\/bog-din-guide-til-marrakech\/#breadcrumb"},"inLanguage":"de","potentialAction":[{"@type":"ReadAction","target":["https:\/\/tibladin.dk\/produkt\/bog-din-guide-til-marrakech\/"]}]},{"@type":"ImageObject","inLanguage":"de","@id":"https:\/\/tibladin.dk\/produkt\/bog-din-guide-til-marrakech\/#primaryimage","url":"https:\/\/tibladin.dk\/wp-content\/uploads\/2022\/09\/din-guide-til-marrakech_2.udgave_7.jpg","contentUrl":"https:\/\/tibladin.dk\/wp-content\/uploads\/2022\/09\/din-guide-til-marrakech_2.udgave_7.jpg","width":800,"height":800,"caption":"din guide til marrakech's 2. udgave"},{"@type":"BreadcrumbList","@id":"https:\/\/tibladin.dk\/produkt\/bog-din-guide-til-marrakech\/#breadcrumb","itemListElement":[{"@type":"ListItem","position":1,"name":"Hjem","item":"https:\/\/tibladin.dk\/"},{"@type":"ListItem","position":2,"name":"Shop","item":"https:\/\/tibladin.dk\/shop\/"},{"@type":"ListItem","position":3,"name":"Bog: Din guide til Marrakech"}]},{"@type":"WebSite","@id":"https:\/\/tibladin.dk\/#website","url":"https:\/\/tibladin.dk\/","name":"Tibladin","description":"Tibladin","publisher":{"@id":"https:\/\/tibladin.dk\/#organization"},"potentialAction":[{"@type":"SearchAction","target":{"@type":"EntryPoint","urlTemplate":"https:\/\/tibladin.dk\/?s={search_term_string}"},"query-input":{"@type":"PropertyValueSpecification","valueRequired":true,"valueName":"search_term_string"}}],"inLanguage":"de"},{"@type":"Organization","@id":"https:\/\/tibladin.dk\/#organization","name":"Tibladin","url":"https:\/\/tibladin.dk\/","logo":{"@type":"ImageObject","inLanguage":"de","@id":"https:\/\/tibladin.dk\/#\/schema\/logo\/image\/","url":"https:\/\/tibladin.dk\/wp-content\/uploads\/2022\/09\/tibladin_logo.svg","contentUrl":"https:\/\/tibladin.dk\/wp-content\/uploads\/2022\/09\/tibladin_logo.svg","caption":"Tibladin"},"image":{"@id":"https:\/\/tibladin.dk\/#\/schema\/logo\/image\/"}}]}},"_links":{"self":[{"href":"https:\/\/tibladin.dk\/de\/wp-json\/wp\/v2\/product\/1464","targetHints":{"allow":["GET"]}}],"collection":[{"href":"https:\/\/tibladin.dk\/de\/wp-json\/wp\/v2\/product"}],"about":[{"href":"https:\/\/tibladin.dk\/de\/wp-json\/wp\/v2\/types\/product"}],"wp:featuredmedia":[{"embeddable":true,"href":"https:\/\/tibladin.dk\/de\/wp-json\/wp\/v2\/media\/37022"}],"wp:attachment":[{"href":"https:\/\/tibladin.dk\/de\/wp-json\/wp\/v2\/media?parent=1464"}],"wp:term":[{"taxonomy":"product_brand","embeddable":true,"href":"https:\/\/tibladin.dk\/de\/wp-json\/wp\/v2\/product_brand?post=1464"},{"taxonomy":"product_cat","embeddable":true,"href":"https:\/\/tibladin.dk\/de\/wp-json\/wp\/v2\/product_cat?post=1464"},{"taxonomy":"product_tag","embeddable":true,"href":"https:\/\/tibladin.dk\/de\/wp-json\/wp\/v2\/product_tag?post=1464"}],"curies":[{"name":"wp","href":"https:\/\/api.w.org\/{rel}","templated":true}]}}