{"id":1466,"date":"2022-09-20T11:09:24","date_gmt":"2022-09-20T09:09:24","guid":{"rendered":"https:\/\/tibladin.dk\/vare\/bog-din-guide-til-marrakech-engelsk\/"},"modified":"2026-02-18T11:12:40","modified_gmt":"2026-02-18T10:12:40","slug":"buchen-sie-ihren-reisefuhrer-fur-marrakesch-auf-englisch","status":"publish","type":"product","link":"https:\/\/tibladin.dk\/de\/produkt\/bog-din-guide-til-marrakech-engelsk\/","title":{"rendered":"Buch: Ihr Reisef\u00fchrer f\u00fcr Marrakesch \u2013 Englisch"},"content":{"rendered":"<div class=\"wpb-content-wrapper\"><div class=\"vc_row wpb_row vc_row-fluid\"><div class=\"wpb_column vc_column_container vc_col-sm-4\"><div class=\"vc_column-inner\"><div class=\"wpb_wrapper\"><\/div><\/div><\/div><div class=\"wpb_column vc_column_container vc_col-sm-4\"><div class=\"vc_column-inner\"><div class=\"wpb_wrapper\"><h3 style=\"text-align: left\" class=\"vc_custom_heading vc_do_custom_heading\" >\u00dcber den Autor<\/h3>\n\t<div class=\"wpb_text_column wpb_content_element\" >\n\t\t<div class=\"wpb_wrapper\">\n\t\t\t<p>Maria Wittendorff ist exam.art. auf Arabisch und langj\u00e4hriger Autor und Herausgeber von Zeitschriften und B\u00fcchern. Sie reist seit 30 Jahren durch Nordafrika und wird angetrieben von der Begegnung zwischen Kulturen, dem Verst\u00e4ndnis f\u00fcr die Kreise der Geschichte und der Neugier, ihre eigene Konzeptwelt herauszufordern und zu erweitern.<\/p>\n\n\t\t<\/div>\n\t<\/div>\n<\/div><\/div><\/div><div class=\"wpb_column vc_column_container vc_col-sm-4\"><div class=\"vc_column-inner\"><div class=\"wpb_wrapper\"><h3 style=\"text-align: left\" class=\"vc_custom_heading vc_do_custom_heading\" >Die Geschichte dahinter<\/h3>\n\t<div class=\"wpb_text_column wpb_content_element\" >\n\t\t<div class=\"wpb_wrapper\">\n\t\t\t<p>Magisches Marrakesch! Fast tausend Jahre spannender Geschichte haben in dieser au\u00dfergew\u00f6hnlichen Stadt ihre beeindruckenden Spuren hinterlassen, voll von Farben und Mustern, Ger\u00fcchen und Geschm\u00e4ckern, Licht und Klang und einem ganz besonderen Ambiente, das im Schnittpunkt zwischen wundersch\u00f6ner Umgebung, einer reichen Atmosph\u00e4re entsteht Kultur, Gastfreundschaft und ein \u00fcberaus gro\u00dfz\u00fcgiges Klima.<\/p>\n<p>Mit diesem Buch in der Hand haben Sie alles, was Sie wissen m\u00fcssen, um das zu bekommen <i>komplette Erfahrung <\/i>Entdecken Sie die rote Stadt, sowohl bei den Vorbereitungen vor Ihrer Abreise als auch beim Bummel durch die engen Gassen und Gassen, lesen Sie die Hintergrundgeschichten und profitieren Sie von den zahlreichen Tipps und Beschreibungen, die Ihnen die Auswahl Ihrer Sehensw\u00fcrdigkeiten und Restaurants erleichtern.<\/p>\n<p><i>Ihr Reisef\u00fchrer f\u00fcr Marrakesch <\/i>gibt Ihnen anschauliche, pers\u00f6nliche Berichte von:<\/p>\n<ul>\n<li>60 Caf\u00e9s &amp; Restaurants<\/li>\n<li>15 historische Sehensw\u00fcrdigkeiten<\/li>\n<li>10 G\u00e4rten und Parks<\/li>\n<li>25 Museen, Kulturzentren und Galerien<\/li>\n<li>20 Riads, Hotels und Hamams.<span class=\"Apple-converted-space\">\u00a0<\/span><\/li>\n<\/ul>\n<p>Au\u00dferdem Geschichte, Kunsthandwerk und Shopping, Souks und M\u00e4rkte, Architektur und Esskultur, Musik und Festivals sowie alle praktischen Informationen, die Sie auf Ihrer Reise ben\u00f6tigen.<\/p>\n<p><i>225 Seiten, Softcover mit Klappen, 148 x 210 mm (A5).<\/i><\/p>\n\n\t\t<\/div>\n\t<\/div>\n<\/div><\/div><\/div><\/div>\n<\/div>","protected":false},"excerpt":{"rendered":"<p>Magisches Marrakesch! Fast tausend Jahre spannender Geschichte haben in dieser au\u00dfergew\u00f6hnlichen Stadt ihre beeindruckenden Spuren hinterlassen, voll von Farben und Mustern, Ger\u00fcchen und Geschm\u00e4ckern, Licht und Klang und einem ganz besonderen Ambiente, das im Schnittpunkt zwischen wundersch\u00f6ner Umgebung, einer reichen Atmosph\u00e4re entsteht Kultur, Gastfreundschaft und ein \u00fcberaus gro\u00dfz\u00fcgiges Klima.<\/p>\n<p>Mit diesem Buch in der Hand haben Sie alles, was Sie wissen m\u00fcssen, um das zu bekommen <i>komplette Erfahrung <\/i>Entdecken Sie die rote Stadt, sowohl bei den Vorbereitungen vor Ihrer Abreise als auch beim Bummel durch die engen Gassen und Gassen, lesen Sie die Hintergrundgeschichten und profitieren Sie von den zahlreichen Tipps und Beschreibungen, die Ihnen die Auswahl Ihrer Sehensw\u00fcrdigkeiten und Restaurants erleichtern.<\/p>\n<p><i>Ihr Reisef\u00fchrer f\u00fcr Marrakesch <\/i>gibt Ihnen anschauliche, pers\u00f6nliche Berichte von:<\/p>\n<ul>\n<li>60 Caf\u00e9s &amp; Restaurants<\/li>\n<li>15 historische Sehensw\u00fcrdigkeiten<\/li>\n<li>10 G\u00e4rten und Parks<\/li>\n<li>25 Museen, Kulturzentren und Galerien<\/li>\n<li>20 Riads, Hotels und Hamams.<span class=\"Apple-converted-space\">\u00a0<\/span><\/li>\n<\/ul>\n<p>Au\u00dferdem Geschichte, Kunsthandwerk und Shopping, Souks und M\u00e4rkte, Architektur und Esskultur, Musik und Festivals sowie alle praktischen Informationen, die Sie auf Ihrer Reise ben\u00f6tigen.<\/p>\n<p><i>225 Seiten, Softcover 148 x 210 mm (A5).<\/i><\/p>\n<p>&nbsp;<\/p>","protected":false},"featured_media":1465,"template":"","meta":{"inline_featured_image":false},"product_brand":[],"product_cat":[27,47,35,93],"product_tag":[],"class_list":{"0":"post-1466","1":"product","2":"type-product","3":"status-publish","4":"has-post-thumbnail","6":"product_cat-diverse","7":"product_cat-gaven-til-ham","8":"product_cat-gaven-til-hende","9":"product_cat-marrakech-guide-boeger","11":"first","12":"outofstock","13":"taxable","14":"shipping-taxable","15":"purchasable","16":"product-type-simple"},"exclude_global_add_ons":false,"addons":[{"name":"M\u00f6chten Sie eine Geschenkverpackung?","type":"checkbox","position":0,"required":false,"title_format":"label","default":"","description_enable":false,"description":"","placeholder_enable":false,"placeholder":"","display":"images","restrictions_type":"any_text","adjust_price":false,"price":"","price_type":"flat_fee","restrictions":false,"min":"0","max":"0","options":[{"label":"Ja tak","price":"10","price_type":"flat_fee","image":11015,"visibility":true}],"id":1669646111}],"yoast_head":"<!-- This site is optimized with the Yoast SEO plugin v27.4 - https:\/\/yoast.com\/product\/yoast-seo-wordpress\/ -->\n<title>Din guide til Marrakech. Fantastisk guide bog p\u00e5 engelsk - Tibladin<\/title>\n<meta name=\"description\" content=\"Bogen er det t\u00e6tteste, man kommer p\u00e5 en komplet guide til Marrakech \u2013 personligt oplevet og indlevende fortalt. Bogen er p\u00e5 engelsk.\" \/>\n<meta name=\"robots\" content=\"index, follow, max-snippet:-1, max-image-preview:large, max-video-preview:-1\" \/>\n<link rel=\"canonical\" href=\"https:\/\/tibladin.dk\/de\/produkt\/buchen-sie-ihren-reisefuhrer-fur-marrakesch-auf-englisch\/\" \/>\n<meta property=\"og:locale\" content=\"de_DE\" \/>\n<meta property=\"og:type\" content=\"article\" \/>\n<meta property=\"og:title\" content=\"Din guide til Marrakech. Fantastisk guide bog p\u00e5 engelsk - Tibladin\" \/>\n<meta property=\"og:description\" content=\"Bogen er det t\u00e6tteste, man kommer p\u00e5 en komplet guide til Marrakech \u2013 personligt oplevet og indlevende fortalt. Bogen er p\u00e5 engelsk.\" \/>\n<meta property=\"og:url\" content=\"https:\/\/tibladin.dk\/de\/produkt\/buchen-sie-ihren-reisefuhrer-fur-marrakesch-auf-englisch\/\" \/>\n<meta property=\"og:site_name\" content=\"Tibladin\" \/>\n<meta property=\"article:modified_time\" content=\"2026-02-18T10:12:40+00:00\" \/>\n<meta property=\"og:image\" content=\"https:\/\/tibladin.dk\/wp-content\/uploads\/2022\/09\/Tibladin_your-guide-to-Marrakech-1.jpg\" \/>\n\t<meta property=\"og:image:width\" content=\"800\" \/>\n\t<meta property=\"og:image:height\" content=\"800\" \/>\n\t<meta property=\"og:image:type\" content=\"image\/jpeg\" \/>\n<meta name=\"twitter:card\" content=\"summary_large_image\" \/>\n<meta name=\"twitter:label1\" content=\"Gesch\u00e4tzte Lesezeit\" \/>\n\t<meta name=\"twitter:data1\" content=\"2\u00a0Minuten\" \/>\n<script type=\"application\/ld+json\" class=\"yoast-schema-graph\">{\"@context\":\"https:\\\/\\\/schema.org\",\"@graph\":[{\"@type\":\"WebPage\",\"@id\":\"https:\\\/\\\/tibladin.dk\\\/produkt\\\/bog-din-guide-til-marrakech-engelsk\\\/\",\"url\":\"https:\\\/\\\/tibladin.dk\\\/produkt\\\/bog-din-guide-til-marrakech-engelsk\\\/\",\"name\":\"Din guide til Marrakech. Fantastisk guide bog p\u00e5 engelsk - Tibladin\",\"isPartOf\":{\"@id\":\"https:\\\/\\\/tibladin.dk\\\/#website\"},\"primaryImageOfPage\":{\"@id\":\"https:\\\/\\\/tibladin.dk\\\/produkt\\\/bog-din-guide-til-marrakech-engelsk\\\/#primaryimage\"},\"image\":{\"@id\":\"https:\\\/\\\/tibladin.dk\\\/produkt\\\/bog-din-guide-til-marrakech-engelsk\\\/#primaryimage\"},\"thumbnailUrl\":\"https:\\\/\\\/tibladin.dk\\\/wp-content\\\/uploads\\\/2022\\\/09\\\/Tibladin_your-guide-to-Marrakech-1.jpg\",\"datePublished\":\"2022-09-20T09:09:24+00:00\",\"dateModified\":\"2026-02-18T10:12:40+00:00\",\"description\":\"Bogen er det t\u00e6tteste, man kommer p\u00e5 en komplet guide til Marrakech \u2013 personligt oplevet og indlevende fortalt. Bogen er p\u00e5 engelsk.\",\"breadcrumb\":{\"@id\":\"https:\\\/\\\/tibladin.dk\\\/produkt\\\/bog-din-guide-til-marrakech-engelsk\\\/#breadcrumb\"},\"inLanguage\":\"de\",\"potentialAction\":[{\"@type\":\"ReadAction\",\"target\":[\"https:\\\/\\\/tibladin.dk\\\/produkt\\\/bog-din-guide-til-marrakech-engelsk\\\/\"]}]},{\"@type\":\"ImageObject\",\"inLanguage\":\"de\",\"@id\":\"https:\\\/\\\/tibladin.dk\\\/produkt\\\/bog-din-guide-til-marrakech-engelsk\\\/#primaryimage\",\"url\":\"https:\\\/\\\/tibladin.dk\\\/wp-content\\\/uploads\\\/2022\\\/09\\\/Tibladin_your-guide-to-Marrakech-1.jpg\",\"contentUrl\":\"https:\\\/\\\/tibladin.dk\\\/wp-content\\\/uploads\\\/2022\\\/09\\\/Tibladin_your-guide-to-Marrakech-1.jpg\",\"width\":800,\"height\":800,\"caption\":\"Din guide til Marrakesh bog oven p\u00e5 tr\u00e6bord\"},{\"@type\":\"BreadcrumbList\",\"@id\":\"https:\\\/\\\/tibladin.dk\\\/produkt\\\/bog-din-guide-til-marrakech-engelsk\\\/#breadcrumb\",\"itemListElement\":[{\"@type\":\"ListItem\",\"position\":1,\"name\":\"Hjem\",\"item\":\"https:\\\/\\\/tibladin.dk\\\/\"},{\"@type\":\"ListItem\",\"position\":2,\"name\":\"Shop\",\"item\":\"https:\\\/\\\/tibladin.dk\\\/shop\\\/\"},{\"@type\":\"ListItem\",\"position\":3,\"name\":\"Bog: Din guide til Marrakech &#8211; Engelsk\"}]},{\"@type\":\"WebSite\",\"@id\":\"https:\\\/\\\/tibladin.dk\\\/#website\",\"url\":\"https:\\\/\\\/tibladin.dk\\\/\",\"name\":\"Tibladin\",\"description\":\"Tibladin\",\"publisher\":{\"@id\":\"https:\\\/\\\/tibladin.dk\\\/#organization\"},\"potentialAction\":[{\"@type\":\"SearchAction\",\"target\":{\"@type\":\"EntryPoint\",\"urlTemplate\":\"https:\\\/\\\/tibladin.dk\\\/?s={search_term_string}\"},\"query-input\":{\"@type\":\"PropertyValueSpecification\",\"valueRequired\":true,\"valueName\":\"search_term_string\"}}],\"inLanguage\":\"de\"},{\"@type\":\"Organization\",\"@id\":\"https:\\\/\\\/tibladin.dk\\\/#organization\",\"name\":\"Tibladin\",\"url\":\"https:\\\/\\\/tibladin.dk\\\/\",\"logo\":{\"@type\":\"ImageObject\",\"inLanguage\":\"de\",\"@id\":\"https:\\\/\\\/tibladin.dk\\\/#\\\/schema\\\/logo\\\/image\\\/\",\"url\":\"https:\\\/\\\/tibladin.dk\\\/wp-content\\\/uploads\\\/2022\\\/09\\\/tibladin_logo.svg\",\"contentUrl\":\"https:\\\/\\\/tibladin.dk\\\/wp-content\\\/uploads\\\/2022\\\/09\\\/tibladin_logo.svg\",\"caption\":\"Tibladin\"},\"image\":{\"@id\":\"https:\\\/\\\/tibladin.dk\\\/#\\\/schema\\\/logo\\\/image\\\/\"}}]}<\/script>\n<!-- \/ Yoast SEO plugin. -->","yoast_head_json":{"title":"Ihr Reisef\u00fchrer f\u00fcr Marrakesch. Fantastischer Reisef\u00fchrer auf Englisch \u2013 Tibladin","description":"Das Buch kommt einem kompletten Reisef\u00fchrer durch Marrakesch am n\u00e4chsten \u2013 pers\u00f6nlich erlebt und anschaulich erz\u00e4hlt. Das Buch ist auf Englisch.","robots":{"index":"index","follow":"follow","max-snippet":"max-snippet:-1","max-image-preview":"max-image-preview:large","max-video-preview":"max-video-preview:-1"},"canonical":"https:\/\/tibladin.dk\/de\/produkt\/buchen-sie-ihren-reisefuhrer-fur-marrakesch-auf-englisch\/","og_locale":"de_DE","og_type":"article","og_title":"Din guide til Marrakech. Fantastisk guide bog p\u00e5 engelsk - Tibladin","og_description":"Bogen er det t\u00e6tteste, man kommer p\u00e5 en komplet guide til Marrakech \u2013 personligt oplevet og indlevende fortalt. Bogen er p\u00e5 engelsk.","og_url":"https:\/\/tibladin.dk\/de\/produkt\/buchen-sie-ihren-reisefuhrer-fur-marrakesch-auf-englisch\/","og_site_name":"Tibladin","article_modified_time":"2026-02-18T10:12:40+00:00","og_image":[{"width":800,"height":800,"url":"https:\/\/tibladin.dk\/wp-content\/uploads\/2022\/09\/Tibladin_your-guide-to-Marrakech-1.jpg","type":"image\/jpeg"}],"twitter_card":"summary_large_image","twitter_misc":{"Gesch\u00e4tzte Lesezeit":"2\u00a0Minuten"},"schema":{"@context":"https:\/\/schema.org","@graph":[{"@type":"WebPage","@id":"https:\/\/tibladin.dk\/produkt\/bog-din-guide-til-marrakech-engelsk\/","url":"https:\/\/tibladin.dk\/produkt\/bog-din-guide-til-marrakech-engelsk\/","name":"Ihr Reisef\u00fchrer f\u00fcr Marrakesch. Fantastischer Reisef\u00fchrer auf Englisch \u2013 Tibladin","isPartOf":{"@id":"https:\/\/tibladin.dk\/#website"},"primaryImageOfPage":{"@id":"https:\/\/tibladin.dk\/produkt\/bog-din-guide-til-marrakech-engelsk\/#primaryimage"},"image":{"@id":"https:\/\/tibladin.dk\/produkt\/bog-din-guide-til-marrakech-engelsk\/#primaryimage"},"thumbnailUrl":"https:\/\/tibladin.dk\/wp-content\/uploads\/2022\/09\/Tibladin_your-guide-to-Marrakech-1.jpg","datePublished":"2022-09-20T09:09:24+00:00","dateModified":"2026-02-18T10:12:40+00:00","description":"Das Buch kommt einem kompletten Reisef\u00fchrer durch Marrakesch am n\u00e4chsten \u2013 pers\u00f6nlich erlebt und anschaulich erz\u00e4hlt. Das Buch ist auf Englisch.","breadcrumb":{"@id":"https:\/\/tibladin.dk\/produkt\/bog-din-guide-til-marrakech-engelsk\/#breadcrumb"},"inLanguage":"de","potentialAction":[{"@type":"ReadAction","target":["https:\/\/tibladin.dk\/produkt\/bog-din-guide-til-marrakech-engelsk\/"]}]},{"@type":"ImageObject","inLanguage":"de","@id":"https:\/\/tibladin.dk\/produkt\/bog-din-guide-til-marrakech-engelsk\/#primaryimage","url":"https:\/\/tibladin.dk\/wp-content\/uploads\/2022\/09\/Tibladin_your-guide-to-Marrakech-1.jpg","contentUrl":"https:\/\/tibladin.dk\/wp-content\/uploads\/2022\/09\/Tibladin_your-guide-to-Marrakech-1.jpg","width":800,"height":800,"caption":"Din guide til Marrakesh bog oven p\u00e5 tr\u00e6bord"},{"@type":"BreadcrumbList","@id":"https:\/\/tibladin.dk\/produkt\/bog-din-guide-til-marrakech-engelsk\/#breadcrumb","itemListElement":[{"@type":"ListItem","position":1,"name":"Hjem","item":"https:\/\/tibladin.dk\/"},{"@type":"ListItem","position":2,"name":"Shop","item":"https:\/\/tibladin.dk\/shop\/"},{"@type":"ListItem","position":3,"name":"Bog: Din guide til Marrakech &#8211; Engelsk"}]},{"@type":"WebSite","@id":"https:\/\/tibladin.dk\/#website","url":"https:\/\/tibladin.dk\/","name":"Tibladin","description":"Tibladin","publisher":{"@id":"https:\/\/tibladin.dk\/#organization"},"potentialAction":[{"@type":"SearchAction","target":{"@type":"EntryPoint","urlTemplate":"https:\/\/tibladin.dk\/?s={search_term_string}"},"query-input":{"@type":"PropertyValueSpecification","valueRequired":true,"valueName":"search_term_string"}}],"inLanguage":"de"},{"@type":"Organization","@id":"https:\/\/tibladin.dk\/#organization","name":"Tibladin","url":"https:\/\/tibladin.dk\/","logo":{"@type":"ImageObject","inLanguage":"de","@id":"https:\/\/tibladin.dk\/#\/schema\/logo\/image\/","url":"https:\/\/tibladin.dk\/wp-content\/uploads\/2022\/09\/tibladin_logo.svg","contentUrl":"https:\/\/tibladin.dk\/wp-content\/uploads\/2022\/09\/tibladin_logo.svg","caption":"Tibladin"},"image":{"@id":"https:\/\/tibladin.dk\/#\/schema\/logo\/image\/"}}]}},"_links":{"self":[{"href":"https:\/\/tibladin.dk\/de\/wp-json\/wp\/v2\/product\/1466","targetHints":{"allow":["GET"]}}],"collection":[{"href":"https:\/\/tibladin.dk\/de\/wp-json\/wp\/v2\/product"}],"about":[{"href":"https:\/\/tibladin.dk\/de\/wp-json\/wp\/v2\/types\/product"}],"wp:featuredmedia":[{"embeddable":true,"href":"https:\/\/tibladin.dk\/de\/wp-json\/wp\/v2\/media\/1465"}],"wp:attachment":[{"href":"https:\/\/tibladin.dk\/de\/wp-json\/wp\/v2\/media?parent=1466"}],"wp:term":[{"taxonomy":"product_brand","embeddable":true,"href":"https:\/\/tibladin.dk\/de\/wp-json\/wp\/v2\/product_brand?post=1466"},{"taxonomy":"product_cat","embeddable":true,"href":"https:\/\/tibladin.dk\/de\/wp-json\/wp\/v2\/product_cat?post=1466"},{"taxonomy":"product_tag","embeddable":true,"href":"https:\/\/tibladin.dk\/de\/wp-json\/wp\/v2\/product_tag?post=1466"}],"curies":[{"name":"wp","href":"https:\/\/api.w.org\/{rel}","templated":true}]}}