{"id":1613,"date":"2022-09-20T11:10:27","date_gmt":"2022-09-20T09:10:27","guid":{"rendered":"https:\/\/tibladin.dk\/vare\/urtepotteskjuler-kaktus-form-groen\/"},"modified":"2026-03-14T15:19:16","modified_gmt":"2026-03-14T14:19:16","slug":"der-blumentopf-verbirgt-kakteen-vor-dem-grun","status":"publish","type":"product","link":"https:\/\/tibladin.dk\/de\/produkt\/urtepotteskjuler-kaktus-form-groen\/","title":{"rendered":"Blumentopf verbirgt Kaktusform \u2013 gr\u00fcn"},"content":{"rendered":"<div class=\"wpb-content-wrapper\"><div class=\"vc_row wpb_row vc_row-fluid\"><div class=\"wpb_column vc_column_container vc_col-sm-4\"><div class=\"vc_column-inner\"><div class=\"wpb_wrapper\"><\/div><\/div><\/div><div class=\"wpb_column vc_column_container vc_col-sm-4\"><div class=\"vc_column-inner\"><div class=\"wpb_wrapper\"><h3 style=\"text-align: left\" class=\"vc_custom_heading vc_do_custom_heading\" >Wartung<\/h3>\n\t<div class=\"wpb_text_column wpb_content_element\" >\n\t\t<div class=\"wpb_wrapper\">\n\t\t\t<p>Kann mit Wasser und Seife gewaschen werden<\/p>\n\n\t\t<\/div>\n\t<\/div>\n<\/div><\/div><\/div><div class=\"wpb_column vc_column_container vc_col-sm-4\"><div class=\"vc_column-inner\"><div class=\"wpb_wrapper\"><h3 style=\"text-align: left\" class=\"vc_custom_heading vc_do_custom_heading\" >Die Geschichte dahinter<\/h3>\n\t<div class=\"wpb_text_column wpb_content_element\" >\n\t\t<div class=\"wpb_wrapper\">\n\t\t\t<p>Das Glas ist handgefertigt und weist Unebenheiten, kleine \u201eUnvollkommenheiten\u201c, ein rissiges Aussehen und kleine Stellen auf, an denen keine vollst\u00e4ndige Glasur vorhanden ist. Das ist der Sinn und der Charme dieser Gl\u00e4ser. Die haptische Oberfl\u00e4che macht Lust, das Glas zu ber\u00fchren und man findet in diesem kleinen Kunstwerk immer wieder neue Farbnuancen und Inspiration.<\/p>\n\n\t\t<\/div>\n\t<\/div>\n<\/div><\/div><\/div><\/div>\n<\/div>","protected":false},"excerpt":{"rendered":"<p>Wundersch\u00f6ne Blumentopfverstecke aus marokkanischer Keramik in einer wundersch\u00f6nen gr\u00fcnen Kaktusfarbe.<\/p>\n<p>Inspiriert von Tamegroute-Keramik mit rustikalem, leicht rissigem und \u201eunvollkommenem\u201c Aussehen. Allerdings ist die Oberfl\u00e4che dieses Glases im Gegensatz zu Tamegroute glatter und ebenm\u00e4\u00dfiger.<\/p>\n<p>Unglaublich sch\u00f6ner Blumentopf-Versteck, der Ihren Pflanzen Charakter verleiht.<\/p>\n<div id=\"comp-k9oy2jpc\" class=\"_1Z_nJ\" data-testid=\"richTextElement\">\n<p class=\"font_7\">\n<\/div>","protected":false},"featured_media":1610,"template":"","meta":{"inline_featured_image":false},"product_brand":[],"product_cat":[51,92],"product_tag":[],"class_list":{"0":"post-1613","1":"product","2":"type-product","3":"status-publish","4":"has-post-thumbnail","6":"product_cat-opbevaring","7":"product_cat-urtepotteskjulere","9":"first","10":"instock","11":"taxable","12":"shipping-taxable","13":"purchasable","14":"product-type-simple"},"exclude_global_add_ons":false,"addons":[{"name":"M\u00f6chten Sie eine Geschenkverpackung?","type":"checkbox","position":0,"required":false,"title_format":"label","default":"","description_enable":false,"description":"","placeholder_enable":false,"placeholder":"","display":"images","restrictions_type":"any_text","adjust_price":false,"price":"","price_type":"flat_fee","restrictions":false,"min":"0","max":"0","options":[{"label":"Ja tak","price":"10","price_type":"flat_fee","image":11015,"visibility":true}],"id":1669646111}],"yoast_head":"<!-- This site is optimized with the Yoast SEO plugin v27.4 - https:\/\/yoast.com\/product\/yoast-seo-wordpress\/ -->\n<title>Urtepotteskjuler marokkansk marokkansk keramik | Tibladin<\/title>\n<meta name=\"description\" content=\"Keramik krukke inspireret fra Tamegroute med en dyb gr\u00f8n farve, og en taktil uperfekt overflade, der giver et karakteristisk og unikt udseende.\" \/>\n<meta name=\"robots\" content=\"index, follow, max-snippet:-1, max-image-preview:large, max-video-preview:-1\" \/>\n<link rel=\"canonical\" href=\"https:\/\/tibladin.dk\/de\/produkt\/der-blumentopf-verbirgt-kakteen-vor-dem-grun\/\" \/>\n<meta property=\"og:locale\" content=\"de_DE\" \/>\n<meta property=\"og:type\" content=\"article\" \/>\n<meta property=\"og:title\" content=\"Urtepotteskjuler marokkansk marokkansk keramik | Tibladin\" \/>\n<meta property=\"og:description\" content=\"Keramik krukke inspireret fra Tamegroute med en dyb gr\u00f8n farve, og en taktil uperfekt overflade, der giver et karakteristisk og unikt udseende.\" \/>\n<meta property=\"og:url\" content=\"https:\/\/tibladin.dk\/de\/produkt\/der-blumentopf-verbirgt-kakteen-vor-dem-grun\/\" \/>\n<meta property=\"og:site_name\" content=\"Tibladin\" \/>\n<meta property=\"article:modified_time\" content=\"2026-03-14T14:19:16+00:00\" \/>\n<meta property=\"og:image\" content=\"https:\/\/tibladin.dk\/wp-content\/uploads\/2022\/09\/6011-050022_urtepotteskjuler_LS-1.jpg\" \/>\n\t<meta property=\"og:image:width\" content=\"800\" \/>\n\t<meta property=\"og:image:height\" content=\"800\" \/>\n\t<meta property=\"og:image:type\" content=\"image\/jpeg\" \/>\n<meta name=\"twitter:card\" content=\"summary_large_image\" \/>\n<meta name=\"twitter:label1\" content=\"Gesch\u00e4tzte Lesezeit\" \/>\n\t<meta name=\"twitter:data1\" content=\"1\u00a0Minute\" \/>\n<script type=\"application\/ld+json\" class=\"yoast-schema-graph\">{\"@context\":\"https:\\\/\\\/schema.org\",\"@graph\":[{\"@type\":\"WebPage\",\"@id\":\"https:\\\/\\\/tibladin.dk\\\/produkt\\\/urtepotteskjuler-kaktus-form-groen\\\/\",\"url\":\"https:\\\/\\\/tibladin.dk\\\/produkt\\\/urtepotteskjuler-kaktus-form-groen\\\/\",\"name\":\"Urtepotteskjuler marokkansk marokkansk keramik | Tibladin\",\"isPartOf\":{\"@id\":\"https:\\\/\\\/tibladin.dk\\\/#website\"},\"primaryImageOfPage\":{\"@id\":\"https:\\\/\\\/tibladin.dk\\\/produkt\\\/urtepotteskjuler-kaktus-form-groen\\\/#primaryimage\"},\"image\":{\"@id\":\"https:\\\/\\\/tibladin.dk\\\/produkt\\\/urtepotteskjuler-kaktus-form-groen\\\/#primaryimage\"},\"thumbnailUrl\":\"https:\\\/\\\/tibladin.dk\\\/wp-content\\\/uploads\\\/2022\\\/09\\\/6011-050022_urtepotteskjuler_LS-1.jpg\",\"datePublished\":\"2022-09-20T09:10:27+00:00\",\"dateModified\":\"2026-03-14T14:19:16+00:00\",\"description\":\"Keramik krukke inspireret fra Tamegroute med en dyb gr\u00f8n farve, og en taktil uperfekt overflade, der giver et karakteristisk og unikt udseende.\",\"breadcrumb\":{\"@id\":\"https:\\\/\\\/tibladin.dk\\\/produkt\\\/urtepotteskjuler-kaktus-form-groen\\\/#breadcrumb\"},\"inLanguage\":\"de\",\"potentialAction\":[{\"@type\":\"ReadAction\",\"target\":[\"https:\\\/\\\/tibladin.dk\\\/produkt\\\/urtepotteskjuler-kaktus-form-groen\\\/\"]}]},{\"@type\":\"ImageObject\",\"inLanguage\":\"de\",\"@id\":\"https:\\\/\\\/tibladin.dk\\\/produkt\\\/urtepotteskjuler-kaktus-form-groen\\\/#primaryimage\",\"url\":\"https:\\\/\\\/tibladin.dk\\\/wp-content\\\/uploads\\\/2022\\\/09\\\/6011-050022_urtepotteskjuler_LS-1.jpg\",\"contentUrl\":\"https:\\\/\\\/tibladin.dk\\\/wp-content\\\/uploads\\\/2022\\\/09\\\/6011-050022_urtepotteskjuler_LS-1.jpg\",\"width\":800,\"height\":800,\"caption\":\"Marokkansk h\u00e5ndlavet keramisk urtepotteskjuler i gr\u00f8n med en plante i\"},{\"@type\":\"BreadcrumbList\",\"@id\":\"https:\\\/\\\/tibladin.dk\\\/produkt\\\/urtepotteskjuler-kaktus-form-groen\\\/#breadcrumb\",\"itemListElement\":[{\"@type\":\"ListItem\",\"position\":1,\"name\":\"Hjem\",\"item\":\"https:\\\/\\\/tibladin.dk\\\/\"},{\"@type\":\"ListItem\",\"position\":2,\"name\":\"Shop\",\"item\":\"https:\\\/\\\/tibladin.dk\\\/shop\\\/\"},{\"@type\":\"ListItem\",\"position\":3,\"name\":\"Urtepotteskjuler kaktus form &#8211; gr\u00f8n\"}]},{\"@type\":\"WebSite\",\"@id\":\"https:\\\/\\\/tibladin.dk\\\/#website\",\"url\":\"https:\\\/\\\/tibladin.dk\\\/\",\"name\":\"Tibladin\",\"description\":\"Tibladin\",\"publisher\":{\"@id\":\"https:\\\/\\\/tibladin.dk\\\/#organization\"},\"potentialAction\":[{\"@type\":\"SearchAction\",\"target\":{\"@type\":\"EntryPoint\",\"urlTemplate\":\"https:\\\/\\\/tibladin.dk\\\/?s={search_term_string}\"},\"query-input\":{\"@type\":\"PropertyValueSpecification\",\"valueRequired\":true,\"valueName\":\"search_term_string\"}}],\"inLanguage\":\"de\"},{\"@type\":\"Organization\",\"@id\":\"https:\\\/\\\/tibladin.dk\\\/#organization\",\"name\":\"Tibladin\",\"url\":\"https:\\\/\\\/tibladin.dk\\\/\",\"logo\":{\"@type\":\"ImageObject\",\"inLanguage\":\"de\",\"@id\":\"https:\\\/\\\/tibladin.dk\\\/#\\\/schema\\\/logo\\\/image\\\/\",\"url\":\"https:\\\/\\\/tibladin.dk\\\/wp-content\\\/uploads\\\/2022\\\/09\\\/tibladin_logo.svg\",\"contentUrl\":\"https:\\\/\\\/tibladin.dk\\\/wp-content\\\/uploads\\\/2022\\\/09\\\/tibladin_logo.svg\",\"caption\":\"Tibladin\"},\"image\":{\"@id\":\"https:\\\/\\\/tibladin.dk\\\/#\\\/schema\\\/logo\\\/image\\\/\"}}]}<\/script>\n<!-- \/ Yoast SEO plugin. -->","yoast_head_json":{"title":"Blumentopf verbirgt marokkanische marokkanische Keramik | Tibladin","description":"Von Tamegroute inspiriertes Keramikgef\u00e4\u00df mit tiefgr\u00fcner Farbe und einer haptisch unvollkommenen Oberfl\u00e4che, die f\u00fcr ein charakteristisches und einzigartiges Erscheinungsbild sorgt.","robots":{"index":"index","follow":"follow","max-snippet":"max-snippet:-1","max-image-preview":"max-image-preview:large","max-video-preview":"max-video-preview:-1"},"canonical":"https:\/\/tibladin.dk\/de\/produkt\/der-blumentopf-verbirgt-kakteen-vor-dem-grun\/","og_locale":"de_DE","og_type":"article","og_title":"Urtepotteskjuler marokkansk marokkansk keramik | Tibladin","og_description":"Keramik krukke inspireret fra Tamegroute med en dyb gr\u00f8n farve, og en taktil uperfekt overflade, der giver et karakteristisk og unikt udseende.","og_url":"https:\/\/tibladin.dk\/de\/produkt\/der-blumentopf-verbirgt-kakteen-vor-dem-grun\/","og_site_name":"Tibladin","article_modified_time":"2026-03-14T14:19:16+00:00","og_image":[{"width":800,"height":800,"url":"https:\/\/tibladin.dk\/wp-content\/uploads\/2022\/09\/6011-050022_urtepotteskjuler_LS-1.jpg","type":"image\/jpeg"}],"twitter_card":"summary_large_image","twitter_misc":{"Gesch\u00e4tzte Lesezeit":"1\u00a0Minute"},"schema":{"@context":"https:\/\/schema.org","@graph":[{"@type":"WebPage","@id":"https:\/\/tibladin.dk\/produkt\/urtepotteskjuler-kaktus-form-groen\/","url":"https:\/\/tibladin.dk\/produkt\/urtepotteskjuler-kaktus-form-groen\/","name":"Blumentopf verbirgt marokkanische marokkanische Keramik | Tibladin","isPartOf":{"@id":"https:\/\/tibladin.dk\/#website"},"primaryImageOfPage":{"@id":"https:\/\/tibladin.dk\/produkt\/urtepotteskjuler-kaktus-form-groen\/#primaryimage"},"image":{"@id":"https:\/\/tibladin.dk\/produkt\/urtepotteskjuler-kaktus-form-groen\/#primaryimage"},"thumbnailUrl":"https:\/\/tibladin.dk\/wp-content\/uploads\/2022\/09\/6011-050022_urtepotteskjuler_LS-1.jpg","datePublished":"2022-09-20T09:10:27+00:00","dateModified":"2026-03-14T14:19:16+00:00","description":"Von Tamegroute inspiriertes Keramikgef\u00e4\u00df mit tiefgr\u00fcner Farbe und einer haptisch unvollkommenen Oberfl\u00e4che, die f\u00fcr ein charakteristisches und einzigartiges Erscheinungsbild sorgt.","breadcrumb":{"@id":"https:\/\/tibladin.dk\/produkt\/urtepotteskjuler-kaktus-form-groen\/#breadcrumb"},"inLanguage":"de","potentialAction":[{"@type":"ReadAction","target":["https:\/\/tibladin.dk\/produkt\/urtepotteskjuler-kaktus-form-groen\/"]}]},{"@type":"ImageObject","inLanguage":"de","@id":"https:\/\/tibladin.dk\/produkt\/urtepotteskjuler-kaktus-form-groen\/#primaryimage","url":"https:\/\/tibladin.dk\/wp-content\/uploads\/2022\/09\/6011-050022_urtepotteskjuler_LS-1.jpg","contentUrl":"https:\/\/tibladin.dk\/wp-content\/uploads\/2022\/09\/6011-050022_urtepotteskjuler_LS-1.jpg","width":800,"height":800,"caption":"Marokkansk h\u00e5ndlavet keramisk urtepotteskjuler i gr\u00f8n med en plante i"},{"@type":"BreadcrumbList","@id":"https:\/\/tibladin.dk\/produkt\/urtepotteskjuler-kaktus-form-groen\/#breadcrumb","itemListElement":[{"@type":"ListItem","position":1,"name":"Hjem","item":"https:\/\/tibladin.dk\/"},{"@type":"ListItem","position":2,"name":"Shop","item":"https:\/\/tibladin.dk\/shop\/"},{"@type":"ListItem","position":3,"name":"Urtepotteskjuler kaktus form &#8211; gr\u00f8n"}]},{"@type":"WebSite","@id":"https:\/\/tibladin.dk\/#website","url":"https:\/\/tibladin.dk\/","name":"Tibladin","description":"Tibladin","publisher":{"@id":"https:\/\/tibladin.dk\/#organization"},"potentialAction":[{"@type":"SearchAction","target":{"@type":"EntryPoint","urlTemplate":"https:\/\/tibladin.dk\/?s={search_term_string}"},"query-input":{"@type":"PropertyValueSpecification","valueRequired":true,"valueName":"search_term_string"}}],"inLanguage":"de"},{"@type":"Organization","@id":"https:\/\/tibladin.dk\/#organization","name":"Tibladin","url":"https:\/\/tibladin.dk\/","logo":{"@type":"ImageObject","inLanguage":"de","@id":"https:\/\/tibladin.dk\/#\/schema\/logo\/image\/","url":"https:\/\/tibladin.dk\/wp-content\/uploads\/2022\/09\/tibladin_logo.svg","contentUrl":"https:\/\/tibladin.dk\/wp-content\/uploads\/2022\/09\/tibladin_logo.svg","caption":"Tibladin"},"image":{"@id":"https:\/\/tibladin.dk\/#\/schema\/logo\/image\/"}}]}},"_links":{"self":[{"href":"https:\/\/tibladin.dk\/de\/wp-json\/wp\/v2\/product\/1613","targetHints":{"allow":["GET"]}}],"collection":[{"href":"https:\/\/tibladin.dk\/de\/wp-json\/wp\/v2\/product"}],"about":[{"href":"https:\/\/tibladin.dk\/de\/wp-json\/wp\/v2\/types\/product"}],"wp:featuredmedia":[{"embeddable":true,"href":"https:\/\/tibladin.dk\/de\/wp-json\/wp\/v2\/media\/1610"}],"wp:attachment":[{"href":"https:\/\/tibladin.dk\/de\/wp-json\/wp\/v2\/media?parent=1613"}],"wp:term":[{"taxonomy":"product_brand","embeddable":true,"href":"https:\/\/tibladin.dk\/de\/wp-json\/wp\/v2\/product_brand?post=1613"},{"taxonomy":"product_cat","embeddable":true,"href":"https:\/\/tibladin.dk\/de\/wp-json\/wp\/v2\/product_cat?post=1613"},{"taxonomy":"product_tag","embeddable":true,"href":"https:\/\/tibladin.dk\/de\/wp-json\/wp\/v2\/product_tag?post=1613"}],"curies":[{"name":"wp","href":"https:\/\/api.w.org\/{rel}","templated":true}]}}