{"id":1630,"date":"2022-09-20T11:10:35","date_gmt":"2022-09-20T09:10:35","guid":{"rendered":"https:\/\/tibladin.dk\/?post_type=product&#038;p=1630"},"modified":"2024-12-09T14:39:04","modified_gmt":"2024-12-09T13:39:04","slug":"bodenkissenhocker-beni-ouarain-mit-grosen-linien","status":"publish","type":"product","link":"https:\/\/tibladin.dk\/de\/produkt\/gulvpude-puf-beni-ouarain-med-store-linjer\/","title":{"rendered":"Bodenkissen\/Pouf Beni Ouarain \u2013 mit gro\u00dfen Linien"},"content":{"rendered":"<div class=\"wpb-content-wrapper\"><div class=\"vc_row wpb_row vc_row-fluid\"><div class=\"wpb_column vc_column_container vc_col-sm-4\"><div class=\"vc_column-inner\"><div class=\"wpb_wrapper\">\n\t<div class=\"wpb_video_widget wpb_content_element vc_clearfix   vc_video-aspect-ratio-43 vc_video-el-width-100 vc_video-align-left\" >\n\t\t<div class=\"wpb_wrapper\">\n\t\t\t\n\t\t\t<div class=\"wpb_video_wrapper\"><div class=\"video-container\"><iframe loading=\"lazy\" title=\"F\u00fcllen Sie Ihren Pouf_Beni Ouarain\" src=\"https:\/\/player.vimeo.com\/video\/416206236?dnt=1&amp;app_id=122963\" width=\"310\" height=\"310\" frameborder=\"0\" allow=\"autoplay; fullscreen; picture-in-picture\"><\/iframe><\/div><\/div>\n\t\t<\/div>\n\t<\/div>\n<\/div><\/div><\/div><div class=\"wpb_column vc_column_container vc_col-sm-4\"><div class=\"vc_column-inner\"><div class=\"wpb_wrapper\"><h3 style=\"text-align: left\" class=\"vc_custom_heading vc_do_custom_heading\" >Wartung<\/h3>\n\t<div class=\"wpb_text_column wpb_content_element\" >\n\t\t<div class=\"wpb_wrapper\">\n\t\t\t<p>Wenn Sie das Pech haben, einen Fleck auf Ihrem Wollpouf zu bekommen, beginnen Sie damit, den Fleck abzusaugen. Wolle ist von Natur aus von Lanolin umgeben, das einen Schutzfilm auf die Fasern legt, sodass Flecken weniger eindringen k\u00f6nnen. Sollte sich der Fleck damit nicht l\u00f6sen lassen, k\u00f6nnen Sie den Fleck mit einem feuchten Tuch abtupfen, nicht reiben! Kann auch chemisch gereinigt werden. Sollten wir das Gl\u00fcck haben, dass es an einem Wintertag schneit, legen Sie Ihren Wollpouf oder Ihre Wolldecke in den frisch gefallenen Schnee. Dies ist die effektivste Methode f\u00fcr eine gr\u00fcndliche Reinigung.<\/p>\n\n\t\t<\/div>\n\t<\/div>\n<\/div><\/div><\/div><div class=\"wpb_column vc_column_container vc_col-sm-4\"><div class=\"vc_column-inner\"><div class=\"wpb_wrapper\"><h3 style=\"text-align: left\" class=\"vc_custom_heading vc_do_custom_heading\" >F\u00fcllen Sie Ihren Hocker<\/h3>\n\t<div class=\"wpb_text_column wpb_content_element\" >\n\t\t<div class=\"wpb_wrapper\">\n\t\t\t<p>Am besten f\u00fcllen Sie Ihren Pouf mit einem passend zugeschnittenen St\u00fcck festem Schaumstoff. Sie k\u00f6nnen problemlos Dinge verwenden, die Sie bereits haben, Steppdecken, Kissen, Decken oder stark zerknittertes Zeitungspapier. Sie k\u00f6nnen f\u00fcr Ihren Pouf auch Schaumstoffgranulat oder Baumwollf\u00fcllung kaufen. Wenn Sie diese Art von F\u00fcllung verwenden, empfehlen wir Ihnen, einen Innenbezug zu n\u00e4hen oder einen alten Bettbezug zu nehmen und die F\u00fcllung dort hineinzulegen, bevor Sie ihn in Ihren Pouf legen.<\/p>\n<p>Bei zus\u00e4tzlichem Kauf k\u00f6nnen wir ihn auch mit Holzwollef\u00fcllung verschicken \u2013 beachten Sie jedoch, dass er staubig sein kann, wenn Sie ihn herausnehmen m\u00fcssen, wenn der Bezug gereinigt werden muss.<\/p>\n\n\t\t<\/div>\n\t<\/div>\n<\/div><\/div><\/div><\/div>\n<\/div>","protected":false},"excerpt":{"rendered":"<p>Marokkanisches Bodenkissen\/Pouf Beni Ouarain. Handgefertigte hochflorige Kelim-Teppiche aus echter Beni Ouarain-Wolle.<\/p>\n<p>Berberfrauen aus dem Atlasgebirge in Marokko nutzen das Handwerk, um ihre stillen Geschichten durch diese handgewebten Teppiche aus echter Wolle zu erz\u00e4hlen.<\/p>\n<p>Passt hervorragend zum skandinavischen Dekor in Wei\u00df und Schwarz und verleiht eine sch\u00f6ne pers\u00f6nliche Note.<\/p>\n<p>Mit einem Muster aus gro\u00dfen Scheiben \u2013 alle Puffs haben ein einzigartiges Muster, je nachdem, welcher Bereich des Teppichs verwendet wird.<\/p>\n<p>W\u00e4hlen Sie unten Ihre Variante.<\/p>\n<p>&nbsp;<\/p>\n<p>&nbsp;<\/p>\n<p>&nbsp;<\/p>","protected":false},"featured_media":1698,"template":"","meta":{"inline_featured_image":false},"product_brand":[],"product_cat":[101,39,40],"product_tag":[],"class_list":{"0":"post-1630","1":"product","2":"type-product","3":"status-publish","4":"has-post-thumbnail","6":"product_cat-gulvpuder-uldpufs","7":"product_cat-moebler","8":"product_cat-pufs","10":"first","11":"instock","12":"taxable","13":"shipping-taxable","14":"purchasable","15":"product-type-variable"},"exclude_global_add_ons":false,"addons":[{"name":"Lassen Sie sich Ihren Pouf mit F\u00fcllung und einer gro\u00dfen Montageunterlage liefern","type":"checkbox","position":0,"required":false,"title_format":"label","default":"","description_enable":true,"description":"Gef\u00fcllt mit einem gro\u00dfen 90x90 cm gro\u00dfen Befestigungskissen, das den Pouf gut ausf\u00fcllt und f\u00fcr ein weiches und bequemes Sitzgef\u00fchl sorgt. Der Bezug l\u00e4sst sich leicht abnehmen und reinigen.","placeholder_enable":false,"placeholder":"","display":"images","restrictions_type":"any_text","adjust_price":false,"price":"","price_type":"flat_fee","restrictions":false,"min":"0","max":"0","options":[{"label":"Ja tak","price":"300","price_type":"quantity_based","image":11028,"visibility":true}],"id":1672424044}],"yoast_head":"<!-- This site is optimized with the Yoast SEO plugin v27.5 - https:\/\/yoast.com\/product\/yoast-seo-wordpress\/ -->\n<title>Marokkansk gulvpude\/puf Beni Ouarain | 60x60x23 | Tibladin<\/title>\n<meta name=\"description\" content=\"Marokkansk gulvpude\/puf i uld kelim i Beni Ouarain m\u00f8nster. H\u00e5ndsyet af vintage-t\u00e6pper, som er genbrugt til disse pufs. \u21d2 Se den her.\" \/>\n<meta name=\"robots\" content=\"index, follow, max-snippet:-1, max-image-preview:large, max-video-preview:-1\" \/>\n<link rel=\"canonical\" href=\"https:\/\/tibladin.dk\/de\/produkt\/bodenkissenhocker-beni-ouarain-mit-grosen-linien\/\" \/>\n<meta property=\"og:locale\" content=\"de_DE\" \/>\n<meta property=\"og:type\" content=\"article\" \/>\n<meta property=\"og:title\" content=\"Marokkansk gulvpude\/puf Beni Ouarain | 60x60x23 | Tibladin\" \/>\n<meta property=\"og:description\" content=\"Marokkansk gulvpude\/puf i uld kelim i Beni Ouarain m\u00f8nster. H\u00e5ndsyet af vintage-t\u00e6pper, som er genbrugt til disse pufs. \u21d2 Se den her.\" \/>\n<meta property=\"og:url\" content=\"https:\/\/tibladin.dk\/de\/produkt\/bodenkissenhocker-beni-ouarain-mit-grosen-linien\/\" \/>\n<meta property=\"og:site_name\" content=\"Tibladin\" \/>\n<meta property=\"article:modified_time\" content=\"2024-12-09T13:39:04+00:00\" \/>\n<meta property=\"og:image\" content=\"https:\/\/tibladin.dk\/wp-content\/uploads\/2022\/09\/Motiv-3-1.png\" \/>\n\t<meta property=\"og:image:width\" content=\"800\" \/>\n\t<meta property=\"og:image:height\" content=\"800\" \/>\n\t<meta property=\"og:image:type\" content=\"image\/png\" \/>\n<meta name=\"twitter:card\" content=\"summary_large_image\" \/>\n<meta name=\"twitter:label1\" content=\"Gesch\u00e4tzte Lesezeit\" \/>\n\t<meta name=\"twitter:data1\" content=\"2\u00a0Minuten\" \/>\n<script type=\"application\/ld+json\" class=\"yoast-schema-graph\">{\"@context\":\"https:\\\/\\\/schema.org\",\"@graph\":[{\"@type\":\"WebPage\",\"@id\":\"https:\\\/\\\/tibladin.dk\\\/produkt\\\/gulvpude-puf-beni-ouarain-med-store-linjer\\\/\",\"url\":\"https:\\\/\\\/tibladin.dk\\\/produkt\\\/gulvpude-puf-beni-ouarain-med-store-linjer\\\/\",\"name\":\"Marokkansk gulvpude\\\/puf Beni Ouarain | 60x60x23 | Tibladin\",\"isPartOf\":{\"@id\":\"https:\\\/\\\/tibladin.dk\\\/#website\"},\"primaryImageOfPage\":{\"@id\":\"https:\\\/\\\/tibladin.dk\\\/produkt\\\/gulvpude-puf-beni-ouarain-med-store-linjer\\\/#primaryimage\"},\"image\":{\"@id\":\"https:\\\/\\\/tibladin.dk\\\/produkt\\\/gulvpude-puf-beni-ouarain-med-store-linjer\\\/#primaryimage\"},\"thumbnailUrl\":\"https:\\\/\\\/tibladin.dk\\\/wp-content\\\/uploads\\\/2022\\\/09\\\/Motiv-3-1.png\",\"datePublished\":\"2022-09-20T09:10:35+00:00\",\"dateModified\":\"2024-12-09T13:39:04+00:00\",\"description\":\"Marokkansk gulvpude\\\/puf i uld kelim i Beni Ouarain m\u00f8nster. H\u00e5ndsyet af vintage-t\u00e6pper, som er genbrugt til disse pufs. \u21d2 Se den her.\",\"breadcrumb\":{\"@id\":\"https:\\\/\\\/tibladin.dk\\\/produkt\\\/gulvpude-puf-beni-ouarain-med-store-linjer\\\/#breadcrumb\"},\"inLanguage\":\"de\",\"potentialAction\":[{\"@type\":\"ReadAction\",\"target\":[\"https:\\\/\\\/tibladin.dk\\\/produkt\\\/gulvpude-puf-beni-ouarain-med-store-linjer\\\/\"]}]},{\"@type\":\"ImageObject\",\"inLanguage\":\"de\",\"@id\":\"https:\\\/\\\/tibladin.dk\\\/produkt\\\/gulvpude-puf-beni-ouarain-med-store-linjer\\\/#primaryimage\",\"url\":\"https:\\\/\\\/tibladin.dk\\\/wp-content\\\/uploads\\\/2022\\\/09\\\/Motiv-3-1.png\",\"contentUrl\":\"https:\\\/\\\/tibladin.dk\\\/wp-content\\\/uploads\\\/2022\\\/09\\\/Motiv-3-1.png\",\"width\":800,\"height\":800,\"caption\":\"Firkantet marokkansk h\u00e5ndsyet gulvpude i uld med stort sort krydsmotiv\"},{\"@type\":\"BreadcrumbList\",\"@id\":\"https:\\\/\\\/tibladin.dk\\\/produkt\\\/gulvpude-puf-beni-ouarain-med-store-linjer\\\/#breadcrumb\",\"itemListElement\":[{\"@type\":\"ListItem\",\"position\":1,\"name\":\"Hjem\",\"item\":\"https:\\\/\\\/tibladin.dk\\\/\"},{\"@type\":\"ListItem\",\"position\":2,\"name\":\"Shop\",\"item\":\"https:\\\/\\\/tibladin.dk\\\/shop\\\/\"},{\"@type\":\"ListItem\",\"position\":3,\"name\":\"Gulvpude\\\/puf Beni Ouarain &#8211; med store linjer\"}]},{\"@type\":\"WebSite\",\"@id\":\"https:\\\/\\\/tibladin.dk\\\/#website\",\"url\":\"https:\\\/\\\/tibladin.dk\\\/\",\"name\":\"Tibladin\",\"description\":\"Tibladin\",\"publisher\":{\"@id\":\"https:\\\/\\\/tibladin.dk\\\/#organization\"},\"potentialAction\":[{\"@type\":\"SearchAction\",\"target\":{\"@type\":\"EntryPoint\",\"urlTemplate\":\"https:\\\/\\\/tibladin.dk\\\/?s={search_term_string}\"},\"query-input\":{\"@type\":\"PropertyValueSpecification\",\"valueRequired\":true,\"valueName\":\"search_term_string\"}}],\"inLanguage\":\"de\"},{\"@type\":\"Organization\",\"@id\":\"https:\\\/\\\/tibladin.dk\\\/#organization\",\"name\":\"Tibladin\",\"url\":\"https:\\\/\\\/tibladin.dk\\\/\",\"logo\":{\"@type\":\"ImageObject\",\"inLanguage\":\"de\",\"@id\":\"https:\\\/\\\/tibladin.dk\\\/#\\\/schema\\\/logo\\\/image\\\/\",\"url\":\"https:\\\/\\\/tibladin.dk\\\/wp-content\\\/uploads\\\/2022\\\/09\\\/tibladin_logo.svg\",\"contentUrl\":\"https:\\\/\\\/tibladin.dk\\\/wp-content\\\/uploads\\\/2022\\\/09\\\/tibladin_logo.svg\",\"caption\":\"Tibladin\"},\"image\":{\"@id\":\"https:\\\/\\\/tibladin.dk\\\/#\\\/schema\\\/logo\\\/image\\\/\"}}]}<\/script>\n<!-- \/ Yoast SEO plugin. -->","yoast_head_json":{"title":"Marokkanisches Bodenkissen\/Pouf Beni Ouarain | 60x60x23 | Tibladin","description":"Marokkanisches Bodenkissen\/Pouf aus Wollkelim im Beni Ouarain-Muster. Handgen\u00e4ht aus Vintage-Teppichen, die f\u00fcr diese Poufs recycelt wurden. \u21d2 Sehen Sie es hier.","robots":{"index":"index","follow":"follow","max-snippet":"max-snippet:-1","max-image-preview":"max-image-preview:large","max-video-preview":"max-video-preview:-1"},"canonical":"https:\/\/tibladin.dk\/de\/produkt\/bodenkissenhocker-beni-ouarain-mit-grosen-linien\/","og_locale":"de_DE","og_type":"article","og_title":"Marokkansk gulvpude\/puf Beni Ouarain | 60x60x23 | Tibladin","og_description":"Marokkansk gulvpude\/puf i uld kelim i Beni Ouarain m\u00f8nster. H\u00e5ndsyet af vintage-t\u00e6pper, som er genbrugt til disse pufs. \u21d2 Se den her.","og_url":"https:\/\/tibladin.dk\/de\/produkt\/bodenkissenhocker-beni-ouarain-mit-grosen-linien\/","og_site_name":"Tibladin","article_modified_time":"2024-12-09T13:39:04+00:00","og_image":[{"width":800,"height":800,"url":"https:\/\/tibladin.dk\/wp-content\/uploads\/2022\/09\/Motiv-3-1.png","type":"image\/png"}],"twitter_card":"summary_large_image","twitter_misc":{"Gesch\u00e4tzte Lesezeit":"2\u00a0Minuten"},"schema":{"@context":"https:\/\/schema.org","@graph":[{"@type":"WebPage","@id":"https:\/\/tibladin.dk\/produkt\/gulvpude-puf-beni-ouarain-med-store-linjer\/","url":"https:\/\/tibladin.dk\/produkt\/gulvpude-puf-beni-ouarain-med-store-linjer\/","name":"Marokkanisches Bodenkissen\/Pouf Beni Ouarain | 60x60x23 | Tibladin","isPartOf":{"@id":"https:\/\/tibladin.dk\/#website"},"primaryImageOfPage":{"@id":"https:\/\/tibladin.dk\/produkt\/gulvpude-puf-beni-ouarain-med-store-linjer\/#primaryimage"},"image":{"@id":"https:\/\/tibladin.dk\/produkt\/gulvpude-puf-beni-ouarain-med-store-linjer\/#primaryimage"},"thumbnailUrl":"https:\/\/tibladin.dk\/wp-content\/uploads\/2022\/09\/Motiv-3-1.png","datePublished":"2022-09-20T09:10:35+00:00","dateModified":"2024-12-09T13:39:04+00:00","description":"Marokkanisches Bodenkissen\/Pouf aus Wollkelim im Beni Ouarain-Muster. Handgen\u00e4ht aus Vintage-Teppichen, die f\u00fcr diese Poufs recycelt wurden. \u21d2 Sehen Sie es hier.","breadcrumb":{"@id":"https:\/\/tibladin.dk\/produkt\/gulvpude-puf-beni-ouarain-med-store-linjer\/#breadcrumb"},"inLanguage":"de","potentialAction":[{"@type":"ReadAction","target":["https:\/\/tibladin.dk\/produkt\/gulvpude-puf-beni-ouarain-med-store-linjer\/"]}]},{"@type":"ImageObject","inLanguage":"de","@id":"https:\/\/tibladin.dk\/produkt\/gulvpude-puf-beni-ouarain-med-store-linjer\/#primaryimage","url":"https:\/\/tibladin.dk\/wp-content\/uploads\/2022\/09\/Motiv-3-1.png","contentUrl":"https:\/\/tibladin.dk\/wp-content\/uploads\/2022\/09\/Motiv-3-1.png","width":800,"height":800,"caption":"Firkantet marokkansk h\u00e5ndsyet gulvpude i uld med stort sort krydsmotiv"},{"@type":"BreadcrumbList","@id":"https:\/\/tibladin.dk\/produkt\/gulvpude-puf-beni-ouarain-med-store-linjer\/#breadcrumb","itemListElement":[{"@type":"ListItem","position":1,"name":"Hjem","item":"https:\/\/tibladin.dk\/"},{"@type":"ListItem","position":2,"name":"Shop","item":"https:\/\/tibladin.dk\/shop\/"},{"@type":"ListItem","position":3,"name":"Gulvpude\/puf Beni Ouarain &#8211; med store linjer"}]},{"@type":"WebSite","@id":"https:\/\/tibladin.dk\/#website","url":"https:\/\/tibladin.dk\/","name":"Tibladin","description":"Tibladin","publisher":{"@id":"https:\/\/tibladin.dk\/#organization"},"potentialAction":[{"@type":"SearchAction","target":{"@type":"EntryPoint","urlTemplate":"https:\/\/tibladin.dk\/?s={search_term_string}"},"query-input":{"@type":"PropertyValueSpecification","valueRequired":true,"valueName":"search_term_string"}}],"inLanguage":"de"},{"@type":"Organization","@id":"https:\/\/tibladin.dk\/#organization","name":"Tibladin","url":"https:\/\/tibladin.dk\/","logo":{"@type":"ImageObject","inLanguage":"de","@id":"https:\/\/tibladin.dk\/#\/schema\/logo\/image\/","url":"https:\/\/tibladin.dk\/wp-content\/uploads\/2022\/09\/tibladin_logo.svg","contentUrl":"https:\/\/tibladin.dk\/wp-content\/uploads\/2022\/09\/tibladin_logo.svg","caption":"Tibladin"},"image":{"@id":"https:\/\/tibladin.dk\/#\/schema\/logo\/image\/"}}]}},"_links":{"self":[{"href":"https:\/\/tibladin.dk\/de\/wp-json\/wp\/v2\/product\/1630","targetHints":{"allow":["GET"]}}],"collection":[{"href":"https:\/\/tibladin.dk\/de\/wp-json\/wp\/v2\/product"}],"about":[{"href":"https:\/\/tibladin.dk\/de\/wp-json\/wp\/v2\/types\/product"}],"wp:featuredmedia":[{"embeddable":true,"href":"https:\/\/tibladin.dk\/de\/wp-json\/wp\/v2\/media\/1698"}],"wp:attachment":[{"href":"https:\/\/tibladin.dk\/de\/wp-json\/wp\/v2\/media?parent=1630"}],"wp:term":[{"taxonomy":"product_brand","embeddable":true,"href":"https:\/\/tibladin.dk\/de\/wp-json\/wp\/v2\/product_brand?post=1630"},{"taxonomy":"product_cat","embeddable":true,"href":"https:\/\/tibladin.dk\/de\/wp-json\/wp\/v2\/product_cat?post=1630"},{"taxonomy":"product_tag","embeddable":true,"href":"https:\/\/tibladin.dk\/de\/wp-json\/wp\/v2\/product_tag?post=1630"}],"curies":[{"name":"wp","href":"https:\/\/api.w.org\/{rel}","templated":true}]}}