{"id":1645,"date":"2022-09-20T11:10:40","date_gmt":"2022-09-20T09:10:40","guid":{"rendered":"https:\/\/tibladin.dk\/vare\/stofserviet-med-haandbroderet-moenster-brun\/"},"modified":"2024-12-09T14:38:51","modified_gmt":"2024-12-09T13:38:51","slug":"stoffserviette-mit-handgesticktem-braunem-muster","status":"publish","type":"product","link":"https:\/\/tibladin.dk\/de\/produkt\/stofserviet-med-haandbroderet-moenster-brun\/","title":{"rendered":"Stoffserviette mit handgesticktem Muster \u2013 braun"},"content":{"rendered":"<div class=\"wpb-content-wrapper\"><div class=\"vc_row wpb_row vc_row-fluid\"><div class=\"wpb_column vc_column_container vc_col-sm-4\"><div class=\"vc_column-inner\"><div class=\"wpb_wrapper\">\n\t<div class=\"wpb_video_widget wpb_content_element vc_clearfix   vc_video-aspect-ratio-43 vc_video-el-width-100 vc_video-align-left\" >\n\t\t<div class=\"wpb_wrapper\">\n\t\t\t\n\t\t\t<div class=\"wpb_video_wrapper\"><div class=\"video-container\"><iframe loading=\"lazy\" title=\"Stoffserviette braun\" src=\"https:\/\/player.vimeo.com\/video\/518485829?dnt=1&amp;app_id=122963\" width=\"174\" height=\"310\" frameborder=\"0\" allow=\"autoplay; fullscreen; picture-in-picture\"><\/iframe><\/div><\/div>\n\t\t<\/div>\n\t<\/div>\n<\/div><\/div><\/div><div class=\"wpb_column vc_column_container vc_col-sm-4\"><div class=\"vc_column-inner\"><div class=\"wpb_wrapper\"><h3 style=\"text-align: left\" class=\"vc_custom_heading vc_do_custom_heading\" >Wartung<\/h3>\n\t<div class=\"wpb_text_column wpb_content_element\" >\n\t\t<div class=\"wpb_wrapper\">\n\t\t\t<p>Die Stoffserviette besteht aus 100 % Baumwolle und kann bei bis zu 60 Grad in der Maschine gewaschen werden. B\u00fcgelbest\u00e4ndig.<\/p>\n\n\t\t<\/div>\n\t<\/div>\n<\/div><\/div><\/div><div class=\"wpb_column vc_column_container vc_col-sm-4\"><div class=\"vc_column-inner\"><div class=\"wpb_wrapper\"><h3 style=\"text-align: left\" class=\"vc_custom_heading vc_do_custom_heading\" >Die Geschichte dahinter<\/h3>\n\t<div class=\"wpb_text_column wpb_content_element\" >\n\t\t<div class=\"wpb_wrapper\">\n\t\t\t<p>Wenn Sie einen gut gedeckten Tisch sehen, an dem sich der Gastgeber die M\u00fche gemacht hat, Stoffservietten statt Papierservietten zu platzieren, f\u00fchlen Sie sich als Gast wertgesch\u00e4tzt und willkommen. Eine Stoffserviette kann viele Jahre lang wiederverwendet werden und ist deutlich umweltfreundlicher. Die Stoffserviette besteht aus hochwertiger Baumwolle mit einem wundersch\u00f6nen handgestickten einfachen Muster und einem Rand in der gleichen Farbe. Sie lassen sich leicht zu Ihrem gedeckten Tisch hinzuf\u00fcgen und verleihen einen sch\u00f6nen Ausdruck von Qualit\u00e4t. Hinter diesen Servietten stecken viele Stunden Handarbeit von Frauen einer Frauenkooperative s\u00fcdlich von Marrakesch.<\/p>\n<p>Die Frauenkooperative besch\u00e4ftigt in dem kleinen Dorf 160 Frauen und tr\u00e4gt so dazu bei, den Lebensstandard vieler Familien zu verbessern. F\u00fcr die Kinder der Frauen wurden eine Schule und ein Kindergarten eingerichtet, damit die Kinder eine Ausbildung erhalten und einer Besch\u00e4ftigung nachgehen k\u00f6nnen, w\u00e4hrend die M\u00fctter arbeiten.<\/p>\n\n\t\t<\/div>\n\t<\/div>\n<\/div><\/div><\/div><\/div>\n<\/div>","protected":false},"excerpt":{"rendered":"<p class=\"p1\"><span class=\"s1\">Handbestickte wei\u00dfe Stoffserviette mit feinem dunkelbraunem, schlichtem Muster und gleichfarbigem Rand.<\/span><\/p>\n<p>Geben Sie Ihren G\u00e4sten das Gef\u00fchl, etwas Besonderes zu sein, und decken Sie einen sch\u00f6nen Tisch mit einzigartigen Steingut- und handbestickten Stoffservietten.<\/p>\n<p>Erh\u00e4ltlich in drei verschiedenen Farben: Braun, Schwarz und Gr\u00fcn.<\/p>\n<p class=\"p1\"><span class=\"s1\">Die Servietten sind bei bis zu 60 Grad in der Maschine waschbar und b\u00fcgelfest. Ma\u00dfe: 50 x 50 cm.<\/span><\/p>\n<p>&nbsp;<\/p>","protected":false},"featured_media":1640,"template":"","meta":{"inline_featured_image":false},"product_brand":[],"product_cat":[33,98,37],"product_tag":[],"class_list":{"0":"post-1645","1":"product","2":"type-product","3":"status-publish","4":"has-post-thumbnail","6":"product_cat-borddaekning","7":"product_cat-stofservietter","8":"product_cat-tekstiler","10":"first","11":"instock","12":"taxable","13":"shipping-taxable","14":"purchasable","15":"product-type-simple"},"exclude_global_add_ons":false,"addons":[{"name":"M\u00f6chten Sie eine Geschenkverpackung?","type":"checkbox","position":0,"required":false,"title_format":"label","default":"","description_enable":false,"description":"","placeholder_enable":false,"placeholder":"","display":"images","restrictions_type":"any_text","adjust_price":false,"price":"","price_type":"flat_fee","restrictions":false,"min":"0","max":"0","options":[{"label":"Ja tak","price":"10","price_type":"flat_fee","image":11015,"visibility":true}],"id":1669646111}],"yoast_head":"<!-- This site is optimized with the Yoast SEO plugin v27.4 - https:\/\/yoast.com\/product\/yoast-seo-wordpress\/ -->\n<title>H\u00e5ndbroderede stofservietter i \u00f8kologisk bomuld | Tibladin<\/title>\n<meta name=\"description\" content=\"H\u00e5ndbroderede stofservietter med enkelt fint m\u00f8nster og kant i samme farve. findes i tre farver: brun, sort og gr\u00f8n. K\u00f8b d\u00e6kkeservietter for et komplet s\u00e6t\" \/>\n<meta name=\"robots\" content=\"index, follow, max-snippet:-1, max-image-preview:large, max-video-preview:-1\" \/>\n<link rel=\"canonical\" href=\"https:\/\/tibladin.dk\/de\/produkt\/stoffserviette-mit-handgesticktem-braunem-muster\/\" \/>\n<meta property=\"og:locale\" content=\"de_DE\" \/>\n<meta property=\"og:type\" content=\"article\" \/>\n<meta property=\"og:title\" content=\"H\u00e5ndbroderede stofservietter i \u00f8kologisk bomuld | Tibladin\" \/>\n<meta property=\"og:description\" content=\"H\u00e5ndbroderede stofservietter med enkelt fint m\u00f8nster og kant i samme farve. findes i tre farver: brun, sort og gr\u00f8n. K\u00f8b d\u00e6kkeservietter for et komplet s\u00e6t\" \/>\n<meta property=\"og:url\" content=\"https:\/\/tibladin.dk\/de\/produkt\/stoffserviette-mit-handgesticktem-braunem-muster\/\" \/>\n<meta property=\"og:site_name\" content=\"Tibladin\" \/>\n<meta property=\"article:modified_time\" content=\"2024-12-09T13:38:51+00:00\" \/>\n<meta property=\"og:image\" content=\"https:\/\/tibladin.dk\/wp-content\/uploads\/2022\/09\/Tibladin_stofserviet_bruntbroderi_20100009_LS3-1.jpg\" \/>\n\t<meta property=\"og:image:width\" content=\"800\" \/>\n\t<meta property=\"og:image:height\" content=\"800\" \/>\n\t<meta property=\"og:image:type\" content=\"image\/jpeg\" \/>\n<meta name=\"twitter:card\" content=\"summary_large_image\" \/>\n<meta name=\"twitter:label1\" content=\"Gesch\u00e4tzte Lesezeit\" \/>\n\t<meta name=\"twitter:data1\" content=\"2\u00a0Minuten\" \/>\n<script type=\"application\/ld+json\" class=\"yoast-schema-graph\">{\"@context\":\"https:\\\/\\\/schema.org\",\"@graph\":[{\"@type\":\"WebPage\",\"@id\":\"https:\\\/\\\/tibladin.dk\\\/produkt\\\/stofserviet-med-haandbroderet-moenster-brun\\\/\",\"url\":\"https:\\\/\\\/tibladin.dk\\\/produkt\\\/stofserviet-med-haandbroderet-moenster-brun\\\/\",\"name\":\"H\u00e5ndbroderede stofservietter i \u00f8kologisk bomuld | Tibladin\",\"isPartOf\":{\"@id\":\"https:\\\/\\\/tibladin.dk\\\/#website\"},\"primaryImageOfPage\":{\"@id\":\"https:\\\/\\\/tibladin.dk\\\/produkt\\\/stofserviet-med-haandbroderet-moenster-brun\\\/#primaryimage\"},\"image\":{\"@id\":\"https:\\\/\\\/tibladin.dk\\\/produkt\\\/stofserviet-med-haandbroderet-moenster-brun\\\/#primaryimage\"},\"thumbnailUrl\":\"https:\\\/\\\/tibladin.dk\\\/wp-content\\\/uploads\\\/2022\\\/09\\\/Tibladin_stofserviet_bruntbroderi_20100009_LS3-1.jpg\",\"datePublished\":\"2022-09-20T09:10:40+00:00\",\"dateModified\":\"2024-12-09T13:38:51+00:00\",\"description\":\"H\u00e5ndbroderede stofservietter med enkelt fint m\u00f8nster og kant i samme farve. findes i tre farver: brun, sort og gr\u00f8n. K\u00f8b d\u00e6kkeservietter for et komplet s\u00e6t\",\"breadcrumb\":{\"@id\":\"https:\\\/\\\/tibladin.dk\\\/produkt\\\/stofserviet-med-haandbroderet-moenster-brun\\\/#breadcrumb\"},\"inLanguage\":\"de\",\"potentialAction\":[{\"@type\":\"ReadAction\",\"target\":[\"https:\\\/\\\/tibladin.dk\\\/produkt\\\/stofserviet-med-haandbroderet-moenster-brun\\\/\"]}]},{\"@type\":\"ImageObject\",\"inLanguage\":\"de\",\"@id\":\"https:\\\/\\\/tibladin.dk\\\/produkt\\\/stofserviet-med-haandbroderet-moenster-brun\\\/#primaryimage\",\"url\":\"https:\\\/\\\/tibladin.dk\\\/wp-content\\\/uploads\\\/2022\\\/09\\\/Tibladin_stofserviet_bruntbroderi_20100009_LS3-1.jpg\",\"contentUrl\":\"https:\\\/\\\/tibladin.dk\\\/wp-content\\\/uploads\\\/2022\\\/09\\\/Tibladin_stofserviet_bruntbroderi_20100009_LS3-1.jpg\",\"width\":800,\"height\":800,\"caption\":\"Marokkansk h\u00e5ndbroderet stofserviet med brun kant, foldet p\u00e6nt, t\u00e6t\"},{\"@type\":\"BreadcrumbList\",\"@id\":\"https:\\\/\\\/tibladin.dk\\\/produkt\\\/stofserviet-med-haandbroderet-moenster-brun\\\/#breadcrumb\",\"itemListElement\":[{\"@type\":\"ListItem\",\"position\":1,\"name\":\"Hjem\",\"item\":\"https:\\\/\\\/tibladin.dk\\\/\"},{\"@type\":\"ListItem\",\"position\":2,\"name\":\"Shop\",\"item\":\"https:\\\/\\\/tibladin.dk\\\/shop\\\/\"},{\"@type\":\"ListItem\",\"position\":3,\"name\":\"Stofserviet med h\u00e5ndbroderet m\u00f8nster &#8211; brun\"}]},{\"@type\":\"WebSite\",\"@id\":\"https:\\\/\\\/tibladin.dk\\\/#website\",\"url\":\"https:\\\/\\\/tibladin.dk\\\/\",\"name\":\"Tibladin\",\"description\":\"Tibladin\",\"publisher\":{\"@id\":\"https:\\\/\\\/tibladin.dk\\\/#organization\"},\"potentialAction\":[{\"@type\":\"SearchAction\",\"target\":{\"@type\":\"EntryPoint\",\"urlTemplate\":\"https:\\\/\\\/tibladin.dk\\\/?s={search_term_string}\"},\"query-input\":{\"@type\":\"PropertyValueSpecification\",\"valueRequired\":true,\"valueName\":\"search_term_string\"}}],\"inLanguage\":\"de\"},{\"@type\":\"Organization\",\"@id\":\"https:\\\/\\\/tibladin.dk\\\/#organization\",\"name\":\"Tibladin\",\"url\":\"https:\\\/\\\/tibladin.dk\\\/\",\"logo\":{\"@type\":\"ImageObject\",\"inLanguage\":\"de\",\"@id\":\"https:\\\/\\\/tibladin.dk\\\/#\\\/schema\\\/logo\\\/image\\\/\",\"url\":\"https:\\\/\\\/tibladin.dk\\\/wp-content\\\/uploads\\\/2022\\\/09\\\/tibladin_logo.svg\",\"contentUrl\":\"https:\\\/\\\/tibladin.dk\\\/wp-content\\\/uploads\\\/2022\\\/09\\\/tibladin_logo.svg\",\"caption\":\"Tibladin\"},\"image\":{\"@id\":\"https:\\\/\\\/tibladin.dk\\\/#\\\/schema\\\/logo\\\/image\\\/\"}}]}<\/script>\n<!-- \/ Yoast SEO plugin. -->","yoast_head_json":{"title":"Handbestickte Stoffservietten aus Bio-Baumwolle | Tibladin","description":"Handbestickte Stoffservietten mit schlichtem, feinem Muster und gleichfarbigem Rand. Erh\u00e4ltlich in drei Farben: Braun, Schwarz und Gr\u00fcn. Kaufen Sie Tischsets f\u00fcr ein komplettes Set","robots":{"index":"index","follow":"follow","max-snippet":"max-snippet:-1","max-image-preview":"max-image-preview:large","max-video-preview":"max-video-preview:-1"},"canonical":"https:\/\/tibladin.dk\/de\/produkt\/stoffserviette-mit-handgesticktem-braunem-muster\/","og_locale":"de_DE","og_type":"article","og_title":"H\u00e5ndbroderede stofservietter i \u00f8kologisk bomuld | Tibladin","og_description":"H\u00e5ndbroderede stofservietter med enkelt fint m\u00f8nster og kant i samme farve. findes i tre farver: brun, sort og gr\u00f8n. K\u00f8b d\u00e6kkeservietter for et komplet s\u00e6t","og_url":"https:\/\/tibladin.dk\/de\/produkt\/stoffserviette-mit-handgesticktem-braunem-muster\/","og_site_name":"Tibladin","article_modified_time":"2024-12-09T13:38:51+00:00","og_image":[{"width":800,"height":800,"url":"https:\/\/tibladin.dk\/wp-content\/uploads\/2022\/09\/Tibladin_stofserviet_bruntbroderi_20100009_LS3-1.jpg","type":"image\/jpeg"}],"twitter_card":"summary_large_image","twitter_misc":{"Gesch\u00e4tzte Lesezeit":"2\u00a0Minuten"},"schema":{"@context":"https:\/\/schema.org","@graph":[{"@type":"WebPage","@id":"https:\/\/tibladin.dk\/produkt\/stofserviet-med-haandbroderet-moenster-brun\/","url":"https:\/\/tibladin.dk\/produkt\/stofserviet-med-haandbroderet-moenster-brun\/","name":"Handbestickte Stoffservietten aus Bio-Baumwolle | Tibladin","isPartOf":{"@id":"https:\/\/tibladin.dk\/#website"},"primaryImageOfPage":{"@id":"https:\/\/tibladin.dk\/produkt\/stofserviet-med-haandbroderet-moenster-brun\/#primaryimage"},"image":{"@id":"https:\/\/tibladin.dk\/produkt\/stofserviet-med-haandbroderet-moenster-brun\/#primaryimage"},"thumbnailUrl":"https:\/\/tibladin.dk\/wp-content\/uploads\/2022\/09\/Tibladin_stofserviet_bruntbroderi_20100009_LS3-1.jpg","datePublished":"2022-09-20T09:10:40+00:00","dateModified":"2024-12-09T13:38:51+00:00","description":"Handbestickte Stoffservietten mit schlichtem, feinem Muster und gleichfarbigem Rand. Erh\u00e4ltlich in drei Farben: Braun, Schwarz und Gr\u00fcn. Kaufen Sie Tischsets f\u00fcr ein komplettes Set","breadcrumb":{"@id":"https:\/\/tibladin.dk\/produkt\/stofserviet-med-haandbroderet-moenster-brun\/#breadcrumb"},"inLanguage":"de","potentialAction":[{"@type":"ReadAction","target":["https:\/\/tibladin.dk\/produkt\/stofserviet-med-haandbroderet-moenster-brun\/"]}]},{"@type":"ImageObject","inLanguage":"de","@id":"https:\/\/tibladin.dk\/produkt\/stofserviet-med-haandbroderet-moenster-brun\/#primaryimage","url":"https:\/\/tibladin.dk\/wp-content\/uploads\/2022\/09\/Tibladin_stofserviet_bruntbroderi_20100009_LS3-1.jpg","contentUrl":"https:\/\/tibladin.dk\/wp-content\/uploads\/2022\/09\/Tibladin_stofserviet_bruntbroderi_20100009_LS3-1.jpg","width":800,"height":800,"caption":"Marokkansk h\u00e5ndbroderet stofserviet med brun kant, foldet p\u00e6nt, t\u00e6t"},{"@type":"BreadcrumbList","@id":"https:\/\/tibladin.dk\/produkt\/stofserviet-med-haandbroderet-moenster-brun\/#breadcrumb","itemListElement":[{"@type":"ListItem","position":1,"name":"Hjem","item":"https:\/\/tibladin.dk\/"},{"@type":"ListItem","position":2,"name":"Shop","item":"https:\/\/tibladin.dk\/shop\/"},{"@type":"ListItem","position":3,"name":"Stofserviet med h\u00e5ndbroderet m\u00f8nster &#8211; brun"}]},{"@type":"WebSite","@id":"https:\/\/tibladin.dk\/#website","url":"https:\/\/tibladin.dk\/","name":"Tibladin","description":"Tibladin","publisher":{"@id":"https:\/\/tibladin.dk\/#organization"},"potentialAction":[{"@type":"SearchAction","target":{"@type":"EntryPoint","urlTemplate":"https:\/\/tibladin.dk\/?s={search_term_string}"},"query-input":{"@type":"PropertyValueSpecification","valueRequired":true,"valueName":"search_term_string"}}],"inLanguage":"de"},{"@type":"Organization","@id":"https:\/\/tibladin.dk\/#organization","name":"Tibladin","url":"https:\/\/tibladin.dk\/","logo":{"@type":"ImageObject","inLanguage":"de","@id":"https:\/\/tibladin.dk\/#\/schema\/logo\/image\/","url":"https:\/\/tibladin.dk\/wp-content\/uploads\/2022\/09\/tibladin_logo.svg","contentUrl":"https:\/\/tibladin.dk\/wp-content\/uploads\/2022\/09\/tibladin_logo.svg","caption":"Tibladin"},"image":{"@id":"https:\/\/tibladin.dk\/#\/schema\/logo\/image\/"}}]}},"_links":{"self":[{"href":"https:\/\/tibladin.dk\/de\/wp-json\/wp\/v2\/product\/1645","targetHints":{"allow":["GET"]}}],"collection":[{"href":"https:\/\/tibladin.dk\/de\/wp-json\/wp\/v2\/product"}],"about":[{"href":"https:\/\/tibladin.dk\/de\/wp-json\/wp\/v2\/types\/product"}],"wp:featuredmedia":[{"embeddable":true,"href":"https:\/\/tibladin.dk\/de\/wp-json\/wp\/v2\/media\/1640"}],"wp:attachment":[{"href":"https:\/\/tibladin.dk\/de\/wp-json\/wp\/v2\/media?parent=1645"}],"wp:term":[{"taxonomy":"product_brand","embeddable":true,"href":"https:\/\/tibladin.dk\/de\/wp-json\/wp\/v2\/product_brand?post=1645"},{"taxonomy":"product_cat","embeddable":true,"href":"https:\/\/tibladin.dk\/de\/wp-json\/wp\/v2\/product_cat?post=1645"},{"taxonomy":"product_tag","embeddable":true,"href":"https:\/\/tibladin.dk\/de\/wp-json\/wp\/v2\/product_tag?post=1645"}],"curies":[{"name":"wp","href":"https:\/\/api.w.org\/{rel}","templated":true}]}}