{"id":1750,"date":"2022-09-20T11:11:25","date_gmt":"2022-09-20T09:11:25","guid":{"rendered":"https:\/\/tibladin.dk\/vare\/soft-touch-pendellampe-i-rattan-og-velour\/"},"modified":"2026-01-09T15:00:22","modified_gmt":"2026-01-09T14:00:22","slug":"soft-touch-pendelleuchte-aus-rattan-und-velours","status":"publish","type":"product","link":"https:\/\/tibladin.dk\/de\/produkt\/soft-touch-pendellampe-i-rattan-og-velour\/","title":{"rendered":"Soft-Touch-Pendelleuchte aus Rattan und Velours"},"content":{"rendered":"<div class=\"wpb-content-wrapper\"><div class=\"vc_row wpb_row vc_row-fluid\"><div class=\"wpb_column vc_column_container vc_col-sm-4\"><div class=\"vc_column-inner\"><div class=\"wpb_wrapper\"><h3 style=\"text-align: left\" class=\"vc_custom_heading vc_do_custom_heading\" >Die Geschichte dahinter<\/h3>\n\t<div class=\"wpb_text_column wpb_content_element\" >\n\t\t<div class=\"wpb_wrapper\">\n\t\t\t<p>Bast- und Rattanlampen\/Dochtlampen haben in der Innenarchitektur ein gro\u00dfes Comeback erlebt. Sie verleihen einen sch\u00f6nen Bohemian-Look und eine gem\u00fctliche und entspannte Atmosph\u00e4re.<\/p>\n<p>Lampen aus Marokko verleihen Ihrer Einrichtung eine einzigartige Note und sorgen f\u00fcr ein dekoratives Licht.<\/p>\n<p>Die Lampen sind handgefertigt und es kann zu kleinen Unvollkommenheiten und Unterschieden in Muster und Form kommen.<\/p>\n\n\t\t<\/div>\n\t<\/div>\n<\/div><\/div><\/div><div class=\"wpb_column vc_column_container vc_col-sm-4\"><div class=\"vc_column-inner\"><div class=\"wpb_wrapper\"><h3 style=\"text-align: left\" class=\"vc_custom_heading vc_do_custom_heading\" >Was ist Rattan?<\/h3>\n\t<div class=\"wpb_text_column wpb_content_element\" >\n\t\t<div class=\"wpb_wrapper\">\n\t\t\t<p>Rattan wird aus einer tropischen Palme hergestellt, die in Australien, Asien und Afrika heimisch ist. Das Material ist sehr stabil und \u00e4hnelt Bambus, weshalb es f\u00fcr alles verwendet wird, von Tabletts und K\u00f6rben bis hin zu Kopfteilen und Getr\u00e4nketischen.<\/p>\n<p>Bast \u00e4hnelt Rattan, da beide aus Palmbl\u00e4ttern gewonnen werden, Bast ist jedoch etwas weicher.<\/p>\n\n\t\t<\/div>\n\t<\/div>\n<\/div><\/div><\/div><div class=\"wpb_column vc_column_container vc_col-sm-4\"><div class=\"vc_column-inner\"><div class=\"wpb_wrapper\"><h3 style=\"text-align: left\" class=\"vc_custom_heading vc_do_custom_heading\" >Wartung<\/h3>\n\t<div class=\"wpb_text_column wpb_content_element\" >\n\t\t<div class=\"wpb_wrapper\">\n\t\t\t<p>Das Rattanteil selbst wird mit einem Staubtuch abgewischt.<\/p>\n<p>F\u00fcr den Veloursteil k\u00f6nnen Sie einen Fusselroller verwenden. F\u00fchren Sie die Fusselrolle sanft und vorsichtig \u00fcber den Stoff. Wechseln Sie unbedingt vorher das Seidenpapier und tun Sie dies h\u00e4ufig w\u00e4hrend des Rollens.<\/p>\n<p>Die Lampen sind handgefertigt und weisen kleine Unvollkommenheiten und Abweichungen in Form und Muster auf.<\/p>\n\n\t\t<\/div>\n\t<\/div>\n<\/div><\/div><\/div><\/div>\n<\/div>","protected":false},"excerpt":{"rendered":"<p>Handgefertigte marokkanische Rattan-Pendelleuchte mit Veloursschirm in zartem Altrosa. Der rosa Velours harmoniert wunderbar mit dem geflochtenen Rattan und mit dieser Lampe k\u00f6nnen Sie Ihrer Einrichtung ein wenig Farbspiel verleihen.<\/p>\n<p>25 cm hoch und 30 cm im Durchmesser.<\/p>\n<p>Die Lampe ist montagefertig und ben\u00f6tigt lediglich eine Gl\u00fchbirne \u2013 im Lieferumfang ist ein 1 m langes Kabel enthalten.<\/p>\n<p>&nbsp;<\/p>\n<p>&nbsp;<\/p>\n<p>&nbsp;<\/p>\n<p>&nbsp;<\/p>","protected":false},"featured_media":1746,"template":"","meta":{"inline_featured_image":false},"product_brand":[],"product_cat":[67,69],"product_tag":[],"class_list":{"0":"post-1750","1":"product","2":"type-product","3":"status-publish","4":"has-post-thumbnail","6":"product_cat-lamper","7":"product_cat-rafia-lamper","9":"first","10":"instock","11":"taxable","12":"shipping-taxable","13":"purchasable","14":"product-type-simple"},"exclude_global_add_ons":false,"addons":[{"name":"M\u00f6chten Sie eine Geschenkverpackung?","type":"checkbox","position":0,"required":false,"title_format":"label","default":"","description_enable":false,"description":"","placeholder_enable":false,"placeholder":"","display":"images","restrictions_type":"any_text","adjust_price":false,"price":"","price_type":"flat_fee","restrictions":false,"min":"0","max":"0","options":[{"label":"Ja tak","price":"10","price_type":"flat_fee","image":11015,"visibility":true}],"id":1669646111}],"yoast_head":"<!-- This site is optimized with the Yoast SEO plugin v27.4 - https:\/\/yoast.com\/product\/yoast-seo-wordpress\/ -->\n<title>Marokkansk pendellampe i rattan og velour | H\u00e5ndlavet | Tibladin<\/title>\n<meta name=\"description\" content=\"Giv din indretning et Marokkansk touch med denne marokkanske pendellampe i farven gammelrosa. H\u00e5ndlavet i Marrakech \u21d2 K\u00f8b den her.\" \/>\n<meta name=\"robots\" content=\"index, follow, max-snippet:-1, max-image-preview:large, max-video-preview:-1\" \/>\n<link rel=\"canonical\" href=\"https:\/\/tibladin.dk\/de\/produkt\/soft-touch-pendelleuchte-aus-rattan-und-velours\/\" \/>\n<meta property=\"og:locale\" content=\"de_DE\" \/>\n<meta property=\"og:type\" content=\"article\" \/>\n<meta property=\"og:title\" content=\"Marokkansk pendellampe i rattan og velour | H\u00e5ndlavet | Tibladin\" \/>\n<meta property=\"og:description\" content=\"Giv din indretning et Marokkansk touch med denne marokkanske pendellampe i farven gammelrosa. H\u00e5ndlavet i Marrakech \u21d2 K\u00f8b den her.\" \/>\n<meta property=\"og:url\" content=\"https:\/\/tibladin.dk\/de\/produkt\/soft-touch-pendelleuchte-aus-rattan-und-velours\/\" \/>\n<meta property=\"og:site_name\" content=\"Tibladin\" \/>\n<meta property=\"article:modified_time\" content=\"2026-01-09T14:00:22+00:00\" \/>\n<meta property=\"og:image\" content=\"https:\/\/tibladin.dk\/wp-content\/uploads\/2022\/09\/Soft_touch_pendellampe-1.jpg\" \/>\n\t<meta property=\"og:image:width\" content=\"800\" \/>\n\t<meta property=\"og:image:height\" content=\"800\" \/>\n\t<meta property=\"og:image:type\" content=\"image\/jpeg\" \/>\n<meta name=\"twitter:card\" content=\"summary_large_image\" \/>\n<meta name=\"twitter:label1\" content=\"Gesch\u00e4tzte Lesezeit\" \/>\n\t<meta name=\"twitter:data1\" content=\"2\u00a0Minuten\" \/>\n<script type=\"application\/ld+json\" class=\"yoast-schema-graph\">{\"@context\":\"https:\\\/\\\/schema.org\",\"@graph\":[{\"@type\":\"WebPage\",\"@id\":\"https:\\\/\\\/tibladin.dk\\\/produkt\\\/soft-touch-pendellampe-i-rattan-og-velour\\\/\",\"url\":\"https:\\\/\\\/tibladin.dk\\\/produkt\\\/soft-touch-pendellampe-i-rattan-og-velour\\\/\",\"name\":\"Marokkansk pendellampe i rattan og velour | H\u00e5ndlavet | Tibladin\",\"isPartOf\":{\"@id\":\"https:\\\/\\\/tibladin.dk\\\/#website\"},\"primaryImageOfPage\":{\"@id\":\"https:\\\/\\\/tibladin.dk\\\/produkt\\\/soft-touch-pendellampe-i-rattan-og-velour\\\/#primaryimage\"},\"image\":{\"@id\":\"https:\\\/\\\/tibladin.dk\\\/produkt\\\/soft-touch-pendellampe-i-rattan-og-velour\\\/#primaryimage\"},\"thumbnailUrl\":\"https:\\\/\\\/tibladin.dk\\\/wp-content\\\/uploads\\\/2022\\\/09\\\/Soft_touch_pendellampe-1.jpg\",\"datePublished\":\"2022-09-20T09:11:25+00:00\",\"dateModified\":\"2026-01-09T14:00:22+00:00\",\"description\":\"Giv din indretning et Marokkansk touch med denne marokkanske pendellampe i farven gammelrosa. H\u00e5ndlavet i Marrakech \u21d2 K\u00f8b den her.\",\"breadcrumb\":{\"@id\":\"https:\\\/\\\/tibladin.dk\\\/produkt\\\/soft-touch-pendellampe-i-rattan-og-velour\\\/#breadcrumb\"},\"inLanguage\":\"de\",\"potentialAction\":[{\"@type\":\"ReadAction\",\"target\":[\"https:\\\/\\\/tibladin.dk\\\/produkt\\\/soft-touch-pendellampe-i-rattan-og-velour\\\/\"]}]},{\"@type\":\"ImageObject\",\"inLanguage\":\"de\",\"@id\":\"https:\\\/\\\/tibladin.dk\\\/produkt\\\/soft-touch-pendellampe-i-rattan-og-velour\\\/#primaryimage\",\"url\":\"https:\\\/\\\/tibladin.dk\\\/wp-content\\\/uploads\\\/2022\\\/09\\\/Soft_touch_pendellampe-1.jpg\",\"contentUrl\":\"https:\\\/\\\/tibladin.dk\\\/wp-content\\\/uploads\\\/2022\\\/09\\\/Soft_touch_pendellampe-1.jpg\",\"width\":800,\"height\":800,\"caption\":\"Marokkansk h\u00e5ndlavet pendellampe i pink velour\"},{\"@type\":\"BreadcrumbList\",\"@id\":\"https:\\\/\\\/tibladin.dk\\\/produkt\\\/soft-touch-pendellampe-i-rattan-og-velour\\\/#breadcrumb\",\"itemListElement\":[{\"@type\":\"ListItem\",\"position\":1,\"name\":\"Hjem\",\"item\":\"https:\\\/\\\/tibladin.dk\\\/\"},{\"@type\":\"ListItem\",\"position\":2,\"name\":\"Shop\",\"item\":\"https:\\\/\\\/tibladin.dk\\\/shop\\\/\"},{\"@type\":\"ListItem\",\"position\":3,\"name\":\"Soft touch pendellampe i rattan og velour\"}]},{\"@type\":\"WebSite\",\"@id\":\"https:\\\/\\\/tibladin.dk\\\/#website\",\"url\":\"https:\\\/\\\/tibladin.dk\\\/\",\"name\":\"Tibladin\",\"description\":\"Tibladin\",\"publisher\":{\"@id\":\"https:\\\/\\\/tibladin.dk\\\/#organization\"},\"potentialAction\":[{\"@type\":\"SearchAction\",\"target\":{\"@type\":\"EntryPoint\",\"urlTemplate\":\"https:\\\/\\\/tibladin.dk\\\/?s={search_term_string}\"},\"query-input\":{\"@type\":\"PropertyValueSpecification\",\"valueRequired\":true,\"valueName\":\"search_term_string\"}}],\"inLanguage\":\"de\"},{\"@type\":\"Organization\",\"@id\":\"https:\\\/\\\/tibladin.dk\\\/#organization\",\"name\":\"Tibladin\",\"url\":\"https:\\\/\\\/tibladin.dk\\\/\",\"logo\":{\"@type\":\"ImageObject\",\"inLanguage\":\"de\",\"@id\":\"https:\\\/\\\/tibladin.dk\\\/#\\\/schema\\\/logo\\\/image\\\/\",\"url\":\"https:\\\/\\\/tibladin.dk\\\/wp-content\\\/uploads\\\/2022\\\/09\\\/tibladin_logo.svg\",\"contentUrl\":\"https:\\\/\\\/tibladin.dk\\\/wp-content\\\/uploads\\\/2022\\\/09\\\/tibladin_logo.svg\",\"caption\":\"Tibladin\"},\"image\":{\"@id\":\"https:\\\/\\\/tibladin.dk\\\/#\\\/schema\\\/logo\\\/image\\\/\"}}]}<\/script>\n<!-- \/ Yoast SEO plugin. -->","yoast_head_json":{"title":"Marokkanische Pendelleuchte aus Rattan und Velours | Handgefertigt | Tibladin","description":"Verleihen Sie Ihrem Interieur einen marokkanischen Touch mit dieser marokkanischen Pendelleuchte in der Farbe Altrosa. Handgefertigt in Marrakesch \u21d2 Hier kaufen.","robots":{"index":"index","follow":"follow","max-snippet":"max-snippet:-1","max-image-preview":"max-image-preview:large","max-video-preview":"max-video-preview:-1"},"canonical":"https:\/\/tibladin.dk\/de\/produkt\/soft-touch-pendelleuchte-aus-rattan-und-velours\/","og_locale":"de_DE","og_type":"article","og_title":"Marokkansk pendellampe i rattan og velour | H\u00e5ndlavet | Tibladin","og_description":"Giv din indretning et Marokkansk touch med denne marokkanske pendellampe i farven gammelrosa. H\u00e5ndlavet i Marrakech \u21d2 K\u00f8b den her.","og_url":"https:\/\/tibladin.dk\/de\/produkt\/soft-touch-pendelleuchte-aus-rattan-und-velours\/","og_site_name":"Tibladin","article_modified_time":"2026-01-09T14:00:22+00:00","og_image":[{"width":800,"height":800,"url":"https:\/\/tibladin.dk\/wp-content\/uploads\/2022\/09\/Soft_touch_pendellampe-1.jpg","type":"image\/jpeg"}],"twitter_card":"summary_large_image","twitter_misc":{"Gesch\u00e4tzte Lesezeit":"2\u00a0Minuten"},"schema":{"@context":"https:\/\/schema.org","@graph":[{"@type":"WebPage","@id":"https:\/\/tibladin.dk\/produkt\/soft-touch-pendellampe-i-rattan-og-velour\/","url":"https:\/\/tibladin.dk\/produkt\/soft-touch-pendellampe-i-rattan-og-velour\/","name":"Marokkanische Pendelleuchte aus Rattan und Velours | Handgefertigt | Tibladin","isPartOf":{"@id":"https:\/\/tibladin.dk\/#website"},"primaryImageOfPage":{"@id":"https:\/\/tibladin.dk\/produkt\/soft-touch-pendellampe-i-rattan-og-velour\/#primaryimage"},"image":{"@id":"https:\/\/tibladin.dk\/produkt\/soft-touch-pendellampe-i-rattan-og-velour\/#primaryimage"},"thumbnailUrl":"https:\/\/tibladin.dk\/wp-content\/uploads\/2022\/09\/Soft_touch_pendellampe-1.jpg","datePublished":"2022-09-20T09:11:25+00:00","dateModified":"2026-01-09T14:00:22+00:00","description":"Verleihen Sie Ihrem Interieur einen marokkanischen Touch mit dieser marokkanischen Pendelleuchte in der Farbe Altrosa. Handgefertigt in Marrakesch \u21d2 Hier kaufen.","breadcrumb":{"@id":"https:\/\/tibladin.dk\/produkt\/soft-touch-pendellampe-i-rattan-og-velour\/#breadcrumb"},"inLanguage":"de","potentialAction":[{"@type":"ReadAction","target":["https:\/\/tibladin.dk\/produkt\/soft-touch-pendellampe-i-rattan-og-velour\/"]}]},{"@type":"ImageObject","inLanguage":"de","@id":"https:\/\/tibladin.dk\/produkt\/soft-touch-pendellampe-i-rattan-og-velour\/#primaryimage","url":"https:\/\/tibladin.dk\/wp-content\/uploads\/2022\/09\/Soft_touch_pendellampe-1.jpg","contentUrl":"https:\/\/tibladin.dk\/wp-content\/uploads\/2022\/09\/Soft_touch_pendellampe-1.jpg","width":800,"height":800,"caption":"Marokkansk h\u00e5ndlavet pendellampe i pink velour"},{"@type":"BreadcrumbList","@id":"https:\/\/tibladin.dk\/produkt\/soft-touch-pendellampe-i-rattan-og-velour\/#breadcrumb","itemListElement":[{"@type":"ListItem","position":1,"name":"Hjem","item":"https:\/\/tibladin.dk\/"},{"@type":"ListItem","position":2,"name":"Shop","item":"https:\/\/tibladin.dk\/shop\/"},{"@type":"ListItem","position":3,"name":"Soft touch pendellampe i rattan og velour"}]},{"@type":"WebSite","@id":"https:\/\/tibladin.dk\/#website","url":"https:\/\/tibladin.dk\/","name":"Tibladin","description":"Tibladin","publisher":{"@id":"https:\/\/tibladin.dk\/#organization"},"potentialAction":[{"@type":"SearchAction","target":{"@type":"EntryPoint","urlTemplate":"https:\/\/tibladin.dk\/?s={search_term_string}"},"query-input":{"@type":"PropertyValueSpecification","valueRequired":true,"valueName":"search_term_string"}}],"inLanguage":"de"},{"@type":"Organization","@id":"https:\/\/tibladin.dk\/#organization","name":"Tibladin","url":"https:\/\/tibladin.dk\/","logo":{"@type":"ImageObject","inLanguage":"de","@id":"https:\/\/tibladin.dk\/#\/schema\/logo\/image\/","url":"https:\/\/tibladin.dk\/wp-content\/uploads\/2022\/09\/tibladin_logo.svg","contentUrl":"https:\/\/tibladin.dk\/wp-content\/uploads\/2022\/09\/tibladin_logo.svg","caption":"Tibladin"},"image":{"@id":"https:\/\/tibladin.dk\/#\/schema\/logo\/image\/"}}]}},"_links":{"self":[{"href":"https:\/\/tibladin.dk\/de\/wp-json\/wp\/v2\/product\/1750","targetHints":{"allow":["GET"]}}],"collection":[{"href":"https:\/\/tibladin.dk\/de\/wp-json\/wp\/v2\/product"}],"about":[{"href":"https:\/\/tibladin.dk\/de\/wp-json\/wp\/v2\/types\/product"}],"wp:featuredmedia":[{"embeddable":true,"href":"https:\/\/tibladin.dk\/de\/wp-json\/wp\/v2\/media\/1746"}],"wp:attachment":[{"href":"https:\/\/tibladin.dk\/de\/wp-json\/wp\/v2\/media?parent=1750"}],"wp:term":[{"taxonomy":"product_brand","embeddable":true,"href":"https:\/\/tibladin.dk\/de\/wp-json\/wp\/v2\/product_brand?post=1750"},{"taxonomy":"product_cat","embeddable":true,"href":"https:\/\/tibladin.dk\/de\/wp-json\/wp\/v2\/product_cat?post=1750"},{"taxonomy":"product_tag","embeddable":true,"href":"https:\/\/tibladin.dk\/de\/wp-json\/wp\/v2\/product_tag?post=1750"}],"curies":[{"name":"wp","href":"https:\/\/api.w.org\/{rel}","templated":true}]}}