{"id":1849,"date":"2025-06-25T11:12:07","date_gmt":"2025-06-25T09:12:07","guid":{"rendered":"https:\/\/tibladin.dk\/?post_type=product&#038;p=1849"},"modified":"2026-04-22T16:45:59","modified_gmt":"2026-04-22T14:45:59","slug":"kissenbezug-aus-kaktusseide-terrakotta-50-x-50-cm","status":"publish","type":"product","link":"https:\/\/tibladin.dk\/de\/produkt\/kaktussilke-pudebetraek-terracotta-50x50\/","title":{"rendered":"Kissenbezug aus Kaktusseide \u2013 Terrakotta 50\u00d750"},"content":{"rendered":"<div class=\"wpb-content-wrapper\"><div class=\"vc_row wpb_row vc_row-fluid\"><div class=\"wpb_column vc_column_container vc_col-sm-4\"><div class=\"vc_column-inner\"><div class=\"wpb_wrapper\"><\/div><\/div><\/div><div class=\"wpb_column vc_column_container vc_col-sm-4\"><div class=\"vc_column-inner\"><div class=\"wpb_wrapper\"><h3 style=\"text-align: left\" class=\"vc_custom_heading vc_do_custom_heading\" >Wartung<\/h3>\n\t<div class=\"wpb_text_column wpb_content_element\" >\n\t\t<div class=\"wpb_wrapper\">\n\t\t\t<p>Der Kissenbezug h\u00e4lt Wasser nicht stand!<\/p>\n<p>Sie m\u00fcssen in einer chemischen Reinigung gereinigt werden.<\/p>\n<p>Da die Kissenbez\u00fcge zu 100 % handgefertigt sind, gibt es Unvollkommenheiten sowie Unterschiede in Gr\u00f6\u00dfe und Muster, die den Charme dieser Kissen ausmachen.<\/p>\n\n\t\t<\/div>\n\t<\/div>\n<\/div><\/div><\/div><div class=\"wpb_column vc_column_container vc_col-sm-4\"><div class=\"vc_column-inner\"><div class=\"wpb_wrapper\"><h3 style=\"text-align: left\" class=\"vc_custom_heading vc_do_custom_heading\" >Die Geschichte dahinter<\/h3>\n\t<div class=\"wpb_text_column wpb_content_element\" >\n\t\t<div class=\"wpb_wrapper\">\n\t\t\t<p>Die Kissenbez\u00fcge aus Kaktusseide \u2013 auch Agavenseide genannt \u2013 sind handgefertigt. Die Bez\u00fcge verf\u00fcgen \u00fcber einen starken Rei\u00dfverschluss, sodass Sie die Bez\u00fcge leicht abnehmen und zur Reinigung mitnehmen k\u00f6nnen.<\/p>\n<p>Die Bez\u00fcge passen 50 x 50 oder 60 x 60 cm. Montagepads, je nachdem wie voll Sie diese haben m\u00f6chten.<\/p>\n<p>Kaktusseide wird aus Fasern von Kakteen aus Marokko gewebt.<\/p>\n\n\t\t<\/div>\n\t<\/div>\n<\/div><\/div><\/div><\/div>\n<\/div>","protected":false},"excerpt":{"rendered":"<p>Einzigartige, handgefertigte Kissenbez\u00fcge aus marokkanischer Kaktusseide in einem wundersch\u00f6nen r\u00f6tlichen Terrakotta-Ton.<\/p>\n<p>Kaktus-Seidenkissen im perfekten und einzigartigen Bohemian-Stil. Verleiht Ihrer Einrichtung eine einzigartige und warme Note.<\/p>\n<p><strong>Handgefertigt<\/strong>\u00a0<strong>mit Liebe<\/strong> Bei Tibladin werden die Kaktusseidenkissen \u2013 auch Sabra genannt \u2013 aus echter Aloe Vera-Seide handgefertigt, die aus der Kaktuspflanze gewonnen wird, die in der Sahara w\u00e4chst. Die Seide wird mit Farben aus Pflanzen und Mineralien aus Wurzeln, Beeren, Gew\u00fcrzen und Bl\u00e4ttern gef\u00e4rbt. 100 % biologisch und handgefertigt nach alten Berbertraditionen. Jeder Kissenbezug ist ein Unikat und erz\u00e4hlt mit kleinen Unvollkommenheiten und Unterschieden seine eigene Geschichte, die Kissenbez\u00fcge sind kleine, bezaubernde Kunstwerke.<\/p>\n<p>Passend f\u00fcr 50 x 50 oder 60 x 60 cm. Montagekissen, je nachdem wie voll das Kissen sein soll.<\/p>\n<p>Die Kissenbez\u00fcge werden ohne Kissen geliefert, ein Montagekissen kann jedoch zus\u00e4tzlich erworben werden.<\/p>\n<p>&nbsp;<\/p>\n<p>&nbsp;<\/p>","protected":false},"featured_media":43683,"template":"","meta":{"inline_featured_image":false},"product_brand":[],"product_cat":[179,160,66,37],"product_tag":[],"class_list":{"0":"post-1849","1":"product","2":"type-product","3":"status-publish","4":"has-post-thumbnail","6":"product_cat-50x50-kaktussilkepuder","7":"product_cat-kaktussilke-puder","8":"product_cat-pudebetraek","9":"product_cat-tekstiler","11":"first","12":"instock","13":"taxable","14":"shipping-taxable","15":"purchasable","16":"product-type-variable"},"exclude_global_add_ons":false,"addons":[{"name":"M\u00f6chten Sie eine Geschenkverpackung?","type":"checkbox","position":0,"required":false,"title_format":"label","default":"","description_enable":false,"description":"","placeholder_enable":false,"placeholder":"","display":"images","restrictions_type":"any_text","adjust_price":false,"price":"","price_type":"flat_fee","restrictions":false,"min":"0","max":"0","options":[{"label":"Ja tak","price":"10","price_type":"flat_fee","image":11015,"visibility":true}],"id":1669646111},{"name":"Erhalten Sie Ihren Kissenbezug mit Montagepolster aus 100 %-Baumwolle und einer F\u00fcllung aus 100%-Daunen\/Federn","type":"checkbox","position":0,"required":false,"title_format":"label","default":"","description_enable":false,"description":"","placeholder_enable":false,"placeholder":"","display":"images","restrictions_type":"any_text","adjust_price":false,"price":"","price_type":"flat_fee","restrictions":false,"min":"0","max":"0","options":[{"label":"Ja tak","price":"125","price_type":"quantity_based","image":11025,"visibility":true}],"id":1760629331}],"yoast_head":"<!-- This site is optimized with the Yoast SEO plugin v27.4 - https:\/\/yoast.com\/product\/yoast-seo-wordpress\/ -->\n<title>Marokkansk kaktussilke pude | Terracotta | H\u00e5ndlavet i Marrakech<\/title>\n<meta name=\"description\" content=\"Kaktussilkepude i terracotta til din sofa. Passer til 50x50 eller 60x60 cm. puder, alt efter, hvor fyldig du \u00f8nsker din pude \u21d2 Find den her\" \/>\n<meta name=\"robots\" content=\"index, follow, max-snippet:-1, max-image-preview:large, max-video-preview:-1\" \/>\n<link rel=\"canonical\" href=\"https:\/\/tibladin.dk\/de\/produkt\/kissenbezug-aus-kaktusseide-terrakotta-50-x-50-cm\/\" \/>\n<meta property=\"og:locale\" content=\"de_DE\" \/>\n<meta property=\"og:type\" content=\"article\" \/>\n<meta property=\"og:title\" content=\"Marokkansk kaktussilke pude | Terracotta | H\u00e5ndlavet i Marrakech\" \/>\n<meta property=\"og:description\" content=\"Kaktussilkepude i terracotta til din sofa. Passer til 50x50 eller 60x60 cm. puder, alt efter, hvor fyldig du \u00f8nsker din pude \u21d2 Find den her\" \/>\n<meta property=\"og:url\" content=\"https:\/\/tibladin.dk\/de\/produkt\/kissenbezug-aus-kaktusseide-terrakotta-50-x-50-cm\/\" \/>\n<meta property=\"og:site_name\" content=\"Tibladin\" \/>\n<meta property=\"article:modified_time\" content=\"2026-04-22T14:45:59+00:00\" \/>\n<meta property=\"og:image\" content=\"https:\/\/tibladin.dk\/wp-content\/uploads\/2025\/06\/Photoroom_20260312_123020.jpg\" \/>\n\t<meta property=\"og:image:width\" content=\"2000\" \/>\n\t<meta property=\"og:image:height\" content=\"2000\" \/>\n\t<meta property=\"og:image:type\" content=\"image\/jpeg\" \/>\n<meta name=\"twitter:card\" content=\"summary_large_image\" \/>\n<meta name=\"twitter:label1\" content=\"Gesch\u00e4tzte Lesezeit\" \/>\n\t<meta name=\"twitter:data1\" content=\"2\u00a0Minuten\" \/>\n<script type=\"application\/ld+json\" class=\"yoast-schema-graph\">{\"@context\":\"https:\\\/\\\/schema.org\",\"@graph\":[{\"@type\":\"WebPage\",\"@id\":\"https:\\\/\\\/tibladin.dk\\\/produkt\\\/kaktussilke-pudebetraek-terracotta-50x50\\\/\",\"url\":\"https:\\\/\\\/tibladin.dk\\\/produkt\\\/kaktussilke-pudebetraek-terracotta-50x50\\\/\",\"name\":\"Marokkansk kaktussilke pude | Terracotta | H\u00e5ndlavet i Marrakech\",\"isPartOf\":{\"@id\":\"https:\\\/\\\/tibladin.dk\\\/#website\"},\"primaryImageOfPage\":{\"@id\":\"https:\\\/\\\/tibladin.dk\\\/produkt\\\/kaktussilke-pudebetraek-terracotta-50x50\\\/#primaryimage\"},\"image\":{\"@id\":\"https:\\\/\\\/tibladin.dk\\\/produkt\\\/kaktussilke-pudebetraek-terracotta-50x50\\\/#primaryimage\"},\"thumbnailUrl\":\"https:\\\/\\\/tibladin.dk\\\/wp-content\\\/uploads\\\/2025\\\/06\\\/Photoroom_20260312_123020.jpg\",\"datePublished\":\"2025-06-25T09:12:07+00:00\",\"dateModified\":\"2026-04-22T14:45:59+00:00\",\"description\":\"Kaktussilkepude i terracotta til din sofa. Passer til 50x50 eller 60x60 cm. puder, alt efter, hvor fyldig du \u00f8nsker din pude \u21d2 Find den her\",\"breadcrumb\":{\"@id\":\"https:\\\/\\\/tibladin.dk\\\/produkt\\\/kaktussilke-pudebetraek-terracotta-50x50\\\/#breadcrumb\"},\"inLanguage\":\"de\",\"potentialAction\":[{\"@type\":\"ReadAction\",\"target\":[\"https:\\\/\\\/tibladin.dk\\\/produkt\\\/kaktussilke-pudebetraek-terracotta-50x50\\\/\"]}]},{\"@type\":\"ImageObject\",\"inLanguage\":\"de\",\"@id\":\"https:\\\/\\\/tibladin.dk\\\/produkt\\\/kaktussilke-pudebetraek-terracotta-50x50\\\/#primaryimage\",\"url\":\"https:\\\/\\\/tibladin.dk\\\/wp-content\\\/uploads\\\/2025\\\/06\\\/Photoroom_20260312_123020.jpg\",\"contentUrl\":\"https:\\\/\\\/tibladin.dk\\\/wp-content\\\/uploads\\\/2025\\\/06\\\/Photoroom_20260312_123020.jpg\",\"width\":2000,\"height\":2000,\"caption\":\"terracotta kaktus puder\"},{\"@type\":\"BreadcrumbList\",\"@id\":\"https:\\\/\\\/tibladin.dk\\\/produkt\\\/kaktussilke-pudebetraek-terracotta-50x50\\\/#breadcrumb\",\"itemListElement\":[{\"@type\":\"ListItem\",\"position\":1,\"name\":\"Hjem\",\"item\":\"https:\\\/\\\/tibladin.dk\\\/\"},{\"@type\":\"ListItem\",\"position\":2,\"name\":\"Shop\",\"item\":\"https:\\\/\\\/tibladin.dk\\\/shop\\\/\"},{\"@type\":\"ListItem\",\"position\":3,\"name\":\"Kaktussilke pudebetr\u00e6k &#8211; terracotta 50&#215;50\"}]},{\"@type\":\"WebSite\",\"@id\":\"https:\\\/\\\/tibladin.dk\\\/#website\",\"url\":\"https:\\\/\\\/tibladin.dk\\\/\",\"name\":\"Tibladin\",\"description\":\"Tibladin\",\"publisher\":{\"@id\":\"https:\\\/\\\/tibladin.dk\\\/#organization\"},\"potentialAction\":[{\"@type\":\"SearchAction\",\"target\":{\"@type\":\"EntryPoint\",\"urlTemplate\":\"https:\\\/\\\/tibladin.dk\\\/?s={search_term_string}\"},\"query-input\":{\"@type\":\"PropertyValueSpecification\",\"valueRequired\":true,\"valueName\":\"search_term_string\"}}],\"inLanguage\":\"de\"},{\"@type\":\"Organization\",\"@id\":\"https:\\\/\\\/tibladin.dk\\\/#organization\",\"name\":\"Tibladin\",\"url\":\"https:\\\/\\\/tibladin.dk\\\/\",\"logo\":{\"@type\":\"ImageObject\",\"inLanguage\":\"de\",\"@id\":\"https:\\\/\\\/tibladin.dk\\\/#\\\/schema\\\/logo\\\/image\\\/\",\"url\":\"https:\\\/\\\/tibladin.dk\\\/wp-content\\\/uploads\\\/2022\\\/09\\\/tibladin_logo.svg\",\"contentUrl\":\"https:\\\/\\\/tibladin.dk\\\/wp-content\\\/uploads\\\/2022\\\/09\\\/tibladin_logo.svg\",\"caption\":\"Tibladin\"},\"image\":{\"@id\":\"https:\\\/\\\/tibladin.dk\\\/#\\\/schema\\\/logo\\\/image\\\/\"}}]}<\/script>\n<!-- \/ Yoast SEO plugin. -->","yoast_head_json":{"title":"Marokkanisches Kaktus-Seidenkissen | Terrakotta | Handgefertigt in Marrakesch","description":"Kaktus-Seidenkissen in Terrakotta f\u00fcr Ihr Sofa. Passend f\u00fcr 50x50 oder 60x60 cm. Kissen, je nachdem wie voll Sie Ihr Kissen haben m\u00f6chten \u21d2 Finden Sie es hier","robots":{"index":"index","follow":"follow","max-snippet":"max-snippet:-1","max-image-preview":"max-image-preview:large","max-video-preview":"max-video-preview:-1"},"canonical":"https:\/\/tibladin.dk\/de\/produkt\/kissenbezug-aus-kaktusseide-terrakotta-50-x-50-cm\/","og_locale":"de_DE","og_type":"article","og_title":"Marokkansk kaktussilke pude | Terracotta | H\u00e5ndlavet i Marrakech","og_description":"Kaktussilkepude i terracotta til din sofa. Passer til 50x50 eller 60x60 cm. puder, alt efter, hvor fyldig du \u00f8nsker din pude \u21d2 Find den her","og_url":"https:\/\/tibladin.dk\/de\/produkt\/kissenbezug-aus-kaktusseide-terrakotta-50-x-50-cm\/","og_site_name":"Tibladin","article_modified_time":"2026-04-22T14:45:59+00:00","og_image":[{"width":2000,"height":2000,"url":"https:\/\/tibladin.dk\/wp-content\/uploads\/2025\/06\/Photoroom_20260312_123020.jpg","type":"image\/jpeg"}],"twitter_card":"summary_large_image","twitter_misc":{"Gesch\u00e4tzte Lesezeit":"2\u00a0Minuten"},"schema":{"@context":"https:\/\/schema.org","@graph":[{"@type":"WebPage","@id":"https:\/\/tibladin.dk\/produkt\/kaktussilke-pudebetraek-terracotta-50x50\/","url":"https:\/\/tibladin.dk\/produkt\/kaktussilke-pudebetraek-terracotta-50x50\/","name":"Marokkanisches Kaktus-Seidenkissen | Terrakotta | Handgefertigt in Marrakesch","isPartOf":{"@id":"https:\/\/tibladin.dk\/#website"},"primaryImageOfPage":{"@id":"https:\/\/tibladin.dk\/produkt\/kaktussilke-pudebetraek-terracotta-50x50\/#primaryimage"},"image":{"@id":"https:\/\/tibladin.dk\/produkt\/kaktussilke-pudebetraek-terracotta-50x50\/#primaryimage"},"thumbnailUrl":"https:\/\/tibladin.dk\/wp-content\/uploads\/2025\/06\/Photoroom_20260312_123020.jpg","datePublished":"2025-06-25T09:12:07+00:00","dateModified":"2026-04-22T14:45:59+00:00","description":"Kaktus-Seidenkissen in Terrakotta f\u00fcr Ihr Sofa. Passend f\u00fcr 50x50 oder 60x60 cm. Kissen, je nachdem wie voll Sie Ihr Kissen haben m\u00f6chten \u21d2 Finden Sie es hier","breadcrumb":{"@id":"https:\/\/tibladin.dk\/produkt\/kaktussilke-pudebetraek-terracotta-50x50\/#breadcrumb"},"inLanguage":"de","potentialAction":[{"@type":"ReadAction","target":["https:\/\/tibladin.dk\/produkt\/kaktussilke-pudebetraek-terracotta-50x50\/"]}]},{"@type":"ImageObject","inLanguage":"de","@id":"https:\/\/tibladin.dk\/produkt\/kaktussilke-pudebetraek-terracotta-50x50\/#primaryimage","url":"https:\/\/tibladin.dk\/wp-content\/uploads\/2025\/06\/Photoroom_20260312_123020.jpg","contentUrl":"https:\/\/tibladin.dk\/wp-content\/uploads\/2025\/06\/Photoroom_20260312_123020.jpg","width":2000,"height":2000,"caption":"terracotta kaktus puder"},{"@type":"BreadcrumbList","@id":"https:\/\/tibladin.dk\/produkt\/kaktussilke-pudebetraek-terracotta-50x50\/#breadcrumb","itemListElement":[{"@type":"ListItem","position":1,"name":"Hjem","item":"https:\/\/tibladin.dk\/"},{"@type":"ListItem","position":2,"name":"Shop","item":"https:\/\/tibladin.dk\/shop\/"},{"@type":"ListItem","position":3,"name":"Kaktussilke pudebetr\u00e6k &#8211; terracotta 50&#215;50"}]},{"@type":"WebSite","@id":"https:\/\/tibladin.dk\/#website","url":"https:\/\/tibladin.dk\/","name":"Tibladin","description":"Tibladin","publisher":{"@id":"https:\/\/tibladin.dk\/#organization"},"potentialAction":[{"@type":"SearchAction","target":{"@type":"EntryPoint","urlTemplate":"https:\/\/tibladin.dk\/?s={search_term_string}"},"query-input":{"@type":"PropertyValueSpecification","valueRequired":true,"valueName":"search_term_string"}}],"inLanguage":"de"},{"@type":"Organization","@id":"https:\/\/tibladin.dk\/#organization","name":"Tibladin","url":"https:\/\/tibladin.dk\/","logo":{"@type":"ImageObject","inLanguage":"de","@id":"https:\/\/tibladin.dk\/#\/schema\/logo\/image\/","url":"https:\/\/tibladin.dk\/wp-content\/uploads\/2022\/09\/tibladin_logo.svg","contentUrl":"https:\/\/tibladin.dk\/wp-content\/uploads\/2022\/09\/tibladin_logo.svg","caption":"Tibladin"},"image":{"@id":"https:\/\/tibladin.dk\/#\/schema\/logo\/image\/"}}]}},"_links":{"self":[{"href":"https:\/\/tibladin.dk\/de\/wp-json\/wp\/v2\/product\/1849","targetHints":{"allow":["GET"]}}],"collection":[{"href":"https:\/\/tibladin.dk\/de\/wp-json\/wp\/v2\/product"}],"about":[{"href":"https:\/\/tibladin.dk\/de\/wp-json\/wp\/v2\/types\/product"}],"wp:featuredmedia":[{"embeddable":true,"href":"https:\/\/tibladin.dk\/de\/wp-json\/wp\/v2\/media\/43683"}],"wp:attachment":[{"href":"https:\/\/tibladin.dk\/de\/wp-json\/wp\/v2\/media?parent=1849"}],"wp:term":[{"taxonomy":"product_brand","embeddable":true,"href":"https:\/\/tibladin.dk\/de\/wp-json\/wp\/v2\/product_brand?post=1849"},{"taxonomy":"product_cat","embeddable":true,"href":"https:\/\/tibladin.dk\/de\/wp-json\/wp\/v2\/product_cat?post=1849"},{"taxonomy":"product_tag","embeddable":true,"href":"https:\/\/tibladin.dk\/de\/wp-json\/wp\/v2\/product_tag?post=1849"}],"curies":[{"name":"wp","href":"https:\/\/api.w.org\/{rel}","templated":true}]}}