{"id":1865,"date":"2022-09-20T11:12:13","date_gmt":"2022-09-20T09:12:13","guid":{"rendered":"https:\/\/tibladin.dk\/vare\/koksgraa-daekkeserviet-lysegraa-soelv-kant\/"},"modified":"2024-12-09T14:35:28","modified_gmt":"2024-12-09T13:35:28","slug":"anthrazitgraues-tischset-hellgrauer-silberner-rand","status":"publish","type":"product","link":"https:\/\/tibladin.dk\/de\/produkt\/koksgraa-daekkeserviet-lysegraa-soelv-kant\/","title":{"rendered":"Kohlegraues Tischset \u2013 hellgrauer\/silberner Rand"},"content":{"rendered":"<div class=\"wpb-content-wrapper\"><div class=\"vc_row wpb_row vc_row-fluid\"><div class=\"wpb_column vc_column_container vc_col-sm-4\"><div class=\"vc_column-inner\"><div class=\"wpb_wrapper\"><\/div><\/div><\/div><div class=\"wpb_column vc_column_container vc_col-sm-4\"><div class=\"vc_column-inner\"><div class=\"wpb_wrapper\"><h3 style=\"text-align: left\" class=\"vc_custom_heading vc_do_custom_heading\" >Wartung<\/h3>\n\t<div class=\"wpb_text_column wpb_content_element\" >\n\t\t<div class=\"wpb_wrapper\">\n\t\t\t<p>Die Tischsets bestehen aus 100 % Baumwolle und k\u00f6nnen bei bis zu 60 Grad in der Maschine gewaschen werden. B\u00fcgelbest\u00e4ndig.<\/p>\n\n\t\t<\/div>\n\t<\/div>\n<\/div><\/div><\/div><div class=\"wpb_column vc_column_container vc_col-sm-4\"><div class=\"vc_column-inner\"><div class=\"wpb_wrapper\"><h3 style=\"text-align: left\" class=\"vc_custom_heading vc_do_custom_heading\" >Die Geschichte dahinter<\/h3>\n\t<div class=\"wpb_text_column wpb_content_element\" >\n\t\t<div class=\"wpb_wrapper\">\n\t\t\t<p>Wenn Sie einen gut gedeckten Tisch sehen, an dem sich der Gastgeber die M\u00fche gemacht hat, sch\u00f6ne Tischsets aufzustellen, f\u00fchlen Sie sich als Gast wertgesch\u00e4tzt und willkommen. Ein Tischset aus Stoff kann viele Jahre lang wiederverwendet werden und ist weitaus umweltfreundlicher. Das Tischset besteht aus hochwertiger Baumwolle mit wundersch\u00f6nen handbestickten Kanten. Sie lassen sich leicht zu Ihrem gedeckten Tisch hinzuf\u00fcgen und verleihen einen sch\u00f6nen Ausdruck von Qualit\u00e4t. Hinter diesen Tischsets stecken viele Stunden Handarbeit.<\/p>\n\n\t\t<\/div>\n\t<\/div>\n<\/div><\/div><\/div><\/div>\n<\/div>","protected":false},"excerpt":{"rendered":"<p style=\"text-align: left;\">Tischset aus anthrazitfarbenem Baumwollleinen mit besticktem Rand aus hellgrauem Baumwollfaden.<\/p>\n<p>Geben Sie Ihren G\u00e4sten das Gef\u00fchl, etwas Besonderes zu sein, und decken Sie mit diesen Tischsets einen sch\u00f6nen Tisch \u00a0<a href=\"https:\/\/tibladin.dk\/de\/produktkategorie-3\/innere\/sitzordnung-bei-tisch-2\/steingut\/\">einzigartiges Steinzeug<\/a> und m\u00f6glicherweise <a href=\"https:\/\/tibladin.dk\/de\/produktkategorie-3\/innere\/sitzordnung-bei-tisch-2\/stoffservietten\/\">handbestickte Stoffservietten<\/a>.<\/p>\n<p class=\"p1\"><span class=\"s1\">Die Servietten sind bei bis zu 60 Grad in der Maschine waschbar und b\u00fcgelfest. Ma\u00dfe: 50 x 35 cm.<\/span><\/p>\n<p>&nbsp;<\/p>","protected":false},"featured_media":1861,"template":"","meta":{"inline_featured_image":false},"product_brand":[],"product_cat":[33,100,98,37],"product_tag":[],"class_list":{"0":"post-1865","1":"product","2":"type-product","3":"status-publish","4":"has-post-thumbnail","6":"product_cat-borddaekning","7":"product_cat-daekkeservietter","8":"product_cat-stofservietter","9":"product_cat-tekstiler","11":"first","12":"instock","13":"taxable","14":"shipping-taxable","15":"purchasable","16":"product-type-simple"},"exclude_global_add_ons":false,"addons":[{"name":"M\u00f6chten Sie eine Geschenkverpackung?","type":"checkbox","position":0,"required":false,"title_format":"label","default":"","description_enable":false,"description":"","placeholder_enable":false,"placeholder":"","display":"images","restrictions_type":"any_text","adjust_price":false,"price":"","price_type":"flat_fee","restrictions":false,"min":"0","max":"0","options":[{"label":"Ja tak","price":"10","price_type":"flat_fee","image":11015,"visibility":true}],"id":1669646111}],"yoast_head":"<!-- This site is optimized with the Yoast SEO plugin v27.4 - https:\/\/yoast.com\/product\/yoast-seo-wordpress\/ -->\n<title>D\u00e6kkeservietter i bomuldslinned | Broderet, lysegr\u00e5 kant | Tibladin<\/title>\n<meta name=\"description\" content=\"Flotte marokkanske d\u00e6kkeservietter med h\u00e5ndbroderede kanter i lysegr\u00e5\/s\u00f8lv bomuldstr\u00e5d. Lavet af 100% koksgr\u00e5 bomuldslinned \u21d2 K\u00f8b her\" \/>\n<meta name=\"robots\" content=\"index, follow, max-snippet:-1, max-image-preview:large, max-video-preview:-1\" \/>\n<link rel=\"canonical\" href=\"https:\/\/tibladin.dk\/de\/produkt\/anthrazitgraues-tischset-hellgrauer-silberner-rand\/\" \/>\n<meta property=\"og:locale\" content=\"de_DE\" \/>\n<meta property=\"og:type\" content=\"article\" \/>\n<meta property=\"og:title\" content=\"D\u00e6kkeservietter i bomuldslinned | Broderet, lysegr\u00e5 kant | Tibladin\" \/>\n<meta property=\"og:description\" content=\"Flotte marokkanske d\u00e6kkeservietter med h\u00e5ndbroderede kanter i lysegr\u00e5\/s\u00f8lv bomuldstr\u00e5d. Lavet af 100% koksgr\u00e5 bomuldslinned \u21d2 K\u00f8b her\" \/>\n<meta property=\"og:url\" content=\"https:\/\/tibladin.dk\/de\/produkt\/anthrazitgraues-tischset-hellgrauer-silberner-rand\/\" \/>\n<meta property=\"og:site_name\" content=\"Tibladin\" \/>\n<meta property=\"article:modified_time\" content=\"2024-12-09T13:35:28+00:00\" \/>\n<meta property=\"og:image\" content=\"https:\/\/tibladin.dk\/wp-content\/uploads\/2022\/09\/Tibladin_graa-daekkeservietter-1.jpg\" \/>\n\t<meta property=\"og:image:width\" content=\"800\" \/>\n\t<meta property=\"og:image:height\" content=\"800\" \/>\n\t<meta property=\"og:image:type\" content=\"image\/jpeg\" \/>\n<meta name=\"twitter:card\" content=\"summary_large_image\" \/>\n<meta name=\"twitter:label1\" content=\"Gesch\u00e4tzte Lesezeit\" \/>\n\t<meta name=\"twitter:data1\" content=\"1\u00a0Minute\" \/>\n<script type=\"application\/ld+json\" class=\"yoast-schema-graph\">{\"@context\":\"https:\\\/\\\/schema.org\",\"@graph\":[{\"@type\":\"WebPage\",\"@id\":\"https:\\\/\\\/tibladin.dk\\\/produkt\\\/koksgraa-daekkeserviet-lysegraa-soelv-kant\\\/\",\"url\":\"https:\\\/\\\/tibladin.dk\\\/produkt\\\/koksgraa-daekkeserviet-lysegraa-soelv-kant\\\/\",\"name\":\"D\u00e6kkeservietter i bomuldslinned | Broderet, lysegr\u00e5 kant | Tibladin\",\"isPartOf\":{\"@id\":\"https:\\\/\\\/tibladin.dk\\\/#website\"},\"primaryImageOfPage\":{\"@id\":\"https:\\\/\\\/tibladin.dk\\\/produkt\\\/koksgraa-daekkeserviet-lysegraa-soelv-kant\\\/#primaryimage\"},\"image\":{\"@id\":\"https:\\\/\\\/tibladin.dk\\\/produkt\\\/koksgraa-daekkeserviet-lysegraa-soelv-kant\\\/#primaryimage\"},\"thumbnailUrl\":\"https:\\\/\\\/tibladin.dk\\\/wp-content\\\/uploads\\\/2022\\\/09\\\/Tibladin_graa-daekkeservietter-1.jpg\",\"datePublished\":\"2022-09-20T09:12:13+00:00\",\"dateModified\":\"2024-12-09T13:35:28+00:00\",\"description\":\"Flotte marokkanske d\u00e6kkeservietter med h\u00e5ndbroderede kanter i lysegr\u00e5\\\/s\u00f8lv bomuldstr\u00e5d. Lavet af 100% koksgr\u00e5 bomuldslinned \u21d2 K\u00f8b her\",\"breadcrumb\":{\"@id\":\"https:\\\/\\\/tibladin.dk\\\/produkt\\\/koksgraa-daekkeserviet-lysegraa-soelv-kant\\\/#breadcrumb\"},\"inLanguage\":\"de\",\"potentialAction\":[{\"@type\":\"ReadAction\",\"target\":[\"https:\\\/\\\/tibladin.dk\\\/produkt\\\/koksgraa-daekkeserviet-lysegraa-soelv-kant\\\/\"]}]},{\"@type\":\"ImageObject\",\"inLanguage\":\"de\",\"@id\":\"https:\\\/\\\/tibladin.dk\\\/produkt\\\/koksgraa-daekkeserviet-lysegraa-soelv-kant\\\/#primaryimage\",\"url\":\"https:\\\/\\\/tibladin.dk\\\/wp-content\\\/uploads\\\/2022\\\/09\\\/Tibladin_graa-daekkeservietter-1.jpg\",\"contentUrl\":\"https:\\\/\\\/tibladin.dk\\\/wp-content\\\/uploads\\\/2022\\\/09\\\/Tibladin_graa-daekkeservietter-1.jpg\",\"width\":800,\"height\":800,\"caption\":\"Koksgr\u00e5 marokkanske h\u00e5ndbroderet d\u00e6kkeservietter med hvid kant og hvide pomponer, p\u00e5 et tr\u00e6bord\"},{\"@type\":\"BreadcrumbList\",\"@id\":\"https:\\\/\\\/tibladin.dk\\\/produkt\\\/koksgraa-daekkeserviet-lysegraa-soelv-kant\\\/#breadcrumb\",\"itemListElement\":[{\"@type\":\"ListItem\",\"position\":1,\"name\":\"Hjem\",\"item\":\"https:\\\/\\\/tibladin.dk\\\/\"},{\"@type\":\"ListItem\",\"position\":2,\"name\":\"Shop\",\"item\":\"https:\\\/\\\/tibladin.dk\\\/shop\\\/\"},{\"@type\":\"ListItem\",\"position\":3,\"name\":\"Koksgr\u00e5 d\u00e6kkeserviet &#8211; lysegr\u00e5\\\/s\u00f8lv kant\"}]},{\"@type\":\"WebSite\",\"@id\":\"https:\\\/\\\/tibladin.dk\\\/#website\",\"url\":\"https:\\\/\\\/tibladin.dk\\\/\",\"name\":\"Tibladin\",\"description\":\"Tibladin\",\"publisher\":{\"@id\":\"https:\\\/\\\/tibladin.dk\\\/#organization\"},\"potentialAction\":[{\"@type\":\"SearchAction\",\"target\":{\"@type\":\"EntryPoint\",\"urlTemplate\":\"https:\\\/\\\/tibladin.dk\\\/?s={search_term_string}\"},\"query-input\":{\"@type\":\"PropertyValueSpecification\",\"valueRequired\":true,\"valueName\":\"search_term_string\"}}],\"inLanguage\":\"de\"},{\"@type\":\"Organization\",\"@id\":\"https:\\\/\\\/tibladin.dk\\\/#organization\",\"name\":\"Tibladin\",\"url\":\"https:\\\/\\\/tibladin.dk\\\/\",\"logo\":{\"@type\":\"ImageObject\",\"inLanguage\":\"de\",\"@id\":\"https:\\\/\\\/tibladin.dk\\\/#\\\/schema\\\/logo\\\/image\\\/\",\"url\":\"https:\\\/\\\/tibladin.dk\\\/wp-content\\\/uploads\\\/2022\\\/09\\\/tibladin_logo.svg\",\"contentUrl\":\"https:\\\/\\\/tibladin.dk\\\/wp-content\\\/uploads\\\/2022\\\/09\\\/tibladin_logo.svg\",\"caption\":\"Tibladin\"},\"image\":{\"@id\":\"https:\\\/\\\/tibladin.dk\\\/#\\\/schema\\\/logo\\\/image\\\/\"}}]}<\/script>\n<!-- \/ Yoast SEO plugin. -->","yoast_head_json":{"title":"Tischsets aus Baumwollleinen | Gestickter, hellgrauer Rand | Tibladin","description":"Wundersch\u00f6ne marokkanische Tischsets mit handgestickten R\u00e4ndern aus hellgrauem\/silbernem Baumwollfaden. Hergestellt aus anthrazitfarbenem Baumwollleinen 100% \u21d2 Hier kaufen","robots":{"index":"index","follow":"follow","max-snippet":"max-snippet:-1","max-image-preview":"max-image-preview:large","max-video-preview":"max-video-preview:-1"},"canonical":"https:\/\/tibladin.dk\/de\/produkt\/anthrazitgraues-tischset-hellgrauer-silberner-rand\/","og_locale":"de_DE","og_type":"article","og_title":"D\u00e6kkeservietter i bomuldslinned | Broderet, lysegr\u00e5 kant | Tibladin","og_description":"Flotte marokkanske d\u00e6kkeservietter med h\u00e5ndbroderede kanter i lysegr\u00e5\/s\u00f8lv bomuldstr\u00e5d. Lavet af 100% koksgr\u00e5 bomuldslinned \u21d2 K\u00f8b her","og_url":"https:\/\/tibladin.dk\/de\/produkt\/anthrazitgraues-tischset-hellgrauer-silberner-rand\/","og_site_name":"Tibladin","article_modified_time":"2024-12-09T13:35:28+00:00","og_image":[{"width":800,"height":800,"url":"https:\/\/tibladin.dk\/wp-content\/uploads\/2022\/09\/Tibladin_graa-daekkeservietter-1.jpg","type":"image\/jpeg"}],"twitter_card":"summary_large_image","twitter_misc":{"Gesch\u00e4tzte Lesezeit":"1\u00a0Minute"},"schema":{"@context":"https:\/\/schema.org","@graph":[{"@type":"WebPage","@id":"https:\/\/tibladin.dk\/produkt\/koksgraa-daekkeserviet-lysegraa-soelv-kant\/","url":"https:\/\/tibladin.dk\/produkt\/koksgraa-daekkeserviet-lysegraa-soelv-kant\/","name":"Tischsets aus Baumwollleinen | Gestickter, hellgrauer Rand | Tibladin","isPartOf":{"@id":"https:\/\/tibladin.dk\/#website"},"primaryImageOfPage":{"@id":"https:\/\/tibladin.dk\/produkt\/koksgraa-daekkeserviet-lysegraa-soelv-kant\/#primaryimage"},"image":{"@id":"https:\/\/tibladin.dk\/produkt\/koksgraa-daekkeserviet-lysegraa-soelv-kant\/#primaryimage"},"thumbnailUrl":"https:\/\/tibladin.dk\/wp-content\/uploads\/2022\/09\/Tibladin_graa-daekkeservietter-1.jpg","datePublished":"2022-09-20T09:12:13+00:00","dateModified":"2024-12-09T13:35:28+00:00","description":"Wundersch\u00f6ne marokkanische Tischsets mit handgestickten R\u00e4ndern aus hellgrauem\/silbernem Baumwollfaden. Hergestellt aus anthrazitfarbenem Baumwollleinen 100% \u21d2 Hier kaufen","breadcrumb":{"@id":"https:\/\/tibladin.dk\/produkt\/koksgraa-daekkeserviet-lysegraa-soelv-kant\/#breadcrumb"},"inLanguage":"de","potentialAction":[{"@type":"ReadAction","target":["https:\/\/tibladin.dk\/produkt\/koksgraa-daekkeserviet-lysegraa-soelv-kant\/"]}]},{"@type":"ImageObject","inLanguage":"de","@id":"https:\/\/tibladin.dk\/produkt\/koksgraa-daekkeserviet-lysegraa-soelv-kant\/#primaryimage","url":"https:\/\/tibladin.dk\/wp-content\/uploads\/2022\/09\/Tibladin_graa-daekkeservietter-1.jpg","contentUrl":"https:\/\/tibladin.dk\/wp-content\/uploads\/2022\/09\/Tibladin_graa-daekkeservietter-1.jpg","width":800,"height":800,"caption":"Koksgr\u00e5 marokkanske h\u00e5ndbroderet d\u00e6kkeservietter med hvid kant og hvide pomponer, p\u00e5 et tr\u00e6bord"},{"@type":"BreadcrumbList","@id":"https:\/\/tibladin.dk\/produkt\/koksgraa-daekkeserviet-lysegraa-soelv-kant\/#breadcrumb","itemListElement":[{"@type":"ListItem","position":1,"name":"Hjem","item":"https:\/\/tibladin.dk\/"},{"@type":"ListItem","position":2,"name":"Shop","item":"https:\/\/tibladin.dk\/shop\/"},{"@type":"ListItem","position":3,"name":"Koksgr\u00e5 d\u00e6kkeserviet &#8211; lysegr\u00e5\/s\u00f8lv kant"}]},{"@type":"WebSite","@id":"https:\/\/tibladin.dk\/#website","url":"https:\/\/tibladin.dk\/","name":"Tibladin","description":"Tibladin","publisher":{"@id":"https:\/\/tibladin.dk\/#organization"},"potentialAction":[{"@type":"SearchAction","target":{"@type":"EntryPoint","urlTemplate":"https:\/\/tibladin.dk\/?s={search_term_string}"},"query-input":{"@type":"PropertyValueSpecification","valueRequired":true,"valueName":"search_term_string"}}],"inLanguage":"de"},{"@type":"Organization","@id":"https:\/\/tibladin.dk\/#organization","name":"Tibladin","url":"https:\/\/tibladin.dk\/","logo":{"@type":"ImageObject","inLanguage":"de","@id":"https:\/\/tibladin.dk\/#\/schema\/logo\/image\/","url":"https:\/\/tibladin.dk\/wp-content\/uploads\/2022\/09\/tibladin_logo.svg","contentUrl":"https:\/\/tibladin.dk\/wp-content\/uploads\/2022\/09\/tibladin_logo.svg","caption":"Tibladin"},"image":{"@id":"https:\/\/tibladin.dk\/#\/schema\/logo\/image\/"}}]}},"_links":{"self":[{"href":"https:\/\/tibladin.dk\/de\/wp-json\/wp\/v2\/product\/1865","targetHints":{"allow":["GET"]}}],"collection":[{"href":"https:\/\/tibladin.dk\/de\/wp-json\/wp\/v2\/product"}],"about":[{"href":"https:\/\/tibladin.dk\/de\/wp-json\/wp\/v2\/types\/product"}],"wp:featuredmedia":[{"embeddable":true,"href":"https:\/\/tibladin.dk\/de\/wp-json\/wp\/v2\/media\/1861"}],"wp:attachment":[{"href":"https:\/\/tibladin.dk\/de\/wp-json\/wp\/v2\/media?parent=1865"}],"wp:term":[{"taxonomy":"product_brand","embeddable":true,"href":"https:\/\/tibladin.dk\/de\/wp-json\/wp\/v2\/product_brand?post=1865"},{"taxonomy":"product_cat","embeddable":true,"href":"https:\/\/tibladin.dk\/de\/wp-json\/wp\/v2\/product_cat?post=1865"},{"taxonomy":"product_tag","embeddable":true,"href":"https:\/\/tibladin.dk\/de\/wp-json\/wp\/v2\/product_tag?post=1865"}],"curies":[{"name":"wp","href":"https:\/\/api.w.org\/{rel}","templated":true}]}}