{"id":1915,"date":"2022-09-20T11:12:33","date_gmt":"2022-09-20T09:12:33","guid":{"rendered":"https:\/\/tibladin.dk\/vare\/skaal-groen-marbre-draabeformet\/"},"modified":"2025-11-09T15:44:42","modified_gmt":"2025-11-09T14:44:42","slug":"skaal-green-marmor-tropfenformig","status":"publish","type":"product","link":"https:\/\/tibladin.dk\/de\/produkt\/skaal-groen-marbre-draabeformet\/","title":{"rendered":"Sch\u00fcssel gr\u00fcn marbr\u00e9 \u2013 tropfenf\u00f6rmig"},"content":{"rendered":"<div class=\"wpb-content-wrapper\"><div class=\"vc_row wpb_row vc_row-fluid\"><div class=\"wpb_column vc_column_container vc_col-sm-4\"><div class=\"vc_column-inner\"><div class=\"wpb_wrapper\">\n\t<div class=\"wpb_video_widget wpb_content_element vc_clearfix   vc_video-aspect-ratio-43 vc_video-el-width-100 vc_video-align-left\" >\n\t\t<div class=\"wpb_wrapper\">\n\t\t\t\n\t\t\t<div class=\"wpb_video_wrapper\"><div class=\"video-container\"><iframe loading=\"lazy\" title=\"Tibladin_produktion Steinzeug\" src=\"https:\/\/player.vimeo.com\/video\/415400643?dnt=1&amp;app_id=122963\" width=\"310\" height=\"310\" frameborder=\"0\" allow=\"autoplay; fullscreen; picture-in-picture\"><\/iframe><\/div><\/div>\n\t\t<\/div>\n\t<\/div>\n<\/div><\/div><\/div><div class=\"wpb_column vc_column_container vc_col-sm-4\"><div class=\"vc_column-inner\"><div class=\"wpb_wrapper\"><h3 style=\"text-align: left\" class=\"vc_custom_heading vc_do_custom_heading\" >Wartung<\/h3>\n\t<div class=\"wpb_text_column wpb_content_element\" >\n\t\t<div class=\"wpb_wrapper\">\n\t\t\t<p>Kann mit mildem Seifenwasser gewaschen werden \u2013 kann auch in die Sp\u00fclmaschine gegeben werden.<\/p>\n<p>S\u00e4mtliches Steingut ist handgefertigt und es kann zu Abweichungen in Farbe und Form kommen.<\/p>\n\n\t\t<\/div>\n\t<\/div>\n<\/div><\/div><\/div><div class=\"wpb_column vc_column_container vc_col-sm-4\"><div class=\"vc_column-inner\"><div class=\"wpb_wrapper\"><h3 style=\"text-align: left\" class=\"vc_custom_heading vc_do_custom_heading\" >Die Geschichte dahinter<\/h3>\n\t<div class=\"wpb_text_column wpb_content_element\" >\n\t\t<div class=\"wpb_wrapper\">\n\t\t\t<p>Eine sch\u00f6ne Tischdekoration mit einzigartigen, sch\u00f6nen Dingen kann ein gutes Gespr\u00e4chsthema mit Ihren G\u00e4sten sein. Meine Zusammenarbeit mit diesem Steinzeughersteller ist absolut au\u00dfergew\u00f6hnlich. Hier ist man darauf spezialisiert, zeitloses Steinzeug mit einem Hauch von Marokko herzustellen, genau wie ich es liebe. Es wird auch Marrakesch-Porzellan genannt. Sie liefern weltweit und an alle gro\u00dfen Hotels, Restaurants und Gesch\u00e4fte. Das Steinzeug wird bei \u00fcber 1200 Grad gebrannt, was es sehr langlebig macht. Alles, was Sie auf dieser Seite unter Steinzeug sehen, ist f\u00fcr den Einsatz im Ofen, in der Mikrowelle und in der Sp\u00fclmaschine zugelassen. Als Verbraucher k\u00f6nnen Sie sicher sein, dass alles nach internationalen Standards und Prob65 California zugelassen ist, was darauf hinweist, dass es sich um ungiftige Materialien und Glasur handelt \u2013 zugelassen, daraus essen und trinken zu d\u00fcrfen.<\/p>\n\n\t\t<\/div>\n\t<\/div>\n<\/div><\/div><\/div><\/div>\n<\/div>","protected":false},"excerpt":{"rendered":"<p class=\"p1\"><span class=\"s1\">Tropfenf\u00f6rmige Schale in der Farbe gr\u00fcnes Marbr\u00e9\u00a0<\/span><\/p>\n<p class=\"p1\"><span class=\"s1\"> Wird nach einer ganz besonderen Technik handgefertigt, die eine marmor\u00e4hnliche Oberfl\u00e4che und sch\u00f6nstes Farbspiel ergibt. Jede Schale ist ein Unikat und weist ein anderes Farbspiel auf.<\/span><\/p>\n<p>20 cm lang und hinten 8 cm hoch und vorne 4 cm hoch.<\/p>\n<p>Verwenden Sie die Sch\u00fcssel als Salat- oder Serviersch\u00fcssel oder zum Nachtisch. Sie k\u00f6nnen eine wundersch\u00f6ne Blume auf dem Tisch kreieren, indem Sie 4 Schalen so zusammenstellen, dass die Spitzen einander zugewandt sind.<\/p>","protected":false},"featured_media":1911,"template":"","meta":{"inline_featured_image":false},"product_brand":[],"product_cat":[47,48,43,32],"product_tag":[],"class_list":{"0":"post-1915","1":"product","2":"type-product","3":"status-publish","4":"has-post-thumbnail","6":"product_cat-gaven-til-ham","7":"product_cat-skaale","8":"product_cat-stentoej","9":"product_cat-tilbud","11":"first","12":"instock","13":"sale","14":"taxable","15":"shipping-taxable","16":"purchasable","17":"product-type-simple"},"exclude_global_add_ons":false,"addons":[{"name":"M\u00f6chten Sie eine Geschenkverpackung?","type":"checkbox","position":0,"required":false,"title_format":"label","default":"","description_enable":false,"description":"","placeholder_enable":false,"placeholder":"","display":"images","restrictions_type":"any_text","adjust_price":false,"price":"","price_type":"flat_fee","restrictions":false,"min":"0","max":"0","options":[{"label":"Ja tak","price":"10","price_type":"flat_fee","image":11015,"visibility":true}],"id":1669646111}],"yoast_head":"<!-- This site is optimized with the Yoast SEO plugin v27.4 - https:\/\/yoast.com\/product\/yoast-seo-wordpress\/ -->\n<title>Dr\u00e5beformet sk\u00e5l i gr\u00f8n marbr\u00e9 | Marokkansk stent\u00f8j | Tibladin<\/title>\n<meta name=\"description\" content=\"Dr\u00e5beformet sk\u00e5le i farven gr\u00f8n marbr\u00e9 - Flotte som salat- og dessert-sk\u00e5le og til tapenader, snacks og lignende \u21d2 se dem her.\" \/>\n<meta name=\"robots\" content=\"index, follow, max-snippet:-1, max-image-preview:large, max-video-preview:-1\" \/>\n<link rel=\"canonical\" href=\"https:\/\/tibladin.dk\/de\/produkt\/skaal-green-marmor-tropfenformig\/\" \/>\n<meta property=\"og:locale\" content=\"de_DE\" \/>\n<meta property=\"og:type\" content=\"article\" \/>\n<meta property=\"og:title\" content=\"Dr\u00e5beformet sk\u00e5l i gr\u00f8n marbr\u00e9 | Marokkansk stent\u00f8j | Tibladin\" \/>\n<meta property=\"og:description\" content=\"Dr\u00e5beformet sk\u00e5le i farven gr\u00f8n marbr\u00e9 - Flotte som salat- og dessert-sk\u00e5le og til tapenader, snacks og lignende \u21d2 se dem her.\" \/>\n<meta property=\"og:url\" content=\"https:\/\/tibladin.dk\/de\/produkt\/skaal-green-marmor-tropfenformig\/\" \/>\n<meta property=\"og:site_name\" content=\"Tibladin\" \/>\n<meta property=\"article:modified_time\" content=\"2025-11-09T14:44:42+00:00\" \/>\n<meta property=\"og:image\" content=\"https:\/\/tibladin.dk\/wp-content\/uploads\/2022\/09\/Tibladin_marokkanske-groen-marbre-skaale-draabeformet-1.jpg\" \/>\n\t<meta property=\"og:image:width\" content=\"800\" \/>\n\t<meta property=\"og:image:height\" content=\"800\" \/>\n\t<meta property=\"og:image:type\" content=\"image\/jpeg\" \/>\n<meta name=\"twitter:card\" content=\"summary_large_image\" \/>\n<meta name=\"twitter:label1\" content=\"Gesch\u00e4tzte Lesezeit\" \/>\n\t<meta name=\"twitter:data1\" content=\"2\u00a0Minuten\" \/>\n<script type=\"application\/ld+json\" class=\"yoast-schema-graph\">{\"@context\":\"https:\\\/\\\/schema.org\",\"@graph\":[{\"@type\":\"WebPage\",\"@id\":\"https:\\\/\\\/tibladin.dk\\\/produkt\\\/skaal-groen-marbre-draabeformet\\\/\",\"url\":\"https:\\\/\\\/tibladin.dk\\\/produkt\\\/skaal-groen-marbre-draabeformet\\\/\",\"name\":\"Dr\u00e5beformet sk\u00e5l i gr\u00f8n marbr\u00e9 | Marokkansk stent\u00f8j | Tibladin\",\"isPartOf\":{\"@id\":\"https:\\\/\\\/tibladin.dk\\\/#website\"},\"primaryImageOfPage\":{\"@id\":\"https:\\\/\\\/tibladin.dk\\\/produkt\\\/skaal-groen-marbre-draabeformet\\\/#primaryimage\"},\"image\":{\"@id\":\"https:\\\/\\\/tibladin.dk\\\/produkt\\\/skaal-groen-marbre-draabeformet\\\/#primaryimage\"},\"thumbnailUrl\":\"https:\\\/\\\/tibladin.dk\\\/wp-content\\\/uploads\\\/2022\\\/09\\\/Tibladin_marokkanske-groen-marbre-skaale-draabeformet-1.jpg\",\"datePublished\":\"2022-09-20T09:12:33+00:00\",\"dateModified\":\"2025-11-09T14:44:42+00:00\",\"description\":\"Dr\u00e5beformet sk\u00e5le i farven gr\u00f8n marbr\u00e9 - Flotte som salat- og dessert-sk\u00e5le og til tapenader, snacks og lignende \u21d2 se dem her.\",\"breadcrumb\":{\"@id\":\"https:\\\/\\\/tibladin.dk\\\/produkt\\\/skaal-groen-marbre-draabeformet\\\/#breadcrumb\"},\"inLanguage\":\"de\",\"potentialAction\":[{\"@type\":\"ReadAction\",\"target\":[\"https:\\\/\\\/tibladin.dk\\\/produkt\\\/skaal-groen-marbre-draabeformet\\\/\"]}]},{\"@type\":\"ImageObject\",\"inLanguage\":\"de\",\"@id\":\"https:\\\/\\\/tibladin.dk\\\/produkt\\\/skaal-groen-marbre-draabeformet\\\/#primaryimage\",\"url\":\"https:\\\/\\\/tibladin.dk\\\/wp-content\\\/uploads\\\/2022\\\/09\\\/Tibladin_marokkanske-groen-marbre-skaale-draabeformet-1.jpg\",\"contentUrl\":\"https:\\\/\\\/tibladin.dk\\\/wp-content\\\/uploads\\\/2022\\\/09\\\/Tibladin_marokkanske-groen-marbre-skaale-draabeformet-1.jpg\",\"width\":800,\"height\":800,\"caption\":\"Fire marokkanske h\u00e5ndlavede stent\u00f8js sk\u00e5le der er formet som en dr\u00e5be\"},{\"@type\":\"BreadcrumbList\",\"@id\":\"https:\\\/\\\/tibladin.dk\\\/produkt\\\/skaal-groen-marbre-draabeformet\\\/#breadcrumb\",\"itemListElement\":[{\"@type\":\"ListItem\",\"position\":1,\"name\":\"Hjem\",\"item\":\"https:\\\/\\\/tibladin.dk\\\/\"},{\"@type\":\"ListItem\",\"position\":2,\"name\":\"Shop\",\"item\":\"https:\\\/\\\/tibladin.dk\\\/shop\\\/\"},{\"@type\":\"ListItem\",\"position\":3,\"name\":\"Sk\u00e5l gr\u00f8n marbr\u00e9 &#8211; dr\u00e5beformet\"}]},{\"@type\":\"WebSite\",\"@id\":\"https:\\\/\\\/tibladin.dk\\\/#website\",\"url\":\"https:\\\/\\\/tibladin.dk\\\/\",\"name\":\"Tibladin\",\"description\":\"Tibladin\",\"publisher\":{\"@id\":\"https:\\\/\\\/tibladin.dk\\\/#organization\"},\"potentialAction\":[{\"@type\":\"SearchAction\",\"target\":{\"@type\":\"EntryPoint\",\"urlTemplate\":\"https:\\\/\\\/tibladin.dk\\\/?s={search_term_string}\"},\"query-input\":{\"@type\":\"PropertyValueSpecification\",\"valueRequired\":true,\"valueName\":\"search_term_string\"}}],\"inLanguage\":\"de\"},{\"@type\":\"Organization\",\"@id\":\"https:\\\/\\\/tibladin.dk\\\/#organization\",\"name\":\"Tibladin\",\"url\":\"https:\\\/\\\/tibladin.dk\\\/\",\"logo\":{\"@type\":\"ImageObject\",\"inLanguage\":\"de\",\"@id\":\"https:\\\/\\\/tibladin.dk\\\/#\\\/schema\\\/logo\\\/image\\\/\",\"url\":\"https:\\\/\\\/tibladin.dk\\\/wp-content\\\/uploads\\\/2022\\\/09\\\/tibladin_logo.svg\",\"contentUrl\":\"https:\\\/\\\/tibladin.dk\\\/wp-content\\\/uploads\\\/2022\\\/09\\\/tibladin_logo.svg\",\"caption\":\"Tibladin\"},\"image\":{\"@id\":\"https:\\\/\\\/tibladin.dk\\\/#\\\/schema\\\/logo\\\/image\\\/\"}}]}<\/script>\n<!-- \/ Yoast SEO plugin. -->","yoast_head_json":{"title":"Tropfenf\u00f6rmige Schale aus gr\u00fcnem Marmor | Marokkanisches Steinzeug | Tibladin","description":"Tropfenf\u00f6rmige Schalen in der Farbe gr\u00fcnes Marbr\u00e9 \u2013 toll als Salat- und Dessertschalen sowie f\u00fcr Tapenaden, Snacks und \u00c4hnliches \u21d2 sehen Sie sie hier.","robots":{"index":"index","follow":"follow","max-snippet":"max-snippet:-1","max-image-preview":"max-image-preview:large","max-video-preview":"max-video-preview:-1"},"canonical":"https:\/\/tibladin.dk\/de\/produkt\/skaal-green-marmor-tropfenformig\/","og_locale":"de_DE","og_type":"article","og_title":"Dr\u00e5beformet sk\u00e5l i gr\u00f8n marbr\u00e9 | Marokkansk stent\u00f8j | Tibladin","og_description":"Dr\u00e5beformet sk\u00e5le i farven gr\u00f8n marbr\u00e9 - Flotte som salat- og dessert-sk\u00e5le og til tapenader, snacks og lignende \u21d2 se dem her.","og_url":"https:\/\/tibladin.dk\/de\/produkt\/skaal-green-marmor-tropfenformig\/","og_site_name":"Tibladin","article_modified_time":"2025-11-09T14:44:42+00:00","og_image":[{"width":800,"height":800,"url":"https:\/\/tibladin.dk\/wp-content\/uploads\/2022\/09\/Tibladin_marokkanske-groen-marbre-skaale-draabeformet-1.jpg","type":"image\/jpeg"}],"twitter_card":"summary_large_image","twitter_misc":{"Gesch\u00e4tzte Lesezeit":"2\u00a0Minuten"},"schema":{"@context":"https:\/\/schema.org","@graph":[{"@type":"WebPage","@id":"https:\/\/tibladin.dk\/produkt\/skaal-groen-marbre-draabeformet\/","url":"https:\/\/tibladin.dk\/produkt\/skaal-groen-marbre-draabeformet\/","name":"Tropfenf\u00f6rmige Schale aus gr\u00fcnem Marmor | Marokkanisches Steinzeug | Tibladin","isPartOf":{"@id":"https:\/\/tibladin.dk\/#website"},"primaryImageOfPage":{"@id":"https:\/\/tibladin.dk\/produkt\/skaal-groen-marbre-draabeformet\/#primaryimage"},"image":{"@id":"https:\/\/tibladin.dk\/produkt\/skaal-groen-marbre-draabeformet\/#primaryimage"},"thumbnailUrl":"https:\/\/tibladin.dk\/wp-content\/uploads\/2022\/09\/Tibladin_marokkanske-groen-marbre-skaale-draabeformet-1.jpg","datePublished":"2022-09-20T09:12:33+00:00","dateModified":"2025-11-09T14:44:42+00:00","description":"Tropfenf\u00f6rmige Schalen in der Farbe gr\u00fcnes Marbr\u00e9 \u2013 toll als Salat- und Dessertschalen sowie f\u00fcr Tapenaden, Snacks und \u00c4hnliches \u21d2 sehen Sie sie hier.","breadcrumb":{"@id":"https:\/\/tibladin.dk\/produkt\/skaal-groen-marbre-draabeformet\/#breadcrumb"},"inLanguage":"de","potentialAction":[{"@type":"ReadAction","target":["https:\/\/tibladin.dk\/produkt\/skaal-groen-marbre-draabeformet\/"]}]},{"@type":"ImageObject","inLanguage":"de","@id":"https:\/\/tibladin.dk\/produkt\/skaal-groen-marbre-draabeformet\/#primaryimage","url":"https:\/\/tibladin.dk\/wp-content\/uploads\/2022\/09\/Tibladin_marokkanske-groen-marbre-skaale-draabeformet-1.jpg","contentUrl":"https:\/\/tibladin.dk\/wp-content\/uploads\/2022\/09\/Tibladin_marokkanske-groen-marbre-skaale-draabeformet-1.jpg","width":800,"height":800,"caption":"Fire marokkanske h\u00e5ndlavede stent\u00f8js sk\u00e5le der er formet som en dr\u00e5be"},{"@type":"BreadcrumbList","@id":"https:\/\/tibladin.dk\/produkt\/skaal-groen-marbre-draabeformet\/#breadcrumb","itemListElement":[{"@type":"ListItem","position":1,"name":"Hjem","item":"https:\/\/tibladin.dk\/"},{"@type":"ListItem","position":2,"name":"Shop","item":"https:\/\/tibladin.dk\/shop\/"},{"@type":"ListItem","position":3,"name":"Sk\u00e5l gr\u00f8n marbr\u00e9 &#8211; dr\u00e5beformet"}]},{"@type":"WebSite","@id":"https:\/\/tibladin.dk\/#website","url":"https:\/\/tibladin.dk\/","name":"Tibladin","description":"Tibladin","publisher":{"@id":"https:\/\/tibladin.dk\/#organization"},"potentialAction":[{"@type":"SearchAction","target":{"@type":"EntryPoint","urlTemplate":"https:\/\/tibladin.dk\/?s={search_term_string}"},"query-input":{"@type":"PropertyValueSpecification","valueRequired":true,"valueName":"search_term_string"}}],"inLanguage":"de"},{"@type":"Organization","@id":"https:\/\/tibladin.dk\/#organization","name":"Tibladin","url":"https:\/\/tibladin.dk\/","logo":{"@type":"ImageObject","inLanguage":"de","@id":"https:\/\/tibladin.dk\/#\/schema\/logo\/image\/","url":"https:\/\/tibladin.dk\/wp-content\/uploads\/2022\/09\/tibladin_logo.svg","contentUrl":"https:\/\/tibladin.dk\/wp-content\/uploads\/2022\/09\/tibladin_logo.svg","caption":"Tibladin"},"image":{"@id":"https:\/\/tibladin.dk\/#\/schema\/logo\/image\/"}}]}},"_links":{"self":[{"href":"https:\/\/tibladin.dk\/de\/wp-json\/wp\/v2\/product\/1915","targetHints":{"allow":["GET"]}}],"collection":[{"href":"https:\/\/tibladin.dk\/de\/wp-json\/wp\/v2\/product"}],"about":[{"href":"https:\/\/tibladin.dk\/de\/wp-json\/wp\/v2\/types\/product"}],"wp:featuredmedia":[{"embeddable":true,"href":"https:\/\/tibladin.dk\/de\/wp-json\/wp\/v2\/media\/1911"}],"wp:attachment":[{"href":"https:\/\/tibladin.dk\/de\/wp-json\/wp\/v2\/media?parent=1915"}],"wp:term":[{"taxonomy":"product_brand","embeddable":true,"href":"https:\/\/tibladin.dk\/de\/wp-json\/wp\/v2\/product_brand?post=1915"},{"taxonomy":"product_cat","embeddable":true,"href":"https:\/\/tibladin.dk\/de\/wp-json\/wp\/v2\/product_cat?post=1915"},{"taxonomy":"product_tag","embeddable":true,"href":"https:\/\/tibladin.dk\/de\/wp-json\/wp\/v2\/product_tag?post=1915"}],"curies":[{"name":"wp","href":"https:\/\/api.w.org\/{rel}","templated":true}]}}