{"id":1942,"date":"2022-09-20T11:12:45","date_gmt":"2022-09-20T09:12:45","guid":{"rendered":"https:\/\/tibladin.dk\/?post_type=product&#038;p=1942"},"modified":"2026-04-14T12:54:24","modified_gmt":"2026-04-14T10:54:24","slug":"hausschuhe-herren-braun-haselnuss","status":"publish","type":"product","link":"https:\/\/tibladin.dk\/de\/produkt\/slippers-herre-brun-hazelnut\/","title":{"rendered":"Herrenhausschuhe \u2013 braune Haselnuss"},"content":{"rendered":"<div class=\"wpb-content-wrapper\"><div class=\"vc_row wpb_row vc_row-fluid\"><div class=\"wpb_column vc_column_container vc_col-sm-4\"><div class=\"vc_column-inner\"><div class=\"wpb_wrapper\"><\/div><\/div><\/div><div class=\"wpb_column vc_column_container vc_col-sm-4\"><div class=\"vc_column-inner\"><div class=\"wpb_wrapper\"><h3 style=\"text-align: left\" class=\"vc_custom_heading vc_do_custom_heading\" >Wartung<\/h3>\n\t<div class=\"wpb_text_column wpb_content_element\" >\n\t\t<div class=\"wpb_wrapper\">\n\t\t\t<p>Da unsere Barbouche-Hausschuhe vollst\u00e4ndig aus Leder bestehen, sind sie lange haltbar und erhalten mit der Zeit eine nat\u00fcrliche Patina. Sie k\u00f6nnen ihnen ab und zu eine Schicht Lederfett auftragen. Beachten Sie, dass sich die Farbe, wie bei allen Ledermaterialien, bei Einwirkung von Wasser leicht ver\u00e4ndern kann.<\/p>\n<p>Gr\u00f6\u00dfentabelle Herren ca. Ziel:<\/p>\n<p>43<span class=\"Apple-converted-space\">\u00a0 <\/span>L: 27,6 cm<\/p>\n<p>44<span class=\"Apple-converted-space\">\u00a0 <\/span>L: 28 cm.<\/p>\n<p>45<span class=\"Apple-converted-space\">\u00a0 <\/span>L: 28,9 cm<\/p>\n<p>46<span class=\"Apple-converted-space\">\u00a0 <\/span>L: 29,3 cm.<\/p>\n<p>47<span class=\"Apple-converted-space\">\u00a0 <\/span>L: 30,1 cm.<\/p>\n\n\t\t<\/div>\n\t<\/div>\n<\/div><\/div><\/div><div class=\"wpb_column vc_column_container vc_col-sm-4\"><div class=\"vc_column-inner\"><div class=\"wpb_wrapper\"><h3 style=\"text-align: left\" class=\"vc_custom_heading vc_do_custom_heading\" >Die Geschichte dahinter<\/h3>\n\t<div class=\"wpb_text_column wpb_content_element\" >\n\t\t<div class=\"wpb_wrapper\">\n\t\t\t<p><i>Babouches\u00a0<\/i>sind klassische marokkanische Hausschuhe.<\/p>\n<p>Sie werden auf traditionelle Weise in Marokko handgefertigt. Alles aus Ziegenleder, sodass sie sich seidig weich an Ihren F\u00fc\u00dfen anf\u00fchlen. Mit ihren vielen verschiedenen Farben und Mustern passen sie zu den meisten Outfits und verleihen einem skandinavischen Look eine k\u00f6stliche Boh\u00e8me-Note. In Marokko werden sie sowohl drinnen als auch drau\u00dfen verwendet, und sobald Sie diese sch\u00f6nen Hausschuhe an den F\u00fc\u00dfen haben, m\u00f6chten Sie nichts anderes mehr anziehen.<\/p>\n\n\t\t<\/div>\n\t<\/div>\n<\/div><\/div><\/div><\/div>\n<\/div>","protected":false},"excerpt":{"rendered":"<ul>\n<li>K\u00f6stliche braune, haselnussfarbene Hausschuhe. In Marokko werden diese Hausschuhe genannt<em>\u00a0Babouche. <\/em>Sie sind aus weichstem Ziegenleder handgefertigt und passen sich Ihrem Fu\u00df an.<\/li>\n<\/ul>\n<p><strong>Nehmen Sie bei Bedarf eine Gr\u00f6\u00dfe gr\u00f6\u00dfer als Sie normalerweise verwenden, da diese m\u00f6glicherweise etwas klein ausfallen.<\/strong><\/p>","protected":false},"featured_media":1986,"template":"","meta":{"inline_featured_image":false},"product_brand":[],"product_cat":[47,79,81],"product_tag":[],"class_list":{"0":"post-1942","1":"product","2":"type-product","3":"status-publish","4":"has-post-thumbnail","6":"product_cat-gaven-til-ham","7":"product_cat-slippers","8":"product_cat-herre","10":"first","11":"instock","12":"taxable","13":"shipping-taxable","14":"purchasable","15":"product-type-variable"},"exclude_global_add_ons":false,"addons":[{"name":"M\u00f6chten Sie eine Geschenkverpackung?","type":"checkbox","position":0,"required":false,"title_format":"label","default":"","description_enable":false,"description":"","placeholder_enable":false,"placeholder":"","display":"images","restrictions_type":"any_text","adjust_price":false,"price":"","price_type":"flat_fee","restrictions":false,"min":"0","max":"0","options":[{"label":"Ja tak","price":"10","price_type":"flat_fee","image":11015,"visibility":true}],"id":1669646111}],"yoast_head":"<!-- This site is optimized with the Yoast SEO plugin v27.4 - https:\/\/yoast.com\/product\/yoast-seo-wordpress\/ -->\n<title>Slippers herre | Unikke slippers | Kig her lige nu!<\/title>\n<meta name=\"description\" content=\"Marokkanske slippers til herrer lavet i silkebl\u00f8dt gedel\u00e6der. De f\u00e5s i seks forskellige farver til herrer.\" \/>\n<meta name=\"robots\" content=\"index, follow, max-snippet:-1, max-image-preview:large, max-video-preview:-1\" \/>\n<link rel=\"canonical\" href=\"https:\/\/tibladin.dk\/de\/produkt\/hausschuhe-herren-braun-haselnuss\/\" \/>\n<meta property=\"og:locale\" content=\"de_DE\" \/>\n<meta property=\"og:type\" content=\"article\" \/>\n<meta property=\"og:title\" content=\"Slippers herre | Unikke slippers | Kig her lige nu!\" \/>\n<meta property=\"og:description\" content=\"Marokkanske slippers til herrer lavet i silkebl\u00f8dt gedel\u00e6der. De f\u00e5s i seks forskellige farver til herrer.\" \/>\n<meta property=\"og:url\" content=\"https:\/\/tibladin.dk\/de\/produkt\/hausschuhe-herren-braun-haselnuss\/\" \/>\n<meta property=\"og:site_name\" content=\"Tibladin\" \/>\n<meta property=\"article:modified_time\" content=\"2026-04-14T10:54:24+00:00\" \/>\n<meta property=\"og:image\" content=\"https:\/\/tibladin.dk\/wp-content\/uploads\/2022\/09\/Slippers-herrer-brun-haselnut1-1-1.jpg\" \/>\n\t<meta property=\"og:image:width\" content=\"800\" \/>\n\t<meta property=\"og:image:height\" content=\"800\" \/>\n\t<meta property=\"og:image:type\" content=\"image\/jpeg\" \/>\n<meta name=\"twitter:card\" content=\"summary_large_image\" \/>\n<meta name=\"twitter:label1\" content=\"Gesch\u00e4tzte Lesezeit\" \/>\n\t<meta name=\"twitter:data1\" content=\"2\u00a0Minuten\" \/>\n<script type=\"application\/ld+json\" class=\"yoast-schema-graph\">{\"@context\":\"https:\\\/\\\/schema.org\",\"@graph\":[{\"@type\":\"WebPage\",\"@id\":\"https:\\\/\\\/tibladin.dk\\\/produkt\\\/slippers-herre-brun-hazelnut\\\/\",\"url\":\"https:\\\/\\\/tibladin.dk\\\/produkt\\\/slippers-herre-brun-hazelnut\\\/\",\"name\":\"Slippers herre | Unikke slippers | Kig her lige nu!\",\"isPartOf\":{\"@id\":\"https:\\\/\\\/tibladin.dk\\\/#website\"},\"primaryImageOfPage\":{\"@id\":\"https:\\\/\\\/tibladin.dk\\\/produkt\\\/slippers-herre-brun-hazelnut\\\/#primaryimage\"},\"image\":{\"@id\":\"https:\\\/\\\/tibladin.dk\\\/produkt\\\/slippers-herre-brun-hazelnut\\\/#primaryimage\"},\"thumbnailUrl\":\"https:\\\/\\\/tibladin.dk\\\/wp-content\\\/uploads\\\/2022\\\/09\\\/Slippers-herrer-brun-haselnut1-1-1.jpg\",\"datePublished\":\"2022-09-20T09:12:45+00:00\",\"dateModified\":\"2026-04-14T10:54:24+00:00\",\"description\":\"Marokkanske slippers til herrer lavet i silkebl\u00f8dt gedel\u00e6der. De f\u00e5s i seks forskellige farver til herrer.\",\"breadcrumb\":{\"@id\":\"https:\\\/\\\/tibladin.dk\\\/produkt\\\/slippers-herre-brun-hazelnut\\\/#breadcrumb\"},\"inLanguage\":\"de\",\"potentialAction\":[{\"@type\":\"ReadAction\",\"target\":[\"https:\\\/\\\/tibladin.dk\\\/produkt\\\/slippers-herre-brun-hazelnut\\\/\"]}]},{\"@type\":\"ImageObject\",\"inLanguage\":\"de\",\"@id\":\"https:\\\/\\\/tibladin.dk\\\/produkt\\\/slippers-herre-brun-hazelnut\\\/#primaryimage\",\"url\":\"https:\\\/\\\/tibladin.dk\\\/wp-content\\\/uploads\\\/2022\\\/09\\\/Slippers-herrer-brun-haselnut1-1-1.jpg\",\"contentUrl\":\"https:\\\/\\\/tibladin.dk\\\/wp-content\\\/uploads\\\/2022\\\/09\\\/Slippers-herrer-brun-haselnut1-1-1.jpg\",\"width\":800,\"height\":800,\"caption\":\"Marokkanske h\u00e5ndlavede hjemmesko i hasseln\u00f8ds brun, forfra\"},{\"@type\":\"BreadcrumbList\",\"@id\":\"https:\\\/\\\/tibladin.dk\\\/produkt\\\/slippers-herre-brun-hazelnut\\\/#breadcrumb\",\"itemListElement\":[{\"@type\":\"ListItem\",\"position\":1,\"name\":\"Hjem\",\"item\":\"https:\\\/\\\/tibladin.dk\\\/\"},{\"@type\":\"ListItem\",\"position\":2,\"name\":\"Shop\",\"item\":\"https:\\\/\\\/tibladin.dk\\\/shop\\\/\"},{\"@type\":\"ListItem\",\"position\":3,\"name\":\"Slippers herre &#8211; brun hazelnut\"}]},{\"@type\":\"WebSite\",\"@id\":\"https:\\\/\\\/tibladin.dk\\\/#website\",\"url\":\"https:\\\/\\\/tibladin.dk\\\/\",\"name\":\"Tibladin\",\"description\":\"Tibladin\",\"publisher\":{\"@id\":\"https:\\\/\\\/tibladin.dk\\\/#organization\"},\"potentialAction\":[{\"@type\":\"SearchAction\",\"target\":{\"@type\":\"EntryPoint\",\"urlTemplate\":\"https:\\\/\\\/tibladin.dk\\\/?s={search_term_string}\"},\"query-input\":{\"@type\":\"PropertyValueSpecification\",\"valueRequired\":true,\"valueName\":\"search_term_string\"}}],\"inLanguage\":\"de\"},{\"@type\":\"Organization\",\"@id\":\"https:\\\/\\\/tibladin.dk\\\/#organization\",\"name\":\"Tibladin\",\"url\":\"https:\\\/\\\/tibladin.dk\\\/\",\"logo\":{\"@type\":\"ImageObject\",\"inLanguage\":\"de\",\"@id\":\"https:\\\/\\\/tibladin.dk\\\/#\\\/schema\\\/logo\\\/image\\\/\",\"url\":\"https:\\\/\\\/tibladin.dk\\\/wp-content\\\/uploads\\\/2022\\\/09\\\/tibladin_logo.svg\",\"contentUrl\":\"https:\\\/\\\/tibladin.dk\\\/wp-content\\\/uploads\\\/2022\\\/09\\\/tibladin_logo.svg\",\"caption\":\"Tibladin\"},\"image\":{\"@id\":\"https:\\\/\\\/tibladin.dk\\\/#\\\/schema\\\/logo\\\/image\\\/\"}}]}<\/script>\n<!-- \/ Yoast SEO plugin. -->","yoast_head_json":{"title":"Herr der Pantoffeln | Einzigartige Hausschuhe | Schauen Sie gleich hierher!","description":"Marokkanische Hausschuhe f\u00fcr Herren aus seidig weichem Ziegenleder. F\u00fcr Herren sind sie in sechs verschiedenen Farben erh\u00e4ltlich.","robots":{"index":"index","follow":"follow","max-snippet":"max-snippet:-1","max-image-preview":"max-image-preview:large","max-video-preview":"max-video-preview:-1"},"canonical":"https:\/\/tibladin.dk\/de\/produkt\/hausschuhe-herren-braun-haselnuss\/","og_locale":"de_DE","og_type":"article","og_title":"Slippers herre | Unikke slippers | Kig her lige nu!","og_description":"Marokkanske slippers til herrer lavet i silkebl\u00f8dt gedel\u00e6der. De f\u00e5s i seks forskellige farver til herrer.","og_url":"https:\/\/tibladin.dk\/de\/produkt\/hausschuhe-herren-braun-haselnuss\/","og_site_name":"Tibladin","article_modified_time":"2026-04-14T10:54:24+00:00","og_image":[{"width":800,"height":800,"url":"https:\/\/tibladin.dk\/wp-content\/uploads\/2022\/09\/Slippers-herrer-brun-haselnut1-1-1.jpg","type":"image\/jpeg"}],"twitter_card":"summary_large_image","twitter_misc":{"Gesch\u00e4tzte Lesezeit":"2\u00a0Minuten"},"schema":{"@context":"https:\/\/schema.org","@graph":[{"@type":"WebPage","@id":"https:\/\/tibladin.dk\/produkt\/slippers-herre-brun-hazelnut\/","url":"https:\/\/tibladin.dk\/produkt\/slippers-herre-brun-hazelnut\/","name":"Herr der Pantoffeln | Einzigartige Hausschuhe | Schauen Sie gleich hierher!","isPartOf":{"@id":"https:\/\/tibladin.dk\/#website"},"primaryImageOfPage":{"@id":"https:\/\/tibladin.dk\/produkt\/slippers-herre-brun-hazelnut\/#primaryimage"},"image":{"@id":"https:\/\/tibladin.dk\/produkt\/slippers-herre-brun-hazelnut\/#primaryimage"},"thumbnailUrl":"https:\/\/tibladin.dk\/wp-content\/uploads\/2022\/09\/Slippers-herrer-brun-haselnut1-1-1.jpg","datePublished":"2022-09-20T09:12:45+00:00","dateModified":"2026-04-14T10:54:24+00:00","description":"Marokkanische Hausschuhe f\u00fcr Herren aus seidig weichem Ziegenleder. F\u00fcr Herren sind sie in sechs verschiedenen Farben erh\u00e4ltlich.","breadcrumb":{"@id":"https:\/\/tibladin.dk\/produkt\/slippers-herre-brun-hazelnut\/#breadcrumb"},"inLanguage":"de","potentialAction":[{"@type":"ReadAction","target":["https:\/\/tibladin.dk\/produkt\/slippers-herre-brun-hazelnut\/"]}]},{"@type":"ImageObject","inLanguage":"de","@id":"https:\/\/tibladin.dk\/produkt\/slippers-herre-brun-hazelnut\/#primaryimage","url":"https:\/\/tibladin.dk\/wp-content\/uploads\/2022\/09\/Slippers-herrer-brun-haselnut1-1-1.jpg","contentUrl":"https:\/\/tibladin.dk\/wp-content\/uploads\/2022\/09\/Slippers-herrer-brun-haselnut1-1-1.jpg","width":800,"height":800,"caption":"Marokkanske h\u00e5ndlavede hjemmesko i hasseln\u00f8ds brun, forfra"},{"@type":"BreadcrumbList","@id":"https:\/\/tibladin.dk\/produkt\/slippers-herre-brun-hazelnut\/#breadcrumb","itemListElement":[{"@type":"ListItem","position":1,"name":"Hjem","item":"https:\/\/tibladin.dk\/"},{"@type":"ListItem","position":2,"name":"Shop","item":"https:\/\/tibladin.dk\/shop\/"},{"@type":"ListItem","position":3,"name":"Slippers herre &#8211; brun hazelnut"}]},{"@type":"WebSite","@id":"https:\/\/tibladin.dk\/#website","url":"https:\/\/tibladin.dk\/","name":"Tibladin","description":"Tibladin","publisher":{"@id":"https:\/\/tibladin.dk\/#organization"},"potentialAction":[{"@type":"SearchAction","target":{"@type":"EntryPoint","urlTemplate":"https:\/\/tibladin.dk\/?s={search_term_string}"},"query-input":{"@type":"PropertyValueSpecification","valueRequired":true,"valueName":"search_term_string"}}],"inLanguage":"de"},{"@type":"Organization","@id":"https:\/\/tibladin.dk\/#organization","name":"Tibladin","url":"https:\/\/tibladin.dk\/","logo":{"@type":"ImageObject","inLanguage":"de","@id":"https:\/\/tibladin.dk\/#\/schema\/logo\/image\/","url":"https:\/\/tibladin.dk\/wp-content\/uploads\/2022\/09\/tibladin_logo.svg","contentUrl":"https:\/\/tibladin.dk\/wp-content\/uploads\/2022\/09\/tibladin_logo.svg","caption":"Tibladin"},"image":{"@id":"https:\/\/tibladin.dk\/#\/schema\/logo\/image\/"}}]}},"_links":{"self":[{"href":"https:\/\/tibladin.dk\/de\/wp-json\/wp\/v2\/product\/1942","targetHints":{"allow":["GET"]}}],"collection":[{"href":"https:\/\/tibladin.dk\/de\/wp-json\/wp\/v2\/product"}],"about":[{"href":"https:\/\/tibladin.dk\/de\/wp-json\/wp\/v2\/types\/product"}],"wp:featuredmedia":[{"embeddable":true,"href":"https:\/\/tibladin.dk\/de\/wp-json\/wp\/v2\/media\/1986"}],"wp:attachment":[{"href":"https:\/\/tibladin.dk\/de\/wp-json\/wp\/v2\/media?parent=1942"}],"wp:term":[{"taxonomy":"product_brand","embeddable":true,"href":"https:\/\/tibladin.dk\/de\/wp-json\/wp\/v2\/product_brand?post=1942"},{"taxonomy":"product_cat","embeddable":true,"href":"https:\/\/tibladin.dk\/de\/wp-json\/wp\/v2\/product_cat?post=1942"},{"taxonomy":"product_tag","embeddable":true,"href":"https:\/\/tibladin.dk\/de\/wp-json\/wp\/v2\/product_tag?post=1942"}],"curies":[{"name":"wp","href":"https:\/\/api.w.org\/{rel}","templated":true}]}}