{"id":2027,"date":"2022-09-20T11:13:17","date_gmt":"2022-09-20T09:13:17","guid":{"rendered":"https:\/\/tibladin.dk\/vare\/oekologisk-shampoo-bar-til-normalt-toert-haar\/"},"modified":"2025-07-26T13:44:17","modified_gmt":"2025-07-26T11:44:17","slug":"bio-shampoo-fur-normales-trockenes-haar","status":"publish","type":"product","link":"https:\/\/tibladin.dk\/de\/produkt\/oekologisk-shampoo-bar-til-normalt-toert-haar\/","title":{"rendered":"Bio-Shampoo-Riegel f\u00fcr normales\/trockenes Haar"},"content":{"rendered":"<div class=\"wpb-content-wrapper\"><div class=\"vc_row wpb_row vc_row-fluid\"><div class=\"wpb_column vc_column_container vc_col-sm-4\"><div class=\"vc_column-inner\"><div class=\"wpb_wrapper\"><\/div><\/div><\/div><div class=\"wpb_column vc_column_container vc_col-sm-4\"><div class=\"vc_column-inner\"><div class=\"wpb_wrapper\"><h3 style=\"text-align: left\" class=\"vc_custom_heading vc_do_custom_heading\" >Wartung<\/h3>\n\t<div class=\"wpb_text_column wpb_content_element\" >\n\t\t<div class=\"wpb_wrapper\">\n\t\t\t<p>75 Gramm<span class=\"Apple-converted-space\">\u00a0<\/span><\/p>\n<p>Sp\u00fclen Sie Ihr Haar aus, reiben Sie Ihre H\u00e4nde \u00fcber das feste Shampoo, lassen Sie es auf Ihren H\u00e4nden aufsch\u00e4umen und tragen Sie es auf Ihr Haar auf. In das Haar einmassieren und mit klarem Wasser aussp\u00fclen.<\/p>\n\n\t\t<\/div>\n\t<\/div>\n<\/div><\/div><\/div><div class=\"wpb_column vc_column_container vc_col-sm-4\"><div class=\"vc_column-inner\"><div class=\"wpb_wrapper\"><h3 style=\"text-align: left\" class=\"vc_custom_heading vc_do_custom_heading\" >Die Geschichte dahinter<\/h3>\n\t<div class=\"wpb_text_column wpb_content_element\" >\n\t\t<div class=\"wpb_wrapper\">\n\t\t\t<p>Seifen von L&#039;art du bain, die 2004 in Marrakesch entstanden und seit 2016 im franz\u00f6sischen Nantes produziert werden.<span class=\"Apple-converted-space\">\u00a0<\/span><\/p>\n<p>Kaltger\u00fchrte Seifen aus nat\u00fcrlichen Zutaten und Apfel\u00f6len aus Marokko, einzeln von Hand geformt.<span class=\"Apple-converted-space\">\u00a0Ein festes St\u00fcck Seife ist eine gute M\u00f6glichkeit, den Plastikverbrauch im Alltag zu minimieren.<\/span><\/p>\n<p>Eine handwerkliche, sorgf\u00e4ltige Art der Seifenherstellung, die eine sehr gute Qualit\u00e4t ergibt. Die Seifen werden ausschlie\u00dflich aus nat\u00fcrlichen, erlesenen Inhaltsstoffen unter Ber\u00fccksichtigung der Umwelt hergestellt. Die Technik der Herstellung von Kaltseifen bedeutet, dass die Seifen das in ihnen enthaltene nat\u00fcrliche Glycerin und die nat\u00fcrlichen \u00d6le behalten, was zu einer feuchtigkeitsspendenderen Seife f\u00fchrt.<\/p>\n\n\t\t<\/div>\n\t<\/div>\n<\/div><\/div><\/div><\/div>\n<\/div>","protected":false},"excerpt":{"rendered":"<p>SHAMPOO-BAR<\/p>\n<p>F\u00fcr normales\/trockenes Haar.<\/p>\n<p>K\u00f6stlicher Shampoo-Riegel mit Grapefruit und milder Orange. Wird in einer sch\u00f6nen runden Metallbox geliefert.<\/p>\n<p>Ein festes Shampoo, bei dem kein Abfall entsteht. Alles ist verwertbar und Sie schonen die Umwelt, indem Sie die Plastikflaschen Ihres Shampoos einsparen.<\/p>\n<p>Nur nat\u00fcrliche Zutaten, hergestellt aus Ton und nat\u00fcrlichen \u00d6len.<\/p>\n<p>Zutaten: gelbe Tonerde, Bio-Kokos\u00f6l, SCI, Maisst\u00e4rke, Wasser, nat\u00fcrliches reines und mildes Orangen\u00f6l und nat\u00fcrliches reines Grapefruit\u00f6l.<\/p>","protected":false},"featured_media":2025,"template":"","meta":{"inline_featured_image":false},"product_brand":[],"product_cat":[27,29,103,106],"product_tag":[],"class_list":{"0":"post-2027","1":"product","2":"type-product","3":"status-publish","4":"has-post-thumbnail","6":"product_cat-diverse","7":"product_cat-gaven-til-den-unge-pige","8":"product_cat-personlig-pleje","9":"product_cat-shampoo-bar","11":"first","12":"instock","13":"taxable","14":"shipping-taxable","15":"purchasable","16":"product-type-simple"},"exclude_global_add_ons":false,"addons":[{"name":"M\u00f6chten Sie eine Geschenkverpackung?","type":"checkbox","position":0,"required":false,"title_format":"label","default":"","description_enable":false,"description":"","placeholder_enable":false,"placeholder":"","display":"images","restrictions_type":"any_text","adjust_price":false,"price":"","price_type":"flat_fee","restrictions":false,"min":"0","max":"0","options":[{"label":"Ja tak","price":"10","price_type":"flat_fee","image":11015,"visibility":true}],"id":1669646111}],"yoast_head":"<!-- This site is optimized with the Yoast SEO plugin v27.4 - https:\/\/yoast.com\/product\/yoast-seo-wordpress\/ -->\n<title>H\u00e5ndlavet marokkansk shampoo bar.<\/title>\n<meta name=\"description\" content=\"Marokkansk shampoo bar til normalt\/t\u00f8rt h\u00e5r. Skib plastikflaskerne og g\u00e5 over til et mere b\u00e6redygtigt alternativ. Ingen spild.\" \/>\n<meta name=\"robots\" content=\"index, follow, max-snippet:-1, max-image-preview:large, max-video-preview:-1\" \/>\n<link rel=\"canonical\" href=\"https:\/\/tibladin.dk\/de\/produkt\/bio-shampoo-fur-normales-trockenes-haar\/\" \/>\n<meta property=\"og:locale\" content=\"de_DE\" \/>\n<meta property=\"og:type\" content=\"article\" \/>\n<meta property=\"og:title\" content=\"H\u00e5ndlavet marokkansk shampoo bar.\" \/>\n<meta property=\"og:description\" content=\"Marokkansk shampoo bar til normalt\/t\u00f8rt h\u00e5r. Skib plastikflaskerne og g\u00e5 over til et mere b\u00e6redygtigt alternativ. Ingen spild.\" \/>\n<meta property=\"og:url\" content=\"https:\/\/tibladin.dk\/de\/produkt\/bio-shampoo-fur-normales-trockenes-haar\/\" \/>\n<meta property=\"og:site_name\" content=\"Tibladin\" \/>\n<meta property=\"article:modified_time\" content=\"2025-07-26T11:44:17+00:00\" \/>\n<meta property=\"og:image\" content=\"https:\/\/tibladin.dk\/wp-content\/uploads\/2022\/09\/shampoo-jaune_800x800-1.jpg\" \/>\n\t<meta property=\"og:image:width\" content=\"800\" \/>\n\t<meta property=\"og:image:height\" content=\"800\" \/>\n\t<meta property=\"og:image:type\" content=\"image\/jpeg\" \/>\n<meta name=\"twitter:card\" content=\"summary_large_image\" \/>\n<meta name=\"twitter:label1\" content=\"Gesch\u00e4tzte Lesezeit\" \/>\n\t<meta name=\"twitter:data1\" content=\"2\u00a0Minuten\" \/>\n<script type=\"application\/ld+json\" class=\"yoast-schema-graph\">{\"@context\":\"https:\\\/\\\/schema.org\",\"@graph\":[{\"@type\":\"WebPage\",\"@id\":\"https:\\\/\\\/tibladin.dk\\\/produkt\\\/oekologisk-shampoo-bar-til-normalt-toert-haar\\\/\",\"url\":\"https:\\\/\\\/tibladin.dk\\\/produkt\\\/oekologisk-shampoo-bar-til-normalt-toert-haar\\\/\",\"name\":\"H\u00e5ndlavet marokkansk shampoo bar.\",\"isPartOf\":{\"@id\":\"https:\\\/\\\/tibladin.dk\\\/#website\"},\"primaryImageOfPage\":{\"@id\":\"https:\\\/\\\/tibladin.dk\\\/produkt\\\/oekologisk-shampoo-bar-til-normalt-toert-haar\\\/#primaryimage\"},\"image\":{\"@id\":\"https:\\\/\\\/tibladin.dk\\\/produkt\\\/oekologisk-shampoo-bar-til-normalt-toert-haar\\\/#primaryimage\"},\"thumbnailUrl\":\"https:\\\/\\\/tibladin.dk\\\/wp-content\\\/uploads\\\/2022\\\/09\\\/shampoo-jaune_800x800-1.jpg\",\"datePublished\":\"2022-09-20T09:13:17+00:00\",\"dateModified\":\"2025-07-26T11:44:17+00:00\",\"description\":\"Marokkansk shampoo bar til normalt\\\/t\u00f8rt h\u00e5r. Skib plastikflaskerne og g\u00e5 over til et mere b\u00e6redygtigt alternativ. Ingen spild.\",\"breadcrumb\":{\"@id\":\"https:\\\/\\\/tibladin.dk\\\/produkt\\\/oekologisk-shampoo-bar-til-normalt-toert-haar\\\/#breadcrumb\"},\"inLanguage\":\"de\",\"potentialAction\":[{\"@type\":\"ReadAction\",\"target\":[\"https:\\\/\\\/tibladin.dk\\\/produkt\\\/oekologisk-shampoo-bar-til-normalt-toert-haar\\\/\"]}]},{\"@type\":\"ImageObject\",\"inLanguage\":\"de\",\"@id\":\"https:\\\/\\\/tibladin.dk\\\/produkt\\\/oekologisk-shampoo-bar-til-normalt-toert-haar\\\/#primaryimage\",\"url\":\"https:\\\/\\\/tibladin.dk\\\/wp-content\\\/uploads\\\/2022\\\/09\\\/shampoo-jaune_800x800-1.jpg\",\"contentUrl\":\"https:\\\/\\\/tibladin.dk\\\/wp-content\\\/uploads\\\/2022\\\/09\\\/shampoo-jaune_800x800-1.jpg\",\"width\":800,\"height\":800,\"caption\":\"L' Art du bain shamoo bar\"},{\"@type\":\"BreadcrumbList\",\"@id\":\"https:\\\/\\\/tibladin.dk\\\/produkt\\\/oekologisk-shampoo-bar-til-normalt-toert-haar\\\/#breadcrumb\",\"itemListElement\":[{\"@type\":\"ListItem\",\"position\":1,\"name\":\"Hjem\",\"item\":\"https:\\\/\\\/tibladin.dk\\\/\"},{\"@type\":\"ListItem\",\"position\":2,\"name\":\"Shop\",\"item\":\"https:\\\/\\\/tibladin.dk\\\/shop\\\/\"},{\"@type\":\"ListItem\",\"position\":3,\"name\":\"\u00d8kologisk Shampoo bar til normalt\\\/t\u00f8rt h\u00e5r\"}]},{\"@type\":\"WebSite\",\"@id\":\"https:\\\/\\\/tibladin.dk\\\/#website\",\"url\":\"https:\\\/\\\/tibladin.dk\\\/\",\"name\":\"Tibladin\",\"description\":\"Tibladin\",\"publisher\":{\"@id\":\"https:\\\/\\\/tibladin.dk\\\/#organization\"},\"potentialAction\":[{\"@type\":\"SearchAction\",\"target\":{\"@type\":\"EntryPoint\",\"urlTemplate\":\"https:\\\/\\\/tibladin.dk\\\/?s={search_term_string}\"},\"query-input\":{\"@type\":\"PropertyValueSpecification\",\"valueRequired\":true,\"valueName\":\"search_term_string\"}}],\"inLanguage\":\"de\"},{\"@type\":\"Organization\",\"@id\":\"https:\\\/\\\/tibladin.dk\\\/#organization\",\"name\":\"Tibladin\",\"url\":\"https:\\\/\\\/tibladin.dk\\\/\",\"logo\":{\"@type\":\"ImageObject\",\"inLanguage\":\"de\",\"@id\":\"https:\\\/\\\/tibladin.dk\\\/#\\\/schema\\\/logo\\\/image\\\/\",\"url\":\"https:\\\/\\\/tibladin.dk\\\/wp-content\\\/uploads\\\/2022\\\/09\\\/tibladin_logo.svg\",\"contentUrl\":\"https:\\\/\\\/tibladin.dk\\\/wp-content\\\/uploads\\\/2022\\\/09\\\/tibladin_logo.svg\",\"caption\":\"Tibladin\"},\"image\":{\"@id\":\"https:\\\/\\\/tibladin.dk\\\/#\\\/schema\\\/logo\\\/image\\\/\"}}]}<\/script>\n<!-- \/ Yoast SEO plugin. -->","yoast_head_json":{"title":"Handgefertigtes marokkanisches Shampoo-St\u00fcck.","description":"Marokkanisches festes Shampoo f\u00fcr normales\/trockenes Haar. Werfen Sie die Plastikflaschen weg und wechseln Sie zu einer nachhaltigeren Alternative. Keine Verschwendung.","robots":{"index":"index","follow":"follow","max-snippet":"max-snippet:-1","max-image-preview":"max-image-preview:large","max-video-preview":"max-video-preview:-1"},"canonical":"https:\/\/tibladin.dk\/de\/produkt\/bio-shampoo-fur-normales-trockenes-haar\/","og_locale":"de_DE","og_type":"article","og_title":"H\u00e5ndlavet marokkansk shampoo bar.","og_description":"Marokkansk shampoo bar til normalt\/t\u00f8rt h\u00e5r. Skib plastikflaskerne og g\u00e5 over til et mere b\u00e6redygtigt alternativ. Ingen spild.","og_url":"https:\/\/tibladin.dk\/de\/produkt\/bio-shampoo-fur-normales-trockenes-haar\/","og_site_name":"Tibladin","article_modified_time":"2025-07-26T11:44:17+00:00","og_image":[{"width":800,"height":800,"url":"https:\/\/tibladin.dk\/wp-content\/uploads\/2022\/09\/shampoo-jaune_800x800-1.jpg","type":"image\/jpeg"}],"twitter_card":"summary_large_image","twitter_misc":{"Gesch\u00e4tzte Lesezeit":"2\u00a0Minuten"},"schema":{"@context":"https:\/\/schema.org","@graph":[{"@type":"WebPage","@id":"https:\/\/tibladin.dk\/produkt\/oekologisk-shampoo-bar-til-normalt-toert-haar\/","url":"https:\/\/tibladin.dk\/produkt\/oekologisk-shampoo-bar-til-normalt-toert-haar\/","name":"Handgefertigtes marokkanisches Shampoo-St\u00fcck.","isPartOf":{"@id":"https:\/\/tibladin.dk\/#website"},"primaryImageOfPage":{"@id":"https:\/\/tibladin.dk\/produkt\/oekologisk-shampoo-bar-til-normalt-toert-haar\/#primaryimage"},"image":{"@id":"https:\/\/tibladin.dk\/produkt\/oekologisk-shampoo-bar-til-normalt-toert-haar\/#primaryimage"},"thumbnailUrl":"https:\/\/tibladin.dk\/wp-content\/uploads\/2022\/09\/shampoo-jaune_800x800-1.jpg","datePublished":"2022-09-20T09:13:17+00:00","dateModified":"2025-07-26T11:44:17+00:00","description":"Marokkanisches festes Shampoo f\u00fcr normales\/trockenes Haar. Werfen Sie die Plastikflaschen weg und wechseln Sie zu einer nachhaltigeren Alternative. Keine Verschwendung.","breadcrumb":{"@id":"https:\/\/tibladin.dk\/produkt\/oekologisk-shampoo-bar-til-normalt-toert-haar\/#breadcrumb"},"inLanguage":"de","potentialAction":[{"@type":"ReadAction","target":["https:\/\/tibladin.dk\/produkt\/oekologisk-shampoo-bar-til-normalt-toert-haar\/"]}]},{"@type":"ImageObject","inLanguage":"de","@id":"https:\/\/tibladin.dk\/produkt\/oekologisk-shampoo-bar-til-normalt-toert-haar\/#primaryimage","url":"https:\/\/tibladin.dk\/wp-content\/uploads\/2022\/09\/shampoo-jaune_800x800-1.jpg","contentUrl":"https:\/\/tibladin.dk\/wp-content\/uploads\/2022\/09\/shampoo-jaune_800x800-1.jpg","width":800,"height":800,"caption":"L' Art du bain shamoo bar"},{"@type":"BreadcrumbList","@id":"https:\/\/tibladin.dk\/produkt\/oekologisk-shampoo-bar-til-normalt-toert-haar\/#breadcrumb","itemListElement":[{"@type":"ListItem","position":1,"name":"Hjem","item":"https:\/\/tibladin.dk\/"},{"@type":"ListItem","position":2,"name":"Shop","item":"https:\/\/tibladin.dk\/shop\/"},{"@type":"ListItem","position":3,"name":"\u00d8kologisk Shampoo bar til normalt\/t\u00f8rt h\u00e5r"}]},{"@type":"WebSite","@id":"https:\/\/tibladin.dk\/#website","url":"https:\/\/tibladin.dk\/","name":"Tibladin","description":"Tibladin","publisher":{"@id":"https:\/\/tibladin.dk\/#organization"},"potentialAction":[{"@type":"SearchAction","target":{"@type":"EntryPoint","urlTemplate":"https:\/\/tibladin.dk\/?s={search_term_string}"},"query-input":{"@type":"PropertyValueSpecification","valueRequired":true,"valueName":"search_term_string"}}],"inLanguage":"de"},{"@type":"Organization","@id":"https:\/\/tibladin.dk\/#organization","name":"Tibladin","url":"https:\/\/tibladin.dk\/","logo":{"@type":"ImageObject","inLanguage":"de","@id":"https:\/\/tibladin.dk\/#\/schema\/logo\/image\/","url":"https:\/\/tibladin.dk\/wp-content\/uploads\/2022\/09\/tibladin_logo.svg","contentUrl":"https:\/\/tibladin.dk\/wp-content\/uploads\/2022\/09\/tibladin_logo.svg","caption":"Tibladin"},"image":{"@id":"https:\/\/tibladin.dk\/#\/schema\/logo\/image\/"}}]}},"_links":{"self":[{"href":"https:\/\/tibladin.dk\/de\/wp-json\/wp\/v2\/product\/2027","targetHints":{"allow":["GET"]}}],"collection":[{"href":"https:\/\/tibladin.dk\/de\/wp-json\/wp\/v2\/product"}],"about":[{"href":"https:\/\/tibladin.dk\/de\/wp-json\/wp\/v2\/types\/product"}],"wp:featuredmedia":[{"embeddable":true,"href":"https:\/\/tibladin.dk\/de\/wp-json\/wp\/v2\/media\/2025"}],"wp:attachment":[{"href":"https:\/\/tibladin.dk\/de\/wp-json\/wp\/v2\/media?parent=2027"}],"wp:term":[{"taxonomy":"product_brand","embeddable":true,"href":"https:\/\/tibladin.dk\/de\/wp-json\/wp\/v2\/product_brand?post=2027"},{"taxonomy":"product_cat","embeddable":true,"href":"https:\/\/tibladin.dk\/de\/wp-json\/wp\/v2\/product_cat?post=2027"},{"taxonomy":"product_tag","embeddable":true,"href":"https:\/\/tibladin.dk\/de\/wp-json\/wp\/v2\/product_tag?post=2027"}],"curies":[{"name":"wp","href":"https:\/\/api.w.org\/{rel}","templated":true}]}}