{"id":2221,"date":"2022-09-20T11:14:32","date_gmt":"2022-09-20T09:14:32","guid":{"rendered":"https:\/\/tibladin.dk\/vare\/tallerken-groen-marbre-leopard-30-cm\/"},"modified":"2025-12-17T14:20:31","modified_gmt":"2025-12-17T13:20:31","slug":"teller-grun-marmor-leopard-30-cm","status":"publish","type":"product","link":"https:\/\/tibladin.dk\/de\/produkt\/tallerken-groen-marbre-leopard-30-cm\/","title":{"rendered":"Teller gr\u00fcn marbr\u00e9 Leopard \u2013 30 cm."},"content":{"rendered":"<div class=\"wpb-content-wrapper\"><div class=\"vc_row wpb_row vc_row-fluid\"><div class=\"wpb_column vc_column_container vc_col-sm-4\"><div class=\"vc_column-inner\"><div class=\"wpb_wrapper\">\n\t<div class=\"wpb_video_widget wpb_content_element vc_clearfix   vc_video-aspect-ratio-43 vc_video-el-width-100 vc_video-align-left\" >\n\t\t<div class=\"wpb_wrapper\">\n\t\t\t\n\t\t\t<div class=\"wpb_video_wrapper\"><div class=\"video-container\"><iframe loading=\"lazy\" title=\"Tibladin_produktion Steinzeug\" src=\"https:\/\/player.vimeo.com\/video\/415400643?dnt=1&amp;app_id=122963\" width=\"310\" height=\"310\" frameborder=\"0\" allow=\"autoplay; fullscreen; picture-in-picture\"><\/iframe><\/div><\/div>\n\t\t<\/div>\n\t<\/div>\n<\/div><\/div><\/div><div class=\"wpb_column vc_column_container vc_col-sm-4\"><div class=\"vc_column-inner\"><div class=\"wpb_wrapper\"><h3 style=\"text-align: left\" class=\"vc_custom_heading vc_do_custom_heading\" >Wartung<\/h3>\n\t<div class=\"wpb_text_column wpb_content_element\" >\n\t\t<div class=\"wpb_wrapper\">\n\t\t\t<p>Kann mit mildem Seifenwasser gewaschen werden \u2013 kann auch in die Sp\u00fclmaschine gegeben werden.<\/p>\n<p>S\u00e4mtliches Steingut ist handgefertigt und es kann zu Abweichungen in Farbe und Form kommen.<\/p>\n\n\t\t<\/div>\n\t<\/div>\n<\/div><\/div><\/div><div class=\"wpb_column vc_column_container vc_col-sm-4\"><div class=\"vc_column-inner\"><div class=\"wpb_wrapper\"><h3 style=\"text-align: left\" class=\"vc_custom_heading vc_do_custom_heading\" >Die Geschichte dahinter<\/h3>\n\t<div class=\"wpb_text_column wpb_content_element\" >\n\t\t<div class=\"wpb_wrapper\">\n\t\t\t<p>Eine sch\u00f6ne Tischdekoration mit einzigartigen, sch\u00f6nen Dingen kann ein gutes Gespr\u00e4chsthema mit Ihren G\u00e4sten sein. Meine Zusammenarbeit mit diesem Steinzeughersteller ist absolut au\u00dfergew\u00f6hnlich. Hier ist man darauf spezialisiert, zeitloses Steinzeug mit einem Hauch von Marokko herzustellen, genau wie ich es liebe. Es wird auch Marrakesch-Porzellan genannt. Sie liefern weltweit und an alle gro\u00dfen Hotels, Restaurants und Gesch\u00e4fte. Das Steinzeug wird bei \u00fcber 1200 Grad gebrannt, was es sehr langlebig macht. Alles, was Sie auf dieser Seite unter Steinzeug sehen, ist f\u00fcr die Verwendung im Ofen, in der Mikrowelle und in der Sp\u00fclmaschine zugelassen, und als Verbraucher k\u00f6nnen Sie sicher sein, dass alles von der d\u00e4nischen Lebensmittelbeh\u00f6rde zugelassen ist, die angibt, dass es sich um ungiftige Materialien und Glasuren handelt \u2013 zugelassen, um daraus essen und trinken zu k\u00f6nnen. Siehe den Link auf der Titelseite zum Kontrollbericht von Tibladin bei der d\u00e4nischen Lebensmittel- und Arzneimittelbeh\u00f6rde.<\/p>\n\n\t\t<\/div>\n\t<\/div>\n<\/div><\/div><\/div><\/div>\n<\/div>","protected":false},"excerpt":{"rendered":"<p>Diese Steinzeugteller haben eine unglaublich elegante Optik mit einem hellen, gewellten Rand und einer dunkelgr\u00fcnen Farbe. Diese Variante der Serie hat ein starkes Spiel in der Glasur, was ein fast Leoparden-\u00e4hnliches Aussehen verleiht. Sie lassen sich hervorragend mit den anderen Tellern aus gr\u00fcnem Marbr\u00e9 kombinieren, um ein gr\u00f6\u00dferes Spiel auf dem Tisch zu schaffen.<\/p>\n<p>30 cm Durchmesser.<\/p>\n<p>In der gleichen Serie wie gr\u00fcne Marmorschalen und Tajine<\/p>\n<p class=\"p1\"><span class=\"s1\">Jeder Teller ist ein Unikat und weist kleine Farb- und Randnuancen auf.\u00a0<\/span><\/p>\n<p>Kaufen Sie ab 4 Platten und erhalten Sie 10 % mit einem Rabatt.<\/p>\n<p>S\u00e4mtliches Steinzeug ist von der d\u00e4nischen Lebensmittelbeh\u00f6rde zugelassen.<\/p>","protected":false},"featured_media":2217,"template":"","meta":{"inline_featured_image":false},"product_brand":[],"product_cat":[33,43,89,32],"product_tag":[],"class_list":{"0":"post-2221","1":"product","2":"type-product","3":"status-publish","4":"has-post-thumbnail","6":"product_cat-borddaekning","7":"product_cat-stentoej","8":"product_cat-tallerkner","9":"product_cat-tilbud","11":"first","12":"instock","13":"sale","14":"taxable","15":"shipping-taxable","16":"purchasable","17":"product-type-simple"},"exclude_global_add_ons":false,"addons":[{"name":"M\u00f6chten Sie eine Geschenkverpackung?","type":"checkbox","position":0,"required":false,"title_format":"label","default":"","description_enable":false,"description":"","placeholder_enable":false,"placeholder":"","display":"images","restrictions_type":"any_text","adjust_price":false,"price":"","price_type":"flat_fee","restrictions":false,"min":"0","max":"0","options":[{"label":"Ja tak","price":"10","price_type":"flat_fee","image":11015,"visibility":true}],"id":1669646111}],"yoast_head":"<!-- This site is optimized with the Yoast SEO plugin v27.4 - https:\/\/yoast.com\/product\/yoast-seo-wordpress\/ -->\n<title>H\u00e5ndlavede marokkanske keramik tallerkner i m\u00f8rkegr\u00f8n | Tibladin<\/title>\n<meta name=\"description\" content=\"Marokkanske keramik tallerkner i m\u00f8rkegr\u00f8n. H\u00e5nddrejet stent\u00f8j der er meget modstandsdygtig, og som kan klare almindelig hverdagsbrug.\" \/>\n<meta name=\"robots\" content=\"index, follow, max-snippet:-1, max-image-preview:large, max-video-preview:-1\" \/>\n<link rel=\"canonical\" href=\"https:\/\/tibladin.dk\/de\/produkt\/teller-grun-marmor-leopard-30-cm\/\" \/>\n<meta property=\"og:locale\" content=\"de_DE\" \/>\n<meta property=\"og:type\" content=\"article\" \/>\n<meta property=\"og:title\" content=\"H\u00e5ndlavede marokkanske keramik tallerkner i m\u00f8rkegr\u00f8n | Tibladin\" \/>\n<meta property=\"og:description\" content=\"Marokkanske keramik tallerkner i m\u00f8rkegr\u00f8n. H\u00e5nddrejet stent\u00f8j der er meget modstandsdygtig, og som kan klare almindelig hverdagsbrug.\" \/>\n<meta property=\"og:url\" content=\"https:\/\/tibladin.dk\/de\/produkt\/teller-grun-marmor-leopard-30-cm\/\" \/>\n<meta property=\"og:site_name\" content=\"Tibladin\" \/>\n<meta property=\"article:modified_time\" content=\"2025-12-17T13:20:31+00:00\" \/>\n<meta property=\"og:image\" content=\"https:\/\/tibladin.dk\/wp-content\/uploads\/2022\/09\/Groen-marbre-leopard-tallerken-1.jpg\" \/>\n\t<meta property=\"og:image:width\" content=\"800\" \/>\n\t<meta property=\"og:image:height\" content=\"800\" \/>\n\t<meta property=\"og:image:type\" content=\"image\/jpeg\" \/>\n<meta name=\"twitter:card\" content=\"summary_large_image\" \/>\n<meta name=\"twitter:label1\" content=\"Gesch\u00e4tzte Lesezeit\" \/>\n\t<meta name=\"twitter:data1\" content=\"2\u00a0Minuten\" \/>\n<script type=\"application\/ld+json\" class=\"yoast-schema-graph\">{\"@context\":\"https:\\\/\\\/schema.org\",\"@graph\":[{\"@type\":\"WebPage\",\"@id\":\"https:\\\/\\\/tibladin.dk\\\/produkt\\\/tallerken-groen-marbre-leopard-30-cm\\\/\",\"url\":\"https:\\\/\\\/tibladin.dk\\\/produkt\\\/tallerken-groen-marbre-leopard-30-cm\\\/\",\"name\":\"H\u00e5ndlavede marokkanske keramik tallerkner i m\u00f8rkegr\u00f8n | Tibladin\",\"isPartOf\":{\"@id\":\"https:\\\/\\\/tibladin.dk\\\/#website\"},\"primaryImageOfPage\":{\"@id\":\"https:\\\/\\\/tibladin.dk\\\/produkt\\\/tallerken-groen-marbre-leopard-30-cm\\\/#primaryimage\"},\"image\":{\"@id\":\"https:\\\/\\\/tibladin.dk\\\/produkt\\\/tallerken-groen-marbre-leopard-30-cm\\\/#primaryimage\"},\"thumbnailUrl\":\"https:\\\/\\\/tibladin.dk\\\/wp-content\\\/uploads\\\/2022\\\/09\\\/Groen-marbre-leopard-tallerken-1.jpg\",\"datePublished\":\"2022-09-20T09:14:32+00:00\",\"dateModified\":\"2025-12-17T13:20:31+00:00\",\"description\":\"Marokkanske keramik tallerkner i m\u00f8rkegr\u00f8n. H\u00e5nddrejet stent\u00f8j der er meget modstandsdygtig, og som kan klare almindelig hverdagsbrug.\",\"breadcrumb\":{\"@id\":\"https:\\\/\\\/tibladin.dk\\\/produkt\\\/tallerken-groen-marbre-leopard-30-cm\\\/#breadcrumb\"},\"inLanguage\":\"de\",\"potentialAction\":[{\"@type\":\"ReadAction\",\"target\":[\"https:\\\/\\\/tibladin.dk\\\/produkt\\\/tallerken-groen-marbre-leopard-30-cm\\\/\"]}]},{\"@type\":\"ImageObject\",\"inLanguage\":\"de\",\"@id\":\"https:\\\/\\\/tibladin.dk\\\/produkt\\\/tallerken-groen-marbre-leopard-30-cm\\\/#primaryimage\",\"url\":\"https:\\\/\\\/tibladin.dk\\\/wp-content\\\/uploads\\\/2022\\\/09\\\/Groen-marbre-leopard-tallerken-1.jpg\",\"contentUrl\":\"https:\\\/\\\/tibladin.dk\\\/wp-content\\\/uploads\\\/2022\\\/09\\\/Groen-marbre-leopard-tallerken-1.jpg\",\"width\":800,\"height\":800,\"caption\":\"Marokkansk h\u00e5ndlavet stent\u00f8js tallerken i gr\u00f8n med leopard plet m\u00f8nster, st\u00e5ende op af en v\u00e6g\"},{\"@type\":\"BreadcrumbList\",\"@id\":\"https:\\\/\\\/tibladin.dk\\\/produkt\\\/tallerken-groen-marbre-leopard-30-cm\\\/#breadcrumb\",\"itemListElement\":[{\"@type\":\"ListItem\",\"position\":1,\"name\":\"Hjem\",\"item\":\"https:\\\/\\\/tibladin.dk\\\/\"},{\"@type\":\"ListItem\",\"position\":2,\"name\":\"Shop\",\"item\":\"https:\\\/\\\/tibladin.dk\\\/shop\\\/\"},{\"@type\":\"ListItem\",\"position\":3,\"name\":\"Tallerken gr\u00f8n marbr\u00e9 leopard &#8211; 30 cm.\"}]},{\"@type\":\"WebSite\",\"@id\":\"https:\\\/\\\/tibladin.dk\\\/#website\",\"url\":\"https:\\\/\\\/tibladin.dk\\\/\",\"name\":\"Tibladin\",\"description\":\"Tibladin\",\"publisher\":{\"@id\":\"https:\\\/\\\/tibladin.dk\\\/#organization\"},\"potentialAction\":[{\"@type\":\"SearchAction\",\"target\":{\"@type\":\"EntryPoint\",\"urlTemplate\":\"https:\\\/\\\/tibladin.dk\\\/?s={search_term_string}\"},\"query-input\":{\"@type\":\"PropertyValueSpecification\",\"valueRequired\":true,\"valueName\":\"search_term_string\"}}],\"inLanguage\":\"de\"},{\"@type\":\"Organization\",\"@id\":\"https:\\\/\\\/tibladin.dk\\\/#organization\",\"name\":\"Tibladin\",\"url\":\"https:\\\/\\\/tibladin.dk\\\/\",\"logo\":{\"@type\":\"ImageObject\",\"inLanguage\":\"de\",\"@id\":\"https:\\\/\\\/tibladin.dk\\\/#\\\/schema\\\/logo\\\/image\\\/\",\"url\":\"https:\\\/\\\/tibladin.dk\\\/wp-content\\\/uploads\\\/2022\\\/09\\\/tibladin_logo.svg\",\"contentUrl\":\"https:\\\/\\\/tibladin.dk\\\/wp-content\\\/uploads\\\/2022\\\/09\\\/tibladin_logo.svg\",\"caption\":\"Tibladin\"},\"image\":{\"@id\":\"https:\\\/\\\/tibladin.dk\\\/#\\\/schema\\\/logo\\\/image\\\/\"}}]}<\/script>\n<!-- \/ Yoast SEO plugin. -->","yoast_head_json":{"title":"Handgefertigte marokkanische Keramikteller in Dunkelgr\u00fcn | Tibladin","description":"Marokkanische Keramikteller in Dunkelgr\u00fcn. Handgedrehtes Steinzeug, das sehr widerstandsf\u00e4hig ist und dem allt\u00e4glichen Gebrauch standh\u00e4lt.","robots":{"index":"index","follow":"follow","max-snippet":"max-snippet:-1","max-image-preview":"max-image-preview:large","max-video-preview":"max-video-preview:-1"},"canonical":"https:\/\/tibladin.dk\/de\/produkt\/teller-grun-marmor-leopard-30-cm\/","og_locale":"de_DE","og_type":"article","og_title":"H\u00e5ndlavede marokkanske keramik tallerkner i m\u00f8rkegr\u00f8n | Tibladin","og_description":"Marokkanske keramik tallerkner i m\u00f8rkegr\u00f8n. H\u00e5nddrejet stent\u00f8j der er meget modstandsdygtig, og som kan klare almindelig hverdagsbrug.","og_url":"https:\/\/tibladin.dk\/de\/produkt\/teller-grun-marmor-leopard-30-cm\/","og_site_name":"Tibladin","article_modified_time":"2025-12-17T13:20:31+00:00","og_image":[{"width":800,"height":800,"url":"https:\/\/tibladin.dk\/wp-content\/uploads\/2022\/09\/Groen-marbre-leopard-tallerken-1.jpg","type":"image\/jpeg"}],"twitter_card":"summary_large_image","twitter_misc":{"Gesch\u00e4tzte Lesezeit":"2\u00a0Minuten"},"schema":{"@context":"https:\/\/schema.org","@graph":[{"@type":"WebPage","@id":"https:\/\/tibladin.dk\/produkt\/tallerken-groen-marbre-leopard-30-cm\/","url":"https:\/\/tibladin.dk\/produkt\/tallerken-groen-marbre-leopard-30-cm\/","name":"Handgefertigte marokkanische Keramikteller in Dunkelgr\u00fcn | Tibladin","isPartOf":{"@id":"https:\/\/tibladin.dk\/#website"},"primaryImageOfPage":{"@id":"https:\/\/tibladin.dk\/produkt\/tallerken-groen-marbre-leopard-30-cm\/#primaryimage"},"image":{"@id":"https:\/\/tibladin.dk\/produkt\/tallerken-groen-marbre-leopard-30-cm\/#primaryimage"},"thumbnailUrl":"https:\/\/tibladin.dk\/wp-content\/uploads\/2022\/09\/Groen-marbre-leopard-tallerken-1.jpg","datePublished":"2022-09-20T09:14:32+00:00","dateModified":"2025-12-17T13:20:31+00:00","description":"Marokkanische Keramikteller in Dunkelgr\u00fcn. Handgedrehtes Steinzeug, das sehr widerstandsf\u00e4hig ist und dem allt\u00e4glichen Gebrauch standh\u00e4lt.","breadcrumb":{"@id":"https:\/\/tibladin.dk\/produkt\/tallerken-groen-marbre-leopard-30-cm\/#breadcrumb"},"inLanguage":"de","potentialAction":[{"@type":"ReadAction","target":["https:\/\/tibladin.dk\/produkt\/tallerken-groen-marbre-leopard-30-cm\/"]}]},{"@type":"ImageObject","inLanguage":"de","@id":"https:\/\/tibladin.dk\/produkt\/tallerken-groen-marbre-leopard-30-cm\/#primaryimage","url":"https:\/\/tibladin.dk\/wp-content\/uploads\/2022\/09\/Groen-marbre-leopard-tallerken-1.jpg","contentUrl":"https:\/\/tibladin.dk\/wp-content\/uploads\/2022\/09\/Groen-marbre-leopard-tallerken-1.jpg","width":800,"height":800,"caption":"Marokkansk h\u00e5ndlavet stent\u00f8js tallerken i gr\u00f8n med leopard plet m\u00f8nster, st\u00e5ende op af en v\u00e6g"},{"@type":"BreadcrumbList","@id":"https:\/\/tibladin.dk\/produkt\/tallerken-groen-marbre-leopard-30-cm\/#breadcrumb","itemListElement":[{"@type":"ListItem","position":1,"name":"Hjem","item":"https:\/\/tibladin.dk\/"},{"@type":"ListItem","position":2,"name":"Shop","item":"https:\/\/tibladin.dk\/shop\/"},{"@type":"ListItem","position":3,"name":"Tallerken gr\u00f8n marbr\u00e9 leopard &#8211; 30 cm."}]},{"@type":"WebSite","@id":"https:\/\/tibladin.dk\/#website","url":"https:\/\/tibladin.dk\/","name":"Tibladin","description":"Tibladin","publisher":{"@id":"https:\/\/tibladin.dk\/#organization"},"potentialAction":[{"@type":"SearchAction","target":{"@type":"EntryPoint","urlTemplate":"https:\/\/tibladin.dk\/?s={search_term_string}"},"query-input":{"@type":"PropertyValueSpecification","valueRequired":true,"valueName":"search_term_string"}}],"inLanguage":"de"},{"@type":"Organization","@id":"https:\/\/tibladin.dk\/#organization","name":"Tibladin","url":"https:\/\/tibladin.dk\/","logo":{"@type":"ImageObject","inLanguage":"de","@id":"https:\/\/tibladin.dk\/#\/schema\/logo\/image\/","url":"https:\/\/tibladin.dk\/wp-content\/uploads\/2022\/09\/tibladin_logo.svg","contentUrl":"https:\/\/tibladin.dk\/wp-content\/uploads\/2022\/09\/tibladin_logo.svg","caption":"Tibladin"},"image":{"@id":"https:\/\/tibladin.dk\/#\/schema\/logo\/image\/"}}]}},"_links":{"self":[{"href":"https:\/\/tibladin.dk\/de\/wp-json\/wp\/v2\/product\/2221","targetHints":{"allow":["GET"]}}],"collection":[{"href":"https:\/\/tibladin.dk\/de\/wp-json\/wp\/v2\/product"}],"about":[{"href":"https:\/\/tibladin.dk\/de\/wp-json\/wp\/v2\/types\/product"}],"wp:featuredmedia":[{"embeddable":true,"href":"https:\/\/tibladin.dk\/de\/wp-json\/wp\/v2\/media\/2217"}],"wp:attachment":[{"href":"https:\/\/tibladin.dk\/de\/wp-json\/wp\/v2\/media?parent=2221"}],"wp:term":[{"taxonomy":"product_brand","embeddable":true,"href":"https:\/\/tibladin.dk\/de\/wp-json\/wp\/v2\/product_brand?post=2221"},{"taxonomy":"product_cat","embeddable":true,"href":"https:\/\/tibladin.dk\/de\/wp-json\/wp\/v2\/product_cat?post=2221"},{"taxonomy":"product_tag","embeddable":true,"href":"https:\/\/tibladin.dk\/de\/wp-json\/wp\/v2\/product_tag?post=2221"}],"curies":[{"name":"wp","href":"https:\/\/api.w.org\/{rel}","templated":true}]}}