{"id":2237,"date":"2022-09-20T11:14:39","date_gmt":"2022-09-20T09:14:39","guid":{"rendered":"https:\/\/tibladin.dk\/?post_type=product&#038;p=2237"},"modified":"2024-12-09T14:29:35","modified_gmt":"2024-12-09T13:29:35","slug":"holztische-in-graublauem-moule","status":"publish","type":"product","link":"https:\/\/tibladin.dk\/de\/produkt\/traeborde-i-graa-blaa-moule\/","title":{"rendered":"Holztische in grau\/blau MOULE"},"content":{"rendered":"<div class=\"wpb-content-wrapper\"><div class=\"vc_row wpb_row vc_row-fluid\"><div class=\"wpb_column vc_column_container vc_col-sm-4\"><div class=\"vc_column-inner\"><div class=\"wpb_wrapper\"><\/div><\/div><\/div><div class=\"wpb_column vc_column_container vc_col-sm-4\"><div class=\"vc_column-inner\"><div class=\"wpb_wrapper\"><h3 style=\"text-align: left\" class=\"vc_custom_heading vc_do_custom_heading\" >Wartung<\/h3>\n\t<div class=\"wpb_text_column wpb_content_element\" >\n\t\t<div class=\"wpb_wrapper\">\n\t\t\t<p>Die Tische k\u00f6nnen einfach mit einem feuchten Tuch abgewischt werden. Wenn Sie m\u00f6chten, k\u00f6nnen Sie dem Holz auch etwas \u00d6l geben, um die Farben hervorzuheben und das sch\u00f6ne Holz optisch gerade zu halten.<\/p>\n\n\t\t<\/div>\n\t<\/div>\n<\/div><\/div><\/div><div class=\"wpb_column vc_column_container vc_col-sm-4\"><div class=\"vc_column-inner\"><div class=\"wpb_wrapper\"><h3 style=\"text-align: left\" class=\"vc_custom_heading vc_do_custom_heading\" >Die Geschichte dahinter<\/h3>\n\t<div class=\"wpb_text_column wpb_content_element\" >\n\t\t<div class=\"wpb_wrapper\">\n\t\t\t<p>Holztische aus recyceltem Holz aus marokkanischen T\u00fcren. Die Tische haben ein rustikales Aussehen mit einem Stahlgestell und sch\u00f6nen Markierungen im Holz. Die inspirierenden und sch\u00f6nen marokkanischen T\u00fcren werden in diesen Tischen zu neuem Leben erweckt, wo marokkanischer Stil auf nachhaltiges skandinavisches Design trifft. Ich pers\u00f6nlich habe auch Assoziationen mit dem Meer, der Nordsee und Ausfl\u00fcgen ins Sommerhaus. Deshalb hei\u00dfen die Tische MOULE, was auf Franz\u00f6sisch \u201eMuschel\u201c bedeutet. Sie passen gut in jedes Zuhause und verleihen der Einrichtung einen rustikalen, rohen und nat\u00fcrlichen Look. Sie k\u00f6nnen als Beistelltische neben dem Sofa verwendet werden, wo sie auf verschiedenen Ebenen zusammen gestellt werden k\u00f6nnen, sie k\u00f6nnen aber auch einzeln verwendet werden und beispielsweise das Schlafzimmer oder den Eingangsbereich schm\u00fccken. Entwickelt in Zusammenarbeit mit Designern aus Marrakesch.<\/p>\n<p>Die Tische sehen sehr rustikal aus und weisen daher Risse, Adern und Risse im Holz auf. Das macht sie einzigartig und nat\u00fcrlich und verleiht ihnen ihren ganz besonderen Ausdruck.<\/p>\n\n\t\t<\/div>\n\t<\/div>\n<\/div><\/div><\/div><\/div>\n<\/div>","protected":false},"excerpt":{"rendered":"<p>Dieser rustikale Tisch besteht aus wiedergewonnenem Holz marokkanischer T\u00fcren und hat ein Stahlgestell. Der Tisch erinnert mit den sch\u00f6nen Mustern im Holz und seinem rustikalen und rohen Erscheinungsbild an das Maritime. Gleichzeitig passt es unglaublich gut zum skandinavischen Einrichtungsstil, da die sch\u00f6ne Tischplatte aus Holz die Natur ins Innere holt. Der Tisch ist in drei Gr\u00f6\u00dfen erh\u00e4ltlich, klein, mittel und gro\u00df, die sowohl zusammengestellt als auch einzeln aufgestellt werden k\u00f6nnen. Die Tische sind v\u00f6llig einzigartig, da es von jedem nur einen gibt.<\/p>\n<p>| Klein: Durchmesser: 35 cm, H\u00f6he 35 cm | Mittel: Durchmesser: 40 cm, H\u00f6he: 40 cm | Gro\u00df: Durchmesser: 45 cm, H\u00f6he: 45 cm |<\/p>\n<p>&nbsp;<\/p>","protected":false},"featured_media":2308,"template":"","meta":{"inline_featured_image":false},"product_brand":[],"product_cat":[82,39],"product_tag":[],"class_list":{"0":"post-2237","1":"product","2":"type-product","3":"status-publish","4":"has-post-thumbnail","6":"product_cat-borde","7":"product_cat-moebler","9":"first","10":"instock","11":"taxable","12":"shipping-taxable","13":"purchasable","14":"product-type-variable"},"exclude_global_add_ons":[],"addons":[],"yoast_head":"<!-- This site is optimized with the Yoast SEO plugin v27.4 - https:\/\/yoast.com\/product\/yoast-seo-wordpress\/ -->\n<title>Tr\u00e6bord af genbrugstr\u00e6 | Unika marokkansk design | Tibladin<\/title>\n<meta name=\"description\" content=\"Flot bord med st\u00e5l-stel og en bordplade i genbrugstr\u00e6 fra Marrokanske d\u00f8re. Kan let tils\u00e6ttes din indretning og giver et rustikt udtryk.\" \/>\n<meta name=\"robots\" content=\"index, follow, max-snippet:-1, max-image-preview:large, max-video-preview:-1\" \/>\n<link rel=\"canonical\" href=\"https:\/\/tibladin.dk\/de\/produkt\/holztische-in-graublauem-moule\/\" \/>\n<meta property=\"og:locale\" content=\"de_DE\" \/>\n<meta property=\"og:type\" content=\"article\" \/>\n<meta property=\"og:title\" content=\"Tr\u00e6bord af genbrugstr\u00e6 | Unika marokkansk design | Tibladin\" \/>\n<meta property=\"og:description\" content=\"Flot bord med st\u00e5l-stel og en bordplade i genbrugstr\u00e6 fra Marrokanske d\u00f8re. Kan let tils\u00e6ttes din indretning og giver et rustikt udtryk.\" \/>\n<meta property=\"og:url\" content=\"https:\/\/tibladin.dk\/de\/produkt\/holztische-in-graublauem-moule\/\" \/>\n<meta property=\"og:site_name\" content=\"Tibladin\" \/>\n<meta property=\"article:modified_time\" content=\"2024-12-09T13:29:35+00:00\" \/>\n<meta property=\"og:image\" content=\"https:\/\/tibladin.dk\/wp-content\/uploads\/2022\/09\/traeborde-samlet-LS-1.jpg\" \/>\n\t<meta property=\"og:image:width\" content=\"800\" \/>\n\t<meta property=\"og:image:height\" content=\"800\" \/>\n\t<meta property=\"og:image:type\" content=\"image\/jpeg\" \/>\n<meta name=\"twitter:card\" content=\"summary_large_image\" \/>\n<meta name=\"twitter:label1\" content=\"Gesch\u00e4tzte Lesezeit\" \/>\n\t<meta name=\"twitter:data1\" content=\"2\u00a0Minuten\" \/>\n<script type=\"application\/ld+json\" class=\"yoast-schema-graph\">{\"@context\":\"https:\\\/\\\/schema.org\",\"@graph\":[{\"@type\":\"WebPage\",\"@id\":\"https:\\\/\\\/tibladin.dk\\\/produkt\\\/traeborde-i-graa-blaa-moule\\\/\",\"url\":\"https:\\\/\\\/tibladin.dk\\\/produkt\\\/traeborde-i-graa-blaa-moule\\\/\",\"name\":\"Tr\u00e6bord af genbrugstr\u00e6 | Unika marokkansk design | Tibladin\",\"isPartOf\":{\"@id\":\"https:\\\/\\\/tibladin.dk\\\/#website\"},\"primaryImageOfPage\":{\"@id\":\"https:\\\/\\\/tibladin.dk\\\/produkt\\\/traeborde-i-graa-blaa-moule\\\/#primaryimage\"},\"image\":{\"@id\":\"https:\\\/\\\/tibladin.dk\\\/produkt\\\/traeborde-i-graa-blaa-moule\\\/#primaryimage\"},\"thumbnailUrl\":\"https:\\\/\\\/tibladin.dk\\\/wp-content\\\/uploads\\\/2022\\\/09\\\/traeborde-samlet-LS-1.jpg\",\"datePublished\":\"2022-09-20T09:14:39+00:00\",\"dateModified\":\"2024-12-09T13:29:35+00:00\",\"description\":\"Flot bord med st\u00e5l-stel og en bordplade i genbrugstr\u00e6 fra Marrokanske d\u00f8re. Kan let tils\u00e6ttes din indretning og giver et rustikt udtryk.\",\"breadcrumb\":{\"@id\":\"https:\\\/\\\/tibladin.dk\\\/produkt\\\/traeborde-i-graa-blaa-moule\\\/#breadcrumb\"},\"inLanguage\":\"de\",\"potentialAction\":[{\"@type\":\"ReadAction\",\"target\":[\"https:\\\/\\\/tibladin.dk\\\/produkt\\\/traeborde-i-graa-blaa-moule\\\/\"]}]},{\"@type\":\"ImageObject\",\"inLanguage\":\"de\",\"@id\":\"https:\\\/\\\/tibladin.dk\\\/produkt\\\/traeborde-i-graa-blaa-moule\\\/#primaryimage\",\"url\":\"https:\\\/\\\/tibladin.dk\\\/wp-content\\\/uploads\\\/2022\\\/09\\\/traeborde-samlet-LS-1.jpg\",\"contentUrl\":\"https:\\\/\\\/tibladin.dk\\\/wp-content\\\/uploads\\\/2022\\\/09\\\/traeborde-samlet-LS-1.jpg\",\"width\":800,\"height\":800,\"caption\":\"Marokkanske h\u00e5ndlavede tr\u00e6border i large, medium og small, st\u00e5ende ved siden af hinanden, med dekorationer p\u00e5, ved siden af en s\u00e6kkestol\"},{\"@type\":\"BreadcrumbList\",\"@id\":\"https:\\\/\\\/tibladin.dk\\\/produkt\\\/traeborde-i-graa-blaa-moule\\\/#breadcrumb\",\"itemListElement\":[{\"@type\":\"ListItem\",\"position\":1,\"name\":\"Hjem\",\"item\":\"https:\\\/\\\/tibladin.dk\\\/\"},{\"@type\":\"ListItem\",\"position\":2,\"name\":\"Shop\",\"item\":\"https:\\\/\\\/tibladin.dk\\\/shop\\\/\"},{\"@type\":\"ListItem\",\"position\":3,\"name\":\"Tr\u00e6borde i gr\u00e5\\\/bl\u00e5 MOULE\"}]},{\"@type\":\"WebSite\",\"@id\":\"https:\\\/\\\/tibladin.dk\\\/#website\",\"url\":\"https:\\\/\\\/tibladin.dk\\\/\",\"name\":\"Tibladin\",\"description\":\"Tibladin\",\"publisher\":{\"@id\":\"https:\\\/\\\/tibladin.dk\\\/#organization\"},\"potentialAction\":[{\"@type\":\"SearchAction\",\"target\":{\"@type\":\"EntryPoint\",\"urlTemplate\":\"https:\\\/\\\/tibladin.dk\\\/?s={search_term_string}\"},\"query-input\":{\"@type\":\"PropertyValueSpecification\",\"valueRequired\":true,\"valueName\":\"search_term_string\"}}],\"inLanguage\":\"de\"},{\"@type\":\"Organization\",\"@id\":\"https:\\\/\\\/tibladin.dk\\\/#organization\",\"name\":\"Tibladin\",\"url\":\"https:\\\/\\\/tibladin.dk\\\/\",\"logo\":{\"@type\":\"ImageObject\",\"inLanguage\":\"de\",\"@id\":\"https:\\\/\\\/tibladin.dk\\\/#\\\/schema\\\/logo\\\/image\\\/\",\"url\":\"https:\\\/\\\/tibladin.dk\\\/wp-content\\\/uploads\\\/2022\\\/09\\\/tibladin_logo.svg\",\"contentUrl\":\"https:\\\/\\\/tibladin.dk\\\/wp-content\\\/uploads\\\/2022\\\/09\\\/tibladin_logo.svg\",\"caption\":\"Tibladin\"},\"image\":{\"@id\":\"https:\\\/\\\/tibladin.dk\\\/#\\\/schema\\\/logo\\\/image\\\/\"}}]}<\/script>\n<!-- \/ Yoast SEO plugin. -->","yoast_head_json":{"title":"Holztisch aus recyceltem Holz | Einzigartiges marokkanisches Design | Tibladin","description":"Sch\u00f6ner Tisch mit einem Stahlgestell und einer Tischplatte aus recyceltem Holz von marokkanischen T\u00fcren. L\u00e4sst sich leicht zu Ihrer Einrichtung hinzuf\u00fcgen und sorgt f\u00fcr einen rustikalen Look.","robots":{"index":"index","follow":"follow","max-snippet":"max-snippet:-1","max-image-preview":"max-image-preview:large","max-video-preview":"max-video-preview:-1"},"canonical":"https:\/\/tibladin.dk\/de\/produkt\/holztische-in-graublauem-moule\/","og_locale":"de_DE","og_type":"article","og_title":"Tr\u00e6bord af genbrugstr\u00e6 | Unika marokkansk design | Tibladin","og_description":"Flot bord med st\u00e5l-stel og en bordplade i genbrugstr\u00e6 fra Marrokanske d\u00f8re. Kan let tils\u00e6ttes din indretning og giver et rustikt udtryk.","og_url":"https:\/\/tibladin.dk\/de\/produkt\/holztische-in-graublauem-moule\/","og_site_name":"Tibladin","article_modified_time":"2024-12-09T13:29:35+00:00","og_image":[{"width":800,"height":800,"url":"https:\/\/tibladin.dk\/wp-content\/uploads\/2022\/09\/traeborde-samlet-LS-1.jpg","type":"image\/jpeg"}],"twitter_card":"summary_large_image","twitter_misc":{"Gesch\u00e4tzte Lesezeit":"2\u00a0Minuten"},"schema":{"@context":"https:\/\/schema.org","@graph":[{"@type":"WebPage","@id":"https:\/\/tibladin.dk\/produkt\/traeborde-i-graa-blaa-moule\/","url":"https:\/\/tibladin.dk\/produkt\/traeborde-i-graa-blaa-moule\/","name":"Holztisch aus recyceltem Holz | Einzigartiges marokkanisches Design | Tibladin","isPartOf":{"@id":"https:\/\/tibladin.dk\/#website"},"primaryImageOfPage":{"@id":"https:\/\/tibladin.dk\/produkt\/traeborde-i-graa-blaa-moule\/#primaryimage"},"image":{"@id":"https:\/\/tibladin.dk\/produkt\/traeborde-i-graa-blaa-moule\/#primaryimage"},"thumbnailUrl":"https:\/\/tibladin.dk\/wp-content\/uploads\/2022\/09\/traeborde-samlet-LS-1.jpg","datePublished":"2022-09-20T09:14:39+00:00","dateModified":"2024-12-09T13:29:35+00:00","description":"Sch\u00f6ner Tisch mit einem Stahlgestell und einer Tischplatte aus recyceltem Holz von marokkanischen T\u00fcren. L\u00e4sst sich leicht zu Ihrer Einrichtung hinzuf\u00fcgen und sorgt f\u00fcr einen rustikalen Look.","breadcrumb":{"@id":"https:\/\/tibladin.dk\/produkt\/traeborde-i-graa-blaa-moule\/#breadcrumb"},"inLanguage":"de","potentialAction":[{"@type":"ReadAction","target":["https:\/\/tibladin.dk\/produkt\/traeborde-i-graa-blaa-moule\/"]}]},{"@type":"ImageObject","inLanguage":"de","@id":"https:\/\/tibladin.dk\/produkt\/traeborde-i-graa-blaa-moule\/#primaryimage","url":"https:\/\/tibladin.dk\/wp-content\/uploads\/2022\/09\/traeborde-samlet-LS-1.jpg","contentUrl":"https:\/\/tibladin.dk\/wp-content\/uploads\/2022\/09\/traeborde-samlet-LS-1.jpg","width":800,"height":800,"caption":"Marokkanske h\u00e5ndlavede tr\u00e6border i large, medium og small, st\u00e5ende ved siden af hinanden, med dekorationer p\u00e5, ved siden af en s\u00e6kkestol"},{"@type":"BreadcrumbList","@id":"https:\/\/tibladin.dk\/produkt\/traeborde-i-graa-blaa-moule\/#breadcrumb","itemListElement":[{"@type":"ListItem","position":1,"name":"Hjem","item":"https:\/\/tibladin.dk\/"},{"@type":"ListItem","position":2,"name":"Shop","item":"https:\/\/tibladin.dk\/shop\/"},{"@type":"ListItem","position":3,"name":"Tr\u00e6borde i gr\u00e5\/bl\u00e5 MOULE"}]},{"@type":"WebSite","@id":"https:\/\/tibladin.dk\/#website","url":"https:\/\/tibladin.dk\/","name":"Tibladin","description":"Tibladin","publisher":{"@id":"https:\/\/tibladin.dk\/#organization"},"potentialAction":[{"@type":"SearchAction","target":{"@type":"EntryPoint","urlTemplate":"https:\/\/tibladin.dk\/?s={search_term_string}"},"query-input":{"@type":"PropertyValueSpecification","valueRequired":true,"valueName":"search_term_string"}}],"inLanguage":"de"},{"@type":"Organization","@id":"https:\/\/tibladin.dk\/#organization","name":"Tibladin","url":"https:\/\/tibladin.dk\/","logo":{"@type":"ImageObject","inLanguage":"de","@id":"https:\/\/tibladin.dk\/#\/schema\/logo\/image\/","url":"https:\/\/tibladin.dk\/wp-content\/uploads\/2022\/09\/tibladin_logo.svg","contentUrl":"https:\/\/tibladin.dk\/wp-content\/uploads\/2022\/09\/tibladin_logo.svg","caption":"Tibladin"},"image":{"@id":"https:\/\/tibladin.dk\/#\/schema\/logo\/image\/"}}]}},"_links":{"self":[{"href":"https:\/\/tibladin.dk\/de\/wp-json\/wp\/v2\/product\/2237","targetHints":{"allow":["GET"]}}],"collection":[{"href":"https:\/\/tibladin.dk\/de\/wp-json\/wp\/v2\/product"}],"about":[{"href":"https:\/\/tibladin.dk\/de\/wp-json\/wp\/v2\/types\/product"}],"wp:featuredmedia":[{"embeddable":true,"href":"https:\/\/tibladin.dk\/de\/wp-json\/wp\/v2\/media\/2308"}],"wp:attachment":[{"href":"https:\/\/tibladin.dk\/de\/wp-json\/wp\/v2\/media?parent=2237"}],"wp:term":[{"taxonomy":"product_brand","embeddable":true,"href":"https:\/\/tibladin.dk\/de\/wp-json\/wp\/v2\/product_brand?post=2237"},{"taxonomy":"product_cat","embeddable":true,"href":"https:\/\/tibladin.dk\/de\/wp-json\/wp\/v2\/product_cat?post=2237"},{"taxonomy":"product_tag","embeddable":true,"href":"https:\/\/tibladin.dk\/de\/wp-json\/wp\/v2\/product_tag?post=2237"}],"curies":[{"name":"wp","href":"https:\/\/api.w.org\/{rel}","templated":true}]}}