{"id":2375,"date":"2022-09-20T11:15:47","date_gmt":"2022-09-20T09:15:47","guid":{"rendered":"https:\/\/tibladin.dk\/?post_type=product&#038;p=2375"},"modified":"2025-05-03T18:43:46","modified_gmt":"2025-05-03T16:43:46","slug":"kleidergrose-s-verschiedene-designs","status":"publish","type":"product","link":"https:\/\/tibladin.dk\/de\/produkt\/kjole-str-s-flere-designs\/","title":{"rendered":"Kleidergr\u00f6\u00dfe S (mehrere Designs)"},"content":{"rendered":"<div class=\"wpb-content-wrapper\"><div class=\"vc_row wpb_row vc_row-fluid\"><div class=\"wpb_column vc_column_container vc_col-sm-4\"><div class=\"vc_column-inner\"><div class=\"wpb_wrapper\"><\/div><\/div><\/div><div class=\"wpb_column vc_column_container vc_col-sm-4\"><div class=\"vc_column-inner\"><div class=\"wpb_wrapper\"><h3 style=\"text-align: left\" class=\"vc_custom_heading vc_do_custom_heading\" >Wartung<\/h3>\n\t<div class=\"wpb_text_column wpb_content_element\" >\n\t\t<div class=\"wpb_wrapper\">\n\t\t\t<p>Die Kleider bestehen aus 100%-Baumwolle und k\u00f6nnen daher bei bis zu 40 Grad in der Maschine gewaschen werden. Wir empfehlen au\u00dferdem, die Kleider zu d\u00e4mpfen\/zu b\u00fcgeln, um Falten zu vermeiden.<\/p>\n\n\t\t<\/div>\n\t<\/div>\n<\/div><\/div><\/div><div class=\"wpb_column vc_column_container vc_col-sm-4\"><div class=\"vc_column-inner\"><div class=\"wpb_wrapper\"><h3 style=\"text-align: left\" class=\"vc_custom_heading vc_do_custom_heading\" >Die Geschichte dahinter<\/h3>\n\t<div class=\"wpb_text_column wpb_content_element\" >\n\t\t<div class=\"wpb_wrapper\">\n\t\t\t<p>Diese wundersch\u00f6nen marokkanischen Kleider sind aus 100%-Baumwolle handgen\u00e4ht und strahlen Leben und Farbe aus. Die Kleider werden in Zusammenarbeit mit einem Designer und Schneider in Marrakesch hergestellt und gemeinsam haben wir die Farben, Materialien und Muster f\u00fcr jedes Kleid sorgf\u00e4ltig ausgew\u00e4hlt. Deshalb sind sie auch v\u00f6llig einzigartig \u2013 es gibt sie jeweils nur einmal und diese Designs sind nirgendwo anders zu finden. Die Passform der sch\u00f6nen Kleider ist locker und bequem, aber gleichzeitig schmeichelhaft und k\u00f6stlich. Das Kleid kann sowohl zu Hause, im B\u00fcro als auch f\u00fcr einen Ausflug an den Strand oder auf die Terrasse an einem hei\u00dfen Sommertag getragen werden.<\/p>\n<p>Die Kleider in Str. S gibt es in drei verschiedenen sch\u00f6nen Designs.<\/p>\n\n\t\t<\/div>\n\t<\/div>\n<\/div><\/div><\/div><\/div>\n<\/div>","protected":false},"excerpt":{"rendered":"<p class=\"p1\">Wundersch\u00f6nes handgen\u00e4htes Kleid aus 100%-Baumwolle. Die Kleider werden in Zusammenarbeit mit einem Designer und Schneider in Marrakesch hergestellt und jedes einzelne Design ist zutiefst einzigartig. Von jedem Design gibt es nur 1 Kleid. Die Kleider sind in vielen sch\u00f6nen Mustern und Farben erh\u00e4ltlich und ihre Passform ist locker, bequem und schmeichelhaft. Die Kleider haben auf jeder Seite einen sch\u00f6nen Schlitz. Perfekt sowohl f\u00fcr den Alltag als auch f\u00fcr einen Ausflug an den Strand. Die Kleider der Kategorie S passen den meisten Menschen von XS bis S und M.<\/p>\n<p>Die Kleider in Str. Das S ist in drei verschiedenen Designs erh\u00e4ltlich, die Folgendes messen:<\/p>\n<p>Marrakesch: | Schulter: 41 cm | Taille: 57 cm | L\u00e4nge: 132 cm | \u00c4rmell\u00e4nge: 36 cm\u00a0<em>|\u00a0<\/em>Schlitz: 27 cm |<\/p>\n<p>K\u00f6niglicher Streifen: | Schulter: 40 cm | Taille: 56 cm | L\u00e4nge: 134 cm | \u00c4rmell\u00e4nge: 33 cm | Schlitz: 32 cm | Ausschnitt: 20 cm |<\/p>\n<p>Fruchtig: | Schulter: 42 cm | Taille: 60 cm | L\u00e4nge: 133 | \u00c4rmell\u00e4nge: 32 cm | Schlitz: 32 cm | Ausschnitt: 17 cm |<\/p>\n<p>&nbsp;<\/p>\n<p>&nbsp;<\/p>\n<p>&nbsp;<\/p>","protected":false},"featured_media":2444,"template":"","meta":{"inline_featured_image":false},"product_brand":[],"product_cat":[27,109],"product_tag":[],"class_list":{"0":"post-2375","1":"product","2":"type-product","3":"status-publish","4":"has-post-thumbnail","6":"product_cat-diverse","7":"product_cat-kjoler","9":"first","10":"instock","11":"taxable","12":"shipping-taxable","13":"purchasable","14":"product-type-variable"},"exclude_global_add_ons":false,"addons":[{"name":"M\u00f6chten Sie eine Geschenkverpackung?","type":"checkbox","position":0,"required":false,"title_format":"label","default":"","description_enable":false,"description":"","placeholder_enable":false,"placeholder":"","display":"images","restrictions_type":"any_text","adjust_price":false,"price":"","price_type":"flat_fee","restrictions":false,"min":"0","max":"0","options":[{"label":"Ja tak","price":"10","price_type":"flat_fee","image":11015,"visibility":true}],"id":1669646111}],"yoast_head":"<!-- This site is optimized with the Yoast SEO plugin v27.5 - https:\/\/yoast.com\/product\/yoast-seo-wordpress\/ -->\n<title>H\u00e5ndsyet Marrokansk kjole | Unikt design | Tibladin |<\/title>\n<meta name=\"description\" content=\"Smukke h\u00e5ndsyede kjoler i 100% bomuld. Udviklet i samarbejde med designer og skr\u00e6dder i Marrakech. Unikke og farvestr\u00e5lende.\" \/>\n<meta name=\"robots\" content=\"index, follow, max-snippet:-1, max-image-preview:large, max-video-preview:-1\" \/>\n<link rel=\"canonical\" href=\"https:\/\/tibladin.dk\/de\/produkt\/kleidergrose-s-verschiedene-designs\/\" \/>\n<meta property=\"og:locale\" content=\"de_DE\" \/>\n<meta property=\"og:type\" content=\"article\" \/>\n<meta property=\"og:title\" content=\"H\u00e5ndsyet Marrokansk kjole | Unikt design | Tibladin |\" \/>\n<meta property=\"og:description\" content=\"Smukke h\u00e5ndsyede kjoler i 100% bomuld. Udviklet i samarbejde med designer og skr\u00e6dder i Marrakech. Unikke og farvestr\u00e5lende.\" \/>\n<meta property=\"og:url\" content=\"https:\/\/tibladin.dk\/de\/produkt\/kleidergrose-s-verschiedene-designs\/\" \/>\n<meta property=\"og:site_name\" content=\"Tibladin\" \/>\n<meta property=\"article:modified_time\" content=\"2025-05-03T16:43:46+00:00\" \/>\n<meta property=\"og:image\" content=\"https:\/\/tibladin.dk\/wp-content\/uploads\/2022\/09\/Tibladin_marrakech-kjole_S-1.jpg\" \/>\n\t<meta property=\"og:image:width\" content=\"800\" \/>\n\t<meta property=\"og:image:height\" content=\"800\" \/>\n\t<meta property=\"og:image:type\" content=\"image\/jpeg\" \/>\n<meta name=\"twitter:card\" content=\"summary_large_image\" \/>\n<meta name=\"twitter:label1\" content=\"Gesch\u00e4tzte Lesezeit\" \/>\n\t<meta name=\"twitter:data1\" content=\"2\u00a0Minuten\" \/>\n<script type=\"application\/ld+json\" class=\"yoast-schema-graph\">{\"@context\":\"https:\\\/\\\/schema.org\",\"@graph\":[{\"@type\":\"WebPage\",\"@id\":\"https:\\\/\\\/tibladin.dk\\\/produkt\\\/kjole-str-s-flere-designs\\\/\",\"url\":\"https:\\\/\\\/tibladin.dk\\\/produkt\\\/kjole-str-s-flere-designs\\\/\",\"name\":\"H\u00e5ndsyet Marrokansk kjole | Unikt design | Tibladin |\",\"isPartOf\":{\"@id\":\"https:\\\/\\\/tibladin.dk\\\/#website\"},\"primaryImageOfPage\":{\"@id\":\"https:\\\/\\\/tibladin.dk\\\/produkt\\\/kjole-str-s-flere-designs\\\/#primaryimage\"},\"image\":{\"@id\":\"https:\\\/\\\/tibladin.dk\\\/produkt\\\/kjole-str-s-flere-designs\\\/#primaryimage\"},\"thumbnailUrl\":\"https:\\\/\\\/tibladin.dk\\\/wp-content\\\/uploads\\\/2022\\\/09\\\/Tibladin_marrakech-kjole_S-1.jpg\",\"datePublished\":\"2022-09-20T09:15:47+00:00\",\"dateModified\":\"2025-05-03T16:43:46+00:00\",\"description\":\"Smukke h\u00e5ndsyede kjoler i 100% bomuld. Udviklet i samarbejde med designer og skr\u00e6dder i Marrakech. Unikke og farvestr\u00e5lende.\",\"breadcrumb\":{\"@id\":\"https:\\\/\\\/tibladin.dk\\\/produkt\\\/kjole-str-s-flere-designs\\\/#breadcrumb\"},\"inLanguage\":\"de\",\"potentialAction\":[{\"@type\":\"ReadAction\",\"target\":[\"https:\\\/\\\/tibladin.dk\\\/produkt\\\/kjole-str-s-flere-designs\\\/\"]}]},{\"@type\":\"ImageObject\",\"inLanguage\":\"de\",\"@id\":\"https:\\\/\\\/tibladin.dk\\\/produkt\\\/kjole-str-s-flere-designs\\\/#primaryimage\",\"url\":\"https:\\\/\\\/tibladin.dk\\\/wp-content\\\/uploads\\\/2022\\\/09\\\/Tibladin_marrakech-kjole_S-1.jpg\",\"contentUrl\":\"https:\\\/\\\/tibladin.dk\\\/wp-content\\\/uploads\\\/2022\\\/09\\\/Tibladin_marrakech-kjole_S-1.jpg\",\"width\":800,\"height\":800,\"caption\":\"Model i marokkansk h\u00e5ndv\u00e6vet kjole i r\u00f8d med Marrackech m\u00f8nster\"},{\"@type\":\"BreadcrumbList\",\"@id\":\"https:\\\/\\\/tibladin.dk\\\/produkt\\\/kjole-str-s-flere-designs\\\/#breadcrumb\",\"itemListElement\":[{\"@type\":\"ListItem\",\"position\":1,\"name\":\"Hjem\",\"item\":\"https:\\\/\\\/tibladin.dk\\\/\"},{\"@type\":\"ListItem\",\"position\":2,\"name\":\"Shop\",\"item\":\"https:\\\/\\\/tibladin.dk\\\/shop\\\/\"},{\"@type\":\"ListItem\",\"position\":3,\"name\":\"Kjole str. S (flere designs)\"}]},{\"@type\":\"WebSite\",\"@id\":\"https:\\\/\\\/tibladin.dk\\\/#website\",\"url\":\"https:\\\/\\\/tibladin.dk\\\/\",\"name\":\"Tibladin\",\"description\":\"Tibladin\",\"publisher\":{\"@id\":\"https:\\\/\\\/tibladin.dk\\\/#organization\"},\"potentialAction\":[{\"@type\":\"SearchAction\",\"target\":{\"@type\":\"EntryPoint\",\"urlTemplate\":\"https:\\\/\\\/tibladin.dk\\\/?s={search_term_string}\"},\"query-input\":{\"@type\":\"PropertyValueSpecification\",\"valueRequired\":true,\"valueName\":\"search_term_string\"}}],\"inLanguage\":\"de\"},{\"@type\":\"Organization\",\"@id\":\"https:\\\/\\\/tibladin.dk\\\/#organization\",\"name\":\"Tibladin\",\"url\":\"https:\\\/\\\/tibladin.dk\\\/\",\"logo\":{\"@type\":\"ImageObject\",\"inLanguage\":\"de\",\"@id\":\"https:\\\/\\\/tibladin.dk\\\/#\\\/schema\\\/logo\\\/image\\\/\",\"url\":\"https:\\\/\\\/tibladin.dk\\\/wp-content\\\/uploads\\\/2022\\\/09\\\/tibladin_logo.svg\",\"contentUrl\":\"https:\\\/\\\/tibladin.dk\\\/wp-content\\\/uploads\\\/2022\\\/09\\\/tibladin_logo.svg\",\"caption\":\"Tibladin\"},\"image\":{\"@id\":\"https:\\\/\\\/tibladin.dk\\\/#\\\/schema\\\/logo\\\/image\\\/\"}}]}<\/script>\n<!-- \/ Yoast SEO plugin. -->","yoast_head_json":{"title":"Handgen\u00e4htes marokkanisches Kleid | Einzigartiges Design | Tibladin |","description":"Wundersch\u00f6ne handgen\u00e4hte Kleider aus 100%-Baumwolle. Entwickelt in Zusammenarbeit mit Designer und Schneider in Marrakesch. Einzigartig und farbenfroh.","robots":{"index":"index","follow":"follow","max-snippet":"max-snippet:-1","max-image-preview":"max-image-preview:large","max-video-preview":"max-video-preview:-1"},"canonical":"https:\/\/tibladin.dk\/de\/produkt\/kleidergrose-s-verschiedene-designs\/","og_locale":"de_DE","og_type":"article","og_title":"H\u00e5ndsyet Marrokansk kjole | Unikt design | Tibladin |","og_description":"Smukke h\u00e5ndsyede kjoler i 100% bomuld. Udviklet i samarbejde med designer og skr\u00e6dder i Marrakech. Unikke og farvestr\u00e5lende.","og_url":"https:\/\/tibladin.dk\/de\/produkt\/kleidergrose-s-verschiedene-designs\/","og_site_name":"Tibladin","article_modified_time":"2025-05-03T16:43:46+00:00","og_image":[{"width":800,"height":800,"url":"https:\/\/tibladin.dk\/wp-content\/uploads\/2022\/09\/Tibladin_marrakech-kjole_S-1.jpg","type":"image\/jpeg"}],"twitter_card":"summary_large_image","twitter_misc":{"Gesch\u00e4tzte Lesezeit":"2\u00a0Minuten"},"schema":{"@context":"https:\/\/schema.org","@graph":[{"@type":"WebPage","@id":"https:\/\/tibladin.dk\/produkt\/kjole-str-s-flere-designs\/","url":"https:\/\/tibladin.dk\/produkt\/kjole-str-s-flere-designs\/","name":"Handgen\u00e4htes marokkanisches Kleid | Einzigartiges Design | Tibladin |","isPartOf":{"@id":"https:\/\/tibladin.dk\/#website"},"primaryImageOfPage":{"@id":"https:\/\/tibladin.dk\/produkt\/kjole-str-s-flere-designs\/#primaryimage"},"image":{"@id":"https:\/\/tibladin.dk\/produkt\/kjole-str-s-flere-designs\/#primaryimage"},"thumbnailUrl":"https:\/\/tibladin.dk\/wp-content\/uploads\/2022\/09\/Tibladin_marrakech-kjole_S-1.jpg","datePublished":"2022-09-20T09:15:47+00:00","dateModified":"2025-05-03T16:43:46+00:00","description":"Wundersch\u00f6ne handgen\u00e4hte Kleider aus 100%-Baumwolle. Entwickelt in Zusammenarbeit mit Designer und Schneider in Marrakesch. Einzigartig und farbenfroh.","breadcrumb":{"@id":"https:\/\/tibladin.dk\/produkt\/kjole-str-s-flere-designs\/#breadcrumb"},"inLanguage":"de","potentialAction":[{"@type":"ReadAction","target":["https:\/\/tibladin.dk\/produkt\/kjole-str-s-flere-designs\/"]}]},{"@type":"ImageObject","inLanguage":"de","@id":"https:\/\/tibladin.dk\/produkt\/kjole-str-s-flere-designs\/#primaryimage","url":"https:\/\/tibladin.dk\/wp-content\/uploads\/2022\/09\/Tibladin_marrakech-kjole_S-1.jpg","contentUrl":"https:\/\/tibladin.dk\/wp-content\/uploads\/2022\/09\/Tibladin_marrakech-kjole_S-1.jpg","width":800,"height":800,"caption":"Model i marokkansk h\u00e5ndv\u00e6vet kjole i r\u00f8d med Marrackech m\u00f8nster"},{"@type":"BreadcrumbList","@id":"https:\/\/tibladin.dk\/produkt\/kjole-str-s-flere-designs\/#breadcrumb","itemListElement":[{"@type":"ListItem","position":1,"name":"Hjem","item":"https:\/\/tibladin.dk\/"},{"@type":"ListItem","position":2,"name":"Shop","item":"https:\/\/tibladin.dk\/shop\/"},{"@type":"ListItem","position":3,"name":"Kjole str. S (flere designs)"}]},{"@type":"WebSite","@id":"https:\/\/tibladin.dk\/#website","url":"https:\/\/tibladin.dk\/","name":"Tibladin","description":"Tibladin","publisher":{"@id":"https:\/\/tibladin.dk\/#organization"},"potentialAction":[{"@type":"SearchAction","target":{"@type":"EntryPoint","urlTemplate":"https:\/\/tibladin.dk\/?s={search_term_string}"},"query-input":{"@type":"PropertyValueSpecification","valueRequired":true,"valueName":"search_term_string"}}],"inLanguage":"de"},{"@type":"Organization","@id":"https:\/\/tibladin.dk\/#organization","name":"Tibladin","url":"https:\/\/tibladin.dk\/","logo":{"@type":"ImageObject","inLanguage":"de","@id":"https:\/\/tibladin.dk\/#\/schema\/logo\/image\/","url":"https:\/\/tibladin.dk\/wp-content\/uploads\/2022\/09\/tibladin_logo.svg","contentUrl":"https:\/\/tibladin.dk\/wp-content\/uploads\/2022\/09\/tibladin_logo.svg","caption":"Tibladin"},"image":{"@id":"https:\/\/tibladin.dk\/#\/schema\/logo\/image\/"}}]}},"_links":{"self":[{"href":"https:\/\/tibladin.dk\/de\/wp-json\/wp\/v2\/product\/2375","targetHints":{"allow":["GET"]}}],"collection":[{"href":"https:\/\/tibladin.dk\/de\/wp-json\/wp\/v2\/product"}],"about":[{"href":"https:\/\/tibladin.dk\/de\/wp-json\/wp\/v2\/types\/product"}],"wp:featuredmedia":[{"embeddable":true,"href":"https:\/\/tibladin.dk\/de\/wp-json\/wp\/v2\/media\/2444"}],"wp:attachment":[{"href":"https:\/\/tibladin.dk\/de\/wp-json\/wp\/v2\/media?parent=2375"}],"wp:term":[{"taxonomy":"product_brand","embeddable":true,"href":"https:\/\/tibladin.dk\/de\/wp-json\/wp\/v2\/product_brand?post=2375"},{"taxonomy":"product_cat","embeddable":true,"href":"https:\/\/tibladin.dk\/de\/wp-json\/wp\/v2\/product_cat?post=2375"},{"taxonomy":"product_tag","embeddable":true,"href":"https:\/\/tibladin.dk\/de\/wp-json\/wp\/v2\/product_tag?post=2375"}],"curies":[{"name":"wp","href":"https:\/\/api.w.org\/{rel}","templated":true}]}}