{"id":2421,"date":"2022-09-20T11:16:13","date_gmt":"2022-09-20T09:16:13","guid":{"rendered":"https:\/\/tibladin.dk\/?post_type=product&#038;p=2421"},"modified":"2026-01-16T11:32:45","modified_gmt":"2026-01-16T10:32:45","slug":"badematte-sommer","status":"publish","type":"product","link":"https:\/\/tibladin.dk\/de\/produkt\/bademaatte-sommer\/","title":{"rendered":"Badematte SOMMER"},"content":{"rendered":"<div class=\"wpb-content-wrapper\"><div class=\"vc_row wpb_row vc_row-fluid\"><div class=\"wpb_column vc_column_container vc_col-sm-4\"><div class=\"vc_column-inner\"><div class=\"wpb_wrapper\"><\/div><\/div><\/div><div class=\"wpb_column vc_column_container vc_col-sm-4\"><div class=\"vc_column-inner\"><div class=\"wpb_wrapper\"><h3 style=\"text-align: left\" class=\"vc_custom_heading vc_do_custom_heading\" >Wartung<\/h3>\n\t<div class=\"wpb_text_column wpb_content_element\" >\n\t\t<div class=\"wpb_wrapper\">\n\t\t\t<p>Die Matte besteht aus 100 % Baumwolle und kann schonend bei 30 Grad in der Maschine gewaschen werden.<\/p>\n\n\t\t<\/div>\n\t<\/div>\n<\/div><\/div><\/div><div class=\"wpb_column vc_column_container vc_col-sm-4\"><div class=\"vc_column-inner\"><div class=\"wpb_wrapper\"><h3 style=\"text-align: left\" class=\"vc_custom_heading vc_do_custom_heading\" >Die Geschichte dahinter<\/h3>\n\t<div class=\"wpb_text_column wpb_content_element\" >\n\t\t<div class=\"wpb_wrapper\">\n\t\t\t<p>Diese wundersch\u00f6nen marokkanischen Badematten sind aus 100%-Baumwolle handgewebt und k\u00f6nnen im Badezimmer oder G\u00e4stebad verwendet werden. Die Matten sind in sch\u00f6nen, klaren und sommerlichen Farben gehalten, die mit ihren kleinen Quasten f\u00fcr eine sch\u00f6ne und leichte Note sorgen. Die Badematte kann auch als Teppich f\u00fcr den Eingangsbereich oder das G\u00e4stezimmer verwendet werden. Mit den hellen und klaren Farben eignen sich die Matten sowohl f\u00fcr das skandinavische als auch f\u00fcr das stilvolle Zuhause, eignen sich aber auch f\u00fcr das Sommerhaus oder den Garten. Dann holen Sie sich die marokkanische und sommerliche Atmosph\u00e4re ins Zuhause. Hergestellt in Zusammenarbeit mit einem Designer in Marrakesch.<\/p>\n\n\t\t<\/div>\n\t<\/div>\n<\/div><\/div><\/div><\/div>\n<\/div>","protected":false},"excerpt":{"rendered":"<p class=\"p1\"><span class=\"s1\">Feine marokkanische handgewebte Badematte aus 100%-Baumwolle mit Streifen und kleinen Quasten. Die Matte ist in mehreren Farben erh\u00e4ltlich und die feinen Streifen und Noppen im Design sorgen in Kombination mit den sommerlichen Farben der Baumwolle f\u00fcr einen leichten und schlichten Look. Der Badeteppich kann auch als Teppich im Eingangsbereich, im Flur oder im G\u00e4stezimmer verwendet werden. Hergestellt in Zusammenarbeit mit einem Designer aus Marrakesch. Die Matte ist in 7 verschiedenen Farben erh\u00e4ltlich. Da die Matten handgewebt sind, kann es zu leichten Gr\u00f6\u00dfenabweichungen kommen.\u00a0<\/span><\/p>\n<p>Jetzt Einf\u00fchrungsangebot!<\/p>\n<p>Ziel: | L\u00e4nge: 70 cm | Breite: 50 cm |<\/p>","protected":false},"featured_media":2519,"template":"","meta":{"inline_featured_image":false},"product_brand":[],"product_cat":[97,37],"product_tag":[],"class_list":{"0":"post-2421","1":"product","2":"type-product","3":"status-publish","4":"has-post-thumbnail","6":"product_cat-luksus-bademaatte","7":"product_cat-tekstiler","9":"first","10":"instock","11":"sale","12":"taxable","13":"shipping-taxable","14":"purchasable","15":"product-type-variable"},"exclude_global_add_ons":false,"addons":[{"name":"M\u00f6chten Sie eine Geschenkverpackung?","type":"checkbox","position":0,"required":false,"title_format":"label","default":"","description_enable":false,"description":"","placeholder_enable":false,"placeholder":"","display":"images","restrictions_type":"any_text","adjust_price":false,"price":"","price_type":"flat_fee","restrictions":false,"min":"0","max":"0","options":[{"label":"Ja tak","price":"10","price_type":"flat_fee","image":11015,"visibility":true}],"id":1669646111}],"yoast_head":"<!-- This site is optimized with the Yoast SEO plugin v27.4 - https:\/\/yoast.com\/product\/yoast-seo-wordpress\/ -->\n<title>H\u00e5ndv\u00e6vet Marokkansk badem\u00e5tte | Stort udvalg | Tibladin<\/title>\n<meta name=\"description\" content=\"Fin h\u00e5ndv\u00e6vet badem\u00e5tte i 100% bomuld med striber og kvaster i mange farver. Kan bruges p\u00e5 badev\u00e6relset, i entreen og p\u00e5 g\u00e6stev\u00e6relset.\" \/>\n<meta name=\"robots\" content=\"index, follow, max-snippet:-1, max-image-preview:large, max-video-preview:-1\" \/>\n<link rel=\"canonical\" href=\"https:\/\/tibladin.dk\/de\/produkt\/badematte-sommer\/\" \/>\n<meta property=\"og:locale\" content=\"de_DE\" \/>\n<meta property=\"og:type\" content=\"article\" \/>\n<meta property=\"og:title\" content=\"H\u00e5ndv\u00e6vet Marokkansk badem\u00e5tte | Stort udvalg | Tibladin\" \/>\n<meta property=\"og:description\" content=\"Fin h\u00e5ndv\u00e6vet badem\u00e5tte i 100% bomuld med striber og kvaster i mange farver. Kan bruges p\u00e5 badev\u00e6relset, i entreen og p\u00e5 g\u00e6stev\u00e6relset.\" \/>\n<meta property=\"og:url\" content=\"https:\/\/tibladin.dk\/de\/produkt\/badematte-sommer\/\" \/>\n<meta property=\"og:site_name\" content=\"Tibladin\" \/>\n<meta property=\"article:modified_time\" content=\"2026-01-16T10:32:45+00:00\" \/>\n<meta property=\"og:image\" content=\"https:\/\/tibladin.dk\/wp-content\/uploads\/2022\/09\/Tibladin_farvede-bademaatter_LS3-1.jpg\" \/>\n\t<meta property=\"og:image:width\" content=\"800\" \/>\n\t<meta property=\"og:image:height\" content=\"800\" \/>\n\t<meta property=\"og:image:type\" content=\"image\/jpeg\" \/>\n<meta name=\"twitter:card\" content=\"summary_large_image\" \/>\n<meta name=\"twitter:label1\" content=\"Gesch\u00e4tzte Lesezeit\" \/>\n\t<meta name=\"twitter:data1\" content=\"2\u00a0Minuten\" \/>\n<script type=\"application\/ld+json\" class=\"yoast-schema-graph\">{\"@context\":\"https:\\\/\\\/schema.org\",\"@graph\":[{\"@type\":\"WebPage\",\"@id\":\"https:\\\/\\\/tibladin.dk\\\/produkt\\\/bademaatte-sommer\\\/\",\"url\":\"https:\\\/\\\/tibladin.dk\\\/produkt\\\/bademaatte-sommer\\\/\",\"name\":\"H\u00e5ndv\u00e6vet Marokkansk badem\u00e5tte | Stort udvalg | Tibladin\",\"isPartOf\":{\"@id\":\"https:\\\/\\\/tibladin.dk\\\/#website\"},\"primaryImageOfPage\":{\"@id\":\"https:\\\/\\\/tibladin.dk\\\/produkt\\\/bademaatte-sommer\\\/#primaryimage\"},\"image\":{\"@id\":\"https:\\\/\\\/tibladin.dk\\\/produkt\\\/bademaatte-sommer\\\/#primaryimage\"},\"thumbnailUrl\":\"https:\\\/\\\/tibladin.dk\\\/wp-content\\\/uploads\\\/2022\\\/09\\\/Tibladin_farvede-bademaatter_LS3-1.jpg\",\"datePublished\":\"2022-09-20T09:16:13+00:00\",\"dateModified\":\"2026-01-16T10:32:45+00:00\",\"description\":\"Fin h\u00e5ndv\u00e6vet badem\u00e5tte i 100% bomuld med striber og kvaster i mange farver. Kan bruges p\u00e5 badev\u00e6relset, i entreen og p\u00e5 g\u00e6stev\u00e6relset.\",\"breadcrumb\":{\"@id\":\"https:\\\/\\\/tibladin.dk\\\/produkt\\\/bademaatte-sommer\\\/#breadcrumb\"},\"inLanguage\":\"de\",\"potentialAction\":[{\"@type\":\"ReadAction\",\"target\":[\"https:\\\/\\\/tibladin.dk\\\/produkt\\\/bademaatte-sommer\\\/\"]}]},{\"@type\":\"ImageObject\",\"inLanguage\":\"de\",\"@id\":\"https:\\\/\\\/tibladin.dk\\\/produkt\\\/bademaatte-sommer\\\/#primaryimage\",\"url\":\"https:\\\/\\\/tibladin.dk\\\/wp-content\\\/uploads\\\/2022\\\/09\\\/Tibladin_farvede-bademaatter_LS3-1.jpg\",\"contentUrl\":\"https:\\\/\\\/tibladin.dk\\\/wp-content\\\/uploads\\\/2022\\\/09\\\/Tibladin_farvede-bademaatter_LS3-1.jpg\",\"width\":800,\"height\":800,\"caption\":\"Marokkansk h\u00e5ndv\u00e6vede badem\u00e5tter liggende i kurv\"},{\"@type\":\"BreadcrumbList\",\"@id\":\"https:\\\/\\\/tibladin.dk\\\/produkt\\\/bademaatte-sommer\\\/#breadcrumb\",\"itemListElement\":[{\"@type\":\"ListItem\",\"position\":1,\"name\":\"Hjem\",\"item\":\"https:\\\/\\\/tibladin.dk\\\/\"},{\"@type\":\"ListItem\",\"position\":2,\"name\":\"Shop\",\"item\":\"https:\\\/\\\/tibladin.dk\\\/shop\\\/\"},{\"@type\":\"ListItem\",\"position\":3,\"name\":\"Badem\u00e5tte SOMMER\"}]},{\"@type\":\"WebSite\",\"@id\":\"https:\\\/\\\/tibladin.dk\\\/#website\",\"url\":\"https:\\\/\\\/tibladin.dk\\\/\",\"name\":\"Tibladin\",\"description\":\"Tibladin\",\"publisher\":{\"@id\":\"https:\\\/\\\/tibladin.dk\\\/#organization\"},\"potentialAction\":[{\"@type\":\"SearchAction\",\"target\":{\"@type\":\"EntryPoint\",\"urlTemplate\":\"https:\\\/\\\/tibladin.dk\\\/?s={search_term_string}\"},\"query-input\":{\"@type\":\"PropertyValueSpecification\",\"valueRequired\":true,\"valueName\":\"search_term_string\"}}],\"inLanguage\":\"de\"},{\"@type\":\"Organization\",\"@id\":\"https:\\\/\\\/tibladin.dk\\\/#organization\",\"name\":\"Tibladin\",\"url\":\"https:\\\/\\\/tibladin.dk\\\/\",\"logo\":{\"@type\":\"ImageObject\",\"inLanguage\":\"de\",\"@id\":\"https:\\\/\\\/tibladin.dk\\\/#\\\/schema\\\/logo\\\/image\\\/\",\"url\":\"https:\\\/\\\/tibladin.dk\\\/wp-content\\\/uploads\\\/2022\\\/09\\\/tibladin_logo.svg\",\"contentUrl\":\"https:\\\/\\\/tibladin.dk\\\/wp-content\\\/uploads\\\/2022\\\/09\\\/tibladin_logo.svg\",\"caption\":\"Tibladin\"},\"image\":{\"@id\":\"https:\\\/\\\/tibladin.dk\\\/#\\\/schema\\\/logo\\\/image\\\/\"}}]}<\/script>\n<!-- \/ Yoast SEO plugin. -->","yoast_head_json":{"title":"Handgewebte marokkanische Badematte | Gro\u00dfe Auswahl | Tibladin","description":"Feine handgewebte Badematte aus 100%-Baumwolle mit Streifen und Quasten in vielen Farben. Einsetzbar im Badezimmer, im Eingangsbereich und im G\u00e4stezimmer.","robots":{"index":"index","follow":"follow","max-snippet":"max-snippet:-1","max-image-preview":"max-image-preview:large","max-video-preview":"max-video-preview:-1"},"canonical":"https:\/\/tibladin.dk\/de\/produkt\/badematte-sommer\/","og_locale":"de_DE","og_type":"article","og_title":"H\u00e5ndv\u00e6vet Marokkansk badem\u00e5tte | Stort udvalg | Tibladin","og_description":"Fin h\u00e5ndv\u00e6vet badem\u00e5tte i 100% bomuld med striber og kvaster i mange farver. Kan bruges p\u00e5 badev\u00e6relset, i entreen og p\u00e5 g\u00e6stev\u00e6relset.","og_url":"https:\/\/tibladin.dk\/de\/produkt\/badematte-sommer\/","og_site_name":"Tibladin","article_modified_time":"2026-01-16T10:32:45+00:00","og_image":[{"width":800,"height":800,"url":"https:\/\/tibladin.dk\/wp-content\/uploads\/2022\/09\/Tibladin_farvede-bademaatter_LS3-1.jpg","type":"image\/jpeg"}],"twitter_card":"summary_large_image","twitter_misc":{"Gesch\u00e4tzte Lesezeit":"2\u00a0Minuten"},"schema":{"@context":"https:\/\/schema.org","@graph":[{"@type":"WebPage","@id":"https:\/\/tibladin.dk\/produkt\/bademaatte-sommer\/","url":"https:\/\/tibladin.dk\/produkt\/bademaatte-sommer\/","name":"Handgewebte marokkanische Badematte | Gro\u00dfe Auswahl | Tibladin","isPartOf":{"@id":"https:\/\/tibladin.dk\/#website"},"primaryImageOfPage":{"@id":"https:\/\/tibladin.dk\/produkt\/bademaatte-sommer\/#primaryimage"},"image":{"@id":"https:\/\/tibladin.dk\/produkt\/bademaatte-sommer\/#primaryimage"},"thumbnailUrl":"https:\/\/tibladin.dk\/wp-content\/uploads\/2022\/09\/Tibladin_farvede-bademaatter_LS3-1.jpg","datePublished":"2022-09-20T09:16:13+00:00","dateModified":"2026-01-16T10:32:45+00:00","description":"Feine handgewebte Badematte aus 100%-Baumwolle mit Streifen und Quasten in vielen Farben. Einsetzbar im Badezimmer, im Eingangsbereich und im G\u00e4stezimmer.","breadcrumb":{"@id":"https:\/\/tibladin.dk\/produkt\/bademaatte-sommer\/#breadcrumb"},"inLanguage":"de","potentialAction":[{"@type":"ReadAction","target":["https:\/\/tibladin.dk\/produkt\/bademaatte-sommer\/"]}]},{"@type":"ImageObject","inLanguage":"de","@id":"https:\/\/tibladin.dk\/produkt\/bademaatte-sommer\/#primaryimage","url":"https:\/\/tibladin.dk\/wp-content\/uploads\/2022\/09\/Tibladin_farvede-bademaatter_LS3-1.jpg","contentUrl":"https:\/\/tibladin.dk\/wp-content\/uploads\/2022\/09\/Tibladin_farvede-bademaatter_LS3-1.jpg","width":800,"height":800,"caption":"Marokkansk h\u00e5ndv\u00e6vede badem\u00e5tter liggende i kurv"},{"@type":"BreadcrumbList","@id":"https:\/\/tibladin.dk\/produkt\/bademaatte-sommer\/#breadcrumb","itemListElement":[{"@type":"ListItem","position":1,"name":"Hjem","item":"https:\/\/tibladin.dk\/"},{"@type":"ListItem","position":2,"name":"Shop","item":"https:\/\/tibladin.dk\/shop\/"},{"@type":"ListItem","position":3,"name":"Badem\u00e5tte SOMMER"}]},{"@type":"WebSite","@id":"https:\/\/tibladin.dk\/#website","url":"https:\/\/tibladin.dk\/","name":"Tibladin","description":"Tibladin","publisher":{"@id":"https:\/\/tibladin.dk\/#organization"},"potentialAction":[{"@type":"SearchAction","target":{"@type":"EntryPoint","urlTemplate":"https:\/\/tibladin.dk\/?s={search_term_string}"},"query-input":{"@type":"PropertyValueSpecification","valueRequired":true,"valueName":"search_term_string"}}],"inLanguage":"de"},{"@type":"Organization","@id":"https:\/\/tibladin.dk\/#organization","name":"Tibladin","url":"https:\/\/tibladin.dk\/","logo":{"@type":"ImageObject","inLanguage":"de","@id":"https:\/\/tibladin.dk\/#\/schema\/logo\/image\/","url":"https:\/\/tibladin.dk\/wp-content\/uploads\/2022\/09\/tibladin_logo.svg","contentUrl":"https:\/\/tibladin.dk\/wp-content\/uploads\/2022\/09\/tibladin_logo.svg","caption":"Tibladin"},"image":{"@id":"https:\/\/tibladin.dk\/#\/schema\/logo\/image\/"}}]}},"_links":{"self":[{"href":"https:\/\/tibladin.dk\/de\/wp-json\/wp\/v2\/product\/2421","targetHints":{"allow":["GET"]}}],"collection":[{"href":"https:\/\/tibladin.dk\/de\/wp-json\/wp\/v2\/product"}],"about":[{"href":"https:\/\/tibladin.dk\/de\/wp-json\/wp\/v2\/types\/product"}],"wp:featuredmedia":[{"embeddable":true,"href":"https:\/\/tibladin.dk\/de\/wp-json\/wp\/v2\/media\/2519"}],"wp:attachment":[{"href":"https:\/\/tibladin.dk\/de\/wp-json\/wp\/v2\/media?parent=2421"}],"wp:term":[{"taxonomy":"product_brand","embeddable":true,"href":"https:\/\/tibladin.dk\/de\/wp-json\/wp\/v2\/product_brand?post=2421"},{"taxonomy":"product_cat","embeddable":true,"href":"https:\/\/tibladin.dk\/de\/wp-json\/wp\/v2\/product_cat?post=2421"},{"taxonomy":"product_tag","embeddable":true,"href":"https:\/\/tibladin.dk\/de\/wp-json\/wp\/v2\/product_tag?post=2421"}],"curies":[{"name":"wp","href":"https:\/\/api.w.org\/{rel}","templated":true}]}}