{"id":2431,"date":"2022-09-20T11:16:17","date_gmt":"2022-09-20T09:16:17","guid":{"rendered":"https:\/\/tibladin.dk\/vare\/bakke-i-valnoeddetrae-og-haandtag-i-haandskaaret-inox\/"},"modified":"2024-12-09T14:26:05","modified_gmt":"2024-12-09T13:26:05","slug":"tablett-aus-walnussholz-und-griffe-aus-edelstahl","status":"publish","type":"product","link":"https:\/\/tibladin.dk\/de\/produkt\/bakke-i-valnoeddetrae-og-haandtag-i-haandskaaret-inox\/","title":{"rendered":"Tablett aus Walnussholz und Griff aus handgeschnittenem Edelstahl"},"content":{"rendered":"<div class=\"wpb-content-wrapper\"><div class=\"vc_row wpb_row vc_row-fluid\"><div class=\"wpb_column vc_column_container vc_col-sm-4\"><div class=\"vc_column-inner\"><div class=\"wpb_wrapper\"><\/div><\/div><\/div><div class=\"wpb_column vc_column_container vc_col-sm-4\"><div class=\"vc_column-inner\"><div class=\"wpb_wrapper\"><h3 style=\"text-align: left\" class=\"vc_custom_heading vc_do_custom_heading\" >Wartung<\/h3>\n\t<div class=\"wpb_text_column wpb_content_element\" >\n\t\t<div class=\"wpb_wrapper\">\n\t\t\t<p>Das Tablett ist feucht abwischbar und kann mit Silberpolitur poliert werden. Auf Wunsch kann das Holz auch ge\u00f6lt werden.<\/p>\n\n\t\t<\/div>\n\t<\/div>\n<\/div><\/div><\/div><div class=\"wpb_column vc_column_container vc_col-sm-4\"><div class=\"vc_column-inner\"><div class=\"wpb_wrapper\"><h3 style=\"text-align: left\" class=\"vc_custom_heading vc_do_custom_heading\" >Die Geschichte dahinter<\/h3>\n\t<div class=\"wpb_text_column wpb_content_element\" >\n\t\t<div class=\"wpb_wrapper\">\n\t\t\t<p>Dieses wundersch\u00f6ne handgefertigte Tablett aus Walnussholz mit einem Griff aus handgeschnitztem Edelstahl schm\u00fcckt jedes Zuhause. Die sch\u00f6nen Details und Muster aus Edelstahl kontrastieren mit dem schlichten, dunklen Holz, was einen wirklich sch\u00f6nen Effekt erzeugt. Das Tablett aus Walnussholz kann sowohl zur Dekoration als auch zur Aufbewahrung von Gegenst\u00e4nden verwendet werden, die Ihnen viel bedeuten. Die sch\u00f6nen Edelstahlgriffe reflektieren auch wundersch\u00f6n den Schein einer Kerze in einem Beldi-Teelichthalter. Ich liebe kleine Dinge, die das Zuhause schm\u00fccken, und dieses Tablett verleiht einen zus\u00e4tzlichen Hauch von W\u00e4rme und marokkanischem Geheimnis.<\/p>\n<p>Zu dem sch\u00f6nen Tablett geh\u00f6rt auch eine sch\u00f6ne Geschenkbox aus elegantem schwarzem Velours, in der Sie das Tablett aufbewahren k\u00f6nnen. Es verleiht auch eine besonders elegante Note, wenn Sie das Tablett einem geliebten Menschen schenken m\u00f6chten.<\/p>\n\n\t\t<\/div>\n\t<\/div>\n<\/div><\/div><\/div><\/div>\n<\/div>","protected":false},"excerpt":{"rendered":"<p>Wundersch\u00f6nes handgefertigtes marokkanisches Tablett aus Walnussholz mit einem Griff aus handgeschnittenem Edelstahl. Die tiefe Farbe des Holzes und die sch\u00f6nen Muster in den Edelstahlgriffen sorgen f\u00fcr ein elegantes und stilvolles Aussehen, das das Tablett perfekt zum Dekorieren, Servieren und Aufbewahren macht. Auf diese Weise k\u00f6nnen Sie marokkanischen Stil und Handwerkskunst in Ihr Zuhause bringen. Das Tablett wird in einer eleganten Geschenkbox aus schwarzem Velours geliefert, was es auch zu einer sehr exklusiven Geschenkidee f\u00fcr Hochzeiten oder Geburtstage macht.<\/p>\n<p>Das Tablett ist 31 cm (39 mit Griff) x 22 cm x 4,5 cm hoch.<\/p>","protected":false},"featured_media":2426,"template":"","meta":{"inline_featured_image":false},"product_brand":[],"product_cat":[54,51],"product_tag":[],"class_list":{"0":"post-2431","1":"product","2":"type-product","3":"status-publish","4":"has-post-thumbnail","6":"product_cat-aesker-og-bakker","7":"product_cat-opbevaring","9":"first","10":"instock","11":"taxable","12":"shipping-taxable","13":"purchasable","14":"product-type-simple"},"exclude_global_add_ons":false,"addons":[{"name":"M\u00f6chten Sie eine Geschenkverpackung?","type":"checkbox","position":0,"required":false,"title_format":"label","default":"","description_enable":false,"description":"","placeholder_enable":false,"placeholder":"","display":"images","restrictions_type":"any_text","adjust_price":false,"price":"","price_type":"flat_fee","restrictions":false,"min":"0","max":"0","options":[{"label":"Ja tak","price":"10","price_type":"flat_fee","image":11015,"visibility":true}],"id":1669646111}],"yoast_head":"<!-- This site is optimized with the Yoast SEO plugin v27.4 - https:\/\/yoast.com\/product\/yoast-seo-wordpress\/ -->\n<title>Bakke i valn\u00f8ddetr\u00e6 og h\u00e5ndtag i h\u00e5ndsk\u00e5ret inox | Tibladin<\/title>\n<meta name=\"description\" content=\"Marrokansk \u00e6ske bertukket med stof og l\u00e6derkvast. Opbevaring der pynter. Til vigtige papirer, b\u00f8rnenes tegninger eller de gode minder fra ferien.\" \/>\n<meta name=\"robots\" content=\"index, follow, max-snippet:-1, max-image-preview:large, max-video-preview:-1\" \/>\n<link rel=\"canonical\" href=\"https:\/\/tibladin.dk\/de\/produkt\/tablett-aus-walnussholz-und-griffe-aus-edelstahl\/\" \/>\n<meta property=\"og:locale\" content=\"de_DE\" \/>\n<meta property=\"og:type\" content=\"article\" \/>\n<meta property=\"og:title\" content=\"Bakke i valn\u00f8ddetr\u00e6 og h\u00e5ndtag i h\u00e5ndsk\u00e5ret inox | Tibladin\" \/>\n<meta property=\"og:description\" content=\"Marrokansk \u00e6ske bertukket med stof og l\u00e6derkvast. Opbevaring der pynter. Til vigtige papirer, b\u00f8rnenes tegninger eller de gode minder fra ferien.\" \/>\n<meta property=\"og:url\" content=\"https:\/\/tibladin.dk\/de\/produkt\/tablett-aus-walnussholz-und-griffe-aus-edelstahl\/\" \/>\n<meta property=\"og:site_name\" content=\"Tibladin\" \/>\n<meta property=\"article:modified_time\" content=\"2024-12-09T13:26:05+00:00\" \/>\n<meta property=\"og:image\" content=\"https:\/\/tibladin.dk\/wp-content\/uploads\/2022\/09\/Marokkansk-bakke-i-valnoed-med-inox-haandtag-1.jpg\" \/>\n\t<meta property=\"og:image:width\" content=\"800\" \/>\n\t<meta property=\"og:image:height\" content=\"800\" \/>\n\t<meta property=\"og:image:type\" content=\"image\/jpeg\" \/>\n<meta name=\"twitter:card\" content=\"summary_large_image\" \/>\n<meta name=\"twitter:label1\" content=\"Gesch\u00e4tzte Lesezeit\" \/>\n\t<meta name=\"twitter:data1\" content=\"2\u00a0Minuten\" \/>\n<script type=\"application\/ld+json\" class=\"yoast-schema-graph\">{\"@context\":\"https:\\\/\\\/schema.org\",\"@graph\":[{\"@type\":\"WebPage\",\"@id\":\"https:\\\/\\\/tibladin.dk\\\/produkt\\\/bakke-i-valnoeddetrae-og-haandtag-i-haandskaaret-inox\\\/\",\"url\":\"https:\\\/\\\/tibladin.dk\\\/produkt\\\/bakke-i-valnoeddetrae-og-haandtag-i-haandskaaret-inox\\\/\",\"name\":\"Bakke i valn\u00f8ddetr\u00e6 og h\u00e5ndtag i h\u00e5ndsk\u00e5ret inox | Tibladin\",\"isPartOf\":{\"@id\":\"https:\\\/\\\/tibladin.dk\\\/#website\"},\"primaryImageOfPage\":{\"@id\":\"https:\\\/\\\/tibladin.dk\\\/produkt\\\/bakke-i-valnoeddetrae-og-haandtag-i-haandskaaret-inox\\\/#primaryimage\"},\"image\":{\"@id\":\"https:\\\/\\\/tibladin.dk\\\/produkt\\\/bakke-i-valnoeddetrae-og-haandtag-i-haandskaaret-inox\\\/#primaryimage\"},\"thumbnailUrl\":\"https:\\\/\\\/tibladin.dk\\\/wp-content\\\/uploads\\\/2022\\\/09\\\/Marokkansk-bakke-i-valnoed-med-inox-haandtag-1.jpg\",\"datePublished\":\"2022-09-20T09:16:17+00:00\",\"dateModified\":\"2024-12-09T13:26:05+00:00\",\"description\":\"Marrokansk \u00e6ske bertukket med stof og l\u00e6derkvast. Opbevaring der pynter. Til vigtige papirer, b\u00f8rnenes tegninger eller de gode minder fra ferien.\",\"breadcrumb\":{\"@id\":\"https:\\\/\\\/tibladin.dk\\\/produkt\\\/bakke-i-valnoeddetrae-og-haandtag-i-haandskaaret-inox\\\/#breadcrumb\"},\"inLanguage\":\"de\",\"potentialAction\":[{\"@type\":\"ReadAction\",\"target\":[\"https:\\\/\\\/tibladin.dk\\\/produkt\\\/bakke-i-valnoeddetrae-og-haandtag-i-haandskaaret-inox\\\/\"]}]},{\"@type\":\"ImageObject\",\"inLanguage\":\"de\",\"@id\":\"https:\\\/\\\/tibladin.dk\\\/produkt\\\/bakke-i-valnoeddetrae-og-haandtag-i-haandskaaret-inox\\\/#primaryimage\",\"url\":\"https:\\\/\\\/tibladin.dk\\\/wp-content\\\/uploads\\\/2022\\\/09\\\/Marokkansk-bakke-i-valnoed-med-inox-haandtag-1.jpg\",\"contentUrl\":\"https:\\\/\\\/tibladin.dk\\\/wp-content\\\/uploads\\\/2022\\\/09\\\/Marokkansk-bakke-i-valnoed-med-inox-haandtag-1.jpg\",\"width\":800,\"height\":800,\"caption\":\"Marokkansk h\u00e5ndlavet bakke i valn\u00f8ddetr\u00e6 med h\u00e5ndtag af inox ved siden af plante\"},{\"@type\":\"BreadcrumbList\",\"@id\":\"https:\\\/\\\/tibladin.dk\\\/produkt\\\/bakke-i-valnoeddetrae-og-haandtag-i-haandskaaret-inox\\\/#breadcrumb\",\"itemListElement\":[{\"@type\":\"ListItem\",\"position\":1,\"name\":\"Hjem\",\"item\":\"https:\\\/\\\/tibladin.dk\\\/\"},{\"@type\":\"ListItem\",\"position\":2,\"name\":\"Shop\",\"item\":\"https:\\\/\\\/tibladin.dk\\\/shop\\\/\"},{\"@type\":\"ListItem\",\"position\":3,\"name\":\"Bakke i valn\u00f8ddetr\u00e6 og h\u00e5ndtag i h\u00e5ndsk\u00e5ret inox\"}]},{\"@type\":\"WebSite\",\"@id\":\"https:\\\/\\\/tibladin.dk\\\/#website\",\"url\":\"https:\\\/\\\/tibladin.dk\\\/\",\"name\":\"Tibladin\",\"description\":\"Tibladin\",\"publisher\":{\"@id\":\"https:\\\/\\\/tibladin.dk\\\/#organization\"},\"potentialAction\":[{\"@type\":\"SearchAction\",\"target\":{\"@type\":\"EntryPoint\",\"urlTemplate\":\"https:\\\/\\\/tibladin.dk\\\/?s={search_term_string}\"},\"query-input\":{\"@type\":\"PropertyValueSpecification\",\"valueRequired\":true,\"valueName\":\"search_term_string\"}}],\"inLanguage\":\"de\"},{\"@type\":\"Organization\",\"@id\":\"https:\\\/\\\/tibladin.dk\\\/#organization\",\"name\":\"Tibladin\",\"url\":\"https:\\\/\\\/tibladin.dk\\\/\",\"logo\":{\"@type\":\"ImageObject\",\"inLanguage\":\"de\",\"@id\":\"https:\\\/\\\/tibladin.dk\\\/#\\\/schema\\\/logo\\\/image\\\/\",\"url\":\"https:\\\/\\\/tibladin.dk\\\/wp-content\\\/uploads\\\/2022\\\/09\\\/tibladin_logo.svg\",\"contentUrl\":\"https:\\\/\\\/tibladin.dk\\\/wp-content\\\/uploads\\\/2022\\\/09\\\/tibladin_logo.svg\",\"caption\":\"Tibladin\"},\"image\":{\"@id\":\"https:\\\/\\\/tibladin.dk\\\/#\\\/schema\\\/logo\\\/image\\\/\"}}]}<\/script>\n<!-- \/ Yoast SEO plugin. -->","yoast_head_json":{"title":"Tablett aus Walnussholz und Griff aus handgeschnittenem Edelstahl | Tibladin","description":"Marokkanische Box mit Stoffbezug und Lederquaste. Aufbewahrung, die schm\u00fcckt. F\u00fcr wichtige Papiere, die Kinderzeichnungen oder die sch\u00f6nen Erinnerungen aus dem Urlaub.","robots":{"index":"index","follow":"follow","max-snippet":"max-snippet:-1","max-image-preview":"max-image-preview:large","max-video-preview":"max-video-preview:-1"},"canonical":"https:\/\/tibladin.dk\/de\/produkt\/tablett-aus-walnussholz-und-griffe-aus-edelstahl\/","og_locale":"de_DE","og_type":"article","og_title":"Bakke i valn\u00f8ddetr\u00e6 og h\u00e5ndtag i h\u00e5ndsk\u00e5ret inox | Tibladin","og_description":"Marrokansk \u00e6ske bertukket med stof og l\u00e6derkvast. Opbevaring der pynter. Til vigtige papirer, b\u00f8rnenes tegninger eller de gode minder fra ferien.","og_url":"https:\/\/tibladin.dk\/de\/produkt\/tablett-aus-walnussholz-und-griffe-aus-edelstahl\/","og_site_name":"Tibladin","article_modified_time":"2024-12-09T13:26:05+00:00","og_image":[{"width":800,"height":800,"url":"https:\/\/tibladin.dk\/wp-content\/uploads\/2022\/09\/Marokkansk-bakke-i-valnoed-med-inox-haandtag-1.jpg","type":"image\/jpeg"}],"twitter_card":"summary_large_image","twitter_misc":{"Gesch\u00e4tzte Lesezeit":"2\u00a0Minuten"},"schema":{"@context":"https:\/\/schema.org","@graph":[{"@type":"WebPage","@id":"https:\/\/tibladin.dk\/produkt\/bakke-i-valnoeddetrae-og-haandtag-i-haandskaaret-inox\/","url":"https:\/\/tibladin.dk\/produkt\/bakke-i-valnoeddetrae-og-haandtag-i-haandskaaret-inox\/","name":"Tablett aus Walnussholz und Griff aus handgeschnittenem Edelstahl | Tibladin","isPartOf":{"@id":"https:\/\/tibladin.dk\/#website"},"primaryImageOfPage":{"@id":"https:\/\/tibladin.dk\/produkt\/bakke-i-valnoeddetrae-og-haandtag-i-haandskaaret-inox\/#primaryimage"},"image":{"@id":"https:\/\/tibladin.dk\/produkt\/bakke-i-valnoeddetrae-og-haandtag-i-haandskaaret-inox\/#primaryimage"},"thumbnailUrl":"https:\/\/tibladin.dk\/wp-content\/uploads\/2022\/09\/Marokkansk-bakke-i-valnoed-med-inox-haandtag-1.jpg","datePublished":"2022-09-20T09:16:17+00:00","dateModified":"2024-12-09T13:26:05+00:00","description":"Marokkanische Box mit Stoffbezug und Lederquaste. Aufbewahrung, die schm\u00fcckt. F\u00fcr wichtige Papiere, die Kinderzeichnungen oder die sch\u00f6nen Erinnerungen aus dem Urlaub.","breadcrumb":{"@id":"https:\/\/tibladin.dk\/produkt\/bakke-i-valnoeddetrae-og-haandtag-i-haandskaaret-inox\/#breadcrumb"},"inLanguage":"de","potentialAction":[{"@type":"ReadAction","target":["https:\/\/tibladin.dk\/produkt\/bakke-i-valnoeddetrae-og-haandtag-i-haandskaaret-inox\/"]}]},{"@type":"ImageObject","inLanguage":"de","@id":"https:\/\/tibladin.dk\/produkt\/bakke-i-valnoeddetrae-og-haandtag-i-haandskaaret-inox\/#primaryimage","url":"https:\/\/tibladin.dk\/wp-content\/uploads\/2022\/09\/Marokkansk-bakke-i-valnoed-med-inox-haandtag-1.jpg","contentUrl":"https:\/\/tibladin.dk\/wp-content\/uploads\/2022\/09\/Marokkansk-bakke-i-valnoed-med-inox-haandtag-1.jpg","width":800,"height":800,"caption":"Marokkansk h\u00e5ndlavet bakke i valn\u00f8ddetr\u00e6 med h\u00e5ndtag af inox ved siden af plante"},{"@type":"BreadcrumbList","@id":"https:\/\/tibladin.dk\/produkt\/bakke-i-valnoeddetrae-og-haandtag-i-haandskaaret-inox\/#breadcrumb","itemListElement":[{"@type":"ListItem","position":1,"name":"Hjem","item":"https:\/\/tibladin.dk\/"},{"@type":"ListItem","position":2,"name":"Shop","item":"https:\/\/tibladin.dk\/shop\/"},{"@type":"ListItem","position":3,"name":"Bakke i valn\u00f8ddetr\u00e6 og h\u00e5ndtag i h\u00e5ndsk\u00e5ret inox"}]},{"@type":"WebSite","@id":"https:\/\/tibladin.dk\/#website","url":"https:\/\/tibladin.dk\/","name":"Tibladin","description":"Tibladin","publisher":{"@id":"https:\/\/tibladin.dk\/#organization"},"potentialAction":[{"@type":"SearchAction","target":{"@type":"EntryPoint","urlTemplate":"https:\/\/tibladin.dk\/?s={search_term_string}"},"query-input":{"@type":"PropertyValueSpecification","valueRequired":true,"valueName":"search_term_string"}}],"inLanguage":"de"},{"@type":"Organization","@id":"https:\/\/tibladin.dk\/#organization","name":"Tibladin","url":"https:\/\/tibladin.dk\/","logo":{"@type":"ImageObject","inLanguage":"de","@id":"https:\/\/tibladin.dk\/#\/schema\/logo\/image\/","url":"https:\/\/tibladin.dk\/wp-content\/uploads\/2022\/09\/tibladin_logo.svg","contentUrl":"https:\/\/tibladin.dk\/wp-content\/uploads\/2022\/09\/tibladin_logo.svg","caption":"Tibladin"},"image":{"@id":"https:\/\/tibladin.dk\/#\/schema\/logo\/image\/"}}]}},"_links":{"self":[{"href":"https:\/\/tibladin.dk\/de\/wp-json\/wp\/v2\/product\/2431","targetHints":{"allow":["GET"]}}],"collection":[{"href":"https:\/\/tibladin.dk\/de\/wp-json\/wp\/v2\/product"}],"about":[{"href":"https:\/\/tibladin.dk\/de\/wp-json\/wp\/v2\/types\/product"}],"wp:featuredmedia":[{"embeddable":true,"href":"https:\/\/tibladin.dk\/de\/wp-json\/wp\/v2\/media\/2426"}],"wp:attachment":[{"href":"https:\/\/tibladin.dk\/de\/wp-json\/wp\/v2\/media?parent=2431"}],"wp:term":[{"taxonomy":"product_brand","embeddable":true,"href":"https:\/\/tibladin.dk\/de\/wp-json\/wp\/v2\/product_brand?post=2431"},{"taxonomy":"product_cat","embeddable":true,"href":"https:\/\/tibladin.dk\/de\/wp-json\/wp\/v2\/product_cat?post=2431"},{"taxonomy":"product_tag","embeddable":true,"href":"https:\/\/tibladin.dk\/de\/wp-json\/wp\/v2\/product_tag?post=2431"}],"curies":[{"name":"wp","href":"https:\/\/api.w.org\/{rel}","templated":true}]}}