{"id":2443,"date":"2022-09-20T11:16:21","date_gmt":"2022-09-20T09:16:21","guid":{"rendered":"https:\/\/tibladin.dk\/vare\/stor-puf-boho\/"},"modified":"2024-12-09T14:26:02","modified_gmt":"2024-12-09T13:26:02","slug":"groser-hocker-boho","status":"publish","type":"product","link":"https:\/\/tibladin.dk\/de\/produkt\/stor-puf-boho\/","title":{"rendered":"Gro\u00dfer Hocker BOHO"},"content":{"rendered":"<div class=\"wpb-content-wrapper\"><div class=\"vc_row wpb_row vc_row-fluid\"><div class=\"wpb_column vc_column_container vc_col-sm-4\"><div class=\"vc_column-inner\"><div class=\"wpb_wrapper\"><\/div><\/div><\/div><div class=\"wpb_column vc_column_container vc_col-sm-4\"><div class=\"vc_column-inner\"><div class=\"wpb_wrapper\"><h3 style=\"text-align: left\" class=\"vc_custom_heading vc_do_custom_heading\" >Wartung<\/h3>\n\t<div class=\"wpb_text_column wpb_content_element\" >\n\t\t<div class=\"wpb_wrapper\">\n\t\t\t<p>Pflegen Sie den Sitzhocker, indem Sie ihn regelm\u00e4\u00dfig absaugen.<\/p>\n\n\t\t<\/div>\n\t<\/div>\n<\/div><\/div><\/div><div class=\"wpb_column vc_column_container vc_col-sm-4\"><div class=\"vc_column-inner\"><div class=\"wpb_wrapper\"><h3 style=\"text-align: left\" class=\"vc_custom_heading vc_do_custom_heading\" >Die Geschichte dahinter<\/h3>\n\t<div class=\"wpb_text_column wpb_content_element\" >\n\t\t<div class=\"wpb_wrapper\">\n\t\t\t<p>Dieser sch\u00f6ne, gro\u00dfe Pouf besteht aus Berber-Kelim-Teppichen mit aufregenden und verspielten Fransen und Pailletten und hat Beine aus goldfarbenem Metall. Die sch\u00f6nen Muster, Farben und Textilien kommen bei den M\u00f6beln besonders gut zur Geltung und kommen sowohl einzeln als auch als Teil einer Sofaanordnung gut zur Geltung. Hier treffen Farben und Handwerkskunst aus Marokko auf ein schlichteres skandinavisches Design, bei dem der klassische Pouf zu neuem Leben erwacht.<\/p>\n<p>Hergestellt in Zusammenarbeit mit einem Designer in Marrakesch.<\/p>\n\n\t\t<\/div>\n\t<\/div>\n<\/div><\/div><\/div><\/div>\n<\/div>","protected":false},"excerpt":{"rendered":"<p>Wundersch\u00f6ner gro\u00dfer Pouf, handgefertigt aus Berber-Kelim-Teppichen mit Beinen aus goldfarbenem Metall. Die f\u00fcr den Pouf verwendeten Kelim-Teppiche weisen wundersch\u00f6ne Details mit Fransen und Pailletten auf, die dem M\u00f6belst\u00fcck Leben und W\u00e4rme verleihen. Der Sitzhocker funktioniert sowohl einzeln, wo die Farben und Textilien besonders gut zur Geltung kommen, als auch als Teil einer Sofaanordnung. Hergestellt in Zusammenarbeit mit einem Designer aus Marrakesch.<\/p>\n<p><strong>AUFMERKSAMKEIT! Kann im Shop gekauft und im Laden abgeholt werden. Nicht ausgeliefert!<\/strong><\/p>","protected":false},"featured_media":2438,"template":"","meta":{"inline_featured_image":false},"product_brand":[],"product_cat":[108,39,49],"product_tag":[],"class_list":{"0":"post-2443","1":"product","2":"type-product","3":"status-publish","4":"has-post-thumbnail","6":"product_cat-loungestole-indendoers","7":"product_cat-moebler","8":"product_cat-skamler","10":"first","11":"instock","12":"taxable","13":"shipping-taxable","14":"purchasable","15":"product-type-simple"},"exclude_global_add_ons":[],"addons":[],"yoast_head":"<!-- This site is optimized with the Yoast SEO plugin v27.4 - https:\/\/yoast.com\/product\/yoast-seo-wordpress\/ -->\n<title>Stor marrokansk puf af berber Kelimt\u00e6pper | Unikt design<\/title>\n<meta name=\"description\" content=\"Stor h\u00e5ndlavet puf af berber Kelimt\u00e6pper med ben i guldfarvet metal. Smukke m\u00f8nstre, tekstiler og farver. Designet i Marrakech.\" \/>\n<meta name=\"robots\" content=\"index, follow, max-snippet:-1, max-image-preview:large, max-video-preview:-1\" \/>\n<link rel=\"canonical\" href=\"https:\/\/tibladin.dk\/de\/produkt\/groser-hocker-boho\/\" \/>\n<meta property=\"og:locale\" content=\"de_DE\" \/>\n<meta property=\"og:type\" content=\"article\" \/>\n<meta property=\"og:title\" content=\"Stor marrokansk puf af berber Kelimt\u00e6pper | Unikt design\" \/>\n<meta property=\"og:description\" content=\"Stor h\u00e5ndlavet puf af berber Kelimt\u00e6pper med ben i guldfarvet metal. Smukke m\u00f8nstre, tekstiler og farver. Designet i Marrakech.\" \/>\n<meta property=\"og:url\" content=\"https:\/\/tibladin.dk\/de\/produkt\/groser-hocker-boho\/\" \/>\n<meta property=\"og:site_name\" content=\"Tibladin\" \/>\n<meta property=\"article:modified_time\" content=\"2024-12-09T13:26:02+00:00\" \/>\n<meta property=\"og:image\" content=\"https:\/\/tibladin.dk\/wp-content\/uploads\/2022\/09\/Stor-Boho-puf-1.png\" \/>\n\t<meta property=\"og:image:width\" content=\"800\" \/>\n\t<meta property=\"og:image:height\" content=\"800\" \/>\n\t<meta property=\"og:image:type\" content=\"image\/png\" \/>\n<meta name=\"twitter:card\" content=\"summary_large_image\" \/>\n<meta name=\"twitter:label1\" content=\"Gesch\u00e4tzte Lesezeit\" \/>\n\t<meta name=\"twitter:data1\" content=\"1\u00a0Minute\" \/>\n<script type=\"application\/ld+json\" class=\"yoast-schema-graph\">{\"@context\":\"https:\\\/\\\/schema.org\",\"@graph\":[{\"@type\":\"WebPage\",\"@id\":\"https:\\\/\\\/tibladin.dk\\\/produkt\\\/stor-puf-boho\\\/\",\"url\":\"https:\\\/\\\/tibladin.dk\\\/produkt\\\/stor-puf-boho\\\/\",\"name\":\"Stor marrokansk puf af berber Kelimt\u00e6pper | Unikt design\",\"isPartOf\":{\"@id\":\"https:\\\/\\\/tibladin.dk\\\/#website\"},\"primaryImageOfPage\":{\"@id\":\"https:\\\/\\\/tibladin.dk\\\/produkt\\\/stor-puf-boho\\\/#primaryimage\"},\"image\":{\"@id\":\"https:\\\/\\\/tibladin.dk\\\/produkt\\\/stor-puf-boho\\\/#primaryimage\"},\"thumbnailUrl\":\"https:\\\/\\\/tibladin.dk\\\/wp-content\\\/uploads\\\/2022\\\/09\\\/Stor-Boho-puf-1.png\",\"datePublished\":\"2022-09-20T09:16:21+00:00\",\"dateModified\":\"2024-12-09T13:26:02+00:00\",\"description\":\"Stor h\u00e5ndlavet puf af berber Kelimt\u00e6pper med ben i guldfarvet metal. Smukke m\u00f8nstre, tekstiler og farver. Designet i Marrakech.\",\"breadcrumb\":{\"@id\":\"https:\\\/\\\/tibladin.dk\\\/produkt\\\/stor-puf-boho\\\/#breadcrumb\"},\"inLanguage\":\"de\",\"potentialAction\":[{\"@type\":\"ReadAction\",\"target\":[\"https:\\\/\\\/tibladin.dk\\\/produkt\\\/stor-puf-boho\\\/\"]}]},{\"@type\":\"ImageObject\",\"inLanguage\":\"de\",\"@id\":\"https:\\\/\\\/tibladin.dk\\\/produkt\\\/stor-puf-boho\\\/#primaryimage\",\"url\":\"https:\\\/\\\/tibladin.dk\\\/wp-content\\\/uploads\\\/2022\\\/09\\\/Stor-Boho-puf-1.png\",\"contentUrl\":\"https:\\\/\\\/tibladin.dk\\\/wp-content\\\/uploads\\\/2022\\\/09\\\/Stor-Boho-puf-1.png\",\"width\":800,\"height\":800,\"caption\":\"Stor h\u00e5ndlavet boho puf med marokkansk design\"},{\"@type\":\"BreadcrumbList\",\"@id\":\"https:\\\/\\\/tibladin.dk\\\/produkt\\\/stor-puf-boho\\\/#breadcrumb\",\"itemListElement\":[{\"@type\":\"ListItem\",\"position\":1,\"name\":\"Hjem\",\"item\":\"https:\\\/\\\/tibladin.dk\\\/\"},{\"@type\":\"ListItem\",\"position\":2,\"name\":\"Shop\",\"item\":\"https:\\\/\\\/tibladin.dk\\\/shop\\\/\"},{\"@type\":\"ListItem\",\"position\":3,\"name\":\"Stor puf BOHO\"}]},{\"@type\":\"WebSite\",\"@id\":\"https:\\\/\\\/tibladin.dk\\\/#website\",\"url\":\"https:\\\/\\\/tibladin.dk\\\/\",\"name\":\"Tibladin\",\"description\":\"Tibladin\",\"publisher\":{\"@id\":\"https:\\\/\\\/tibladin.dk\\\/#organization\"},\"potentialAction\":[{\"@type\":\"SearchAction\",\"target\":{\"@type\":\"EntryPoint\",\"urlTemplate\":\"https:\\\/\\\/tibladin.dk\\\/?s={search_term_string}\"},\"query-input\":{\"@type\":\"PropertyValueSpecification\",\"valueRequired\":true,\"valueName\":\"search_term_string\"}}],\"inLanguage\":\"de\"},{\"@type\":\"Organization\",\"@id\":\"https:\\\/\\\/tibladin.dk\\\/#organization\",\"name\":\"Tibladin\",\"url\":\"https:\\\/\\\/tibladin.dk\\\/\",\"logo\":{\"@type\":\"ImageObject\",\"inLanguage\":\"de\",\"@id\":\"https:\\\/\\\/tibladin.dk\\\/#\\\/schema\\\/logo\\\/image\\\/\",\"url\":\"https:\\\/\\\/tibladin.dk\\\/wp-content\\\/uploads\\\/2022\\\/09\\\/tibladin_logo.svg\",\"contentUrl\":\"https:\\\/\\\/tibladin.dk\\\/wp-content\\\/uploads\\\/2022\\\/09\\\/tibladin_logo.svg\",\"caption\":\"Tibladin\"},\"image\":{\"@id\":\"https:\\\/\\\/tibladin.dk\\\/#\\\/schema\\\/logo\\\/image\\\/\"}}]}<\/script>\n<!-- \/ Yoast SEO plugin. -->","yoast_head_json":{"title":"Gro\u00dfe marokkanische Berber-Pouf-Kelim-Teppiche | Einzigartiges Design","description":"Gro\u00dfer handgefertigter Pouf aus Berber-Kelim-Teppichen mit Beinen aus goldfarbenem Metall. Wundersch\u00f6ne Muster, Textilien und Farben. Entworfen in Marrakesch.","robots":{"index":"index","follow":"follow","max-snippet":"max-snippet:-1","max-image-preview":"max-image-preview:large","max-video-preview":"max-video-preview:-1"},"canonical":"https:\/\/tibladin.dk\/de\/produkt\/groser-hocker-boho\/","og_locale":"de_DE","og_type":"article","og_title":"Stor marrokansk puf af berber Kelimt\u00e6pper | Unikt design","og_description":"Stor h\u00e5ndlavet puf af berber Kelimt\u00e6pper med ben i guldfarvet metal. Smukke m\u00f8nstre, tekstiler og farver. Designet i Marrakech.","og_url":"https:\/\/tibladin.dk\/de\/produkt\/groser-hocker-boho\/","og_site_name":"Tibladin","article_modified_time":"2024-12-09T13:26:02+00:00","og_image":[{"width":800,"height":800,"url":"https:\/\/tibladin.dk\/wp-content\/uploads\/2022\/09\/Stor-Boho-puf-1.png","type":"image\/png"}],"twitter_card":"summary_large_image","twitter_misc":{"Gesch\u00e4tzte Lesezeit":"1\u00a0Minute"},"schema":{"@context":"https:\/\/schema.org","@graph":[{"@type":"WebPage","@id":"https:\/\/tibladin.dk\/produkt\/stor-puf-boho\/","url":"https:\/\/tibladin.dk\/produkt\/stor-puf-boho\/","name":"Gro\u00dfe marokkanische Berber-Pouf-Kelim-Teppiche | Einzigartiges Design","isPartOf":{"@id":"https:\/\/tibladin.dk\/#website"},"primaryImageOfPage":{"@id":"https:\/\/tibladin.dk\/produkt\/stor-puf-boho\/#primaryimage"},"image":{"@id":"https:\/\/tibladin.dk\/produkt\/stor-puf-boho\/#primaryimage"},"thumbnailUrl":"https:\/\/tibladin.dk\/wp-content\/uploads\/2022\/09\/Stor-Boho-puf-1.png","datePublished":"2022-09-20T09:16:21+00:00","dateModified":"2024-12-09T13:26:02+00:00","description":"Gro\u00dfer handgefertigter Pouf aus Berber-Kelim-Teppichen mit Beinen aus goldfarbenem Metall. Wundersch\u00f6ne Muster, Textilien und Farben. Entworfen in Marrakesch.","breadcrumb":{"@id":"https:\/\/tibladin.dk\/produkt\/stor-puf-boho\/#breadcrumb"},"inLanguage":"de","potentialAction":[{"@type":"ReadAction","target":["https:\/\/tibladin.dk\/produkt\/stor-puf-boho\/"]}]},{"@type":"ImageObject","inLanguage":"de","@id":"https:\/\/tibladin.dk\/produkt\/stor-puf-boho\/#primaryimage","url":"https:\/\/tibladin.dk\/wp-content\/uploads\/2022\/09\/Stor-Boho-puf-1.png","contentUrl":"https:\/\/tibladin.dk\/wp-content\/uploads\/2022\/09\/Stor-Boho-puf-1.png","width":800,"height":800,"caption":"Stor h\u00e5ndlavet boho puf med marokkansk design"},{"@type":"BreadcrumbList","@id":"https:\/\/tibladin.dk\/produkt\/stor-puf-boho\/#breadcrumb","itemListElement":[{"@type":"ListItem","position":1,"name":"Hjem","item":"https:\/\/tibladin.dk\/"},{"@type":"ListItem","position":2,"name":"Shop","item":"https:\/\/tibladin.dk\/shop\/"},{"@type":"ListItem","position":3,"name":"Stor puf BOHO"}]},{"@type":"WebSite","@id":"https:\/\/tibladin.dk\/#website","url":"https:\/\/tibladin.dk\/","name":"Tibladin","description":"Tibladin","publisher":{"@id":"https:\/\/tibladin.dk\/#organization"},"potentialAction":[{"@type":"SearchAction","target":{"@type":"EntryPoint","urlTemplate":"https:\/\/tibladin.dk\/?s={search_term_string}"},"query-input":{"@type":"PropertyValueSpecification","valueRequired":true,"valueName":"search_term_string"}}],"inLanguage":"de"},{"@type":"Organization","@id":"https:\/\/tibladin.dk\/#organization","name":"Tibladin","url":"https:\/\/tibladin.dk\/","logo":{"@type":"ImageObject","inLanguage":"de","@id":"https:\/\/tibladin.dk\/#\/schema\/logo\/image\/","url":"https:\/\/tibladin.dk\/wp-content\/uploads\/2022\/09\/tibladin_logo.svg","contentUrl":"https:\/\/tibladin.dk\/wp-content\/uploads\/2022\/09\/tibladin_logo.svg","caption":"Tibladin"},"image":{"@id":"https:\/\/tibladin.dk\/#\/schema\/logo\/image\/"}}]}},"_links":{"self":[{"href":"https:\/\/tibladin.dk\/de\/wp-json\/wp\/v2\/product\/2443","targetHints":{"allow":["GET"]}}],"collection":[{"href":"https:\/\/tibladin.dk\/de\/wp-json\/wp\/v2\/product"}],"about":[{"href":"https:\/\/tibladin.dk\/de\/wp-json\/wp\/v2\/types\/product"}],"wp:featuredmedia":[{"embeddable":true,"href":"https:\/\/tibladin.dk\/de\/wp-json\/wp\/v2\/media\/2438"}],"wp:attachment":[{"href":"https:\/\/tibladin.dk\/de\/wp-json\/wp\/v2\/media?parent=2443"}],"wp:term":[{"taxonomy":"product_brand","embeddable":true,"href":"https:\/\/tibladin.dk\/de\/wp-json\/wp\/v2\/product_brand?post=2443"},{"taxonomy":"product_cat","embeddable":true,"href":"https:\/\/tibladin.dk\/de\/wp-json\/wp\/v2\/product_cat?post=2443"},{"taxonomy":"product_tag","embeddable":true,"href":"https:\/\/tibladin.dk\/de\/wp-json\/wp\/v2\/product_tag?post=2443"}],"curies":[{"name":"wp","href":"https:\/\/api.w.org\/{rel}","templated":true}]}}