{"id":2467,"date":"2025-06-26T11:16:35","date_gmt":"2025-06-26T09:16:35","guid":{"rendered":"https:\/\/tibladin.dk\/?post_type=product&#038;p=2467"},"modified":"2026-02-03T14:34:06","modified_gmt":"2026-02-03T13:34:06","slug":"plaids-baumwolle-verschiedene-farben","status":"publish","type":"product","link":"https:\/\/tibladin.dk\/de\/produkt\/plaider-bomuld-flere-farver\/","title":{"rendered":"Baumwolldecken in mehreren Farben"},"content":{"rendered":"<div class=\"wpb-content-wrapper\"><div class=\"vc_row wpb_row vc_row-fluid\"><div class=\"wpb_column vc_column_container vc_col-sm-4\"><div class=\"vc_column-inner\"><div class=\"wpb_wrapper\"><\/div><\/div><\/div><div class=\"wpb_column vc_column_container vc_col-sm-4\"><div class=\"vc_column-inner\"><div class=\"wpb_wrapper\"><h3 style=\"text-align: left\" class=\"vc_custom_heading vc_do_custom_heading\" >Wartung<\/h3>\n\t<div class=\"wpb_text_column wpb_content_element\" >\n\t\t<div class=\"wpb_wrapper\">\n\t\t\t<p>Kann gewaschen werden durch <strong>40 Grad<\/strong>, Maschinenw\u00e4sche.<\/p>\n\n\t\t<\/div>\n\t<\/div>\n<\/div><\/div><\/div><div class=\"wpb_column vc_column_container vc_col-sm-4\"><div class=\"vc_column-inner\"><div class=\"wpb_wrapper\"><h3 style=\"text-align: left\" class=\"vc_custom_heading vc_do_custom_heading\" >Die Geschichte dahinter<\/h3>\n\t<div class=\"wpb_text_column wpb_content_element\" >\n\t\t<div class=\"wpb_wrapper\">\n\t\t\t<p>Die sch\u00f6nsten und weichsten marokkanischen \u00dcberw\u00fcrfe sind in verschiedenen Farben erh\u00e4ltlich. Alle unsere \u00dcberw\u00fcrfe entstehen in Zusammenarbeit mit einem lokalen Designer in Marrakesch und werden exklusiv f\u00fcr Tibladin gefertigt.<\/p>\n<p>Die Decken sind handgewebt aus Baumwolle mit wundersch\u00f6nen Webdetails und feinen Pompons an beiden Enden. Dadurch sind sie wunderbar weich und warm, nehmen aber nicht viel Platz ein und sind daher vielseitig im Zuhause einsetzbar.<\/p>\n<p>In den hei\u00dfen Sommermonaten schm\u00fccken sie die Terrasse oder den Balkon, wo sie f\u00fcr laue Abende genutzt werden k\u00f6nnen, und wenn wir ins Haus ziehen, liegen sie bereit auf dem Sofa, Sessel oder als Dekoration am Fu\u00dfende Ihres Bettes.<\/p>\n\n\t\t<\/div>\n\t<\/div>\n<\/div><\/div><\/div><\/div>\n<\/div>","protected":false},"excerpt":{"rendered":"<p data-start=\"0\" data-end=\"103\">Erleben Sie die ultimative Kombination aus Gem\u00fctlichkeit und Handwerkskunst mit unseren wundersch\u00f6nen handgewebten Baumwollplaids! \ud83c\udf3f\u2728<\/p>\n<p data-start=\"105\" data-end=\"368\">Diese \u00dcberw\u00fcrfe aus weicher 100%-Baumwolle sind in sechs warmen, nat\u00fcrlichen Farben erh\u00e4ltlich \u2013 von klassischem Grau, strahlendem Wei\u00df und cremigem Beige bis hin zu goldenem Ocker und wundersch\u00f6nem Waldgr\u00fcn. Jeder \u00dcberwurf ist liebevoll handgewebt und mit dekorativen Pompons versehen, die ihm eine verspielte und stilvolle Note verleihen.<\/p>\n<p data-start=\"370\" data-end=\"593\">Ob auf dem Sofa, im Bett, beim Strandausflug oder an einem k\u00fchlen Abend auf dem Balkon \u2013 diese Decken verleihen deinem Zuhause Gem\u00fctlichkeit und Charakter. Mit ihren erdigen Farbt\u00f6nen passen sie in jede Einrichtung und werden schnell zum Lieblingsst\u00fcck im Alltag.<\/p>\n<p data-start=\"595\" data-end=\"715\">\ud83c\udf81 Verschenken Sie sie oder g\u00f6nnen Sie sich selbst eine Freude \u2013 Sie haben es verdient!<br data-start=\"657\" data-end=\"660\" \/>\ud83e\uddfa Leicht zu waschen und bleibt auch nach vielen W\u00e4schen sch\u00f6n.<\/p>\n<p data-start=\"717\" data-end=\"827\" data-is-last-node=\"\" data-is-only-node=\"\"><strong data-start=\"717\" data-end=\"749\">Handwerkskunst. Komfort. Charakter.<\/strong><br data-start=\"749\" data-end=\"752\" \/>Finden Sie Ihre Lieblingsfarbe \u2013 oder kombinieren Sie mehrere f\u00fcr einen pers\u00f6nlichen Ausdruck!<\/p>","protected":false},"featured_media":37450,"template":"","meta":{"inline_featured_image":false},"product_brand":[],"product_cat":[90,37],"product_tag":[],"class_list":{"0":"post-2467","1":"product","2":"type-product","3":"status-publish","4":"has-post-thumbnail","6":"product_cat-plaider","7":"product_cat-tekstiler","9":"first","10":"instock","11":"taxable","12":"shipping-taxable","13":"purchasable","14":"product-type-variable"},"exclude_global_add_ons":false,"addons":[{"name":"M\u00f6chten Sie eine Geschenkverpackung?","type":"checkbox","position":0,"required":false,"title_format":"label","default":"","description_enable":false,"description":"","placeholder_enable":false,"placeholder":"","display":"images","restrictions_type":"any_text","adjust_price":false,"price":"","price_type":"flat_fee","restrictions":false,"min":"0","max":"0","options":[{"label":"Ja tak","price":"10","price_type":"flat_fee","image":11015,"visibility":true}],"id":1669646111}],"yoast_head":"<!-- This site is optimized with the Yoast SEO plugin v27.4 - https:\/\/yoast.com\/product\/yoast-seo-wordpress\/ -->\n<title>Plaid i en l\u00e6kker bomuldsblanding | Marokkansk tekstil |\u00a0Tibladin<\/title>\n<meta name=\"description\" content=\"Marokkanske bomuldsplaider med smukke v\u00e6vninger. Tag plaiden med til stranden, pynt med den for fodenden af din seng eller i en stol.\" \/>\n<meta name=\"robots\" content=\"index, follow, max-snippet:-1, max-image-preview:large, max-video-preview:-1\" \/>\n<link rel=\"canonical\" href=\"https:\/\/tibladin.dk\/de\/produkt\/plaids-baumwolle-verschiedene-farben\/\" \/>\n<meta property=\"og:locale\" content=\"de_DE\" \/>\n<meta property=\"og:type\" content=\"article\" \/>\n<meta property=\"og:title\" content=\"Plaid i en l\u00e6kker bomuldsblanding | Marokkansk tekstil |\u00a0Tibladin\" \/>\n<meta property=\"og:description\" content=\"Marokkanske bomuldsplaider med smukke v\u00e6vninger. Tag plaiden med til stranden, pynt med den for fodenden af din seng eller i en stol.\" \/>\n<meta property=\"og:url\" content=\"https:\/\/tibladin.dk\/de\/produkt\/plaids-baumwolle-verschiedene-farben\/\" \/>\n<meta property=\"og:site_name\" content=\"Tibladin\" \/>\n<meta property=\"article:modified_time\" content=\"2026-02-03T13:34:06+00:00\" \/>\n<meta property=\"og:image\" content=\"https:\/\/tibladin.dk\/wp-content\/uploads\/2025\/06\/Plaider_bomuld_flere-farver_2.jpeg\" \/>\n\t<meta property=\"og:image:width\" content=\"800\" \/>\n\t<meta property=\"og:image:height\" content=\"800\" \/>\n\t<meta property=\"og:image:type\" content=\"image\/jpeg\" \/>\n<meta name=\"twitter:card\" content=\"summary_large_image\" \/>\n<meta name=\"twitter:label1\" content=\"Gesch\u00e4tzte Lesezeit\" \/>\n\t<meta name=\"twitter:data1\" content=\"2\u00a0Minuten\" \/>\n<script type=\"application\/ld+json\" class=\"yoast-schema-graph\">{\"@context\":\"https:\\\/\\\/schema.org\",\"@graph\":[{\"@type\":\"WebPage\",\"@id\":\"https:\\\/\\\/tibladin.dk\\\/produkt\\\/plaider-bomuld-flere-farver\\\/\",\"url\":\"https:\\\/\\\/tibladin.dk\\\/produkt\\\/plaider-bomuld-flere-farver\\\/\",\"name\":\"Plaid i en l\u00e6kker bomuldsblanding | Marokkansk tekstil |\u00a0Tibladin\",\"isPartOf\":{\"@id\":\"https:\\\/\\\/tibladin.dk\\\/#website\"},\"primaryImageOfPage\":{\"@id\":\"https:\\\/\\\/tibladin.dk\\\/produkt\\\/plaider-bomuld-flere-farver\\\/#primaryimage\"},\"image\":{\"@id\":\"https:\\\/\\\/tibladin.dk\\\/produkt\\\/plaider-bomuld-flere-farver\\\/#primaryimage\"},\"thumbnailUrl\":\"https:\\\/\\\/tibladin.dk\\\/wp-content\\\/uploads\\\/2025\\\/06\\\/Plaider_bomuld_flere-farver_2.jpeg\",\"datePublished\":\"2025-06-26T09:16:35+00:00\",\"dateModified\":\"2026-02-03T13:34:06+00:00\",\"description\":\"Marokkanske bomuldsplaider med smukke v\u00e6vninger. Tag plaiden med til stranden, pynt med den for fodenden af din seng eller i en stol.\",\"breadcrumb\":{\"@id\":\"https:\\\/\\\/tibladin.dk\\\/produkt\\\/plaider-bomuld-flere-farver\\\/#breadcrumb\"},\"inLanguage\":\"de\",\"potentialAction\":[{\"@type\":\"ReadAction\",\"target\":[\"https:\\\/\\\/tibladin.dk\\\/produkt\\\/plaider-bomuld-flere-farver\\\/\"]}]},{\"@type\":\"ImageObject\",\"inLanguage\":\"de\",\"@id\":\"https:\\\/\\\/tibladin.dk\\\/produkt\\\/plaider-bomuld-flere-farver\\\/#primaryimage\",\"url\":\"https:\\\/\\\/tibladin.dk\\\/wp-content\\\/uploads\\\/2025\\\/06\\\/Plaider_bomuld_flere-farver_2.jpeg\",\"contentUrl\":\"https:\\\/\\\/tibladin.dk\\\/wp-content\\\/uploads\\\/2025\\\/06\\\/Plaider_bomuld_flere-farver_2.jpeg\",\"width\":800,\"height\":800,\"caption\":\"Bomuldsplaid flere farver\"},{\"@type\":\"BreadcrumbList\",\"@id\":\"https:\\\/\\\/tibladin.dk\\\/produkt\\\/plaider-bomuld-flere-farver\\\/#breadcrumb\",\"itemListElement\":[{\"@type\":\"ListItem\",\"position\":1,\"name\":\"Hjem\",\"item\":\"https:\\\/\\\/tibladin.dk\\\/\"},{\"@type\":\"ListItem\",\"position\":2,\"name\":\"Shop\",\"item\":\"https:\\\/\\\/tibladin.dk\\\/shop\\\/\"},{\"@type\":\"ListItem\",\"position\":3,\"name\":\"Plaider bomuld flere farver\"}]},{\"@type\":\"WebSite\",\"@id\":\"https:\\\/\\\/tibladin.dk\\\/#website\",\"url\":\"https:\\\/\\\/tibladin.dk\\\/\",\"name\":\"Tibladin\",\"description\":\"Tibladin\",\"publisher\":{\"@id\":\"https:\\\/\\\/tibladin.dk\\\/#organization\"},\"potentialAction\":[{\"@type\":\"SearchAction\",\"target\":{\"@type\":\"EntryPoint\",\"urlTemplate\":\"https:\\\/\\\/tibladin.dk\\\/?s={search_term_string}\"},\"query-input\":{\"@type\":\"PropertyValueSpecification\",\"valueRequired\":true,\"valueName\":\"search_term_string\"}}],\"inLanguage\":\"de\"},{\"@type\":\"Organization\",\"@id\":\"https:\\\/\\\/tibladin.dk\\\/#organization\",\"name\":\"Tibladin\",\"url\":\"https:\\\/\\\/tibladin.dk\\\/\",\"logo\":{\"@type\":\"ImageObject\",\"inLanguage\":\"de\",\"@id\":\"https:\\\/\\\/tibladin.dk\\\/#\\\/schema\\\/logo\\\/image\\\/\",\"url\":\"https:\\\/\\\/tibladin.dk\\\/wp-content\\\/uploads\\\/2022\\\/09\\\/tibladin_logo.svg\",\"contentUrl\":\"https:\\\/\\\/tibladin.dk\\\/wp-content\\\/uploads\\\/2022\\\/09\\\/tibladin_logo.svg\",\"caption\":\"Tibladin\"},\"image\":{\"@id\":\"https:\\\/\\\/tibladin.dk\\\/#\\\/schema\\\/logo\\\/image\\\/\"}}]}<\/script>\n<!-- \/ Yoast SEO plugin. -->","yoast_head_json":{"title":"Plaid aus einer k\u00f6stlichen Baumwollmischung | Marokkanisches Textil | Tibladin","description":"Marokkanische Baumwollplaids mit wundersch\u00f6ner Webart. Nehmen Sie das Plaid mit an den Strand, dekorieren Sie es am Fu\u00dfende Ihres Bettes oder auf einem Stuhl.","robots":{"index":"index","follow":"follow","max-snippet":"max-snippet:-1","max-image-preview":"max-image-preview:large","max-video-preview":"max-video-preview:-1"},"canonical":"https:\/\/tibladin.dk\/de\/produkt\/plaids-baumwolle-verschiedene-farben\/","og_locale":"de_DE","og_type":"article","og_title":"Plaid i en l\u00e6kker bomuldsblanding | Marokkansk tekstil |\u00a0Tibladin","og_description":"Marokkanske bomuldsplaider med smukke v\u00e6vninger. Tag plaiden med til stranden, pynt med den for fodenden af din seng eller i en stol.","og_url":"https:\/\/tibladin.dk\/de\/produkt\/plaids-baumwolle-verschiedene-farben\/","og_site_name":"Tibladin","article_modified_time":"2026-02-03T13:34:06+00:00","og_image":[{"width":800,"height":800,"url":"https:\/\/tibladin.dk\/wp-content\/uploads\/2025\/06\/Plaider_bomuld_flere-farver_2.jpeg","type":"image\/jpeg"}],"twitter_card":"summary_large_image","twitter_misc":{"Gesch\u00e4tzte Lesezeit":"2\u00a0Minuten"},"schema":{"@context":"https:\/\/schema.org","@graph":[{"@type":"WebPage","@id":"https:\/\/tibladin.dk\/produkt\/plaider-bomuld-flere-farver\/","url":"https:\/\/tibladin.dk\/produkt\/plaider-bomuld-flere-farver\/","name":"Plaid aus einer k\u00f6stlichen Baumwollmischung | Marokkanisches Textil | Tibladin","isPartOf":{"@id":"https:\/\/tibladin.dk\/#website"},"primaryImageOfPage":{"@id":"https:\/\/tibladin.dk\/produkt\/plaider-bomuld-flere-farver\/#primaryimage"},"image":{"@id":"https:\/\/tibladin.dk\/produkt\/plaider-bomuld-flere-farver\/#primaryimage"},"thumbnailUrl":"https:\/\/tibladin.dk\/wp-content\/uploads\/2025\/06\/Plaider_bomuld_flere-farver_2.jpeg","datePublished":"2025-06-26T09:16:35+00:00","dateModified":"2026-02-03T13:34:06+00:00","description":"Marokkanische Baumwollplaids mit wundersch\u00f6ner Webart. Nehmen Sie das Plaid mit an den Strand, dekorieren Sie es am Fu\u00dfende Ihres Bettes oder auf einem Stuhl.","breadcrumb":{"@id":"https:\/\/tibladin.dk\/produkt\/plaider-bomuld-flere-farver\/#breadcrumb"},"inLanguage":"de","potentialAction":[{"@type":"ReadAction","target":["https:\/\/tibladin.dk\/produkt\/plaider-bomuld-flere-farver\/"]}]},{"@type":"ImageObject","inLanguage":"de","@id":"https:\/\/tibladin.dk\/produkt\/plaider-bomuld-flere-farver\/#primaryimage","url":"https:\/\/tibladin.dk\/wp-content\/uploads\/2025\/06\/Plaider_bomuld_flere-farver_2.jpeg","contentUrl":"https:\/\/tibladin.dk\/wp-content\/uploads\/2025\/06\/Plaider_bomuld_flere-farver_2.jpeg","width":800,"height":800,"caption":"Bomuldsplaid flere farver"},{"@type":"BreadcrumbList","@id":"https:\/\/tibladin.dk\/produkt\/plaider-bomuld-flere-farver\/#breadcrumb","itemListElement":[{"@type":"ListItem","position":1,"name":"Hjem","item":"https:\/\/tibladin.dk\/"},{"@type":"ListItem","position":2,"name":"Shop","item":"https:\/\/tibladin.dk\/shop\/"},{"@type":"ListItem","position":3,"name":"Plaider bomuld flere farver"}]},{"@type":"WebSite","@id":"https:\/\/tibladin.dk\/#website","url":"https:\/\/tibladin.dk\/","name":"Tibladin","description":"Tibladin","publisher":{"@id":"https:\/\/tibladin.dk\/#organization"},"potentialAction":[{"@type":"SearchAction","target":{"@type":"EntryPoint","urlTemplate":"https:\/\/tibladin.dk\/?s={search_term_string}"},"query-input":{"@type":"PropertyValueSpecification","valueRequired":true,"valueName":"search_term_string"}}],"inLanguage":"de"},{"@type":"Organization","@id":"https:\/\/tibladin.dk\/#organization","name":"Tibladin","url":"https:\/\/tibladin.dk\/","logo":{"@type":"ImageObject","inLanguage":"de","@id":"https:\/\/tibladin.dk\/#\/schema\/logo\/image\/","url":"https:\/\/tibladin.dk\/wp-content\/uploads\/2022\/09\/tibladin_logo.svg","contentUrl":"https:\/\/tibladin.dk\/wp-content\/uploads\/2022\/09\/tibladin_logo.svg","caption":"Tibladin"},"image":{"@id":"https:\/\/tibladin.dk\/#\/schema\/logo\/image\/"}}]}},"_links":{"self":[{"href":"https:\/\/tibladin.dk\/de\/wp-json\/wp\/v2\/product\/2467","targetHints":{"allow":["GET"]}}],"collection":[{"href":"https:\/\/tibladin.dk\/de\/wp-json\/wp\/v2\/product"}],"about":[{"href":"https:\/\/tibladin.dk\/de\/wp-json\/wp\/v2\/types\/product"}],"wp:featuredmedia":[{"embeddable":true,"href":"https:\/\/tibladin.dk\/de\/wp-json\/wp\/v2\/media\/37450"}],"wp:attachment":[{"href":"https:\/\/tibladin.dk\/de\/wp-json\/wp\/v2\/media?parent=2467"}],"wp:term":[{"taxonomy":"product_brand","embeddable":true,"href":"https:\/\/tibladin.dk\/de\/wp-json\/wp\/v2\/product_brand?post=2467"},{"taxonomy":"product_cat","embeddable":true,"href":"https:\/\/tibladin.dk\/de\/wp-json\/wp\/v2\/product_cat?post=2467"},{"taxonomy":"product_tag","embeddable":true,"href":"https:\/\/tibladin.dk\/de\/wp-json\/wp\/v2\/product_tag?post=2467"}],"curies":[{"name":"wp","href":"https:\/\/api.w.org\/{rel}","templated":true}]}}