{"id":2549,"date":"2022-09-20T11:17:11","date_gmt":"2022-09-20T09:17:11","guid":{"rendered":"https:\/\/tibladin.dk\/vare\/kurv-med-haandtag-i-laeder\/"},"modified":"2026-04-21T11:56:35","modified_gmt":"2026-04-21T09:56:35","slug":"korb-mit-ledergriff","status":"publish","type":"product","link":"https:\/\/tibladin.dk\/de\/produkt\/kurv-med-haandtag-i-laeder\/","title":{"rendered":"Korb mit Ledergriff"},"content":{"rendered":"<div class=\"wpb-content-wrapper\"><div class=\"vc_row wpb_row vc_row-fluid\"><div class=\"wpb_column vc_column_container vc_col-sm-4\"><div class=\"vc_column-inner\"><div class=\"wpb_wrapper\"><h3 style=\"text-align: left\" class=\"vc_custom_heading vc_do_custom_heading\" >Wartung<\/h3>\n\t<div class=\"wpb_text_column wpb_content_element\" >\n\t\t<div class=\"wpb_wrapper\">\n\t\t\t<p>Zum Reinigen ist es am einfachsten, ihn vorsichtig abzusaugen.<\/p>\n\n\t\t<\/div>\n\t<\/div>\n<\/div><\/div><\/div><div class=\"wpb_column vc_column_container vc_col-sm-4\"><div class=\"vc_column-inner\"><div class=\"wpb_wrapper\"><h3 style=\"text-align: left\" class=\"vc_custom_heading vc_do_custom_heading\" >Die Geschichte dahinter<\/h3>\n\t<div class=\"wpb_text_column wpb_content_element\" >\n\t\t<div class=\"wpb_wrapper\">\n\t\t\t<p>Dieser sch\u00f6ne Korb besteht aus geflochtenem Seegras und hat Ledergriffe. Das Leder ist echtes Qualit\u00e4tsleder und bildet einen rohen, aber eleganten Kontrast zu den nat\u00fcrlichen Materialien. Der Korb ist dekorativ und schlicht im Ausdruck und passt daher perfekt in das skandinavische Zuhause. Korbflechten ist ein altes, traditionelles Handwerk in Marokko, wo sich mehrere Generationen dieser Kunst verschrieben haben. Hier erhalten Sie daher einen handgefertigten, einzigartigen Korb aus k\u00f6stlichen Naturmaterialien, hergestellt in Marrakesch von erfahrenen Handwerkern. Das Ergebnis ist ein sch\u00f6ner Korb, der sowohl zur Aufbewahrung als auch beispielsweise als W\u00e4schekorb verwendet werden kann. Wenn Sie diesen Korb als W\u00e4schekorb verwenden, k\u00f6nnen Sie einen W\u00e4schesack n\u00e4hen und in den Korb legen. Es l\u00e4sst sich nicht vermeiden, dass der Korb ein wenig Weide abgibt.<\/p>\n\n\t\t<\/div>\n\t<\/div>\n<\/div><\/div><\/div><div class=\"wpb_column vc_column_container vc_col-sm-4\"><div class=\"vc_column-inner\"><div class=\"wpb_wrapper\"><h3 style=\"text-align: left\" class=\"vc_custom_heading vc_do_custom_heading\" >Was ist Rattan?<\/h3>\n\t<div class=\"wpb_text_column wpb_content_element\" >\n\t\t<div class=\"wpb_wrapper\">\n\t\t\t<p>Rattan wird aus einer tropischen Palme hergestellt, die in Australien, Asien und Afrika heimisch ist. Das Material ist sehr stabil und \u00e4hnelt Bambus, weshalb es f\u00fcr alles verwendet wird, von Tabletts und K\u00f6rben bis hin zu Kopfteilen und Getr\u00e4nketischen.<\/p>\n<p>Bast \u00e4hnelt Rattan, da beide aus Palmbl\u00e4ttern gewonnen werden, Bast ist jedoch etwas weicher.<\/p>\n\n\t\t<\/div>\n\t<\/div>\n<\/div><\/div><\/div><\/div>\n<\/div>","protected":false},"excerpt":{"rendered":"<p>Handgefertigter Korb aus Seegras mit einem Griff aus hochwertigem Leder. Der Korb kombiniert den rohen und eleganten Ausdruck des Leders mit dem nat\u00fcrlichen und einfachen Ausdruck der geflochtenen Materialien. Der handgefertigte Korb eignet sich beispielsweise perfekt zum Aufbewahren von W\u00e4sche und schm\u00fcckt sowohl das Badezimmer als auch das Schlafzimmer. Es dekoriert und verleiht jedem Raum einen Hauch von Marokko.<\/p>\n<p>Da der Korb handgefertigt ist, kann es zu geringf\u00fcgigen Ma\u00dfabweichungen sowie geringf\u00fcgigen Unebenheiten und Unvollkommenheiten kommen, aber das ist Teil des Charmes und des nat\u00fcrlichen Ausdrucks.<\/p>\n<p>| H\u00f6he: ca. 64 cm | Durchmesser: ca. 40 cm |<\/p>","protected":false},"featured_media":2545,"template":"","meta":{"inline_featured_image":false},"product_brand":[],"product_cat":[55,51],"product_tag":[],"class_list":{"0":"post-2549","1":"product","2":"type-product","3":"status-publish","4":"has-post-thumbnail","6":"product_cat-kurve","7":"product_cat-opbevaring","9":"first","10":"instock","11":"featured","12":"taxable","13":"shipping-taxable","14":"purchasable","15":"product-type-simple"},"exclude_global_add_ons":[],"addons":[],"yoast_head":"<!-- This site is optimized with the Yoast SEO plugin v27.4 - https:\/\/yoast.com\/product\/yoast-seo-wordpress\/ -->\n<title>Kurv med h\u00e5ndtag i l\u00e6der | Kvalitetsmaterialer | Tibladin<\/title>\n<meta name=\"description\" content=\"H\u00e5ndlavet kurv flettet i s\u00f8gr\u00e6s med h\u00e5ndtag i kvalitetsl\u00e6der. Perfekt til opbevaring. Giver et rustikt, naturligt og l\u00e6kkert touch.\" \/>\n<meta name=\"robots\" content=\"index, follow, max-snippet:-1, max-image-preview:large, max-video-preview:-1\" \/>\n<link rel=\"canonical\" href=\"https:\/\/tibladin.dk\/de\/produkt\/korb-mit-ledergriff\/\" \/>\n<meta property=\"og:locale\" content=\"de_DE\" \/>\n<meta property=\"og:type\" content=\"article\" \/>\n<meta property=\"og:title\" content=\"Kurv med h\u00e5ndtag i l\u00e6der | Kvalitetsmaterialer | Tibladin\" \/>\n<meta property=\"og:description\" content=\"H\u00e5ndlavet kurv flettet i s\u00f8gr\u00e6s med h\u00e5ndtag i kvalitetsl\u00e6der. Perfekt til opbevaring. Giver et rustikt, naturligt og l\u00e6kkert touch.\" \/>\n<meta property=\"og:url\" content=\"https:\/\/tibladin.dk\/de\/produkt\/korb-mit-ledergriff\/\" \/>\n<meta property=\"og:site_name\" content=\"Tibladin\" \/>\n<meta property=\"article:modified_time\" content=\"2026-04-21T09:56:35+00:00\" \/>\n<meta property=\"og:image\" content=\"https:\/\/tibladin.dk\/wp-content\/uploads\/2022\/09\/Kurv-med-hank-1.png\" \/>\n\t<meta property=\"og:image:width\" content=\"800\" \/>\n\t<meta property=\"og:image:height\" content=\"800\" \/>\n\t<meta property=\"og:image:type\" content=\"image\/png\" \/>\n<meta name=\"twitter:card\" content=\"summary_large_image\" \/>\n<meta name=\"twitter:label1\" content=\"Gesch\u00e4tzte Lesezeit\" \/>\n\t<meta name=\"twitter:data1\" content=\"2\u00a0Minuten\" \/>\n<script type=\"application\/ld+json\" class=\"yoast-schema-graph\">{\"@context\":\"https:\\\/\\\/schema.org\",\"@graph\":[{\"@type\":\"WebPage\",\"@id\":\"https:\\\/\\\/tibladin.dk\\\/produkt\\\/kurv-med-haandtag-i-laeder\\\/\",\"url\":\"https:\\\/\\\/tibladin.dk\\\/produkt\\\/kurv-med-haandtag-i-laeder\\\/\",\"name\":\"Kurv med h\u00e5ndtag i l\u00e6der | Kvalitetsmaterialer | Tibladin\",\"isPartOf\":{\"@id\":\"https:\\\/\\\/tibladin.dk\\\/#website\"},\"primaryImageOfPage\":{\"@id\":\"https:\\\/\\\/tibladin.dk\\\/produkt\\\/kurv-med-haandtag-i-laeder\\\/#primaryimage\"},\"image\":{\"@id\":\"https:\\\/\\\/tibladin.dk\\\/produkt\\\/kurv-med-haandtag-i-laeder\\\/#primaryimage\"},\"thumbnailUrl\":\"https:\\\/\\\/tibladin.dk\\\/wp-content\\\/uploads\\\/2022\\\/09\\\/Kurv-med-hank-1.png\",\"datePublished\":\"2022-09-20T09:17:11+00:00\",\"dateModified\":\"2026-04-21T09:56:35+00:00\",\"description\":\"H\u00e5ndlavet kurv flettet i s\u00f8gr\u00e6s med h\u00e5ndtag i kvalitetsl\u00e6der. Perfekt til opbevaring. Giver et rustikt, naturligt og l\u00e6kkert touch.\",\"breadcrumb\":{\"@id\":\"https:\\\/\\\/tibladin.dk\\\/produkt\\\/kurv-med-haandtag-i-laeder\\\/#breadcrumb\"},\"inLanguage\":\"de\",\"potentialAction\":[{\"@type\":\"ReadAction\",\"target\":[\"https:\\\/\\\/tibladin.dk\\\/produkt\\\/kurv-med-haandtag-i-laeder\\\/\"]}]},{\"@type\":\"ImageObject\",\"inLanguage\":\"de\",\"@id\":\"https:\\\/\\\/tibladin.dk\\\/produkt\\\/kurv-med-haandtag-i-laeder\\\/#primaryimage\",\"url\":\"https:\\\/\\\/tibladin.dk\\\/wp-content\\\/uploads\\\/2022\\\/09\\\/Kurv-med-hank-1.png\",\"contentUrl\":\"https:\\\/\\\/tibladin.dk\\\/wp-content\\\/uploads\\\/2022\\\/09\\\/Kurv-med-hank-1.png\",\"width\":800,\"height\":800,\"caption\":\"Marokkansk h\u00e5ndv\u00e6vet kurv med l\u00e6der h\u00e5ndtag\"},{\"@type\":\"BreadcrumbList\",\"@id\":\"https:\\\/\\\/tibladin.dk\\\/produkt\\\/kurv-med-haandtag-i-laeder\\\/#breadcrumb\",\"itemListElement\":[{\"@type\":\"ListItem\",\"position\":1,\"name\":\"Hjem\",\"item\":\"https:\\\/\\\/tibladin.dk\\\/\"},{\"@type\":\"ListItem\",\"position\":2,\"name\":\"Shop\",\"item\":\"https:\\\/\\\/tibladin.dk\\\/shop\\\/\"},{\"@type\":\"ListItem\",\"position\":3,\"name\":\"Kurv med h\u00e5ndtag i l\u00e6der\"}]},{\"@type\":\"WebSite\",\"@id\":\"https:\\\/\\\/tibladin.dk\\\/#website\",\"url\":\"https:\\\/\\\/tibladin.dk\\\/\",\"name\":\"Tibladin\",\"description\":\"Tibladin\",\"publisher\":{\"@id\":\"https:\\\/\\\/tibladin.dk\\\/#organization\"},\"potentialAction\":[{\"@type\":\"SearchAction\",\"target\":{\"@type\":\"EntryPoint\",\"urlTemplate\":\"https:\\\/\\\/tibladin.dk\\\/?s={search_term_string}\"},\"query-input\":{\"@type\":\"PropertyValueSpecification\",\"valueRequired\":true,\"valueName\":\"search_term_string\"}}],\"inLanguage\":\"de\"},{\"@type\":\"Organization\",\"@id\":\"https:\\\/\\\/tibladin.dk\\\/#organization\",\"name\":\"Tibladin\",\"url\":\"https:\\\/\\\/tibladin.dk\\\/\",\"logo\":{\"@type\":\"ImageObject\",\"inLanguage\":\"de\",\"@id\":\"https:\\\/\\\/tibladin.dk\\\/#\\\/schema\\\/logo\\\/image\\\/\",\"url\":\"https:\\\/\\\/tibladin.dk\\\/wp-content\\\/uploads\\\/2022\\\/09\\\/tibladin_logo.svg\",\"contentUrl\":\"https:\\\/\\\/tibladin.dk\\\/wp-content\\\/uploads\\\/2022\\\/09\\\/tibladin_logo.svg\",\"caption\":\"Tibladin\"},\"image\":{\"@id\":\"https:\\\/\\\/tibladin.dk\\\/#\\\/schema\\\/logo\\\/image\\\/\"}}]}<\/script>\n<!-- \/ Yoast SEO plugin. -->","yoast_head_json":{"title":"Korb mit Ledergriff | Hochwertige Materialien | Tibladin","description":"Handgefertigter Korb aus Seegras mit Griffen aus hochwertigem Leder. Perfekt zur Aufbewahrung. Verleiht eine rustikale, nat\u00fcrliche und k\u00f6stliche Note.","robots":{"index":"index","follow":"follow","max-snippet":"max-snippet:-1","max-image-preview":"max-image-preview:large","max-video-preview":"max-video-preview:-1"},"canonical":"https:\/\/tibladin.dk\/de\/produkt\/korb-mit-ledergriff\/","og_locale":"de_DE","og_type":"article","og_title":"Kurv med h\u00e5ndtag i l\u00e6der | Kvalitetsmaterialer | Tibladin","og_description":"H\u00e5ndlavet kurv flettet i s\u00f8gr\u00e6s med h\u00e5ndtag i kvalitetsl\u00e6der. Perfekt til opbevaring. Giver et rustikt, naturligt og l\u00e6kkert touch.","og_url":"https:\/\/tibladin.dk\/de\/produkt\/korb-mit-ledergriff\/","og_site_name":"Tibladin","article_modified_time":"2026-04-21T09:56:35+00:00","og_image":[{"width":800,"height":800,"url":"https:\/\/tibladin.dk\/wp-content\/uploads\/2022\/09\/Kurv-med-hank-1.png","type":"image\/png"}],"twitter_card":"summary_large_image","twitter_misc":{"Gesch\u00e4tzte Lesezeit":"2\u00a0Minuten"},"schema":{"@context":"https:\/\/schema.org","@graph":[{"@type":"WebPage","@id":"https:\/\/tibladin.dk\/produkt\/kurv-med-haandtag-i-laeder\/","url":"https:\/\/tibladin.dk\/produkt\/kurv-med-haandtag-i-laeder\/","name":"Korb mit Ledergriff | Hochwertige Materialien | Tibladin","isPartOf":{"@id":"https:\/\/tibladin.dk\/#website"},"primaryImageOfPage":{"@id":"https:\/\/tibladin.dk\/produkt\/kurv-med-haandtag-i-laeder\/#primaryimage"},"image":{"@id":"https:\/\/tibladin.dk\/produkt\/kurv-med-haandtag-i-laeder\/#primaryimage"},"thumbnailUrl":"https:\/\/tibladin.dk\/wp-content\/uploads\/2022\/09\/Kurv-med-hank-1.png","datePublished":"2022-09-20T09:17:11+00:00","dateModified":"2026-04-21T09:56:35+00:00","description":"Handgefertigter Korb aus Seegras mit Griffen aus hochwertigem Leder. Perfekt zur Aufbewahrung. Verleiht eine rustikale, nat\u00fcrliche und k\u00f6stliche Note.","breadcrumb":{"@id":"https:\/\/tibladin.dk\/produkt\/kurv-med-haandtag-i-laeder\/#breadcrumb"},"inLanguage":"de","potentialAction":[{"@type":"ReadAction","target":["https:\/\/tibladin.dk\/produkt\/kurv-med-haandtag-i-laeder\/"]}]},{"@type":"ImageObject","inLanguage":"de","@id":"https:\/\/tibladin.dk\/produkt\/kurv-med-haandtag-i-laeder\/#primaryimage","url":"https:\/\/tibladin.dk\/wp-content\/uploads\/2022\/09\/Kurv-med-hank-1.png","contentUrl":"https:\/\/tibladin.dk\/wp-content\/uploads\/2022\/09\/Kurv-med-hank-1.png","width":800,"height":800,"caption":"Marokkansk h\u00e5ndv\u00e6vet kurv med l\u00e6der h\u00e5ndtag"},{"@type":"BreadcrumbList","@id":"https:\/\/tibladin.dk\/produkt\/kurv-med-haandtag-i-laeder\/#breadcrumb","itemListElement":[{"@type":"ListItem","position":1,"name":"Hjem","item":"https:\/\/tibladin.dk\/"},{"@type":"ListItem","position":2,"name":"Shop","item":"https:\/\/tibladin.dk\/shop\/"},{"@type":"ListItem","position":3,"name":"Kurv med h\u00e5ndtag i l\u00e6der"}]},{"@type":"WebSite","@id":"https:\/\/tibladin.dk\/#website","url":"https:\/\/tibladin.dk\/","name":"Tibladin","description":"Tibladin","publisher":{"@id":"https:\/\/tibladin.dk\/#organization"},"potentialAction":[{"@type":"SearchAction","target":{"@type":"EntryPoint","urlTemplate":"https:\/\/tibladin.dk\/?s={search_term_string}"},"query-input":{"@type":"PropertyValueSpecification","valueRequired":true,"valueName":"search_term_string"}}],"inLanguage":"de"},{"@type":"Organization","@id":"https:\/\/tibladin.dk\/#organization","name":"Tibladin","url":"https:\/\/tibladin.dk\/","logo":{"@type":"ImageObject","inLanguage":"de","@id":"https:\/\/tibladin.dk\/#\/schema\/logo\/image\/","url":"https:\/\/tibladin.dk\/wp-content\/uploads\/2022\/09\/tibladin_logo.svg","contentUrl":"https:\/\/tibladin.dk\/wp-content\/uploads\/2022\/09\/tibladin_logo.svg","caption":"Tibladin"},"image":{"@id":"https:\/\/tibladin.dk\/#\/schema\/logo\/image\/"}}]}},"_links":{"self":[{"href":"https:\/\/tibladin.dk\/de\/wp-json\/wp\/v2\/product\/2549","targetHints":{"allow":["GET"]}}],"collection":[{"href":"https:\/\/tibladin.dk\/de\/wp-json\/wp\/v2\/product"}],"about":[{"href":"https:\/\/tibladin.dk\/de\/wp-json\/wp\/v2\/types\/product"}],"wp:featuredmedia":[{"embeddable":true,"href":"https:\/\/tibladin.dk\/de\/wp-json\/wp\/v2\/media\/2545"}],"wp:attachment":[{"href":"https:\/\/tibladin.dk\/de\/wp-json\/wp\/v2\/media?parent=2549"}],"wp:term":[{"taxonomy":"product_brand","embeddable":true,"href":"https:\/\/tibladin.dk\/de\/wp-json\/wp\/v2\/product_brand?post=2549"},{"taxonomy":"product_cat","embeddable":true,"href":"https:\/\/tibladin.dk\/de\/wp-json\/wp\/v2\/product_cat?post=2549"},{"taxonomy":"product_tag","embeddable":true,"href":"https:\/\/tibladin.dk\/de\/wp-json\/wp\/v2\/product_tag?post=2549"}],"curies":[{"name":"wp","href":"https:\/\/api.w.org\/{rel}","templated":true}]}}