{"id":2580,"date":"2022-09-20T11:17:27","date_gmt":"2022-09-20T09:17:27","guid":{"rendered":"https:\/\/tibladin.dk\/vare\/kaktussilke-pudebetraek-turkis\/"},"modified":"2026-01-04T18:38:51","modified_gmt":"2026-01-04T17:38:51","slug":"kissenbezug-aus-kaktusseide-turkis","status":"publish","type":"product","link":"https:\/\/tibladin.dk\/de\/produkt\/kaktussilke-pudebetraek-turkis\/","title":{"rendered":"Kissenbezug aus Kaktusseide \u2013 T\u00dcRKIS"},"content":{"rendered":"<div class=\"wpb-content-wrapper\"><div class=\"vc_row wpb_row vc_row-fluid\"><div class=\"wpb_column vc_column_container vc_col-sm-4\"><div class=\"vc_column-inner\"><div class=\"wpb_wrapper\"><\/div><\/div><\/div><div class=\"wpb_column vc_column_container vc_col-sm-4\"><div class=\"vc_column-inner\"><div class=\"wpb_wrapper\"><h3 style=\"text-align: left\" class=\"vc_custom_heading vc_do_custom_heading\" >Wartung<\/h3>\n\t<div class=\"wpb_text_column wpb_content_element\" >\n\t\t<div class=\"wpb_wrapper\">\n\t\t\t<p>Der Kissenbezug h\u00e4lt Wasser nicht stand!<\/p>\n<p>Sie m\u00fcssen in einer chemischen Reinigung gereinigt werden.<\/p>\n<p>Da die Kissenbez\u00fcge zu 100 % handgefertigt sind, gibt es Unvollkommenheiten sowie Unterschiede in Gr\u00f6\u00dfe und Muster, die den Charme dieser Kissen ausmachen.<\/p>\n\n\t\t<\/div>\n\t<\/div>\n<\/div><\/div><\/div><div class=\"wpb_column vc_column_container vc_col-sm-4\"><div class=\"vc_column-inner\"><div class=\"wpb_wrapper\"><h3 style=\"text-align: left\" class=\"vc_custom_heading vc_do_custom_heading\" >Die Geschichte dahinter<\/h3>\n\t<div class=\"wpb_text_column wpb_content_element\" >\n\t\t<div class=\"wpb_wrapper\">\n\t\t\t<p>Dieser Kissenbezug aus Kaktusseide hat eine wundersch\u00f6ne t\u00fcrkisfarbene Farbe mit geometrischen Mustern und Details in Rot- und Oranget\u00f6nen. Die Farben sind scharf und erg\u00e4nzen sich wunderbar, was einen ganz besonderen Effekt erzeugt. Die Kissenbez\u00fcge aus Kaktusseide \u2013 auch Agavenseide genannt \u2013 sind handgefertigt und haben eine ganz einzigartige Optik. Kaktusseide wird aus Fasern von Kaktuspflanzen aus Marokko gewebt. Die Fasern der Pflanze sehen gl\u00e4nzend aus und f\u00fchlen sich glatter an als Baumwolle oder Wolle, da es sich um Seide handelt. Sie verleihen jedem Raum eine elegante und farbenfrohe Note und k\u00f6nnen auf dem Sofa, Sessel oder Bett verwendet werden.<\/p>\n<p>Die Bez\u00fcge verf\u00fcgen \u00fcber einen starken Rei\u00dfverschluss, sodass Sie die Bez\u00fcge leicht abnehmen und waschen k\u00f6nnen.<\/p>\n<p>Die Bez\u00fcge passen 40 x 60 oder 50 x 60 cm. Montagepads, je nachdem wie voll Sie diese haben m\u00f6chten.<\/p>\n\n\t\t<\/div>\n\t<\/div>\n<\/div><\/div><\/div><\/div>\n<\/div>","protected":false},"excerpt":{"rendered":"<p>Handgefertigter Kissenbezug aus Kaktusseide aus Marokko. Dieser wundersch\u00f6ne Kissenbezug besteht aus Kaktusseide, auch Sabra genannt, und ist in einem sch\u00f6nen T\u00fcrkiston gef\u00e4rbt. Der Kissenbezug verf\u00fcgt \u00fcber feine geometrische Details in Rot- und Oranget\u00f6nen, die einen eleganten und farbenfrohen Ausdruck erzeugen. Die Kissen aus Kaktusseide sind etwas ganz Besonderes und das Ergebnis wundersch\u00f6ner Handwerkskunst und k\u00f6stlicher, nat\u00fcrlicher Materialien.<\/p>\n<p>Kaktus-Seidenkissen haben einen eleganten und dennoch unkonventionellen Look und eignen sich perfekt f\u00fcr das Sofa, den Sessel oder das Bett.<\/p>\n<p>Das Kissen misst 40\u00d760 cm und passt auf 40 x 60 oder 50 x 60 cm. Montagekissen, je nachdem wie voll das Kissen sein soll.<\/p>\n<p>Die Kissenbez\u00fcge werden ohne Kissen geliefert, ein Montagekissen kann jedoch zus\u00e4tzlich erworben werden.<\/p>\n<p>&nbsp;<\/p>\n<p>&nbsp;<\/p>","protected":false},"featured_media":2577,"template":"","meta":{"inline_featured_image":false},"product_brand":[],"product_cat":[160,66,37],"product_tag":[],"class_list":{"0":"post-2580","1":"product","2":"type-product","3":"status-publish","4":"has-post-thumbnail","6":"product_cat-kaktussilke-puder","7":"product_cat-pudebetraek","8":"product_cat-tekstiler","10":"first","11":"instock","12":"taxable","13":"shipping-taxable","14":"purchasable","15":"product-type-simple"},"exclude_global_add_ons":false,"addons":[{"name":"M\u00f6chten Sie eine Geschenkverpackung?","type":"checkbox","position":0,"required":false,"title_format":"label","default":"","description_enable":false,"description":"","placeholder_enable":false,"placeholder":"","display":"images","restrictions_type":"any_text","adjust_price":false,"price":"","price_type":"flat_fee","restrictions":false,"min":"0","max":"0","options":[{"label":"Ja tak","price":"10","price_type":"flat_fee","image":11015,"visibility":true}],"id":1669646111}],"yoast_head":"<!-- This site is optimized with the Yoast SEO plugin v27.5 - https:\/\/yoast.com\/product\/yoast-seo-wordpress\/ -->\n<title>Marokkansk pude i kaktussilke | Turkis | H\u00e5ndlavet i Marrakech<\/title>\n<meta name=\"description\" content=\"H\u00e5ndlavet pudebetr\u00e6k i kaktussilke i flot turkis farve. H\u00f8j kvalitet. Perfekt til sofaen. M\u00e5ler 40x60 cm og passer ogs\u00e5 til 50x60 cm puder.\" \/>\n<meta name=\"robots\" content=\"index, follow, max-snippet:-1, max-image-preview:large, max-video-preview:-1\" \/>\n<link rel=\"canonical\" href=\"https:\/\/tibladin.dk\/de\/produkt\/kissenbezug-aus-kaktusseide-turkis\/\" \/>\n<meta property=\"og:locale\" content=\"de_DE\" \/>\n<meta property=\"og:type\" content=\"article\" \/>\n<meta property=\"og:title\" content=\"Marokkansk pude i kaktussilke | Turkis | H\u00e5ndlavet i Marrakech\" \/>\n<meta property=\"og:description\" content=\"H\u00e5ndlavet pudebetr\u00e6k i kaktussilke i flot turkis farve. H\u00f8j kvalitet. Perfekt til sofaen. M\u00e5ler 40x60 cm og passer ogs\u00e5 til 50x60 cm puder.\" \/>\n<meta property=\"og:url\" content=\"https:\/\/tibladin.dk\/de\/produkt\/kissenbezug-aus-kaktusseide-turkis\/\" \/>\n<meta property=\"og:site_name\" content=\"Tibladin\" \/>\n<meta property=\"article:modified_time\" content=\"2026-01-04T17:38:51+00:00\" \/>\n<meta property=\"og:image\" content=\"https:\/\/tibladin.dk\/wp-content\/uploads\/2022\/09\/Turkis-40x60-1-1.png\" \/>\n\t<meta property=\"og:image:width\" content=\"800\" \/>\n\t<meta property=\"og:image:height\" content=\"800\" \/>\n\t<meta property=\"og:image:type\" content=\"image\/png\" \/>\n<meta name=\"twitter:card\" content=\"summary_large_image\" \/>\n<meta name=\"twitter:label1\" content=\"Gesch\u00e4tzte Lesezeit\" \/>\n\t<meta name=\"twitter:data1\" content=\"2\u00a0Minuten\" \/>\n<script type=\"application\/ld+json\" class=\"yoast-schema-graph\">{\"@context\":\"https:\\\/\\\/schema.org\",\"@graph\":[{\"@type\":\"WebPage\",\"@id\":\"https:\\\/\\\/tibladin.dk\\\/produkt\\\/kaktussilke-pudebetraek-turkis\\\/\",\"url\":\"https:\\\/\\\/tibladin.dk\\\/produkt\\\/kaktussilke-pudebetraek-turkis\\\/\",\"name\":\"Marokkansk pude i kaktussilke | Turkis | H\u00e5ndlavet i Marrakech\",\"isPartOf\":{\"@id\":\"https:\\\/\\\/tibladin.dk\\\/#website\"},\"primaryImageOfPage\":{\"@id\":\"https:\\\/\\\/tibladin.dk\\\/produkt\\\/kaktussilke-pudebetraek-turkis\\\/#primaryimage\"},\"image\":{\"@id\":\"https:\\\/\\\/tibladin.dk\\\/produkt\\\/kaktussilke-pudebetraek-turkis\\\/#primaryimage\"},\"thumbnailUrl\":\"https:\\\/\\\/tibladin.dk\\\/wp-content\\\/uploads\\\/2022\\\/09\\\/Turkis-40x60-1-1.png\",\"datePublished\":\"2022-09-20T09:17:27+00:00\",\"dateModified\":\"2026-01-04T17:38:51+00:00\",\"description\":\"H\u00e5ndlavet pudebetr\u00e6k i kaktussilke i flot turkis farve. H\u00f8j kvalitet. Perfekt til sofaen. M\u00e5ler 40x60 cm og passer ogs\u00e5 til 50x60 cm puder.\",\"breadcrumb\":{\"@id\":\"https:\\\/\\\/tibladin.dk\\\/produkt\\\/kaktussilke-pudebetraek-turkis\\\/#breadcrumb\"},\"inLanguage\":\"de\",\"potentialAction\":[{\"@type\":\"ReadAction\",\"target\":[\"https:\\\/\\\/tibladin.dk\\\/produkt\\\/kaktussilke-pudebetraek-turkis\\\/\"]}]},{\"@type\":\"ImageObject\",\"inLanguage\":\"de\",\"@id\":\"https:\\\/\\\/tibladin.dk\\\/produkt\\\/kaktussilke-pudebetraek-turkis\\\/#primaryimage\",\"url\":\"https:\\\/\\\/tibladin.dk\\\/wp-content\\\/uploads\\\/2022\\\/09\\\/Turkis-40x60-1-1.png\",\"contentUrl\":\"https:\\\/\\\/tibladin.dk\\\/wp-content\\\/uploads\\\/2022\\\/09\\\/Turkis-40x60-1-1.png\",\"width\":800,\"height\":800,\"caption\":\"Marokkansk h\u00e5ndv\u00e6vet kaktussilke pudebetr\u00e6k i turkis\"},{\"@type\":\"BreadcrumbList\",\"@id\":\"https:\\\/\\\/tibladin.dk\\\/produkt\\\/kaktussilke-pudebetraek-turkis\\\/#breadcrumb\",\"itemListElement\":[{\"@type\":\"ListItem\",\"position\":1,\"name\":\"Hjem\",\"item\":\"https:\\\/\\\/tibladin.dk\\\/\"},{\"@type\":\"ListItem\",\"position\":2,\"name\":\"Shop\",\"item\":\"https:\\\/\\\/tibladin.dk\\\/shop\\\/\"},{\"@type\":\"ListItem\",\"position\":3,\"name\":\"Kaktussilke pudebetr\u00e6k &#8211; TURKIS\"}]},{\"@type\":\"WebSite\",\"@id\":\"https:\\\/\\\/tibladin.dk\\\/#website\",\"url\":\"https:\\\/\\\/tibladin.dk\\\/\",\"name\":\"Tibladin\",\"description\":\"Tibladin\",\"publisher\":{\"@id\":\"https:\\\/\\\/tibladin.dk\\\/#organization\"},\"potentialAction\":[{\"@type\":\"SearchAction\",\"target\":{\"@type\":\"EntryPoint\",\"urlTemplate\":\"https:\\\/\\\/tibladin.dk\\\/?s={search_term_string}\"},\"query-input\":{\"@type\":\"PropertyValueSpecification\",\"valueRequired\":true,\"valueName\":\"search_term_string\"}}],\"inLanguage\":\"de\"},{\"@type\":\"Organization\",\"@id\":\"https:\\\/\\\/tibladin.dk\\\/#organization\",\"name\":\"Tibladin\",\"url\":\"https:\\\/\\\/tibladin.dk\\\/\",\"logo\":{\"@type\":\"ImageObject\",\"inLanguage\":\"de\",\"@id\":\"https:\\\/\\\/tibladin.dk\\\/#\\\/schema\\\/logo\\\/image\\\/\",\"url\":\"https:\\\/\\\/tibladin.dk\\\/wp-content\\\/uploads\\\/2022\\\/09\\\/tibladin_logo.svg\",\"contentUrl\":\"https:\\\/\\\/tibladin.dk\\\/wp-content\\\/uploads\\\/2022\\\/09\\\/tibladin_logo.svg\",\"caption\":\"Tibladin\"},\"image\":{\"@id\":\"https:\\\/\\\/tibladin.dk\\\/#\\\/schema\\\/logo\\\/image\\\/\"}}]}<\/script>\n<!-- \/ Yoast SEO plugin. -->","yoast_head_json":{"title":"Marokkanisches Kissen aus Kaktusseide | T\u00fcrkis | Handgefertigt in Marrakesch","description":"Handgefertigter Kissenbezug aus Kaktusseide in einer wundersch\u00f6nen t\u00fcrkisfarbenen Farbe. Gute Qualit\u00e4t. Perfekt f\u00fcr das Sofa. Misst 40 x 60 cm und passt auch auf 50 x 60 cm gro\u00dfe Kissen.","robots":{"index":"index","follow":"follow","max-snippet":"max-snippet:-1","max-image-preview":"max-image-preview:large","max-video-preview":"max-video-preview:-1"},"canonical":"https:\/\/tibladin.dk\/de\/produkt\/kissenbezug-aus-kaktusseide-turkis\/","og_locale":"de_DE","og_type":"article","og_title":"Marokkansk pude i kaktussilke | Turkis | H\u00e5ndlavet i Marrakech","og_description":"H\u00e5ndlavet pudebetr\u00e6k i kaktussilke i flot turkis farve. H\u00f8j kvalitet. Perfekt til sofaen. M\u00e5ler 40x60 cm og passer ogs\u00e5 til 50x60 cm puder.","og_url":"https:\/\/tibladin.dk\/de\/produkt\/kissenbezug-aus-kaktusseide-turkis\/","og_site_name":"Tibladin","article_modified_time":"2026-01-04T17:38:51+00:00","og_image":[{"width":800,"height":800,"url":"https:\/\/tibladin.dk\/wp-content\/uploads\/2022\/09\/Turkis-40x60-1-1.png","type":"image\/png"}],"twitter_card":"summary_large_image","twitter_misc":{"Gesch\u00e4tzte Lesezeit":"2\u00a0Minuten"},"schema":{"@context":"https:\/\/schema.org","@graph":[{"@type":"WebPage","@id":"https:\/\/tibladin.dk\/produkt\/kaktussilke-pudebetraek-turkis\/","url":"https:\/\/tibladin.dk\/produkt\/kaktussilke-pudebetraek-turkis\/","name":"Marokkanisches Kissen aus Kaktusseide | T\u00fcrkis | Handgefertigt in Marrakesch","isPartOf":{"@id":"https:\/\/tibladin.dk\/#website"},"primaryImageOfPage":{"@id":"https:\/\/tibladin.dk\/produkt\/kaktussilke-pudebetraek-turkis\/#primaryimage"},"image":{"@id":"https:\/\/tibladin.dk\/produkt\/kaktussilke-pudebetraek-turkis\/#primaryimage"},"thumbnailUrl":"https:\/\/tibladin.dk\/wp-content\/uploads\/2022\/09\/Turkis-40x60-1-1.png","datePublished":"2022-09-20T09:17:27+00:00","dateModified":"2026-01-04T17:38:51+00:00","description":"Handgefertigter Kissenbezug aus Kaktusseide in einer wundersch\u00f6nen t\u00fcrkisfarbenen Farbe. Gute Qualit\u00e4t. Perfekt f\u00fcr das Sofa. Misst 40 x 60 cm und passt auch auf 50 x 60 cm gro\u00dfe Kissen.","breadcrumb":{"@id":"https:\/\/tibladin.dk\/produkt\/kaktussilke-pudebetraek-turkis\/#breadcrumb"},"inLanguage":"de","potentialAction":[{"@type":"ReadAction","target":["https:\/\/tibladin.dk\/produkt\/kaktussilke-pudebetraek-turkis\/"]}]},{"@type":"ImageObject","inLanguage":"de","@id":"https:\/\/tibladin.dk\/produkt\/kaktussilke-pudebetraek-turkis\/#primaryimage","url":"https:\/\/tibladin.dk\/wp-content\/uploads\/2022\/09\/Turkis-40x60-1-1.png","contentUrl":"https:\/\/tibladin.dk\/wp-content\/uploads\/2022\/09\/Turkis-40x60-1-1.png","width":800,"height":800,"caption":"Marokkansk h\u00e5ndv\u00e6vet kaktussilke pudebetr\u00e6k i turkis"},{"@type":"BreadcrumbList","@id":"https:\/\/tibladin.dk\/produkt\/kaktussilke-pudebetraek-turkis\/#breadcrumb","itemListElement":[{"@type":"ListItem","position":1,"name":"Hjem","item":"https:\/\/tibladin.dk\/"},{"@type":"ListItem","position":2,"name":"Shop","item":"https:\/\/tibladin.dk\/shop\/"},{"@type":"ListItem","position":3,"name":"Kaktussilke pudebetr\u00e6k &#8211; TURKIS"}]},{"@type":"WebSite","@id":"https:\/\/tibladin.dk\/#website","url":"https:\/\/tibladin.dk\/","name":"Tibladin","description":"Tibladin","publisher":{"@id":"https:\/\/tibladin.dk\/#organization"},"potentialAction":[{"@type":"SearchAction","target":{"@type":"EntryPoint","urlTemplate":"https:\/\/tibladin.dk\/?s={search_term_string}"},"query-input":{"@type":"PropertyValueSpecification","valueRequired":true,"valueName":"search_term_string"}}],"inLanguage":"de"},{"@type":"Organization","@id":"https:\/\/tibladin.dk\/#organization","name":"Tibladin","url":"https:\/\/tibladin.dk\/","logo":{"@type":"ImageObject","inLanguage":"de","@id":"https:\/\/tibladin.dk\/#\/schema\/logo\/image\/","url":"https:\/\/tibladin.dk\/wp-content\/uploads\/2022\/09\/tibladin_logo.svg","contentUrl":"https:\/\/tibladin.dk\/wp-content\/uploads\/2022\/09\/tibladin_logo.svg","caption":"Tibladin"},"image":{"@id":"https:\/\/tibladin.dk\/#\/schema\/logo\/image\/"}}]}},"_links":{"self":[{"href":"https:\/\/tibladin.dk\/de\/wp-json\/wp\/v2\/product\/2580","targetHints":{"allow":["GET"]}}],"collection":[{"href":"https:\/\/tibladin.dk\/de\/wp-json\/wp\/v2\/product"}],"about":[{"href":"https:\/\/tibladin.dk\/de\/wp-json\/wp\/v2\/types\/product"}],"wp:featuredmedia":[{"embeddable":true,"href":"https:\/\/tibladin.dk\/de\/wp-json\/wp\/v2\/media\/2577"}],"wp:attachment":[{"href":"https:\/\/tibladin.dk\/de\/wp-json\/wp\/v2\/media?parent=2580"}],"wp:term":[{"taxonomy":"product_brand","embeddable":true,"href":"https:\/\/tibladin.dk\/de\/wp-json\/wp\/v2\/product_brand?post=2580"},{"taxonomy":"product_cat","embeddable":true,"href":"https:\/\/tibladin.dk\/de\/wp-json\/wp\/v2\/product_cat?post=2580"},{"taxonomy":"product_tag","embeddable":true,"href":"https:\/\/tibladin.dk\/de\/wp-json\/wp\/v2\/product_tag?post=2580"}],"curies":[{"name":"wp","href":"https:\/\/api.w.org\/{rel}","templated":true}]}}