{"id":2585,"date":"2024-11-30T11:17:29","date_gmt":"2024-11-30T10:17:29","guid":{"rendered":"https:\/\/tibladin.dk\/vare\/dekorativ-duftkrans-pimp-ta-kasbah\/"},"modified":"2026-01-30T12:59:02","modified_gmt":"2026-01-30T11:59:02","slug":"dekorativer-duftkranz-pimp-ta-kasbah","status":"publish","type":"product","link":"https:\/\/tibladin.dk\/de\/produkt\/dekorativ-duftkrans-pimp-ta-kasbah\/","title":{"rendered":"Dekorativer Duftkranz PIMP TA KASBAH"},"content":{"rendered":"<div class=\"wpb-content-wrapper\"><div class=\"vc_row wpb_row vc_row-fluid\"><div class=\"wpb_column vc_column_container vc_col-sm-4\"><div class=\"vc_column-inner\"><div class=\"wpb_wrapper\"><\/div><\/div><\/div><div class=\"wpb_column vc_column_container vc_col-sm-4\"><div class=\"vc_column-inner\"><div class=\"wpb_wrapper\"><h3 style=\"text-align: left\" class=\"vc_custom_heading vc_do_custom_heading\" >Wartung<\/h3>\n\t<div class=\"wpb_text_column wpb_content_element\" >\n\t\t<div class=\"wpb_wrapper\">\n\t\t\t<p>Nutzen Sie den Duftkranz sowohl als dekorative Dekoration als auch zum H\u00e4nde- und K\u00f6rperwaschen. Reiben Sie die Seife auf der Haut ein, sodass sie sch\u00e4umt.<\/p>\n\n\t\t<\/div>\n\t<\/div>\n<\/div><\/div><\/div><div class=\"wpb_column vc_column_container vc_col-sm-4\"><div class=\"vc_column-inner\"><div class=\"wpb_wrapper\"><h3 style=\"text-align: left\" class=\"vc_custom_heading vc_do_custom_heading\" >Die Geschichte dahinter<\/h3>\n\t<div class=\"wpb_text_column wpb_content_element\" >\n\t\t<div class=\"wpb_wrapper\">\n\t\t\t<p>Dieser einzigartige Duftkranz stammt von der Marke L&#039;art du bain, die 2004 in Marrakesch gegr\u00fcndet wurde und seit 2016 in Nantes, Frankreich, produziert wird.<span class=\"Apple-converted-space\">\u00a0<\/span><\/p>\n<p>Die Seifen werden einzeln von Hand geformt und eignen sich perfekt als dekorative Ornamente, die einen angenehmen Duft im Zuhause verbreiten.<\/p>\n<p>Eine handwerkliche, sorgf\u00e4ltige Art der Seifenherstellung, die eine sehr gute Qualit\u00e4t ergibt. Die Seifen werden ausschlie\u00dflich aus nat\u00fcrlichen, erlesenen Inhaltsstoffen unter Ber\u00fccksichtigung der Umwelt hergestellt. Die Technik der Herstellung von Kaltseifen bedeutet, dass die Seifen das in ihnen enthaltene nat\u00fcrliche Glycerin und die nat\u00fcrlichen \u00d6le behalten, was zu einer feuchtigkeitsspendenderen Seife f\u00fchrt.<\/p>\n\n\t\t<\/div>\n\t<\/div>\n<\/div><\/div><\/div><\/div>\n<\/div>","protected":false},"excerpt":{"rendered":"<p><span style=\"font-weight: 400;\">Pimp ta Kasbah ist eine wundersch\u00f6ne und einzigartige Dekoration, bestehend aus handgeformten Seifen und wundersch\u00f6nen Perlen in milden Farben und Formen. H\u00e4ngen Sie es in Ihr Badezimmer, Schlafzimmer oder Wohnzimmer und lassen Sie den wunderbaren Duft im ganzen Raum verbreiten. Der Name Pimp ta Kasbah bedeutet aus dem Arabischen \u00fcbersetzt \u201eIhr Zuhause dekorieren oder auffrischen\u201c. Kasbah. Kasbah ist arabisch und bedeutet eine Art Haus, auch Medina genannt. Die einzigartige Seifendekoration kann als Handseife im Badezimmer verwendet werden, kann aber auch als Dekoration h\u00e4ngen gelassen werden.\u00a0<\/span><\/p>\n<p>Der Kranz hat einen Durchmesser von 17 cm.<\/p>\n<p><span style=\"font-weight: 400;\">Ein Duft von Feigen, Gew\u00fcrzen, Weihrauch und sonnengereiften Tomaten ist das, was Sie in diesem zarten Duftkranz erkennen, der Sie mit seinen \u00e4therischen \u00d6len nach Marrakesch und in w\u00e4rmere, exotischere Gefilde entf\u00fchrt. Parf\u00fcmieren Sie damit ganz einfach Ihr Zuhause. Die handgeformten Seifen und Perlen sind auf einem Metallkranz montiert und der Kranz wird in einer sch\u00f6nen Geschenkbox geliefert. Dies ist eine andere und einzigartige M\u00f6glichkeit, Duft und Dekoration in Ihr Zuhause zu bringen.<\/span><\/p>","protected":false},"featured_media":32885,"template":"","meta":{"inline_featured_image":false},"product_brand":[],"product_cat":[103,104],"product_tag":[],"class_list":{"0":"post-2585","1":"product","2":"type-product","3":"status-publish","4":"has-post-thumbnail","6":"product_cat-personlig-pleje","7":"product_cat-saeber","9":"first","10":"instock","11":"taxable","12":"shipping-taxable","13":"purchasable","14":"product-type-variable"},"exclude_global_add_ons":false,"addons":[{"name":"M\u00f6chten Sie eine Geschenkverpackung?","type":"checkbox","position":0,"required":false,"title_format":"label","default":"","description_enable":false,"description":"","placeholder_enable":false,"placeholder":"","display":"images","restrictions_type":"any_text","adjust_price":false,"price":"","price_type":"flat_fee","restrictions":false,"min":"0","max":"0","options":[{"label":"Ja tak","price":"10","price_type":"flat_fee","image":11015,"visibility":true}],"id":1669646111}],"yoast_head":"<!-- This site is optimized with the Yoast SEO plugin v27.4 - https:\/\/yoast.com\/product\/yoast-seo-wordpress\/ -->\n<title>Duftkrans af h\u00e5ndlavede s\u00e6ber | \u00d8kologiske ingredienser | Tibladin<\/title>\n<meta name=\"description\" content=\"Smuk duftkrans af h\u00e5ndlavet og h\u00e5ndformet \u00f8kologisk s\u00e6be. Perfekt som dekorativ og velduftende indretning. Kan ogs\u00e5 bruges til vask.\" \/>\n<meta name=\"robots\" content=\"index, follow, max-snippet:-1, max-image-preview:large, max-video-preview:-1\" \/>\n<link rel=\"canonical\" href=\"https:\/\/tibladin.dk\/de\/produkt\/dekorativer-duftkranz-pimp-ta-kasbah\/\" \/>\n<meta property=\"og:locale\" content=\"de_DE\" \/>\n<meta property=\"og:type\" content=\"article\" \/>\n<meta property=\"og:title\" content=\"Duftkrans af h\u00e5ndlavede s\u00e6ber | \u00d8kologiske ingredienser | Tibladin\" \/>\n<meta property=\"og:description\" content=\"Smuk duftkrans af h\u00e5ndlavet og h\u00e5ndformet \u00f8kologisk s\u00e6be. Perfekt som dekorativ og velduftende indretning. Kan ogs\u00e5 bruges til vask.\" \/>\n<meta property=\"og:url\" content=\"https:\/\/tibladin.dk\/de\/produkt\/dekorativer-duftkranz-pimp-ta-kasbah\/\" \/>\n<meta property=\"og:site_name\" content=\"Tibladin\" \/>\n<meta property=\"article:modified_time\" content=\"2026-01-30T11:59:02+00:00\" \/>\n<meta property=\"og:image\" content=\"https:\/\/tibladin.dk\/wp-content\/uploads\/2022\/09\/Saebekrans_LS7.jpg\" \/>\n\t<meta property=\"og:image:width\" content=\"800\" \/>\n\t<meta property=\"og:image:height\" content=\"800\" \/>\n\t<meta property=\"og:image:type\" content=\"image\/jpeg\" \/>\n<meta name=\"twitter:card\" content=\"summary_large_image\" \/>\n<meta name=\"twitter:label1\" content=\"Gesch\u00e4tzte Lesezeit\" \/>\n\t<meta name=\"twitter:data1\" content=\"2\u00a0Minuten\" \/>\n<script type=\"application\/ld+json\" class=\"yoast-schema-graph\">{\"@context\":\"https:\\\/\\\/schema.org\",\"@graph\":[{\"@type\":\"WebPage\",\"@id\":\"https:\\\/\\\/tibladin.dk\\\/produkt\\\/dekorativ-duftkrans-pimp-ta-kasbah\\\/\",\"url\":\"https:\\\/\\\/tibladin.dk\\\/produkt\\\/dekorativ-duftkrans-pimp-ta-kasbah\\\/\",\"name\":\"Duftkrans af h\u00e5ndlavede s\u00e6ber | \u00d8kologiske ingredienser | Tibladin\",\"isPartOf\":{\"@id\":\"https:\\\/\\\/tibladin.dk\\\/#website\"},\"primaryImageOfPage\":{\"@id\":\"https:\\\/\\\/tibladin.dk\\\/produkt\\\/dekorativ-duftkrans-pimp-ta-kasbah\\\/#primaryimage\"},\"image\":{\"@id\":\"https:\\\/\\\/tibladin.dk\\\/produkt\\\/dekorativ-duftkrans-pimp-ta-kasbah\\\/#primaryimage\"},\"thumbnailUrl\":\"https:\\\/\\\/tibladin.dk\\\/wp-content\\\/uploads\\\/2022\\\/09\\\/Saebekrans_LS7.jpg\",\"datePublished\":\"2024-11-30T10:17:29+00:00\",\"dateModified\":\"2026-01-30T11:59:02+00:00\",\"description\":\"Smuk duftkrans af h\u00e5ndlavet og h\u00e5ndformet \u00f8kologisk s\u00e6be. Perfekt som dekorativ og velduftende indretning. Kan ogs\u00e5 bruges til vask.\",\"breadcrumb\":{\"@id\":\"https:\\\/\\\/tibladin.dk\\\/produkt\\\/dekorativ-duftkrans-pimp-ta-kasbah\\\/#breadcrumb\"},\"inLanguage\":\"de\",\"potentialAction\":[{\"@type\":\"ReadAction\",\"target\":[\"https:\\\/\\\/tibladin.dk\\\/produkt\\\/dekorativ-duftkrans-pimp-ta-kasbah\\\/\"]}]},{\"@type\":\"ImageObject\",\"inLanguage\":\"de\",\"@id\":\"https:\\\/\\\/tibladin.dk\\\/produkt\\\/dekorativ-duftkrans-pimp-ta-kasbah\\\/#primaryimage\",\"url\":\"https:\\\/\\\/tibladin.dk\\\/wp-content\\\/uploads\\\/2022\\\/09\\\/Saebekrans_LS7.jpg\",\"contentUrl\":\"https:\\\/\\\/tibladin.dk\\\/wp-content\\\/uploads\\\/2022\\\/09\\\/Saebekrans_LS7.jpg\",\"width\":800,\"height\":800},{\"@type\":\"BreadcrumbList\",\"@id\":\"https:\\\/\\\/tibladin.dk\\\/produkt\\\/dekorativ-duftkrans-pimp-ta-kasbah\\\/#breadcrumb\",\"itemListElement\":[{\"@type\":\"ListItem\",\"position\":1,\"name\":\"Hjem\",\"item\":\"https:\\\/\\\/tibladin.dk\\\/\"},{\"@type\":\"ListItem\",\"position\":2,\"name\":\"Shop\",\"item\":\"https:\\\/\\\/tibladin.dk\\\/shop\\\/\"},{\"@type\":\"ListItem\",\"position\":3,\"name\":\"Dekorativ duftkrans PIMP TA KASBAH\"}]},{\"@type\":\"WebSite\",\"@id\":\"https:\\\/\\\/tibladin.dk\\\/#website\",\"url\":\"https:\\\/\\\/tibladin.dk\\\/\",\"name\":\"Tibladin\",\"description\":\"Tibladin\",\"publisher\":{\"@id\":\"https:\\\/\\\/tibladin.dk\\\/#organization\"},\"potentialAction\":[{\"@type\":\"SearchAction\",\"target\":{\"@type\":\"EntryPoint\",\"urlTemplate\":\"https:\\\/\\\/tibladin.dk\\\/?s={search_term_string}\"},\"query-input\":{\"@type\":\"PropertyValueSpecification\",\"valueRequired\":true,\"valueName\":\"search_term_string\"}}],\"inLanguage\":\"de\"},{\"@type\":\"Organization\",\"@id\":\"https:\\\/\\\/tibladin.dk\\\/#organization\",\"name\":\"Tibladin\",\"url\":\"https:\\\/\\\/tibladin.dk\\\/\",\"logo\":{\"@type\":\"ImageObject\",\"inLanguage\":\"de\",\"@id\":\"https:\\\/\\\/tibladin.dk\\\/#\\\/schema\\\/logo\\\/image\\\/\",\"url\":\"https:\\\/\\\/tibladin.dk\\\/wp-content\\\/uploads\\\/2022\\\/09\\\/tibladin_logo.svg\",\"contentUrl\":\"https:\\\/\\\/tibladin.dk\\\/wp-content\\\/uploads\\\/2022\\\/09\\\/tibladin_logo.svg\",\"caption\":\"Tibladin\"},\"image\":{\"@id\":\"https:\\\/\\\/tibladin.dk\\\/#\\\/schema\\\/logo\\\/image\\\/\"}}]}<\/script>\n<!-- \/ Yoast SEO plugin. -->","yoast_head_json":{"title":"Duftender Kranz aus handgemachten Seifen | Bio-Zutaten | Tibladin","description":"Wundersch\u00f6ner Duftkranz aus handgemachter und handgeformter Bio-Seife. Perfekt als dekoratives und duftendes Interieur. Kann auch zum Waschen verwendet werden.","robots":{"index":"index","follow":"follow","max-snippet":"max-snippet:-1","max-image-preview":"max-image-preview:large","max-video-preview":"max-video-preview:-1"},"canonical":"https:\/\/tibladin.dk\/de\/produkt\/dekorativer-duftkranz-pimp-ta-kasbah\/","og_locale":"de_DE","og_type":"article","og_title":"Duftkrans af h\u00e5ndlavede s\u00e6ber | \u00d8kologiske ingredienser | Tibladin","og_description":"Smuk duftkrans af h\u00e5ndlavet og h\u00e5ndformet \u00f8kologisk s\u00e6be. Perfekt som dekorativ og velduftende indretning. Kan ogs\u00e5 bruges til vask.","og_url":"https:\/\/tibladin.dk\/de\/produkt\/dekorativer-duftkranz-pimp-ta-kasbah\/","og_site_name":"Tibladin","article_modified_time":"2026-01-30T11:59:02+00:00","og_image":[{"width":800,"height":800,"url":"https:\/\/tibladin.dk\/wp-content\/uploads\/2022\/09\/Saebekrans_LS7.jpg","type":"image\/jpeg"}],"twitter_card":"summary_large_image","twitter_misc":{"Gesch\u00e4tzte Lesezeit":"2\u00a0Minuten"},"schema":{"@context":"https:\/\/schema.org","@graph":[{"@type":"WebPage","@id":"https:\/\/tibladin.dk\/produkt\/dekorativ-duftkrans-pimp-ta-kasbah\/","url":"https:\/\/tibladin.dk\/produkt\/dekorativ-duftkrans-pimp-ta-kasbah\/","name":"Duftender Kranz aus handgemachten Seifen | Bio-Zutaten | Tibladin","isPartOf":{"@id":"https:\/\/tibladin.dk\/#website"},"primaryImageOfPage":{"@id":"https:\/\/tibladin.dk\/produkt\/dekorativ-duftkrans-pimp-ta-kasbah\/#primaryimage"},"image":{"@id":"https:\/\/tibladin.dk\/produkt\/dekorativ-duftkrans-pimp-ta-kasbah\/#primaryimage"},"thumbnailUrl":"https:\/\/tibladin.dk\/wp-content\/uploads\/2022\/09\/Saebekrans_LS7.jpg","datePublished":"2024-11-30T10:17:29+00:00","dateModified":"2026-01-30T11:59:02+00:00","description":"Wundersch\u00f6ner Duftkranz aus handgemachter und handgeformter Bio-Seife. Perfekt als dekoratives und duftendes Interieur. Kann auch zum Waschen verwendet werden.","breadcrumb":{"@id":"https:\/\/tibladin.dk\/produkt\/dekorativ-duftkrans-pimp-ta-kasbah\/#breadcrumb"},"inLanguage":"de","potentialAction":[{"@type":"ReadAction","target":["https:\/\/tibladin.dk\/produkt\/dekorativ-duftkrans-pimp-ta-kasbah\/"]}]},{"@type":"ImageObject","inLanguage":"de","@id":"https:\/\/tibladin.dk\/produkt\/dekorativ-duftkrans-pimp-ta-kasbah\/#primaryimage","url":"https:\/\/tibladin.dk\/wp-content\/uploads\/2022\/09\/Saebekrans_LS7.jpg","contentUrl":"https:\/\/tibladin.dk\/wp-content\/uploads\/2022\/09\/Saebekrans_LS7.jpg","width":800,"height":800},{"@type":"BreadcrumbList","@id":"https:\/\/tibladin.dk\/produkt\/dekorativ-duftkrans-pimp-ta-kasbah\/#breadcrumb","itemListElement":[{"@type":"ListItem","position":1,"name":"Hjem","item":"https:\/\/tibladin.dk\/"},{"@type":"ListItem","position":2,"name":"Shop","item":"https:\/\/tibladin.dk\/shop\/"},{"@type":"ListItem","position":3,"name":"Dekorativ duftkrans PIMP TA KASBAH"}]},{"@type":"WebSite","@id":"https:\/\/tibladin.dk\/#website","url":"https:\/\/tibladin.dk\/","name":"Tibladin","description":"Tibladin","publisher":{"@id":"https:\/\/tibladin.dk\/#organization"},"potentialAction":[{"@type":"SearchAction","target":{"@type":"EntryPoint","urlTemplate":"https:\/\/tibladin.dk\/?s={search_term_string}"},"query-input":{"@type":"PropertyValueSpecification","valueRequired":true,"valueName":"search_term_string"}}],"inLanguage":"de"},{"@type":"Organization","@id":"https:\/\/tibladin.dk\/#organization","name":"Tibladin","url":"https:\/\/tibladin.dk\/","logo":{"@type":"ImageObject","inLanguage":"de","@id":"https:\/\/tibladin.dk\/#\/schema\/logo\/image\/","url":"https:\/\/tibladin.dk\/wp-content\/uploads\/2022\/09\/tibladin_logo.svg","contentUrl":"https:\/\/tibladin.dk\/wp-content\/uploads\/2022\/09\/tibladin_logo.svg","caption":"Tibladin"},"image":{"@id":"https:\/\/tibladin.dk\/#\/schema\/logo\/image\/"}}]}},"_links":{"self":[{"href":"https:\/\/tibladin.dk\/de\/wp-json\/wp\/v2\/product\/2585","targetHints":{"allow":["GET"]}}],"collection":[{"href":"https:\/\/tibladin.dk\/de\/wp-json\/wp\/v2\/product"}],"about":[{"href":"https:\/\/tibladin.dk\/de\/wp-json\/wp\/v2\/types\/product"}],"wp:featuredmedia":[{"embeddable":true,"href":"https:\/\/tibladin.dk\/de\/wp-json\/wp\/v2\/media\/32885"}],"wp:attachment":[{"href":"https:\/\/tibladin.dk\/de\/wp-json\/wp\/v2\/media?parent=2585"}],"wp:term":[{"taxonomy":"product_brand","embeddable":true,"href":"https:\/\/tibladin.dk\/de\/wp-json\/wp\/v2\/product_brand?post=2585"},{"taxonomy":"product_cat","embeddable":true,"href":"https:\/\/tibladin.dk\/de\/wp-json\/wp\/v2\/product_cat?post=2585"},{"taxonomy":"product_tag","embeddable":true,"href":"https:\/\/tibladin.dk\/de\/wp-json\/wp\/v2\/product_tag?post=2585"}],"curies":[{"name":"wp","href":"https:\/\/api.w.org\/{rel}","templated":true}]}}