{"id":2590,"date":"2022-09-20T11:17:32","date_gmt":"2022-09-20T09:17:32","guid":{"rendered":"https:\/\/tibladin.dk\/vare\/kropsolie-brasilia\/"},"modified":"2025-03-29T11:34:21","modified_gmt":"2025-03-29T10:34:21","slug":"brasilia-korperol","status":"publish","type":"product","link":"https:\/\/tibladin.dk\/de\/produkt\/kropsolie-brasilia\/","title":{"rendered":"K\u00f6rper\u00f6l BRASILIA"},"content":{"rendered":"<div class=\"wpb-content-wrapper\"><div class=\"vc_row wpb_row vc_row-fluid\"><div class=\"wpb_column vc_column_container vc_col-sm-4\"><div class=\"vc_column-inner\"><div class=\"wpb_wrapper\"><\/div><\/div><\/div><div class=\"wpb_column vc_column_container vc_col-sm-4\"><div class=\"vc_column-inner\"><div class=\"wpb_wrapper\"><h3 style=\"text-align: left\" class=\"vc_custom_heading vc_do_custom_heading\" >Wartung<\/h3>\n\t<div class=\"wpb_text_column wpb_content_element\" >\n\t\t<div class=\"wpb_wrapper\">\n\t\t\t<p>Verwenden Sie das \u00d6l als k\u00f6stliche Alternative zur K\u00f6rperlotion. Eine kleine Menge in den H\u00e4nden verteilen und erw\u00e4rmen und auf Gesicht, K\u00f6rper und F\u00fc\u00dfen auftragen.<\/p>\n\n\t\t<\/div>\n\t<\/div>\n<\/div><\/div><\/div><div class=\"wpb_column vc_column_container vc_col-sm-4\"><div class=\"vc_column-inner\"><div class=\"wpb_wrapper\"><h3 style=\"text-align: left\" class=\"vc_custom_heading vc_do_custom_heading\" >Die Geschichte dahinter<\/h3>\n\t<div class=\"wpb_text_column wpb_content_element\" >\n\t\t<div class=\"wpb_wrapper\">\n\t\t\t<p>Dieses k\u00f6stliche K\u00f6rper\u00f6l stammt von der Marke L&#039;art du bain, die 2004 in Marrakesch gegr\u00fcndet wurde und seit 2016 in Nantes in Frankreich produziert wird.<\/p>\n<p>Das \u00d6l besteht aus nat\u00fcrlichen, biologischen Inhaltsstoffen und spendet der Haut Feuchtigkeit und einen sch\u00f6nen Glanz. Es kann sowohl im Gesicht als auch am K\u00f6rper und an den F\u00fc\u00dfen verwendet werden. Durch die sorgf\u00e4ltige Herstellung, bei der die \u00d6le kalt gepresst werden, entsteht eine wirklich gute Qualit\u00e4t und ein k\u00f6stliches \u00d6l, das nicht fettet.<\/p>\n\n\t\t<\/div>\n\t<\/div>\n<\/div><\/div><\/div><\/div>\n<\/div>","protected":false},"excerpt":{"rendered":"<p><span style=\"font-weight: 400;\">Ein k\u00f6stliches K\u00f6rper\u00f6l, das viel Feuchtigkeit spendet und einen herrlichen Duft hat, der an Sommer, warmen Sand, sonnenverw\u00f6hnte Haut und Urlaub in der Sonne erinnert. Das \u00d6l kann sowohl als K\u00f6rperlotion verwendet werden, aber auch um der Haut einen sch\u00f6nen und nat\u00fcrlichen Glanz zu verleihen.<\/span><\/p>\n<p><span style=\"font-weight: 400;\">Unser \u00d6l ist eine wunderbare Mischung aus Pflanzen\u00f6len h\u00f6chster Qualit\u00e4t, kombiniert mit einem wunderbaren Duft nach Jojoba und der Hitze und Sonne des Sommers.\u00a0<\/span><\/p>\n<p><span style=\"font-weight: 400;\">Das \u00d6l wird in einem sch\u00f6nen, schlanken Beh\u00e4lter mit Spr\u00fcht\u00fclle geliefert, der das Auftragen und Verteilen des \u00d6ls erleichtert.\u00a0<\/span><\/p>\n<p><span style=\"font-weight: 400;\">100 ml.<\/span><\/p>\n<p><span style=\"font-weight: 400;\">Zutaten: Aprikosenkern\u00f6l, Traubenkern\u00f6l, A\u00e7a\u00ef-\u00d6l und Parf\u00fcm. Die \u00d6le sind reich an Omega-6- und 9-Fetts\u00e4uren sowie den Vitaminen B1, B2, B3, C und E, die alle zur Elastizit\u00e4t der Haut beitragen und die Haut mit Feuchtigkeit versorgen. <\/span><\/p>","protected":false},"featured_media":2589,"template":"","meta":{"inline_featured_image":false},"product_brand":[],"product_cat":[27,110,103],"product_tag":[],"class_list":{"0":"post-2590","1":"product","2":"type-product","3":"status-publish","4":"has-post-thumbnail","6":"product_cat-diverse","7":"product_cat-kropsolie","8":"product_cat-personlig-pleje","10":"first","11":"instock","12":"taxable","13":"shipping-taxable","14":"purchasable","15":"product-type-simple"},"exclude_global_add_ons":false,"addons":[{"name":"M\u00f6chten Sie eine Geschenkverpackung?","type":"checkbox","position":0,"required":false,"title_format":"label","default":"","description_enable":false,"description":"","placeholder_enable":false,"placeholder":"","display":"images","restrictions_type":"any_text","adjust_price":false,"price":"","price_type":"flat_fee","restrictions":false,"min":"0","max":"0","options":[{"label":"Ja tak","price":"10","price_type":"flat_fee","image":11015,"visibility":true}],"id":1669646111}],"yoast_head":"<!-- This site is optimized with the Yoast SEO plugin v27.4 - https:\/\/yoast.com\/product\/yoast-seo-wordpress\/ -->\n<title>\u00d8kologisk kropsolie | Naturlige ingredienser | Tibladin<\/title>\n<meta name=\"description\" content=\"L\u00e6kker kropsolie til kroppen og ansigtet. Lavet af \u00f8kologiske ingredienser, der tilf\u00f8jer fugt og en flot gl\u00f8d til huden.\" \/>\n<meta name=\"robots\" content=\"index, follow, max-snippet:-1, max-image-preview:large, max-video-preview:-1\" \/>\n<link rel=\"canonical\" href=\"https:\/\/tibladin.dk\/de\/produkt\/brasilia-korperol\/\" \/>\n<meta property=\"og:locale\" content=\"de_DE\" \/>\n<meta property=\"og:type\" content=\"article\" \/>\n<meta property=\"og:title\" content=\"\u00d8kologisk kropsolie | Naturlige ingredienser | Tibladin\" \/>\n<meta property=\"og:description\" content=\"L\u00e6kker kropsolie til kroppen og ansigtet. Lavet af \u00f8kologiske ingredienser, der tilf\u00f8jer fugt og en flot gl\u00f8d til huden.\" \/>\n<meta property=\"og:url\" content=\"https:\/\/tibladin.dk\/de\/produkt\/brasilia-korperol\/\" \/>\n<meta property=\"og:site_name\" content=\"Tibladin\" \/>\n<meta property=\"article:modified_time\" content=\"2025-03-29T10:34:21+00:00\" \/>\n<meta property=\"og:image\" content=\"https:\/\/tibladin.dk\/wp-content\/uploads\/2022\/09\/Brasilia_kropsolie-1-1.jpg\" \/>\n\t<meta property=\"og:image:width\" content=\"800\" \/>\n\t<meta property=\"og:image:height\" content=\"800\" \/>\n\t<meta property=\"og:image:type\" content=\"image\/jpeg\" \/>\n<meta name=\"twitter:card\" content=\"summary_large_image\" \/>\n<meta name=\"twitter:label1\" content=\"Gesch\u00e4tzte Lesezeit\" \/>\n\t<meta name=\"twitter:data1\" content=\"2\u00a0Minuten\" \/>\n<script type=\"application\/ld+json\" class=\"yoast-schema-graph\">{\"@context\":\"https:\\\/\\\/schema.org\",\"@graph\":[{\"@type\":\"WebPage\",\"@id\":\"https:\\\/\\\/tibladin.dk\\\/produkt\\\/kropsolie-brasilia\\\/\",\"url\":\"https:\\\/\\\/tibladin.dk\\\/produkt\\\/kropsolie-brasilia\\\/\",\"name\":\"\u00d8kologisk kropsolie | Naturlige ingredienser | Tibladin\",\"isPartOf\":{\"@id\":\"https:\\\/\\\/tibladin.dk\\\/#website\"},\"primaryImageOfPage\":{\"@id\":\"https:\\\/\\\/tibladin.dk\\\/produkt\\\/kropsolie-brasilia\\\/#primaryimage\"},\"image\":{\"@id\":\"https:\\\/\\\/tibladin.dk\\\/produkt\\\/kropsolie-brasilia\\\/#primaryimage\"},\"thumbnailUrl\":\"https:\\\/\\\/tibladin.dk\\\/wp-content\\\/uploads\\\/2022\\\/09\\\/Brasilia_kropsolie-1-1.jpg\",\"datePublished\":\"2022-09-20T09:17:32+00:00\",\"dateModified\":\"2025-03-29T10:34:21+00:00\",\"description\":\"L\u00e6kker kropsolie til kroppen og ansigtet. Lavet af \u00f8kologiske ingredienser, der tilf\u00f8jer fugt og en flot gl\u00f8d til huden.\",\"breadcrumb\":{\"@id\":\"https:\\\/\\\/tibladin.dk\\\/produkt\\\/kropsolie-brasilia\\\/#breadcrumb\"},\"inLanguage\":\"de\",\"potentialAction\":[{\"@type\":\"ReadAction\",\"target\":[\"https:\\\/\\\/tibladin.dk\\\/produkt\\\/kropsolie-brasilia\\\/\"]}]},{\"@type\":\"ImageObject\",\"inLanguage\":\"de\",\"@id\":\"https:\\\/\\\/tibladin.dk\\\/produkt\\\/kropsolie-brasilia\\\/#primaryimage\",\"url\":\"https:\\\/\\\/tibladin.dk\\\/wp-content\\\/uploads\\\/2022\\\/09\\\/Brasilia_kropsolie-1-1.jpg\",\"contentUrl\":\"https:\\\/\\\/tibladin.dk\\\/wp-content\\\/uploads\\\/2022\\\/09\\\/Brasilia_kropsolie-1-1.jpg\",\"width\":800,\"height\":800,\"caption\":\"Kropsolie i brasilia varianten\"},{\"@type\":\"BreadcrumbList\",\"@id\":\"https:\\\/\\\/tibladin.dk\\\/produkt\\\/kropsolie-brasilia\\\/#breadcrumb\",\"itemListElement\":[{\"@type\":\"ListItem\",\"position\":1,\"name\":\"Hjem\",\"item\":\"https:\\\/\\\/tibladin.dk\\\/\"},{\"@type\":\"ListItem\",\"position\":2,\"name\":\"Shop\",\"item\":\"https:\\\/\\\/tibladin.dk\\\/shop\\\/\"},{\"@type\":\"ListItem\",\"position\":3,\"name\":\"Kropsolie BRASILIA\"}]},{\"@type\":\"WebSite\",\"@id\":\"https:\\\/\\\/tibladin.dk\\\/#website\",\"url\":\"https:\\\/\\\/tibladin.dk\\\/\",\"name\":\"Tibladin\",\"description\":\"Tibladin\",\"publisher\":{\"@id\":\"https:\\\/\\\/tibladin.dk\\\/#organization\"},\"potentialAction\":[{\"@type\":\"SearchAction\",\"target\":{\"@type\":\"EntryPoint\",\"urlTemplate\":\"https:\\\/\\\/tibladin.dk\\\/?s={search_term_string}\"},\"query-input\":{\"@type\":\"PropertyValueSpecification\",\"valueRequired\":true,\"valueName\":\"search_term_string\"}}],\"inLanguage\":\"de\"},{\"@type\":\"Organization\",\"@id\":\"https:\\\/\\\/tibladin.dk\\\/#organization\",\"name\":\"Tibladin\",\"url\":\"https:\\\/\\\/tibladin.dk\\\/\",\"logo\":{\"@type\":\"ImageObject\",\"inLanguage\":\"de\",\"@id\":\"https:\\\/\\\/tibladin.dk\\\/#\\\/schema\\\/logo\\\/image\\\/\",\"url\":\"https:\\\/\\\/tibladin.dk\\\/wp-content\\\/uploads\\\/2022\\\/09\\\/tibladin_logo.svg\",\"contentUrl\":\"https:\\\/\\\/tibladin.dk\\\/wp-content\\\/uploads\\\/2022\\\/09\\\/tibladin_logo.svg\",\"caption\":\"Tibladin\"},\"image\":{\"@id\":\"https:\\\/\\\/tibladin.dk\\\/#\\\/schema\\\/logo\\\/image\\\/\"}}]}<\/script>\n<!-- \/ Yoast SEO plugin. -->","yoast_head_json":{"title":"Bio-K\u00f6rper\u00f6l | Nat\u00fcrliche Inhaltsstoffe | Tibladin","description":"K\u00f6stliches K\u00f6rper\u00f6l f\u00fcr K\u00f6rper und Gesicht. Hergestellt aus Bio-Zutaten, die der Haut Feuchtigkeit und einen sch\u00f6nen Glanz verleihen.","robots":{"index":"index","follow":"follow","max-snippet":"max-snippet:-1","max-image-preview":"max-image-preview:large","max-video-preview":"max-video-preview:-1"},"canonical":"https:\/\/tibladin.dk\/de\/produkt\/brasilia-korperol\/","og_locale":"de_DE","og_type":"article","og_title":"\u00d8kologisk kropsolie | Naturlige ingredienser | Tibladin","og_description":"L\u00e6kker kropsolie til kroppen og ansigtet. Lavet af \u00f8kologiske ingredienser, der tilf\u00f8jer fugt og en flot gl\u00f8d til huden.","og_url":"https:\/\/tibladin.dk\/de\/produkt\/brasilia-korperol\/","og_site_name":"Tibladin","article_modified_time":"2025-03-29T10:34:21+00:00","og_image":[{"width":800,"height":800,"url":"https:\/\/tibladin.dk\/wp-content\/uploads\/2022\/09\/Brasilia_kropsolie-1-1.jpg","type":"image\/jpeg"}],"twitter_card":"summary_large_image","twitter_misc":{"Gesch\u00e4tzte Lesezeit":"2\u00a0Minuten"},"schema":{"@context":"https:\/\/schema.org","@graph":[{"@type":"WebPage","@id":"https:\/\/tibladin.dk\/produkt\/kropsolie-brasilia\/","url":"https:\/\/tibladin.dk\/produkt\/kropsolie-brasilia\/","name":"Bio-K\u00f6rper\u00f6l | Nat\u00fcrliche Inhaltsstoffe | Tibladin","isPartOf":{"@id":"https:\/\/tibladin.dk\/#website"},"primaryImageOfPage":{"@id":"https:\/\/tibladin.dk\/produkt\/kropsolie-brasilia\/#primaryimage"},"image":{"@id":"https:\/\/tibladin.dk\/produkt\/kropsolie-brasilia\/#primaryimage"},"thumbnailUrl":"https:\/\/tibladin.dk\/wp-content\/uploads\/2022\/09\/Brasilia_kropsolie-1-1.jpg","datePublished":"2022-09-20T09:17:32+00:00","dateModified":"2025-03-29T10:34:21+00:00","description":"K\u00f6stliches K\u00f6rper\u00f6l f\u00fcr K\u00f6rper und Gesicht. Hergestellt aus Bio-Zutaten, die der Haut Feuchtigkeit und einen sch\u00f6nen Glanz verleihen.","breadcrumb":{"@id":"https:\/\/tibladin.dk\/produkt\/kropsolie-brasilia\/#breadcrumb"},"inLanguage":"de","potentialAction":[{"@type":"ReadAction","target":["https:\/\/tibladin.dk\/produkt\/kropsolie-brasilia\/"]}]},{"@type":"ImageObject","inLanguage":"de","@id":"https:\/\/tibladin.dk\/produkt\/kropsolie-brasilia\/#primaryimage","url":"https:\/\/tibladin.dk\/wp-content\/uploads\/2022\/09\/Brasilia_kropsolie-1-1.jpg","contentUrl":"https:\/\/tibladin.dk\/wp-content\/uploads\/2022\/09\/Brasilia_kropsolie-1-1.jpg","width":800,"height":800,"caption":"Kropsolie i brasilia varianten"},{"@type":"BreadcrumbList","@id":"https:\/\/tibladin.dk\/produkt\/kropsolie-brasilia\/#breadcrumb","itemListElement":[{"@type":"ListItem","position":1,"name":"Hjem","item":"https:\/\/tibladin.dk\/"},{"@type":"ListItem","position":2,"name":"Shop","item":"https:\/\/tibladin.dk\/shop\/"},{"@type":"ListItem","position":3,"name":"Kropsolie BRASILIA"}]},{"@type":"WebSite","@id":"https:\/\/tibladin.dk\/#website","url":"https:\/\/tibladin.dk\/","name":"Tibladin","description":"Tibladin","publisher":{"@id":"https:\/\/tibladin.dk\/#organization"},"potentialAction":[{"@type":"SearchAction","target":{"@type":"EntryPoint","urlTemplate":"https:\/\/tibladin.dk\/?s={search_term_string}"},"query-input":{"@type":"PropertyValueSpecification","valueRequired":true,"valueName":"search_term_string"}}],"inLanguage":"de"},{"@type":"Organization","@id":"https:\/\/tibladin.dk\/#organization","name":"Tibladin","url":"https:\/\/tibladin.dk\/","logo":{"@type":"ImageObject","inLanguage":"de","@id":"https:\/\/tibladin.dk\/#\/schema\/logo\/image\/","url":"https:\/\/tibladin.dk\/wp-content\/uploads\/2022\/09\/tibladin_logo.svg","contentUrl":"https:\/\/tibladin.dk\/wp-content\/uploads\/2022\/09\/tibladin_logo.svg","caption":"Tibladin"},"image":{"@id":"https:\/\/tibladin.dk\/#\/schema\/logo\/image\/"}}]}},"_links":{"self":[{"href":"https:\/\/tibladin.dk\/de\/wp-json\/wp\/v2\/product\/2590","targetHints":{"allow":["GET"]}}],"collection":[{"href":"https:\/\/tibladin.dk\/de\/wp-json\/wp\/v2\/product"}],"about":[{"href":"https:\/\/tibladin.dk\/de\/wp-json\/wp\/v2\/types\/product"}],"wp:featuredmedia":[{"embeddable":true,"href":"https:\/\/tibladin.dk\/de\/wp-json\/wp\/v2\/media\/2589"}],"wp:attachment":[{"href":"https:\/\/tibladin.dk\/de\/wp-json\/wp\/v2\/media?parent=2590"}],"wp:term":[{"taxonomy":"product_brand","embeddable":true,"href":"https:\/\/tibladin.dk\/de\/wp-json\/wp\/v2\/product_brand?post=2590"},{"taxonomy":"product_cat","embeddable":true,"href":"https:\/\/tibladin.dk\/de\/wp-json\/wp\/v2\/product_cat?post=2590"},{"taxonomy":"product_tag","embeddable":true,"href":"https:\/\/tibladin.dk\/de\/wp-json\/wp\/v2\/product_tag?post=2590"}],"curies":[{"name":"wp","href":"https:\/\/api.w.org\/{rel}","templated":true}]}}