{"id":2610,"date":"2022-09-20T11:17:40","date_gmt":"2022-09-20T09:17:40","guid":{"rendered":"https:\/\/tibladin.dk\/?post_type=product&#038;p=2610"},"modified":"2024-12-09T14:25:18","modified_gmt":"2024-12-09T13:25:18","slug":"echter-seifenbernstein","status":"publish","type":"product","link":"https:\/\/tibladin.dk\/de\/produkt\/aegte-saebe-amber\/","title":{"rendered":"Echte Seife BERNSTEIN"},"content":{"rendered":"<div class=\"wpb-content-wrapper\"><div class=\"vc_row wpb_row vc_row-fluid\"><div class=\"wpb_column vc_column_container vc_col-sm-4\"><div class=\"vc_column-inner\"><div class=\"wpb_wrapper\"><\/div><\/div><\/div><div class=\"wpb_column vc_column_container vc_col-sm-4\"><div class=\"vc_column-inner\"><div class=\"wpb_wrapper\"><h3 style=\"text-align: left\" class=\"vc_custom_heading vc_do_custom_heading\" >Wartung<\/h3>\n\t<div class=\"wpb_text_column wpb_content_element\" >\n\t\t<div class=\"wpb_wrapper\">\n\t\t\t<p>Reinigen und befeuchten Sie die Haut und massieren Sie die Seife in die Haut ein. Mit Wasser reinigen. Macht die Haut seidig weich und k\u00f6stlich. Kann auf K\u00f6rper und Gesicht angewendet werden.<\/p>\n\n\t\t<\/div>\n\t<\/div>\n<\/div><\/div><\/div><div class=\"wpb_column vc_column_container vc_col-sm-4\"><div class=\"vc_column-inner\"><div class=\"wpb_wrapper\"><h3 style=\"text-align: left\" class=\"vc_custom_heading vc_do_custom_heading\" >Die Geschichte dahinter<\/h3>\n\t<div class=\"wpb_text_column wpb_content_element\" >\n\t\t<div class=\"wpb_wrapper\">\n\t\t\t<p><span style=\"font-weight: 400;\">Die k\u00f6stlichen echten Seifen stammen von der Marke L&#039;art du bain, die 2004 in Marrakesch gegr\u00fcndet wurde und seit 2016 in Nantes in Frankreich produziert wird.<\/span><\/p>\n<p><span style=\"font-weight: 400;\">Unsere echten Seifen werden aus Oliven\u00f6l und Argan\u00f6l hergestellt und sind in vier verschiedenen Duftrichtungen erh\u00e4ltlich: Argan, Eukalyptus, Geranie und Amber. Die D\u00fcfte sind sowohl frisch als auch warm und w\u00fcrzig, und Sie k\u00f6nnen w\u00e4hlen, welchen Duft Sie bevorzugen.\u00a0<\/span><\/p>\n<p><span style=\"font-weight: 400;\">Die echten Seifen kommen im Glas mit Schraubverschluss und sind einfach zu handhaben. Die Seife ist fl\u00fcssig, aber noch recht fest. Nehmen Sie einfach eine kleine Menge davon in die Hand und verteilen Sie es auf dem K\u00f6rper. Die Seife l\u00e4sst sich gut dosieren und man nimmt nicht zu viel ein, wie es bei fl\u00fcssigen Duschseifen oft der Fall ist. Sie k\u00f6nnen zum gr\u00fcndlichen Waschen auch einen Peeling-Handschuh oder einen Schwamm verwenden, die Seife kann aber auch einfach mit den H\u00e4nden aufgetragen werden.\u00a0<\/span><\/p>\n\n\t\t<\/div>\n\t<\/div>\n<\/div><\/div><\/div><\/div>\n<\/div>","protected":false},"excerpt":{"rendered":"<p><span style=\"font-weight: 400;\">K\u00f6stliche echte Seife namens Vrai Savon mit einer Basis aus Bio-Oliven\u00f6l und einem leicht parf\u00fcmierten Amber-Duft. Der Amber-Duft ist eine aromatische Mischung aus Holz, Amber, erdigen T\u00f6nen und Ambernoten. Es ist ein Duft, der die Sinne weckt und an warme Tage, w\u00fcrzige Luft und Spazierg\u00e4nge durch die Natur erinnert.\u00a0<\/span><\/p>\n<p>Enth\u00e4lt 200 ml. Der Glasbeh\u00e4lter misst 7\u00d77 cm.<\/p>\n<p><span style=\"font-weight: 400;\">Zutaten: Kaltgepresstes Bio-Oliven\u00f6l, Wasser, Kokos\u00f6l, Glycerin, nat\u00fcrliche Duftstoffe.<\/span><\/p>","protected":false},"featured_media":2608,"template":"","meta":{"inline_featured_image":false},"product_brand":[],"product_cat":[27,103,104],"product_tag":[],"class_list":{"0":"post-2610","1":"product","2":"type-product","3":"status-publish","4":"has-post-thumbnail","6":"product_cat-diverse","7":"product_cat-personlig-pleje","8":"product_cat-saeber","10":"first","11":"instock","12":"featured","13":"taxable","14":"shipping-taxable","15":"purchasable","16":"product-type-simple"},"exclude_global_add_ons":false,"addons":[{"name":"M\u00f6chten Sie eine Geschenkverpackung?","type":"checkbox","position":0,"required":false,"title_format":"label","default":"","description_enable":false,"description":"","placeholder_enable":false,"placeholder":"","display":"images","restrictions_type":"any_text","adjust_price":false,"price":"","price_type":"flat_fee","restrictions":false,"min":"0","max":"0","options":[{"label":"Ja tak","price":"10","price_type":"flat_fee","image":11015,"visibility":true}],"id":1669646111}],"yoast_head":"<!-- This site is optimized with the Yoast SEO plugin v27.4 - https:\/\/yoast.com\/product\/yoast-seo-wordpress\/ -->\n<title>\u00c6gte s\u00e6be | \u00d8kologiske ingredienser | Tibladin<\/title>\n<meta name=\"description\" content=\"\u00c6gte s\u00e6be fra Marokko med \u00f8kologiske ingredienser. Velduftende og l\u00e6kker p\u00e5 huden. Renser og bl\u00f8dg\u00f8r huden p\u00e5 kroppen og i ansigtet.\" \/>\n<meta name=\"robots\" content=\"index, follow, max-snippet:-1, max-image-preview:large, max-video-preview:-1\" \/>\n<link rel=\"canonical\" href=\"https:\/\/tibladin.dk\/de\/produkt\/echter-seifenbernstein\/\" \/>\n<meta property=\"og:locale\" content=\"de_DE\" \/>\n<meta property=\"og:type\" content=\"article\" \/>\n<meta property=\"og:title\" content=\"\u00c6gte s\u00e6be | \u00d8kologiske ingredienser | Tibladin\" \/>\n<meta property=\"og:description\" content=\"\u00c6gte s\u00e6be fra Marokko med \u00f8kologiske ingredienser. Velduftende og l\u00e6kker p\u00e5 huden. Renser og bl\u00f8dg\u00f8r huden p\u00e5 kroppen og i ansigtet.\" \/>\n<meta property=\"og:url\" content=\"https:\/\/tibladin.dk\/de\/produkt\/echter-seifenbernstein\/\" \/>\n<meta property=\"og:site_name\" content=\"Tibladin\" \/>\n<meta property=\"article:modified_time\" content=\"2024-12-09T13:25:18+00:00\" \/>\n<meta property=\"og:image\" content=\"https:\/\/tibladin.dk\/wp-content\/uploads\/2022\/09\/Vrai-Faux-Ambre_800x800-1.jpg\" \/>\n\t<meta property=\"og:image:width\" content=\"800\" \/>\n\t<meta property=\"og:image:height\" content=\"800\" \/>\n\t<meta property=\"og:image:type\" content=\"image\/jpeg\" \/>\n<meta name=\"twitter:card\" content=\"summary_large_image\" \/>\n<meta name=\"twitter:label1\" content=\"Gesch\u00e4tzte Lesezeit\" \/>\n\t<meta name=\"twitter:data1\" content=\"2\u00a0Minuten\" \/>\n<script type=\"application\/ld+json\" class=\"yoast-schema-graph\">{\"@context\":\"https:\\\/\\\/schema.org\",\"@graph\":[{\"@type\":\"WebPage\",\"@id\":\"https:\\\/\\\/tibladin.dk\\\/produkt\\\/aegte-saebe-amber\\\/\",\"url\":\"https:\\\/\\\/tibladin.dk\\\/produkt\\\/aegte-saebe-amber\\\/\",\"name\":\"\u00c6gte s\u00e6be | \u00d8kologiske ingredienser | Tibladin\",\"isPartOf\":{\"@id\":\"https:\\\/\\\/tibladin.dk\\\/#website\"},\"primaryImageOfPage\":{\"@id\":\"https:\\\/\\\/tibladin.dk\\\/produkt\\\/aegte-saebe-amber\\\/#primaryimage\"},\"image\":{\"@id\":\"https:\\\/\\\/tibladin.dk\\\/produkt\\\/aegte-saebe-amber\\\/#primaryimage\"},\"thumbnailUrl\":\"https:\\\/\\\/tibladin.dk\\\/wp-content\\\/uploads\\\/2022\\\/09\\\/Vrai-Faux-Ambre_800x800-1.jpg\",\"datePublished\":\"2022-09-20T09:17:40+00:00\",\"dateModified\":\"2024-12-09T13:25:18+00:00\",\"description\":\"\u00c6gte s\u00e6be fra Marokko med \u00f8kologiske ingredienser. Velduftende og l\u00e6kker p\u00e5 huden. Renser og bl\u00f8dg\u00f8r huden p\u00e5 kroppen og i ansigtet.\",\"breadcrumb\":{\"@id\":\"https:\\\/\\\/tibladin.dk\\\/produkt\\\/aegte-saebe-amber\\\/#breadcrumb\"},\"inLanguage\":\"de\",\"potentialAction\":[{\"@type\":\"ReadAction\",\"target\":[\"https:\\\/\\\/tibladin.dk\\\/produkt\\\/aegte-saebe-amber\\\/\"]}]},{\"@type\":\"ImageObject\",\"inLanguage\":\"de\",\"@id\":\"https:\\\/\\\/tibladin.dk\\\/produkt\\\/aegte-saebe-amber\\\/#primaryimage\",\"url\":\"https:\\\/\\\/tibladin.dk\\\/wp-content\\\/uploads\\\/2022\\\/09\\\/Vrai-Faux-Ambre_800x800-1.jpg\",\"contentUrl\":\"https:\\\/\\\/tibladin.dk\\\/wp-content\\\/uploads\\\/2022\\\/09\\\/Vrai-Faux-Ambre_800x800-1.jpg\",\"width\":800,\"height\":800,\"caption\":\"Vrai Savon s\u00e6be i ambre varianten\"},{\"@type\":\"BreadcrumbList\",\"@id\":\"https:\\\/\\\/tibladin.dk\\\/produkt\\\/aegte-saebe-amber\\\/#breadcrumb\",\"itemListElement\":[{\"@type\":\"ListItem\",\"position\":1,\"name\":\"Hjem\",\"item\":\"https:\\\/\\\/tibladin.dk\\\/\"},{\"@type\":\"ListItem\",\"position\":2,\"name\":\"Shop\",\"item\":\"https:\\\/\\\/tibladin.dk\\\/shop\\\/\"},{\"@type\":\"ListItem\",\"position\":3,\"name\":\"\u00c6gte s\u00e6be AMBER\"}]},{\"@type\":\"WebSite\",\"@id\":\"https:\\\/\\\/tibladin.dk\\\/#website\",\"url\":\"https:\\\/\\\/tibladin.dk\\\/\",\"name\":\"Tibladin\",\"description\":\"Tibladin\",\"publisher\":{\"@id\":\"https:\\\/\\\/tibladin.dk\\\/#organization\"},\"potentialAction\":[{\"@type\":\"SearchAction\",\"target\":{\"@type\":\"EntryPoint\",\"urlTemplate\":\"https:\\\/\\\/tibladin.dk\\\/?s={search_term_string}\"},\"query-input\":{\"@type\":\"PropertyValueSpecification\",\"valueRequired\":true,\"valueName\":\"search_term_string\"}}],\"inLanguage\":\"de\"},{\"@type\":\"Organization\",\"@id\":\"https:\\\/\\\/tibladin.dk\\\/#organization\",\"name\":\"Tibladin\",\"url\":\"https:\\\/\\\/tibladin.dk\\\/\",\"logo\":{\"@type\":\"ImageObject\",\"inLanguage\":\"de\",\"@id\":\"https:\\\/\\\/tibladin.dk\\\/#\\\/schema\\\/logo\\\/image\\\/\",\"url\":\"https:\\\/\\\/tibladin.dk\\\/wp-content\\\/uploads\\\/2022\\\/09\\\/tibladin_logo.svg\",\"contentUrl\":\"https:\\\/\\\/tibladin.dk\\\/wp-content\\\/uploads\\\/2022\\\/09\\\/tibladin_logo.svg\",\"caption\":\"Tibladin\"},\"image\":{\"@id\":\"https:\\\/\\\/tibladin.dk\\\/#\\\/schema\\\/logo\\\/image\\\/\"}}]}<\/script>\n<!-- \/ Yoast SEO plugin. -->","yoast_head_json":{"title":"Echte Seife | Bio-Zutaten | Tibladin","description":"Echte Seife aus Marokko mit Bio-Zutaten. Duftend und k\u00f6stlich auf der Haut. Reinigt und macht die Haut an K\u00f6rper und Gesicht weich.","robots":{"index":"index","follow":"follow","max-snippet":"max-snippet:-1","max-image-preview":"max-image-preview:large","max-video-preview":"max-video-preview:-1"},"canonical":"https:\/\/tibladin.dk\/de\/produkt\/echter-seifenbernstein\/","og_locale":"de_DE","og_type":"article","og_title":"\u00c6gte s\u00e6be | \u00d8kologiske ingredienser | Tibladin","og_description":"\u00c6gte s\u00e6be fra Marokko med \u00f8kologiske ingredienser. Velduftende og l\u00e6kker p\u00e5 huden. Renser og bl\u00f8dg\u00f8r huden p\u00e5 kroppen og i ansigtet.","og_url":"https:\/\/tibladin.dk\/de\/produkt\/echter-seifenbernstein\/","og_site_name":"Tibladin","article_modified_time":"2024-12-09T13:25:18+00:00","og_image":[{"width":800,"height":800,"url":"https:\/\/tibladin.dk\/wp-content\/uploads\/2022\/09\/Vrai-Faux-Ambre_800x800-1.jpg","type":"image\/jpeg"}],"twitter_card":"summary_large_image","twitter_misc":{"Gesch\u00e4tzte Lesezeit":"2\u00a0Minuten"},"schema":{"@context":"https:\/\/schema.org","@graph":[{"@type":"WebPage","@id":"https:\/\/tibladin.dk\/produkt\/aegte-saebe-amber\/","url":"https:\/\/tibladin.dk\/produkt\/aegte-saebe-amber\/","name":"Echte Seife | Bio-Zutaten | Tibladin","isPartOf":{"@id":"https:\/\/tibladin.dk\/#website"},"primaryImageOfPage":{"@id":"https:\/\/tibladin.dk\/produkt\/aegte-saebe-amber\/#primaryimage"},"image":{"@id":"https:\/\/tibladin.dk\/produkt\/aegte-saebe-amber\/#primaryimage"},"thumbnailUrl":"https:\/\/tibladin.dk\/wp-content\/uploads\/2022\/09\/Vrai-Faux-Ambre_800x800-1.jpg","datePublished":"2022-09-20T09:17:40+00:00","dateModified":"2024-12-09T13:25:18+00:00","description":"Echte Seife aus Marokko mit Bio-Zutaten. Duftend und k\u00f6stlich auf der Haut. Reinigt und macht die Haut an K\u00f6rper und Gesicht weich.","breadcrumb":{"@id":"https:\/\/tibladin.dk\/produkt\/aegte-saebe-amber\/#breadcrumb"},"inLanguage":"de","potentialAction":[{"@type":"ReadAction","target":["https:\/\/tibladin.dk\/produkt\/aegte-saebe-amber\/"]}]},{"@type":"ImageObject","inLanguage":"de","@id":"https:\/\/tibladin.dk\/produkt\/aegte-saebe-amber\/#primaryimage","url":"https:\/\/tibladin.dk\/wp-content\/uploads\/2022\/09\/Vrai-Faux-Ambre_800x800-1.jpg","contentUrl":"https:\/\/tibladin.dk\/wp-content\/uploads\/2022\/09\/Vrai-Faux-Ambre_800x800-1.jpg","width":800,"height":800,"caption":"Vrai Savon s\u00e6be i ambre varianten"},{"@type":"BreadcrumbList","@id":"https:\/\/tibladin.dk\/produkt\/aegte-saebe-amber\/#breadcrumb","itemListElement":[{"@type":"ListItem","position":1,"name":"Hjem","item":"https:\/\/tibladin.dk\/"},{"@type":"ListItem","position":2,"name":"Shop","item":"https:\/\/tibladin.dk\/shop\/"},{"@type":"ListItem","position":3,"name":"\u00c6gte s\u00e6be AMBER"}]},{"@type":"WebSite","@id":"https:\/\/tibladin.dk\/#website","url":"https:\/\/tibladin.dk\/","name":"Tibladin","description":"Tibladin","publisher":{"@id":"https:\/\/tibladin.dk\/#organization"},"potentialAction":[{"@type":"SearchAction","target":{"@type":"EntryPoint","urlTemplate":"https:\/\/tibladin.dk\/?s={search_term_string}"},"query-input":{"@type":"PropertyValueSpecification","valueRequired":true,"valueName":"search_term_string"}}],"inLanguage":"de"},{"@type":"Organization","@id":"https:\/\/tibladin.dk\/#organization","name":"Tibladin","url":"https:\/\/tibladin.dk\/","logo":{"@type":"ImageObject","inLanguage":"de","@id":"https:\/\/tibladin.dk\/#\/schema\/logo\/image\/","url":"https:\/\/tibladin.dk\/wp-content\/uploads\/2022\/09\/tibladin_logo.svg","contentUrl":"https:\/\/tibladin.dk\/wp-content\/uploads\/2022\/09\/tibladin_logo.svg","caption":"Tibladin"},"image":{"@id":"https:\/\/tibladin.dk\/#\/schema\/logo\/image\/"}}]}},"_links":{"self":[{"href":"https:\/\/tibladin.dk\/de\/wp-json\/wp\/v2\/product\/2610","targetHints":{"allow":["GET"]}}],"collection":[{"href":"https:\/\/tibladin.dk\/de\/wp-json\/wp\/v2\/product"}],"about":[{"href":"https:\/\/tibladin.dk\/de\/wp-json\/wp\/v2\/types\/product"}],"wp:featuredmedia":[{"embeddable":true,"href":"https:\/\/tibladin.dk\/de\/wp-json\/wp\/v2\/media\/2608"}],"wp:attachment":[{"href":"https:\/\/tibladin.dk\/de\/wp-json\/wp\/v2\/media?parent=2610"}],"wp:term":[{"taxonomy":"product_brand","embeddable":true,"href":"https:\/\/tibladin.dk\/de\/wp-json\/wp\/v2\/product_brand?post=2610"},{"taxonomy":"product_cat","embeddable":true,"href":"https:\/\/tibladin.dk\/de\/wp-json\/wp\/v2\/product_cat?post=2610"},{"taxonomy":"product_tag","embeddable":true,"href":"https:\/\/tibladin.dk\/de\/wp-json\/wp\/v2\/product_tag?post=2610"}],"curies":[{"name":"wp","href":"https:\/\/api.w.org\/{rel}","templated":true}]}}