{"id":2703,"date":"2022-09-20T11:18:29","date_gmt":"2022-09-20T09:18:29","guid":{"rendered":"https:\/\/tibladin.dk\/vare\/plakat-40x60-cm-foire-de-fez\/"},"modified":"2024-12-09T14:24:13","modified_gmt":"2024-12-09T13:24:13","slug":"poster-40x60-cm-foire-de-fez","status":"publish","type":"product","link":"https:\/\/tibladin.dk\/de\/produkt\/plakat-40x60-cm-foire-de-fez\/","title":{"rendered":"Poster 40\u00d760 cm. FEZ-MESSE"},"content":{"rendered":"<div class=\"wpb-content-wrapper\"><div class=\"vc_row wpb_row vc_row-fluid\"><div class=\"wpb_column vc_column_container vc_col-sm-4\"><div class=\"vc_column-inner\"><div class=\"wpb_wrapper\"><\/div><\/div><\/div><div class=\"wpb_column vc_column_container vc_col-sm-4\"><div class=\"vc_column-inner\"><div class=\"wpb_wrapper\"><h3 style=\"text-align: left\" class=\"vc_custom_heading vc_do_custom_heading\" >Rahmen<\/h3>\n\t<div class=\"wpb_text_column wpb_content_element\" >\n\t\t<div class=\"wpb_wrapper\">\n\t\t\t<p>Sie k\u00f6nnen w\u00e4hlen, in welchen Rahmen Sie das Poster h\u00e4ngen m\u00f6chten. Soll es ein farbiger Rahmen, Naturholz, Wei\u00df, Schwarz oder Aluminium sein, je nachdem, was zu Ihrer Einrichtung passt.<\/p>\n\n\t\t<\/div>\n\t<\/div>\n<\/div><\/div><\/div><div class=\"wpb_column vc_column_container vc_col-sm-4\"><div class=\"vc_column-inner\"><div class=\"wpb_wrapper\"><h3 style=\"text-align: left\" class=\"vc_custom_heading vc_do_custom_heading\" >So dekoriere ich meine W\u00e4nde<\/h3>\n\t<div class=\"wpb_text_column wpb_content_element\" >\n\t\t<div class=\"wpb_wrapper\">\n\t\t\t<p><span class=\"JsGRdQ\">Sollen Ihre W\u00e4nde wie ein Champagnerglas voller Romantik \u00fcbersprudeln, Exklusivit\u00e4t ausstrahlen, eine warme Atmosph\u00e4re schaffen<\/span><span class=\"JsGRdQ\">\u00a0<\/span><span class=\"JsGRdQ\">Boh\u00e8me-Flair oder etwas ganz anderes? Dies kann mit kleinen \u00c4nderungen und einigen einfachen Entscheidungen erreicht werden. Verwenden Sie Poster lokaler marokkanischer K\u00fcnstler, um Ihrem Interieur ein pers\u00f6nliches und einzigartiges Aussehen zu verleihen.<\/span><\/p>\n\n\t\t<\/div>\n\t<\/div>\n<\/div><\/div><\/div><\/div>\n<\/div>","protected":false},"excerpt":{"rendered":"<h3>Vintage-Plakatreproduktion von FOIRE DE FEZ<\/h3>\n<p>Sch\u00f6nes Plakat aus dem Jahr 1926, das auf die Keramikmesse in FEZ vom 1.-15. Mai 1926 aufmerksam macht.<\/p>\n<p>Verleiht jedem Interieur Stil und Seele und passt sowohl zum modernen als auch zum klassischen Einrichtungsstil.<\/p>","protected":false},"featured_media":2701,"template":"","meta":{"inline_featured_image":false},"product_brand":[],"product_cat":[111,113,56],"product_tag":[],"class_list":{"0":"post-2703","1":"product","2":"type-product","3":"status-publish","4":"has-post-thumbnail","6":"product_cat-plakater","7":"product_cat-plakater-40x60","8":"product_cat-vaegdekoration","10":"first","11":"instock","12":"taxable","13":"shipping-taxable","14":"purchasable","15":"product-type-simple"},"exclude_global_add_ons":false,"addons":[{"name":"M\u00f6chten Sie eine Geschenkverpackung?","type":"checkbox","position":0,"required":false,"title_format":"label","default":"","description_enable":false,"description":"","placeholder_enable":false,"placeholder":"","display":"images","restrictions_type":"any_text","adjust_price":false,"price":"","price_type":"flat_fee","restrictions":false,"min":"0","max":"0","options":[{"label":"Ja tak","price":"10","price_type":"flat_fee","image":11015,"visibility":true}],"id":1669646111}],"yoast_head":"<!-- This site is optimized with the Yoast SEO plugin v27.4 - https:\/\/yoast.com\/product\/yoast-seo-wordpress\/ -->\n<title>Marokkansk plakater | Vintage | Unik v\u00e6gdekoration<\/title>\n<meta name=\"description\" content=\"Plakater af marokkansk lokal kunstner. F\u00e5 et touch af Marokko ind i dit hjem og giv din v\u00e6gge en unik udsmykning med stemningsfulde plakater.\" \/>\n<meta name=\"robots\" content=\"index, follow, max-snippet:-1, max-image-preview:large, max-video-preview:-1\" \/>\n<link rel=\"canonical\" href=\"https:\/\/tibladin.dk\/de\/produkt\/poster-40x60-cm-foire-de-fez\/\" \/>\n<meta property=\"og:locale\" content=\"de_DE\" \/>\n<meta property=\"og:type\" content=\"article\" \/>\n<meta property=\"og:title\" content=\"Marokkansk plakater | Vintage | Unik v\u00e6gdekoration\" \/>\n<meta property=\"og:description\" content=\"Plakater af marokkansk lokal kunstner. F\u00e5 et touch af Marokko ind i dit hjem og giv din v\u00e6gge en unik udsmykning med stemningsfulde plakater.\" \/>\n<meta property=\"og:url\" content=\"https:\/\/tibladin.dk\/de\/produkt\/poster-40x60-cm-foire-de-fez\/\" \/>\n<meta property=\"og:site_name\" content=\"Tibladin\" \/>\n<meta property=\"article:modified_time\" content=\"2024-12-09T13:24:13+00:00\" \/>\n<meta property=\"og:image\" content=\"https:\/\/tibladin.dk\/wp-content\/uploads\/2022\/09\/Foire-de-fes.png\" \/>\n\t<meta property=\"og:image:width\" content=\"800\" \/>\n\t<meta property=\"og:image:height\" content=\"800\" \/>\n\t<meta property=\"og:image:type\" content=\"image\/png\" \/>\n<meta name=\"twitter:card\" content=\"summary_large_image\" \/>\n<meta name=\"twitter:label1\" content=\"Gesch\u00e4tzte Lesezeit\" \/>\n\t<meta name=\"twitter:data1\" content=\"1\u00a0Minute\" \/>\n<script type=\"application\/ld+json\" class=\"yoast-schema-graph\">{\"@context\":\"https:\\\/\\\/schema.org\",\"@graph\":[{\"@type\":\"WebPage\",\"@id\":\"https:\\\/\\\/tibladin.dk\\\/produkt\\\/plakat-40x60-cm-foire-de-fez\\\/\",\"url\":\"https:\\\/\\\/tibladin.dk\\\/produkt\\\/plakat-40x60-cm-foire-de-fez\\\/\",\"name\":\"Marokkansk plakater | Vintage | Unik v\u00e6gdekoration\",\"isPartOf\":{\"@id\":\"https:\\\/\\\/tibladin.dk\\\/#website\"},\"primaryImageOfPage\":{\"@id\":\"https:\\\/\\\/tibladin.dk\\\/produkt\\\/plakat-40x60-cm-foire-de-fez\\\/#primaryimage\"},\"image\":{\"@id\":\"https:\\\/\\\/tibladin.dk\\\/produkt\\\/plakat-40x60-cm-foire-de-fez\\\/#primaryimage\"},\"thumbnailUrl\":\"https:\\\/\\\/tibladin.dk\\\/wp-content\\\/uploads\\\/2022\\\/09\\\/Foire-de-fes.png\",\"datePublished\":\"2022-09-20T09:18:29+00:00\",\"dateModified\":\"2024-12-09T13:24:13+00:00\",\"description\":\"Plakater af marokkansk lokal kunstner. F\u00e5 et touch af Marokko ind i dit hjem og giv din v\u00e6gge en unik udsmykning med stemningsfulde plakater.\",\"breadcrumb\":{\"@id\":\"https:\\\/\\\/tibladin.dk\\\/produkt\\\/plakat-40x60-cm-foire-de-fez\\\/#breadcrumb\"},\"inLanguage\":\"de\",\"potentialAction\":[{\"@type\":\"ReadAction\",\"target\":[\"https:\\\/\\\/tibladin.dk\\\/produkt\\\/plakat-40x60-cm-foire-de-fez\\\/\"]}]},{\"@type\":\"ImageObject\",\"inLanguage\":\"de\",\"@id\":\"https:\\\/\\\/tibladin.dk\\\/produkt\\\/plakat-40x60-cm-foire-de-fez\\\/#primaryimage\",\"url\":\"https:\\\/\\\/tibladin.dk\\\/wp-content\\\/uploads\\\/2022\\\/09\\\/Foire-de-fes.png\",\"contentUrl\":\"https:\\\/\\\/tibladin.dk\\\/wp-content\\\/uploads\\\/2022\\\/09\\\/Foire-de-fes.png\",\"width\":800,\"height\":800,\"caption\":\"Marokkansk kunstv\u00e6rk af m\u00e6nd der maler p\u00e5 keramik\"},{\"@type\":\"BreadcrumbList\",\"@id\":\"https:\\\/\\\/tibladin.dk\\\/produkt\\\/plakat-40x60-cm-foire-de-fez\\\/#breadcrumb\",\"itemListElement\":[{\"@type\":\"ListItem\",\"position\":1,\"name\":\"Hjem\",\"item\":\"https:\\\/\\\/tibladin.dk\\\/\"},{\"@type\":\"ListItem\",\"position\":2,\"name\":\"Shop\",\"item\":\"https:\\\/\\\/tibladin.dk\\\/shop\\\/\"},{\"@type\":\"ListItem\",\"position\":3,\"name\":\"Plakat 40&#215;60 cm. FOIRE DE FEZ\"}]},{\"@type\":\"WebSite\",\"@id\":\"https:\\\/\\\/tibladin.dk\\\/#website\",\"url\":\"https:\\\/\\\/tibladin.dk\\\/\",\"name\":\"Tibladin\",\"description\":\"Tibladin\",\"publisher\":{\"@id\":\"https:\\\/\\\/tibladin.dk\\\/#organization\"},\"potentialAction\":[{\"@type\":\"SearchAction\",\"target\":{\"@type\":\"EntryPoint\",\"urlTemplate\":\"https:\\\/\\\/tibladin.dk\\\/?s={search_term_string}\"},\"query-input\":{\"@type\":\"PropertyValueSpecification\",\"valueRequired\":true,\"valueName\":\"search_term_string\"}}],\"inLanguage\":\"de\"},{\"@type\":\"Organization\",\"@id\":\"https:\\\/\\\/tibladin.dk\\\/#organization\",\"name\":\"Tibladin\",\"url\":\"https:\\\/\\\/tibladin.dk\\\/\",\"logo\":{\"@type\":\"ImageObject\",\"inLanguage\":\"de\",\"@id\":\"https:\\\/\\\/tibladin.dk\\\/#\\\/schema\\\/logo\\\/image\\\/\",\"url\":\"https:\\\/\\\/tibladin.dk\\\/wp-content\\\/uploads\\\/2022\\\/09\\\/tibladin_logo.svg\",\"contentUrl\":\"https:\\\/\\\/tibladin.dk\\\/wp-content\\\/uploads\\\/2022\\\/09\\\/tibladin_logo.svg\",\"caption\":\"Tibladin\"},\"image\":{\"@id\":\"https:\\\/\\\/tibladin.dk\\\/#\\\/schema\\\/logo\\\/image\\\/\"}}]}<\/script>\n<!-- \/ Yoast SEO plugin. -->","yoast_head_json":{"title":"Marokkanische Poster | Jahrgang | Einzigartige Wanddekoration","description":"Poster eines marokkanischen lokalen K\u00fcnstlers. Bringen Sie einen Hauch von Marokko in Ihr Zuhause und verleihen Sie Ihren W\u00e4nden mit stimmungsvollen Postern eine einzigartige Dekoration.","robots":{"index":"index","follow":"follow","max-snippet":"max-snippet:-1","max-image-preview":"max-image-preview:large","max-video-preview":"max-video-preview:-1"},"canonical":"https:\/\/tibladin.dk\/de\/produkt\/poster-40x60-cm-foire-de-fez\/","og_locale":"de_DE","og_type":"article","og_title":"Marokkansk plakater | Vintage | Unik v\u00e6gdekoration","og_description":"Plakater af marokkansk lokal kunstner. F\u00e5 et touch af Marokko ind i dit hjem og giv din v\u00e6gge en unik udsmykning med stemningsfulde plakater.","og_url":"https:\/\/tibladin.dk\/de\/produkt\/poster-40x60-cm-foire-de-fez\/","og_site_name":"Tibladin","article_modified_time":"2024-12-09T13:24:13+00:00","og_image":[{"width":800,"height":800,"url":"https:\/\/tibladin.dk\/wp-content\/uploads\/2022\/09\/Foire-de-fes.png","type":"image\/png"}],"twitter_card":"summary_large_image","twitter_misc":{"Gesch\u00e4tzte Lesezeit":"1\u00a0Minute"},"schema":{"@context":"https:\/\/schema.org","@graph":[{"@type":"WebPage","@id":"https:\/\/tibladin.dk\/produkt\/plakat-40x60-cm-foire-de-fez\/","url":"https:\/\/tibladin.dk\/produkt\/plakat-40x60-cm-foire-de-fez\/","name":"Marokkanische Poster | Jahrgang | Einzigartige Wanddekoration","isPartOf":{"@id":"https:\/\/tibladin.dk\/#website"},"primaryImageOfPage":{"@id":"https:\/\/tibladin.dk\/produkt\/plakat-40x60-cm-foire-de-fez\/#primaryimage"},"image":{"@id":"https:\/\/tibladin.dk\/produkt\/plakat-40x60-cm-foire-de-fez\/#primaryimage"},"thumbnailUrl":"https:\/\/tibladin.dk\/wp-content\/uploads\/2022\/09\/Foire-de-fes.png","datePublished":"2022-09-20T09:18:29+00:00","dateModified":"2024-12-09T13:24:13+00:00","description":"Poster eines marokkanischen lokalen K\u00fcnstlers. Bringen Sie einen Hauch von Marokko in Ihr Zuhause und verleihen Sie Ihren W\u00e4nden mit stimmungsvollen Postern eine einzigartige Dekoration.","breadcrumb":{"@id":"https:\/\/tibladin.dk\/produkt\/plakat-40x60-cm-foire-de-fez\/#breadcrumb"},"inLanguage":"de","potentialAction":[{"@type":"ReadAction","target":["https:\/\/tibladin.dk\/produkt\/plakat-40x60-cm-foire-de-fez\/"]}]},{"@type":"ImageObject","inLanguage":"de","@id":"https:\/\/tibladin.dk\/produkt\/plakat-40x60-cm-foire-de-fez\/#primaryimage","url":"https:\/\/tibladin.dk\/wp-content\/uploads\/2022\/09\/Foire-de-fes.png","contentUrl":"https:\/\/tibladin.dk\/wp-content\/uploads\/2022\/09\/Foire-de-fes.png","width":800,"height":800,"caption":"Marokkansk kunstv\u00e6rk af m\u00e6nd der maler p\u00e5 keramik"},{"@type":"BreadcrumbList","@id":"https:\/\/tibladin.dk\/produkt\/plakat-40x60-cm-foire-de-fez\/#breadcrumb","itemListElement":[{"@type":"ListItem","position":1,"name":"Hjem","item":"https:\/\/tibladin.dk\/"},{"@type":"ListItem","position":2,"name":"Shop","item":"https:\/\/tibladin.dk\/shop\/"},{"@type":"ListItem","position":3,"name":"Plakat 40&#215;60 cm. FOIRE DE FEZ"}]},{"@type":"WebSite","@id":"https:\/\/tibladin.dk\/#website","url":"https:\/\/tibladin.dk\/","name":"Tibladin","description":"Tibladin","publisher":{"@id":"https:\/\/tibladin.dk\/#organization"},"potentialAction":[{"@type":"SearchAction","target":{"@type":"EntryPoint","urlTemplate":"https:\/\/tibladin.dk\/?s={search_term_string}"},"query-input":{"@type":"PropertyValueSpecification","valueRequired":true,"valueName":"search_term_string"}}],"inLanguage":"de"},{"@type":"Organization","@id":"https:\/\/tibladin.dk\/#organization","name":"Tibladin","url":"https:\/\/tibladin.dk\/","logo":{"@type":"ImageObject","inLanguage":"de","@id":"https:\/\/tibladin.dk\/#\/schema\/logo\/image\/","url":"https:\/\/tibladin.dk\/wp-content\/uploads\/2022\/09\/tibladin_logo.svg","contentUrl":"https:\/\/tibladin.dk\/wp-content\/uploads\/2022\/09\/tibladin_logo.svg","caption":"Tibladin"},"image":{"@id":"https:\/\/tibladin.dk\/#\/schema\/logo\/image\/"}}]}},"_links":{"self":[{"href":"https:\/\/tibladin.dk\/de\/wp-json\/wp\/v2\/product\/2703","targetHints":{"allow":["GET"]}}],"collection":[{"href":"https:\/\/tibladin.dk\/de\/wp-json\/wp\/v2\/product"}],"about":[{"href":"https:\/\/tibladin.dk\/de\/wp-json\/wp\/v2\/types\/product"}],"wp:featuredmedia":[{"embeddable":true,"href":"https:\/\/tibladin.dk\/de\/wp-json\/wp\/v2\/media\/2701"}],"wp:attachment":[{"href":"https:\/\/tibladin.dk\/de\/wp-json\/wp\/v2\/media?parent=2703"}],"wp:term":[{"taxonomy":"product_brand","embeddable":true,"href":"https:\/\/tibladin.dk\/de\/wp-json\/wp\/v2\/product_brand?post=2703"},{"taxonomy":"product_cat","embeddable":true,"href":"https:\/\/tibladin.dk\/de\/wp-json\/wp\/v2\/product_cat?post=2703"},{"taxonomy":"product_tag","embeddable":true,"href":"https:\/\/tibladin.dk\/de\/wp-json\/wp\/v2\/product_tag?post=2703"}],"curies":[{"name":"wp","href":"https:\/\/api.w.org\/{rel}","templated":true}]}}