{"id":30387,"date":"2024-06-17T10:45:50","date_gmt":"2024-06-17T08:45:50","guid":{"rendered":"https:\/\/tibladin.dk\/?post_type=product&#038;p=30387"},"modified":"2025-12-19T14:06:07","modified_gmt":"2025-12-19T13:06:07","slug":"bio-seifen-souk","status":"publish","type":"product","link":"https:\/\/tibladin.dk\/de\/produkt\/oekologisk-saebe-ambre\/","title":{"rendered":"Bio-Seife Ambre"},"content":{"rendered":"<div class=\"wpb-content-wrapper\"><div class=\"vc_row wpb_row vc_row-fluid\"><div class=\"wpb_column vc_column_container vc_col-sm-4\"><div class=\"vc_column-inner\"><div class=\"wpb_wrapper\"><\/div><\/div><\/div><div class=\"wpb_column vc_column_container vc_col-sm-4\"><div class=\"vc_column-inner\"><div class=\"wpb_wrapper\"><h3 style=\"text-align: left\" class=\"vc_custom_heading vc_do_custom_heading\" >Wartung<\/h3>\n\t<div class=\"wpb_text_column wpb_content_element\" >\n\t\t<div class=\"wpb_wrapper\">\n\t\t\t<p>80 Gramm<span class=\"Apple-converted-space\">\u00a0<\/span><\/p>\n<p>Kann auf Gesicht, K\u00f6rper und H\u00e4nden angewendet werden und ist gut f\u00fcr empfindliche Haut.<\/p>\n\n\t\t<\/div>\n\t<\/div>\n<\/div><\/div><\/div><div class=\"wpb_column vc_column_container vc_col-sm-4\"><div class=\"vc_column-inner\"><div class=\"wpb_wrapper\"><h3 style=\"text-align: left\" class=\"vc_custom_heading vc_do_custom_heading\" >Die Geschichte dahinter<\/h3>\n\t<div class=\"wpb_text_column wpb_content_element\" >\n\t\t<div class=\"wpb_wrapper\">\n\t\t\t<p>Seifen von L&#039;art du bain, die 2004 in Marrakesch entstanden und seit 2016 im franz\u00f6sischen Nantes produziert werden.<span class=\"Apple-converted-space\">\u00a0<\/span><\/p>\n<p>Kaltger\u00fchrte Seifen aus nat\u00fcrlichen Zutaten und Apfel\u00f6len aus Marokko, einzeln von Hand geformt.<span class=\"Apple-converted-space\">\u00a0Ein festes St\u00fcck Seife ist eine gute M\u00f6glichkeit, den Plastikverbrauch im Alltag zu minimieren.<\/span><\/p>\n<p>Eine handwerkliche, sorgf\u00e4ltige Art der Seifenherstellung, die eine sehr gute Qualit\u00e4t ergibt. Die Seifen werden ausschlie\u00dflich aus nat\u00fcrlichen, erlesenen Inhaltsstoffen unter Ber\u00fccksichtigung der Umwelt hergestellt. Die Technik der Herstellung von Kaltseifen bedeutet, dass die Seifen das in ihnen enthaltene nat\u00fcrliche Glycerin und die nat\u00fcrlichen \u00d6le behalten, was zu einer feuchtigkeitsspendenderen Seife f\u00fchrt.<\/p>\n\n\t\t<\/div>\n\t<\/div>\n<\/div><\/div><\/div><\/div>\n<\/div>","protected":false},"excerpt":{"rendered":"<p>Lust auf eine Reise nach Marrakesch?<\/p>\n<p>Unsere Seife AMBRE hat einen herrlich w\u00fcrzigen Duft, der die Sinne weckt.<\/p>\n<p>8o g.<\/p>\n<p>Kann auf Gesicht, K\u00f6rper und H\u00e4nden angewendet werden.<\/p>\n<p>Zutaten: Bio-Kokos\u00f6l, Bio-Palm\u00f6l, Bio-Oliven\u00f6l, nat\u00fcrliches Glycerin, das beim Kaltr\u00fchren entsteht, Ingwerpulver und Honig.<\/p>","protected":false},"featured_media":2031,"template":"","meta":{"inline_featured_image":false},"product_brand":[],"product_cat":[27,103,104],"product_tag":[],"class_list":{"0":"post-30387","1":"product","2":"type-product","3":"status-publish","4":"has-post-thumbnail","6":"product_cat-diverse","7":"product_cat-personlig-pleje","8":"product_cat-saeber","10":"first","11":"instock","12":"taxable","13":"shipping-taxable","14":"purchasable","15":"product-type-simple"},"exclude_global_add_ons":false,"addons":[{"name":"M\u00f6chten Sie eine Geschenkverpackung?","type":"checkbox","position":0,"required":false,"title_format":"label","default":"","description_enable":false,"description":"","placeholder_enable":false,"placeholder":"","display":"images","restrictions_type":"any_text","adjust_price":false,"price":"","price_type":"flat_fee","restrictions":false,"min":"0","max":"0","options":[{"label":"Ja tak","price":"10","price_type":"flat_fee","image":11015,"visibility":true}],"id":1669646111}],"yoast_head":"<!-- This site is optimized with the Yoast SEO plugin v27.4 - https:\/\/yoast.com\/product\/yoast-seo-wordpress\/ -->\n<title>H\u00e5ndlavede marokkanske s\u00e6ber<\/title>\n<meta name=\"description\" content=\"L\u00e6kker marokkansk s\u00e6be af naturlige ingredienser som man traditionen tro bruger i Marokko og med en mild og eksklusiv duft. God til sart hud.\" \/>\n<meta name=\"robots\" content=\"index, follow, max-snippet:-1, max-image-preview:large, max-video-preview:-1\" \/>\n<link rel=\"canonical\" href=\"https:\/\/tibladin.dk\/de\/produkt\/bio-seifen-souk\/\" \/>\n<meta property=\"og:locale\" content=\"de_DE\" \/>\n<meta property=\"og:type\" content=\"article\" \/>\n<meta property=\"og:title\" content=\"H\u00e5ndlavede marokkanske s\u00e6ber\" \/>\n<meta property=\"og:description\" content=\"L\u00e6kker marokkansk s\u00e6be af naturlige ingredienser som man traditionen tro bruger i Marokko og med en mild og eksklusiv duft. God til sart hud.\" \/>\n<meta property=\"og:url\" content=\"https:\/\/tibladin.dk\/de\/produkt\/bio-seifen-souk\/\" \/>\n<meta property=\"og:site_name\" content=\"Tibladin\" \/>\n<meta property=\"article:modified_time\" content=\"2025-12-19T13:06:07+00:00\" \/>\n<meta property=\"og:image\" content=\"https:\/\/tibladin.dk\/wp-content\/uploads\/2022\/09\/Mauresque-Ambre_800x800-1.jpg\" \/>\n\t<meta property=\"og:image:width\" content=\"800\" \/>\n\t<meta property=\"og:image:height\" content=\"800\" \/>\n\t<meta property=\"og:image:type\" content=\"image\/jpeg\" \/>\n<meta name=\"twitter:card\" content=\"summary_large_image\" \/>\n<meta name=\"twitter:label1\" content=\"Gesch\u00e4tzte Lesezeit\" \/>\n\t<meta name=\"twitter:data1\" content=\"2\u00a0Minuten\" \/>\n<script type=\"application\/ld+json\" class=\"yoast-schema-graph\">{\"@context\":\"https:\\\/\\\/schema.org\",\"@graph\":[{\"@type\":\"WebPage\",\"@id\":\"https:\\\/\\\/tibladin.dk\\\/produkt\\\/oekologisk-saebe-ambre\\\/\",\"url\":\"https:\\\/\\\/tibladin.dk\\\/produkt\\\/oekologisk-saebe-ambre\\\/\",\"name\":\"H\u00e5ndlavede marokkanske s\u00e6ber\",\"isPartOf\":{\"@id\":\"https:\\\/\\\/tibladin.dk\\\/#website\"},\"primaryImageOfPage\":{\"@id\":\"https:\\\/\\\/tibladin.dk\\\/produkt\\\/oekologisk-saebe-ambre\\\/#primaryimage\"},\"image\":{\"@id\":\"https:\\\/\\\/tibladin.dk\\\/produkt\\\/oekologisk-saebe-ambre\\\/#primaryimage\"},\"thumbnailUrl\":\"https:\\\/\\\/tibladin.dk\\\/wp-content\\\/uploads\\\/2022\\\/09\\\/Mauresque-Ambre_800x800-1.jpg\",\"datePublished\":\"2024-06-17T08:45:50+00:00\",\"dateModified\":\"2025-12-19T13:06:07+00:00\",\"description\":\"L\u00e6kker marokkansk s\u00e6be af naturlige ingredienser som man traditionen tro bruger i Marokko og med en mild og eksklusiv duft. God til sart hud.\",\"breadcrumb\":{\"@id\":\"https:\\\/\\\/tibladin.dk\\\/produkt\\\/oekologisk-saebe-ambre\\\/#breadcrumb\"},\"inLanguage\":\"de\",\"potentialAction\":[{\"@type\":\"ReadAction\",\"target\":[\"https:\\\/\\\/tibladin.dk\\\/produkt\\\/oekologisk-saebe-ambre\\\/\"]}]},{\"@type\":\"ImageObject\",\"inLanguage\":\"de\",\"@id\":\"https:\\\/\\\/tibladin.dk\\\/produkt\\\/oekologisk-saebe-ambre\\\/#primaryimage\",\"url\":\"https:\\\/\\\/tibladin.dk\\\/wp-content\\\/uploads\\\/2022\\\/09\\\/Mauresque-Ambre_800x800-1.jpg\",\"contentUrl\":\"https:\\\/\\\/tibladin.dk\\\/wp-content\\\/uploads\\\/2022\\\/09\\\/Mauresque-Ambre_800x800-1.jpg\",\"width\":800,\"height\":800,\"caption\":\"L' Art du bain s\u00e6be i indpakning\"},{\"@type\":\"BreadcrumbList\",\"@id\":\"https:\\\/\\\/tibladin.dk\\\/produkt\\\/oekologisk-saebe-ambre\\\/#breadcrumb\",\"itemListElement\":[{\"@type\":\"ListItem\",\"position\":1,\"name\":\"Hjem\",\"item\":\"https:\\\/\\\/tibladin.dk\\\/\"},{\"@type\":\"ListItem\",\"position\":2,\"name\":\"Shop\",\"item\":\"https:\\\/\\\/tibladin.dk\\\/shop\\\/\"},{\"@type\":\"ListItem\",\"position\":3,\"name\":\"\u00d8kologisk s\u00e6be Ambre\"}]},{\"@type\":\"WebSite\",\"@id\":\"https:\\\/\\\/tibladin.dk\\\/#website\",\"url\":\"https:\\\/\\\/tibladin.dk\\\/\",\"name\":\"Tibladin\",\"description\":\"Tibladin\",\"publisher\":{\"@id\":\"https:\\\/\\\/tibladin.dk\\\/#organization\"},\"potentialAction\":[{\"@type\":\"SearchAction\",\"target\":{\"@type\":\"EntryPoint\",\"urlTemplate\":\"https:\\\/\\\/tibladin.dk\\\/?s={search_term_string}\"},\"query-input\":{\"@type\":\"PropertyValueSpecification\",\"valueRequired\":true,\"valueName\":\"search_term_string\"}}],\"inLanguage\":\"de\"},{\"@type\":\"Organization\",\"@id\":\"https:\\\/\\\/tibladin.dk\\\/#organization\",\"name\":\"Tibladin\",\"url\":\"https:\\\/\\\/tibladin.dk\\\/\",\"logo\":{\"@type\":\"ImageObject\",\"inLanguage\":\"de\",\"@id\":\"https:\\\/\\\/tibladin.dk\\\/#\\\/schema\\\/logo\\\/image\\\/\",\"url\":\"https:\\\/\\\/tibladin.dk\\\/wp-content\\\/uploads\\\/2022\\\/09\\\/tibladin_logo.svg\",\"contentUrl\":\"https:\\\/\\\/tibladin.dk\\\/wp-content\\\/uploads\\\/2022\\\/09\\\/tibladin_logo.svg\",\"caption\":\"Tibladin\"},\"image\":{\"@id\":\"https:\\\/\\\/tibladin.dk\\\/#\\\/schema\\\/logo\\\/image\\\/\"}}]}<\/script>\n<!-- \/ Yoast SEO plugin. -->","yoast_head_json":{"title":"Handgefertigte marokkanische Seifen","description":"K\u00f6stliche marokkanische Seife aus nat\u00fcrlichen Zutaten, die traditionell in Marokko verwendet werden, und mit einem milden und exklusiven Duft. Gut f\u00fcr empfindliche Haut.","robots":{"index":"index","follow":"follow","max-snippet":"max-snippet:-1","max-image-preview":"max-image-preview:large","max-video-preview":"max-video-preview:-1"},"canonical":"https:\/\/tibladin.dk\/de\/produkt\/bio-seifen-souk\/","og_locale":"de_DE","og_type":"article","og_title":"H\u00e5ndlavede marokkanske s\u00e6ber","og_description":"L\u00e6kker marokkansk s\u00e6be af naturlige ingredienser som man traditionen tro bruger i Marokko og med en mild og eksklusiv duft. God til sart hud.","og_url":"https:\/\/tibladin.dk\/de\/produkt\/bio-seifen-souk\/","og_site_name":"Tibladin","article_modified_time":"2025-12-19T13:06:07+00:00","og_image":[{"width":800,"height":800,"url":"https:\/\/tibladin.dk\/wp-content\/uploads\/2022\/09\/Mauresque-Ambre_800x800-1.jpg","type":"image\/jpeg"}],"twitter_card":"summary_large_image","twitter_misc":{"Gesch\u00e4tzte Lesezeit":"2\u00a0Minuten"},"schema":{"@context":"https:\/\/schema.org","@graph":[{"@type":"WebPage","@id":"https:\/\/tibladin.dk\/produkt\/oekologisk-saebe-ambre\/","url":"https:\/\/tibladin.dk\/produkt\/oekologisk-saebe-ambre\/","name":"Handgefertigte marokkanische Seifen","isPartOf":{"@id":"https:\/\/tibladin.dk\/#website"},"primaryImageOfPage":{"@id":"https:\/\/tibladin.dk\/produkt\/oekologisk-saebe-ambre\/#primaryimage"},"image":{"@id":"https:\/\/tibladin.dk\/produkt\/oekologisk-saebe-ambre\/#primaryimage"},"thumbnailUrl":"https:\/\/tibladin.dk\/wp-content\/uploads\/2022\/09\/Mauresque-Ambre_800x800-1.jpg","datePublished":"2024-06-17T08:45:50+00:00","dateModified":"2025-12-19T13:06:07+00:00","description":"K\u00f6stliche marokkanische Seife aus nat\u00fcrlichen Zutaten, die traditionell in Marokko verwendet werden, und mit einem milden und exklusiven Duft. Gut f\u00fcr empfindliche Haut.","breadcrumb":{"@id":"https:\/\/tibladin.dk\/produkt\/oekologisk-saebe-ambre\/#breadcrumb"},"inLanguage":"de","potentialAction":[{"@type":"ReadAction","target":["https:\/\/tibladin.dk\/produkt\/oekologisk-saebe-ambre\/"]}]},{"@type":"ImageObject","inLanguage":"de","@id":"https:\/\/tibladin.dk\/produkt\/oekologisk-saebe-ambre\/#primaryimage","url":"https:\/\/tibladin.dk\/wp-content\/uploads\/2022\/09\/Mauresque-Ambre_800x800-1.jpg","contentUrl":"https:\/\/tibladin.dk\/wp-content\/uploads\/2022\/09\/Mauresque-Ambre_800x800-1.jpg","width":800,"height":800,"caption":"L' Art du bain s\u00e6be i indpakning"},{"@type":"BreadcrumbList","@id":"https:\/\/tibladin.dk\/produkt\/oekologisk-saebe-ambre\/#breadcrumb","itemListElement":[{"@type":"ListItem","position":1,"name":"Hjem","item":"https:\/\/tibladin.dk\/"},{"@type":"ListItem","position":2,"name":"Shop","item":"https:\/\/tibladin.dk\/shop\/"},{"@type":"ListItem","position":3,"name":"\u00d8kologisk s\u00e6be Ambre"}]},{"@type":"WebSite","@id":"https:\/\/tibladin.dk\/#website","url":"https:\/\/tibladin.dk\/","name":"Tibladin","description":"Tibladin","publisher":{"@id":"https:\/\/tibladin.dk\/#organization"},"potentialAction":[{"@type":"SearchAction","target":{"@type":"EntryPoint","urlTemplate":"https:\/\/tibladin.dk\/?s={search_term_string}"},"query-input":{"@type":"PropertyValueSpecification","valueRequired":true,"valueName":"search_term_string"}}],"inLanguage":"de"},{"@type":"Organization","@id":"https:\/\/tibladin.dk\/#organization","name":"Tibladin","url":"https:\/\/tibladin.dk\/","logo":{"@type":"ImageObject","inLanguage":"de","@id":"https:\/\/tibladin.dk\/#\/schema\/logo\/image\/","url":"https:\/\/tibladin.dk\/wp-content\/uploads\/2022\/09\/tibladin_logo.svg","contentUrl":"https:\/\/tibladin.dk\/wp-content\/uploads\/2022\/09\/tibladin_logo.svg","caption":"Tibladin"},"image":{"@id":"https:\/\/tibladin.dk\/#\/schema\/logo\/image\/"}}]}},"_links":{"self":[{"href":"https:\/\/tibladin.dk\/de\/wp-json\/wp\/v2\/product\/30387","targetHints":{"allow":["GET"]}}],"collection":[{"href":"https:\/\/tibladin.dk\/de\/wp-json\/wp\/v2\/product"}],"about":[{"href":"https:\/\/tibladin.dk\/de\/wp-json\/wp\/v2\/types\/product"}],"wp:featuredmedia":[{"embeddable":true,"href":"https:\/\/tibladin.dk\/de\/wp-json\/wp\/v2\/media\/2031"}],"wp:attachment":[{"href":"https:\/\/tibladin.dk\/de\/wp-json\/wp\/v2\/media?parent=30387"}],"wp:term":[{"taxonomy":"product_brand","embeddable":true,"href":"https:\/\/tibladin.dk\/de\/wp-json\/wp\/v2\/product_brand?post=30387"},{"taxonomy":"product_cat","embeddable":true,"href":"https:\/\/tibladin.dk\/de\/wp-json\/wp\/v2\/product_cat?post=30387"},{"taxonomy":"product_tag","embeddable":true,"href":"https:\/\/tibladin.dk\/de\/wp-json\/wp\/v2\/product_tag?post=30387"}],"curies":[{"name":"wp","href":"https:\/\/api.w.org\/{rel}","templated":true}]}}