{"id":30496,"date":"2024-06-22T20:09:30","date_gmt":"2024-06-22T18:09:30","guid":{"rendered":"https:\/\/tibladin.dk\/?post_type=product&#038;p=30496"},"modified":"2025-12-16T10:38:49","modified_gmt":"2025-12-16T09:38:49","slug":"rustikale-tonschale-20-cm","status":"publish","type":"product","link":"https:\/\/tibladin.dk\/de\/produkt\/rustikt-lerfad-20-cm\/","title":{"rendered":"Rustikale Tonschale 20 cm."},"content":{"rendered":"<div class=\"wpb-content-wrapper\"><div class=\"vc_row wpb_row vc_row-fluid\"><div class=\"wpb_column vc_column_container vc_col-sm-4\"><div class=\"vc_column-inner\"><div class=\"wpb_wrapper\"><\/div><\/div><\/div><div class=\"wpb_column vc_column_container vc_col-sm-4\"><div class=\"vc_column-inner\"><div class=\"wpb_wrapper\"><h3 style=\"text-align: left\" class=\"vc_custom_heading vc_do_custom_heading\" >Wartung<\/h3>\n\t<div class=\"wpb_text_column wpb_content_element\" >\n\t\t<div class=\"wpb_wrapper\">\n\t\t\t<p>Bevor Sie die Sch\u00fcssel verwenden, waschen Sie sie gr\u00fcndlich und stellen Sie sie \u00fcber Nacht in ein Wasserbad. Am n\u00e4chsten Tag wird das Gericht aufgenommen und getrocknet. Wenn das Gericht vollst\u00e4ndig trocken ist, wird es mit einem Pflanzen\u00f6l (Raps- oder Sonnenblumen\u00f6l) eingerieben und ist nun gebrauchsfertig. Das Gericht ist backofen- und kochfeldfest \u2013 sowohl f\u00fcr Keramik- als auch f\u00fcr Gasbrenner.<\/p>\n\n\t\t<\/div>\n\t<\/div>\n<\/div><\/div><\/div><div class=\"wpb_column vc_column_container vc_col-sm-4\"><div class=\"vc_column-inner\"><div class=\"wpb_wrapper\"><h3 style=\"text-align: left\" class=\"vc_custom_heading vc_do_custom_heading\" >Die Geschichte dahinter<\/h3>\n\t<div class=\"wpb_text_column wpb_content_element\" >\n\t\t<div class=\"wpb_wrapper\">\n\t\t\t<p>V\u00f6llig authentische handgedrehte Tonschale. Unglasiert und roh. Unglaublich sch\u00f6n f\u00fcr verschiedene Portionen, zum Zubereiten eines leckeren Gratins oder Gambas a la Plancha (gro\u00dfer Dart sogar Garnelen in Chili und Knoblauch). Sie k\u00f6nnen das Essen direkt in der Form zubereiten.<\/p>\n<p>Passt gut zu den rohen <a href=\"https:\/\/tibladin.dk\/de\/produkt\/tajine-aus-unglasiertem-steingut-zum-kochen-2\/\">Tajine<\/a> aus Steinzeug.<\/p>\n\n\t\t<\/div>\n\t<\/div>\n<\/div><\/div><\/div><\/div>\n<\/div>","protected":false},"excerpt":{"rendered":"<p>Rustikale Schale aus unglasiertem Steingut mit 20 cm Durchmesser und 5 cm H\u00f6he. Handgedreht in den Ourika-Bergen in Marrakesch nach traditionellen handwerklichen Traditionen. Das Gericht kann zum Garen von Speisen direkt im Ofen oder auf dem Herd und dem Gasbrenner verwendet werden.<\/p>\n<p>Vor dem ersten Gebrauch die Schale \u00fcber Nacht in Wasser einweichen. Wenn es trocken ist, fetten Sie es mit etwas Speise\u00f6l ein.<\/p>\n<p>Nutzen Sie die Form zur Zubereitung von Gambas a la Plancha, Gratins oder als Servierplatte. Auch bei Nichtgebrauch eine sch\u00f6ne Dekoration f\u00fcr den Tisch.<\/p>\n<p>Das Gericht ist rustikal hergestellt und kann kleine M\u00e4ngel und Unvollkommenheiten aufweisen, und die Gr\u00f6\u00dfe kann von Gericht zu Gericht leicht variieren.<\/p>","protected":false},"featured_media":30519,"template":"","meta":{"inline_featured_image":false},"product_brand":[],"product_cat":[33,47,139],"product_tag":[],"class_list":{"0":"post-30496","1":"product","2":"type-product","3":"status-publish","4":"has-post-thumbnail","6":"product_cat-borddaekning","7":"product_cat-gaven-til-ham","8":"product_cat-marokkansk-keramik","10":"first","11":"outofstock","12":"taxable","13":"shipping-taxable","14":"purchasable","15":"product-type-simple"},"exclude_global_add_ons":false,"addons":[{"name":"M\u00f6chten Sie eine Geschenkverpackung?","type":"checkbox","position":0,"required":false,"title_format":"label","default":"","description_enable":false,"description":"","placeholder_enable":false,"placeholder":"","display":"images","restrictions_type":"any_text","adjust_price":false,"price":"","price_type":"flat_fee","restrictions":false,"min":"0","max":"0","options":[{"label":"Ja tak","price":"10","price_type":"flat_fee","image":11015,"visibility":true}],"id":1669646111}],"yoast_head":"<!-- This site is optimized with the Yoast SEO plugin v27.4 - https:\/\/yoast.com\/product\/yoast-seo-wordpress\/ -->\n<title>Marokkansk rustikt lerfad | til tilberedning og serveringer | Tibladin<\/title>\n<meta name=\"description\" content=\"Lille rustikt lerfad i uglaseret keramik som du kan lave sm\u00e5 tilberedninger i eller bruge som serveringsfad. H\u00e5nddrejet i Marokko.\" \/>\n<meta name=\"robots\" content=\"index, follow, max-snippet:-1, max-image-preview:large, max-video-preview:-1\" \/>\n<link rel=\"canonical\" href=\"https:\/\/tibladin.dk\/de\/produkt\/rustikale-tonschale-20-cm\/\" \/>\n<meta property=\"og:locale\" content=\"de_DE\" \/>\n<meta property=\"og:type\" content=\"article\" \/>\n<meta property=\"og:title\" content=\"Marokkansk rustikt lerfad | til tilberedning og serveringer | Tibladin\" \/>\n<meta property=\"og:description\" content=\"Lille rustikt lerfad i uglaseret keramik som du kan lave sm\u00e5 tilberedninger i eller bruge som serveringsfad. H\u00e5nddrejet i Marokko.\" \/>\n<meta property=\"og:url\" content=\"https:\/\/tibladin.dk\/de\/produkt\/rustikale-tonschale-20-cm\/\" \/>\n<meta property=\"og:site_name\" content=\"Tibladin\" \/>\n<meta property=\"article:modified_time\" content=\"2025-12-16T09:38:49+00:00\" \/>\n<meta property=\"og:image\" content=\"https:\/\/tibladin.dk\/wp-content\/uploads\/2024\/06\/Autentisk-lerfad_12.jpg\" \/>\n\t<meta property=\"og:image:width\" content=\"800\" \/>\n\t<meta property=\"og:image:height\" content=\"800\" \/>\n\t<meta property=\"og:image:type\" content=\"image\/jpeg\" \/>\n<meta name=\"twitter:card\" content=\"summary_large_image\" \/>\n<meta name=\"twitter:label1\" content=\"Gesch\u00e4tzte Lesezeit\" \/>\n\t<meta name=\"twitter:data1\" content=\"2\u00a0Minuten\" \/>\n<script type=\"application\/ld+json\" class=\"yoast-schema-graph\">{\"@context\":\"https:\\\/\\\/schema.org\",\"@graph\":[{\"@type\":\"WebPage\",\"@id\":\"https:\\\/\\\/tibladin.dk\\\/produkt\\\/rustikt-lerfad-20-cm\\\/\",\"url\":\"https:\\\/\\\/tibladin.dk\\\/produkt\\\/rustikt-lerfad-20-cm\\\/\",\"name\":\"Marokkansk rustikt lerfad | til tilberedning og serveringer | Tibladin\",\"isPartOf\":{\"@id\":\"https:\\\/\\\/tibladin.dk\\\/#website\"},\"primaryImageOfPage\":{\"@id\":\"https:\\\/\\\/tibladin.dk\\\/produkt\\\/rustikt-lerfad-20-cm\\\/#primaryimage\"},\"image\":{\"@id\":\"https:\\\/\\\/tibladin.dk\\\/produkt\\\/rustikt-lerfad-20-cm\\\/#primaryimage\"},\"thumbnailUrl\":\"https:\\\/\\\/tibladin.dk\\\/wp-content\\\/uploads\\\/2024\\\/06\\\/Autentisk-lerfad_12.jpg\",\"datePublished\":\"2024-06-22T18:09:30+00:00\",\"dateModified\":\"2025-12-16T09:38:49+00:00\",\"description\":\"Lille rustikt lerfad i uglaseret keramik som du kan lave sm\u00e5 tilberedninger i eller bruge som serveringsfad. H\u00e5nddrejet i Marokko.\",\"breadcrumb\":{\"@id\":\"https:\\\/\\\/tibladin.dk\\\/produkt\\\/rustikt-lerfad-20-cm\\\/#breadcrumb\"},\"inLanguage\":\"de\",\"potentialAction\":[{\"@type\":\"ReadAction\",\"target\":[\"https:\\\/\\\/tibladin.dk\\\/produkt\\\/rustikt-lerfad-20-cm\\\/\"]}]},{\"@type\":\"ImageObject\",\"inLanguage\":\"de\",\"@id\":\"https:\\\/\\\/tibladin.dk\\\/produkt\\\/rustikt-lerfad-20-cm\\\/#primaryimage\",\"url\":\"https:\\\/\\\/tibladin.dk\\\/wp-content\\\/uploads\\\/2024\\\/06\\\/Autentisk-lerfad_12.jpg\",\"contentUrl\":\"https:\\\/\\\/tibladin.dk\\\/wp-content\\\/uploads\\\/2024\\\/06\\\/Autentisk-lerfad_12.jpg\",\"width\":800,\"height\":800,\"caption\":\"rustikt lerfad 20 cm i diameter\"},{\"@type\":\"BreadcrumbList\",\"@id\":\"https:\\\/\\\/tibladin.dk\\\/produkt\\\/rustikt-lerfad-20-cm\\\/#breadcrumb\",\"itemListElement\":[{\"@type\":\"ListItem\",\"position\":1,\"name\":\"Hjem\",\"item\":\"https:\\\/\\\/tibladin.dk\\\/\"},{\"@type\":\"ListItem\",\"position\":2,\"name\":\"Shop\",\"item\":\"https:\\\/\\\/tibladin.dk\\\/shop\\\/\"},{\"@type\":\"ListItem\",\"position\":3,\"name\":\"Rustikt lerfad 20 cm.\"}]},{\"@type\":\"WebSite\",\"@id\":\"https:\\\/\\\/tibladin.dk\\\/#website\",\"url\":\"https:\\\/\\\/tibladin.dk\\\/\",\"name\":\"Tibladin\",\"description\":\"Tibladin\",\"publisher\":{\"@id\":\"https:\\\/\\\/tibladin.dk\\\/#organization\"},\"potentialAction\":[{\"@type\":\"SearchAction\",\"target\":{\"@type\":\"EntryPoint\",\"urlTemplate\":\"https:\\\/\\\/tibladin.dk\\\/?s={search_term_string}\"},\"query-input\":{\"@type\":\"PropertyValueSpecification\",\"valueRequired\":true,\"valueName\":\"search_term_string\"}}],\"inLanguage\":\"de\"},{\"@type\":\"Organization\",\"@id\":\"https:\\\/\\\/tibladin.dk\\\/#organization\",\"name\":\"Tibladin\",\"url\":\"https:\\\/\\\/tibladin.dk\\\/\",\"logo\":{\"@type\":\"ImageObject\",\"inLanguage\":\"de\",\"@id\":\"https:\\\/\\\/tibladin.dk\\\/#\\\/schema\\\/logo\\\/image\\\/\",\"url\":\"https:\\\/\\\/tibladin.dk\\\/wp-content\\\/uploads\\\/2022\\\/09\\\/tibladin_logo.svg\",\"contentUrl\":\"https:\\\/\\\/tibladin.dk\\\/wp-content\\\/uploads\\\/2022\\\/09\\\/tibladin_logo.svg\",\"caption\":\"Tibladin\"},\"image\":{\"@id\":\"https:\\\/\\\/tibladin.dk\\\/#\\\/schema\\\/logo\\\/image\\\/\"}}]}<\/script>\n<!-- \/ Yoast SEO plugin. -->","yoast_head_json":{"title":"Marokkanische rustikale Tonschale | zum Zubereiten und Servieren | Tibladin","description":"Kleine rustikale Tonschale aus unglasierter Keramik, in der Sie kleine Zubereitungen zubereiten oder als Servierschale verwenden k\u00f6nnen. Handgefertigt in Marokko.","robots":{"index":"index","follow":"follow","max-snippet":"max-snippet:-1","max-image-preview":"max-image-preview:large","max-video-preview":"max-video-preview:-1"},"canonical":"https:\/\/tibladin.dk\/de\/produkt\/rustikale-tonschale-20-cm\/","og_locale":"de_DE","og_type":"article","og_title":"Marokkansk rustikt lerfad | til tilberedning og serveringer | Tibladin","og_description":"Lille rustikt lerfad i uglaseret keramik som du kan lave sm\u00e5 tilberedninger i eller bruge som serveringsfad. H\u00e5nddrejet i Marokko.","og_url":"https:\/\/tibladin.dk\/de\/produkt\/rustikale-tonschale-20-cm\/","og_site_name":"Tibladin","article_modified_time":"2025-12-16T09:38:49+00:00","og_image":[{"width":800,"height":800,"url":"https:\/\/tibladin.dk\/wp-content\/uploads\/2024\/06\/Autentisk-lerfad_12.jpg","type":"image\/jpeg"}],"twitter_card":"summary_large_image","twitter_misc":{"Gesch\u00e4tzte Lesezeit":"2\u00a0Minuten"},"schema":{"@context":"https:\/\/schema.org","@graph":[{"@type":"WebPage","@id":"https:\/\/tibladin.dk\/produkt\/rustikt-lerfad-20-cm\/","url":"https:\/\/tibladin.dk\/produkt\/rustikt-lerfad-20-cm\/","name":"Marokkanische rustikale Tonschale | zum Zubereiten und Servieren | Tibladin","isPartOf":{"@id":"https:\/\/tibladin.dk\/#website"},"primaryImageOfPage":{"@id":"https:\/\/tibladin.dk\/produkt\/rustikt-lerfad-20-cm\/#primaryimage"},"image":{"@id":"https:\/\/tibladin.dk\/produkt\/rustikt-lerfad-20-cm\/#primaryimage"},"thumbnailUrl":"https:\/\/tibladin.dk\/wp-content\/uploads\/2024\/06\/Autentisk-lerfad_12.jpg","datePublished":"2024-06-22T18:09:30+00:00","dateModified":"2025-12-16T09:38:49+00:00","description":"Kleine rustikale Tonschale aus unglasierter Keramik, in der Sie kleine Zubereitungen zubereiten oder als Servierschale verwenden k\u00f6nnen. Handgefertigt in Marokko.","breadcrumb":{"@id":"https:\/\/tibladin.dk\/produkt\/rustikt-lerfad-20-cm\/#breadcrumb"},"inLanguage":"de","potentialAction":[{"@type":"ReadAction","target":["https:\/\/tibladin.dk\/produkt\/rustikt-lerfad-20-cm\/"]}]},{"@type":"ImageObject","inLanguage":"de","@id":"https:\/\/tibladin.dk\/produkt\/rustikt-lerfad-20-cm\/#primaryimage","url":"https:\/\/tibladin.dk\/wp-content\/uploads\/2024\/06\/Autentisk-lerfad_12.jpg","contentUrl":"https:\/\/tibladin.dk\/wp-content\/uploads\/2024\/06\/Autentisk-lerfad_12.jpg","width":800,"height":800,"caption":"rustikt lerfad 20 cm i diameter"},{"@type":"BreadcrumbList","@id":"https:\/\/tibladin.dk\/produkt\/rustikt-lerfad-20-cm\/#breadcrumb","itemListElement":[{"@type":"ListItem","position":1,"name":"Hjem","item":"https:\/\/tibladin.dk\/"},{"@type":"ListItem","position":2,"name":"Shop","item":"https:\/\/tibladin.dk\/shop\/"},{"@type":"ListItem","position":3,"name":"Rustikt lerfad 20 cm."}]},{"@type":"WebSite","@id":"https:\/\/tibladin.dk\/#website","url":"https:\/\/tibladin.dk\/","name":"Tibladin","description":"Tibladin","publisher":{"@id":"https:\/\/tibladin.dk\/#organization"},"potentialAction":[{"@type":"SearchAction","target":{"@type":"EntryPoint","urlTemplate":"https:\/\/tibladin.dk\/?s={search_term_string}"},"query-input":{"@type":"PropertyValueSpecification","valueRequired":true,"valueName":"search_term_string"}}],"inLanguage":"de"},{"@type":"Organization","@id":"https:\/\/tibladin.dk\/#organization","name":"Tibladin","url":"https:\/\/tibladin.dk\/","logo":{"@type":"ImageObject","inLanguage":"de","@id":"https:\/\/tibladin.dk\/#\/schema\/logo\/image\/","url":"https:\/\/tibladin.dk\/wp-content\/uploads\/2022\/09\/tibladin_logo.svg","contentUrl":"https:\/\/tibladin.dk\/wp-content\/uploads\/2022\/09\/tibladin_logo.svg","caption":"Tibladin"},"image":{"@id":"https:\/\/tibladin.dk\/#\/schema\/logo\/image\/"}}]}},"_links":{"self":[{"href":"https:\/\/tibladin.dk\/de\/wp-json\/wp\/v2\/product\/30496","targetHints":{"allow":["GET"]}}],"collection":[{"href":"https:\/\/tibladin.dk\/de\/wp-json\/wp\/v2\/product"}],"about":[{"href":"https:\/\/tibladin.dk\/de\/wp-json\/wp\/v2\/types\/product"}],"wp:featuredmedia":[{"embeddable":true,"href":"https:\/\/tibladin.dk\/de\/wp-json\/wp\/v2\/media\/30519"}],"wp:attachment":[{"href":"https:\/\/tibladin.dk\/de\/wp-json\/wp\/v2\/media?parent=30496"}],"wp:term":[{"taxonomy":"product_brand","embeddable":true,"href":"https:\/\/tibladin.dk\/de\/wp-json\/wp\/v2\/product_brand?post=30496"},{"taxonomy":"product_cat","embeddable":true,"href":"https:\/\/tibladin.dk\/de\/wp-json\/wp\/v2\/product_cat?post=30496"},{"taxonomy":"product_tag","embeddable":true,"href":"https:\/\/tibladin.dk\/de\/wp-json\/wp\/v2\/product_tag?post=30496"}],"curies":[{"name":"wp","href":"https:\/\/api.w.org\/{rel}","templated":true}]}}