{"id":305,"date":"2022-09-20T11:00:53","date_gmt":"2022-09-20T09:00:53","guid":{"rendered":"https:\/\/tibladin.dk\/?post_type=product&#038;p=305"},"modified":"2026-03-14T15:19:23","modified_gmt":"2026-03-14T14:19:23","slug":"schlichtes-ethno-chic-motiv","status":"publish","type":"product","link":"https:\/\/tibladin.dk\/de\/produkt\/fad-motiv-ethnic-chic\/","title":{"rendered":"Servier Platte\/ Teller - Motiv Ethno-Chic"},"content":{"rendered":"<div class=\"wpb-content-wrapper\"><div class=\"vc_row wpb_row vc_row-fluid\"><div class=\"wpb_column vc_column_container vc_col-sm-4\"><div class=\"vc_column-inner\"><div class=\"wpb_wrapper\">\n\t<div class=\"wpb_video_widget wpb_content_element vc_clearfix   vc_video-aspect-ratio-43 vc_video-el-width-100 vc_video-align-left\" >\n\t\t<div class=\"wpb_wrapper\">\n\t\t\t\n\t\t\t<div class=\"wpb_video_wrapper\"><div class=\"video-container\"><iframe loading=\"lazy\" title=\"Tibladin_produktion Steinzeug\" src=\"https:\/\/player.vimeo.com\/video\/415400643?dnt=1&amp;app_id=122963\" width=\"310\" height=\"310\" frameborder=\"0\" allow=\"autoplay; fullscreen; picture-in-picture\"><\/iframe><\/div><\/div>\n\t\t<\/div>\n\t<\/div>\n<\/div><\/div><\/div><div class=\"wpb_column vc_column_container vc_col-sm-4\"><div class=\"vc_column-inner\"><div class=\"wpb_wrapper\"><h3 style=\"text-align: left\" class=\"vc_custom_heading vc_do_custom_heading\" >Wartung<\/h3>\n\t<div class=\"wpb_text_column wpb_content_element\" >\n\t\t<div class=\"wpb_wrapper\">\n\t\t\t<p>Kann mit mildem Seifenwasser gewaschen werden \u2013 kann auch in die Sp\u00fclmaschine gegeben werden.<\/p>\n<p>Das Geschirr ist handgefertigt und es kann zu Abweichungen bei den Tassen in Farbe und Form kommen.<\/p>\n\n\t\t<\/div>\n\t<\/div>\n<\/div><\/div><\/div><div class=\"wpb_column vc_column_container vc_col-sm-4\"><div class=\"vc_column-inner\"><div class=\"wpb_wrapper\"><h3 style=\"text-align: left\" class=\"vc_custom_heading vc_do_custom_heading\" >Die Geschichte dahinter<\/h3>\n\t<div class=\"wpb_text_column wpb_content_element\" >\n\t\t<div class=\"wpb_wrapper\">\n\t\t\t<p>Eine sch\u00f6ne Tischdekoration mit einzigartigen, sch\u00f6nen Dingen kann ein gutes Gespr\u00e4chsthema mit Ihren G\u00e4sten sein. Meine Zusammenarbeit mit diesem Steinzeughersteller ist absolut au\u00dfergew\u00f6hnlich. Hier ist man darauf spezialisiert, zeitloses Steinzeug mit einem Hauch von Marokko herzustellen, genau wie ich es liebe. Es wird auch Marrakesch-Porzellan genannt. Sie liefern weltweit und an alle gro\u00dfen Hotels, Restaurants und Gesch\u00e4fte. Das Steinzeug wird bei \u00fcber 1200 Grad gebrannt, was es sehr langlebig macht. Alles, was Sie auf dieser Seite unter Steinzeug sehen, ist f\u00fcr den Einsatz im Ofen, in der Mikrowelle und in der Sp\u00fclmaschine zugelassen. Als Verbraucher k\u00f6nnen Sie sicher sein, dass alles nach internationalen Standards und Prob65 California zugelassen ist, was darauf hinweist, dass es sich um ungiftige Materialien und Glasur handelt \u2013 zugelassen, daraus essen und trinken zu d\u00fcrfen.<\/p>\n\n\t\t<\/div>\n\t<\/div>\n<\/div><\/div><\/div><\/div>\n<\/div>","protected":false},"excerpt":{"rendered":"<p>Marokkanisches Steinzeug. Schwarze l\u00e4ngliche Schale mit Ethno-Chic-Motiv.<\/p>\n<p>Sie sind in den zwei Gr\u00f6\u00dfen 10\u00d720 und 15\u00d730 cm erh\u00e4ltlich.<\/p>\n<p>Ideal als Tapas-Teller oder kleine Servierplatte. Ich verwende sie auch zur Dekoration rund ums Haus mit kleinen Stillleben-Setups mit den Dingen, die mir sehr gefallen.<\/p>\n<p>H\u00e4lt Backofen, Mikrowelle und Sp\u00fclmaschine stand.<\/p>","protected":false},"featured_media":9132,"template":"","meta":{"inline_featured_image":false},"product_brand":[],"product_cat":[33,46,43,32],"product_tag":[],"class_list":{"0":"post-305","1":"product","2":"type-product","3":"status-publish","4":"has-post-thumbnail","6":"product_cat-borddaekning","7":"product_cat-fade","8":"product_cat-stentoej","9":"product_cat-tilbud","11":"first","12":"instock","13":"sale","14":"taxable","15":"shipping-taxable","16":"purchasable","17":"product-type-variable"},"exclude_global_add_ons":false,"addons":[{"name":"M\u00f6chten Sie eine Geschenkverpackung?","type":"checkbox","position":0,"required":false,"title_format":"label","default":"","description_enable":false,"description":"","placeholder_enable":false,"placeholder":"","display":"images","restrictions_type":"any_text","adjust_price":false,"price":"","price_type":"flat_fee","restrictions":false,"min":"0","max":"0","options":[{"label":"Ja tak","price":"10","price_type":"flat_fee","image":11015,"visibility":true}],"id":1669646111}],"yoast_head":"<!-- This site is optimized with the Yoast SEO plugin v27.4 - https:\/\/yoast.com\/product\/yoast-seo-wordpress\/ -->\n<title>Fad med marokkansk m\u00f8nster | Forskellige m\u00f8nstre | Tibladin<\/title>\n<meta name=\"description\" content=\"Marokkansk stent\u00f8j. Aflange fade i tre forskellige motiver. F\u00e5es i to st\u00f8rrelser 10x20 og 15x30. Kan t\u00e5le ovn, mikroovn og opvaskemaskine.\" \/>\n<meta name=\"robots\" content=\"index, follow, max-snippet:-1, max-image-preview:large, max-video-preview:-1\" \/>\n<link rel=\"canonical\" href=\"https:\/\/tibladin.dk\/de\/produkt\/schlichtes-ethno-chic-motiv\/\" \/>\n<meta property=\"og:locale\" content=\"de_DE\" \/>\n<meta property=\"og:type\" content=\"article\" \/>\n<meta property=\"og:title\" content=\"Fad med marokkansk m\u00f8nster | Forskellige m\u00f8nstre | Tibladin\" \/>\n<meta property=\"og:description\" content=\"Marokkansk stent\u00f8j. Aflange fade i tre forskellige motiver. F\u00e5es i to st\u00f8rrelser 10x20 og 15x30. Kan t\u00e5le ovn, mikroovn og opvaskemaskine.\" \/>\n<meta property=\"og:url\" content=\"https:\/\/tibladin.dk\/de\/produkt\/schlichtes-ethno-chic-motiv\/\" \/>\n<meta property=\"og:site_name\" content=\"Tibladin\" \/>\n<meta property=\"article:modified_time\" content=\"2026-03-14T14:19:23+00:00\" \/>\n<meta property=\"og:image\" content=\"https:\/\/tibladin.dk\/wp-content\/uploads\/2022\/09\/Lifestyle-stentoej-sort-1.jpg\" \/>\n\t<meta property=\"og:image:width\" content=\"800\" \/>\n\t<meta property=\"og:image:height\" content=\"800\" \/>\n\t<meta property=\"og:image:type\" content=\"image\/jpeg\" \/>\n<meta name=\"twitter:card\" content=\"summary_large_image\" \/>\n<meta name=\"twitter:label1\" content=\"Gesch\u00e4tzte Lesezeit\" \/>\n\t<meta name=\"twitter:data1\" content=\"2\u00a0Minuten\" \/>\n<script type=\"application\/ld+json\" class=\"yoast-schema-graph\">{\"@context\":\"https:\\\/\\\/schema.org\",\"@graph\":[{\"@type\":\"WebPage\",\"@id\":\"https:\\\/\\\/tibladin.dk\\\/produkt\\\/fad-motiv-ethnic-chic\\\/\",\"url\":\"https:\\\/\\\/tibladin.dk\\\/produkt\\\/fad-motiv-ethnic-chic\\\/\",\"name\":\"Fad med marokkansk m\u00f8nster | Forskellige m\u00f8nstre | Tibladin\",\"isPartOf\":{\"@id\":\"https:\\\/\\\/tibladin.dk\\\/#website\"},\"primaryImageOfPage\":{\"@id\":\"https:\\\/\\\/tibladin.dk\\\/produkt\\\/fad-motiv-ethnic-chic\\\/#primaryimage\"},\"image\":{\"@id\":\"https:\\\/\\\/tibladin.dk\\\/produkt\\\/fad-motiv-ethnic-chic\\\/#primaryimage\"},\"thumbnailUrl\":\"https:\\\/\\\/tibladin.dk\\\/wp-content\\\/uploads\\\/2022\\\/09\\\/Lifestyle-stentoej-sort-1.jpg\",\"datePublished\":\"2022-09-20T09:00:53+00:00\",\"dateModified\":\"2026-03-14T14:19:23+00:00\",\"description\":\"Marokkansk stent\u00f8j. Aflange fade i tre forskellige motiver. F\u00e5es i to st\u00f8rrelser 10x20 og 15x30. Kan t\u00e5le ovn, mikroovn og opvaskemaskine.\",\"breadcrumb\":{\"@id\":\"https:\\\/\\\/tibladin.dk\\\/produkt\\\/fad-motiv-ethnic-chic\\\/#breadcrumb\"},\"inLanguage\":\"de\",\"potentialAction\":[{\"@type\":\"ReadAction\",\"target\":[\"https:\\\/\\\/tibladin.dk\\\/produkt\\\/fad-motiv-ethnic-chic\\\/\"]}]},{\"@type\":\"ImageObject\",\"inLanguage\":\"de\",\"@id\":\"https:\\\/\\\/tibladin.dk\\\/produkt\\\/fad-motiv-ethnic-chic\\\/#primaryimage\",\"url\":\"https:\\\/\\\/tibladin.dk\\\/wp-content\\\/uploads\\\/2022\\\/09\\\/Lifestyle-stentoej-sort-1.jpg\",\"contentUrl\":\"https:\\\/\\\/tibladin.dk\\\/wp-content\\\/uploads\\\/2022\\\/09\\\/Lifestyle-stentoej-sort-1.jpg\",\"width\":800,\"height\":800,\"caption\":\"Lifestyle stent\u00f8j sort\"},{\"@type\":\"BreadcrumbList\",\"@id\":\"https:\\\/\\\/tibladin.dk\\\/produkt\\\/fad-motiv-ethnic-chic\\\/#breadcrumb\",\"itemListElement\":[{\"@type\":\"ListItem\",\"position\":1,\"name\":\"Hjem\",\"item\":\"https:\\\/\\\/tibladin.dk\\\/\"},{\"@type\":\"ListItem\",\"position\":2,\"name\":\"Shop\",\"item\":\"https:\\\/\\\/tibladin.dk\\\/shop\\\/\"},{\"@type\":\"ListItem\",\"position\":3,\"name\":\"Fad &#8211; Motiv Ethnic chic\"}]},{\"@type\":\"WebSite\",\"@id\":\"https:\\\/\\\/tibladin.dk\\\/#website\",\"url\":\"https:\\\/\\\/tibladin.dk\\\/\",\"name\":\"Tibladin\",\"description\":\"Tibladin\",\"publisher\":{\"@id\":\"https:\\\/\\\/tibladin.dk\\\/#organization\"},\"potentialAction\":[{\"@type\":\"SearchAction\",\"target\":{\"@type\":\"EntryPoint\",\"urlTemplate\":\"https:\\\/\\\/tibladin.dk\\\/?s={search_term_string}\"},\"query-input\":{\"@type\":\"PropertyValueSpecification\",\"valueRequired\":true,\"valueName\":\"search_term_string\"}}],\"inLanguage\":\"de\"},{\"@type\":\"Organization\",\"@id\":\"https:\\\/\\\/tibladin.dk\\\/#organization\",\"name\":\"Tibladin\",\"url\":\"https:\\\/\\\/tibladin.dk\\\/\",\"logo\":{\"@type\":\"ImageObject\",\"inLanguage\":\"de\",\"@id\":\"https:\\\/\\\/tibladin.dk\\\/#\\\/schema\\\/logo\\\/image\\\/\",\"url\":\"https:\\\/\\\/tibladin.dk\\\/wp-content\\\/uploads\\\/2022\\\/09\\\/tibladin_logo.svg\",\"contentUrl\":\"https:\\\/\\\/tibladin.dk\\\/wp-content\\\/uploads\\\/2022\\\/09\\\/tibladin_logo.svg\",\"caption\":\"Tibladin\"},\"image\":{\"@id\":\"https:\\\/\\\/tibladin.dk\\\/#\\\/schema\\\/logo\\\/image\\\/\"}}]}<\/script>\n<!-- \/ Yoast SEO plugin. -->","yoast_head_json":{"title":"Gericht mit marokkanischem Muster | Verschiedene Muster | Tibladin","description":"Marokkanisches Steinzeug. L\u00e4ngliche Schalen in drei verschiedenen Motiven. Erh\u00e4ltlich in zwei Gr\u00f6\u00dfen 10x20 und 15x30. H\u00e4lt Backofen, Mikrowelle und Sp\u00fclmaschine stand.","robots":{"index":"index","follow":"follow","max-snippet":"max-snippet:-1","max-image-preview":"max-image-preview:large","max-video-preview":"max-video-preview:-1"},"canonical":"https:\/\/tibladin.dk\/de\/produkt\/schlichtes-ethno-chic-motiv\/","og_locale":"de_DE","og_type":"article","og_title":"Fad med marokkansk m\u00f8nster | Forskellige m\u00f8nstre | Tibladin","og_description":"Marokkansk stent\u00f8j. Aflange fade i tre forskellige motiver. F\u00e5es i to st\u00f8rrelser 10x20 og 15x30. Kan t\u00e5le ovn, mikroovn og opvaskemaskine.","og_url":"https:\/\/tibladin.dk\/de\/produkt\/schlichtes-ethno-chic-motiv\/","og_site_name":"Tibladin","article_modified_time":"2026-03-14T14:19:23+00:00","og_image":[{"width":800,"height":800,"url":"https:\/\/tibladin.dk\/wp-content\/uploads\/2022\/09\/Lifestyle-stentoej-sort-1.jpg","type":"image\/jpeg"}],"twitter_card":"summary_large_image","twitter_misc":{"Gesch\u00e4tzte Lesezeit":"2\u00a0Minuten"},"schema":{"@context":"https:\/\/schema.org","@graph":[{"@type":"WebPage","@id":"https:\/\/tibladin.dk\/produkt\/fad-motiv-ethnic-chic\/","url":"https:\/\/tibladin.dk\/produkt\/fad-motiv-ethnic-chic\/","name":"Gericht mit marokkanischem Muster | Verschiedene Muster | Tibladin","isPartOf":{"@id":"https:\/\/tibladin.dk\/#website"},"primaryImageOfPage":{"@id":"https:\/\/tibladin.dk\/produkt\/fad-motiv-ethnic-chic\/#primaryimage"},"image":{"@id":"https:\/\/tibladin.dk\/produkt\/fad-motiv-ethnic-chic\/#primaryimage"},"thumbnailUrl":"https:\/\/tibladin.dk\/wp-content\/uploads\/2022\/09\/Lifestyle-stentoej-sort-1.jpg","datePublished":"2022-09-20T09:00:53+00:00","dateModified":"2026-03-14T14:19:23+00:00","description":"Marokkanisches Steinzeug. L\u00e4ngliche Schalen in drei verschiedenen Motiven. Erh\u00e4ltlich in zwei Gr\u00f6\u00dfen 10x20 und 15x30. H\u00e4lt Backofen, Mikrowelle und Sp\u00fclmaschine stand.","breadcrumb":{"@id":"https:\/\/tibladin.dk\/produkt\/fad-motiv-ethnic-chic\/#breadcrumb"},"inLanguage":"de","potentialAction":[{"@type":"ReadAction","target":["https:\/\/tibladin.dk\/produkt\/fad-motiv-ethnic-chic\/"]}]},{"@type":"ImageObject","inLanguage":"de","@id":"https:\/\/tibladin.dk\/produkt\/fad-motiv-ethnic-chic\/#primaryimage","url":"https:\/\/tibladin.dk\/wp-content\/uploads\/2022\/09\/Lifestyle-stentoej-sort-1.jpg","contentUrl":"https:\/\/tibladin.dk\/wp-content\/uploads\/2022\/09\/Lifestyle-stentoej-sort-1.jpg","width":800,"height":800,"caption":"Lifestyle stent\u00f8j sort"},{"@type":"BreadcrumbList","@id":"https:\/\/tibladin.dk\/produkt\/fad-motiv-ethnic-chic\/#breadcrumb","itemListElement":[{"@type":"ListItem","position":1,"name":"Hjem","item":"https:\/\/tibladin.dk\/"},{"@type":"ListItem","position":2,"name":"Shop","item":"https:\/\/tibladin.dk\/shop\/"},{"@type":"ListItem","position":3,"name":"Fad &#8211; Motiv Ethnic chic"}]},{"@type":"WebSite","@id":"https:\/\/tibladin.dk\/#website","url":"https:\/\/tibladin.dk\/","name":"Tibladin","description":"Tibladin","publisher":{"@id":"https:\/\/tibladin.dk\/#organization"},"potentialAction":[{"@type":"SearchAction","target":{"@type":"EntryPoint","urlTemplate":"https:\/\/tibladin.dk\/?s={search_term_string}"},"query-input":{"@type":"PropertyValueSpecification","valueRequired":true,"valueName":"search_term_string"}}],"inLanguage":"de"},{"@type":"Organization","@id":"https:\/\/tibladin.dk\/#organization","name":"Tibladin","url":"https:\/\/tibladin.dk\/","logo":{"@type":"ImageObject","inLanguage":"de","@id":"https:\/\/tibladin.dk\/#\/schema\/logo\/image\/","url":"https:\/\/tibladin.dk\/wp-content\/uploads\/2022\/09\/tibladin_logo.svg","contentUrl":"https:\/\/tibladin.dk\/wp-content\/uploads\/2022\/09\/tibladin_logo.svg","caption":"Tibladin"},"image":{"@id":"https:\/\/tibladin.dk\/#\/schema\/logo\/image\/"}}]}},"_links":{"self":[{"href":"https:\/\/tibladin.dk\/de\/wp-json\/wp\/v2\/product\/305","targetHints":{"allow":["GET"]}}],"collection":[{"href":"https:\/\/tibladin.dk\/de\/wp-json\/wp\/v2\/product"}],"about":[{"href":"https:\/\/tibladin.dk\/de\/wp-json\/wp\/v2\/types\/product"}],"wp:featuredmedia":[{"embeddable":true,"href":"https:\/\/tibladin.dk\/de\/wp-json\/wp\/v2\/media\/9132"}],"wp:attachment":[{"href":"https:\/\/tibladin.dk\/de\/wp-json\/wp\/v2\/media?parent=305"}],"wp:term":[{"taxonomy":"product_brand","embeddable":true,"href":"https:\/\/tibladin.dk\/de\/wp-json\/wp\/v2\/product_brand?post=305"},{"taxonomy":"product_cat","embeddable":true,"href":"https:\/\/tibladin.dk\/de\/wp-json\/wp\/v2\/product_cat?post=305"},{"taxonomy":"product_tag","embeddable":true,"href":"https:\/\/tibladin.dk\/de\/wp-json\/wp\/v2\/product_tag?post=305"}],"curies":[{"name":"wp","href":"https:\/\/api.w.org\/{rel}","templated":true}]}}