{"id":33652,"date":"2024-12-16T16:32:17","date_gmt":"2024-12-16T15:32:17","guid":{"rendered":"https:\/\/tibladin.dk\/?post_type=product&#038;p=33652"},"modified":"2026-01-03T09:47:37","modified_gmt":"2026-01-03T08:47:37","slug":"beldi-glas-twist-transparent-6-stk","status":"publish","type":"product","link":"https:\/\/tibladin.dk\/de\/produkt\/beldi-glas-twist-transparent-6-stk\/","title":{"rendered":"Beldi Glas Twist transparent - 6 Stk."},"content":{"rendered":"<div class=\"wpb-content-wrapper\"><div class=\"vc_row wpb_row vc_row-fluid\"><div class=\"wpb_column vc_column_container vc_col-sm-4\"><div class=\"vc_column-inner\"><div class=\"wpb_wrapper\"><\/div><\/div><\/div><div class=\"wpb_column vc_column_container vc_col-sm-4\"><div class=\"vc_column-inner\"><div class=\"wpb_wrapper\"><h2 style=\"text-align: left\" class=\"vc_custom_heading vc_do_custom_heading\" >Wartung<\/h2>\n\t<div class=\"wpb_text_column wpb_content_element\" >\n\t\t<div class=\"wpb_wrapper\">\n\t\t\t<p>Mit mildem Seifenwasser waschen \u2013 kann auch in die Sp\u00fclmaschine gegeben werden.<\/p>\n\n\t\t<\/div>\n\t<\/div>\n<\/div><\/div><\/div><div class=\"wpb_column vc_column_container vc_col-sm-4\"><div class=\"vc_column-inner\"><div class=\"wpb_wrapper\"><h2 style=\"text-align: left\" class=\"vc_custom_heading vc_do_custom_heading\" >Die Geschichte dahinter<\/h2>\n\t<div class=\"wpb_text_column wpb_content_element\" >\n\t\t<div class=\"wpb_wrapper\">\n\t\t\t<p>Beldi-Glas aus Marrakesch. Alles aus recyceltem Glas, das erhitzt, mundgeblasen und geformt und schlie\u00dflich in einem K\u00fchlofen nach und nach behandelt wird. Das Glas durchl\u00e4uft einen aufwendigen handwerklichen Prozess und wird zu eleganten Designs geformt.<\/p>\n<p>Trotz der Feinheit der Brille sind sie \u00e4u\u00dferst widerstandsf\u00e4hig und k\u00f6nnen in allen Alltagssituationen eingesetzt werden. Sie passen in die Sp\u00fclmaschine und halten sogar moderaten Temperaturen im Backofen stand. Die gr\u00fcne Reflexion kommt vom recycelten Glas.<\/p>\n\n\t\t<\/div>\n\t<\/div>\n<\/div><\/div><\/div><\/div>\n<\/div>","protected":false},"excerpt":{"rendered":"<p>Mundgeblasenes Beldi Trinkglas in TWIST in transparent. Die Gl\u00e4ser sind in 2 Gr\u00f6\u00dfen erh\u00e4ltlich: L: 30 cl und S: 18 cl.<\/p>\n<p>Wundersch\u00f6ne Wassergl\u00e4ser, die jede Tischdekoration schm\u00fccken. Der ger\u00e4ndelte Rand an der Oberseite sorgt f\u00fcr ein taktiles Gef\u00fchl beim Trinken und liegt angenehm auf den Lippen.<\/p>\n<p>Diese gedrehte Variante des Beldi-Glases kombiniert ein einzigartiges Design in Form des Wellenmusters mit der traditionellen marokkanischen Handwerkskunst, die dem Mundblasen dieser ikonischen und zeitlosen Gl\u00e4ser zugrunde liegt.<\/p>\n<p>Da die Gl\u00e4ser mundgeblasen sind, kann es zu kleinen Luftblasen und Rissen im Glas kommen, ebenso wie nicht alle Gl\u00e4ser gleich sind.<\/p>\n<p>Der Preis gilt f\u00fcr 6 St\u00fcck.<\/p>","protected":false},"featured_media":33665,"template":"","meta":{"inline_featured_image":false},"product_brand":[],"product_cat":[34,33,126,45],"product_tag":[],"class_list":{"0":"post-33652","1":"product","2":"type-product","3":"status-publish","4":"has-post-thumbnail","6":"product_cat-beldiglas","7":"product_cat-borddaekning","8":"product_cat-glas","9":"product_cat-vaert-vaertindegaver","11":"first","12":"instock","13":"taxable","14":"shipping-taxable","15":"purchasable","16":"product-type-variable"},"exclude_global_add_ons":false,"addons":[{"name":"M\u00f6chten Sie eine Geschenkverpackung?","type":"checkbox","position":0,"required":false,"title_format":"label","default":"","description_enable":false,"description":"","placeholder_enable":false,"placeholder":"","display":"images","restrictions_type":"any_text","adjust_price":false,"price":"","price_type":"flat_fee","restrictions":false,"min":"0","max":"0","options":[{"label":"Ja tak","price":"10","price_type":"flat_fee","image":11015,"visibility":true}],"id":1669646111}],"yoast_head":"<!-- This site is optimized with the Yoast SEO plugin v27.5 - https:\/\/yoast.com\/product\/yoast-seo-wordpress\/ -->\n<title>Marokkanske beldi glas i Twist | Mundbl\u00e6st genbrugsglas | Tibladin<\/title>\n<meta name=\"description\" content=\"Marokkansk mundbl\u00e6st beldi glas i twist lavet af gr\u00f8nt genbrugsglas. Passer flot sammen med vores andre glas og glaskander i samme serie \u21d2 k\u00f8b her.\" \/>\n<meta name=\"robots\" content=\"index, follow, max-snippet:-1, max-image-preview:large, max-video-preview:-1\" \/>\n<link rel=\"canonical\" href=\"https:\/\/tibladin.dk\/de\/produkt\/beldi-glas-twist-transparent-6-stk\/\" \/>\n<meta property=\"og:locale\" content=\"de_DE\" \/>\n<meta property=\"og:type\" content=\"article\" \/>\n<meta property=\"og:title\" content=\"Marokkanske beldi glas i Twist | Mundbl\u00e6st genbrugsglas | Tibladin\" \/>\n<meta property=\"og:description\" content=\"Marokkansk mundbl\u00e6st beldi glas i twist lavet af gr\u00f8nt genbrugsglas. Passer flot sammen med vores andre glas og glaskander i samme serie \u21d2 k\u00f8b her.\" \/>\n<meta property=\"og:url\" content=\"https:\/\/tibladin.dk\/de\/produkt\/beldi-glas-twist-transparent-6-stk\/\" \/>\n<meta property=\"og:site_name\" content=\"Tibladin\" \/>\n<meta property=\"article:modified_time\" content=\"2026-01-03T08:47:37+00:00\" \/>\n<meta property=\"og:image\" content=\"https:\/\/tibladin.dk\/wp-content\/uploads\/2024\/12\/marokkanske-beldi-glas_TWIST_transparent_LS_18cl.jpg\" \/>\n\t<meta property=\"og:image:width\" content=\"800\" \/>\n\t<meta property=\"og:image:height\" content=\"800\" \/>\n\t<meta property=\"og:image:type\" content=\"image\/jpeg\" \/>\n<meta name=\"twitter:card\" content=\"summary_large_image\" \/>\n<meta name=\"twitter:label1\" content=\"Gesch\u00e4tzte Lesezeit\" \/>\n\t<meta name=\"twitter:data1\" content=\"2\u00a0Minuten\" \/>\n<script type=\"application\/ld+json\" class=\"yoast-schema-graph\">{\"@context\":\"https:\\\/\\\/schema.org\",\"@graph\":[{\"@type\":\"WebPage\",\"@id\":\"https:\\\/\\\/tibladin.dk\\\/produkt\\\/beldi-glas-twist-transparent-6-stk\\\/\",\"url\":\"https:\\\/\\\/tibladin.dk\\\/produkt\\\/beldi-glas-twist-transparent-6-stk\\\/\",\"name\":\"Marokkanske beldi glas i Twist | Mundbl\u00e6st genbrugsglas | Tibladin\",\"isPartOf\":{\"@id\":\"https:\\\/\\\/tibladin.dk\\\/#website\"},\"primaryImageOfPage\":{\"@id\":\"https:\\\/\\\/tibladin.dk\\\/produkt\\\/beldi-glas-twist-transparent-6-stk\\\/#primaryimage\"},\"image\":{\"@id\":\"https:\\\/\\\/tibladin.dk\\\/produkt\\\/beldi-glas-twist-transparent-6-stk\\\/#primaryimage\"},\"thumbnailUrl\":\"https:\\\/\\\/tibladin.dk\\\/wp-content\\\/uploads\\\/2024\\\/12\\\/marokkanske-beldi-glas_TWIST_transparent_LS_18cl.jpg\",\"datePublished\":\"2024-12-16T15:32:17+00:00\",\"dateModified\":\"2026-01-03T08:47:37+00:00\",\"description\":\"Marokkansk mundbl\u00e6st beldi glas i twist lavet af gr\u00f8nt genbrugsglas. Passer flot sammen med vores andre glas og glaskander i samme serie \u21d2 k\u00f8b her.\",\"breadcrumb\":{\"@id\":\"https:\\\/\\\/tibladin.dk\\\/produkt\\\/beldi-glas-twist-transparent-6-stk\\\/#breadcrumb\"},\"inLanguage\":\"de\",\"potentialAction\":[{\"@type\":\"ReadAction\",\"target\":[\"https:\\\/\\\/tibladin.dk\\\/produkt\\\/beldi-glas-twist-transparent-6-stk\\\/\"]}]},{\"@type\":\"ImageObject\",\"inLanguage\":\"de\",\"@id\":\"https:\\\/\\\/tibladin.dk\\\/produkt\\\/beldi-glas-twist-transparent-6-stk\\\/#primaryimage\",\"url\":\"https:\\\/\\\/tibladin.dk\\\/wp-content\\\/uploads\\\/2024\\\/12\\\/marokkanske-beldi-glas_TWIST_transparent_LS_18cl.jpg\",\"contentUrl\":\"https:\\\/\\\/tibladin.dk\\\/wp-content\\\/uploads\\\/2024\\\/12\\\/marokkanske-beldi-glas_TWIST_transparent_LS_18cl.jpg\",\"width\":800,\"height\":800,\"caption\":\"marokkanske beldi glas reansparent twist 18 cl\"},{\"@type\":\"BreadcrumbList\",\"@id\":\"https:\\\/\\\/tibladin.dk\\\/produkt\\\/beldi-glas-twist-transparent-6-stk\\\/#breadcrumb\",\"itemListElement\":[{\"@type\":\"ListItem\",\"position\":1,\"name\":\"Hjem\",\"item\":\"https:\\\/\\\/tibladin.dk\\\/\"},{\"@type\":\"ListItem\",\"position\":2,\"name\":\"Shop\",\"item\":\"https:\\\/\\\/tibladin.dk\\\/shop\\\/\"},{\"@type\":\"ListItem\",\"position\":3,\"name\":\"Beldi glas Twist transparent &#8211; 6 stk.\"}]},{\"@type\":\"WebSite\",\"@id\":\"https:\\\/\\\/tibladin.dk\\\/#website\",\"url\":\"https:\\\/\\\/tibladin.dk\\\/\",\"name\":\"Tibladin\",\"description\":\"Tibladin\",\"publisher\":{\"@id\":\"https:\\\/\\\/tibladin.dk\\\/#organization\"},\"potentialAction\":[{\"@type\":\"SearchAction\",\"target\":{\"@type\":\"EntryPoint\",\"urlTemplate\":\"https:\\\/\\\/tibladin.dk\\\/?s={search_term_string}\"},\"query-input\":{\"@type\":\"PropertyValueSpecification\",\"valueRequired\":true,\"valueName\":\"search_term_string\"}}],\"inLanguage\":\"de\"},{\"@type\":\"Organization\",\"@id\":\"https:\\\/\\\/tibladin.dk\\\/#organization\",\"name\":\"Tibladin\",\"url\":\"https:\\\/\\\/tibladin.dk\\\/\",\"logo\":{\"@type\":\"ImageObject\",\"inLanguage\":\"de\",\"@id\":\"https:\\\/\\\/tibladin.dk\\\/#\\\/schema\\\/logo\\\/image\\\/\",\"url\":\"https:\\\/\\\/tibladin.dk\\\/wp-content\\\/uploads\\\/2022\\\/09\\\/tibladin_logo.svg\",\"contentUrl\":\"https:\\\/\\\/tibladin.dk\\\/wp-content\\\/uploads\\\/2022\\\/09\\\/tibladin_logo.svg\",\"caption\":\"Tibladin\"},\"image\":{\"@id\":\"https:\\\/\\\/tibladin.dk\\\/#\\\/schema\\\/logo\\\/image\\\/\"}}]}<\/script>\n<!-- \/ Yoast SEO plugin. -->","yoast_head_json":{"title":"Marokkanisches Beldi-Glas in Twist | Mundgeblasenes Recyclingglas | Tibladin","description":"Marokkanisches mundgeblasenes Beldi-Glas in einer Wendung aus gr\u00fcnem Recyclingglas. Passt gut zu unseren anderen Gl\u00e4sern und Glaskr\u00fcgen der gleichen Serie \u21d2 hier kaufen.","robots":{"index":"index","follow":"follow","max-snippet":"max-snippet:-1","max-image-preview":"max-image-preview:large","max-video-preview":"max-video-preview:-1"},"canonical":"https:\/\/tibladin.dk\/de\/produkt\/beldi-glas-twist-transparent-6-stk\/","og_locale":"de_DE","og_type":"article","og_title":"Marokkanske beldi glas i Twist | Mundbl\u00e6st genbrugsglas | Tibladin","og_description":"Marokkansk mundbl\u00e6st beldi glas i twist lavet af gr\u00f8nt genbrugsglas. Passer flot sammen med vores andre glas og glaskander i samme serie \u21d2 k\u00f8b her.","og_url":"https:\/\/tibladin.dk\/de\/produkt\/beldi-glas-twist-transparent-6-stk\/","og_site_name":"Tibladin","article_modified_time":"2026-01-03T08:47:37+00:00","og_image":[{"width":800,"height":800,"url":"https:\/\/tibladin.dk\/wp-content\/uploads\/2024\/12\/marokkanske-beldi-glas_TWIST_transparent_LS_18cl.jpg","type":"image\/jpeg"}],"twitter_card":"summary_large_image","twitter_misc":{"Gesch\u00e4tzte Lesezeit":"2\u00a0Minuten"},"schema":{"@context":"https:\/\/schema.org","@graph":[{"@type":"WebPage","@id":"https:\/\/tibladin.dk\/produkt\/beldi-glas-twist-transparent-6-stk\/","url":"https:\/\/tibladin.dk\/produkt\/beldi-glas-twist-transparent-6-stk\/","name":"Marokkanisches Beldi-Glas in Twist | Mundgeblasenes Recyclingglas | Tibladin","isPartOf":{"@id":"https:\/\/tibladin.dk\/#website"},"primaryImageOfPage":{"@id":"https:\/\/tibladin.dk\/produkt\/beldi-glas-twist-transparent-6-stk\/#primaryimage"},"image":{"@id":"https:\/\/tibladin.dk\/produkt\/beldi-glas-twist-transparent-6-stk\/#primaryimage"},"thumbnailUrl":"https:\/\/tibladin.dk\/wp-content\/uploads\/2024\/12\/marokkanske-beldi-glas_TWIST_transparent_LS_18cl.jpg","datePublished":"2024-12-16T15:32:17+00:00","dateModified":"2026-01-03T08:47:37+00:00","description":"Marokkanisches mundgeblasenes Beldi-Glas in einer Wendung aus gr\u00fcnem Recyclingglas. Passt gut zu unseren anderen Gl\u00e4sern und Glaskr\u00fcgen der gleichen Serie \u21d2 hier kaufen.","breadcrumb":{"@id":"https:\/\/tibladin.dk\/produkt\/beldi-glas-twist-transparent-6-stk\/#breadcrumb"},"inLanguage":"de","potentialAction":[{"@type":"ReadAction","target":["https:\/\/tibladin.dk\/produkt\/beldi-glas-twist-transparent-6-stk\/"]}]},{"@type":"ImageObject","inLanguage":"de","@id":"https:\/\/tibladin.dk\/produkt\/beldi-glas-twist-transparent-6-stk\/#primaryimage","url":"https:\/\/tibladin.dk\/wp-content\/uploads\/2024\/12\/marokkanske-beldi-glas_TWIST_transparent_LS_18cl.jpg","contentUrl":"https:\/\/tibladin.dk\/wp-content\/uploads\/2024\/12\/marokkanske-beldi-glas_TWIST_transparent_LS_18cl.jpg","width":800,"height":800,"caption":"marokkanske beldi glas reansparent twist 18 cl"},{"@type":"BreadcrumbList","@id":"https:\/\/tibladin.dk\/produkt\/beldi-glas-twist-transparent-6-stk\/#breadcrumb","itemListElement":[{"@type":"ListItem","position":1,"name":"Hjem","item":"https:\/\/tibladin.dk\/"},{"@type":"ListItem","position":2,"name":"Shop","item":"https:\/\/tibladin.dk\/shop\/"},{"@type":"ListItem","position":3,"name":"Beldi glas Twist transparent &#8211; 6 stk."}]},{"@type":"WebSite","@id":"https:\/\/tibladin.dk\/#website","url":"https:\/\/tibladin.dk\/","name":"Tibladin","description":"Tibladin","publisher":{"@id":"https:\/\/tibladin.dk\/#organization"},"potentialAction":[{"@type":"SearchAction","target":{"@type":"EntryPoint","urlTemplate":"https:\/\/tibladin.dk\/?s={search_term_string}"},"query-input":{"@type":"PropertyValueSpecification","valueRequired":true,"valueName":"search_term_string"}}],"inLanguage":"de"},{"@type":"Organization","@id":"https:\/\/tibladin.dk\/#organization","name":"Tibladin","url":"https:\/\/tibladin.dk\/","logo":{"@type":"ImageObject","inLanguage":"de","@id":"https:\/\/tibladin.dk\/#\/schema\/logo\/image\/","url":"https:\/\/tibladin.dk\/wp-content\/uploads\/2022\/09\/tibladin_logo.svg","contentUrl":"https:\/\/tibladin.dk\/wp-content\/uploads\/2022\/09\/tibladin_logo.svg","caption":"Tibladin"},"image":{"@id":"https:\/\/tibladin.dk\/#\/schema\/logo\/image\/"}}]}},"_links":{"self":[{"href":"https:\/\/tibladin.dk\/de\/wp-json\/wp\/v2\/product\/33652","targetHints":{"allow":["GET"]}}],"collection":[{"href":"https:\/\/tibladin.dk\/de\/wp-json\/wp\/v2\/product"}],"about":[{"href":"https:\/\/tibladin.dk\/de\/wp-json\/wp\/v2\/types\/product"}],"wp:featuredmedia":[{"embeddable":true,"href":"https:\/\/tibladin.dk\/de\/wp-json\/wp\/v2\/media\/33665"}],"wp:attachment":[{"href":"https:\/\/tibladin.dk\/de\/wp-json\/wp\/v2\/media?parent=33652"}],"wp:term":[{"taxonomy":"product_brand","embeddable":true,"href":"https:\/\/tibladin.dk\/de\/wp-json\/wp\/v2\/product_brand?post=33652"},{"taxonomy":"product_cat","embeddable":true,"href":"https:\/\/tibladin.dk\/de\/wp-json\/wp\/v2\/product_cat?post=33652"},{"taxonomy":"product_tag","embeddable":true,"href":"https:\/\/tibladin.dk\/de\/wp-json\/wp\/v2\/product_tag?post=33652"}],"curies":[{"name":"wp","href":"https:\/\/api.w.org\/{rel}","templated":true}]}}