{"id":35715,"date":"2025-03-25T16:49:57","date_gmt":"2025-03-25T15:49:57","guid":{"rendered":"https:\/\/tibladin.dk\/?post_type=product&#038;p=35715"},"modified":"2026-03-06T21:01:09","modified_gmt":"2026-03-06T20:01:09","slug":"perlmuttring-in-silber-raffiniert","status":"publish","type":"product","link":"https:\/\/tibladin.dk\/de\/produkt\/perlemorsring-i-soelv-sophisticate\/","title":{"rendered":"Perlmuttring in Silber \u2013 edel"},"content":{"rendered":"<div class=\"wpb-content-wrapper\"><div class=\"vc_row wpb_row vc_row-fluid\"><div class=\"wpb_column vc_column_container vc_col-sm-4\"><div class=\"vc_column-inner\"><div class=\"wpb_wrapper\"><\/div><\/div><\/div><div class=\"wpb_column vc_column_container vc_col-sm-4\"><div class=\"vc_column-inner\"><div class=\"wpb_wrapper\"><h3 style=\"text-align: left\" class=\"vc_custom_heading vc_do_custom_heading\" >Wartung<\/h3>\n\t<div class=\"wpb_text_column wpb_content_element\" >\n\t\t<div class=\"wpb_wrapper\">\n\t\t\t<p>Silber wird mit der Zeit anlaufen und dunkler. Dies ist ein v\u00f6llig nat\u00fcrlicher Prozess, der entsteht, wenn Silber mit Sauerstoff, S\u00e4ure und Schwei\u00df aus dem K\u00f6rper in Kontakt kommt. Sie k\u00f6nnen Ihren Silberschmuck ganz einfach wieder auf Vordermann bringen. Legen Sie sie in eine kleine Sch\u00fcssel mit milder Seife und Wasser und reiben Sie sie vorsichtig mit einem weichen Baumwolltuch ab. Sie k\u00f6nnen auch speziellen Silberreiniger f\u00fcr Schmuck kaufen, den Sie mit einem Baumwolltuch sanft in den Silberschmuck einreiben und leicht reiben, bis er wieder gl\u00e4nzt.<\/p>\n\n\t\t<\/div>\n\t<\/div>\n<\/div><\/div><\/div><div class=\"wpb_column vc_column_container vc_col-sm-4\"><div class=\"vc_column-inner\"><div class=\"wpb_wrapper\"><h3 style=\"text-align: left\" class=\"vc_custom_heading vc_do_custom_heading\" >Die Geschichte dahinter<\/h3>\n\t<div class=\"wpb_text_column wpb_content_element\" >\n\t\t<div class=\"wpb_wrapper\">\n\t\t\t<p><span style=\"font-weight: 400;\">Tiznit ist eine kleine Stadt in der Region Souss-Massa an der Westk\u00fcste Marokkos. Traditioneller marokkanischer Amazigh\/Berber-Schmuck wird mit Tiznit in Verbindung gebracht, da diese Stadt f\u00fcr ihre jahrelange Handwerkskunst mit hochwertigem, traditionellem Silberschmuck bekannt ist, der von erfahrenen Kunsthandwerkern handgefertigt wird. Jedes Schmuckst\u00fcck ist das Ergebnis hingebungsvoller Handwerkskunst und jedes erz\u00e4hlt eine Geschichte, die die kreative und sch\u00f6ne Handwerkskunst der Sch\u00f6pfer symbolisiert. Der Schmuck repr\u00e4sentiert nicht nur das kulturelle Erbe der Stadt, sondern das gesamte kulturelle Erbe Marokkos sowie die \u00fcber Generationen weitergegebenen Traditionen der Berber.\u00a0<\/span><\/p>\n<p><span style=\"font-weight: 400;\"><br \/>\n<\/span><b>Erz\u00e4hlen Sie Ihre Geschichte durch Schmuck<\/b><\/p>\n<p><span style=\"font-weight: 400;\">Ein Schmuckst\u00fcck kann viele Erinnerungen bewahren und Ihre pers\u00f6nliche Geschichte erz\u00e4hlen, denn Sie nehmen den Schmuck mit auf Ihre eigene Reise und schaffen sch\u00f6ne, unvergessliche Erlebnisse. Wenn Tibladin in der marokkanischen Stadt Tiznit, deren Herz f\u00fcr Schmuck schl\u00e4gt, auf Schmucksuche geht,<\/span><\/p>\n<p><span style=\"font-weight: 400;\">Wir w\u00e4hlen Schmuckst\u00fccke aus, die stilistisch variieren und auf ihre eigene charmante Art das klassische, historische Design, das die Berber bevorzugen, mit Eleganz und Zeitlosigkeit verbinden.\u00a0<\/span><\/p>\n<p><br style=\"font-weight: 400;\" \/><\/p>\n\n\t\t<\/div>\n\t<\/div>\n<\/div><\/div><\/div><\/div>\n<\/div>","protected":false},"excerpt":{"rendered":"<p>Marokkanischer Ring aus Silber mit einem wundersch\u00f6nen geometrischen Muster aus Perlmutt. Der Ring wird in der Stadt des Schmucks handgefertigt, n\u00e4mlich in einem kleinen Dorf namens Tiznit in Marokko, wo ein erfahrener Handwerker diese einzigartige Kreation entworfen hat.<\/p>\n<p>Das wundersch\u00f6ne echte Perlmutt schimmert brillant im Licht und hat tiefe Blau-, Gr\u00fcn- und Lilat\u00f6ne.<\/p>\n<p>Der Ring hat die Gr\u00f6\u00dfe 52.<\/p>","protected":false},"featured_media":35706,"template":"","meta":{"inline_featured_image":false},"product_brand":[],"product_cat":[165,162],"product_tag":[],"class_list":{"0":"post-35715","1":"product","2":"type-product","3":"status-publish","4":"has-post-thumbnail","6":"product_cat-ringe","7":"product_cat-smykker","9":"first","10":"outofstock","11":"taxable","12":"shipping-taxable","13":"purchasable","14":"product-type-simple"},"exclude_global_add_ons":[],"addons":[],"yoast_head":"<!-- This site is optimized with the Yoast SEO plugin v27.4 - https:\/\/yoast.com\/product\/yoast-seo-wordpress\/ -->\n<title>Perlemorsring i s\u00f8lv | Stort udvalg af h\u00e5ndlavet unika hos Tibladin<\/title>\n<meta name=\"description\" content=\"Smuk perlemorsring i s\u00f8lv h\u00e5ndlavet i Tiznit. Helt unikke kreationer til dig, der elsker at have autentiske smykker med en historie.\" \/>\n<meta name=\"robots\" content=\"index, follow, max-snippet:-1, max-image-preview:large, max-video-preview:-1\" \/>\n<link rel=\"canonical\" href=\"https:\/\/tibladin.dk\/de\/produkt\/perlmuttring-in-silber-raffiniert\/\" \/>\n<meta property=\"og:locale\" content=\"de_DE\" \/>\n<meta property=\"og:type\" content=\"article\" \/>\n<meta property=\"og:title\" content=\"Perlemorsring i s\u00f8lv | Stort udvalg af h\u00e5ndlavet unika hos Tibladin\" \/>\n<meta property=\"og:description\" content=\"Smuk perlemorsring i s\u00f8lv h\u00e5ndlavet i Tiznit. Helt unikke kreationer til dig, der elsker at have autentiske smykker med en historie.\" \/>\n<meta property=\"og:url\" content=\"https:\/\/tibladin.dk\/de\/produkt\/perlmuttring-in-silber-raffiniert\/\" \/>\n<meta property=\"og:site_name\" content=\"Tibladin\" \/>\n<meta property=\"article:modified_time\" content=\"2026-03-06T20:01:09+00:00\" \/>\n<meta property=\"og:image\" content=\"https:\/\/tibladin.dk\/wp-content\/uploads\/2025\/03\/ring-perlemor_sofisticate_1.jpg\" \/>\n\t<meta property=\"og:image:width\" content=\"800\" \/>\n\t<meta property=\"og:image:height\" content=\"800\" \/>\n\t<meta property=\"og:image:type\" content=\"image\/jpeg\" \/>\n<meta name=\"twitter:card\" content=\"summary_large_image\" \/>\n<meta name=\"twitter:label1\" content=\"Gesch\u00e4tzte Lesezeit\" \/>\n\t<meta name=\"twitter:data1\" content=\"2\u00a0Minuten\" \/>\n<script type=\"application\/ld+json\" class=\"yoast-schema-graph\">{\"@context\":\"https:\\\/\\\/schema.org\",\"@graph\":[{\"@type\":\"WebPage\",\"@id\":\"https:\\\/\\\/tibladin.dk\\\/produkt\\\/perlemorsring-i-soelv-sophisticate\\\/\",\"url\":\"https:\\\/\\\/tibladin.dk\\\/produkt\\\/perlemorsring-i-soelv-sophisticate\\\/\",\"name\":\"Perlemorsring i s\u00f8lv | Stort udvalg af h\u00e5ndlavet unika hos Tibladin\",\"isPartOf\":{\"@id\":\"https:\\\/\\\/tibladin.dk\\\/#website\"},\"primaryImageOfPage\":{\"@id\":\"https:\\\/\\\/tibladin.dk\\\/produkt\\\/perlemorsring-i-soelv-sophisticate\\\/#primaryimage\"},\"image\":{\"@id\":\"https:\\\/\\\/tibladin.dk\\\/produkt\\\/perlemorsring-i-soelv-sophisticate\\\/#primaryimage\"},\"thumbnailUrl\":\"https:\\\/\\\/tibladin.dk\\\/wp-content\\\/uploads\\\/2025\\\/03\\\/ring-perlemor_sofisticate_1.jpg\",\"datePublished\":\"2025-03-25T15:49:57+00:00\",\"dateModified\":\"2026-03-06T20:01:09+00:00\",\"description\":\"Smuk perlemorsring i s\u00f8lv h\u00e5ndlavet i Tiznit. Helt unikke kreationer til dig, der elsker at have autentiske smykker med en historie.\",\"breadcrumb\":{\"@id\":\"https:\\\/\\\/tibladin.dk\\\/produkt\\\/perlemorsring-i-soelv-sophisticate\\\/#breadcrumb\"},\"inLanguage\":\"de\",\"potentialAction\":[{\"@type\":\"ReadAction\",\"target\":[\"https:\\\/\\\/tibladin.dk\\\/produkt\\\/perlemorsring-i-soelv-sophisticate\\\/\"]}]},{\"@type\":\"ImageObject\",\"inLanguage\":\"de\",\"@id\":\"https:\\\/\\\/tibladin.dk\\\/produkt\\\/perlemorsring-i-soelv-sophisticate\\\/#primaryimage\",\"url\":\"https:\\\/\\\/tibladin.dk\\\/wp-content\\\/uploads\\\/2025\\\/03\\\/ring-perlemor_sofisticate_1.jpg\",\"contentUrl\":\"https:\\\/\\\/tibladin.dk\\\/wp-content\\\/uploads\\\/2025\\\/03\\\/ring-perlemor_sofisticate_1.jpg\",\"width\":800,\"height\":800,\"caption\":\"Smuk perlemors ring i s\u00f8lv, der changerer i lyst. H\u00e5ndlavet i Tiznit, Marokko med k\u00e6rlighed.\"},{\"@type\":\"BreadcrumbList\",\"@id\":\"https:\\\/\\\/tibladin.dk\\\/produkt\\\/perlemorsring-i-soelv-sophisticate\\\/#breadcrumb\",\"itemListElement\":[{\"@type\":\"ListItem\",\"position\":1,\"name\":\"Hjem\",\"item\":\"https:\\\/\\\/tibladin.dk\\\/\"},{\"@type\":\"ListItem\",\"position\":2,\"name\":\"Shop\",\"item\":\"https:\\\/\\\/tibladin.dk\\\/shop\\\/\"},{\"@type\":\"ListItem\",\"position\":3,\"name\":\"Perlemorsring i s\u00f8lv &#8211; sophisticate\"}]},{\"@type\":\"WebSite\",\"@id\":\"https:\\\/\\\/tibladin.dk\\\/#website\",\"url\":\"https:\\\/\\\/tibladin.dk\\\/\",\"name\":\"Tibladin\",\"description\":\"Tibladin\",\"publisher\":{\"@id\":\"https:\\\/\\\/tibladin.dk\\\/#organization\"},\"potentialAction\":[{\"@type\":\"SearchAction\",\"target\":{\"@type\":\"EntryPoint\",\"urlTemplate\":\"https:\\\/\\\/tibladin.dk\\\/?s={search_term_string}\"},\"query-input\":{\"@type\":\"PropertyValueSpecification\",\"valueRequired\":true,\"valueName\":\"search_term_string\"}}],\"inLanguage\":\"de\"},{\"@type\":\"Organization\",\"@id\":\"https:\\\/\\\/tibladin.dk\\\/#organization\",\"name\":\"Tibladin\",\"url\":\"https:\\\/\\\/tibladin.dk\\\/\",\"logo\":{\"@type\":\"ImageObject\",\"inLanguage\":\"de\",\"@id\":\"https:\\\/\\\/tibladin.dk\\\/#\\\/schema\\\/logo\\\/image\\\/\",\"url\":\"https:\\\/\\\/tibladin.dk\\\/wp-content\\\/uploads\\\/2022\\\/09\\\/tibladin_logo.svg\",\"contentUrl\":\"https:\\\/\\\/tibladin.dk\\\/wp-content\\\/uploads\\\/2022\\\/09\\\/tibladin_logo.svg\",\"caption\":\"Tibladin\"},\"image\":{\"@id\":\"https:\\\/\\\/tibladin.dk\\\/#\\\/schema\\\/logo\\\/image\\\/\"}}]}<\/script>\n<!-- \/ Yoast SEO plugin. -->","yoast_head_json":{"title":"Perlmuttring in Silber | Gro\u00dfe Auswahl an handgefertigten Unikaten bei Tibladin","description":"Wundersch\u00f6ner Perlmuttring aus Silber, handgefertigt in Tiznit. Absolut einzigartige Kreationen f\u00fcr alle, die authentischen Schmuck mit einer Geschichte lieben.","robots":{"index":"index","follow":"follow","max-snippet":"max-snippet:-1","max-image-preview":"max-image-preview:large","max-video-preview":"max-video-preview:-1"},"canonical":"https:\/\/tibladin.dk\/de\/produkt\/perlmuttring-in-silber-raffiniert\/","og_locale":"de_DE","og_type":"article","og_title":"Perlemorsring i s\u00f8lv | Stort udvalg af h\u00e5ndlavet unika hos Tibladin","og_description":"Smuk perlemorsring i s\u00f8lv h\u00e5ndlavet i Tiznit. Helt unikke kreationer til dig, der elsker at have autentiske smykker med en historie.","og_url":"https:\/\/tibladin.dk\/de\/produkt\/perlmuttring-in-silber-raffiniert\/","og_site_name":"Tibladin","article_modified_time":"2026-03-06T20:01:09+00:00","og_image":[{"width":800,"height":800,"url":"https:\/\/tibladin.dk\/wp-content\/uploads\/2025\/03\/ring-perlemor_sofisticate_1.jpg","type":"image\/jpeg"}],"twitter_card":"summary_large_image","twitter_misc":{"Gesch\u00e4tzte Lesezeit":"2\u00a0Minuten"},"schema":{"@context":"https:\/\/schema.org","@graph":[{"@type":"WebPage","@id":"https:\/\/tibladin.dk\/produkt\/perlemorsring-i-soelv-sophisticate\/","url":"https:\/\/tibladin.dk\/produkt\/perlemorsring-i-soelv-sophisticate\/","name":"Perlmuttring in Silber | Gro\u00dfe Auswahl an handgefertigten Unikaten bei Tibladin","isPartOf":{"@id":"https:\/\/tibladin.dk\/#website"},"primaryImageOfPage":{"@id":"https:\/\/tibladin.dk\/produkt\/perlemorsring-i-soelv-sophisticate\/#primaryimage"},"image":{"@id":"https:\/\/tibladin.dk\/produkt\/perlemorsring-i-soelv-sophisticate\/#primaryimage"},"thumbnailUrl":"https:\/\/tibladin.dk\/wp-content\/uploads\/2025\/03\/ring-perlemor_sofisticate_1.jpg","datePublished":"2025-03-25T15:49:57+00:00","dateModified":"2026-03-06T20:01:09+00:00","description":"Wundersch\u00f6ner Perlmuttring aus Silber, handgefertigt in Tiznit. Absolut einzigartige Kreationen f\u00fcr alle, die authentischen Schmuck mit einer Geschichte lieben.","breadcrumb":{"@id":"https:\/\/tibladin.dk\/produkt\/perlemorsring-i-soelv-sophisticate\/#breadcrumb"},"inLanguage":"de","potentialAction":[{"@type":"ReadAction","target":["https:\/\/tibladin.dk\/produkt\/perlemorsring-i-soelv-sophisticate\/"]}]},{"@type":"ImageObject","inLanguage":"de","@id":"https:\/\/tibladin.dk\/produkt\/perlemorsring-i-soelv-sophisticate\/#primaryimage","url":"https:\/\/tibladin.dk\/wp-content\/uploads\/2025\/03\/ring-perlemor_sofisticate_1.jpg","contentUrl":"https:\/\/tibladin.dk\/wp-content\/uploads\/2025\/03\/ring-perlemor_sofisticate_1.jpg","width":800,"height":800,"caption":"Smuk perlemors ring i s\u00f8lv, der changerer i lyst. H\u00e5ndlavet i Tiznit, Marokko med k\u00e6rlighed."},{"@type":"BreadcrumbList","@id":"https:\/\/tibladin.dk\/produkt\/perlemorsring-i-soelv-sophisticate\/#breadcrumb","itemListElement":[{"@type":"ListItem","position":1,"name":"Hjem","item":"https:\/\/tibladin.dk\/"},{"@type":"ListItem","position":2,"name":"Shop","item":"https:\/\/tibladin.dk\/shop\/"},{"@type":"ListItem","position":3,"name":"Perlemorsring i s\u00f8lv &#8211; sophisticate"}]},{"@type":"WebSite","@id":"https:\/\/tibladin.dk\/#website","url":"https:\/\/tibladin.dk\/","name":"Tibladin","description":"Tibladin","publisher":{"@id":"https:\/\/tibladin.dk\/#organization"},"potentialAction":[{"@type":"SearchAction","target":{"@type":"EntryPoint","urlTemplate":"https:\/\/tibladin.dk\/?s={search_term_string}"},"query-input":{"@type":"PropertyValueSpecification","valueRequired":true,"valueName":"search_term_string"}}],"inLanguage":"de"},{"@type":"Organization","@id":"https:\/\/tibladin.dk\/#organization","name":"Tibladin","url":"https:\/\/tibladin.dk\/","logo":{"@type":"ImageObject","inLanguage":"de","@id":"https:\/\/tibladin.dk\/#\/schema\/logo\/image\/","url":"https:\/\/tibladin.dk\/wp-content\/uploads\/2022\/09\/tibladin_logo.svg","contentUrl":"https:\/\/tibladin.dk\/wp-content\/uploads\/2022\/09\/tibladin_logo.svg","caption":"Tibladin"},"image":{"@id":"https:\/\/tibladin.dk\/#\/schema\/logo\/image\/"}}]}},"_links":{"self":[{"href":"https:\/\/tibladin.dk\/de\/wp-json\/wp\/v2\/product\/35715","targetHints":{"allow":["GET"]}}],"collection":[{"href":"https:\/\/tibladin.dk\/de\/wp-json\/wp\/v2\/product"}],"about":[{"href":"https:\/\/tibladin.dk\/de\/wp-json\/wp\/v2\/types\/product"}],"wp:featuredmedia":[{"embeddable":true,"href":"https:\/\/tibladin.dk\/de\/wp-json\/wp\/v2\/media\/35706"}],"wp:attachment":[{"href":"https:\/\/tibladin.dk\/de\/wp-json\/wp\/v2\/media?parent=35715"}],"wp:term":[{"taxonomy":"product_brand","embeddable":true,"href":"https:\/\/tibladin.dk\/de\/wp-json\/wp\/v2\/product_brand?post=35715"},{"taxonomy":"product_cat","embeddable":true,"href":"https:\/\/tibladin.dk\/de\/wp-json\/wp\/v2\/product_cat?post=35715"},{"taxonomy":"product_tag","embeddable":true,"href":"https:\/\/tibladin.dk\/de\/wp-json\/wp\/v2\/product_tag?post=35715"}],"curies":[{"name":"wp","href":"https:\/\/api.w.org\/{rel}","templated":true}]}}