{"id":36143,"date":"2025-04-24T14:02:25","date_gmt":"2025-04-24T12:02:25","guid":{"rendered":"https:\/\/tibladin.dk\/?post_type=product&#038;p=36143"},"modified":"2025-05-12T08:53:50","modified_gmt":"2025-05-12T06:53:50","slug":"sitzsack-aus-warmem-cognacfarbenem-leder-1-pers","status":"publish","type":"product","link":"https:\/\/tibladin.dk\/de\/produkt\/saekkestol-i-varm-cognacfarvet-laeder-1-pers\/","title":{"rendered":"Sitzsack aus warmem cognacfarbenem Leder, 1 Person."},"content":{"rendered":"<div class=\"wpb-content-wrapper\"><div class=\"vc_row wpb_row vc_row-fluid\"><div class=\"wpb_column vc_column_container vc_col-sm-4\"><div class=\"vc_column-inner\"><div class=\"wpb_wrapper\"><\/div><\/div><\/div><div class=\"wpb_column vc_column_container vc_col-sm-4\"><div class=\"vc_column-inner\"><div class=\"wpb_wrapper\"><h3 style=\"text-align: left\" class=\"vc_custom_heading vc_do_custom_heading\" >Wartung<\/h3>\n\t<div class=\"wpb_text_column wpb_content_element\" >\n\t\t<div class=\"wpb_wrapper\">\n\t\t\t<p>Der Sitzsack ist ge\u00f6lt und ben\u00f6tigt daher nicht viel Pflege. Sie k\u00f6nnen das zus\u00e4tzliche \u00d6l nach Bedarf oder wenn es im Laufe der Zeit notwendig wird, verabreichen.<\/p>\n\n\t\t<\/div>\n\t<\/div>\n<\/div><\/div><\/div><div class=\"wpb_column vc_column_container vc_col-sm-4\"><div class=\"vc_column-inner\"><div class=\"wpb_wrapper\"><h3 style=\"text-align: left\" class=\"vc_custom_heading vc_do_custom_heading\" >Die Geschichte dahinter<\/h3>\n\t<div class=\"wpb_text_column wpb_content_element\" >\n\t\t<div class=\"wpb_wrapper\">\n\t\t\t<p>Dieser wundersch\u00f6ne Sitzsack wird in Marrakesch handgefertigt und besteht aus wundersch\u00f6nem cognacfarbenem Leder. Mit diesem Artikel habe ich meine Liebe zu edlem Leder zum Ausgangspunkt genommen und ein M\u00f6belst\u00fcck geschaffen, in dem man entweder allein mit einem guten Buch schweben oder nebeneinander sitzen kann. Der Sitzsack kann als Sessel in einer Leseecke, als kleines Sofa oder als Zweiersofa verwendet werden. Dadurch passt es an viele Orte im Zuhause und schafft eine einladende und entspannte Atmosph\u00e4re. Die sch\u00f6ne kastanienbraune Farbe verleiht einem Raum W\u00e4rme und Tiefe, w\u00e4hrend das Leder f\u00fcr einen rauen Look sorgt. Der Ausdruck kann auch durch ein sch\u00f6nes Kissen oder eine Decke gemildert werden. Entworfen und hergestellt in Zusammenarbeit mit einem Designer in Marrakesch.<\/p>\n\n\t\t<\/div>\n\t<\/div>\n<\/div><\/div><\/div><\/div>\n<\/div>","protected":false},"excerpt":{"rendered":"<p>Sch\u00f6ner Sitzsack aus warmem cognacfarbenem Leder. Weich und angenehm zum Sitzen. Handgefertigt in Marrakesch. Der Sitzsack hat eine tiefe rotbraune Farbe und passt perfekt in die meisten Wohnungen. Die sch\u00f6ne Farbe verleiht dem Raum W\u00e4rme, w\u00e4hrend das Leder f\u00fcr eine raue Note sorgt.<\/p>\n<p>Der Sitzsack wird ohne F\u00fcllung geliefert. Wenn Sie eine F\u00fcllung f\u00fcr den Sitzsack (Holzwolle) w\u00fcnschen, kann diese gegen einen Aufpreis von 400 DKK hinzugef\u00fcgt werden.<\/p>\n<p>Sie k\u00f6nnen den Sitzsack auch selbst f\u00fcllen, beispielsweise mit Kr\u00f8yer-B\u00e4llen oder alten Kleidungsst\u00fccken, Decken und Kissen.<\/p>\n<p>Sitzh\u00f6he 39 cm | Sitztiefe 50 cm. Gesamttiefe 75 cm. | Breite 77 cm | R\u00fcckenlehnenh\u00f6he 75 cm |<\/p>","protected":false},"featured_media":36155,"template":"","meta":{"inline_featured_image":false},"product_brand":[],"product_cat":[47,108,39],"product_tag":[],"class_list":{"0":"post-36143","1":"product","2":"type-product","3":"status-publish","4":"has-post-thumbnail","6":"product_cat-gaven-til-ham","7":"product_cat-loungestole-indendoers","8":"product_cat-moebler","10":"first","11":"instock","12":"taxable","13":"shipping-taxable","14":"purchasable","15":"product-type-simple"},"exclude_global_add_ons":false,"addons":[{"name":"M\u00f6chten Sie es mit Holzwolle f\u00fcllen?","type":"checkbox","position":0,"required":false,"title_format":"label","default":"","description_enable":false,"description":"","placeholder_enable":false,"placeholder":"","display":"select","restrictions_type":"any_text","adjust_price":false,"price":"","price_type":"flat_fee","restrictions":false,"min":"0","max":"0","options":[{"label":"JA tak!","price":"400","price_type":"quantity_based","image":0,"visibility":true}],"id":1686050310}],"yoast_head":"<!-- This site is optimized with the Yoast SEO plugin v27.4 - https:\/\/yoast.com\/product\/yoast-seo-wordpress\/ -->\n<title>S\u00e6kkestol i varm cognacfarvet l\u00e6der | Unikt design | Tibladin<\/title>\n<meta name=\"description\" content=\"S\u00e6kkestol h\u00e5ndlavet i Marrakech i l\u00e6kkert r\u00f8dbrunt l\u00e6der. Kan bruges som sofa eller l\u00e6nestol og tilf\u00f8jer farve og dybde til ethvert rum.\" \/>\n<meta name=\"robots\" content=\"index, follow, max-snippet:-1, max-image-preview:large, max-video-preview:-1\" \/>\n<link rel=\"canonical\" href=\"https:\/\/tibladin.dk\/de\/produkt\/sitzsack-aus-warmem-cognacfarbenem-leder-1-pers\/\" \/>\n<meta property=\"og:locale\" content=\"de_DE\" \/>\n<meta property=\"og:type\" content=\"article\" \/>\n<meta property=\"og:title\" content=\"S\u00e6kkestol i varm cognacfarvet l\u00e6der | Unikt design | Tibladin\" \/>\n<meta property=\"og:description\" content=\"S\u00e6kkestol h\u00e5ndlavet i Marrakech i l\u00e6kkert r\u00f8dbrunt l\u00e6der. Kan bruges som sofa eller l\u00e6nestol og tilf\u00f8jer farve og dybde til ethvert rum.\" \/>\n<meta property=\"og:url\" content=\"https:\/\/tibladin.dk\/de\/produkt\/sitzsack-aus-warmem-cognacfarbenem-leder-1-pers\/\" \/>\n<meta property=\"og:site_name\" content=\"Tibladin\" \/>\n<meta property=\"article:modified_time\" content=\"2025-05-12T06:53:50+00:00\" \/>\n<meta property=\"og:image\" content=\"https:\/\/tibladin.dk\/wp-content\/uploads\/2025\/04\/saekkestol-i-cognacfarvet-laeder_1-pers._LS6.jpg\" \/>\n\t<meta property=\"og:image:width\" content=\"800\" \/>\n\t<meta property=\"og:image:height\" content=\"800\" \/>\n\t<meta property=\"og:image:type\" content=\"image\/jpeg\" \/>\n<meta name=\"twitter:card\" content=\"summary_large_image\" \/>\n<meta name=\"twitter:label1\" content=\"Gesch\u00e4tzte Lesezeit\" \/>\n\t<meta name=\"twitter:data1\" content=\"2\u00a0Minuten\" \/>\n<script type=\"application\/ld+json\" class=\"yoast-schema-graph\">{\"@context\":\"https:\\\/\\\/schema.org\",\"@graph\":[{\"@type\":\"WebPage\",\"@id\":\"https:\\\/\\\/tibladin.dk\\\/produkt\\\/saekkestol-i-varm-cognacfarvet-laeder-1-pers\\\/\",\"url\":\"https:\\\/\\\/tibladin.dk\\\/produkt\\\/saekkestol-i-varm-cognacfarvet-laeder-1-pers\\\/\",\"name\":\"S\u00e6kkestol i varm cognacfarvet l\u00e6der | Unikt design | Tibladin\",\"isPartOf\":{\"@id\":\"https:\\\/\\\/tibladin.dk\\\/#website\"},\"primaryImageOfPage\":{\"@id\":\"https:\\\/\\\/tibladin.dk\\\/produkt\\\/saekkestol-i-varm-cognacfarvet-laeder-1-pers\\\/#primaryimage\"},\"image\":{\"@id\":\"https:\\\/\\\/tibladin.dk\\\/produkt\\\/saekkestol-i-varm-cognacfarvet-laeder-1-pers\\\/#primaryimage\"},\"thumbnailUrl\":\"https:\\\/\\\/tibladin.dk\\\/wp-content\\\/uploads\\\/2025\\\/04\\\/saekkestol-i-cognacfarvet-laeder_1-pers._LS6.jpg\",\"datePublished\":\"2025-04-24T12:02:25+00:00\",\"dateModified\":\"2025-05-12T06:53:50+00:00\",\"description\":\"S\u00e6kkestol h\u00e5ndlavet i Marrakech i l\u00e6kkert r\u00f8dbrunt l\u00e6der. Kan bruges som sofa eller l\u00e6nestol og tilf\u00f8jer farve og dybde til ethvert rum.\",\"breadcrumb\":{\"@id\":\"https:\\\/\\\/tibladin.dk\\\/produkt\\\/saekkestol-i-varm-cognacfarvet-laeder-1-pers\\\/#breadcrumb\"},\"inLanguage\":\"de\",\"potentialAction\":[{\"@type\":\"ReadAction\",\"target\":[\"https:\\\/\\\/tibladin.dk\\\/produkt\\\/saekkestol-i-varm-cognacfarvet-laeder-1-pers\\\/\"]}]},{\"@type\":\"ImageObject\",\"inLanguage\":\"de\",\"@id\":\"https:\\\/\\\/tibladin.dk\\\/produkt\\\/saekkestol-i-varm-cognacfarvet-laeder-1-pers\\\/#primaryimage\",\"url\":\"https:\\\/\\\/tibladin.dk\\\/wp-content\\\/uploads\\\/2025\\\/04\\\/saekkestol-i-cognacfarvet-laeder_1-pers._LS6.jpg\",\"contentUrl\":\"https:\\\/\\\/tibladin.dk\\\/wp-content\\\/uploads\\\/2025\\\/04\\\/saekkestol-i-cognacfarvet-laeder_1-pers._LS6.jpg\",\"width\":800,\"height\":800,\"caption\":\"S\u00e6kkestol i 100% kvalitetsgedel\u00e6der\"},{\"@type\":\"BreadcrumbList\",\"@id\":\"https:\\\/\\\/tibladin.dk\\\/produkt\\\/saekkestol-i-varm-cognacfarvet-laeder-1-pers\\\/#breadcrumb\",\"itemListElement\":[{\"@type\":\"ListItem\",\"position\":1,\"name\":\"Hjem\",\"item\":\"https:\\\/\\\/tibladin.dk\\\/\"},{\"@type\":\"ListItem\",\"position\":2,\"name\":\"Shop\",\"item\":\"https:\\\/\\\/tibladin.dk\\\/shop\\\/\"},{\"@type\":\"ListItem\",\"position\":3,\"name\":\"S\u00e6kkestol i varm cognacfarvet l\u00e6der 1-pers.\"}]},{\"@type\":\"WebSite\",\"@id\":\"https:\\\/\\\/tibladin.dk\\\/#website\",\"url\":\"https:\\\/\\\/tibladin.dk\\\/\",\"name\":\"Tibladin\",\"description\":\"Tibladin\",\"publisher\":{\"@id\":\"https:\\\/\\\/tibladin.dk\\\/#organization\"},\"potentialAction\":[{\"@type\":\"SearchAction\",\"target\":{\"@type\":\"EntryPoint\",\"urlTemplate\":\"https:\\\/\\\/tibladin.dk\\\/?s={search_term_string}\"},\"query-input\":{\"@type\":\"PropertyValueSpecification\",\"valueRequired\":true,\"valueName\":\"search_term_string\"}}],\"inLanguage\":\"de\"},{\"@type\":\"Organization\",\"@id\":\"https:\\\/\\\/tibladin.dk\\\/#organization\",\"name\":\"Tibladin\",\"url\":\"https:\\\/\\\/tibladin.dk\\\/\",\"logo\":{\"@type\":\"ImageObject\",\"inLanguage\":\"de\",\"@id\":\"https:\\\/\\\/tibladin.dk\\\/#\\\/schema\\\/logo\\\/image\\\/\",\"url\":\"https:\\\/\\\/tibladin.dk\\\/wp-content\\\/uploads\\\/2022\\\/09\\\/tibladin_logo.svg\",\"contentUrl\":\"https:\\\/\\\/tibladin.dk\\\/wp-content\\\/uploads\\\/2022\\\/09\\\/tibladin_logo.svg\",\"caption\":\"Tibladin\"},\"image\":{\"@id\":\"https:\\\/\\\/tibladin.dk\\\/#\\\/schema\\\/logo\\\/image\\\/\"}}]}<\/script>\n<!-- \/ Yoast SEO plugin. -->","yoast_head_json":{"title":"Sitzsackstuhl aus warmem, cognacfarbenem Leder | Einzigartiges Design | Tibladin","description":"In Marrakesch handgefertigter Sitzsack aus k\u00f6stlichem rotbraunem Leder. Kann als Sofa oder Sessel verwendet werden und verleiht jedem Raum Farbe und Tiefe.","robots":{"index":"index","follow":"follow","max-snippet":"max-snippet:-1","max-image-preview":"max-image-preview:large","max-video-preview":"max-video-preview:-1"},"canonical":"https:\/\/tibladin.dk\/de\/produkt\/sitzsack-aus-warmem-cognacfarbenem-leder-1-pers\/","og_locale":"de_DE","og_type":"article","og_title":"S\u00e6kkestol i varm cognacfarvet l\u00e6der | Unikt design | Tibladin","og_description":"S\u00e6kkestol h\u00e5ndlavet i Marrakech i l\u00e6kkert r\u00f8dbrunt l\u00e6der. Kan bruges som sofa eller l\u00e6nestol og tilf\u00f8jer farve og dybde til ethvert rum.","og_url":"https:\/\/tibladin.dk\/de\/produkt\/sitzsack-aus-warmem-cognacfarbenem-leder-1-pers\/","og_site_name":"Tibladin","article_modified_time":"2025-05-12T06:53:50+00:00","og_image":[{"width":800,"height":800,"url":"https:\/\/tibladin.dk\/wp-content\/uploads\/2025\/04\/saekkestol-i-cognacfarvet-laeder_1-pers._LS6.jpg","type":"image\/jpeg"}],"twitter_card":"summary_large_image","twitter_misc":{"Gesch\u00e4tzte Lesezeit":"2\u00a0Minuten"},"schema":{"@context":"https:\/\/schema.org","@graph":[{"@type":"WebPage","@id":"https:\/\/tibladin.dk\/produkt\/saekkestol-i-varm-cognacfarvet-laeder-1-pers\/","url":"https:\/\/tibladin.dk\/produkt\/saekkestol-i-varm-cognacfarvet-laeder-1-pers\/","name":"Sitzsackstuhl aus warmem, cognacfarbenem Leder | Einzigartiges Design | Tibladin","isPartOf":{"@id":"https:\/\/tibladin.dk\/#website"},"primaryImageOfPage":{"@id":"https:\/\/tibladin.dk\/produkt\/saekkestol-i-varm-cognacfarvet-laeder-1-pers\/#primaryimage"},"image":{"@id":"https:\/\/tibladin.dk\/produkt\/saekkestol-i-varm-cognacfarvet-laeder-1-pers\/#primaryimage"},"thumbnailUrl":"https:\/\/tibladin.dk\/wp-content\/uploads\/2025\/04\/saekkestol-i-cognacfarvet-laeder_1-pers._LS6.jpg","datePublished":"2025-04-24T12:02:25+00:00","dateModified":"2025-05-12T06:53:50+00:00","description":"In Marrakesch handgefertigter Sitzsack aus k\u00f6stlichem rotbraunem Leder. Kann als Sofa oder Sessel verwendet werden und verleiht jedem Raum Farbe und Tiefe.","breadcrumb":{"@id":"https:\/\/tibladin.dk\/produkt\/saekkestol-i-varm-cognacfarvet-laeder-1-pers\/#breadcrumb"},"inLanguage":"de","potentialAction":[{"@type":"ReadAction","target":["https:\/\/tibladin.dk\/produkt\/saekkestol-i-varm-cognacfarvet-laeder-1-pers\/"]}]},{"@type":"ImageObject","inLanguage":"de","@id":"https:\/\/tibladin.dk\/produkt\/saekkestol-i-varm-cognacfarvet-laeder-1-pers\/#primaryimage","url":"https:\/\/tibladin.dk\/wp-content\/uploads\/2025\/04\/saekkestol-i-cognacfarvet-laeder_1-pers._LS6.jpg","contentUrl":"https:\/\/tibladin.dk\/wp-content\/uploads\/2025\/04\/saekkestol-i-cognacfarvet-laeder_1-pers._LS6.jpg","width":800,"height":800,"caption":"S\u00e6kkestol i 100% kvalitetsgedel\u00e6der"},{"@type":"BreadcrumbList","@id":"https:\/\/tibladin.dk\/produkt\/saekkestol-i-varm-cognacfarvet-laeder-1-pers\/#breadcrumb","itemListElement":[{"@type":"ListItem","position":1,"name":"Hjem","item":"https:\/\/tibladin.dk\/"},{"@type":"ListItem","position":2,"name":"Shop","item":"https:\/\/tibladin.dk\/shop\/"},{"@type":"ListItem","position":3,"name":"S\u00e6kkestol i varm cognacfarvet l\u00e6der 1-pers."}]},{"@type":"WebSite","@id":"https:\/\/tibladin.dk\/#website","url":"https:\/\/tibladin.dk\/","name":"Tibladin","description":"Tibladin","publisher":{"@id":"https:\/\/tibladin.dk\/#organization"},"potentialAction":[{"@type":"SearchAction","target":{"@type":"EntryPoint","urlTemplate":"https:\/\/tibladin.dk\/?s={search_term_string}"},"query-input":{"@type":"PropertyValueSpecification","valueRequired":true,"valueName":"search_term_string"}}],"inLanguage":"de"},{"@type":"Organization","@id":"https:\/\/tibladin.dk\/#organization","name":"Tibladin","url":"https:\/\/tibladin.dk\/","logo":{"@type":"ImageObject","inLanguage":"de","@id":"https:\/\/tibladin.dk\/#\/schema\/logo\/image\/","url":"https:\/\/tibladin.dk\/wp-content\/uploads\/2022\/09\/tibladin_logo.svg","contentUrl":"https:\/\/tibladin.dk\/wp-content\/uploads\/2022\/09\/tibladin_logo.svg","caption":"Tibladin"},"image":{"@id":"https:\/\/tibladin.dk\/#\/schema\/logo\/image\/"}}]}},"_links":{"self":[{"href":"https:\/\/tibladin.dk\/de\/wp-json\/wp\/v2\/product\/36143","targetHints":{"allow":["GET"]}}],"collection":[{"href":"https:\/\/tibladin.dk\/de\/wp-json\/wp\/v2\/product"}],"about":[{"href":"https:\/\/tibladin.dk\/de\/wp-json\/wp\/v2\/types\/product"}],"wp:featuredmedia":[{"embeddable":true,"href":"https:\/\/tibladin.dk\/de\/wp-json\/wp\/v2\/media\/36155"}],"wp:attachment":[{"href":"https:\/\/tibladin.dk\/de\/wp-json\/wp\/v2\/media?parent=36143"}],"wp:term":[{"taxonomy":"product_brand","embeddable":true,"href":"https:\/\/tibladin.dk\/de\/wp-json\/wp\/v2\/product_brand?post=36143"},{"taxonomy":"product_cat","embeddable":true,"href":"https:\/\/tibladin.dk\/de\/wp-json\/wp\/v2\/product_cat?post=36143"},{"taxonomy":"product_tag","embeddable":true,"href":"https:\/\/tibladin.dk\/de\/wp-json\/wp\/v2\/product_tag?post=36143"}],"curies":[{"name":"wp","href":"https:\/\/api.w.org\/{rel}","templated":true}]}}