{"id":36813,"date":"2025-05-29T09:19:00","date_gmt":"2025-05-29T07:19:00","guid":{"rendered":"https:\/\/tibladin.dk\/?post_type=product&#038;p=36813"},"modified":"2026-04-04T13:41:22","modified_gmt":"2026-04-04T11:41:22","slug":"ohrringe-in-silber-turkis-clarte","status":"publish","type":"product","link":"https:\/\/tibladin.dk\/de\/produkt\/oereringe-i-soelv-turkis-clarte\/","title":{"rendered":"Silberohrringe \u2013 T\u00fcrkis -CLART\u00c9"},"content":{"rendered":"<div class=\"wpb-content-wrapper\"><div class=\"vc_row wpb_row vc_row-fluid\"><div class=\"wpb_column vc_column_container vc_col-sm-4\"><div class=\"vc_column-inner\"><div class=\"wpb_wrapper\"><\/div><\/div><\/div><div class=\"wpb_column vc_column_container vc_col-sm-4\"><div class=\"vc_column-inner\"><div class=\"wpb_wrapper\"><h3 style=\"text-align: left\" class=\"vc_custom_heading vc_do_custom_heading\" >Wartung<\/h3>\n\t<div class=\"wpb_text_column wpb_content_element\" >\n\t\t<div class=\"wpb_wrapper\">\n\t\t\t<p>Silber wird mit der Zeit anlaufen und dunkler. Dies ist ein v\u00f6llig nat\u00fcrlicher Prozess, der entsteht, wenn Silber mit Sauerstoff, S\u00e4ure und Schwei\u00df aus dem K\u00f6rper in Kontakt kommt. Sie k\u00f6nnen Ihren Silberschmuck ganz einfach wieder auf Vordermann bringen. Legen Sie sie in eine kleine Sch\u00fcssel mit milder Seife und Wasser und reiben Sie sie vorsichtig mit einem weichen Baumwolltuch ab. Sie k\u00f6nnen auch speziellen Silberreiniger f\u00fcr Schmuck kaufen, den Sie mit einem Baumwolltuch sanft in den Silberschmuck einreiben und leicht reiben, bis er wieder gl\u00e4nzt.<\/p>\n<p>T\u00fcrkis l\u00e4sst sich mit einem weichen Tuch und eventuell lauwarmem Wasser schonend reinigen. Vermeiden Sie Seife, Chemikalien und Parf\u00fcms. Vermeiden Sie l\u00e4ngere direkte Sonneneinstrahlung, da der Stein sonst ausbleichen kann.<\/p>\n\n\t\t<\/div>\n\t<\/div>\n<\/div><\/div><\/div><div class=\"wpb_column vc_column_container vc_col-sm-4\"><div class=\"vc_column-inner\"><div class=\"wpb_wrapper\"><h3 style=\"text-align: left\" class=\"vc_custom_heading vc_do_custom_heading\" >Die Geschichte dahinter<\/h3>\n\t<div class=\"wpb_text_column wpb_content_element\" >\n\t\t<div class=\"wpb_wrapper\">\n\t\t\t<p><span style=\"font-weight: 400;\">Tiznit ist eine kleine Stadt in der Region Souss-Massa an der Westk\u00fcste Marokkos. Traditioneller marokkanischer Amazigh\/Berber-Schmuck wird mit Tiznit in Verbindung gebracht, da diese Stadt f\u00fcr ihre jahrelange Handwerkskunst mit hochwertigem, traditionellem Silberschmuck bekannt ist, der von erfahrenen Kunsthandwerkern handgefertigt wird. Jedes Schmuckst\u00fcck ist das Ergebnis hingebungsvoller Handwerkskunst und jedes erz\u00e4hlt eine Geschichte, die die kreative und sch\u00f6ne Handwerkskunst der Sch\u00f6pfer symbolisiert. Der Schmuck repr\u00e4sentiert nicht nur das kulturelle Erbe der Stadt, sondern das gesamte kulturelle Erbe Marokkos sowie die \u00fcber Generationen weitergegebenen Traditionen der Berber.\u00a0<\/span><\/p>\n<p><span style=\"font-weight: 400;\"><br \/>\n<\/span><b>Erz\u00e4hlen Sie Ihre Geschichte durch Schmuck<\/b><\/p>\n<p><span style=\"font-weight: 400;\">Ein Schmuckst\u00fcck kann viele Erinnerungen bewahren und Ihre pers\u00f6nliche Geschichte erz\u00e4hlen, denn Sie nehmen den Schmuck mit auf Ihre eigene Reise und schaffen sch\u00f6ne, unvergessliche Erlebnisse. Wenn Tibladin in der marokkanischen Stadt Tiznit, deren Herz f\u00fcr Schmuck schl\u00e4gt, auf Schmucksuche geht,<\/span><\/p>\n<p><span style=\"font-weight: 400;\">Wir w\u00e4hlen Schmuckst\u00fccke aus, die stilistisch variieren und auf ihre eigene charmante Art das klassische, historische Design, das die Berber bevorzugen, mit Eleganz und Zeitlosigkeit verbinden.\u00a0<\/span><\/p>\n<p><br style=\"font-weight: 400;\" \/><\/p>\n\n\t\t<\/div>\n\t<\/div>\n<\/div><\/div><\/div><\/div>\n<\/div>","protected":false},"excerpt":{"rendered":"<p>Ohrringe aus echtem Silber mit einem ovalen t\u00fcrkisfarbenen Stein mit zarten Markierungen aus goldener Matrix.<\/p>\n<p>Die Ohrringe haben ein zeitloses Design und k\u00f6nnen sowohl im Alltag als auch zu gehobenen Anl\u00e4ssen getragen werden. Diese Ohrringe sind, genau wie alle anderen Schmuckst\u00fccke von Tibladin, absolut einzigartig. Es ist nur 1 Paar verf\u00fcgbar. Handgefertigt von erfahrenen Einheimischen mit Sinn f\u00fcr Handwerkskunst in der Schmuckstadt Tiznit.<\/p>\n<p>T\u00fcrkis ist f\u00fcr seine Schutz- und Kraftwirkung bekannt und wird in vielen Kulturen als Amulett verwendet. Sorgt f\u00fcr Ruhe und Ausgeglichenheit und weist negative Energie ab.<\/p>","protected":false},"featured_media":36814,"template":"","meta":{"inline_featured_image":false},"product_brand":[],"product_cat":[166,162],"product_tag":[],"class_list":{"0":"post-36813","1":"product","2":"type-product","3":"status-publish","4":"has-post-thumbnail","6":"product_cat-oereringe","7":"product_cat-smykker","9":"first","10":"outofstock","11":"taxable","12":"shipping-taxable","13":"purchasable","14":"product-type-simple"},"exclude_global_add_ons":[],"addons":[],"yoast_head":"<!-- This site is optimized with the Yoast SEO plugin v27.4 - https:\/\/yoast.com\/product\/yoast-seo-wordpress\/ -->\n<title>H\u00e5ndlavede marokkanske smykker | Stort udvalg | Kun hos Tibladin<\/title>\n<meta name=\"description\" content=\"Smukke h\u00e5ndlavede \u00f8reringe i s\u00f8lv fra Tiznit i Marokko. Perfekte til dig, der elsker at have unikke smykker med en historie.\" \/>\n<meta name=\"robots\" content=\"index, follow, max-snippet:-1, max-image-preview:large, max-video-preview:-1\" \/>\n<link rel=\"canonical\" href=\"https:\/\/tibladin.dk\/de\/produkt\/ohrringe-in-silber-turkis-clarte\/\" \/>\n<meta property=\"og:locale\" content=\"de_DE\" \/>\n<meta property=\"og:type\" content=\"article\" \/>\n<meta property=\"og:title\" content=\"H\u00e5ndlavede marokkanske smykker | Stort udvalg | Kun hos Tibladin\" \/>\n<meta property=\"og:description\" content=\"Smukke h\u00e5ndlavede \u00f8reringe i s\u00f8lv fra Tiznit i Marokko. Perfekte til dig, der elsker at have unikke smykker med en historie.\" \/>\n<meta property=\"og:url\" content=\"https:\/\/tibladin.dk\/de\/produkt\/ohrringe-in-silber-turkis-clarte\/\" \/>\n<meta property=\"og:site_name\" content=\"Tibladin\" \/>\n<meta property=\"article:modified_time\" content=\"2026-04-04T11:41:22+00:00\" \/>\n<meta property=\"og:image\" content=\"https:\/\/tibladin.dk\/wp-content\/uploads\/2025\/05\/Oereringe_turkis_CLARTE_1.jpg\" \/>\n\t<meta property=\"og:image:width\" content=\"800\" \/>\n\t<meta property=\"og:image:height\" content=\"800\" \/>\n\t<meta property=\"og:image:type\" content=\"image\/jpeg\" \/>\n<meta name=\"twitter:card\" content=\"summary_large_image\" \/>\n<meta name=\"twitter:label1\" content=\"Gesch\u00e4tzte Lesezeit\" \/>\n\t<meta name=\"twitter:data1\" content=\"3\u00a0Minuten\" \/>\n<script type=\"application\/ld+json\" class=\"yoast-schema-graph\">{\"@context\":\"https:\\\/\\\/schema.org\",\"@graph\":[{\"@type\":\"WebPage\",\"@id\":\"https:\\\/\\\/tibladin.dk\\\/produkt\\\/oereringe-i-soelv-turkis-clarte\\\/\",\"url\":\"https:\\\/\\\/tibladin.dk\\\/produkt\\\/oereringe-i-soelv-turkis-clarte\\\/\",\"name\":\"H\u00e5ndlavede marokkanske smykker | Stort udvalg | Kun hos Tibladin\",\"isPartOf\":{\"@id\":\"https:\\\/\\\/tibladin.dk\\\/#website\"},\"primaryImageOfPage\":{\"@id\":\"https:\\\/\\\/tibladin.dk\\\/produkt\\\/oereringe-i-soelv-turkis-clarte\\\/#primaryimage\"},\"image\":{\"@id\":\"https:\\\/\\\/tibladin.dk\\\/produkt\\\/oereringe-i-soelv-turkis-clarte\\\/#primaryimage\"},\"thumbnailUrl\":\"https:\\\/\\\/tibladin.dk\\\/wp-content\\\/uploads\\\/2025\\\/05\\\/Oereringe_turkis_CLARTE_1.jpg\",\"datePublished\":\"2025-05-29T07:19:00+00:00\",\"dateModified\":\"2026-04-04T11:41:22+00:00\",\"description\":\"Smukke h\u00e5ndlavede \u00f8reringe i s\u00f8lv fra Tiznit i Marokko. Perfekte til dig, der elsker at have unikke smykker med en historie.\",\"breadcrumb\":{\"@id\":\"https:\\\/\\\/tibladin.dk\\\/produkt\\\/oereringe-i-soelv-turkis-clarte\\\/#breadcrumb\"},\"inLanguage\":\"de\",\"potentialAction\":[{\"@type\":\"ReadAction\",\"target\":[\"https:\\\/\\\/tibladin.dk\\\/produkt\\\/oereringe-i-soelv-turkis-clarte\\\/\"]}]},{\"@type\":\"ImageObject\",\"inLanguage\":\"de\",\"@id\":\"https:\\\/\\\/tibladin.dk\\\/produkt\\\/oereringe-i-soelv-turkis-clarte\\\/#primaryimage\",\"url\":\"https:\\\/\\\/tibladin.dk\\\/wp-content\\\/uploads\\\/2025\\\/05\\\/Oereringe_turkis_CLARTE_1.jpg\",\"contentUrl\":\"https:\\\/\\\/tibladin.dk\\\/wp-content\\\/uploads\\\/2025\\\/05\\\/Oereringe_turkis_CLARTE_1.jpg\",\"width\":800,\"height\":800,\"caption\":\"\u00d8reringe_turkis_CLART\u00c8_med oval stor turkis\"},{\"@type\":\"BreadcrumbList\",\"@id\":\"https:\\\/\\\/tibladin.dk\\\/produkt\\\/oereringe-i-soelv-turkis-clarte\\\/#breadcrumb\",\"itemListElement\":[{\"@type\":\"ListItem\",\"position\":1,\"name\":\"Hjem\",\"item\":\"https:\\\/\\\/tibladin.dk\\\/\"},{\"@type\":\"ListItem\",\"position\":2,\"name\":\"Shop\",\"item\":\"https:\\\/\\\/tibladin.dk\\\/shop\\\/\"},{\"@type\":\"ListItem\",\"position\":3,\"name\":\"\u00d8reringe i s\u00f8lv &#8211; Turkis -CLART\u00c9\"}]},{\"@type\":\"WebSite\",\"@id\":\"https:\\\/\\\/tibladin.dk\\\/#website\",\"url\":\"https:\\\/\\\/tibladin.dk\\\/\",\"name\":\"Tibladin\",\"description\":\"Tibladin\",\"publisher\":{\"@id\":\"https:\\\/\\\/tibladin.dk\\\/#organization\"},\"potentialAction\":[{\"@type\":\"SearchAction\",\"target\":{\"@type\":\"EntryPoint\",\"urlTemplate\":\"https:\\\/\\\/tibladin.dk\\\/?s={search_term_string}\"},\"query-input\":{\"@type\":\"PropertyValueSpecification\",\"valueRequired\":true,\"valueName\":\"search_term_string\"}}],\"inLanguage\":\"de\"},{\"@type\":\"Organization\",\"@id\":\"https:\\\/\\\/tibladin.dk\\\/#organization\",\"name\":\"Tibladin\",\"url\":\"https:\\\/\\\/tibladin.dk\\\/\",\"logo\":{\"@type\":\"ImageObject\",\"inLanguage\":\"de\",\"@id\":\"https:\\\/\\\/tibladin.dk\\\/#\\\/schema\\\/logo\\\/image\\\/\",\"url\":\"https:\\\/\\\/tibladin.dk\\\/wp-content\\\/uploads\\\/2022\\\/09\\\/tibladin_logo.svg\",\"contentUrl\":\"https:\\\/\\\/tibladin.dk\\\/wp-content\\\/uploads\\\/2022\\\/09\\\/tibladin_logo.svg\",\"caption\":\"Tibladin\"},\"image\":{\"@id\":\"https:\\\/\\\/tibladin.dk\\\/#\\\/schema\\\/logo\\\/image\\\/\"}}]}<\/script>\n<!-- \/ Yoast SEO plugin. -->","yoast_head_json":{"title":"Handgefertigter marokkanischer Schmuck | Gro\u00dfe Auswahl | Nur in Tibladin","description":"Wundersch\u00f6ne handgefertigte Ohrringe aus Silber von Tiznit in Marokko. Perfekt f\u00fcr alle, die einzigartigen Schmuck mit einer Geschichte lieben.","robots":{"index":"index","follow":"follow","max-snippet":"max-snippet:-1","max-image-preview":"max-image-preview:large","max-video-preview":"max-video-preview:-1"},"canonical":"https:\/\/tibladin.dk\/de\/produkt\/ohrringe-in-silber-turkis-clarte\/","og_locale":"de_DE","og_type":"article","og_title":"H\u00e5ndlavede marokkanske smykker | Stort udvalg | Kun hos Tibladin","og_description":"Smukke h\u00e5ndlavede \u00f8reringe i s\u00f8lv fra Tiznit i Marokko. Perfekte til dig, der elsker at have unikke smykker med en historie.","og_url":"https:\/\/tibladin.dk\/de\/produkt\/ohrringe-in-silber-turkis-clarte\/","og_site_name":"Tibladin","article_modified_time":"2026-04-04T11:41:22+00:00","og_image":[{"width":800,"height":800,"url":"https:\/\/tibladin.dk\/wp-content\/uploads\/2025\/05\/Oereringe_turkis_CLARTE_1.jpg","type":"image\/jpeg"}],"twitter_card":"summary_large_image","twitter_misc":{"Gesch\u00e4tzte Lesezeit":"3\u00a0Minuten"},"schema":{"@context":"https:\/\/schema.org","@graph":[{"@type":"WebPage","@id":"https:\/\/tibladin.dk\/produkt\/oereringe-i-soelv-turkis-clarte\/","url":"https:\/\/tibladin.dk\/produkt\/oereringe-i-soelv-turkis-clarte\/","name":"Handgefertigter marokkanischer Schmuck | Gro\u00dfe Auswahl | Nur in Tibladin","isPartOf":{"@id":"https:\/\/tibladin.dk\/#website"},"primaryImageOfPage":{"@id":"https:\/\/tibladin.dk\/produkt\/oereringe-i-soelv-turkis-clarte\/#primaryimage"},"image":{"@id":"https:\/\/tibladin.dk\/produkt\/oereringe-i-soelv-turkis-clarte\/#primaryimage"},"thumbnailUrl":"https:\/\/tibladin.dk\/wp-content\/uploads\/2025\/05\/Oereringe_turkis_CLARTE_1.jpg","datePublished":"2025-05-29T07:19:00+00:00","dateModified":"2026-04-04T11:41:22+00:00","description":"Wundersch\u00f6ne handgefertigte Ohrringe aus Silber von Tiznit in Marokko. Perfekt f\u00fcr alle, die einzigartigen Schmuck mit einer Geschichte lieben.","breadcrumb":{"@id":"https:\/\/tibladin.dk\/produkt\/oereringe-i-soelv-turkis-clarte\/#breadcrumb"},"inLanguage":"de","potentialAction":[{"@type":"ReadAction","target":["https:\/\/tibladin.dk\/produkt\/oereringe-i-soelv-turkis-clarte\/"]}]},{"@type":"ImageObject","inLanguage":"de","@id":"https:\/\/tibladin.dk\/produkt\/oereringe-i-soelv-turkis-clarte\/#primaryimage","url":"https:\/\/tibladin.dk\/wp-content\/uploads\/2025\/05\/Oereringe_turkis_CLARTE_1.jpg","contentUrl":"https:\/\/tibladin.dk\/wp-content\/uploads\/2025\/05\/Oereringe_turkis_CLARTE_1.jpg","width":800,"height":800,"caption":"\u00d8reringe_turkis_CLART\u00c8_med oval stor turkis"},{"@type":"BreadcrumbList","@id":"https:\/\/tibladin.dk\/produkt\/oereringe-i-soelv-turkis-clarte\/#breadcrumb","itemListElement":[{"@type":"ListItem","position":1,"name":"Hjem","item":"https:\/\/tibladin.dk\/"},{"@type":"ListItem","position":2,"name":"Shop","item":"https:\/\/tibladin.dk\/shop\/"},{"@type":"ListItem","position":3,"name":"\u00d8reringe i s\u00f8lv &#8211; Turkis -CLART\u00c9"}]},{"@type":"WebSite","@id":"https:\/\/tibladin.dk\/#website","url":"https:\/\/tibladin.dk\/","name":"Tibladin","description":"Tibladin","publisher":{"@id":"https:\/\/tibladin.dk\/#organization"},"potentialAction":[{"@type":"SearchAction","target":{"@type":"EntryPoint","urlTemplate":"https:\/\/tibladin.dk\/?s={search_term_string}"},"query-input":{"@type":"PropertyValueSpecification","valueRequired":true,"valueName":"search_term_string"}}],"inLanguage":"de"},{"@type":"Organization","@id":"https:\/\/tibladin.dk\/#organization","name":"Tibladin","url":"https:\/\/tibladin.dk\/","logo":{"@type":"ImageObject","inLanguage":"de","@id":"https:\/\/tibladin.dk\/#\/schema\/logo\/image\/","url":"https:\/\/tibladin.dk\/wp-content\/uploads\/2022\/09\/tibladin_logo.svg","contentUrl":"https:\/\/tibladin.dk\/wp-content\/uploads\/2022\/09\/tibladin_logo.svg","caption":"Tibladin"},"image":{"@id":"https:\/\/tibladin.dk\/#\/schema\/logo\/image\/"}}]}},"_links":{"self":[{"href":"https:\/\/tibladin.dk\/de\/wp-json\/wp\/v2\/product\/36813","targetHints":{"allow":["GET"]}}],"collection":[{"href":"https:\/\/tibladin.dk\/de\/wp-json\/wp\/v2\/product"}],"about":[{"href":"https:\/\/tibladin.dk\/de\/wp-json\/wp\/v2\/types\/product"}],"wp:featuredmedia":[{"embeddable":true,"href":"https:\/\/tibladin.dk\/de\/wp-json\/wp\/v2\/media\/36814"}],"wp:attachment":[{"href":"https:\/\/tibladin.dk\/de\/wp-json\/wp\/v2\/media?parent=36813"}],"wp:term":[{"taxonomy":"product_brand","embeddable":true,"href":"https:\/\/tibladin.dk\/de\/wp-json\/wp\/v2\/product_brand?post=36813"},{"taxonomy":"product_cat","embeddable":true,"href":"https:\/\/tibladin.dk\/de\/wp-json\/wp\/v2\/product_cat?post=36813"},{"taxonomy":"product_tag","embeddable":true,"href":"https:\/\/tibladin.dk\/de\/wp-json\/wp\/v2\/product_tag?post=36813"}],"curies":[{"name":"wp","href":"https:\/\/api.w.org\/{rel}","templated":true}]}}