{"id":36854,"date":"2025-05-31T12:13:51","date_gmt":"2025-05-31T10:13:51","guid":{"rendered":"https:\/\/tibladin.dk\/?post_type=product&#038;p=36854"},"modified":"2025-06-03T11:59:49","modified_gmt":"2025-06-03T09:59:49","slug":"hemd-engel-beere_m","status":"publish","type":"product","link":"https:\/\/tibladin.dk\/de\/produkt\/skjorte-angel-berry_m\/","title":{"rendered":"Hemd ANGEL-BERRY_M"},"content":{"rendered":"<div class=\"wpb-content-wrapper\"><div class=\"vc_row wpb_row vc_row-fluid\"><div class=\"wpb_column vc_column_container vc_col-sm-4\"><div class=\"vc_column-inner\"><div class=\"wpb_wrapper\"><\/div><\/div><\/div><div class=\"wpb_column vc_column_container vc_col-sm-4\"><div class=\"vc_column-inner\"><div class=\"wpb_wrapper\"><h3 style=\"text-align: left\" class=\"vc_custom_heading vc_do_custom_heading\" >Wartung<\/h3>\n\t<div class=\"wpb_text_column wpb_content_element\" >\n\t\t<div class=\"wpb_wrapper\">\n\t\t\t<p>Die Shirts bestehen aus 100% Baumwolle und k\u00f6nnen daher bis 30 Grad in der Maschine gewaschen werden. Wir empfehlen au\u00dferdem, die Kleider bei niedrigster Temperatur zu d\u00e4mpfen\/b\u00fcgeln, um Knicke und Falten zu vermeiden.<\/p>\n\n\t\t<\/div>\n\t<\/div>\n<\/div><\/div><\/div><div class=\"wpb_column vc_column_container vc_col-sm-4\"><div class=\"vc_column-inner\"><div class=\"wpb_wrapper\"><h3 style=\"text-align: left\" class=\"vc_custom_heading vc_do_custom_heading\" >Die Geschichte dahinter<\/h3>\n\t<div class=\"wpb_text_column wpb_content_element\" >\n\t\t<div class=\"wpb_wrapper\">\n\t\t\t<p data-start=\"192\" data-end=\"371\">Geboren im Herzen von Marrakesch, wo Farben, Handwerk und Geschichte in jeder Stra\u00dfe miteinander verwoben sind, <em data-start=\"288\" data-end=\"299\">chic2luxe<\/em> eine Marke mit Wurzeln in der Tradition \u2013 und einem Blick f\u00fcr Freiheit und Stil. Virginie, die hinter dieser Marke steht, arbeitet eng mit marokkanischen Schneidern zusammen, die jede einzelne Kreation mit gro\u00dfer Liebe zu ihrem Handwerk von Hand n\u00e4hen. Aus R\u00fccksicht auf die Umwelt werden diese Kreationen nur in begrenzter St\u00fcckzahl handgen\u00e4ht und es gibt von jedem Design nur ein Exemplar. Keine Massenproduktion.<\/p>\n<p data-start=\"373\" data-end=\"695\">Hinter der Marke steht die Leidenschaft f\u00fcr pers\u00f6nliche Mode mit Seele: Kleidung, die Geschichten erz\u00e4hlt und Raum f\u00fcr allt\u00e4gliche Einblicke und vertr\u00e4umte Momente schafft.<br data-start=\"525\" data-end=\"528\" \/>Alle Styles werden mit Fokus auf Komfort, Leichtigkeit und den handgemachten Look entworfen \u2013 oft mit einem verspielten Twist wie Stickereien, Kontrasten oder \u00fcberraschenden Details.<\/p>\n<p data-start=\"697\" data-end=\"875\">Die Kollektionen werden aus leichten Naturmaterialien hergestellt und jedes St\u00fcck tr\u00e4gt einen Hauch der Energie Marrakeschs in sich \u2013 wo W\u00fcstenwind auf Souk trifft und Tradition zu etwas Neuem wird.<\/p>\n\n\t\t<\/div>\n\t<\/div>\n<\/div><\/div><\/div><\/div>\n<\/div>","protected":false},"excerpt":{"rendered":"<p data-start=\"14\" data-end=\"250\">Dieses Shirt hat mit seinen dunklen Blumenfl\u00fcgeln in Rosa- und Lilat\u00f6nen, die sich vom hellen, dezent gestreiften Hintergrund abheben, einen wundersch\u00f6nen, verspielten Look. Es f\u00fchlt sich mutig, feminin und ein wenig vertr\u00e4umt an \u2013 ein Hemd mit Charakter und Kontrast.<\/p>\n<p data-start=\"267\" data-end=\"538\">Es ist aus leichter, atmungsaktiver Baumwolle mit feinen Streifen in Wei\u00df und Altrosa gen\u00e4ht und hat einen entspannten, leicht \u00fcbergro\u00dfen Schnitt mit langen \u00c4rmeln und einem eleganten, tiefen Ausschnitt. Auf der R\u00fcckseite entfaltet sich ein Satz aufgen\u00e4hter farbiger Engelsfl\u00fcgel \u2013 mit floralen Details in Pink- und Rosat\u00f6nen, die St\u00e4rke und Anmut in Einklang bringen.<\/p>\n<p data-start=\"540\" data-end=\"618\">Perfekt f\u00fcr warme Tage, zum Schichten oder einfach, wenn Sie sich frei f\u00fchlen m\u00f6chten.<\/p>\n<p data-start=\"540\" data-end=\"618\">Das Hemd hat eine Gr\u00f6\u00dfe. Mittel, aber \u00fcbergro\u00df, passt also den meisten Gr\u00f6\u00dfen M und L. Wenn Sie eine \u00dcbergr\u00f6\u00dfe w\u00fcnschen, sehen Sie wie das Modell auf dem Bild aus, das eine Gr\u00f6\u00dfe hat. S, Sie k\u00f6nnen es auch verwenden, wenn Sie normalerweise Small verwenden. Von diesem Shirt gibt es nur 1 St\u00fcck und es ist daher nicht in mehreren Gr\u00f6\u00dfen verf\u00fcgbar.<\/p>\n<p data-start=\"540\" data-end=\"618\">MA\u00dfE: \u00c4rmell\u00e4nge 58 cm (ab Kragen) Halsausschnitt 20 cm<\/p>\n<p data-start=\"540\" data-end=\"618\">L\u00e4nge (ab Hals) 47 cm vorne und 55 cm hinten | Breite 63 cm<\/p>\n<p data-start=\"540\" data-end=\"618\">Das Modell auf dem Bild hat Gr\u00f6\u00dfe A. S<\/p>","protected":false},"featured_media":36861,"template":"","meta":{"inline_featured_image":false},"product_brand":[],"product_cat":[27,170,169],"product_tag":[],"class_list":{"0":"post-36854","1":"product","2":"type-product","3":"status-publish","4":"has-post-thumbnail","6":"product_cat-diverse","7":"product_cat-skjorter","8":"product_cat-toej","10":"first","11":"instock","12":"taxable","13":"shipping-taxable","14":"purchasable","15":"product-type-simple"},"exclude_global_add_ons":[],"addons":[],"yoast_head":"<!-- This site is optimized with the Yoast SEO plugin v27.5 - https:\/\/yoast.com\/product\/yoast-seo-wordpress\/ -->\n<title>H\u00e5ndlavet Marokkansk skjorte | Unika design | Tibladin |<\/title>\n<meta name=\"description\" content=\"Flotte h\u00e5ndsyede kjoler i 100% bomuld. Udviklet i samarbejde med dygtige designere og skr\u00e6ddere i Marrakech. Unikke og farvestr\u00e5lende materialer.\" \/>\n<meta name=\"robots\" content=\"index, follow, max-snippet:-1, max-image-preview:large, max-video-preview:-1\" \/>\n<link rel=\"canonical\" href=\"https:\/\/tibladin.dk\/de\/produkt\/hemd-engel-beere_m\/\" \/>\n<meta property=\"og:locale\" content=\"de_DE\" \/>\n<meta property=\"og:type\" content=\"article\" \/>\n<meta property=\"og:title\" content=\"H\u00e5ndlavet Marokkansk skjorte | Unika design | Tibladin |\" \/>\n<meta property=\"og:description\" content=\"Flotte h\u00e5ndsyede kjoler i 100% bomuld. Udviklet i samarbejde med dygtige designere og skr\u00e6ddere i Marrakech. Unikke og farvestr\u00e5lende materialer.\" \/>\n<meta property=\"og:url\" content=\"https:\/\/tibladin.dk\/de\/produkt\/hemd-engel-beere_m\/\" \/>\n<meta property=\"og:site_name\" content=\"Tibladin\" \/>\n<meta property=\"article:modified_time\" content=\"2025-06-03T09:59:49+00:00\" \/>\n<meta property=\"og:image\" content=\"https:\/\/tibladin.dk\/wp-content\/uploads\/2025\/05\/Skjorte_ANGEL-BERRY_M_7.jpg\" \/>\n\t<meta property=\"og:image:width\" content=\"800\" \/>\n\t<meta property=\"og:image:height\" content=\"800\" \/>\n\t<meta property=\"og:image:type\" content=\"image\/jpeg\" \/>\n<meta name=\"twitter:card\" content=\"summary_large_image\" \/>\n<meta name=\"twitter:label1\" content=\"Gesch\u00e4tzte Lesezeit\" \/>\n\t<meta name=\"twitter:data1\" content=\"2\u00a0Minuten\" \/>\n<script type=\"application\/ld+json\" class=\"yoast-schema-graph\">{\"@context\":\"https:\\\/\\\/schema.org\",\"@graph\":[{\"@type\":\"WebPage\",\"@id\":\"https:\\\/\\\/tibladin.dk\\\/produkt\\\/skjorte-angel-berry_m\\\/\",\"url\":\"https:\\\/\\\/tibladin.dk\\\/produkt\\\/skjorte-angel-berry_m\\\/\",\"name\":\"H\u00e5ndlavet Marokkansk skjorte | Unika design | Tibladin |\",\"isPartOf\":{\"@id\":\"https:\\\/\\\/tibladin.dk\\\/#website\"},\"primaryImageOfPage\":{\"@id\":\"https:\\\/\\\/tibladin.dk\\\/produkt\\\/skjorte-angel-berry_m\\\/#primaryimage\"},\"image\":{\"@id\":\"https:\\\/\\\/tibladin.dk\\\/produkt\\\/skjorte-angel-berry_m\\\/#primaryimage\"},\"thumbnailUrl\":\"https:\\\/\\\/tibladin.dk\\\/wp-content\\\/uploads\\\/2025\\\/05\\\/Skjorte_ANGEL-BERRY_M_7.jpg\",\"datePublished\":\"2025-05-31T10:13:51+00:00\",\"dateModified\":\"2025-06-03T09:59:49+00:00\",\"description\":\"Flotte h\u00e5ndsyede kjoler i 100% bomuld. Udviklet i samarbejde med dygtige designere og skr\u00e6ddere i Marrakech. Unikke og farvestr\u00e5lende materialer.\",\"breadcrumb\":{\"@id\":\"https:\\\/\\\/tibladin.dk\\\/produkt\\\/skjorte-angel-berry_m\\\/#breadcrumb\"},\"inLanguage\":\"de\",\"potentialAction\":[{\"@type\":\"ReadAction\",\"target\":[\"https:\\\/\\\/tibladin.dk\\\/produkt\\\/skjorte-angel-berry_m\\\/\"]}]},{\"@type\":\"ImageObject\",\"inLanguage\":\"de\",\"@id\":\"https:\\\/\\\/tibladin.dk\\\/produkt\\\/skjorte-angel-berry_m\\\/#primaryimage\",\"url\":\"https:\\\/\\\/tibladin.dk\\\/wp-content\\\/uploads\\\/2025\\\/05\\\/Skjorte_ANGEL-BERRY_M_7.jpg\",\"contentUrl\":\"https:\\\/\\\/tibladin.dk\\\/wp-content\\\/uploads\\\/2025\\\/05\\\/Skjorte_ANGEL-BERRY_M_7.jpg\",\"width\":800,\"height\":800,\"caption\":\"Skjorte_ANGEL BERRY_M skjorte med gammelrosa og hvide striber med lange \u00e6rmer og p\u00e5syet englevinger p\u00e5 ryggen\"},{\"@type\":\"BreadcrumbList\",\"@id\":\"https:\\\/\\\/tibladin.dk\\\/produkt\\\/skjorte-angel-berry_m\\\/#breadcrumb\",\"itemListElement\":[{\"@type\":\"ListItem\",\"position\":1,\"name\":\"Hjem\",\"item\":\"https:\\\/\\\/tibladin.dk\\\/\"},{\"@type\":\"ListItem\",\"position\":2,\"name\":\"Shop\",\"item\":\"https:\\\/\\\/tibladin.dk\\\/shop\\\/\"},{\"@type\":\"ListItem\",\"position\":3,\"name\":\"Skjorte ANGEL-BERRY_M\"}]},{\"@type\":\"WebSite\",\"@id\":\"https:\\\/\\\/tibladin.dk\\\/#website\",\"url\":\"https:\\\/\\\/tibladin.dk\\\/\",\"name\":\"Tibladin\",\"description\":\"Tibladin\",\"publisher\":{\"@id\":\"https:\\\/\\\/tibladin.dk\\\/#organization\"},\"potentialAction\":[{\"@type\":\"SearchAction\",\"target\":{\"@type\":\"EntryPoint\",\"urlTemplate\":\"https:\\\/\\\/tibladin.dk\\\/?s={search_term_string}\"},\"query-input\":{\"@type\":\"PropertyValueSpecification\",\"valueRequired\":true,\"valueName\":\"search_term_string\"}}],\"inLanguage\":\"de\"},{\"@type\":\"Organization\",\"@id\":\"https:\\\/\\\/tibladin.dk\\\/#organization\",\"name\":\"Tibladin\",\"url\":\"https:\\\/\\\/tibladin.dk\\\/\",\"logo\":{\"@type\":\"ImageObject\",\"inLanguage\":\"de\",\"@id\":\"https:\\\/\\\/tibladin.dk\\\/#\\\/schema\\\/logo\\\/image\\\/\",\"url\":\"https:\\\/\\\/tibladin.dk\\\/wp-content\\\/uploads\\\/2022\\\/09\\\/tibladin_logo.svg\",\"contentUrl\":\"https:\\\/\\\/tibladin.dk\\\/wp-content\\\/uploads\\\/2022\\\/09\\\/tibladin_logo.svg\",\"caption\":\"Tibladin\"},\"image\":{\"@id\":\"https:\\\/\\\/tibladin.dk\\\/#\\\/schema\\\/logo\\\/image\\\/\"}}]}<\/script>\n<!-- \/ Yoast SEO plugin. -->","yoast_head_json":{"title":"Handgemachtes marokkanisches Hemd | Einzigartiges Design | Tibladin |","description":"Wundersch\u00f6ne handgen\u00e4hte Kleider aus 100% Baumwolle. Entwickelt in Zusammenarbeit mit erfahrenen Designern und Schneidern in Marrakesch. Einzigartige und farbenfrohe Materialien.","robots":{"index":"index","follow":"follow","max-snippet":"max-snippet:-1","max-image-preview":"max-image-preview:large","max-video-preview":"max-video-preview:-1"},"canonical":"https:\/\/tibladin.dk\/de\/produkt\/hemd-engel-beere_m\/","og_locale":"de_DE","og_type":"article","og_title":"H\u00e5ndlavet Marokkansk skjorte | Unika design | Tibladin |","og_description":"Flotte h\u00e5ndsyede kjoler i 100% bomuld. Udviklet i samarbejde med dygtige designere og skr\u00e6ddere i Marrakech. Unikke og farvestr\u00e5lende materialer.","og_url":"https:\/\/tibladin.dk\/de\/produkt\/hemd-engel-beere_m\/","og_site_name":"Tibladin","article_modified_time":"2025-06-03T09:59:49+00:00","og_image":[{"width":800,"height":800,"url":"https:\/\/tibladin.dk\/wp-content\/uploads\/2025\/05\/Skjorte_ANGEL-BERRY_M_7.jpg","type":"image\/jpeg"}],"twitter_card":"summary_large_image","twitter_misc":{"Gesch\u00e4tzte Lesezeit":"2\u00a0Minuten"},"schema":{"@context":"https:\/\/schema.org","@graph":[{"@type":"WebPage","@id":"https:\/\/tibladin.dk\/produkt\/skjorte-angel-berry_m\/","url":"https:\/\/tibladin.dk\/produkt\/skjorte-angel-berry_m\/","name":"Handgemachtes marokkanisches Hemd | Einzigartiges Design | Tibladin |","isPartOf":{"@id":"https:\/\/tibladin.dk\/#website"},"primaryImageOfPage":{"@id":"https:\/\/tibladin.dk\/produkt\/skjorte-angel-berry_m\/#primaryimage"},"image":{"@id":"https:\/\/tibladin.dk\/produkt\/skjorte-angel-berry_m\/#primaryimage"},"thumbnailUrl":"https:\/\/tibladin.dk\/wp-content\/uploads\/2025\/05\/Skjorte_ANGEL-BERRY_M_7.jpg","datePublished":"2025-05-31T10:13:51+00:00","dateModified":"2025-06-03T09:59:49+00:00","description":"Wundersch\u00f6ne handgen\u00e4hte Kleider aus 100% Baumwolle. Entwickelt in Zusammenarbeit mit erfahrenen Designern und Schneidern in Marrakesch. Einzigartige und farbenfrohe Materialien.","breadcrumb":{"@id":"https:\/\/tibladin.dk\/produkt\/skjorte-angel-berry_m\/#breadcrumb"},"inLanguage":"de","potentialAction":[{"@type":"ReadAction","target":["https:\/\/tibladin.dk\/produkt\/skjorte-angel-berry_m\/"]}]},{"@type":"ImageObject","inLanguage":"de","@id":"https:\/\/tibladin.dk\/produkt\/skjorte-angel-berry_m\/#primaryimage","url":"https:\/\/tibladin.dk\/wp-content\/uploads\/2025\/05\/Skjorte_ANGEL-BERRY_M_7.jpg","contentUrl":"https:\/\/tibladin.dk\/wp-content\/uploads\/2025\/05\/Skjorte_ANGEL-BERRY_M_7.jpg","width":800,"height":800,"caption":"Skjorte_ANGEL BERRY_M skjorte med gammelrosa og hvide striber med lange \u00e6rmer og p\u00e5syet englevinger p\u00e5 ryggen"},{"@type":"BreadcrumbList","@id":"https:\/\/tibladin.dk\/produkt\/skjorte-angel-berry_m\/#breadcrumb","itemListElement":[{"@type":"ListItem","position":1,"name":"Hjem","item":"https:\/\/tibladin.dk\/"},{"@type":"ListItem","position":2,"name":"Shop","item":"https:\/\/tibladin.dk\/shop\/"},{"@type":"ListItem","position":3,"name":"Skjorte ANGEL-BERRY_M"}]},{"@type":"WebSite","@id":"https:\/\/tibladin.dk\/#website","url":"https:\/\/tibladin.dk\/","name":"Tibladin","description":"Tibladin","publisher":{"@id":"https:\/\/tibladin.dk\/#organization"},"potentialAction":[{"@type":"SearchAction","target":{"@type":"EntryPoint","urlTemplate":"https:\/\/tibladin.dk\/?s={search_term_string}"},"query-input":{"@type":"PropertyValueSpecification","valueRequired":true,"valueName":"search_term_string"}}],"inLanguage":"de"},{"@type":"Organization","@id":"https:\/\/tibladin.dk\/#organization","name":"Tibladin","url":"https:\/\/tibladin.dk\/","logo":{"@type":"ImageObject","inLanguage":"de","@id":"https:\/\/tibladin.dk\/#\/schema\/logo\/image\/","url":"https:\/\/tibladin.dk\/wp-content\/uploads\/2022\/09\/tibladin_logo.svg","contentUrl":"https:\/\/tibladin.dk\/wp-content\/uploads\/2022\/09\/tibladin_logo.svg","caption":"Tibladin"},"image":{"@id":"https:\/\/tibladin.dk\/#\/schema\/logo\/image\/"}}]}},"_links":{"self":[{"href":"https:\/\/tibladin.dk\/de\/wp-json\/wp\/v2\/product\/36854","targetHints":{"allow":["GET"]}}],"collection":[{"href":"https:\/\/tibladin.dk\/de\/wp-json\/wp\/v2\/product"}],"about":[{"href":"https:\/\/tibladin.dk\/de\/wp-json\/wp\/v2\/types\/product"}],"wp:featuredmedia":[{"embeddable":true,"href":"https:\/\/tibladin.dk\/de\/wp-json\/wp\/v2\/media\/36861"}],"wp:attachment":[{"href":"https:\/\/tibladin.dk\/de\/wp-json\/wp\/v2\/media?parent=36854"}],"wp:term":[{"taxonomy":"product_brand","embeddable":true,"href":"https:\/\/tibladin.dk\/de\/wp-json\/wp\/v2\/product_brand?post=36854"},{"taxonomy":"product_cat","embeddable":true,"href":"https:\/\/tibladin.dk\/de\/wp-json\/wp\/v2\/product_cat?post=36854"},{"taxonomy":"product_tag","embeddable":true,"href":"https:\/\/tibladin.dk\/de\/wp-json\/wp\/v2\/product_tag?post=36854"}],"curies":[{"name":"wp","href":"https:\/\/api.w.org\/{rel}","templated":true}]}}